{"id":13091,"date":"2018-08-06T12:30:35","date_gmt":"2018-08-06T09:30:35","guid":{"rendered":"https:\/\/saumaustarvike.fi\/verkkokauppa\/?page_id=13091"},"modified":"2022-12-21T20:46:53","modified_gmt":"2022-12-21T18:46:53","slug":"kanta-asiakasohjelma","status":"publish","type":"page","link":"https:\/\/saumaustarvike.fi\/verkkokauppa\/kanta-asiakasohjelma\/","title":{"rendered":"Kanta-asiakasohjelma"},"content":{"rendered":"<h2>Rekister\u00f6ityminen ja kanta-asiakasohjelma<\/h2>\n<p>K\u00e4ytt\u00e4j\u00e4 rekister\u00f6ityy Saumaustarvike.fi verkkopalvelun K\u00e4ytt\u00e4j\u00e4ksi Minun tili sivulla tai tilauksen teon yhteydess\u00e4. K\u00e4ytt\u00e4j\u00e4 voi my\u00f6s k\u00e4ytt\u00e4\u00e4 Palvelua ilman rekister\u00f6itymist\u00e4.<\/p>\n<p>Ainoastaan suomessa\u00a0toimiva yritys (suomalainen y-tunnus) voi rekister\u00f6ity\u00e4 sivuilla K\u00e4ytt\u00e4j\u00e4ksi.<\/p>\n<p>Sivustolla on k\u00e4yt\u00f6ss\u00e4 kanta-asiakasohjelma. Kanta-asiakasohjelmaa on ainoastaan mahdollista hy\u00f6dynt\u00e4\u00e4 rekister\u00f6itym\u00e4ll\u00e4 K\u00e4ytt\u00e4j\u00e4ksi.<\/p>\n<ul>\n<li><strong><span style=\"color: #ff0000;\">-5 %\u00a0\u00a0<\/span><\/strong>kun kertaosto on yli 1000 \u20ac tai ostojen m\u00e4\u00e4r\u00e4 viimeisen 12 kk aikana on yli 1000 \u20ac.<\/li>\n<li><strong><span style=\"color: #ff0000;\">-10%\u00a0\u00a0<\/span><\/strong>kun kertaosto on yli 2500 \u20ac tai ostojen m\u00e4\u00e4r\u00e4 viimeisen 12 kk aikana on yli 2500 \u20ac.<\/li>\n<li><strong><span style=\"color: #ff0000;\">-15 %\u00a0\u00a0<\/span><\/strong>kun kertaosto on yli 5000 \u20ac tai ostojen m\u00e4\u00e4r\u00e4 viimeisen 12 kk aikana on yli 5000 \u20ac.<\/li>\n<\/ul>\n<p>Sis\u00e4\u00e4nkirjautuneelle ensiostajalle (ostohistoria 12 kuukaudelta 0\u20ac) annetaan kassalla<br \/>\n<strong><span style=\"color: #ff0000;\">-5%<\/span><\/strong>, jos ostoskorin summa 1000 &#8211; 2499,99 \u20ac<br \/>\n<strong><span style=\"color: #ff0000;\">-10%<\/span><\/strong>, jos ostoskorin summa 2500 &#8211; 4999,99 \u20ac<br \/>\n<strong><span style=\"color: #ff0000;\">-15%<\/span><\/strong>, jos ostoskorin summa 5000 \u20ac -&gt;<\/p>\n<p>Rekister\u00f6ityminen on maksutonta.<\/p>\n<p>Palvelun tarjoaja voi halutessaan ev\u00e4t\u00e4 rekister\u00f6itymisen.<\/p>\n<h3>Yritykselle maksuaikaa 21 pv<\/h3>\n<p>Vastaanotat laskun verkkolaskuna tai s\u00e4hk\u00f6postilla. Maksu er\u00e4p\u00e4iv\u00e4\u00e4n menness\u00e4.<\/p>\n<p>Yritysasiakkaille 21 pv maksuaika. HUOM! Edellytt\u00e4\u00e4 hyv\u00e4ksytty\u00e4 tilisopimusta. Ennen ensimm\u00e4ist\u00e4 tilausta, ole yhteydess\u00e4 yhteydess\u00e4 <a href=\"mailto:saumaustarvike@saumalaakso.fi\">saumaustarvike@saumalaakso.fi<\/a> tai <a href=\"tel: 0102097500\">010 209 7500 <\/a>. Emme luotota yksityisasiakkaita. Yksityisasiakkaat saavat laskulle maksuaikaa k\u00e4ytt\u00e4m\u00e4ll\u00e4\u00a0Maksukaista Lasku -palvelua tai muuta Payformin yhteisty\u00f6kumppania, jotka on lueteltu ylemp\u00e4n\u00e4.<\/p>\n<p>Lue: <a href=\"https:\/\/saumaustarvike.fi\/verkkokauppa\/tilaus-ja-sopimusehdot\/\" target=\"_blank\" rel=\"noopener noreferrer\">Tilaus- ja sopimusehdot<\/a><\/p>\n","protected":false},"excerpt":{"rendered":"<p>Rekister\u00f6ityminen ja kanta-asiakasohjelma K\u00e4ytt\u00e4j\u00e4 rekister\u00f6ityy Saumaustarvike.fi verkkopalvelun K\u00e4ytt\u00e4j\u00e4ksi Minun tili sivulla tai tilauksen teon yhteydess\u00e4. K\u00e4ytt\u00e4j\u00e4 voi my\u00f6s k\u00e4ytt\u00e4\u00e4 Palvelua ilman rekister\u00f6itymist\u00e4. Ainoastaan suomessa\u00a0toimiva yritys (suomalainen y-tunnus) voi rekister\u00f6ity\u00e4 sivuilla K\u00e4ytt\u00e4j\u00e4ksi. Sivustolla on k\u00e4yt\u00f6ss\u00e4 kanta-asiakasohjelma. Kanta-asiakasohjelmaa on ainoastaan mahdollista hy\u00f6dynt\u00e4\u00e4 rekister\u00f6itym\u00e4ll\u00e4 K\u00e4ytt\u00e4j\u00e4ksi. -5 %\u00a0\u00a0kun kertaosto on yli 1000 \u20ac tai ostojen m\u00e4\u00e4r\u00e4 viimeisen 12 kk [&hellip;]<\/p>\n","protected":false},"author":1,"featured_media":0,"parent":0,"menu_order":0,"comment_status":"closed","ping_status":"closed","template":"","meta":{"_acf_changed":false,"footnotes":""},"class_list":["post-13091","page","type-page","status-publish","hentry"],"acf":[],"yoast_head":"<!-- This site is optimized with the Yoast SEO plugin v27.5 - https:\/\/yoast.com\/product\/yoast-seo-wordpress\/ -->\n<title>Kanta-asiakasohjelma - Saumaustarvike.fi<\/title>\n<meta name=\"robots\" content=\"index, follow, max-snippet:-1, max-image-preview:large, max-video-preview:-1\" \/>\n<link rel=\"canonical\" href=\"https:\/\/saumaustarvike.fi\/verkkokauppa\/kanta-asiakasohjelma\/\" \/>\n<meta property=\"og:locale\" content=\"fi_FI\" \/>\n<meta property=\"og:type\" content=\"article\" \/>\n<meta property=\"og:title\" content=\"Kanta-asiakasohjelma - Saumaustarvike.fi\" \/>\n<meta property=\"og:description\" content=\"Rekister\u00f6ityminen ja kanta-asiakasohjelma K\u00e4ytt\u00e4j\u00e4 rekister\u00f6ityy Saumaustarvike.fi verkkopalvelun K\u00e4ytt\u00e4j\u00e4ksi Minun tili sivulla tai tilauksen teon yhteydess\u00e4. K\u00e4ytt\u00e4j\u00e4 voi my\u00f6s k\u00e4ytt\u00e4\u00e4 Palvelua ilman rekister\u00f6itymist\u00e4. Ainoastaan suomessa\u00a0toimiva yritys (suomalainen y-tunnus) voi rekister\u00f6ity\u00e4 sivuilla K\u00e4ytt\u00e4j\u00e4ksi. Sivustolla on k\u00e4yt\u00f6ss\u00e4 kanta-asiakasohjelma. Kanta-asiakasohjelmaa on ainoastaan mahdollista hy\u00f6dynt\u00e4\u00e4 rekister\u00f6itym\u00e4ll\u00e4 K\u00e4ytt\u00e4j\u00e4ksi. -5 %\u00a0\u00a0kun kertaosto on yli 1000 \u20ac tai ostojen m\u00e4\u00e4r\u00e4 viimeisen 12 kk [&hellip;]\" \/>\n<meta property=\"og:url\" content=\"https:\/\/saumaustarvike.fi\/verkkokauppa\/kanta-asiakasohjelma\/\" \/>\n<meta property=\"og:site_name\" content=\"Saumaustarvike.fi\" \/>\n<meta property=\"article:publisher\" content=\"https:\/\/www.facebook.com\/Saumalaakso\" \/>\n<meta property=\"article:modified_time\" content=\"2022-12-21T18:46:53+00:00\" \/>\n<meta name=\"twitter:label1\" content=\"Arvioitu lukuaika\" \/>\n\t<meta name=\"twitter:data1\" content=\"2 minuuttia\" \/>\n<script type=\"application\/ld+json\" class=\"yoast-schema-graph\">{\"@context\":\"https:\\\/\\\/schema.org\",\"@graph\":[{\"@type\":\"WebPage\",\"@id\":\"https:\\\/\\\/saumaustarvike.fi\\\/verkkokauppa\\\/kanta-asiakasohjelma\\\/\",\"url\":\"https:\\\/\\\/saumaustarvike.fi\\\/verkkokauppa\\\/kanta-asiakasohjelma\\\/\",\"name\":\"Kanta-asiakasohjelma - Saumaustarvike.fi\",\"isPartOf\":{\"@id\":\"https:\\\/\\\/saumaustarvike.fi\\\/verkkokauppa\\\/#website\"},\"datePublished\":\"2018-08-06T09:30:35+00:00\",\"dateModified\":\"2022-12-21T18:46:53+00:00\",\"breadcrumb\":{\"@id\":\"https:\\\/\\\/saumaustarvike.fi\\\/verkkokauppa\\\/kanta-asiakasohjelma\\\/#breadcrumb\"},\"inLanguage\":\"fi\",\"potentialAction\":[{\"@type\":\"ReadAction\",\"target\":[\"https:\\\/\\\/saumaustarvike.fi\\\/verkkokauppa\\\/kanta-asiakasohjelma\\\/\"]}]},{\"@type\":\"BreadcrumbList\",\"@id\":\"https:\\\/\\\/saumaustarvike.fi\\\/verkkokauppa\\\/kanta-asiakasohjelma\\\/#breadcrumb\",\"itemListElement\":[{\"@type\":\"ListItem\",\"position\":1,\"name\":\"Home\",\"item\":\"https:\\\/\\\/saumaustarvike.fi\\\/verkkokauppa\\\/\"},{\"@type\":\"ListItem\",\"position\":2,\"name\":\"Kanta-asiakasohjelma\"}]},{\"@type\":\"WebSite\",\"@id\":\"https:\\\/\\\/saumaustarvike.fi\\\/verkkokauppa\\\/#website\",\"url\":\"https:\\\/\\\/saumaustarvike.fi\\\/verkkokauppa\\\/\",\"name\":\"Saumaustarvike.fi\",\"description\":\"Saumausmassat, tarvikkeet ja ty&ouml;kalut\",\"publisher\":{\"@id\":\"https:\\\/\\\/saumaustarvike.fi\\\/verkkokauppa\\\/#organization\"},\"potentialAction\":[{\"@type\":\"SearchAction\",\"target\":{\"@type\":\"EntryPoint\",\"urlTemplate\":\"https:\\\/\\\/saumaustarvike.fi\\\/verkkokauppa\\\/?s={search_term_string}\"},\"query-input\":{\"@type\":\"PropertyValueSpecification\",\"valueRequired\":true,\"valueName\":\"search_term_string\"}}],\"inLanguage\":\"fi\"},{\"@type\":\"Organization\",\"@id\":\"https:\\\/\\\/saumaustarvike.fi\\\/verkkokauppa\\\/#organization\",\"name\":\"Saumaustarvike.fi\",\"url\":\"https:\\\/\\\/saumaustarvike.fi\\\/verkkokauppa\\\/\",\"logo\":{\"@type\":\"ImageObject\",\"inLanguage\":\"fi\",\"@id\":\"https:\\\/\\\/saumaustarvike.fi\\\/verkkokauppa\\\/#\\\/schema\\\/logo\\\/image\\\/\",\"url\":\"https:\\\/\\\/saumaustarvike.fi\\\/verkkokauppa\\\/wp-content\\\/uploads\\\/2019\\\/02\\\/logo.png\",\"contentUrl\":\"https:\\\/\\\/saumaustarvike.fi\\\/verkkokauppa\\\/wp-content\\\/uploads\\\/2019\\\/02\\\/logo.png\",\"width\":806,\"height\":150,\"caption\":\"Saumaustarvike.fi\"},\"image\":{\"@id\":\"https:\\\/\\\/saumaustarvike.fi\\\/verkkokauppa\\\/#\\\/schema\\\/logo\\\/image\\\/\"},\"sameAs\":[\"https:\\\/\\\/www.facebook.com\\\/Saumalaakso\"]}]}<\/script>\n<!-- \/ Yoast SEO plugin. -->","yoast_head_json":{"title":"Kanta-asiakasohjelma - Saumaustarvike.fi","robots":{"index":"index","follow":"follow","max-snippet":"max-snippet:-1","max-image-preview":"max-image-preview:large","max-video-preview":"max-video-preview:-1"},"canonical":"https:\/\/saumaustarvike.fi\/verkkokauppa\/kanta-asiakasohjelma\/","og_locale":"fi_FI","og_type":"article","og_title":"Kanta-asiakasohjelma - Saumaustarvike.fi","og_description":"Rekister\u00f6ityminen ja kanta-asiakasohjelma K\u00e4ytt\u00e4j\u00e4 rekister\u00f6ityy Saumaustarvike.fi verkkopalvelun K\u00e4ytt\u00e4j\u00e4ksi Minun tili sivulla tai tilauksen teon yhteydess\u00e4. K\u00e4ytt\u00e4j\u00e4 voi my\u00f6s k\u00e4ytt\u00e4\u00e4 Palvelua ilman rekister\u00f6itymist\u00e4. Ainoastaan suomessa\u00a0toimiva yritys (suomalainen y-tunnus) voi rekister\u00f6ity\u00e4 sivuilla K\u00e4ytt\u00e4j\u00e4ksi. Sivustolla on k\u00e4yt\u00f6ss\u00e4 kanta-asiakasohjelma. Kanta-asiakasohjelmaa on ainoastaan mahdollista hy\u00f6dynt\u00e4\u00e4 rekister\u00f6itym\u00e4ll\u00e4 K\u00e4ytt\u00e4j\u00e4ksi. -5 %\u00a0\u00a0kun kertaosto on yli 1000 \u20ac tai ostojen m\u00e4\u00e4r\u00e4 viimeisen 12 kk [&hellip;]","og_url":"https:\/\/saumaustarvike.fi\/verkkokauppa\/kanta-asiakasohjelma\/","og_site_name":"Saumaustarvike.fi","article_publisher":"https:\/\/www.facebook.com\/Saumalaakso","article_modified_time":"2022-12-21T18:46:53+00:00","twitter_misc":{"Arvioitu lukuaika":"2 minuuttia"},"schema":{"@context":"https:\/\/schema.org","@graph":[{"@type":"WebPage","@id":"https:\/\/saumaustarvike.fi\/verkkokauppa\/kanta-asiakasohjelma\/","url":"https:\/\/saumaustarvike.fi\/verkkokauppa\/kanta-asiakasohjelma\/","name":"Kanta-asiakasohjelma - Saumaustarvike.fi","isPartOf":{"@id":"https:\/\/saumaustarvike.fi\/verkkokauppa\/#website"},"datePublished":"2018-08-06T09:30:35+00:00","dateModified":"2022-12-21T18:46:53+00:00","breadcrumb":{"@id":"https:\/\/saumaustarvike.fi\/verkkokauppa\/kanta-asiakasohjelma\/#breadcrumb"},"inLanguage":"fi","potentialAction":[{"@type":"ReadAction","target":["https:\/\/saumaustarvike.fi\/verkkokauppa\/kanta-asiakasohjelma\/"]}]},{"@type":"BreadcrumbList","@id":"https:\/\/saumaustarvike.fi\/verkkokauppa\/kanta-asiakasohjelma\/#breadcrumb","itemListElement":[{"@type":"ListItem","position":1,"name":"Home","item":"https:\/\/saumaustarvike.fi\/verkkokauppa\/"},{"@type":"ListItem","position":2,"name":"Kanta-asiakasohjelma"}]},{"@type":"WebSite","@id":"https:\/\/saumaustarvike.fi\/verkkokauppa\/#website","url":"https:\/\/saumaustarvike.fi\/verkkokauppa\/","name":"Saumaustarvike.fi","description":"Saumausmassat, tarvikkeet ja ty&ouml;kalut","publisher":{"@id":"https:\/\/saumaustarvike.fi\/verkkokauppa\/#organization"},"potentialAction":[{"@type":"SearchAction","target":{"@type":"EntryPoint","urlTemplate":"https:\/\/saumaustarvike.fi\/verkkokauppa\/?s={search_term_string}"},"query-input":{"@type":"PropertyValueSpecification","valueRequired":true,"valueName":"search_term_string"}}],"inLanguage":"fi"},{"@type":"Organization","@id":"https:\/\/saumaustarvike.fi\/verkkokauppa\/#organization","name":"Saumaustarvike.fi","url":"https:\/\/saumaustarvike.fi\/verkkokauppa\/","logo":{"@type":"ImageObject","inLanguage":"fi","@id":"https:\/\/saumaustarvike.fi\/verkkokauppa\/#\/schema\/logo\/image\/","url":"https:\/\/saumaustarvike.fi\/verkkokauppa\/wp-content\/uploads\/2019\/02\/logo.png","contentUrl":"https:\/\/saumaustarvike.fi\/verkkokauppa\/wp-content\/uploads\/2019\/02\/logo.png","width":806,"height":150,"caption":"Saumaustarvike.fi"},"image":{"@id":"https:\/\/saumaustarvike.fi\/verkkokauppa\/#\/schema\/logo\/image\/"},"sameAs":["https:\/\/www.facebook.com\/Saumalaakso"]}]}},"jetpack_sharing_enabled":true,"_links":{"self":[{"href":"https:\/\/saumaustarvike.fi\/verkkokauppa\/wp-json\/wp\/v2\/pages\/13091","targetHints":{"allow":["GET"]}}],"collection":[{"href":"https:\/\/saumaustarvike.fi\/verkkokauppa\/wp-json\/wp\/v2\/pages"}],"about":[{"href":"https:\/\/saumaustarvike.fi\/verkkokauppa\/wp-json\/wp\/v2\/types\/page"}],"author":[{"embeddable":true,"href":"https:\/\/saumaustarvike.fi\/verkkokauppa\/wp-json\/wp\/v2\/users\/1"}],"replies":[{"embeddable":true,"href":"https:\/\/saumaustarvike.fi\/verkkokauppa\/wp-json\/wp\/v2\/comments?post=13091"}],"version-history":[{"count":4,"href":"https:\/\/saumaustarvike.fi\/verkkokauppa\/wp-json\/wp\/v2\/pages\/13091\/revisions"}],"predecessor-version":[{"id":17137,"href":"https:\/\/saumaustarvike.fi\/verkkokauppa\/wp-json\/wp\/v2\/pages\/13091\/revisions\/17137"}],"wp:attachment":[{"href":"https:\/\/saumaustarvike.fi\/verkkokauppa\/wp-json\/wp\/v2\/media?parent=13091"}],"curies":[{"name":"wp","href":"https:\/\/api.w.org\/{rel}","templated":true}]}}