{"id":8091,"date":"2015-11-07T18:46:06","date_gmt":"2015-11-07T16:46:06","guid":{"rendered":"https:\/\/saumaustarvike.fi\/verkkokauppa\/?page_id=8091"},"modified":"2018-03-03T12:03:16","modified_gmt":"2018-03-03T10:03:16","slug":"tietoa-evasteista","status":"publish","type":"page","link":"https:\/\/saumaustarvike.fi\/verkkokauppa\/tietoa-evasteista\/","title":{"rendered":"Tietoa ev\u00e4steist\u00e4"},"content":{"rendered":"<p>Tietoa ev\u00e4steist\u00e4 &#8211; <strong>T\u00e4m\u00e4 ilmoitus pit\u00e4\u00e4 olla sivustolla EU s\u00e4\u00e4d\u00f6sten my\u00f6t\u00e4.<\/strong><\/p>\n<p>Sivuston omistaa\u00a0Saumalaakso Oy, K\u00e4\u00e4p\u00e4tie 7, 00760 Helsinki<\/p>\n<p>1. T\u00e4m\u00e4 sivusto sis\u00e4lt\u00e4\u00e4 ev\u00e4steit\u00e4.<\/p>\n<p>2. Ev\u00e4ste on pieni tekstitiedosto, joka tallennetaan k\u00e4ytt\u00e4j\u00e4n tietokoneelle, jolloin sivusto tiet\u00e4\u00e4 k\u00e4ytt\u00e4j\u00e4n vierailleen sivustolla aiemmin, kun h\u00e4n vierailee sill\u00e4 seuraavan kerran. Tekstitiedosto sis\u00e4lt\u00e4\u00e4 tietoa, ja sit\u00e4 k\u00e4ytet\u00e4\u00e4n sivuston k\u00e4yt\u00f6n helpottamiseksi. Ev\u00e4ste ei tunnista itse k\u00e4ytt\u00e4j\u00e4\u00e4 vaan vain verkkoselaimen, joka on asennettu tietokoneelle ja jota k\u00e4ytet\u00e4\u00e4n sivustolla vierailuun. Ev\u00e4ste ei sis\u00e4ll\u00e4 virusta, eik\u00e4 se ole haitallinen.<\/p>\n<p>3. Sivuston ev\u00e4steit\u00e4 k\u00e4ytet\u00e4\u00e4n Google display- ja hakuverkostojen uudelleen markkinoinnissa, Facebookin, Sanoma Median, Bing hakukoneen, Aller Median, sek\u00e4 mahdollisesti muiden vastaavien palveluntarjoajien sivustoilla uudelleenmarkkinoinnissa.<\/p>\n<p>4. Jos et halua hyv\u00e4ksy\u00e4 ev\u00e4steit\u00e4, voit muuttaa asetuksia verkkoselaimesi turvallisuusasetuksissa.\u00a0Ev\u00e4steiden est\u00e4minen saattaa aiheuttaa, ett\u00e4 kaikki toiminnot eiv\u00e4t ole k\u00e4yt\u00f6ss\u00e4 sivustolla.<\/p>\n<p>Lis\u00e4tietoja ev\u00e4steit\u00e4 l\u00f6ytyy Viestint\u00e4viraston sivuilta:<br \/>\n<a href=\"https:\/\/www.viestintavirasto.fi\/kyberturvallisuus\/palveluidenturvallinenkaytto\/evasteet.html\" target=\"_blank\" rel=\"noopener\">https:\/\/www.viestintavirasto.fi\/kyberturvallisuus\/palveluidenturvallinenkaytto\/evasteet.html<\/a><\/p>\n","protected":false},"excerpt":{"rendered":"<p>Tietoa ev\u00e4steist\u00e4 &#8211; T\u00e4m\u00e4 ilmoitus pit\u00e4\u00e4 olla sivustolla EU s\u00e4\u00e4d\u00f6sten my\u00f6t\u00e4. Sivuston omistaa\u00a0Saumalaakso Oy, K\u00e4\u00e4p\u00e4tie 7, 00760 Helsinki 1. T\u00e4m\u00e4 sivusto sis\u00e4lt\u00e4\u00e4 ev\u00e4steit\u00e4. 2. Ev\u00e4ste on pieni tekstitiedosto, joka tallennetaan k\u00e4ytt\u00e4j\u00e4n tietokoneelle, jolloin sivusto tiet\u00e4\u00e4 k\u00e4ytt\u00e4j\u00e4n vierailleen sivustolla aiemmin, kun h\u00e4n vierailee sill\u00e4 seuraavan kerran. Tekstitiedosto sis\u00e4lt\u00e4\u00e4 tietoa, ja sit\u00e4 k\u00e4ytet\u00e4\u00e4n sivuston k\u00e4yt\u00f6n helpottamiseksi. Ev\u00e4ste [&hellip;]<\/p>\n","protected":false},"author":1,"featured_media":0,"parent":0,"menu_order":0,"comment_status":"closed","ping_status":"closed","template":"","meta":{"_acf_changed":false,"footnotes":""},"class_list":["post-8091","page","type-page","status-publish","hentry"],"acf":[],"yoast_head":"<!-- This site is optimized with the Yoast SEO plugin v27.5 - https:\/\/yoast.com\/product\/yoast-seo-wordpress\/ -->\n<title>Tietoa ev\u00e4steist\u00e4 - Saumaustarvike.fi<\/title>\n<meta name=\"robots\" content=\"index, follow, max-snippet:-1, max-image-preview:large, max-video-preview:-1\" \/>\n<link rel=\"canonical\" href=\"https:\/\/saumaustarvike.fi\/verkkokauppa\/tietoa-evasteista\/\" \/>\n<meta property=\"og:locale\" content=\"fi_FI\" \/>\n<meta property=\"og:type\" content=\"article\" \/>\n<meta property=\"og:title\" content=\"Tietoa ev\u00e4steist\u00e4 - Saumaustarvike.fi\" \/>\n<meta property=\"og:description\" content=\"Tietoa ev\u00e4steist\u00e4 &#8211; T\u00e4m\u00e4 ilmoitus pit\u00e4\u00e4 olla sivustolla EU s\u00e4\u00e4d\u00f6sten my\u00f6t\u00e4. Sivuston omistaa\u00a0Saumalaakso Oy, K\u00e4\u00e4p\u00e4tie 7, 00760 Helsinki 1. T\u00e4m\u00e4 sivusto sis\u00e4lt\u00e4\u00e4 ev\u00e4steit\u00e4. 2. Ev\u00e4ste on pieni tekstitiedosto, joka tallennetaan k\u00e4ytt\u00e4j\u00e4n tietokoneelle, jolloin sivusto tiet\u00e4\u00e4 k\u00e4ytt\u00e4j\u00e4n vierailleen sivustolla aiemmin, kun h\u00e4n vierailee sill\u00e4 seuraavan kerran. Tekstitiedosto sis\u00e4lt\u00e4\u00e4 tietoa, ja sit\u00e4 k\u00e4ytet\u00e4\u00e4n sivuston k\u00e4yt\u00f6n helpottamiseksi. Ev\u00e4ste [&hellip;]\" \/>\n<meta property=\"og:url\" content=\"https:\/\/saumaustarvike.fi\/verkkokauppa\/tietoa-evasteista\/\" \/>\n<meta property=\"og:site_name\" content=\"Saumaustarvike.fi\" \/>\n<meta property=\"article:publisher\" content=\"https:\/\/www.facebook.com\/Saumalaakso\" \/>\n<meta property=\"article:modified_time\" content=\"2018-03-03T10:03:16+00:00\" \/>\n<meta name=\"twitter:label1\" content=\"Arvioitu lukuaika\" \/>\n\t<meta name=\"twitter:data1\" content=\"1 minuutti\" \/>\n<script type=\"application\/ld+json\" class=\"yoast-schema-graph\">{\"@context\":\"https:\\\/\\\/schema.org\",\"@graph\":[{\"@type\":\"WebPage\",\"@id\":\"https:\\\/\\\/saumaustarvike.fi\\\/verkkokauppa\\\/tietoa-evasteista\\\/\",\"url\":\"https:\\\/\\\/saumaustarvike.fi\\\/verkkokauppa\\\/tietoa-evasteista\\\/\",\"name\":\"Tietoa ev\u00e4steist\u00e4 - Saumaustarvike.fi\",\"isPartOf\":{\"@id\":\"https:\\\/\\\/saumaustarvike.fi\\\/verkkokauppa\\\/#website\"},\"datePublished\":\"2015-11-07T16:46:06+00:00\",\"dateModified\":\"2018-03-03T10:03:16+00:00\",\"breadcrumb\":{\"@id\":\"https:\\\/\\\/saumaustarvike.fi\\\/verkkokauppa\\\/tietoa-evasteista\\\/#breadcrumb\"},\"inLanguage\":\"fi\",\"potentialAction\":[{\"@type\":\"ReadAction\",\"target\":[\"https:\\\/\\\/saumaustarvike.fi\\\/verkkokauppa\\\/tietoa-evasteista\\\/\"]}]},{\"@type\":\"BreadcrumbList\",\"@id\":\"https:\\\/\\\/saumaustarvike.fi\\\/verkkokauppa\\\/tietoa-evasteista\\\/#breadcrumb\",\"itemListElement\":[{\"@type\":\"ListItem\",\"position\":1,\"name\":\"Home\",\"item\":\"https:\\\/\\\/saumaustarvike.fi\\\/verkkokauppa\\\/\"},{\"@type\":\"ListItem\",\"position\":2,\"name\":\"Tietoa ev\u00e4steist\u00e4\"}]},{\"@type\":\"WebSite\",\"@id\":\"https:\\\/\\\/saumaustarvike.fi\\\/verkkokauppa\\\/#website\",\"url\":\"https:\\\/\\\/saumaustarvike.fi\\\/verkkokauppa\\\/\",\"name\":\"Saumaustarvike.fi\",\"description\":\"Saumausmassat, tarvikkeet ja ty&ouml;kalut\",\"publisher\":{\"@id\":\"https:\\\/\\\/saumaustarvike.fi\\\/verkkokauppa\\\/#organization\"},\"potentialAction\":[{\"@type\":\"SearchAction\",\"target\":{\"@type\":\"EntryPoint\",\"urlTemplate\":\"https:\\\/\\\/saumaustarvike.fi\\\/verkkokauppa\\\/?s={search_term_string}\"},\"query-input\":{\"@type\":\"PropertyValueSpecification\",\"valueRequired\":true,\"valueName\":\"search_term_string\"}}],\"inLanguage\":\"fi\"},{\"@type\":\"Organization\",\"@id\":\"https:\\\/\\\/saumaustarvike.fi\\\/verkkokauppa\\\/#organization\",\"name\":\"Saumaustarvike.fi\",\"url\":\"https:\\\/\\\/saumaustarvike.fi\\\/verkkokauppa\\\/\",\"logo\":{\"@type\":\"ImageObject\",\"inLanguage\":\"fi\",\"@id\":\"https:\\\/\\\/saumaustarvike.fi\\\/verkkokauppa\\\/#\\\/schema\\\/logo\\\/image\\\/\",\"url\":\"https:\\\/\\\/saumaustarvike.fi\\\/verkkokauppa\\\/wp-content\\\/uploads\\\/2019\\\/02\\\/logo.png\",\"contentUrl\":\"https:\\\/\\\/saumaustarvike.fi\\\/verkkokauppa\\\/wp-content\\\/uploads\\\/2019\\\/02\\\/logo.png\",\"width\":806,\"height\":150,\"caption\":\"Saumaustarvike.fi\"},\"image\":{\"@id\":\"https:\\\/\\\/saumaustarvike.fi\\\/verkkokauppa\\\/#\\\/schema\\\/logo\\\/image\\\/\"},\"sameAs\":[\"https:\\\/\\\/www.facebook.com\\\/Saumalaakso\"]}]}<\/script>\n<!-- \/ Yoast SEO plugin. -->","yoast_head_json":{"title":"Tietoa ev\u00e4steist\u00e4 - Saumaustarvike.fi","robots":{"index":"index","follow":"follow","max-snippet":"max-snippet:-1","max-image-preview":"max-image-preview:large","max-video-preview":"max-video-preview:-1"},"canonical":"https:\/\/saumaustarvike.fi\/verkkokauppa\/tietoa-evasteista\/","og_locale":"fi_FI","og_type":"article","og_title":"Tietoa ev\u00e4steist\u00e4 - Saumaustarvike.fi","og_description":"Tietoa ev\u00e4steist\u00e4 &#8211; T\u00e4m\u00e4 ilmoitus pit\u00e4\u00e4 olla sivustolla EU s\u00e4\u00e4d\u00f6sten my\u00f6t\u00e4. Sivuston omistaa\u00a0Saumalaakso Oy, K\u00e4\u00e4p\u00e4tie 7, 00760 Helsinki 1. T\u00e4m\u00e4 sivusto sis\u00e4lt\u00e4\u00e4 ev\u00e4steit\u00e4. 2. Ev\u00e4ste on pieni tekstitiedosto, joka tallennetaan k\u00e4ytt\u00e4j\u00e4n tietokoneelle, jolloin sivusto tiet\u00e4\u00e4 k\u00e4ytt\u00e4j\u00e4n vierailleen sivustolla aiemmin, kun h\u00e4n vierailee sill\u00e4 seuraavan kerran. Tekstitiedosto sis\u00e4lt\u00e4\u00e4 tietoa, ja sit\u00e4 k\u00e4ytet\u00e4\u00e4n sivuston k\u00e4yt\u00f6n helpottamiseksi. Ev\u00e4ste [&hellip;]","og_url":"https:\/\/saumaustarvike.fi\/verkkokauppa\/tietoa-evasteista\/","og_site_name":"Saumaustarvike.fi","article_publisher":"https:\/\/www.facebook.com\/Saumalaakso","article_modified_time":"2018-03-03T10:03:16+00:00","twitter_misc":{"Arvioitu lukuaika":"1 minuutti"},"schema":{"@context":"https:\/\/schema.org","@graph":[{"@type":"WebPage","@id":"https:\/\/saumaustarvike.fi\/verkkokauppa\/tietoa-evasteista\/","url":"https:\/\/saumaustarvike.fi\/verkkokauppa\/tietoa-evasteista\/","name":"Tietoa ev\u00e4steist\u00e4 - Saumaustarvike.fi","isPartOf":{"@id":"https:\/\/saumaustarvike.fi\/verkkokauppa\/#website"},"datePublished":"2015-11-07T16:46:06+00:00","dateModified":"2018-03-03T10:03:16+00:00","breadcrumb":{"@id":"https:\/\/saumaustarvike.fi\/verkkokauppa\/tietoa-evasteista\/#breadcrumb"},"inLanguage":"fi","potentialAction":[{"@type":"ReadAction","target":["https:\/\/saumaustarvike.fi\/verkkokauppa\/tietoa-evasteista\/"]}]},{"@type":"BreadcrumbList","@id":"https:\/\/saumaustarvike.fi\/verkkokauppa\/tietoa-evasteista\/#breadcrumb","itemListElement":[{"@type":"ListItem","position":1,"name":"Home","item":"https:\/\/saumaustarvike.fi\/verkkokauppa\/"},{"@type":"ListItem","position":2,"name":"Tietoa ev\u00e4steist\u00e4"}]},{"@type":"WebSite","@id":"https:\/\/saumaustarvike.fi\/verkkokauppa\/#website","url":"https:\/\/saumaustarvike.fi\/verkkokauppa\/","name":"Saumaustarvike.fi","description":"Saumausmassat, tarvikkeet ja ty&ouml;kalut","publisher":{"@id":"https:\/\/saumaustarvike.fi\/verkkokauppa\/#organization"},"potentialAction":[{"@type":"SearchAction","target":{"@type":"EntryPoint","urlTemplate":"https:\/\/saumaustarvike.fi\/verkkokauppa\/?s={search_term_string}"},"query-input":{"@type":"PropertyValueSpecification","valueRequired":true,"valueName":"search_term_string"}}],"inLanguage":"fi"},{"@type":"Organization","@id":"https:\/\/saumaustarvike.fi\/verkkokauppa\/#organization","name":"Saumaustarvike.fi","url":"https:\/\/saumaustarvike.fi\/verkkokauppa\/","logo":{"@type":"ImageObject","inLanguage":"fi","@id":"https:\/\/saumaustarvike.fi\/verkkokauppa\/#\/schema\/logo\/image\/","url":"https:\/\/saumaustarvike.fi\/verkkokauppa\/wp-content\/uploads\/2019\/02\/logo.png","contentUrl":"https:\/\/saumaustarvike.fi\/verkkokauppa\/wp-content\/uploads\/2019\/02\/logo.png","width":806,"height":150,"caption":"Saumaustarvike.fi"},"image":{"@id":"https:\/\/saumaustarvike.fi\/verkkokauppa\/#\/schema\/logo\/image\/"},"sameAs":["https:\/\/www.facebook.com\/Saumalaakso"]}]}},"jetpack_sharing_enabled":true,"_links":{"self":[{"href":"https:\/\/saumaustarvike.fi\/verkkokauppa\/wp-json\/wp\/v2\/pages\/8091","targetHints":{"allow":["GET"]}}],"collection":[{"href":"https:\/\/saumaustarvike.fi\/verkkokauppa\/wp-json\/wp\/v2\/pages"}],"about":[{"href":"https:\/\/saumaustarvike.fi\/verkkokauppa\/wp-json\/wp\/v2\/types\/page"}],"author":[{"embeddable":true,"href":"https:\/\/saumaustarvike.fi\/verkkokauppa\/wp-json\/wp\/v2\/users\/1"}],"replies":[{"embeddable":true,"href":"https:\/\/saumaustarvike.fi\/verkkokauppa\/wp-json\/wp\/v2\/comments?post=8091"}],"version-history":[{"count":0,"href":"https:\/\/saumaustarvike.fi\/verkkokauppa\/wp-json\/wp\/v2\/pages\/8091\/revisions"}],"wp:attachment":[{"href":"https:\/\/saumaustarvike.fi\/verkkokauppa\/wp-json\/wp\/v2\/media?parent=8091"}],"curies":[{"name":"wp","href":"https:\/\/api.w.org\/{rel}","templated":true}]}}