{"id":10562,"date":"2017-01-26T12:36:02","date_gmt":"2017-01-26T10:36:02","guid":{"rendered":"https:\/\/saumaustarvike.fi\/verkkokauppa\/kauppa\/tuotteet\/tarvikkeet-tuotteet\/kasineet-hanskat\/st-tool-showa-nitriilikasine-720-nitrile\/"},"modified":"2025-06-24T20:26:07","modified_gmt":"2025-06-24T17:26:07","slug":"showa-nitriilikasine-cs-720","status":"publish","type":"product","link":"https:\/\/saumaustarvike.fi\/verkkokauppa\/kauppa\/tuotemerkit\/st-tool-tuotemerkit\/st-tool-suojaimet\/showa-nitriilikasine-cs-720\/","title":{"rendered":"Showa Nitriilik\u00e4sine CS 720"},"content":{"rendered":"<h1 style=\"text-align: left;\">ST-Tool Showa Nitriilik\u00e4sine CS 720 Nitrile<\/h1>\n<p>Kevyt ja joustava nitriilik\u00e4sine, jossa kevyesti nukattu sis\u00e4puoli. Pit\u00e4\u00e4 muotonsa hyvin. Suojaa k\u00e4si\u00e4 \u00f6ljyilt\u00e4, hiilivedyilt\u00e4, rasvalta ja hankausta vastaan antaen samalla eritt\u00e4in hyv\u00e4n pidon. T\u00e4ysin pinnoitettu, lis\u00e4pinnoite koko k\u00e4den alueella. Antibakteerinen ja k\u00e4sitelty hajuja vastaan. Anatominen muotoilu. Saumaton. Pituus 300-320 mm.<\/p>\n<p>Hyv\u00e4ksytty elintarvikek\u00e4ytt\u00f6\u00f6n.<\/p>\n<h3>K\u00e4ytt\u00f6alueet<\/h3>\n<p>Kemianteollisuus, maalaus- ja saneerausty\u00f6t, autokorjaamot ja teollisuuden puhtaanapitoty\u00f6t.<\/p>\n<h3 class=\"product-section-header\">Tuotetiedot<\/h3>\n<table class=\"specifications striped\">\n<tbody>\n<tr class=\"even\">\n<td>V\u00e4ri<\/td>\n<td>Sininen<\/td>\n<\/tr>\n<tr class=\"even\">\n<td>Materiaali<\/td>\n<td>Nitriili<br \/>\nPolyesteri<br \/>\nNylon<\/td>\n<\/tr>\n<tr class=\"odd\">\n<td>Paksuus<\/td>\n<td>1,1 mm<\/td>\n<\/tr>\n<\/tbody>\n<\/table>\n<h3>Koko<\/h3>\n<p>8<br \/>\n9<br \/>\n10<br \/>\n11<\/p>\n<h3>Pakkaus<\/h3>\n<p>1 pari<\/p>\n<h3>PPE Suojausluokat<\/h3>\n<p> EN 388 :2016 3132X<br \/>\n EN 407 :2004 X1XXXX<br \/>\n ISO 374-5 :2016<br \/>\n ISO 374-1 :2016 Type A JKLMNOPT<\/p>\n<h3>Hyv\u00e4ksynn\u00e4t &#038; Luokitukset<\/h3>\n<p> Info<br \/>\n CE 0598<br \/>\n Kategoria III<br \/>\n EC 1935\/2004<\/p>\n","protected":false},"excerpt":{"rendered":"<p>Joustava karkeapintainen nitriilik\u00e4sine. Showa CS 720 Nitriilik\u00e4sine kest\u00e4\u00e4 k\u00e4ytt\u00f6\u00e4 eritt\u00e4in hyvin ja suojaa tehokkaasti lukuisilta kemikaaleilta.<\/p>\n","protected":false},"featured_media":16404,"comment_status":"open","ping_status":"closed","template":"","meta":{"_acf_changed":false},"product_cat":[1573,2186],"product_tag":[113,112,69,72,111,70],"class_list":{"0":"post-10562","1":"product","2":"type-product","3":"status-publish","4":"has-post-thumbnail","6":"product_brand-st-tool","7":"product_cat-kasineet-hanskat","8":"product_cat-st-tool-suojaimet","9":"product_tag-asentajan-hanska","10":"product_tag-asentajan-kasine","11":"product_tag-hanska","12":"product_tag-suojakasine","13":"product_tag-tyohanska","14":"product_tag-tyokasine","15":"pa_koko-286","16":"pa_koko-729","17":"pa_koko-288","18":"pa_koko-287","20":"first","21":"onbackorder","22":"taxable","23":"shipping-taxable","24":"purchasable","25":"product-type-variable"},"acf":[],"yoast_head":"<!-- This site is optimized with the Yoast SEO plugin v27.5 - https:\/\/yoast.com\/product\/yoast-seo-wordpress\/ -->\n<title>Showa Nitriilik\u00e4sine CS 720 - Saumaustarvike.fi<\/title>\n<meta name=\"description\" content=\"Joustava karkeapintainen nitriilik\u00e4sine. Showa CS 720 Nitriilik\u00e4sine kest\u00e4\u00e4 k\u00e4ytt\u00f6\u00e4 eritt\u00e4in hyvin ja suojaa tehokkaasti lukuisilta kemikaaleilta.\" \/>\n<meta name=\"robots\" content=\"index, follow, max-snippet:-1, max-image-preview:large, max-video-preview:-1\" \/>\n<link rel=\"canonical\" href=\"https:\/\/saumaustarvike.fi\/verkkokauppa\/kauppa\/tuotemerkit\/st-tool-tuotemerkit\/st-tool-suojaimet\/showa-nitriilikasine-cs-720\/\" \/>\n<meta property=\"og:locale\" content=\"fi_FI\" \/>\n<meta property=\"og:type\" content=\"article\" \/>\n<meta property=\"og:title\" content=\"Showa Nitriilik\u00e4sine CS 720 - Saumaustarvike.fi\" \/>\n<meta property=\"og:description\" content=\"Joustava karkeapintainen nitriilik\u00e4sine. Showa CS 720 Nitriilik\u00e4sine kest\u00e4\u00e4 k\u00e4ytt\u00f6\u00e4 eritt\u00e4in hyvin ja suojaa tehokkaasti lukuisilta kemikaaleilta.\" \/>\n<meta property=\"og:url\" content=\"https:\/\/saumaustarvike.fi\/verkkokauppa\/kauppa\/tuotemerkit\/st-tool-tuotemerkit\/st-tool-suojaimet\/showa-nitriilikasine-cs-720\/\" \/>\n<meta property=\"og:site_name\" content=\"Saumaustarvike.fi\" \/>\n<meta property=\"article:publisher\" content=\"https:\/\/www.facebook.com\/Saumalaakso\" \/>\n<meta property=\"article:modified_time\" content=\"2025-06-24T17:26:07+00:00\" \/>\n<meta property=\"og:image\" content=\"https:\/\/saumaustarvike.fi\/verkkokauppa\/content\/uploads\/2017\/01\/saumaustarvike-ST-Tool-Showa-Nitriilikasine-720-Nitrile.jpg\" \/>\n\t<meta property=\"og:image:width\" content=\"1000\" \/>\n\t<meta property=\"og:image:height\" content=\"1000\" \/>\n\t<meta property=\"og:image:type\" content=\"image\/jpeg\" \/>\n<meta name=\"twitter:label1\" content=\"Arvioitu lukuaika\" \/>\n\t<meta name=\"twitter:data1\" content=\"1 minuutti\" \/>\n<script type=\"application\/ld+json\" class=\"yoast-schema-graph\">{\"@context\":\"https:\\\/\\\/schema.org\",\"@graph\":[{\"@type\":\"WebPage\",\"@id\":\"https:\\\/\\\/saumaustarvike.fi\\\/verkkokauppa\\\/kauppa\\\/tuotemerkit\\\/st-tool-tuotemerkit\\\/st-tool-suojaimet\\\/showa-nitriilikasine-cs-720\\\/\",\"url\":\"https:\\\/\\\/saumaustarvike.fi\\\/verkkokauppa\\\/kauppa\\\/tuotemerkit\\\/st-tool-tuotemerkit\\\/st-tool-suojaimet\\\/showa-nitriilikasine-cs-720\\\/\",\"name\":\"Showa Nitriilik\u00e4sine CS 720 - Saumaustarvike.fi\",\"isPartOf\":{\"@id\":\"https:\\\/\\\/saumaustarvike.fi\\\/verkkokauppa\\\/#website\"},\"primaryImageOfPage\":{\"@id\":\"https:\\\/\\\/saumaustarvike.fi\\\/verkkokauppa\\\/kauppa\\\/tuotemerkit\\\/st-tool-tuotemerkit\\\/st-tool-suojaimet\\\/showa-nitriilikasine-cs-720\\\/#primaryimage\"},\"image\":{\"@id\":\"https:\\\/\\\/saumaustarvike.fi\\\/verkkokauppa\\\/kauppa\\\/tuotemerkit\\\/st-tool-tuotemerkit\\\/st-tool-suojaimet\\\/showa-nitriilikasine-cs-720\\\/#primaryimage\"},\"thumbnailUrl\":\"https:\\\/\\\/saumaustarvike.fi\\\/verkkokauppa\\\/wp-content\\\/uploads\\\/2017\\\/01\\\/saumaustarvike-ST-Tool-Showa-Nitriilikasine-720-Nitrile.jpg\",\"datePublished\":\"2017-01-26T10:36:02+00:00\",\"dateModified\":\"2025-06-24T17:26:07+00:00\",\"description\":\"Joustava karkeapintainen nitriilik\u00e4sine. Showa CS 720 Nitriilik\u00e4sine kest\u00e4\u00e4 k\u00e4ytt\u00f6\u00e4 eritt\u00e4in hyvin ja suojaa tehokkaasti lukuisilta kemikaaleilta.\",\"breadcrumb\":{\"@id\":\"https:\\\/\\\/saumaustarvike.fi\\\/verkkokauppa\\\/kauppa\\\/tuotemerkit\\\/st-tool-tuotemerkit\\\/st-tool-suojaimet\\\/showa-nitriilikasine-cs-720\\\/#breadcrumb\"},\"inLanguage\":\"fi\",\"potentialAction\":[{\"@type\":\"ReadAction\",\"target\":[\"https:\\\/\\\/saumaustarvike.fi\\\/verkkokauppa\\\/kauppa\\\/tuotemerkit\\\/st-tool-tuotemerkit\\\/st-tool-suojaimet\\\/showa-nitriilikasine-cs-720\\\/\"]}]},{\"@type\":\"ImageObject\",\"inLanguage\":\"fi\",\"@id\":\"https:\\\/\\\/saumaustarvike.fi\\\/verkkokauppa\\\/kauppa\\\/tuotemerkit\\\/st-tool-tuotemerkit\\\/st-tool-suojaimet\\\/showa-nitriilikasine-cs-720\\\/#primaryimage\",\"url\":\"https:\\\/\\\/saumaustarvike.fi\\\/verkkokauppa\\\/wp-content\\\/uploads\\\/2017\\\/01\\\/saumaustarvike-ST-Tool-Showa-Nitriilikasine-720-Nitrile.jpg\",\"contentUrl\":\"https:\\\/\\\/saumaustarvike.fi\\\/verkkokauppa\\\/wp-content\\\/uploads\\\/2017\\\/01\\\/saumaustarvike-ST-Tool-Showa-Nitriilikasine-720-Nitrile.jpg\",\"width\":1000,\"height\":1000},{\"@type\":\"BreadcrumbList\",\"@id\":\"https:\\\/\\\/saumaustarvike.fi\\\/verkkokauppa\\\/kauppa\\\/tuotemerkit\\\/st-tool-tuotemerkit\\\/st-tool-suojaimet\\\/showa-nitriilikasine-cs-720\\\/#breadcrumb\",\"itemListElement\":[{\"@type\":\"ListItem\",\"position\":1,\"name\":\"Home\",\"item\":\"https:\\\/\\\/saumaustarvike.fi\\\/verkkokauppa\\\/\"},{\"@type\":\"ListItem\",\"position\":2,\"name\":\"Saumausmassat, tarvikkeet ja ty\u00f6kalut\",\"item\":\"https:\\\/\\\/saumaustarvike.fi\\\/verkkokauppa\\\/kauppa\\\/\"},{\"@type\":\"ListItem\",\"position\":3,\"name\":\"Showa Nitriilik\u00e4sine CS 720\"}]},{\"@type\":\"WebSite\",\"@id\":\"https:\\\/\\\/saumaustarvike.fi\\\/verkkokauppa\\\/#website\",\"url\":\"https:\\\/\\\/saumaustarvike.fi\\\/verkkokauppa\\\/\",\"name\":\"Saumaustarvike.fi\",\"description\":\"Saumausmassat, tarvikkeet ja ty&ouml;kalut\",\"publisher\":{\"@id\":\"https:\\\/\\\/saumaustarvike.fi\\\/verkkokauppa\\\/#organization\"},\"potentialAction\":[{\"@type\":\"SearchAction\",\"target\":{\"@type\":\"EntryPoint\",\"urlTemplate\":\"https:\\\/\\\/saumaustarvike.fi\\\/verkkokauppa\\\/?s={search_term_string}\"},\"query-input\":{\"@type\":\"PropertyValueSpecification\",\"valueRequired\":true,\"valueName\":\"search_term_string\"}}],\"inLanguage\":\"fi\"},{\"@type\":\"Organization\",\"@id\":\"https:\\\/\\\/saumaustarvike.fi\\\/verkkokauppa\\\/#organization\",\"name\":\"Saumaustarvike.fi\",\"url\":\"https:\\\/\\\/saumaustarvike.fi\\\/verkkokauppa\\\/\",\"logo\":{\"@type\":\"ImageObject\",\"inLanguage\":\"fi\",\"@id\":\"https:\\\/\\\/saumaustarvike.fi\\\/verkkokauppa\\\/#\\\/schema\\\/logo\\\/image\\\/\",\"url\":\"https:\\\/\\\/saumaustarvike.fi\\\/verkkokauppa\\\/wp-content\\\/uploads\\\/2019\\\/02\\\/logo.png\",\"contentUrl\":\"https:\\\/\\\/saumaustarvike.fi\\\/verkkokauppa\\\/wp-content\\\/uploads\\\/2019\\\/02\\\/logo.png\",\"width\":806,\"height\":150,\"caption\":\"Saumaustarvike.fi\"},\"image\":{\"@id\":\"https:\\\/\\\/saumaustarvike.fi\\\/verkkokauppa\\\/#\\\/schema\\\/logo\\\/image\\\/\"},\"sameAs\":[\"https:\\\/\\\/www.facebook.com\\\/Saumalaakso\"]}]}<\/script>\n<!-- \/ Yoast SEO plugin. -->","yoast_head_json":{"title":"Showa Nitriilik\u00e4sine CS 720 - Saumaustarvike.fi","description":"Joustava karkeapintainen nitriilik\u00e4sine. Showa CS 720 Nitriilik\u00e4sine kest\u00e4\u00e4 k\u00e4ytt\u00f6\u00e4 eritt\u00e4in hyvin ja suojaa tehokkaasti lukuisilta kemikaaleilta.","robots":{"index":"index","follow":"follow","max-snippet":"max-snippet:-1","max-image-preview":"max-image-preview:large","max-video-preview":"max-video-preview:-1"},"canonical":"https:\/\/saumaustarvike.fi\/verkkokauppa\/kauppa\/tuotemerkit\/st-tool-tuotemerkit\/st-tool-suojaimet\/showa-nitriilikasine-cs-720\/","og_locale":"fi_FI","og_type":"article","og_title":"Showa Nitriilik\u00e4sine CS 720 - Saumaustarvike.fi","og_description":"Joustava karkeapintainen nitriilik\u00e4sine. Showa CS 720 Nitriilik\u00e4sine kest\u00e4\u00e4 k\u00e4ytt\u00f6\u00e4 eritt\u00e4in hyvin ja suojaa tehokkaasti lukuisilta kemikaaleilta.","og_url":"https:\/\/saumaustarvike.fi\/verkkokauppa\/kauppa\/tuotemerkit\/st-tool-tuotemerkit\/st-tool-suojaimet\/showa-nitriilikasine-cs-720\/","og_site_name":"Saumaustarvike.fi","article_publisher":"https:\/\/www.facebook.com\/Saumalaakso","article_modified_time":"2025-06-24T17:26:07+00:00","og_image":[{"width":1000,"height":1000,"url":"https:\/\/saumaustarvike.fi\/verkkokauppa\/content\/uploads\/2017\/01\/saumaustarvike-ST-Tool-Showa-Nitriilikasine-720-Nitrile.jpg","type":"image\/jpeg"}],"twitter_misc":{"Arvioitu lukuaika":"1 minuutti"},"schema":{"@context":"https:\/\/schema.org","@graph":[{"@type":"WebPage","@id":"https:\/\/saumaustarvike.fi\/verkkokauppa\/kauppa\/tuotemerkit\/st-tool-tuotemerkit\/st-tool-suojaimet\/showa-nitriilikasine-cs-720\/","url":"https:\/\/saumaustarvike.fi\/verkkokauppa\/kauppa\/tuotemerkit\/st-tool-tuotemerkit\/st-tool-suojaimet\/showa-nitriilikasine-cs-720\/","name":"Showa Nitriilik\u00e4sine CS 720 - Saumaustarvike.fi","isPartOf":{"@id":"https:\/\/saumaustarvike.fi\/verkkokauppa\/#website"},"primaryImageOfPage":{"@id":"https:\/\/saumaustarvike.fi\/verkkokauppa\/kauppa\/tuotemerkit\/st-tool-tuotemerkit\/st-tool-suojaimet\/showa-nitriilikasine-cs-720\/#primaryimage"},"image":{"@id":"https:\/\/saumaustarvike.fi\/verkkokauppa\/kauppa\/tuotemerkit\/st-tool-tuotemerkit\/st-tool-suojaimet\/showa-nitriilikasine-cs-720\/#primaryimage"},"thumbnailUrl":"https:\/\/saumaustarvike.fi\/verkkokauppa\/wp-content\/uploads\/2017\/01\/saumaustarvike-ST-Tool-Showa-Nitriilikasine-720-Nitrile.jpg","datePublished":"2017-01-26T10:36:02+00:00","dateModified":"2025-06-24T17:26:07+00:00","description":"Joustava karkeapintainen nitriilik\u00e4sine. Showa CS 720 Nitriilik\u00e4sine kest\u00e4\u00e4 k\u00e4ytt\u00f6\u00e4 eritt\u00e4in hyvin ja suojaa tehokkaasti lukuisilta kemikaaleilta.","breadcrumb":{"@id":"https:\/\/saumaustarvike.fi\/verkkokauppa\/kauppa\/tuotemerkit\/st-tool-tuotemerkit\/st-tool-suojaimet\/showa-nitriilikasine-cs-720\/#breadcrumb"},"inLanguage":"fi","potentialAction":[{"@type":"ReadAction","target":["https:\/\/saumaustarvike.fi\/verkkokauppa\/kauppa\/tuotemerkit\/st-tool-tuotemerkit\/st-tool-suojaimet\/showa-nitriilikasine-cs-720\/"]}]},{"@type":"ImageObject","inLanguage":"fi","@id":"https:\/\/saumaustarvike.fi\/verkkokauppa\/kauppa\/tuotemerkit\/st-tool-tuotemerkit\/st-tool-suojaimet\/showa-nitriilikasine-cs-720\/#primaryimage","url":"https:\/\/saumaustarvike.fi\/verkkokauppa\/wp-content\/uploads\/2017\/01\/saumaustarvike-ST-Tool-Showa-Nitriilikasine-720-Nitrile.jpg","contentUrl":"https:\/\/saumaustarvike.fi\/verkkokauppa\/wp-content\/uploads\/2017\/01\/saumaustarvike-ST-Tool-Showa-Nitriilikasine-720-Nitrile.jpg","width":1000,"height":1000},{"@type":"BreadcrumbList","@id":"https:\/\/saumaustarvike.fi\/verkkokauppa\/kauppa\/tuotemerkit\/st-tool-tuotemerkit\/st-tool-suojaimet\/showa-nitriilikasine-cs-720\/#breadcrumb","itemListElement":[{"@type":"ListItem","position":1,"name":"Home","item":"https:\/\/saumaustarvike.fi\/verkkokauppa\/"},{"@type":"ListItem","position":2,"name":"Saumausmassat, tarvikkeet ja ty\u00f6kalut","item":"https:\/\/saumaustarvike.fi\/verkkokauppa\/kauppa\/"},{"@type":"ListItem","position":3,"name":"Showa Nitriilik\u00e4sine CS 720"}]},{"@type":"WebSite","@id":"https:\/\/saumaustarvike.fi\/verkkokauppa\/#website","url":"https:\/\/saumaustarvike.fi\/verkkokauppa\/","name":"Saumaustarvike.fi","description":"Saumausmassat, tarvikkeet ja ty&ouml;kalut","publisher":{"@id":"https:\/\/saumaustarvike.fi\/verkkokauppa\/#organization"},"potentialAction":[{"@type":"SearchAction","target":{"@type":"EntryPoint","urlTemplate":"https:\/\/saumaustarvike.fi\/verkkokauppa\/?s={search_term_string}"},"query-input":{"@type":"PropertyValueSpecification","valueRequired":true,"valueName":"search_term_string"}}],"inLanguage":"fi"},{"@type":"Organization","@id":"https:\/\/saumaustarvike.fi\/verkkokauppa\/#organization","name":"Saumaustarvike.fi","url":"https:\/\/saumaustarvike.fi\/verkkokauppa\/","logo":{"@type":"ImageObject","inLanguage":"fi","@id":"https:\/\/saumaustarvike.fi\/verkkokauppa\/#\/schema\/logo\/image\/","url":"https:\/\/saumaustarvike.fi\/verkkokauppa\/wp-content\/uploads\/2019\/02\/logo.png","contentUrl":"https:\/\/saumaustarvike.fi\/verkkokauppa\/wp-content\/uploads\/2019\/02\/logo.png","width":806,"height":150,"caption":"Saumaustarvike.fi"},"image":{"@id":"https:\/\/saumaustarvike.fi\/verkkokauppa\/#\/schema\/logo\/image\/"},"sameAs":["https:\/\/www.facebook.com\/Saumalaakso"]}]}},"jetpack_sharing_enabled":true,"_links":{"self":[{"href":"https:\/\/saumaustarvike.fi\/verkkokauppa\/wp-json\/wp\/v2\/product\/10562","targetHints":{"allow":["GET"]}}],"collection":[{"href":"https:\/\/saumaustarvike.fi\/verkkokauppa\/wp-json\/wp\/v2\/product"}],"about":[{"href":"https:\/\/saumaustarvike.fi\/verkkokauppa\/wp-json\/wp\/v2\/types\/product"}],"replies":[{"embeddable":true,"href":"https:\/\/saumaustarvike.fi\/verkkokauppa\/wp-json\/wp\/v2\/comments?post=10562"}],"wp:featuredmedia":[{"embeddable":true,"href":"https:\/\/saumaustarvike.fi\/verkkokauppa\/wp-json\/wp\/v2\/media\/16404"}],"wp:attachment":[{"href":"https:\/\/saumaustarvike.fi\/verkkokauppa\/wp-json\/wp\/v2\/media?parent=10562"}],"wp:term":[{"taxonomy":"product_cat","embeddable":true,"href":"https:\/\/saumaustarvike.fi\/verkkokauppa\/wp-json\/wp\/v2\/product_cat?post=10562"},{"taxonomy":"product_tag","embeddable":true,"href":"https:\/\/saumaustarvike.fi\/verkkokauppa\/wp-json\/wp\/v2\/product_tag?post=10562"}],"curies":[{"name":"wp","href":"https:\/\/api.w.org\/{rel}","templated":true}]}}