{"id":10779,"date":"2017-03-20T21:15:46","date_gmt":"2017-03-20T19:15:46","guid":{"rendered":"https:\/\/saumaustarvike.fi\/verkkokauppa\/kauppa\/tuotteet\/kayttoalue\/tiivistys-tuotteet\/betton-hevadex-blowerproof-liquid-brush-m1-5kg-siveltava\/"},"modified":"2025-06-30T18:59:22","modified_gmt":"2025-06-30T15:59:22","slug":"hevadex-blowerproof-liquid-brush-m1-5kg-siveltava","status":"publish","type":"product","link":"https:\/\/saumaustarvike.fi\/verkkokauppa\/kauppa\/tuotemerkit\/hevadex\/tiivistys\/hevadex-blowerproof-liquid-brush-m1-5kg-siveltava\/","title":{"rendered":"Hevadex BlowerProof Liquid Brush M1 5kg (sivelt\u00e4v\u00e4)"},"content":{"rendered":"<h1>Hevadex BlowerProof Liquid Brush M1 5kg (sivelt\u00e4v\u00e4)<\/h1>\n<p>Vesiohenteinen, nestem\u00e4inen, elastinen ja ilmatiivis pinnoite. Hyv\u00e4 tartunta erilaisiin alustoihin. Voidaan levitt\u00e4\u00e4 telalla tai pensselill\u00e4.<\/p>\n<h2>Yleist\u00e4<a href=\"https:\/\/saumaustarvike.fi\/verkkokauppa\/content\/uploads\/2017\/03\/M1suomi_oikea.gif\"><img loading=\"lazy\" decoding=\"async\" class=\"size-full wp-image-10794 alignright\" src=\"https:\/\/saumaustarvike.fi\/verkkokauppa\/content\/uploads\/2017\/03\/M1suomi_oikea.gif\" alt=\"\" width=\"130\" height=\"129\" srcset=\"https:\/\/saumaustarvike.fi\/verkkokauppa\/wp-content\/uploads\/2017\/03\/M1suomi_oikea.gif 130w, https:\/\/saumaustarvike.fi\/verkkokauppa\/wp-content\/uploads\/2017\/03\/M1suomi_oikea-100x100.gif 100w\" sizes=\"auto, (max-width: 130px) 100vw, 130px\" \/><\/a><\/h2>\n<p>BLOWERPROOF LIQUID BRUSH on liuotteeton polymeeripohjainen pasta, joka levitet\u00e4\u00e4n telalla tai maalipensselill\u00e4. Kuivuttuaan tuote on ilmatiivis, elastinen suojapinnoite, joka tarttuu hyvin erilaisiin alusmateriaaleihin (katso ominaisuudet).<\/p>\n<p>Tuote on k\u00e4ytt\u00f6valmis ja sit\u00e4 voidaan k\u00e4ytt\u00e4\u00e4 pysty-, vaaka- ja kattopinnoilla.<\/p>\n<p>M1 sis\u00e4ilmaluokiteltu<\/p>\n<h3>K\u00e4ytt\u00f6alueita<\/h3>\n<ul>\n<li>Sein\u00e4n ja lattian liitokset ja saumat<\/li>\n<li>Ikkunan ja sein\u00e4n liitokset<\/li>\n<li>Putkil\u00e4piviennit<\/li>\n<li>Vaaka- ja pystysaumojen liitokset<\/li>\n<li>Rakenneliitokset<\/li>\n<li>Teollisten mineraalivillakuitujen sulkeminen<\/li>\n<li>Radon- kaasun sulkuun<\/li>\n<\/ul>\n<h3>Levitys:<\/h3>\n<ul>\n<li>BLOWERPROOF LIQUID BRUSH on k\u00e4ytt\u00f6valmis; sekoita ennen k\u00e4ytt\u00f6\u00e4. \u00c4l\u00e4 lis\u00e4\u00e4 vett\u00e4 tai liuottimia.<\/li>\n<li>Levit\u00e4 maalipensselill\u00e4 kahtena eri kerroksena. Menekki tiiviille pinnalle: 1 kg\/m\u00b2.<\/li>\n<li>Puhdista pensselit ja muut ty\u00f6kalut vedell\u00e4.<\/li>\n<li>Anna pinnan kuivua v\u00e4hint\u00e4\u00e4n 1 tunti ennen toista k\u00e4sittely\u00e4.<\/li>\n<li>Anna pinnan kuivua 24 \u2013 48 tuntia ennen toisen\u00a0tuotteen k\u00e4ytt\u00f6\u00e4 BLOWERPROOF LIQUID BRUSH:n p\u00e4\u00e4ll\u00e4 (esim. tasoite tai maali).<\/li>\n<\/ul>\n<h3>Muut ominaisuudet<\/h3>\n<ul>\n<li>Keskikulutus: 0,6kg\/m\u00b2 (suuntaa antava, riippuu alustasta)<\/li>\n<li>Tilavuus: +\/- 1,15 kg \/ litra<\/li>\n<li>V\u00e4rit:<br \/>\n&#8211; sininen (muuttuu mustaksi kuivuessaan)<br \/>\n&#8211; valkoinen<\/li>\n<li>arvioitu kuivumisaika 30 min &#8211; 24 tuntia (riippuen alustan l\u00e4mp\u00f6tilasta, ilman kosteudesta, kerrospaksuudesta sek\u00e4 ilmanvaihdosta)<\/li>\n<\/ul>\n<h3>Pakkaus<\/h3>\n<p>5kg<\/p>\n","protected":false},"excerpt":{"rendered":"<p>Sivelt\u00e4v\u00e4 5kg astia. Vesiohenteinen, nestem\u00e4inen, elastinen ja ilmatiivis pinnoite. Hyv\u00e4 tartunta erilaisiin alustoihin. Voidaan levitt\u00e4\u00e4 telalla tai pensselill\u00e4. M1 sis\u00e4ilmaluokitus.<\/p>\n","protected":false},"featured_media":17231,"comment_status":"open","ping_status":"closed","template":"","meta":{"_acf_changed":false},"product_cat":[1555,1559,1560,1558,2385,1553],"product_tag":[2072,89,309,2382,510,725,2073,80,509],"class_list":{"0":"post-10779","1":"product","2":"type-product","3":"status-publish","4":"has-post-thumbnail","6":"product_brand-hevadex","7":"product_cat-eristys","8":"product_cat-julkisivu-ja-seinien-huolto-puhdistus-ja-kunnostus","9":"product_cat-kattotuotteet","10":"product_cat-lattiatuotteet-tuotteet","11":"product_cat-tiivistys","12":"product_cat-tiivistys-tuotteet","13":"product_tag-blowerproof-liquid","14":"product_tag-elastinen","15":"product_tag-eristys","16":"product_tag-hevadex","17":"product_tag-joustava","18":"product_tag-m1","19":"product_tag-radon","20":"product_tag-tiivistys-2","21":"product_tag-vedeneristys","22":"pa_vari-sininen","23":"pa_vari-valkoinen","25":"first","26":"onbackorder","27":"taxable","28":"shipping-taxable","29":"purchasable","30":"product-type-variable"},"acf":[],"yoast_head":"<!-- This site is optimized with the Yoast SEO plugin v27.3 - https:\/\/yoast.com\/product\/yoast-seo-wordpress\/ -->\n<title>Hevadex BlowerProof Liquid Brush M1 5kg (sivelt\u00e4v\u00e4) - Saumaustarvike.fi<\/title>\n<meta name=\"robots\" content=\"index, follow, max-snippet:-1, max-image-preview:large, max-video-preview:-1\" \/>\n<link rel=\"canonical\" href=\"https:\/\/saumaustarvike.fi\/verkkokauppa\/kauppa\/tuotemerkit\/hevadex\/tiivistys\/hevadex-blowerproof-liquid-brush-m1-5kg-siveltava\/\" \/>\n<meta property=\"og:locale\" content=\"fi_FI\" \/>\n<meta property=\"og:type\" content=\"article\" \/>\n<meta property=\"og:title\" content=\"Hevadex BlowerProof Liquid Brush M1 5kg (sivelt\u00e4v\u00e4) - Saumaustarvike.fi\" \/>\n<meta property=\"og:description\" content=\"Sivelt\u00e4v\u00e4 5kg astia. Vesiohenteinen, nestem\u00e4inen, elastinen ja ilmatiivis pinnoite. Hyv\u00e4 tartunta erilaisiin alustoihin. Voidaan levitt\u00e4\u00e4 telalla tai pensselill\u00e4. M1 sis\u00e4ilmaluokitus.\" \/>\n<meta property=\"og:url\" content=\"https:\/\/saumaustarvike.fi\/verkkokauppa\/kauppa\/tuotemerkit\/hevadex\/tiivistys\/hevadex-blowerproof-liquid-brush-m1-5kg-siveltava\/\" \/>\n<meta property=\"og:site_name\" content=\"Saumaustarvike.fi\" \/>\n<meta property=\"article:publisher\" content=\"https:\/\/www.facebook.com\/Saumalaakso\" \/>\n<meta property=\"article:modified_time\" content=\"2025-06-30T15:59:22+00:00\" \/>\n<meta property=\"og:image\" content=\"https:\/\/saumaustarvike.fi\/verkkokauppa\/content\/uploads\/2017\/03\/liquid-brush-5kg.jpg\" \/>\n\t<meta property=\"og:image:width\" content=\"610\" \/>\n\t<meta property=\"og:image:height\" content=\"480\" \/>\n\t<meta property=\"og:image:type\" content=\"image\/jpeg\" \/>\n<meta name=\"twitter:label1\" content=\"Arvioitu lukuaika\" \/>\n\t<meta name=\"twitter:data1\" content=\"2 minuuttia\" \/>\n<script type=\"application\/ld+json\" class=\"yoast-schema-graph\">{\"@context\":\"https:\\\/\\\/schema.org\",\"@graph\":[{\"@type\":\"WebPage\",\"@id\":\"https:\\\/\\\/saumaustarvike.fi\\\/verkkokauppa\\\/kauppa\\\/tuotemerkit\\\/hevadex\\\/tiivistys\\\/hevadex-blowerproof-liquid-brush-m1-5kg-siveltava\\\/\",\"url\":\"https:\\\/\\\/saumaustarvike.fi\\\/verkkokauppa\\\/kauppa\\\/tuotemerkit\\\/hevadex\\\/tiivistys\\\/hevadex-blowerproof-liquid-brush-m1-5kg-siveltava\\\/\",\"name\":\"Hevadex BlowerProof Liquid Brush M1 5kg (sivelt\u00e4v\u00e4) - Saumaustarvike.fi\",\"isPartOf\":{\"@id\":\"https:\\\/\\\/saumaustarvike.fi\\\/verkkokauppa\\\/#website\"},\"primaryImageOfPage\":{\"@id\":\"https:\\\/\\\/saumaustarvike.fi\\\/verkkokauppa\\\/kauppa\\\/tuotemerkit\\\/hevadex\\\/tiivistys\\\/hevadex-blowerproof-liquid-brush-m1-5kg-siveltava\\\/#primaryimage\"},\"image\":{\"@id\":\"https:\\\/\\\/saumaustarvike.fi\\\/verkkokauppa\\\/kauppa\\\/tuotemerkit\\\/hevadex\\\/tiivistys\\\/hevadex-blowerproof-liquid-brush-m1-5kg-siveltava\\\/#primaryimage\"},\"thumbnailUrl\":\"https:\\\/\\\/saumaustarvike.fi\\\/verkkokauppa\\\/wp-content\\\/uploads\\\/2017\\\/03\\\/liquid-brush-5kg.jpg\",\"datePublished\":\"2017-03-20T19:15:46+00:00\",\"dateModified\":\"2025-06-30T15:59:22+00:00\",\"breadcrumb\":{\"@id\":\"https:\\\/\\\/saumaustarvike.fi\\\/verkkokauppa\\\/kauppa\\\/tuotemerkit\\\/hevadex\\\/tiivistys\\\/hevadex-blowerproof-liquid-brush-m1-5kg-siveltava\\\/#breadcrumb\"},\"inLanguage\":\"fi\",\"potentialAction\":[{\"@type\":\"ReadAction\",\"target\":[\"https:\\\/\\\/saumaustarvike.fi\\\/verkkokauppa\\\/kauppa\\\/tuotemerkit\\\/hevadex\\\/tiivistys\\\/hevadex-blowerproof-liquid-brush-m1-5kg-siveltava\\\/\"]}]},{\"@type\":\"ImageObject\",\"inLanguage\":\"fi\",\"@id\":\"https:\\\/\\\/saumaustarvike.fi\\\/verkkokauppa\\\/kauppa\\\/tuotemerkit\\\/hevadex\\\/tiivistys\\\/hevadex-blowerproof-liquid-brush-m1-5kg-siveltava\\\/#primaryimage\",\"url\":\"https:\\\/\\\/saumaustarvike.fi\\\/verkkokauppa\\\/wp-content\\\/uploads\\\/2017\\\/03\\\/liquid-brush-5kg.jpg\",\"contentUrl\":\"https:\\\/\\\/saumaustarvike.fi\\\/verkkokauppa\\\/wp-content\\\/uploads\\\/2017\\\/03\\\/liquid-brush-5kg.jpg\",\"width\":610,\"height\":480},{\"@type\":\"BreadcrumbList\",\"@id\":\"https:\\\/\\\/saumaustarvike.fi\\\/verkkokauppa\\\/kauppa\\\/tuotemerkit\\\/hevadex\\\/tiivistys\\\/hevadex-blowerproof-liquid-brush-m1-5kg-siveltava\\\/#breadcrumb\",\"itemListElement\":[{\"@type\":\"ListItem\",\"position\":1,\"name\":\"Home\",\"item\":\"https:\\\/\\\/saumaustarvike.fi\\\/verkkokauppa\\\/\"},{\"@type\":\"ListItem\",\"position\":2,\"name\":\"Saumausmassat, tarvikkeet ja ty\u00f6kalut\",\"item\":\"https:\\\/\\\/saumaustarvike.fi\\\/verkkokauppa\\\/kauppa\\\/\"},{\"@type\":\"ListItem\",\"position\":3,\"name\":\"Hevadex BlowerProof Liquid Brush M1 5kg (sivelt\u00e4v\u00e4)\"}]},{\"@type\":\"WebSite\",\"@id\":\"https:\\\/\\\/saumaustarvike.fi\\\/verkkokauppa\\\/#website\",\"url\":\"https:\\\/\\\/saumaustarvike.fi\\\/verkkokauppa\\\/\",\"name\":\"Saumaustarvike.fi\",\"description\":\"Saumausmassat, tarvikkeet ja ty&ouml;kalut\",\"publisher\":{\"@id\":\"https:\\\/\\\/saumaustarvike.fi\\\/verkkokauppa\\\/#organization\"},\"potentialAction\":[{\"@type\":\"SearchAction\",\"target\":{\"@type\":\"EntryPoint\",\"urlTemplate\":\"https:\\\/\\\/saumaustarvike.fi\\\/verkkokauppa\\\/?s={search_term_string}\"},\"query-input\":{\"@type\":\"PropertyValueSpecification\",\"valueRequired\":true,\"valueName\":\"search_term_string\"}}],\"inLanguage\":\"fi\"},{\"@type\":\"Organization\",\"@id\":\"https:\\\/\\\/saumaustarvike.fi\\\/verkkokauppa\\\/#organization\",\"name\":\"Saumaustarvike.fi\",\"url\":\"https:\\\/\\\/saumaustarvike.fi\\\/verkkokauppa\\\/\",\"logo\":{\"@type\":\"ImageObject\",\"inLanguage\":\"fi\",\"@id\":\"https:\\\/\\\/saumaustarvike.fi\\\/verkkokauppa\\\/#\\\/schema\\\/logo\\\/image\\\/\",\"url\":\"https:\\\/\\\/saumaustarvike.fi\\\/verkkokauppa\\\/wp-content\\\/uploads\\\/2019\\\/02\\\/logo.png\",\"contentUrl\":\"https:\\\/\\\/saumaustarvike.fi\\\/verkkokauppa\\\/wp-content\\\/uploads\\\/2019\\\/02\\\/logo.png\",\"width\":806,\"height\":150,\"caption\":\"Saumaustarvike.fi\"},\"image\":{\"@id\":\"https:\\\/\\\/saumaustarvike.fi\\\/verkkokauppa\\\/#\\\/schema\\\/logo\\\/image\\\/\"},\"sameAs\":[\"https:\\\/\\\/www.facebook.com\\\/Saumalaakso\"]}]}<\/script>\n<!-- \/ Yoast SEO plugin. -->","yoast_head_json":{"title":"Hevadex BlowerProof Liquid Brush M1 5kg (sivelt\u00e4v\u00e4) - Saumaustarvike.fi","robots":{"index":"index","follow":"follow","max-snippet":"max-snippet:-1","max-image-preview":"max-image-preview:large","max-video-preview":"max-video-preview:-1"},"canonical":"https:\/\/saumaustarvike.fi\/verkkokauppa\/kauppa\/tuotemerkit\/hevadex\/tiivistys\/hevadex-blowerproof-liquid-brush-m1-5kg-siveltava\/","og_locale":"fi_FI","og_type":"article","og_title":"Hevadex BlowerProof Liquid Brush M1 5kg (sivelt\u00e4v\u00e4) - Saumaustarvike.fi","og_description":"Sivelt\u00e4v\u00e4 5kg astia. Vesiohenteinen, nestem\u00e4inen, elastinen ja ilmatiivis pinnoite. Hyv\u00e4 tartunta erilaisiin alustoihin. Voidaan levitt\u00e4\u00e4 telalla tai pensselill\u00e4. M1 sis\u00e4ilmaluokitus.","og_url":"https:\/\/saumaustarvike.fi\/verkkokauppa\/kauppa\/tuotemerkit\/hevadex\/tiivistys\/hevadex-blowerproof-liquid-brush-m1-5kg-siveltava\/","og_site_name":"Saumaustarvike.fi","article_publisher":"https:\/\/www.facebook.com\/Saumalaakso","article_modified_time":"2025-06-30T15:59:22+00:00","og_image":[{"width":610,"height":480,"url":"https:\/\/saumaustarvike.fi\/verkkokauppa\/content\/uploads\/2017\/03\/liquid-brush-5kg.jpg","type":"image\/jpeg"}],"twitter_misc":{"Arvioitu lukuaika":"2 minuuttia"},"schema":{"@context":"https:\/\/schema.org","@graph":[{"@type":"WebPage","@id":"https:\/\/saumaustarvike.fi\/verkkokauppa\/kauppa\/tuotemerkit\/hevadex\/tiivistys\/hevadex-blowerproof-liquid-brush-m1-5kg-siveltava\/","url":"https:\/\/saumaustarvike.fi\/verkkokauppa\/kauppa\/tuotemerkit\/hevadex\/tiivistys\/hevadex-blowerproof-liquid-brush-m1-5kg-siveltava\/","name":"Hevadex BlowerProof Liquid Brush M1 5kg (sivelt\u00e4v\u00e4) - Saumaustarvike.fi","isPartOf":{"@id":"https:\/\/saumaustarvike.fi\/verkkokauppa\/#website"},"primaryImageOfPage":{"@id":"https:\/\/saumaustarvike.fi\/verkkokauppa\/kauppa\/tuotemerkit\/hevadex\/tiivistys\/hevadex-blowerproof-liquid-brush-m1-5kg-siveltava\/#primaryimage"},"image":{"@id":"https:\/\/saumaustarvike.fi\/verkkokauppa\/kauppa\/tuotemerkit\/hevadex\/tiivistys\/hevadex-blowerproof-liquid-brush-m1-5kg-siveltava\/#primaryimage"},"thumbnailUrl":"https:\/\/saumaustarvike.fi\/verkkokauppa\/wp-content\/uploads\/2017\/03\/liquid-brush-5kg.jpg","datePublished":"2017-03-20T19:15:46+00:00","dateModified":"2025-06-30T15:59:22+00:00","breadcrumb":{"@id":"https:\/\/saumaustarvike.fi\/verkkokauppa\/kauppa\/tuotemerkit\/hevadex\/tiivistys\/hevadex-blowerproof-liquid-brush-m1-5kg-siveltava\/#breadcrumb"},"inLanguage":"fi","potentialAction":[{"@type":"ReadAction","target":["https:\/\/saumaustarvike.fi\/verkkokauppa\/kauppa\/tuotemerkit\/hevadex\/tiivistys\/hevadex-blowerproof-liquid-brush-m1-5kg-siveltava\/"]}]},{"@type":"ImageObject","inLanguage":"fi","@id":"https:\/\/saumaustarvike.fi\/verkkokauppa\/kauppa\/tuotemerkit\/hevadex\/tiivistys\/hevadex-blowerproof-liquid-brush-m1-5kg-siveltava\/#primaryimage","url":"https:\/\/saumaustarvike.fi\/verkkokauppa\/wp-content\/uploads\/2017\/03\/liquid-brush-5kg.jpg","contentUrl":"https:\/\/saumaustarvike.fi\/verkkokauppa\/wp-content\/uploads\/2017\/03\/liquid-brush-5kg.jpg","width":610,"height":480},{"@type":"BreadcrumbList","@id":"https:\/\/saumaustarvike.fi\/verkkokauppa\/kauppa\/tuotemerkit\/hevadex\/tiivistys\/hevadex-blowerproof-liquid-brush-m1-5kg-siveltava\/#breadcrumb","itemListElement":[{"@type":"ListItem","position":1,"name":"Home","item":"https:\/\/saumaustarvike.fi\/verkkokauppa\/"},{"@type":"ListItem","position":2,"name":"Saumausmassat, tarvikkeet ja ty\u00f6kalut","item":"https:\/\/saumaustarvike.fi\/verkkokauppa\/kauppa\/"},{"@type":"ListItem","position":3,"name":"Hevadex BlowerProof Liquid Brush M1 5kg (sivelt\u00e4v\u00e4)"}]},{"@type":"WebSite","@id":"https:\/\/saumaustarvike.fi\/verkkokauppa\/#website","url":"https:\/\/saumaustarvike.fi\/verkkokauppa\/","name":"Saumaustarvike.fi","description":"Saumausmassat, tarvikkeet ja ty&ouml;kalut","publisher":{"@id":"https:\/\/saumaustarvike.fi\/verkkokauppa\/#organization"},"potentialAction":[{"@type":"SearchAction","target":{"@type":"EntryPoint","urlTemplate":"https:\/\/saumaustarvike.fi\/verkkokauppa\/?s={search_term_string}"},"query-input":{"@type":"PropertyValueSpecification","valueRequired":true,"valueName":"search_term_string"}}],"inLanguage":"fi"},{"@type":"Organization","@id":"https:\/\/saumaustarvike.fi\/verkkokauppa\/#organization","name":"Saumaustarvike.fi","url":"https:\/\/saumaustarvike.fi\/verkkokauppa\/","logo":{"@type":"ImageObject","inLanguage":"fi","@id":"https:\/\/saumaustarvike.fi\/verkkokauppa\/#\/schema\/logo\/image\/","url":"https:\/\/saumaustarvike.fi\/verkkokauppa\/wp-content\/uploads\/2019\/02\/logo.png","contentUrl":"https:\/\/saumaustarvike.fi\/verkkokauppa\/wp-content\/uploads\/2019\/02\/logo.png","width":806,"height":150,"caption":"Saumaustarvike.fi"},"image":{"@id":"https:\/\/saumaustarvike.fi\/verkkokauppa\/#\/schema\/logo\/image\/"},"sameAs":["https:\/\/www.facebook.com\/Saumalaakso"]}]}},"jetpack_sharing_enabled":true,"_links":{"self":[{"href":"https:\/\/saumaustarvike.fi\/verkkokauppa\/wp-json\/wp\/v2\/product\/10779","targetHints":{"allow":["GET"]}}],"collection":[{"href":"https:\/\/saumaustarvike.fi\/verkkokauppa\/wp-json\/wp\/v2\/product"}],"about":[{"href":"https:\/\/saumaustarvike.fi\/verkkokauppa\/wp-json\/wp\/v2\/types\/product"}],"replies":[{"embeddable":true,"href":"https:\/\/saumaustarvike.fi\/verkkokauppa\/wp-json\/wp\/v2\/comments?post=10779"}],"wp:featuredmedia":[{"embeddable":true,"href":"https:\/\/saumaustarvike.fi\/verkkokauppa\/wp-json\/wp\/v2\/media\/17231"}],"wp:attachment":[{"href":"https:\/\/saumaustarvike.fi\/verkkokauppa\/wp-json\/wp\/v2\/media?parent=10779"}],"wp:term":[{"taxonomy":"product_cat","embeddable":true,"href":"https:\/\/saumaustarvike.fi\/verkkokauppa\/wp-json\/wp\/v2\/product_cat?post=10779"},{"taxonomy":"product_tag","embeddable":true,"href":"https:\/\/saumaustarvike.fi\/verkkokauppa\/wp-json\/wp\/v2\/product_tag?post=10779"}],"curies":[{"name":"wp","href":"https:\/\/api.w.org\/{rel}","templated":true}]}}