{"id":10785,"date":"2017-03-20T21:50:07","date_gmt":"2017-03-20T19:50:07","guid":{"rendered":"https:\/\/saumaustarvike.fi\/verkkokauppa\/kauppa\/tuotteet\/kayttoalue\/tiivistys-tuotteet\/betton-hevadex-blowerproof-liquid-brush-m1-10kg-ruiskutettava\/"},"modified":"2024-09-02T10:44:39","modified_gmt":"2024-09-02T07:44:39","slug":"hevadex-blowerproof-liquid-brush-m1-10kg-ruiskutettava","status":"publish","type":"product","link":"https:\/\/saumaustarvike.fi\/verkkokauppa\/kauppa\/tuotemerkit\/hevadex\/tiivistys\/hevadex-blowerproof-liquid-brush-m1-10kg-ruiskutettava\/","title":{"rendered":"Hevadex BlowerProof Liquid Brush M1 10kg (ruiskutettava)"},"content":{"rendered":"<h1>Hevadex BlowerProof Liquid Brush M1 10kg (ruiskutettava)<\/h1>\n<p>Vesiohenteinen, nestem\u00e4inen, elastinen ja ilmatiivis pinnoite. Hyv\u00e4 tartunta erilaisiin alustoihin. Voidaan levitt\u00e4\u00e4 ruiskulla tai telalla.<\/p>\n<h2 style=\"text-align: left;\">Yleist\u00e4<a href=\"https:\/\/saumaustarvike.fi\/verkkokauppa\/content\/uploads\/2017\/03\/M1suomi_oikea.gif\"><img loading=\"lazy\" decoding=\"async\" class=\"size-full wp-image-10794 alignright\" src=\"https:\/\/saumaustarvike.fi\/verkkokauppa\/content\/uploads\/2017\/03\/M1suomi_oikea.gif\" alt=\"\" width=\"130\" height=\"129\" srcset=\"https:\/\/saumaustarvike.fi\/verkkokauppa\/wp-content\/uploads\/2017\/03\/M1suomi_oikea.gif 130w, https:\/\/saumaustarvike.fi\/verkkokauppa\/wp-content\/uploads\/2017\/03\/M1suomi_oikea-100x100.gif 100w\" sizes=\"auto, (max-width: 130px) 100vw, 130px\" \/><\/a><\/h2>\n<p>BlowerProof Liquid on liuotteeton polymeeripohjainen pasta, joka levitet\u00e4\u00e4n korkeapaineruiskulla ja annetaan kuivua ilmatiiviksi, joustavaksi kalvoksi. Tuotteella on erinomainen tartunta erilaisiin alustoihin, kuten betoniin, tiileen ja puuhun.<\/p>\n<p>Tuote on k\u00e4ytt\u00f6valmis ja sit\u00e4 voidaan k\u00e4ytt\u00e4\u00e4 pysty-, vaaka- ja kattopinnoilla.<\/p>\n<p>M1 sis\u00e4ilmaluokiteltu<\/p>\n<h3>K\u00e4ytt\u00f6alueita<\/h3>\n<ul>\n<li>Sein\u00e4n ja lattian liitokset ja saumat<\/li>\n<li>Ikkunan ja sein\u00e4n liitokset<\/li>\n<li>Putkil\u00e4piviennit<\/li>\n<li>Vaaka- ja pystysaumojen liitokset<\/li>\n<li>Rakenneliitokset<\/li>\n<li>Teollisten mineraalivillakuitujen sulkeminen<\/li>\n<li>Radon- kaasun sulkuun<\/li>\n<\/ul>\n<h3>Levitys:<\/h3>\n<ul>\n<li>BLOWERPROOF LIQUID BRUSH on k\u00e4ytt\u00f6valmis; sekoita ennen k\u00e4ytt\u00f6\u00e4. \u00c4l\u00e4 lis\u00e4\u00e4 vett\u00e4 tai liuottimia.<\/li>\n<li>K\u00e4yt\u00e4 korkeapainemaaliruiskua. (150 bar, suositeltavia suuttimia: 515, 517, 715, 717)<\/li>\n<li>Jos alusta j\u00e4\u00e4 huokoiseksi, voit harjata pinnan tuoreena ja sulkea huokoset.<\/li>\n<li>Ruiku puhdistus: puhdas vesi<\/li>\n<li>K\u00e4yt\u00e4 BlowerProof Liquid kahtena kerroksena, menekki 0,8 &#8211; 1 kg\/m\u00b2.<\/li>\n<li>Anna kuivua v\u00e4hint\u00e4\u00e4 24 tuntia ennen pinnoitusta esim. laastilla.<\/li>\n<\/ul>\n<h3>Muut ominaisuudet<\/h3>\n<ul>\n<li>Keskikulutus: 0,8 &#8211; 1 kg\/m\u00b2 (suuntaa antava, riippuu alustasta)<\/li>\n<li>Tilavuus: +\/- 1,2 kg \/ litra<\/li>\n<li>V\u00e4rit:<br \/>\n&#8211; valkoinen<\/li>\n<li>arvioitu kuivumisaika 30 min &#8211; 2 tuntia (riippuen alustan l\u00e4mp\u00f6tilasta, ilman kosteudesta, kerrospaksuudesta sek\u00e4 ilmanvaihdosta)<\/li>\n<\/ul>\n<h3>Pakkaus<\/h3>\n<p>10kg<\/p>\n","protected":false},"excerpt":{"rendered":"<p>Ruiskutettava 10kg astia. Vesiohenteinen, nestem\u00e4inen, elastinen ja ilmatiivis pinnoite. Hyv\u00e4 tartunta erilaisiin alustoihin. Voidaan levitt\u00e4\u00e4 ruiskulla tai telalla. M1 sis\u00e4ilmaluokitus.<\/p>\n","protected":false},"featured_media":17227,"comment_status":"open","ping_status":"closed","template":"","meta":{"_acf_changed":false},"product_cat":[1555,2383,1559,1560,1558,1553,2385],"product_tag":[2072,89,309,2382,510,725,2073,80,509],"class_list":{"0":"post-10785","1":"product","2":"type-product","3":"status-publish","4":"has-post-thumbnail","6":"product_brand-hevadex","7":"product_cat-eristys","8":"product_cat-hevadex","9":"product_cat-julkisivu-ja-seinien-huolto-puhdistus-ja-kunnostus","10":"product_cat-kattotuotteet","11":"product_cat-lattiatuotteet-tuotteet","12":"product_cat-tiivistys-tuotteet","13":"product_cat-tiivistys","14":"product_tag-blowerproof-liquid","15":"product_tag-elastinen","16":"product_tag-eristys","17":"product_tag-hevadex","18":"product_tag-joustava","19":"product_tag-m1","20":"product_tag-radon","21":"product_tag-tiivistys-2","22":"product_tag-vedeneristys","24":"first","25":"instock","26":"taxable","27":"shipping-taxable","28":"purchasable","29":"product-type-simple"},"acf":[],"yoast_head":"<!-- This site is optimized with the Yoast SEO plugin v27.3 - https:\/\/yoast.com\/product\/yoast-seo-wordpress\/ -->\n<title>Hevadex BlowerProof Liquid Brush M1 10kg (ruiskutettava) - Saumaustarvike.fi<\/title>\n<meta name=\"robots\" content=\"index, follow, max-snippet:-1, max-image-preview:large, max-video-preview:-1\" \/>\n<link rel=\"canonical\" href=\"https:\/\/saumaustarvike.fi\/verkkokauppa\/kauppa\/tuotemerkit\/hevadex\/tiivistys\/hevadex-blowerproof-liquid-brush-m1-10kg-ruiskutettava\/\" \/>\n<meta property=\"og:locale\" content=\"fi_FI\" \/>\n<meta property=\"og:type\" content=\"article\" \/>\n<meta property=\"og:title\" content=\"Hevadex BlowerProof Liquid Brush M1 10kg (ruiskutettava) - Saumaustarvike.fi\" \/>\n<meta property=\"og:description\" content=\"Ruiskutettava 10kg astia. Vesiohenteinen, nestem\u00e4inen, elastinen ja ilmatiivis pinnoite. Hyv\u00e4 tartunta erilaisiin alustoihin. Voidaan levitt\u00e4\u00e4 ruiskulla tai telalla. M1 sis\u00e4ilmaluokitus.\" \/>\n<meta property=\"og:url\" content=\"https:\/\/saumaustarvike.fi\/verkkokauppa\/kauppa\/tuotemerkit\/hevadex\/tiivistys\/hevadex-blowerproof-liquid-brush-m1-10kg-ruiskutettava\/\" \/>\n<meta property=\"og:site_name\" content=\"Saumaustarvike.fi\" \/>\n<meta property=\"article:publisher\" content=\"https:\/\/www.facebook.com\/Saumalaakso\" \/>\n<meta property=\"article:modified_time\" content=\"2024-09-02T07:44:39+00:00\" \/>\n<meta property=\"og:image\" content=\"https:\/\/saumaustarvike.fi\/verkkokauppa\/content\/uploads\/2017\/03\/liquid-brush-10kg.png\" \/>\n\t<meta property=\"og:image:width\" content=\"610\" \/>\n\t<meta property=\"og:image:height\" content=\"480\" \/>\n\t<meta property=\"og:image:type\" content=\"image\/png\" \/>\n<meta name=\"twitter:label1\" content=\"Arvioitu lukuaika\" \/>\n\t<meta name=\"twitter:data1\" content=\"2 minuuttia\" \/>\n<script type=\"application\/ld+json\" class=\"yoast-schema-graph\">{\"@context\":\"https:\\\/\\\/schema.org\",\"@graph\":[{\"@type\":\"WebPage\",\"@id\":\"https:\\\/\\\/saumaustarvike.fi\\\/verkkokauppa\\\/kauppa\\\/tuotemerkit\\\/hevadex\\\/tiivistys\\\/hevadex-blowerproof-liquid-brush-m1-10kg-ruiskutettava\\\/\",\"url\":\"https:\\\/\\\/saumaustarvike.fi\\\/verkkokauppa\\\/kauppa\\\/tuotemerkit\\\/hevadex\\\/tiivistys\\\/hevadex-blowerproof-liquid-brush-m1-10kg-ruiskutettava\\\/\",\"name\":\"Hevadex BlowerProof Liquid Brush M1 10kg (ruiskutettava) - Saumaustarvike.fi\",\"isPartOf\":{\"@id\":\"https:\\\/\\\/saumaustarvike.fi\\\/verkkokauppa\\\/#website\"},\"primaryImageOfPage\":{\"@id\":\"https:\\\/\\\/saumaustarvike.fi\\\/verkkokauppa\\\/kauppa\\\/tuotemerkit\\\/hevadex\\\/tiivistys\\\/hevadex-blowerproof-liquid-brush-m1-10kg-ruiskutettava\\\/#primaryimage\"},\"image\":{\"@id\":\"https:\\\/\\\/saumaustarvike.fi\\\/verkkokauppa\\\/kauppa\\\/tuotemerkit\\\/hevadex\\\/tiivistys\\\/hevadex-blowerproof-liquid-brush-m1-10kg-ruiskutettava\\\/#primaryimage\"},\"thumbnailUrl\":\"https:\\\/\\\/saumaustarvike.fi\\\/verkkokauppa\\\/wp-content\\\/uploads\\\/2017\\\/03\\\/liquid-brush-10kg.png\",\"datePublished\":\"2017-03-20T19:50:07+00:00\",\"dateModified\":\"2024-09-02T07:44:39+00:00\",\"breadcrumb\":{\"@id\":\"https:\\\/\\\/saumaustarvike.fi\\\/verkkokauppa\\\/kauppa\\\/tuotemerkit\\\/hevadex\\\/tiivistys\\\/hevadex-blowerproof-liquid-brush-m1-10kg-ruiskutettava\\\/#breadcrumb\"},\"inLanguage\":\"fi\",\"potentialAction\":[{\"@type\":\"ReadAction\",\"target\":[\"https:\\\/\\\/saumaustarvike.fi\\\/verkkokauppa\\\/kauppa\\\/tuotemerkit\\\/hevadex\\\/tiivistys\\\/hevadex-blowerproof-liquid-brush-m1-10kg-ruiskutettava\\\/\"]}]},{\"@type\":\"ImageObject\",\"inLanguage\":\"fi\",\"@id\":\"https:\\\/\\\/saumaustarvike.fi\\\/verkkokauppa\\\/kauppa\\\/tuotemerkit\\\/hevadex\\\/tiivistys\\\/hevadex-blowerproof-liquid-brush-m1-10kg-ruiskutettava\\\/#primaryimage\",\"url\":\"https:\\\/\\\/saumaustarvike.fi\\\/verkkokauppa\\\/wp-content\\\/uploads\\\/2017\\\/03\\\/liquid-brush-10kg.png\",\"contentUrl\":\"https:\\\/\\\/saumaustarvike.fi\\\/verkkokauppa\\\/wp-content\\\/uploads\\\/2017\\\/03\\\/liquid-brush-10kg.png\",\"width\":610,\"height\":480},{\"@type\":\"BreadcrumbList\",\"@id\":\"https:\\\/\\\/saumaustarvike.fi\\\/verkkokauppa\\\/kauppa\\\/tuotemerkit\\\/hevadex\\\/tiivistys\\\/hevadex-blowerproof-liquid-brush-m1-10kg-ruiskutettava\\\/#breadcrumb\",\"itemListElement\":[{\"@type\":\"ListItem\",\"position\":1,\"name\":\"Home\",\"item\":\"https:\\\/\\\/saumaustarvike.fi\\\/verkkokauppa\\\/\"},{\"@type\":\"ListItem\",\"position\":2,\"name\":\"Saumausmassat, tarvikkeet ja ty\u00f6kalut\",\"item\":\"https:\\\/\\\/saumaustarvike.fi\\\/verkkokauppa\\\/kauppa\\\/\"},{\"@type\":\"ListItem\",\"position\":3,\"name\":\"Hevadex BlowerProof Liquid Brush M1 10kg (ruiskutettava)\"}]},{\"@type\":\"WebSite\",\"@id\":\"https:\\\/\\\/saumaustarvike.fi\\\/verkkokauppa\\\/#website\",\"url\":\"https:\\\/\\\/saumaustarvike.fi\\\/verkkokauppa\\\/\",\"name\":\"Saumaustarvike.fi\",\"description\":\"Saumausmassat, tarvikkeet ja ty&ouml;kalut\",\"publisher\":{\"@id\":\"https:\\\/\\\/saumaustarvike.fi\\\/verkkokauppa\\\/#organization\"},\"potentialAction\":[{\"@type\":\"SearchAction\",\"target\":{\"@type\":\"EntryPoint\",\"urlTemplate\":\"https:\\\/\\\/saumaustarvike.fi\\\/verkkokauppa\\\/?s={search_term_string}\"},\"query-input\":{\"@type\":\"PropertyValueSpecification\",\"valueRequired\":true,\"valueName\":\"search_term_string\"}}],\"inLanguage\":\"fi\"},{\"@type\":\"Organization\",\"@id\":\"https:\\\/\\\/saumaustarvike.fi\\\/verkkokauppa\\\/#organization\",\"name\":\"Saumaustarvike.fi\",\"url\":\"https:\\\/\\\/saumaustarvike.fi\\\/verkkokauppa\\\/\",\"logo\":{\"@type\":\"ImageObject\",\"inLanguage\":\"fi\",\"@id\":\"https:\\\/\\\/saumaustarvike.fi\\\/verkkokauppa\\\/#\\\/schema\\\/logo\\\/image\\\/\",\"url\":\"https:\\\/\\\/saumaustarvike.fi\\\/verkkokauppa\\\/wp-content\\\/uploads\\\/2019\\\/02\\\/logo.png\",\"contentUrl\":\"https:\\\/\\\/saumaustarvike.fi\\\/verkkokauppa\\\/wp-content\\\/uploads\\\/2019\\\/02\\\/logo.png\",\"width\":806,\"height\":150,\"caption\":\"Saumaustarvike.fi\"},\"image\":{\"@id\":\"https:\\\/\\\/saumaustarvike.fi\\\/verkkokauppa\\\/#\\\/schema\\\/logo\\\/image\\\/\"},\"sameAs\":[\"https:\\\/\\\/www.facebook.com\\\/Saumalaakso\"]}]}<\/script>\n<!-- \/ Yoast SEO plugin. -->","yoast_head_json":{"title":"Hevadex BlowerProof Liquid Brush M1 10kg (ruiskutettava) - Saumaustarvike.fi","robots":{"index":"index","follow":"follow","max-snippet":"max-snippet:-1","max-image-preview":"max-image-preview:large","max-video-preview":"max-video-preview:-1"},"canonical":"https:\/\/saumaustarvike.fi\/verkkokauppa\/kauppa\/tuotemerkit\/hevadex\/tiivistys\/hevadex-blowerproof-liquid-brush-m1-10kg-ruiskutettava\/","og_locale":"fi_FI","og_type":"article","og_title":"Hevadex BlowerProof Liquid Brush M1 10kg (ruiskutettava) - Saumaustarvike.fi","og_description":"Ruiskutettava 10kg astia. Vesiohenteinen, nestem\u00e4inen, elastinen ja ilmatiivis pinnoite. Hyv\u00e4 tartunta erilaisiin alustoihin. Voidaan levitt\u00e4\u00e4 ruiskulla tai telalla. M1 sis\u00e4ilmaluokitus.","og_url":"https:\/\/saumaustarvike.fi\/verkkokauppa\/kauppa\/tuotemerkit\/hevadex\/tiivistys\/hevadex-blowerproof-liquid-brush-m1-10kg-ruiskutettava\/","og_site_name":"Saumaustarvike.fi","article_publisher":"https:\/\/www.facebook.com\/Saumalaakso","article_modified_time":"2024-09-02T07:44:39+00:00","og_image":[{"width":610,"height":480,"url":"https:\/\/saumaustarvike.fi\/verkkokauppa\/content\/uploads\/2017\/03\/liquid-brush-10kg.png","type":"image\/png"}],"twitter_misc":{"Arvioitu lukuaika":"2 minuuttia"},"schema":{"@context":"https:\/\/schema.org","@graph":[{"@type":"WebPage","@id":"https:\/\/saumaustarvike.fi\/verkkokauppa\/kauppa\/tuotemerkit\/hevadex\/tiivistys\/hevadex-blowerproof-liquid-brush-m1-10kg-ruiskutettava\/","url":"https:\/\/saumaustarvike.fi\/verkkokauppa\/kauppa\/tuotemerkit\/hevadex\/tiivistys\/hevadex-blowerproof-liquid-brush-m1-10kg-ruiskutettava\/","name":"Hevadex BlowerProof Liquid Brush M1 10kg (ruiskutettava) - Saumaustarvike.fi","isPartOf":{"@id":"https:\/\/saumaustarvike.fi\/verkkokauppa\/#website"},"primaryImageOfPage":{"@id":"https:\/\/saumaustarvike.fi\/verkkokauppa\/kauppa\/tuotemerkit\/hevadex\/tiivistys\/hevadex-blowerproof-liquid-brush-m1-10kg-ruiskutettava\/#primaryimage"},"image":{"@id":"https:\/\/saumaustarvike.fi\/verkkokauppa\/kauppa\/tuotemerkit\/hevadex\/tiivistys\/hevadex-blowerproof-liquid-brush-m1-10kg-ruiskutettava\/#primaryimage"},"thumbnailUrl":"https:\/\/saumaustarvike.fi\/verkkokauppa\/wp-content\/uploads\/2017\/03\/liquid-brush-10kg.png","datePublished":"2017-03-20T19:50:07+00:00","dateModified":"2024-09-02T07:44:39+00:00","breadcrumb":{"@id":"https:\/\/saumaustarvike.fi\/verkkokauppa\/kauppa\/tuotemerkit\/hevadex\/tiivistys\/hevadex-blowerproof-liquid-brush-m1-10kg-ruiskutettava\/#breadcrumb"},"inLanguage":"fi","potentialAction":[{"@type":"ReadAction","target":["https:\/\/saumaustarvike.fi\/verkkokauppa\/kauppa\/tuotemerkit\/hevadex\/tiivistys\/hevadex-blowerproof-liquid-brush-m1-10kg-ruiskutettava\/"]}]},{"@type":"ImageObject","inLanguage":"fi","@id":"https:\/\/saumaustarvike.fi\/verkkokauppa\/kauppa\/tuotemerkit\/hevadex\/tiivistys\/hevadex-blowerproof-liquid-brush-m1-10kg-ruiskutettava\/#primaryimage","url":"https:\/\/saumaustarvike.fi\/verkkokauppa\/wp-content\/uploads\/2017\/03\/liquid-brush-10kg.png","contentUrl":"https:\/\/saumaustarvike.fi\/verkkokauppa\/wp-content\/uploads\/2017\/03\/liquid-brush-10kg.png","width":610,"height":480},{"@type":"BreadcrumbList","@id":"https:\/\/saumaustarvike.fi\/verkkokauppa\/kauppa\/tuotemerkit\/hevadex\/tiivistys\/hevadex-blowerproof-liquid-brush-m1-10kg-ruiskutettava\/#breadcrumb","itemListElement":[{"@type":"ListItem","position":1,"name":"Home","item":"https:\/\/saumaustarvike.fi\/verkkokauppa\/"},{"@type":"ListItem","position":2,"name":"Saumausmassat, tarvikkeet ja ty\u00f6kalut","item":"https:\/\/saumaustarvike.fi\/verkkokauppa\/kauppa\/"},{"@type":"ListItem","position":3,"name":"Hevadex BlowerProof Liquid Brush M1 10kg (ruiskutettava)"}]},{"@type":"WebSite","@id":"https:\/\/saumaustarvike.fi\/verkkokauppa\/#website","url":"https:\/\/saumaustarvike.fi\/verkkokauppa\/","name":"Saumaustarvike.fi","description":"Saumausmassat, tarvikkeet ja ty&ouml;kalut","publisher":{"@id":"https:\/\/saumaustarvike.fi\/verkkokauppa\/#organization"},"potentialAction":[{"@type":"SearchAction","target":{"@type":"EntryPoint","urlTemplate":"https:\/\/saumaustarvike.fi\/verkkokauppa\/?s={search_term_string}"},"query-input":{"@type":"PropertyValueSpecification","valueRequired":true,"valueName":"search_term_string"}}],"inLanguage":"fi"},{"@type":"Organization","@id":"https:\/\/saumaustarvike.fi\/verkkokauppa\/#organization","name":"Saumaustarvike.fi","url":"https:\/\/saumaustarvike.fi\/verkkokauppa\/","logo":{"@type":"ImageObject","inLanguage":"fi","@id":"https:\/\/saumaustarvike.fi\/verkkokauppa\/#\/schema\/logo\/image\/","url":"https:\/\/saumaustarvike.fi\/verkkokauppa\/wp-content\/uploads\/2019\/02\/logo.png","contentUrl":"https:\/\/saumaustarvike.fi\/verkkokauppa\/wp-content\/uploads\/2019\/02\/logo.png","width":806,"height":150,"caption":"Saumaustarvike.fi"},"image":{"@id":"https:\/\/saumaustarvike.fi\/verkkokauppa\/#\/schema\/logo\/image\/"},"sameAs":["https:\/\/www.facebook.com\/Saumalaakso"]}]}},"jetpack_sharing_enabled":true,"_links":{"self":[{"href":"https:\/\/saumaustarvike.fi\/verkkokauppa\/wp-json\/wp\/v2\/product\/10785","targetHints":{"allow":["GET"]}}],"collection":[{"href":"https:\/\/saumaustarvike.fi\/verkkokauppa\/wp-json\/wp\/v2\/product"}],"about":[{"href":"https:\/\/saumaustarvike.fi\/verkkokauppa\/wp-json\/wp\/v2\/types\/product"}],"replies":[{"embeddable":true,"href":"https:\/\/saumaustarvike.fi\/verkkokauppa\/wp-json\/wp\/v2\/comments?post=10785"}],"wp:featuredmedia":[{"embeddable":true,"href":"https:\/\/saumaustarvike.fi\/verkkokauppa\/wp-json\/wp\/v2\/media\/17227"}],"wp:attachment":[{"href":"https:\/\/saumaustarvike.fi\/verkkokauppa\/wp-json\/wp\/v2\/media?parent=10785"}],"wp:term":[{"taxonomy":"product_cat","embeddable":true,"href":"https:\/\/saumaustarvike.fi\/verkkokauppa\/wp-json\/wp\/v2\/product_cat?post=10785"},{"taxonomy":"product_tag","embeddable":true,"href":"https:\/\/saumaustarvike.fi\/verkkokauppa\/wp-json\/wp\/v2\/product_tag?post=10785"}],"curies":[{"name":"wp","href":"https:\/\/api.w.org\/{rel}","templated":true}]}}