{"id":11727,"date":"2017-08-13T22:02:15","date_gmt":"2017-08-13T19:02:15","guid":{"rendered":"https:\/\/saumaustarvike.fi\/verkkokauppa\/?post_type=product&#038;p=11727"},"modified":"2024-09-12T20:20:12","modified_gmt":"2024-09-12T17:20:12","slug":"sokeva-patterisivellin-70mm-varsi-340mm-129070","status":"publish","type":"product","link":"https:\/\/saumaustarvike.fi\/verkkokauppa\/kauppa\/tuotemerkit\/sokeva-tuotemerkit\/sokeva-pensselit-ja-maalausvalineet\/sokeva-patterisivellin-70mm-varsi-340mm-129070\/","title":{"rendered":"Sokeva Patterisivellin 70mm varsi 340mm (129070)"},"content":{"rendered":"<h1 class=\"western\">Sokeva Patterisivellin 70mm varsi 340mm (129070)<\/h1>\n<p>Sekoiteharjas, puuvarsi.<\/p>\n<h3 class=\"western\"><b>Tuotekuvaus<\/b><\/h3>\n<p class=\"western\">Sekoiteharjas, puuvarsi. Varren pituus 340mm.\u00a0Vinovartinen sivellin ahtaisiin ja hankaliin maalauskohteisiin. Kest\u00e4v\u00e4 sekoiteharjas. Kaikille sis\u00e4- ja ulkomaaleille.\u00a0Sekoiteharjakset on yhdistelm\u00e4 luonnon- ja keinokuiduista. Sekoiteharjaksella saadaan erinomainen maalin nosto- ja luovutuskyky.<\/p>\n<h3 class=\"western\"><b>Harjaksen mitat<\/b><\/h3>\n<p>leveys \/ paksuus<br \/>\n70mm \/ 14mm<\/p>\n<h3 class=\"western\"><b>Tiedot<\/b><\/h3>\n<p>tuotenumero \/ viivakoodi<br \/>\n129070 \/ 6 414861 290700<\/p>\n<p>&nbsp;<\/p>\n","protected":false},"excerpt":{"rendered":"<p>Sekoiteharjas, puuvarsi. Varren pituus 340mm.<\/p>\n","protected":false},"featured_media":16390,"comment_status":"open","ping_status":"closed","template":"","meta":{"_acf_changed":false},"product_cat":[2200,2199,2153],"product_tag":[2157,2158,845,2159],"class_list":{"0":"post-11727","1":"product","2":"type-product","3":"status-publish","4":"has-post-thumbnail","6":"product_brand-sokeva","7":"product_cat-maalaus","8":"product_cat-maalaustarvikkeet","9":"product_cat-sokeva-pensselit-ja-maalausvalineet","10":"product_tag-sekoiteharjas","11":"product_tag-sisamaali","12":"product_tag-sokeva","13":"product_tag-ulkomaali","15":"first","16":"instock","17":"taxable","18":"shipping-taxable","19":"purchasable","20":"product-type-simple"},"acf":[],"yoast_head":"<!-- This site is optimized with the Yoast SEO plugin v27.3 - https:\/\/yoast.com\/product\/yoast-seo-wordpress\/ -->\n<title>Sokeva Patterisivellin 70mm varsi 340mm (129070) - Saumaustarvike.fi<\/title>\n<meta name=\"robots\" content=\"index, follow, max-snippet:-1, max-image-preview:large, max-video-preview:-1\" \/>\n<link rel=\"canonical\" href=\"https:\/\/saumaustarvike.fi\/verkkokauppa\/kauppa\/tuotemerkit\/sokeva-tuotemerkit\/sokeva-pensselit-ja-maalausvalineet\/sokeva-patterisivellin-70mm-varsi-340mm-129070\/\" \/>\n<meta property=\"og:locale\" content=\"fi_FI\" \/>\n<meta property=\"og:type\" content=\"article\" \/>\n<meta property=\"og:title\" content=\"Sokeva Patterisivellin 70mm varsi 340mm (129070) - Saumaustarvike.fi\" \/>\n<meta property=\"og:description\" content=\"Sekoiteharjas, puuvarsi. Varren pituus 340mm.\" \/>\n<meta property=\"og:url\" content=\"https:\/\/saumaustarvike.fi\/verkkokauppa\/kauppa\/tuotemerkit\/sokeva-tuotemerkit\/sokeva-pensselit-ja-maalausvalineet\/sokeva-patterisivellin-70mm-varsi-340mm-129070\/\" \/>\n<meta property=\"og:site_name\" content=\"Saumaustarvike.fi\" \/>\n<meta property=\"article:publisher\" content=\"https:\/\/www.facebook.com\/Saumalaakso\" \/>\n<meta property=\"article:modified_time\" content=\"2024-09-12T17:20:12+00:00\" \/>\n<meta property=\"og:image\" content=\"https:\/\/saumaustarvike.fi\/verkkokauppa\/content\/uploads\/2017\/08\/saumaustarvike-Sokeva-Habo-tasoittaja.jpg\" \/>\n\t<meta property=\"og:image:width\" content=\"1000\" \/>\n\t<meta property=\"og:image:height\" content=\"1000\" \/>\n\t<meta property=\"og:image:type\" content=\"image\/jpeg\" \/>\n<script type=\"application\/ld+json\" class=\"yoast-schema-graph\">{\"@context\":\"https:\\\/\\\/schema.org\",\"@graph\":[{\"@type\":\"WebPage\",\"@id\":\"https:\\\/\\\/saumaustarvike.fi\\\/verkkokauppa\\\/kauppa\\\/tuotemerkit\\\/sokeva-tuotemerkit\\\/sokeva-pensselit-ja-maalausvalineet\\\/sokeva-patterisivellin-70mm-varsi-340mm-129070\\\/\",\"url\":\"https:\\\/\\\/saumaustarvike.fi\\\/verkkokauppa\\\/kauppa\\\/tuotemerkit\\\/sokeva-tuotemerkit\\\/sokeva-pensselit-ja-maalausvalineet\\\/sokeva-patterisivellin-70mm-varsi-340mm-129070\\\/\",\"name\":\"Sokeva Patterisivellin 70mm varsi 340mm (129070) - Saumaustarvike.fi\",\"isPartOf\":{\"@id\":\"https:\\\/\\\/saumaustarvike.fi\\\/verkkokauppa\\\/#website\"},\"primaryImageOfPage\":{\"@id\":\"https:\\\/\\\/saumaustarvike.fi\\\/verkkokauppa\\\/kauppa\\\/tuotemerkit\\\/sokeva-tuotemerkit\\\/sokeva-pensselit-ja-maalausvalineet\\\/sokeva-patterisivellin-70mm-varsi-340mm-129070\\\/#primaryimage\"},\"image\":{\"@id\":\"https:\\\/\\\/saumaustarvike.fi\\\/verkkokauppa\\\/kauppa\\\/tuotemerkit\\\/sokeva-tuotemerkit\\\/sokeva-pensselit-ja-maalausvalineet\\\/sokeva-patterisivellin-70mm-varsi-340mm-129070\\\/#primaryimage\"},\"thumbnailUrl\":\"https:\\\/\\\/saumaustarvike.fi\\\/verkkokauppa\\\/wp-content\\\/uploads\\\/2017\\\/08\\\/saumaustarvike-Sokeva-Habo-tasoittaja.jpg\",\"datePublished\":\"2017-08-13T19:02:15+00:00\",\"dateModified\":\"2024-09-12T17:20:12+00:00\",\"breadcrumb\":{\"@id\":\"https:\\\/\\\/saumaustarvike.fi\\\/verkkokauppa\\\/kauppa\\\/tuotemerkit\\\/sokeva-tuotemerkit\\\/sokeva-pensselit-ja-maalausvalineet\\\/sokeva-patterisivellin-70mm-varsi-340mm-129070\\\/#breadcrumb\"},\"inLanguage\":\"fi\",\"potentialAction\":[{\"@type\":\"ReadAction\",\"target\":[\"https:\\\/\\\/saumaustarvike.fi\\\/verkkokauppa\\\/kauppa\\\/tuotemerkit\\\/sokeva-tuotemerkit\\\/sokeva-pensselit-ja-maalausvalineet\\\/sokeva-patterisivellin-70mm-varsi-340mm-129070\\\/\"]}]},{\"@type\":\"ImageObject\",\"inLanguage\":\"fi\",\"@id\":\"https:\\\/\\\/saumaustarvike.fi\\\/verkkokauppa\\\/kauppa\\\/tuotemerkit\\\/sokeva-tuotemerkit\\\/sokeva-pensselit-ja-maalausvalineet\\\/sokeva-patterisivellin-70mm-varsi-340mm-129070\\\/#primaryimage\",\"url\":\"https:\\\/\\\/saumaustarvike.fi\\\/verkkokauppa\\\/wp-content\\\/uploads\\\/2017\\\/08\\\/saumaustarvike-Sokeva-Habo-tasoittaja.jpg\",\"contentUrl\":\"https:\\\/\\\/saumaustarvike.fi\\\/verkkokauppa\\\/wp-content\\\/uploads\\\/2017\\\/08\\\/saumaustarvike-Sokeva-Habo-tasoittaja.jpg\",\"width\":1000,\"height\":1000},{\"@type\":\"BreadcrumbList\",\"@id\":\"https:\\\/\\\/saumaustarvike.fi\\\/verkkokauppa\\\/kauppa\\\/tuotemerkit\\\/sokeva-tuotemerkit\\\/sokeva-pensselit-ja-maalausvalineet\\\/sokeva-patterisivellin-70mm-varsi-340mm-129070\\\/#breadcrumb\",\"itemListElement\":[{\"@type\":\"ListItem\",\"position\":1,\"name\":\"Home\",\"item\":\"https:\\\/\\\/saumaustarvike.fi\\\/verkkokauppa\\\/\"},{\"@type\":\"ListItem\",\"position\":2,\"name\":\"Saumausmassat, tarvikkeet ja ty\u00f6kalut\",\"item\":\"https:\\\/\\\/saumaustarvike.fi\\\/verkkokauppa\\\/kauppa\\\/\"},{\"@type\":\"ListItem\",\"position\":3,\"name\":\"Sokeva Patterisivellin 70mm varsi 340mm (129070)\"}]},{\"@type\":\"WebSite\",\"@id\":\"https:\\\/\\\/saumaustarvike.fi\\\/verkkokauppa\\\/#website\",\"url\":\"https:\\\/\\\/saumaustarvike.fi\\\/verkkokauppa\\\/\",\"name\":\"Saumaustarvike.fi\",\"description\":\"Saumausmassat, tarvikkeet ja ty&ouml;kalut\",\"publisher\":{\"@id\":\"https:\\\/\\\/saumaustarvike.fi\\\/verkkokauppa\\\/#organization\"},\"potentialAction\":[{\"@type\":\"SearchAction\",\"target\":{\"@type\":\"EntryPoint\",\"urlTemplate\":\"https:\\\/\\\/saumaustarvike.fi\\\/verkkokauppa\\\/?s={search_term_string}\"},\"query-input\":{\"@type\":\"PropertyValueSpecification\",\"valueRequired\":true,\"valueName\":\"search_term_string\"}}],\"inLanguage\":\"fi\"},{\"@type\":\"Organization\",\"@id\":\"https:\\\/\\\/saumaustarvike.fi\\\/verkkokauppa\\\/#organization\",\"name\":\"Saumaustarvike.fi\",\"url\":\"https:\\\/\\\/saumaustarvike.fi\\\/verkkokauppa\\\/\",\"logo\":{\"@type\":\"ImageObject\",\"inLanguage\":\"fi\",\"@id\":\"https:\\\/\\\/saumaustarvike.fi\\\/verkkokauppa\\\/#\\\/schema\\\/logo\\\/image\\\/\",\"url\":\"https:\\\/\\\/saumaustarvike.fi\\\/verkkokauppa\\\/wp-content\\\/uploads\\\/2019\\\/02\\\/logo.png\",\"contentUrl\":\"https:\\\/\\\/saumaustarvike.fi\\\/verkkokauppa\\\/wp-content\\\/uploads\\\/2019\\\/02\\\/logo.png\",\"width\":806,\"height\":150,\"caption\":\"Saumaustarvike.fi\"},\"image\":{\"@id\":\"https:\\\/\\\/saumaustarvike.fi\\\/verkkokauppa\\\/#\\\/schema\\\/logo\\\/image\\\/\"},\"sameAs\":[\"https:\\\/\\\/www.facebook.com\\\/Saumalaakso\"]}]}<\/script>\n<!-- \/ Yoast SEO plugin. -->","yoast_head_json":{"title":"Sokeva Patterisivellin 70mm varsi 340mm (129070) - Saumaustarvike.fi","robots":{"index":"index","follow":"follow","max-snippet":"max-snippet:-1","max-image-preview":"max-image-preview:large","max-video-preview":"max-video-preview:-1"},"canonical":"https:\/\/saumaustarvike.fi\/verkkokauppa\/kauppa\/tuotemerkit\/sokeva-tuotemerkit\/sokeva-pensselit-ja-maalausvalineet\/sokeva-patterisivellin-70mm-varsi-340mm-129070\/","og_locale":"fi_FI","og_type":"article","og_title":"Sokeva Patterisivellin 70mm varsi 340mm (129070) - Saumaustarvike.fi","og_description":"Sekoiteharjas, puuvarsi. Varren pituus 340mm.","og_url":"https:\/\/saumaustarvike.fi\/verkkokauppa\/kauppa\/tuotemerkit\/sokeva-tuotemerkit\/sokeva-pensselit-ja-maalausvalineet\/sokeva-patterisivellin-70mm-varsi-340mm-129070\/","og_site_name":"Saumaustarvike.fi","article_publisher":"https:\/\/www.facebook.com\/Saumalaakso","article_modified_time":"2024-09-12T17:20:12+00:00","og_image":[{"width":1000,"height":1000,"url":"https:\/\/saumaustarvike.fi\/verkkokauppa\/content\/uploads\/2017\/08\/saumaustarvike-Sokeva-Habo-tasoittaja.jpg","type":"image\/jpeg"}],"schema":{"@context":"https:\/\/schema.org","@graph":[{"@type":"WebPage","@id":"https:\/\/saumaustarvike.fi\/verkkokauppa\/kauppa\/tuotemerkit\/sokeva-tuotemerkit\/sokeva-pensselit-ja-maalausvalineet\/sokeva-patterisivellin-70mm-varsi-340mm-129070\/","url":"https:\/\/saumaustarvike.fi\/verkkokauppa\/kauppa\/tuotemerkit\/sokeva-tuotemerkit\/sokeva-pensselit-ja-maalausvalineet\/sokeva-patterisivellin-70mm-varsi-340mm-129070\/","name":"Sokeva Patterisivellin 70mm varsi 340mm (129070) - Saumaustarvike.fi","isPartOf":{"@id":"https:\/\/saumaustarvike.fi\/verkkokauppa\/#website"},"primaryImageOfPage":{"@id":"https:\/\/saumaustarvike.fi\/verkkokauppa\/kauppa\/tuotemerkit\/sokeva-tuotemerkit\/sokeva-pensselit-ja-maalausvalineet\/sokeva-patterisivellin-70mm-varsi-340mm-129070\/#primaryimage"},"image":{"@id":"https:\/\/saumaustarvike.fi\/verkkokauppa\/kauppa\/tuotemerkit\/sokeva-tuotemerkit\/sokeva-pensselit-ja-maalausvalineet\/sokeva-patterisivellin-70mm-varsi-340mm-129070\/#primaryimage"},"thumbnailUrl":"https:\/\/saumaustarvike.fi\/verkkokauppa\/wp-content\/uploads\/2017\/08\/saumaustarvike-Sokeva-Habo-tasoittaja.jpg","datePublished":"2017-08-13T19:02:15+00:00","dateModified":"2024-09-12T17:20:12+00:00","breadcrumb":{"@id":"https:\/\/saumaustarvike.fi\/verkkokauppa\/kauppa\/tuotemerkit\/sokeva-tuotemerkit\/sokeva-pensselit-ja-maalausvalineet\/sokeva-patterisivellin-70mm-varsi-340mm-129070\/#breadcrumb"},"inLanguage":"fi","potentialAction":[{"@type":"ReadAction","target":["https:\/\/saumaustarvike.fi\/verkkokauppa\/kauppa\/tuotemerkit\/sokeva-tuotemerkit\/sokeva-pensselit-ja-maalausvalineet\/sokeva-patterisivellin-70mm-varsi-340mm-129070\/"]}]},{"@type":"ImageObject","inLanguage":"fi","@id":"https:\/\/saumaustarvike.fi\/verkkokauppa\/kauppa\/tuotemerkit\/sokeva-tuotemerkit\/sokeva-pensselit-ja-maalausvalineet\/sokeva-patterisivellin-70mm-varsi-340mm-129070\/#primaryimage","url":"https:\/\/saumaustarvike.fi\/verkkokauppa\/wp-content\/uploads\/2017\/08\/saumaustarvike-Sokeva-Habo-tasoittaja.jpg","contentUrl":"https:\/\/saumaustarvike.fi\/verkkokauppa\/wp-content\/uploads\/2017\/08\/saumaustarvike-Sokeva-Habo-tasoittaja.jpg","width":1000,"height":1000},{"@type":"BreadcrumbList","@id":"https:\/\/saumaustarvike.fi\/verkkokauppa\/kauppa\/tuotemerkit\/sokeva-tuotemerkit\/sokeva-pensselit-ja-maalausvalineet\/sokeva-patterisivellin-70mm-varsi-340mm-129070\/#breadcrumb","itemListElement":[{"@type":"ListItem","position":1,"name":"Home","item":"https:\/\/saumaustarvike.fi\/verkkokauppa\/"},{"@type":"ListItem","position":2,"name":"Saumausmassat, tarvikkeet ja ty\u00f6kalut","item":"https:\/\/saumaustarvike.fi\/verkkokauppa\/kauppa\/"},{"@type":"ListItem","position":3,"name":"Sokeva Patterisivellin 70mm varsi 340mm (129070)"}]},{"@type":"WebSite","@id":"https:\/\/saumaustarvike.fi\/verkkokauppa\/#website","url":"https:\/\/saumaustarvike.fi\/verkkokauppa\/","name":"Saumaustarvike.fi","description":"Saumausmassat, tarvikkeet ja ty&ouml;kalut","publisher":{"@id":"https:\/\/saumaustarvike.fi\/verkkokauppa\/#organization"},"potentialAction":[{"@type":"SearchAction","target":{"@type":"EntryPoint","urlTemplate":"https:\/\/saumaustarvike.fi\/verkkokauppa\/?s={search_term_string}"},"query-input":{"@type":"PropertyValueSpecification","valueRequired":true,"valueName":"search_term_string"}}],"inLanguage":"fi"},{"@type":"Organization","@id":"https:\/\/saumaustarvike.fi\/verkkokauppa\/#organization","name":"Saumaustarvike.fi","url":"https:\/\/saumaustarvike.fi\/verkkokauppa\/","logo":{"@type":"ImageObject","inLanguage":"fi","@id":"https:\/\/saumaustarvike.fi\/verkkokauppa\/#\/schema\/logo\/image\/","url":"https:\/\/saumaustarvike.fi\/verkkokauppa\/wp-content\/uploads\/2019\/02\/logo.png","contentUrl":"https:\/\/saumaustarvike.fi\/verkkokauppa\/wp-content\/uploads\/2019\/02\/logo.png","width":806,"height":150,"caption":"Saumaustarvike.fi"},"image":{"@id":"https:\/\/saumaustarvike.fi\/verkkokauppa\/#\/schema\/logo\/image\/"},"sameAs":["https:\/\/www.facebook.com\/Saumalaakso"]}]}},"jetpack_sharing_enabled":true,"_links":{"self":[{"href":"https:\/\/saumaustarvike.fi\/verkkokauppa\/wp-json\/wp\/v2\/product\/11727","targetHints":{"allow":["GET"]}}],"collection":[{"href":"https:\/\/saumaustarvike.fi\/verkkokauppa\/wp-json\/wp\/v2\/product"}],"about":[{"href":"https:\/\/saumaustarvike.fi\/verkkokauppa\/wp-json\/wp\/v2\/types\/product"}],"replies":[{"embeddable":true,"href":"https:\/\/saumaustarvike.fi\/verkkokauppa\/wp-json\/wp\/v2\/comments?post=11727"}],"wp:featuredmedia":[{"embeddable":true,"href":"https:\/\/saumaustarvike.fi\/verkkokauppa\/wp-json\/wp\/v2\/media\/16390"}],"wp:attachment":[{"href":"https:\/\/saumaustarvike.fi\/verkkokauppa\/wp-json\/wp\/v2\/media?parent=11727"}],"wp:term":[{"taxonomy":"product_cat","embeddable":true,"href":"https:\/\/saumaustarvike.fi\/verkkokauppa\/wp-json\/wp\/v2\/product_cat?post=11727"},{"taxonomy":"product_tag","embeddable":true,"href":"https:\/\/saumaustarvike.fi\/verkkokauppa\/wp-json\/wp\/v2\/product_tag?post=11727"}],"curies":[{"name":"wp","href":"https:\/\/api.w.org\/{rel}","templated":true}]}}