{"id":12236,"date":"2018-01-12T20:38:37","date_gmt":"2018-01-12T18:38:37","guid":{"rendered":"https:\/\/saumaustarvike.fi\/verkkokauppa\/?post_type=product&#038;p=12236"},"modified":"2024-09-02T10:45:31","modified_gmt":"2024-09-02T07:45:31","slug":"hevadex-codex-bst-150-butyylinauha-20m-rulla","status":"publish","type":"product","link":"https:\/\/saumaustarvike.fi\/verkkokauppa\/kauppa\/tuotemerkit\/hevadex\/hevadex-codex-bst-150-butyylinauha-20m-rulla\/","title":{"rendered":"Hevadex codex BST 150 Butyylinauha 20m rulla"},"content":{"rendered":"<h1>Hevadex codex BST 150 Butyylinauha 20m rulla<\/h1>\n<p>Saumanauha kosteuseristyksien liitoskohtiin. Lattioiden ja seinien liittym\u00e4kohtaan, liitosten, pusku- ja liikuntasaumojen tiivist\u00e4miseen. Vesieristyksiin laatoitusten alle kosteissa tiloissa ja parvekkeilla, sek\u00e4 tiivistyksiin diffuusiosuojattujen epoksipohjustimien kanssa.<\/p>\n<h3>Soveltuu:<\/h3>\n<ul>\n<li>Sileiden, tiiviiden tasoite- ja betonipintojen p\u00e4\u00e4lle<\/li>\n<li>Kipsitasoitteiden p\u00e4\u00e4lle<\/li>\n<li>Kipsi- ja rakennuslevyjen p\u00e4\u00e4lle<\/li>\n<li>Keraamisten laattojen p\u00e4\u00e4lle<\/li>\n<li>Puu, muovi ja metallipinnoille<\/li>\n<li>Kaikille liimaa kest\u00e4ville pinnoille<\/li>\n<\/ul>\n<p>Codex BST 150 soveltuu k\u00e4ytett\u00e4v\u00e4ksi codex HS 600 vesieristeen, codex NC 220 sementtipohjaisen vesieris-teen, codex Epoxidicht epoksivesieristeen ja UZIN PE 460\/PE 480 diffuusiosuojattujen epoksipohjustimien kanssa.<\/p>\n<h3>Edut<\/h3>\n<p>Codex BST 150 on itseliimautuva, nailonvahvistettu butyylinauha.<\/p>\n<ul>\n<li>Itseliimautuva<\/li>\n<li>Kest\u00e4\u00e4 vett\u00e4 ja kemikaaleja<\/li>\n<li>Kest\u00e4\u00e4 l\u00e4mp\u00f6\u00e4 ja pakkasta<\/li>\n<li>Hyv\u00e4 tarttuvuus ja vetolujuus<\/li>\n<li>Helppo asentaa<\/li>\n<li>Elastinen ja joustava<\/li>\n<li>Hyv\u00e4 tiivistys sein\u00e4n ja lattian liitoskohtaan<\/li>\n<\/ul>\n<h3>Tekniset tiedot:<\/h3>\n<p>Pakkaus: <strong>20 m:n rulla<\/strong>\u00a04 rullaa \/ laatikko<br \/>\nLeveys: 150<strong>\u00a0mm<\/strong><br \/>\nPaksuus: <strong>0,75 mm<\/strong><br \/>\nVarastointiaika: <strong>24 kuukautta<\/strong><br \/>\nV\u00e4ri: <strong>musta<\/strong><br \/>\nMateriaali: <strong>nylonvahvistettu butyyli<\/strong><br \/>\nPaino: <strong>n. 100 g \/ m<\/strong><br \/>\nMurtovenym\u00e4:<strong> 25 %<\/strong><br \/>\nL\u00e4mm\u00f6nkesto:<strong> maks. 60 \u00b0C<\/strong><br \/>\nKylm\u00e4nkesto: <strong>paikalleen asennettuna ei maksimirajaa<\/strong><br \/>\nLopullinen lujuus: <strong>n. 8 vrk asennuksesta<\/strong>*<br \/>\n* 23 \u00b0C, suhteellinen kosteus 50 %<\/p>\n<h3><\/h3>\n","protected":false},"excerpt":{"rendered":"<p>codex BST 150 Saumanauha kosteuseristyksien liitoskohtiin. Lattioiden ja seinien liittym\u00e4kohtaan, liitosten, pusku- ja liikuntasaumojen tiivist\u00e4miseen. Vesieristyksiin laatoitusten alle kosteissa tiloissa ja parvekkeilla, sek\u00e4 tiivistyksiin diffuusiosuojattujen epoksipohjustimien kanssa.<\/p>\n","protected":false},"featured_media":16377,"comment_status":"open","ping_status":"closed","template":"","meta":{"_acf_changed":false},"product_cat":[1545,1555,2383,1559,1558,1551,1577,1553],"product_tag":[2074,89,309,2382,510,2073,80,509],"class_list":{"0":"post-12236","1":"product","2":"type-product","3":"status-publish","4":"has-post-thumbnail","6":"product_brand-hevadex","7":"product_cat-bitumi-butyyli-tuotealueet","8":"product_cat-eristys","9":"product_cat-hevadex","10":"product_cat-julkisivu-ja-seinien-huolto-puhdistus-ja-kunnostus","11":"product_cat-lattiatuotteet-tuotteet","12":"product_cat-saumanauhat-pohjanauhat","13":"product_cat-saumaustarvikkeet","14":"product_cat-tiivistys-tuotteet","15":"product_tag-codex","16":"product_tag-elastinen","17":"product_tag-eristys","18":"product_tag-hevadex","19":"product_tag-joustava","20":"product_tag-radon","21":"product_tag-tiivistys-2","22":"product_tag-vedeneristys","24":"first","25":"instock","26":"taxable","27":"shipping-taxable","28":"purchasable","29":"product-type-simple"},"acf":[],"yoast_head":"<!-- This site is optimized with the Yoast SEO plugin v27.3 - https:\/\/yoast.com\/product\/yoast-seo-wordpress\/ -->\n<title>Hevadex codex BST 150 Butyylinauha 20m rulla - Saumaustarvike.fi<\/title>\n<meta name=\"robots\" content=\"index, follow, max-snippet:-1, max-image-preview:large, max-video-preview:-1\" \/>\n<link rel=\"canonical\" href=\"https:\/\/saumaustarvike.fi\/verkkokauppa\/kauppa\/tuotemerkit\/hevadex\/hevadex-codex-bst-150-butyylinauha-20m-rulla\/\" \/>\n<meta property=\"og:locale\" content=\"fi_FI\" \/>\n<meta property=\"og:type\" content=\"article\" \/>\n<meta property=\"og:title\" content=\"Hevadex codex BST 150 Butyylinauha 20m rulla - Saumaustarvike.fi\" \/>\n<meta property=\"og:description\" content=\"codex BST 150 Saumanauha kosteuseristyksien liitoskohtiin. Lattioiden ja seinien liittym\u00e4kohtaan, liitosten, pusku- ja liikuntasaumojen tiivist\u00e4miseen. Vesieristyksiin laatoitusten alle kosteissa tiloissa ja parvekkeilla, sek\u00e4 tiivistyksiin diffuusiosuojattujen epoksipohjustimien kanssa.\" \/>\n<meta property=\"og:url\" content=\"https:\/\/saumaustarvike.fi\/verkkokauppa\/kauppa\/tuotemerkit\/hevadex\/hevadex-codex-bst-150-butyylinauha-20m-rulla\/\" \/>\n<meta property=\"og:site_name\" content=\"Saumaustarvike.fi\" \/>\n<meta property=\"article:publisher\" content=\"https:\/\/www.facebook.com\/Saumalaakso\" \/>\n<meta property=\"article:modified_time\" content=\"2024-09-02T07:45:31+00:00\" \/>\n<meta property=\"og:image\" content=\"https:\/\/saumaustarvike.fi\/verkkokauppa\/content\/uploads\/2018\/01\/saumaustarvike-Betton-codex-BST-150-Butyylinauha.jpg\" \/>\n\t<meta property=\"og:image:width\" content=\"1000\" \/>\n\t<meta property=\"og:image:height\" content=\"1000\" \/>\n\t<meta property=\"og:image:type\" content=\"image\/jpeg\" \/>\n<meta name=\"twitter:label1\" content=\"Arvioitu lukuaika\" \/>\n\t<meta name=\"twitter:data1\" content=\"2 minuuttia\" \/>\n<script type=\"application\/ld+json\" class=\"yoast-schema-graph\">{\"@context\":\"https:\\\/\\\/schema.org\",\"@graph\":[{\"@type\":\"WebPage\",\"@id\":\"https:\\\/\\\/saumaustarvike.fi\\\/verkkokauppa\\\/kauppa\\\/tuotemerkit\\\/hevadex\\\/hevadex-codex-bst-150-butyylinauha-20m-rulla\\\/\",\"url\":\"https:\\\/\\\/saumaustarvike.fi\\\/verkkokauppa\\\/kauppa\\\/tuotemerkit\\\/hevadex\\\/hevadex-codex-bst-150-butyylinauha-20m-rulla\\\/\",\"name\":\"Hevadex codex BST 150 Butyylinauha 20m rulla - Saumaustarvike.fi\",\"isPartOf\":{\"@id\":\"https:\\\/\\\/saumaustarvike.fi\\\/verkkokauppa\\\/#website\"},\"primaryImageOfPage\":{\"@id\":\"https:\\\/\\\/saumaustarvike.fi\\\/verkkokauppa\\\/kauppa\\\/tuotemerkit\\\/hevadex\\\/hevadex-codex-bst-150-butyylinauha-20m-rulla\\\/#primaryimage\"},\"image\":{\"@id\":\"https:\\\/\\\/saumaustarvike.fi\\\/verkkokauppa\\\/kauppa\\\/tuotemerkit\\\/hevadex\\\/hevadex-codex-bst-150-butyylinauha-20m-rulla\\\/#primaryimage\"},\"thumbnailUrl\":\"https:\\\/\\\/saumaustarvike.fi\\\/verkkokauppa\\\/wp-content\\\/uploads\\\/2018\\\/01\\\/saumaustarvike-Betton-codex-BST-150-Butyylinauha.jpg\",\"datePublished\":\"2018-01-12T18:38:37+00:00\",\"dateModified\":\"2024-09-02T07:45:31+00:00\",\"breadcrumb\":{\"@id\":\"https:\\\/\\\/saumaustarvike.fi\\\/verkkokauppa\\\/kauppa\\\/tuotemerkit\\\/hevadex\\\/hevadex-codex-bst-150-butyylinauha-20m-rulla\\\/#breadcrumb\"},\"inLanguage\":\"fi\",\"potentialAction\":[{\"@type\":\"ReadAction\",\"target\":[\"https:\\\/\\\/saumaustarvike.fi\\\/verkkokauppa\\\/kauppa\\\/tuotemerkit\\\/hevadex\\\/hevadex-codex-bst-150-butyylinauha-20m-rulla\\\/\"]}]},{\"@type\":\"ImageObject\",\"inLanguage\":\"fi\",\"@id\":\"https:\\\/\\\/saumaustarvike.fi\\\/verkkokauppa\\\/kauppa\\\/tuotemerkit\\\/hevadex\\\/hevadex-codex-bst-150-butyylinauha-20m-rulla\\\/#primaryimage\",\"url\":\"https:\\\/\\\/saumaustarvike.fi\\\/verkkokauppa\\\/wp-content\\\/uploads\\\/2018\\\/01\\\/saumaustarvike-Betton-codex-BST-150-Butyylinauha.jpg\",\"contentUrl\":\"https:\\\/\\\/saumaustarvike.fi\\\/verkkokauppa\\\/wp-content\\\/uploads\\\/2018\\\/01\\\/saumaustarvike-Betton-codex-BST-150-Butyylinauha.jpg\",\"width\":1000,\"height\":1000},{\"@type\":\"BreadcrumbList\",\"@id\":\"https:\\\/\\\/saumaustarvike.fi\\\/verkkokauppa\\\/kauppa\\\/tuotemerkit\\\/hevadex\\\/hevadex-codex-bst-150-butyylinauha-20m-rulla\\\/#breadcrumb\",\"itemListElement\":[{\"@type\":\"ListItem\",\"position\":1,\"name\":\"Home\",\"item\":\"https:\\\/\\\/saumaustarvike.fi\\\/verkkokauppa\\\/\"},{\"@type\":\"ListItem\",\"position\":2,\"name\":\"Saumausmassat, tarvikkeet ja ty\u00f6kalut\",\"item\":\"https:\\\/\\\/saumaustarvike.fi\\\/verkkokauppa\\\/kauppa\\\/\"},{\"@type\":\"ListItem\",\"position\":3,\"name\":\"Hevadex codex BST 150 Butyylinauha 20m rulla\"}]},{\"@type\":\"WebSite\",\"@id\":\"https:\\\/\\\/saumaustarvike.fi\\\/verkkokauppa\\\/#website\",\"url\":\"https:\\\/\\\/saumaustarvike.fi\\\/verkkokauppa\\\/\",\"name\":\"Saumaustarvike.fi\",\"description\":\"Saumausmassat, tarvikkeet ja ty&ouml;kalut\",\"publisher\":{\"@id\":\"https:\\\/\\\/saumaustarvike.fi\\\/verkkokauppa\\\/#organization\"},\"potentialAction\":[{\"@type\":\"SearchAction\",\"target\":{\"@type\":\"EntryPoint\",\"urlTemplate\":\"https:\\\/\\\/saumaustarvike.fi\\\/verkkokauppa\\\/?s={search_term_string}\"},\"query-input\":{\"@type\":\"PropertyValueSpecification\",\"valueRequired\":true,\"valueName\":\"search_term_string\"}}],\"inLanguage\":\"fi\"},{\"@type\":\"Organization\",\"@id\":\"https:\\\/\\\/saumaustarvike.fi\\\/verkkokauppa\\\/#organization\",\"name\":\"Saumaustarvike.fi\",\"url\":\"https:\\\/\\\/saumaustarvike.fi\\\/verkkokauppa\\\/\",\"logo\":{\"@type\":\"ImageObject\",\"inLanguage\":\"fi\",\"@id\":\"https:\\\/\\\/saumaustarvike.fi\\\/verkkokauppa\\\/#\\\/schema\\\/logo\\\/image\\\/\",\"url\":\"https:\\\/\\\/saumaustarvike.fi\\\/verkkokauppa\\\/wp-content\\\/uploads\\\/2019\\\/02\\\/logo.png\",\"contentUrl\":\"https:\\\/\\\/saumaustarvike.fi\\\/verkkokauppa\\\/wp-content\\\/uploads\\\/2019\\\/02\\\/logo.png\",\"width\":806,\"height\":150,\"caption\":\"Saumaustarvike.fi\"},\"image\":{\"@id\":\"https:\\\/\\\/saumaustarvike.fi\\\/verkkokauppa\\\/#\\\/schema\\\/logo\\\/image\\\/\"},\"sameAs\":[\"https:\\\/\\\/www.facebook.com\\\/Saumalaakso\"]}]}<\/script>\n<!-- \/ Yoast SEO plugin. -->","yoast_head_json":{"title":"Hevadex codex BST 150 Butyylinauha 20m rulla - Saumaustarvike.fi","robots":{"index":"index","follow":"follow","max-snippet":"max-snippet:-1","max-image-preview":"max-image-preview:large","max-video-preview":"max-video-preview:-1"},"canonical":"https:\/\/saumaustarvike.fi\/verkkokauppa\/kauppa\/tuotemerkit\/hevadex\/hevadex-codex-bst-150-butyylinauha-20m-rulla\/","og_locale":"fi_FI","og_type":"article","og_title":"Hevadex codex BST 150 Butyylinauha 20m rulla - Saumaustarvike.fi","og_description":"codex BST 150 Saumanauha kosteuseristyksien liitoskohtiin. Lattioiden ja seinien liittym\u00e4kohtaan, liitosten, pusku- ja liikuntasaumojen tiivist\u00e4miseen. Vesieristyksiin laatoitusten alle kosteissa tiloissa ja parvekkeilla, sek\u00e4 tiivistyksiin diffuusiosuojattujen epoksipohjustimien kanssa.","og_url":"https:\/\/saumaustarvike.fi\/verkkokauppa\/kauppa\/tuotemerkit\/hevadex\/hevadex-codex-bst-150-butyylinauha-20m-rulla\/","og_site_name":"Saumaustarvike.fi","article_publisher":"https:\/\/www.facebook.com\/Saumalaakso","article_modified_time":"2024-09-02T07:45:31+00:00","og_image":[{"width":1000,"height":1000,"url":"https:\/\/saumaustarvike.fi\/verkkokauppa\/content\/uploads\/2018\/01\/saumaustarvike-Betton-codex-BST-150-Butyylinauha.jpg","type":"image\/jpeg"}],"twitter_misc":{"Arvioitu lukuaika":"2 minuuttia"},"schema":{"@context":"https:\/\/schema.org","@graph":[{"@type":"WebPage","@id":"https:\/\/saumaustarvike.fi\/verkkokauppa\/kauppa\/tuotemerkit\/hevadex\/hevadex-codex-bst-150-butyylinauha-20m-rulla\/","url":"https:\/\/saumaustarvike.fi\/verkkokauppa\/kauppa\/tuotemerkit\/hevadex\/hevadex-codex-bst-150-butyylinauha-20m-rulla\/","name":"Hevadex codex BST 150 Butyylinauha 20m rulla - Saumaustarvike.fi","isPartOf":{"@id":"https:\/\/saumaustarvike.fi\/verkkokauppa\/#website"},"primaryImageOfPage":{"@id":"https:\/\/saumaustarvike.fi\/verkkokauppa\/kauppa\/tuotemerkit\/hevadex\/hevadex-codex-bst-150-butyylinauha-20m-rulla\/#primaryimage"},"image":{"@id":"https:\/\/saumaustarvike.fi\/verkkokauppa\/kauppa\/tuotemerkit\/hevadex\/hevadex-codex-bst-150-butyylinauha-20m-rulla\/#primaryimage"},"thumbnailUrl":"https:\/\/saumaustarvike.fi\/verkkokauppa\/wp-content\/uploads\/2018\/01\/saumaustarvike-Betton-codex-BST-150-Butyylinauha.jpg","datePublished":"2018-01-12T18:38:37+00:00","dateModified":"2024-09-02T07:45:31+00:00","breadcrumb":{"@id":"https:\/\/saumaustarvike.fi\/verkkokauppa\/kauppa\/tuotemerkit\/hevadex\/hevadex-codex-bst-150-butyylinauha-20m-rulla\/#breadcrumb"},"inLanguage":"fi","potentialAction":[{"@type":"ReadAction","target":["https:\/\/saumaustarvike.fi\/verkkokauppa\/kauppa\/tuotemerkit\/hevadex\/hevadex-codex-bst-150-butyylinauha-20m-rulla\/"]}]},{"@type":"ImageObject","inLanguage":"fi","@id":"https:\/\/saumaustarvike.fi\/verkkokauppa\/kauppa\/tuotemerkit\/hevadex\/hevadex-codex-bst-150-butyylinauha-20m-rulla\/#primaryimage","url":"https:\/\/saumaustarvike.fi\/verkkokauppa\/wp-content\/uploads\/2018\/01\/saumaustarvike-Betton-codex-BST-150-Butyylinauha.jpg","contentUrl":"https:\/\/saumaustarvike.fi\/verkkokauppa\/wp-content\/uploads\/2018\/01\/saumaustarvike-Betton-codex-BST-150-Butyylinauha.jpg","width":1000,"height":1000},{"@type":"BreadcrumbList","@id":"https:\/\/saumaustarvike.fi\/verkkokauppa\/kauppa\/tuotemerkit\/hevadex\/hevadex-codex-bst-150-butyylinauha-20m-rulla\/#breadcrumb","itemListElement":[{"@type":"ListItem","position":1,"name":"Home","item":"https:\/\/saumaustarvike.fi\/verkkokauppa\/"},{"@type":"ListItem","position":2,"name":"Saumausmassat, tarvikkeet ja ty\u00f6kalut","item":"https:\/\/saumaustarvike.fi\/verkkokauppa\/kauppa\/"},{"@type":"ListItem","position":3,"name":"Hevadex codex BST 150 Butyylinauha 20m rulla"}]},{"@type":"WebSite","@id":"https:\/\/saumaustarvike.fi\/verkkokauppa\/#website","url":"https:\/\/saumaustarvike.fi\/verkkokauppa\/","name":"Saumaustarvike.fi","description":"Saumausmassat, tarvikkeet ja ty&ouml;kalut","publisher":{"@id":"https:\/\/saumaustarvike.fi\/verkkokauppa\/#organization"},"potentialAction":[{"@type":"SearchAction","target":{"@type":"EntryPoint","urlTemplate":"https:\/\/saumaustarvike.fi\/verkkokauppa\/?s={search_term_string}"},"query-input":{"@type":"PropertyValueSpecification","valueRequired":true,"valueName":"search_term_string"}}],"inLanguage":"fi"},{"@type":"Organization","@id":"https:\/\/saumaustarvike.fi\/verkkokauppa\/#organization","name":"Saumaustarvike.fi","url":"https:\/\/saumaustarvike.fi\/verkkokauppa\/","logo":{"@type":"ImageObject","inLanguage":"fi","@id":"https:\/\/saumaustarvike.fi\/verkkokauppa\/#\/schema\/logo\/image\/","url":"https:\/\/saumaustarvike.fi\/verkkokauppa\/wp-content\/uploads\/2019\/02\/logo.png","contentUrl":"https:\/\/saumaustarvike.fi\/verkkokauppa\/wp-content\/uploads\/2019\/02\/logo.png","width":806,"height":150,"caption":"Saumaustarvike.fi"},"image":{"@id":"https:\/\/saumaustarvike.fi\/verkkokauppa\/#\/schema\/logo\/image\/"},"sameAs":["https:\/\/www.facebook.com\/Saumalaakso"]}]}},"jetpack_sharing_enabled":true,"_links":{"self":[{"href":"https:\/\/saumaustarvike.fi\/verkkokauppa\/wp-json\/wp\/v2\/product\/12236","targetHints":{"allow":["GET"]}}],"collection":[{"href":"https:\/\/saumaustarvike.fi\/verkkokauppa\/wp-json\/wp\/v2\/product"}],"about":[{"href":"https:\/\/saumaustarvike.fi\/verkkokauppa\/wp-json\/wp\/v2\/types\/product"}],"replies":[{"embeddable":true,"href":"https:\/\/saumaustarvike.fi\/verkkokauppa\/wp-json\/wp\/v2\/comments?post=12236"}],"wp:featuredmedia":[{"embeddable":true,"href":"https:\/\/saumaustarvike.fi\/verkkokauppa\/wp-json\/wp\/v2\/media\/16377"}],"wp:attachment":[{"href":"https:\/\/saumaustarvike.fi\/verkkokauppa\/wp-json\/wp\/v2\/media?parent=12236"}],"wp:term":[{"taxonomy":"product_cat","embeddable":true,"href":"https:\/\/saumaustarvike.fi\/verkkokauppa\/wp-json\/wp\/v2\/product_cat?post=12236"},{"taxonomy":"product_tag","embeddable":true,"href":"https:\/\/saumaustarvike.fi\/verkkokauppa\/wp-json\/wp\/v2\/product_tag?post=12236"}],"curies":[{"name":"wp","href":"https:\/\/api.w.org\/{rel}","templated":true}]}}