{"id":12587,"date":"2018-04-18T21:22:33","date_gmt":"2018-04-18T18:22:33","guid":{"rendered":"https:\/\/saumaustarvike.fi\/verkkokauppa\/?post_type=product&#038;p=12587"},"modified":"2024-09-02T10:41:10","modified_gmt":"2024-09-02T07:41:10","slug":"elaproof-h-pinnoite-5-l-2","status":"publish","type":"product","link":"https:\/\/saumaustarvike.fi\/verkkokauppa\/kauppa\/tuotemerkit\/elaproof\/vedeneristeet-ja-pinnoitteet\/elaproof-h-pinnoite-5-l-2\/","title":{"rendered":"ElaProof H pinnoite 5 l"},"content":{"rendered":"<h1>ElaProof H pinnoite 5 l<\/h1>\n<p><strong>ElaProof H 5 l &#8211;\u00a0ElaProof H-k\u00e4simassa 5000ml astia<\/strong><\/p>\n<p>Elaproof &#8211; sivelt\u00e4v\u00e4 vedeneriste ulkopinnoille.<\/p>\n<h2>Tuotekuvaus<\/h2>\n<p>Elaproof on yksikomponenttinen, suojaava elastinen pinnoite. ElaProof on ekologinen ja turvallinen ihmisille ja ymp\u00e4rist\u00f6lle. Luo eritt\u00e4in kest\u00e4v\u00e4n, elastisen, vesitiiviin mutta hengitt\u00e4v\u00e4n kerroksen kaikenlaisille sek\u00e4 kosteille ett\u00e4 kuiville rakennuspinnoille. Sopii my\u00f6s huokoisille, verkkomaisille tai kuitupohjaisille materiaaleille (kuten kevytsoraharkko, kipsilevy, suodatinkangas tai mineraalivilla). Tarjoaa keinon erilaisten kiinteiden materiaalien kest\u00e4v\u00e4\u00e4n yhteenliitt\u00e4miseen. ElaProof t\u00e4ytt\u00e4\u00e4 ja tiivist\u00e4\u00e4 sek\u00e4 halkeamia ett\u00e4 reiki\u00e4 (silloituskyky noin 10 mm 0,6 mm:n kerroksena)<\/p>\n<p><strong>Vedeneristysmassa ElaProof H 5l<\/strong><\/p>\n<p>ElaProof on vesipohjainen REACH*) -hyv\u00e4ksytyist\u00e4 raaka-aineista koostuva yksikomponenttinen polymeeriemulsio. Se on t\u00e4ysin liuotinvapaa eik\u00e4 sis\u00e4ll\u00e4 ihmisille, luonnolle tai rakenteille vaarallisia ainesosia.<\/p>\n<h3><strong>K\u00e4ytt\u00f6tarkoituksia:<\/strong><\/h3>\n<ul>\n<li>vesieristykseen ja tiivistykseen<\/li>\n<li>vuotokohtien paikkaukseen<\/li>\n<li>l\u00e4pivientien tiivistykseen<\/li>\n<li>reikien, halkeamien tms. paikkaukseen ja silloitukseen<\/li>\n<li>ruostumisen estoon ja ruostevaurioiden korjaamiseen<\/li>\n<\/ul>\n<h3><strong>K\u00e4ytt\u00f6kohteita:<\/strong><\/h3>\n<ul>\n<li>katot<\/li>\n<li>ulkorakenteet<\/li>\n<li>parvekkeet<\/li>\n<li>r\u00e4nnit<\/li>\n<li>l\u00e4piviennit ja saumat<\/li>\n<li>sahojen kuivaamot<\/li>\n<\/ul>\n<h3><strong>ElaProof-pinnan voi<\/strong><\/h3>\n<ul>\n<li>Maalata, rapata, levytt\u00e4\u00e4, asfaltoida tai kaakeloida (ei kuitenkaan suositella jatkuvasti veden alla olevien pintojen kaakelointia)<\/li>\n<li>Vahvistaa verkkomaisilla tai kudotuilla materiaaleilla (suodatinkangas, lasikuitu, non-woven, vuorivilla)<\/li>\n<\/ul>\n<h3><strong>ElaProofin edut<\/strong><\/h3>\n<ul>\n<li>Lue lis\u00e4\u00e4 (<a href=\"https:\/\/buildcare.fi\/elaproof-edut\/\" target=\"_blank\" rel=\"noopener noreferrer\">https:\/\/buildcare.fi\/elaproof-edut\/<\/a>)<\/li>\n<\/ul>\n<p><strong>ElaProof ty\u00f6ohjeet:<\/strong><\/p>\n<ul>\n<li>Lue lis\u00e4\u00e4 (<a href=\"https:\/\/buildcare.fi\/elaproof_ohjeet\/elaproofin-tyoohjeet-ja-esitteet\/\" target=\"_blank\" rel=\"noopener noreferrer\">https:\/\/buildcare.fi\/elaproof_ohjeet\/elaproofin-tyoohjeet-ja-esitteet\/<\/a>)<\/li>\n<\/ul>\n","protected":false},"excerpt":{"rendered":"<p>ElaProof H pinnoite 5 l\u00a0on vesipohjainen REACH*) -hyv\u00e4ksytyist\u00e4 raaka-aineista koostuva yksikomponenttinen polymeeriemulsio. Se on t\u00e4ysin liuotinvapaa eik\u00e4 sis\u00e4ll\u00e4 ihmisille, luonnolle tai rakenteille vaarallisia ainesosia.<\/p>\n","protected":false},"featured_media":15932,"comment_status":"open","ping_status":"closed","template":"","meta":{"_acf_changed":false},"product_cat":[1555,1559,1560,1558,1553,2243],"product_tag":[2244,309,510,587,80,509],"class_list":{"0":"post-12587","1":"product","2":"type-product","3":"status-publish","4":"has-post-thumbnail","6":"product_brand-elaproof","7":"product_cat-eristys","8":"product_cat-julkisivu-ja-seinien-huolto-puhdistus-ja-kunnostus","9":"product_cat-kattotuotteet","10":"product_cat-lattiatuotteet-tuotteet","11":"product_cat-tiivistys-tuotteet","12":"product_cat-vedeneristeet-ja-pinnoitteet","13":"product_tag-elaproof","14":"product_tag-eristys","15":"product_tag-joustava","16":"product_tag-pinnoite","17":"product_tag-tiivistys-2","18":"product_tag-vedeneristys","19":"pa_vari-harmaa","20":"pa_vari-musta","21":"pa_vari-punainen","23":"first","24":"onbackorder","25":"taxable","26":"shipping-taxable","27":"purchasable","28":"product-type-variable"},"acf":[],"yoast_head":"<!-- This site is optimized with the Yoast SEO plugin v27.3 - https:\/\/yoast.com\/product\/yoast-seo-wordpress\/ -->\n<title>ElaProof H pinnoite 5 l - Saumaustarvike.fi<\/title>\n<meta name=\"robots\" content=\"index, follow, max-snippet:-1, max-image-preview:large, max-video-preview:-1\" \/>\n<link rel=\"canonical\" href=\"https:\/\/saumaustarvike.fi\/verkkokauppa\/kauppa\/tuotemerkit\/elaproof\/vedeneristeet-ja-pinnoitteet\/elaproof-h-pinnoite-5-l-2\/\" \/>\n<meta property=\"og:locale\" content=\"fi_FI\" \/>\n<meta property=\"og:type\" content=\"article\" \/>\n<meta property=\"og:title\" content=\"ElaProof H pinnoite 5 l - Saumaustarvike.fi\" \/>\n<meta property=\"og:description\" content=\"ElaProof H pinnoite 5 l\u00a0on vesipohjainen REACH*) -hyv\u00e4ksytyist\u00e4 raaka-aineista koostuva yksikomponenttinen polymeeriemulsio. Se on t\u00e4ysin liuotinvapaa eik\u00e4 sis\u00e4ll\u00e4 ihmisille, luonnolle tai rakenteille vaarallisia ainesosia.\" \/>\n<meta property=\"og:url\" content=\"https:\/\/saumaustarvike.fi\/verkkokauppa\/kauppa\/tuotemerkit\/elaproof\/vedeneristeet-ja-pinnoitteet\/elaproof-h-pinnoite-5-l-2\/\" \/>\n<meta property=\"og:site_name\" content=\"Saumaustarvike.fi\" \/>\n<meta property=\"article:publisher\" content=\"https:\/\/www.facebook.com\/Saumalaakso\" \/>\n<meta property=\"article:modified_time\" content=\"2024-09-02T07:41:10+00:00\" \/>\n<meta property=\"og:image\" content=\"https:\/\/saumaustarvike.fi\/verkkokauppa\/content\/uploads\/2018\/04\/ElaProof_H_grey_5L_CMYK-scaled.jpg\" \/>\n\t<meta property=\"og:image:width\" content=\"2560\" \/>\n\t<meta property=\"og:image:height\" content=\"1707\" \/>\n\t<meta property=\"og:image:type\" content=\"image\/jpeg\" \/>\n<meta name=\"twitter:label1\" content=\"Arvioitu lukuaika\" \/>\n\t<meta name=\"twitter:data1\" content=\"2 minuuttia\" \/>\n<script type=\"application\/ld+json\" class=\"yoast-schema-graph\">{\"@context\":\"https:\\\/\\\/schema.org\",\"@graph\":[{\"@type\":\"WebPage\",\"@id\":\"https:\\\/\\\/saumaustarvike.fi\\\/verkkokauppa\\\/kauppa\\\/tuotemerkit\\\/elaproof\\\/vedeneristeet-ja-pinnoitteet\\\/elaproof-h-pinnoite-5-l-2\\\/\",\"url\":\"https:\\\/\\\/saumaustarvike.fi\\\/verkkokauppa\\\/kauppa\\\/tuotemerkit\\\/elaproof\\\/vedeneristeet-ja-pinnoitteet\\\/elaproof-h-pinnoite-5-l-2\\\/\",\"name\":\"ElaProof H pinnoite 5 l - Saumaustarvike.fi\",\"isPartOf\":{\"@id\":\"https:\\\/\\\/saumaustarvike.fi\\\/verkkokauppa\\\/#website\"},\"primaryImageOfPage\":{\"@id\":\"https:\\\/\\\/saumaustarvike.fi\\\/verkkokauppa\\\/kauppa\\\/tuotemerkit\\\/elaproof\\\/vedeneristeet-ja-pinnoitteet\\\/elaproof-h-pinnoite-5-l-2\\\/#primaryimage\"},\"image\":{\"@id\":\"https:\\\/\\\/saumaustarvike.fi\\\/verkkokauppa\\\/kauppa\\\/tuotemerkit\\\/elaproof\\\/vedeneristeet-ja-pinnoitteet\\\/elaproof-h-pinnoite-5-l-2\\\/#primaryimage\"},\"thumbnailUrl\":\"https:\\\/\\\/saumaustarvike.fi\\\/verkkokauppa\\\/wp-content\\\/uploads\\\/2018\\\/04\\\/ElaProof_H_grey_5L_CMYK-scaled.jpg\",\"datePublished\":\"2018-04-18T18:22:33+00:00\",\"dateModified\":\"2024-09-02T07:41:10+00:00\",\"breadcrumb\":{\"@id\":\"https:\\\/\\\/saumaustarvike.fi\\\/verkkokauppa\\\/kauppa\\\/tuotemerkit\\\/elaproof\\\/vedeneristeet-ja-pinnoitteet\\\/elaproof-h-pinnoite-5-l-2\\\/#breadcrumb\"},\"inLanguage\":\"fi\",\"potentialAction\":[{\"@type\":\"ReadAction\",\"target\":[\"https:\\\/\\\/saumaustarvike.fi\\\/verkkokauppa\\\/kauppa\\\/tuotemerkit\\\/elaproof\\\/vedeneristeet-ja-pinnoitteet\\\/elaproof-h-pinnoite-5-l-2\\\/\"]}]},{\"@type\":\"ImageObject\",\"inLanguage\":\"fi\",\"@id\":\"https:\\\/\\\/saumaustarvike.fi\\\/verkkokauppa\\\/kauppa\\\/tuotemerkit\\\/elaproof\\\/vedeneristeet-ja-pinnoitteet\\\/elaproof-h-pinnoite-5-l-2\\\/#primaryimage\",\"url\":\"https:\\\/\\\/saumaustarvike.fi\\\/verkkokauppa\\\/wp-content\\\/uploads\\\/2018\\\/04\\\/ElaProof_H_grey_5L_CMYK-scaled.jpg\",\"contentUrl\":\"https:\\\/\\\/saumaustarvike.fi\\\/verkkokauppa\\\/wp-content\\\/uploads\\\/2018\\\/04\\\/ElaProof_H_grey_5L_CMYK-scaled.jpg\",\"width\":2560,\"height\":1707},{\"@type\":\"BreadcrumbList\",\"@id\":\"https:\\\/\\\/saumaustarvike.fi\\\/verkkokauppa\\\/kauppa\\\/tuotemerkit\\\/elaproof\\\/vedeneristeet-ja-pinnoitteet\\\/elaproof-h-pinnoite-5-l-2\\\/#breadcrumb\",\"itemListElement\":[{\"@type\":\"ListItem\",\"position\":1,\"name\":\"Home\",\"item\":\"https:\\\/\\\/saumaustarvike.fi\\\/verkkokauppa\\\/\"},{\"@type\":\"ListItem\",\"position\":2,\"name\":\"Saumausmassat, tarvikkeet ja ty\u00f6kalut\",\"item\":\"https:\\\/\\\/saumaustarvike.fi\\\/verkkokauppa\\\/kauppa\\\/\"},{\"@type\":\"ListItem\",\"position\":3,\"name\":\"ElaProof H pinnoite 5 l\"}]},{\"@type\":\"WebSite\",\"@id\":\"https:\\\/\\\/saumaustarvike.fi\\\/verkkokauppa\\\/#website\",\"url\":\"https:\\\/\\\/saumaustarvike.fi\\\/verkkokauppa\\\/\",\"name\":\"Saumaustarvike.fi\",\"description\":\"Saumausmassat, tarvikkeet ja ty&ouml;kalut\",\"publisher\":{\"@id\":\"https:\\\/\\\/saumaustarvike.fi\\\/verkkokauppa\\\/#organization\"},\"potentialAction\":[{\"@type\":\"SearchAction\",\"target\":{\"@type\":\"EntryPoint\",\"urlTemplate\":\"https:\\\/\\\/saumaustarvike.fi\\\/verkkokauppa\\\/?s={search_term_string}\"},\"query-input\":{\"@type\":\"PropertyValueSpecification\",\"valueRequired\":true,\"valueName\":\"search_term_string\"}}],\"inLanguage\":\"fi\"},{\"@type\":\"Organization\",\"@id\":\"https:\\\/\\\/saumaustarvike.fi\\\/verkkokauppa\\\/#organization\",\"name\":\"Saumaustarvike.fi\",\"url\":\"https:\\\/\\\/saumaustarvike.fi\\\/verkkokauppa\\\/\",\"logo\":{\"@type\":\"ImageObject\",\"inLanguage\":\"fi\",\"@id\":\"https:\\\/\\\/saumaustarvike.fi\\\/verkkokauppa\\\/#\\\/schema\\\/logo\\\/image\\\/\",\"url\":\"https:\\\/\\\/saumaustarvike.fi\\\/verkkokauppa\\\/wp-content\\\/uploads\\\/2019\\\/02\\\/logo.png\",\"contentUrl\":\"https:\\\/\\\/saumaustarvike.fi\\\/verkkokauppa\\\/wp-content\\\/uploads\\\/2019\\\/02\\\/logo.png\",\"width\":806,\"height\":150,\"caption\":\"Saumaustarvike.fi\"},\"image\":{\"@id\":\"https:\\\/\\\/saumaustarvike.fi\\\/verkkokauppa\\\/#\\\/schema\\\/logo\\\/image\\\/\"},\"sameAs\":[\"https:\\\/\\\/www.facebook.com\\\/Saumalaakso\"]}]}<\/script>\n<!-- \/ Yoast SEO plugin. -->","yoast_head_json":{"title":"ElaProof H pinnoite 5 l - Saumaustarvike.fi","robots":{"index":"index","follow":"follow","max-snippet":"max-snippet:-1","max-image-preview":"max-image-preview:large","max-video-preview":"max-video-preview:-1"},"canonical":"https:\/\/saumaustarvike.fi\/verkkokauppa\/kauppa\/tuotemerkit\/elaproof\/vedeneristeet-ja-pinnoitteet\/elaproof-h-pinnoite-5-l-2\/","og_locale":"fi_FI","og_type":"article","og_title":"ElaProof H pinnoite 5 l - Saumaustarvike.fi","og_description":"ElaProof H pinnoite 5 l\u00a0on vesipohjainen REACH*) -hyv\u00e4ksytyist\u00e4 raaka-aineista koostuva yksikomponenttinen polymeeriemulsio. Se on t\u00e4ysin liuotinvapaa eik\u00e4 sis\u00e4ll\u00e4 ihmisille, luonnolle tai rakenteille vaarallisia ainesosia.","og_url":"https:\/\/saumaustarvike.fi\/verkkokauppa\/kauppa\/tuotemerkit\/elaproof\/vedeneristeet-ja-pinnoitteet\/elaproof-h-pinnoite-5-l-2\/","og_site_name":"Saumaustarvike.fi","article_publisher":"https:\/\/www.facebook.com\/Saumalaakso","article_modified_time":"2024-09-02T07:41:10+00:00","og_image":[{"width":2560,"height":1707,"url":"https:\/\/saumaustarvike.fi\/verkkokauppa\/content\/uploads\/2018\/04\/ElaProof_H_grey_5L_CMYK-scaled.jpg","type":"image\/jpeg"}],"twitter_misc":{"Arvioitu lukuaika":"2 minuuttia"},"schema":{"@context":"https:\/\/schema.org","@graph":[{"@type":"WebPage","@id":"https:\/\/saumaustarvike.fi\/verkkokauppa\/kauppa\/tuotemerkit\/elaproof\/vedeneristeet-ja-pinnoitteet\/elaproof-h-pinnoite-5-l-2\/","url":"https:\/\/saumaustarvike.fi\/verkkokauppa\/kauppa\/tuotemerkit\/elaproof\/vedeneristeet-ja-pinnoitteet\/elaproof-h-pinnoite-5-l-2\/","name":"ElaProof H pinnoite 5 l - Saumaustarvike.fi","isPartOf":{"@id":"https:\/\/saumaustarvike.fi\/verkkokauppa\/#website"},"primaryImageOfPage":{"@id":"https:\/\/saumaustarvike.fi\/verkkokauppa\/kauppa\/tuotemerkit\/elaproof\/vedeneristeet-ja-pinnoitteet\/elaproof-h-pinnoite-5-l-2\/#primaryimage"},"image":{"@id":"https:\/\/saumaustarvike.fi\/verkkokauppa\/kauppa\/tuotemerkit\/elaproof\/vedeneristeet-ja-pinnoitteet\/elaproof-h-pinnoite-5-l-2\/#primaryimage"},"thumbnailUrl":"https:\/\/saumaustarvike.fi\/verkkokauppa\/wp-content\/uploads\/2018\/04\/ElaProof_H_grey_5L_CMYK-scaled.jpg","datePublished":"2018-04-18T18:22:33+00:00","dateModified":"2024-09-02T07:41:10+00:00","breadcrumb":{"@id":"https:\/\/saumaustarvike.fi\/verkkokauppa\/kauppa\/tuotemerkit\/elaproof\/vedeneristeet-ja-pinnoitteet\/elaproof-h-pinnoite-5-l-2\/#breadcrumb"},"inLanguage":"fi","potentialAction":[{"@type":"ReadAction","target":["https:\/\/saumaustarvike.fi\/verkkokauppa\/kauppa\/tuotemerkit\/elaproof\/vedeneristeet-ja-pinnoitteet\/elaproof-h-pinnoite-5-l-2\/"]}]},{"@type":"ImageObject","inLanguage":"fi","@id":"https:\/\/saumaustarvike.fi\/verkkokauppa\/kauppa\/tuotemerkit\/elaproof\/vedeneristeet-ja-pinnoitteet\/elaproof-h-pinnoite-5-l-2\/#primaryimage","url":"https:\/\/saumaustarvike.fi\/verkkokauppa\/wp-content\/uploads\/2018\/04\/ElaProof_H_grey_5L_CMYK-scaled.jpg","contentUrl":"https:\/\/saumaustarvike.fi\/verkkokauppa\/wp-content\/uploads\/2018\/04\/ElaProof_H_grey_5L_CMYK-scaled.jpg","width":2560,"height":1707},{"@type":"BreadcrumbList","@id":"https:\/\/saumaustarvike.fi\/verkkokauppa\/kauppa\/tuotemerkit\/elaproof\/vedeneristeet-ja-pinnoitteet\/elaproof-h-pinnoite-5-l-2\/#breadcrumb","itemListElement":[{"@type":"ListItem","position":1,"name":"Home","item":"https:\/\/saumaustarvike.fi\/verkkokauppa\/"},{"@type":"ListItem","position":2,"name":"Saumausmassat, tarvikkeet ja ty\u00f6kalut","item":"https:\/\/saumaustarvike.fi\/verkkokauppa\/kauppa\/"},{"@type":"ListItem","position":3,"name":"ElaProof H pinnoite 5 l"}]},{"@type":"WebSite","@id":"https:\/\/saumaustarvike.fi\/verkkokauppa\/#website","url":"https:\/\/saumaustarvike.fi\/verkkokauppa\/","name":"Saumaustarvike.fi","description":"Saumausmassat, tarvikkeet ja ty&ouml;kalut","publisher":{"@id":"https:\/\/saumaustarvike.fi\/verkkokauppa\/#organization"},"potentialAction":[{"@type":"SearchAction","target":{"@type":"EntryPoint","urlTemplate":"https:\/\/saumaustarvike.fi\/verkkokauppa\/?s={search_term_string}"},"query-input":{"@type":"PropertyValueSpecification","valueRequired":true,"valueName":"search_term_string"}}],"inLanguage":"fi"},{"@type":"Organization","@id":"https:\/\/saumaustarvike.fi\/verkkokauppa\/#organization","name":"Saumaustarvike.fi","url":"https:\/\/saumaustarvike.fi\/verkkokauppa\/","logo":{"@type":"ImageObject","inLanguage":"fi","@id":"https:\/\/saumaustarvike.fi\/verkkokauppa\/#\/schema\/logo\/image\/","url":"https:\/\/saumaustarvike.fi\/verkkokauppa\/wp-content\/uploads\/2019\/02\/logo.png","contentUrl":"https:\/\/saumaustarvike.fi\/verkkokauppa\/wp-content\/uploads\/2019\/02\/logo.png","width":806,"height":150,"caption":"Saumaustarvike.fi"},"image":{"@id":"https:\/\/saumaustarvike.fi\/verkkokauppa\/#\/schema\/logo\/image\/"},"sameAs":["https:\/\/www.facebook.com\/Saumalaakso"]}]}},"jetpack_sharing_enabled":true,"_links":{"self":[{"href":"https:\/\/saumaustarvike.fi\/verkkokauppa\/wp-json\/wp\/v2\/product\/12587","targetHints":{"allow":["GET"]}}],"collection":[{"href":"https:\/\/saumaustarvike.fi\/verkkokauppa\/wp-json\/wp\/v2\/product"}],"about":[{"href":"https:\/\/saumaustarvike.fi\/verkkokauppa\/wp-json\/wp\/v2\/types\/product"}],"replies":[{"embeddable":true,"href":"https:\/\/saumaustarvike.fi\/verkkokauppa\/wp-json\/wp\/v2\/comments?post=12587"}],"wp:featuredmedia":[{"embeddable":true,"href":"https:\/\/saumaustarvike.fi\/verkkokauppa\/wp-json\/wp\/v2\/media\/15932"}],"wp:attachment":[{"href":"https:\/\/saumaustarvike.fi\/verkkokauppa\/wp-json\/wp\/v2\/media?parent=12587"}],"wp:term":[{"taxonomy":"product_cat","embeddable":true,"href":"https:\/\/saumaustarvike.fi\/verkkokauppa\/wp-json\/wp\/v2\/product_cat?post=12587"},{"taxonomy":"product_tag","embeddable":true,"href":"https:\/\/saumaustarvike.fi\/verkkokauppa\/wp-json\/wp\/v2\/product_tag?post=12587"}],"curies":[{"name":"wp","href":"https:\/\/api.w.org\/{rel}","templated":true}]}}