{"id":12644,"date":"2018-05-01T20:02:03","date_gmt":"2018-05-01T17:02:03","guid":{"rendered":"https:\/\/saumaustarvike.fi\/verkkokauppa\/?post_type=product&#038;p=12644"},"modified":"2024-09-02T10:06:22","modified_gmt":"2024-09-02T07:06:22","slug":"sika-palopohjanauha-15mm-10-12mm-50m-rulla","status":"publish","type":"product","link":"https:\/\/saumaustarvike.fi\/verkkokauppa\/kauppa\/tuotemerkit\/sika-tuotemerkit\/sika-muut-tuotteet\/sika-palopohjanauha-15mm-10-12mm-50m-rulla\/","title":{"rendered":"Sika Palopohjanauha 15mm (10-12mm) 50m rulla"},"content":{"rendered":"<h1>Sika Palopohjanauha 15mm (10-12mm) 50m rulla<\/h1>\n<h2>Tuotekuvaus<\/h2>\n<p>Sika Palopohjanauha on joustava, mineraalivillapohjainen, lasikuitulankaan\u00a0k\u00e4\u00e4ritty t\u00e4ytemateriaali vaaka- ja pystysuuntaisten rakenteiden tiivistettyihin,\u00a0palonkest\u00e4viin saumoihin.<\/p>\n<h2>Ominaisuudet\/edut<\/h2>\n<p>\u25a0 Helppo asentaa.<br \/>\n\u25a0 Mukautuu saumojen ep\u00e4tasaisuuksiin.<br \/>\n\u25a0 Vett\u00e4 hylkiv\u00e4\u00e4.<br \/>\n\u25a0 Testattu EN 1366-4 -standardin mukaisesti yhdess\u00e4 SikaHyflex\u00ae-250 Facade &#8211;\u00a0massan kanssa.<\/p>\n<p>Sopeutuu loistavasti kaikkiin sauman\u00a0ep\u00e4tasaisuuksiin. Sauman leveyden\u00a0vaihtelut kompensoidaan venytt\u00e4m\u00e4ll\u00e4\u00a0ja painamalla kokoon saumanauhaa\u00a0Voidaan k\u00e4ytt\u00e4\u00e4 yhdess\u00e4 Sikaflex ja\u00a0SikaHyflex -saumamassojen kanssa\u00a0Nopea asentaa riittoisan 20 m rullan<br \/>\nansiosta<\/p>\n<h2>Menetelm\u00e4<\/h2>\n<p>Levit\u00e4 Sikaflex tai SikaHyflex saumamassaa\u00a0pohjanauhan p\u00e4\u00e4lle sen\u00a0suojaamiseksi p\u00f6lylt\u00e4, kosteudelta ja\u00a0mekaanisilta rasituksilta.<\/p>\n<h2>K\u00e4ytt\u00f6<\/h2>\n<p>Palonkest\u00e4v\u00e4 saumaus seinien ja lattioiden\u00a0liikunta- ja liitynt\u00e4saumoille.<\/p>\n<h2>Mitoitus<\/h2>\n<p>Sauman leveys (k\u00e4ytt\u00f6alue) \/ Halkaisija<\/p>\n<p><strong>10-12 mm \/ 15 mm<\/strong><br \/>\n12\u201315 mm \/ 20 mm<br \/>\n15\u201325 mm \/ 30 mm<br \/>\n25-35 mm \/ 40mm<\/p>\n<h2>Koko<\/h2>\n<p>15 mm pohjanauha \/ 50m pakkaus<\/p>\n","protected":false},"excerpt":{"rendered":"<p>Sika Palopohjanauha on joustava, mineraalivillapohjainen, lasikuitulankaan\u00a0k\u00e4\u00e4ritty t\u00e4ytemateriaali vaaka- ja pystysuuntaisten rakenteiden tiivistettyihin,\u00a0palonkest\u00e4viin saumoihin. Paksuus: 15mm (10-12mm)<\/p>\n","protected":false},"featured_media":8784,"comment_status":"open","ping_status":"closed","template":"","meta":{"_acf_changed":false},"product_cat":[1762,1763,1764,1765,1766,1768,1769,1593,1594,1556,1770,1771,1551,1577,1575,1772,1774,1775],"product_tag":[205,317,933,83,76,81,143,79,80],"class_list":{"0":"post-12644","1":"product","2":"type-product","3":"status-publish","4":"has-post-thumbnail","6":"product_brand-sika","7":"product_cat-plls-alumiini","8":"product_cat-plls-betoni","9":"product_cat-plls-harkko","10":"product_cat-plls-kevytbetoni","11":"product_cat-plls-laatta","12":"product_cat-plls-luonnonkivi","13":"product_cat-plls-marmori","14":"product_cat-sika-muut-tuotteet","15":"product_cat-sika-palokatkotuotteet-sika-tuotemerkit","16":"product_cat-palokatkotuotteet-tuotteet","17":"product_cat-plls-pelti","18":"product_cat-plls-puu","19":"product_cat-saumanauhat-pohjanauhat","20":"product_cat-saumaustarvikkeet","21":"product_cat-saumojen-tasoitus-ja-silitys-saumaus-ja-silitystikut","22":"product_cat-plls-sementtirappaus","23":"product_cat-plls-teras","24":"product_cat-plls-tiili","25":"product_tag-palokatko","26":"product_tag-paloluokka","27":"product_tag-palopohjanauha","28":"product_tag-pohjanauha","29":"product_tag-saumaus","30":"product_tag-sika-2","31":"product_tag-sisakayttoon","32":"product_tag-tiiviste","33":"product_tag-tiivistys-2","34":"product_shipping_class-vak","36":"first","37":"instock","38":"taxable","39":"shipping-taxable","40":"purchasable","41":"product-type-simple"},"acf":[],"yoast_head":"<!-- This site is optimized with the Yoast SEO plugin v27.3 - https:\/\/yoast.com\/product\/yoast-seo-wordpress\/ -->\n<title>Sika Palopohjanauha 15mm (10-12mm) 50m rulla - Saumaustarvike.fi<\/title>\n<meta name=\"robots\" content=\"index, follow, max-snippet:-1, max-image-preview:large, max-video-preview:-1\" \/>\n<link rel=\"canonical\" href=\"https:\/\/saumaustarvike.fi\/verkkokauppa\/kauppa\/tuotemerkit\/sika-tuotemerkit\/sika-muut-tuotteet\/sika-palopohjanauha-15mm-10-12mm-50m-rulla\/\" \/>\n<meta property=\"og:locale\" content=\"fi_FI\" \/>\n<meta property=\"og:type\" content=\"article\" \/>\n<meta property=\"og:title\" content=\"Sika Palopohjanauha 15mm (10-12mm) 50m rulla - Saumaustarvike.fi\" \/>\n<meta property=\"og:description\" content=\"Sika Palopohjanauha on joustava, mineraalivillapohjainen, lasikuitulankaan\u00a0k\u00e4\u00e4ritty t\u00e4ytemateriaali vaaka- ja pystysuuntaisten rakenteiden tiivistettyihin,\u00a0palonkest\u00e4viin saumoihin. Paksuus: 15mm (10-12mm)\" \/>\n<meta property=\"og:url\" content=\"https:\/\/saumaustarvike.fi\/verkkokauppa\/kauppa\/tuotemerkit\/sika-tuotemerkit\/sika-muut-tuotteet\/sika-palopohjanauha-15mm-10-12mm-50m-rulla\/\" \/>\n<meta property=\"og:site_name\" content=\"Saumaustarvike.fi\" \/>\n<meta property=\"article:publisher\" content=\"https:\/\/www.facebook.com\/Saumalaakso\" \/>\n<meta property=\"article:modified_time\" content=\"2024-09-02T07:06:22+00:00\" \/>\n<meta property=\"og:image\" content=\"https:\/\/saumaustarvike.fi\/verkkokauppa\/content\/uploads\/2016\/04\/sika-palopohjanauha.gif\" \/>\n\t<meta property=\"og:image:width\" content=\"1000\" \/>\n\t<meta property=\"og:image:height\" content=\"1000\" \/>\n\t<meta property=\"og:image:type\" content=\"image\/gif\" \/>\n<meta name=\"twitter:label1\" content=\"Arvioitu lukuaika\" \/>\n\t<meta name=\"twitter:data1\" content=\"1 minuutti\" \/>\n<script type=\"application\/ld+json\" class=\"yoast-schema-graph\">{\"@context\":\"https:\\\/\\\/schema.org\",\"@graph\":[{\"@type\":\"WebPage\",\"@id\":\"https:\\\/\\\/saumaustarvike.fi\\\/verkkokauppa\\\/kauppa\\\/tuotemerkit\\\/sika-tuotemerkit\\\/sika-muut-tuotteet\\\/sika-palopohjanauha-15mm-10-12mm-50m-rulla\\\/\",\"url\":\"https:\\\/\\\/saumaustarvike.fi\\\/verkkokauppa\\\/kauppa\\\/tuotemerkit\\\/sika-tuotemerkit\\\/sika-muut-tuotteet\\\/sika-palopohjanauha-15mm-10-12mm-50m-rulla\\\/\",\"name\":\"Sika Palopohjanauha 15mm (10-12mm) 50m rulla - Saumaustarvike.fi\",\"isPartOf\":{\"@id\":\"https:\\\/\\\/saumaustarvike.fi\\\/verkkokauppa\\\/#website\"},\"primaryImageOfPage\":{\"@id\":\"https:\\\/\\\/saumaustarvike.fi\\\/verkkokauppa\\\/kauppa\\\/tuotemerkit\\\/sika-tuotemerkit\\\/sika-muut-tuotteet\\\/sika-palopohjanauha-15mm-10-12mm-50m-rulla\\\/#primaryimage\"},\"image\":{\"@id\":\"https:\\\/\\\/saumaustarvike.fi\\\/verkkokauppa\\\/kauppa\\\/tuotemerkit\\\/sika-tuotemerkit\\\/sika-muut-tuotteet\\\/sika-palopohjanauha-15mm-10-12mm-50m-rulla\\\/#primaryimage\"},\"thumbnailUrl\":\"https:\\\/\\\/saumaustarvike.fi\\\/verkkokauppa\\\/wp-content\\\/uploads\\\/2016\\\/04\\\/sika-palopohjanauha.gif\",\"datePublished\":\"2018-05-01T17:02:03+00:00\",\"dateModified\":\"2024-09-02T07:06:22+00:00\",\"breadcrumb\":{\"@id\":\"https:\\\/\\\/saumaustarvike.fi\\\/verkkokauppa\\\/kauppa\\\/tuotemerkit\\\/sika-tuotemerkit\\\/sika-muut-tuotteet\\\/sika-palopohjanauha-15mm-10-12mm-50m-rulla\\\/#breadcrumb\"},\"inLanguage\":\"fi\",\"potentialAction\":[{\"@type\":\"ReadAction\",\"target\":[\"https:\\\/\\\/saumaustarvike.fi\\\/verkkokauppa\\\/kauppa\\\/tuotemerkit\\\/sika-tuotemerkit\\\/sika-muut-tuotteet\\\/sika-palopohjanauha-15mm-10-12mm-50m-rulla\\\/\"]}]},{\"@type\":\"ImageObject\",\"inLanguage\":\"fi\",\"@id\":\"https:\\\/\\\/saumaustarvike.fi\\\/verkkokauppa\\\/kauppa\\\/tuotemerkit\\\/sika-tuotemerkit\\\/sika-muut-tuotteet\\\/sika-palopohjanauha-15mm-10-12mm-50m-rulla\\\/#primaryimage\",\"url\":\"https:\\\/\\\/saumaustarvike.fi\\\/verkkokauppa\\\/wp-content\\\/uploads\\\/2016\\\/04\\\/sika-palopohjanauha.gif\",\"contentUrl\":\"https:\\\/\\\/saumaustarvike.fi\\\/verkkokauppa\\\/wp-content\\\/uploads\\\/2016\\\/04\\\/sika-palopohjanauha.gif\",\"width\":1000,\"height\":1000},{\"@type\":\"BreadcrumbList\",\"@id\":\"https:\\\/\\\/saumaustarvike.fi\\\/verkkokauppa\\\/kauppa\\\/tuotemerkit\\\/sika-tuotemerkit\\\/sika-muut-tuotteet\\\/sika-palopohjanauha-15mm-10-12mm-50m-rulla\\\/#breadcrumb\",\"itemListElement\":[{\"@type\":\"ListItem\",\"position\":1,\"name\":\"Home\",\"item\":\"https:\\\/\\\/saumaustarvike.fi\\\/verkkokauppa\\\/\"},{\"@type\":\"ListItem\",\"position\":2,\"name\":\"Saumausmassat, tarvikkeet ja ty\u00f6kalut\",\"item\":\"https:\\\/\\\/saumaustarvike.fi\\\/verkkokauppa\\\/kauppa\\\/\"},{\"@type\":\"ListItem\",\"position\":3,\"name\":\"Sika Palopohjanauha 15mm (10-12mm) 50m rulla\"}]},{\"@type\":\"WebSite\",\"@id\":\"https:\\\/\\\/saumaustarvike.fi\\\/verkkokauppa\\\/#website\",\"url\":\"https:\\\/\\\/saumaustarvike.fi\\\/verkkokauppa\\\/\",\"name\":\"Saumaustarvike.fi\",\"description\":\"Saumausmassat, tarvikkeet ja ty&ouml;kalut\",\"publisher\":{\"@id\":\"https:\\\/\\\/saumaustarvike.fi\\\/verkkokauppa\\\/#organization\"},\"potentialAction\":[{\"@type\":\"SearchAction\",\"target\":{\"@type\":\"EntryPoint\",\"urlTemplate\":\"https:\\\/\\\/saumaustarvike.fi\\\/verkkokauppa\\\/?s={search_term_string}\"},\"query-input\":{\"@type\":\"PropertyValueSpecification\",\"valueRequired\":true,\"valueName\":\"search_term_string\"}}],\"inLanguage\":\"fi\"},{\"@type\":\"Organization\",\"@id\":\"https:\\\/\\\/saumaustarvike.fi\\\/verkkokauppa\\\/#organization\",\"name\":\"Saumaustarvike.fi\",\"url\":\"https:\\\/\\\/saumaustarvike.fi\\\/verkkokauppa\\\/\",\"logo\":{\"@type\":\"ImageObject\",\"inLanguage\":\"fi\",\"@id\":\"https:\\\/\\\/saumaustarvike.fi\\\/verkkokauppa\\\/#\\\/schema\\\/logo\\\/image\\\/\",\"url\":\"https:\\\/\\\/saumaustarvike.fi\\\/verkkokauppa\\\/wp-content\\\/uploads\\\/2019\\\/02\\\/logo.png\",\"contentUrl\":\"https:\\\/\\\/saumaustarvike.fi\\\/verkkokauppa\\\/wp-content\\\/uploads\\\/2019\\\/02\\\/logo.png\",\"width\":806,\"height\":150,\"caption\":\"Saumaustarvike.fi\"},\"image\":{\"@id\":\"https:\\\/\\\/saumaustarvike.fi\\\/verkkokauppa\\\/#\\\/schema\\\/logo\\\/image\\\/\"},\"sameAs\":[\"https:\\\/\\\/www.facebook.com\\\/Saumalaakso\"]}]}<\/script>\n<!-- \/ Yoast SEO plugin. -->","yoast_head_json":{"title":"Sika Palopohjanauha 15mm (10-12mm) 50m rulla - Saumaustarvike.fi","robots":{"index":"index","follow":"follow","max-snippet":"max-snippet:-1","max-image-preview":"max-image-preview:large","max-video-preview":"max-video-preview:-1"},"canonical":"https:\/\/saumaustarvike.fi\/verkkokauppa\/kauppa\/tuotemerkit\/sika-tuotemerkit\/sika-muut-tuotteet\/sika-palopohjanauha-15mm-10-12mm-50m-rulla\/","og_locale":"fi_FI","og_type":"article","og_title":"Sika Palopohjanauha 15mm (10-12mm) 50m rulla - Saumaustarvike.fi","og_description":"Sika Palopohjanauha on joustava, mineraalivillapohjainen, lasikuitulankaan\u00a0k\u00e4\u00e4ritty t\u00e4ytemateriaali vaaka- ja pystysuuntaisten rakenteiden tiivistettyihin,\u00a0palonkest\u00e4viin saumoihin. Paksuus: 15mm (10-12mm)","og_url":"https:\/\/saumaustarvike.fi\/verkkokauppa\/kauppa\/tuotemerkit\/sika-tuotemerkit\/sika-muut-tuotteet\/sika-palopohjanauha-15mm-10-12mm-50m-rulla\/","og_site_name":"Saumaustarvike.fi","article_publisher":"https:\/\/www.facebook.com\/Saumalaakso","article_modified_time":"2024-09-02T07:06:22+00:00","og_image":[{"width":1000,"height":1000,"url":"https:\/\/saumaustarvike.fi\/verkkokauppa\/content\/uploads\/2016\/04\/sika-palopohjanauha.gif","type":"image\/gif"}],"twitter_misc":{"Arvioitu lukuaika":"1 minuutti"},"schema":{"@context":"https:\/\/schema.org","@graph":[{"@type":"WebPage","@id":"https:\/\/saumaustarvike.fi\/verkkokauppa\/kauppa\/tuotemerkit\/sika-tuotemerkit\/sika-muut-tuotteet\/sika-palopohjanauha-15mm-10-12mm-50m-rulla\/","url":"https:\/\/saumaustarvike.fi\/verkkokauppa\/kauppa\/tuotemerkit\/sika-tuotemerkit\/sika-muut-tuotteet\/sika-palopohjanauha-15mm-10-12mm-50m-rulla\/","name":"Sika Palopohjanauha 15mm (10-12mm) 50m rulla - Saumaustarvike.fi","isPartOf":{"@id":"https:\/\/saumaustarvike.fi\/verkkokauppa\/#website"},"primaryImageOfPage":{"@id":"https:\/\/saumaustarvike.fi\/verkkokauppa\/kauppa\/tuotemerkit\/sika-tuotemerkit\/sika-muut-tuotteet\/sika-palopohjanauha-15mm-10-12mm-50m-rulla\/#primaryimage"},"image":{"@id":"https:\/\/saumaustarvike.fi\/verkkokauppa\/kauppa\/tuotemerkit\/sika-tuotemerkit\/sika-muut-tuotteet\/sika-palopohjanauha-15mm-10-12mm-50m-rulla\/#primaryimage"},"thumbnailUrl":"https:\/\/saumaustarvike.fi\/verkkokauppa\/wp-content\/uploads\/2016\/04\/sika-palopohjanauha.gif","datePublished":"2018-05-01T17:02:03+00:00","dateModified":"2024-09-02T07:06:22+00:00","breadcrumb":{"@id":"https:\/\/saumaustarvike.fi\/verkkokauppa\/kauppa\/tuotemerkit\/sika-tuotemerkit\/sika-muut-tuotteet\/sika-palopohjanauha-15mm-10-12mm-50m-rulla\/#breadcrumb"},"inLanguage":"fi","potentialAction":[{"@type":"ReadAction","target":["https:\/\/saumaustarvike.fi\/verkkokauppa\/kauppa\/tuotemerkit\/sika-tuotemerkit\/sika-muut-tuotteet\/sika-palopohjanauha-15mm-10-12mm-50m-rulla\/"]}]},{"@type":"ImageObject","inLanguage":"fi","@id":"https:\/\/saumaustarvike.fi\/verkkokauppa\/kauppa\/tuotemerkit\/sika-tuotemerkit\/sika-muut-tuotteet\/sika-palopohjanauha-15mm-10-12mm-50m-rulla\/#primaryimage","url":"https:\/\/saumaustarvike.fi\/verkkokauppa\/wp-content\/uploads\/2016\/04\/sika-palopohjanauha.gif","contentUrl":"https:\/\/saumaustarvike.fi\/verkkokauppa\/wp-content\/uploads\/2016\/04\/sika-palopohjanauha.gif","width":1000,"height":1000},{"@type":"BreadcrumbList","@id":"https:\/\/saumaustarvike.fi\/verkkokauppa\/kauppa\/tuotemerkit\/sika-tuotemerkit\/sika-muut-tuotteet\/sika-palopohjanauha-15mm-10-12mm-50m-rulla\/#breadcrumb","itemListElement":[{"@type":"ListItem","position":1,"name":"Home","item":"https:\/\/saumaustarvike.fi\/verkkokauppa\/"},{"@type":"ListItem","position":2,"name":"Saumausmassat, tarvikkeet ja ty\u00f6kalut","item":"https:\/\/saumaustarvike.fi\/verkkokauppa\/kauppa\/"},{"@type":"ListItem","position":3,"name":"Sika Palopohjanauha 15mm (10-12mm) 50m rulla"}]},{"@type":"WebSite","@id":"https:\/\/saumaustarvike.fi\/verkkokauppa\/#website","url":"https:\/\/saumaustarvike.fi\/verkkokauppa\/","name":"Saumaustarvike.fi","description":"Saumausmassat, tarvikkeet ja ty&ouml;kalut","publisher":{"@id":"https:\/\/saumaustarvike.fi\/verkkokauppa\/#organization"},"potentialAction":[{"@type":"SearchAction","target":{"@type":"EntryPoint","urlTemplate":"https:\/\/saumaustarvike.fi\/verkkokauppa\/?s={search_term_string}"},"query-input":{"@type":"PropertyValueSpecification","valueRequired":true,"valueName":"search_term_string"}}],"inLanguage":"fi"},{"@type":"Organization","@id":"https:\/\/saumaustarvike.fi\/verkkokauppa\/#organization","name":"Saumaustarvike.fi","url":"https:\/\/saumaustarvike.fi\/verkkokauppa\/","logo":{"@type":"ImageObject","inLanguage":"fi","@id":"https:\/\/saumaustarvike.fi\/verkkokauppa\/#\/schema\/logo\/image\/","url":"https:\/\/saumaustarvike.fi\/verkkokauppa\/wp-content\/uploads\/2019\/02\/logo.png","contentUrl":"https:\/\/saumaustarvike.fi\/verkkokauppa\/wp-content\/uploads\/2019\/02\/logo.png","width":806,"height":150,"caption":"Saumaustarvike.fi"},"image":{"@id":"https:\/\/saumaustarvike.fi\/verkkokauppa\/#\/schema\/logo\/image\/"},"sameAs":["https:\/\/www.facebook.com\/Saumalaakso"]}]}},"jetpack_sharing_enabled":true,"_links":{"self":[{"href":"https:\/\/saumaustarvike.fi\/verkkokauppa\/wp-json\/wp\/v2\/product\/12644","targetHints":{"allow":["GET"]}}],"collection":[{"href":"https:\/\/saumaustarvike.fi\/verkkokauppa\/wp-json\/wp\/v2\/product"}],"about":[{"href":"https:\/\/saumaustarvike.fi\/verkkokauppa\/wp-json\/wp\/v2\/types\/product"}],"replies":[{"embeddable":true,"href":"https:\/\/saumaustarvike.fi\/verkkokauppa\/wp-json\/wp\/v2\/comments?post=12644"}],"wp:featuredmedia":[{"embeddable":true,"href":"https:\/\/saumaustarvike.fi\/verkkokauppa\/wp-json\/wp\/v2\/media\/8784"}],"wp:attachment":[{"href":"https:\/\/saumaustarvike.fi\/verkkokauppa\/wp-json\/wp\/v2\/media?parent=12644"}],"wp:term":[{"taxonomy":"product_cat","embeddable":true,"href":"https:\/\/saumaustarvike.fi\/verkkokauppa\/wp-json\/wp\/v2\/product_cat?post=12644"},{"taxonomy":"product_tag","embeddable":true,"href":"https:\/\/saumaustarvike.fi\/verkkokauppa\/wp-json\/wp\/v2\/product_tag?post=12644"}],"curies":[{"name":"wp","href":"https:\/\/api.w.org\/{rel}","templated":true}]}}