{"id":13141,"date":"2018-08-12T18:46:16","date_gmt":"2018-08-12T15:46:16","guid":{"rendered":"https:\/\/saumaustarvike.fi\/verkkokauppa\/?post_type=product&#038;p=13141"},"modified":"2022-09-23T10:19:10","modified_gmt":"2022-09-23T07:19:10","slug":"kanta-asiakasohjelma-alennukset-jopa-15","status":"publish","type":"product","link":"https:\/\/saumaustarvike.fi\/verkkokauppa\/kauppa\/tarjoukset\/tarjoukset-tarjoukset\/kanta-asiakasohjelma-alennukset-jopa-15\/","title":{"rendered":"Kanta-asiakasohjelma &#8211; Alennukset jopa -15%"},"content":{"rendered":"<header class=\"entry-header\">\n<h1 class=\"entry-title\">Kanta-asiakasohjelma<\/h1>\n<\/header>\n<div class=\"entry-content\">\n<h2>Rekister\u00f6ityminen ja kanta-asiakasohjelma<\/h2>\n<p>K\u00e4ytt\u00e4j\u00e4 rekister\u00f6ityy Saumaustarvike.fi verkkopalvelun K\u00e4ytt\u00e4j\u00e4ksi Minun tili sivulla tai tilauksen teon yhteydess\u00e4. K\u00e4ytt\u00e4j\u00e4 voi my\u00f6s k\u00e4ytt\u00e4\u00e4 Palvelua ilman rekister\u00f6itymist\u00e4.<\/p>\n<p>Ainoastaan suomessa\u00a0toimiva yritys (suomalainen y-tunnus) voi rekister\u00f6ity\u00e4 sivuilla K\u00e4ytt\u00e4j\u00e4ksi.<\/p>\n<p>Sivustolla on k\u00e4yt\u00f6ss\u00e4 kanta-asiakasohjelma. Kanta-asiakasohjelmaa on ainoastaan mahdollista hy\u00f6dynt\u00e4\u00e4 rekister\u00f6itym\u00e4ll\u00e4 K\u00e4ytt\u00e4j\u00e4ksi.<\/p>\n<ul>\n<li><strong>-5 % &gt;<\/strong>\u00a0kun rekister\u00f6inti on onnistunut ja vaaditut tiedot on annettu.<\/li>\n<li><strong>-10% &gt;<\/strong>\u00a0kun kertaosto on yli 2500 \u20ac tai ostojen m\u00e4\u00e4r\u00e4 viimeisen 12 kk aikana on yli 2500 \u20ac.<\/li>\n<li><strong>-15 % &gt;<\/strong>\u00a0kun kertaosto on yli 5000 \u20ac tai ostojen m\u00e4\u00e4r\u00e4 viimeisen 12 kk aikana on yli 5000 \u20ac.<\/li>\n<\/ul>\n<p>Sis\u00e4\u00e4nkirjautuneelle ensiostajalle (ostohistoria 12 kuukaudelta 0\u20ac) annetaan kassalla<br \/>\n<strong>-5%<\/strong>, jos ostoskorin summa 0,01 \u2013 2499,99 \u20ac<br \/>\n<strong>-10%<\/strong>, jos ostoskorin summa 2500 \u2013 4999,99 \u20ac<br \/>\n<strong>-15%<\/strong>, jos ostoskorin summa 5000 \u20ac -&gt;<\/p>\n<p>Rekister\u00f6ityminen on maksutonta.<\/p>\n<p>Palvelun tarjoaja voi halutessaan ev\u00e4t\u00e4 rekister\u00f6itymisen.<\/p>\n<h3>Yritykselle maksuaikaa 21 pv<\/h3>\n<p>Vastaanotat laskun verkkolaskuna tai s\u00e4hk\u00f6postilla. Maksu er\u00e4p\u00e4iv\u00e4\u00e4n menness\u00e4.<\/p>\n<p>Yritysasiakkaille 21 pv maksuaika. HUOM! Edellytt\u00e4\u00e4 hyv\u00e4ksytty\u00e4 tilisopimusta. Ennen ensimm\u00e4ist\u00e4 tilausta, ole yhteydess\u00e4 yhteydess\u00e4 saumaustarvike@saumalaakso.fi tai 09 4761 4700. Emme luotota yksityisasiakkaita. Yksityisasiakkaat saavat laskulle maksuaikaa k\u00e4ytt\u00e4m\u00e4ll\u00e4\u00a0Maksukaista Lasku -palvelua tai muuta Payformin yhteisty\u00f6kumppania, jotka on lueteltu ylemp\u00e4n\u00e4.<\/p>\n<p>Lue:\u00a0<a href=\"https:\/\/saumaustarvike.fi\/verkkokauppa\/tilaus-ja-sopimusehdot\/\" target=\"_blank\" rel=\"noopener\">Tilaus- ja sopimusehdot<\/a><\/p>\n<\/div>\n","protected":false},"excerpt":{"rendered":"<p>Kanta-asiakasohjelma &#8211; Alennukset jopa -15%<\/p>\n","protected":false},"featured_media":13160,"comment_status":"open","ping_status":"closed","template":"","meta":{"_acf_changed":false},"product_cat":[1499],"product_tag":[],"class_list":{"0":"post-13141","1":"product","2":"type-product","3":"status-publish","4":"has-post-thumbnail","6":"product_cat-tarjoukset-tarjoukset","7":"product_shipping_class-vak","9":"first","10":"instock","11":"taxable","12":"shipping-taxable","13":"product-type-simple"},"acf":[],"yoast_head":"<!-- This site is optimized with the Yoast SEO plugin v27.3 - https:\/\/yoast.com\/product\/yoast-seo-wordpress\/ -->\n<title>Kanta-asiakasohjelma - Alennukset jopa -15% - Saumaustarvike.fi<\/title>\n<meta name=\"robots\" content=\"index, follow, max-snippet:-1, max-image-preview:large, max-video-preview:-1\" \/>\n<link rel=\"canonical\" href=\"https:\/\/saumaustarvike.fi\/verkkokauppa\/kauppa\/tarjoukset\/tarjoukset-tarjoukset\/kanta-asiakasohjelma-alennukset-jopa-15\/\" \/>\n<meta property=\"og:locale\" content=\"fi_FI\" \/>\n<meta property=\"og:type\" content=\"article\" \/>\n<meta property=\"og:title\" content=\"Kanta-asiakasohjelma - Alennukset jopa -15% - Saumaustarvike.fi\" \/>\n<meta property=\"og:description\" content=\"Kanta-asiakasohjelma - Alennukset jopa -15%\" \/>\n<meta property=\"og:url\" content=\"https:\/\/saumaustarvike.fi\/verkkokauppa\/kauppa\/tarjoukset\/tarjoukset-tarjoukset\/kanta-asiakasohjelma-alennukset-jopa-15\/\" \/>\n<meta property=\"og:site_name\" content=\"Saumaustarvike.fi\" \/>\n<meta property=\"article:publisher\" content=\"https:\/\/www.facebook.com\/Saumalaakso\" \/>\n<meta property=\"article:modified_time\" content=\"2022-09-23T07:19:10+00:00\" \/>\n<meta property=\"og:image\" content=\"https:\/\/saumaustarvike.fi\/verkkokauppa\/wp-content\/uploads\/2018\/08\/saumaustarvike_hinnoittelumalli.jpg\" \/>\n\t<meta property=\"og:image:width\" content=\"800\" \/>\n\t<meta property=\"og:image:height\" content=\"800\" \/>\n\t<meta property=\"og:image:type\" content=\"image\/jpeg\" \/>\n<meta name=\"twitter:label1\" content=\"Arvioitu lukuaika\" \/>\n\t<meta name=\"twitter:data1\" content=\"1 minuutti\" \/>\n<script type=\"application\/ld+json\" class=\"yoast-schema-graph\">{\"@context\":\"https:\\\/\\\/schema.org\",\"@graph\":[{\"@type\":\"WebPage\",\"@id\":\"https:\\\/\\\/saumaustarvike.fi\\\/verkkokauppa\\\/kauppa\\\/tarjoukset\\\/tarjoukset-tarjoukset\\\/kanta-asiakasohjelma-alennukset-jopa-15\\\/\",\"url\":\"https:\\\/\\\/saumaustarvike.fi\\\/verkkokauppa\\\/kauppa\\\/tarjoukset\\\/tarjoukset-tarjoukset\\\/kanta-asiakasohjelma-alennukset-jopa-15\\\/\",\"name\":\"Kanta-asiakasohjelma - Alennukset jopa -15% - Saumaustarvike.fi\",\"isPartOf\":{\"@id\":\"https:\\\/\\\/saumaustarvike.fi\\\/verkkokauppa\\\/#website\"},\"primaryImageOfPage\":{\"@id\":\"https:\\\/\\\/saumaustarvike.fi\\\/verkkokauppa\\\/kauppa\\\/tarjoukset\\\/tarjoukset-tarjoukset\\\/kanta-asiakasohjelma-alennukset-jopa-15\\\/#primaryimage\"},\"image\":{\"@id\":\"https:\\\/\\\/saumaustarvike.fi\\\/verkkokauppa\\\/kauppa\\\/tarjoukset\\\/tarjoukset-tarjoukset\\\/kanta-asiakasohjelma-alennukset-jopa-15\\\/#primaryimage\"},\"thumbnailUrl\":\"https:\\\/\\\/saumaustarvike.fi\\\/verkkokauppa\\\/wp-content\\\/uploads\\\/2018\\\/08\\\/saumaustarvike_hinnoittelumalli.jpg\",\"datePublished\":\"2018-08-12T15:46:16+00:00\",\"dateModified\":\"2022-09-23T07:19:10+00:00\",\"breadcrumb\":{\"@id\":\"https:\\\/\\\/saumaustarvike.fi\\\/verkkokauppa\\\/kauppa\\\/tarjoukset\\\/tarjoukset-tarjoukset\\\/kanta-asiakasohjelma-alennukset-jopa-15\\\/#breadcrumb\"},\"inLanguage\":\"fi\",\"potentialAction\":[{\"@type\":\"ReadAction\",\"target\":[\"https:\\\/\\\/saumaustarvike.fi\\\/verkkokauppa\\\/kauppa\\\/tarjoukset\\\/tarjoukset-tarjoukset\\\/kanta-asiakasohjelma-alennukset-jopa-15\\\/\"]}]},{\"@type\":\"ImageObject\",\"inLanguage\":\"fi\",\"@id\":\"https:\\\/\\\/saumaustarvike.fi\\\/verkkokauppa\\\/kauppa\\\/tarjoukset\\\/tarjoukset-tarjoukset\\\/kanta-asiakasohjelma-alennukset-jopa-15\\\/#primaryimage\",\"url\":\"https:\\\/\\\/saumaustarvike.fi\\\/verkkokauppa\\\/wp-content\\\/uploads\\\/2018\\\/08\\\/saumaustarvike_hinnoittelumalli.jpg\",\"contentUrl\":\"https:\\\/\\\/saumaustarvike.fi\\\/verkkokauppa\\\/wp-content\\\/uploads\\\/2018\\\/08\\\/saumaustarvike_hinnoittelumalli.jpg\",\"width\":800,\"height\":800},{\"@type\":\"BreadcrumbList\",\"@id\":\"https:\\\/\\\/saumaustarvike.fi\\\/verkkokauppa\\\/kauppa\\\/tarjoukset\\\/tarjoukset-tarjoukset\\\/kanta-asiakasohjelma-alennukset-jopa-15\\\/#breadcrumb\",\"itemListElement\":[{\"@type\":\"ListItem\",\"position\":1,\"name\":\"Home\",\"item\":\"https:\\\/\\\/saumaustarvike.fi\\\/verkkokauppa\\\/\"},{\"@type\":\"ListItem\",\"position\":2,\"name\":\"Saumausmassat, tarvikkeet ja ty\u00f6kalut\",\"item\":\"https:\\\/\\\/saumaustarvike.fi\\\/verkkokauppa\\\/kauppa\\\/\"},{\"@type\":\"ListItem\",\"position\":3,\"name\":\"Kanta-asiakasohjelma &#8211; Alennukset jopa -15%\"}]},{\"@type\":\"WebSite\",\"@id\":\"https:\\\/\\\/saumaustarvike.fi\\\/verkkokauppa\\\/#website\",\"url\":\"https:\\\/\\\/saumaustarvike.fi\\\/verkkokauppa\\\/\",\"name\":\"Saumaustarvike.fi\",\"description\":\"Saumausmassat, tarvikkeet ja ty&ouml;kalut\",\"publisher\":{\"@id\":\"https:\\\/\\\/saumaustarvike.fi\\\/verkkokauppa\\\/#organization\"},\"potentialAction\":[{\"@type\":\"SearchAction\",\"target\":{\"@type\":\"EntryPoint\",\"urlTemplate\":\"https:\\\/\\\/saumaustarvike.fi\\\/verkkokauppa\\\/?s={search_term_string}\"},\"query-input\":{\"@type\":\"PropertyValueSpecification\",\"valueRequired\":true,\"valueName\":\"search_term_string\"}}],\"inLanguage\":\"fi\"},{\"@type\":\"Organization\",\"@id\":\"https:\\\/\\\/saumaustarvike.fi\\\/verkkokauppa\\\/#organization\",\"name\":\"Saumaustarvike.fi\",\"url\":\"https:\\\/\\\/saumaustarvike.fi\\\/verkkokauppa\\\/\",\"logo\":{\"@type\":\"ImageObject\",\"inLanguage\":\"fi\",\"@id\":\"https:\\\/\\\/saumaustarvike.fi\\\/verkkokauppa\\\/#\\\/schema\\\/logo\\\/image\\\/\",\"url\":\"https:\\\/\\\/saumaustarvike.fi\\\/verkkokauppa\\\/wp-content\\\/uploads\\\/2019\\\/02\\\/logo.png\",\"contentUrl\":\"https:\\\/\\\/saumaustarvike.fi\\\/verkkokauppa\\\/wp-content\\\/uploads\\\/2019\\\/02\\\/logo.png\",\"width\":806,\"height\":150,\"caption\":\"Saumaustarvike.fi\"},\"image\":{\"@id\":\"https:\\\/\\\/saumaustarvike.fi\\\/verkkokauppa\\\/#\\\/schema\\\/logo\\\/image\\\/\"},\"sameAs\":[\"https:\\\/\\\/www.facebook.com\\\/Saumalaakso\"]}]}<\/script>\n<!-- \/ Yoast SEO plugin. -->","yoast_head_json":{"title":"Kanta-asiakasohjelma - Alennukset jopa -15% - Saumaustarvike.fi","robots":{"index":"index","follow":"follow","max-snippet":"max-snippet:-1","max-image-preview":"max-image-preview:large","max-video-preview":"max-video-preview:-1"},"canonical":"https:\/\/saumaustarvike.fi\/verkkokauppa\/kauppa\/tarjoukset\/tarjoukset-tarjoukset\/kanta-asiakasohjelma-alennukset-jopa-15\/","og_locale":"fi_FI","og_type":"article","og_title":"Kanta-asiakasohjelma - Alennukset jopa -15% - Saumaustarvike.fi","og_description":"Kanta-asiakasohjelma - Alennukset jopa -15%","og_url":"https:\/\/saumaustarvike.fi\/verkkokauppa\/kauppa\/tarjoukset\/tarjoukset-tarjoukset\/kanta-asiakasohjelma-alennukset-jopa-15\/","og_site_name":"Saumaustarvike.fi","article_publisher":"https:\/\/www.facebook.com\/Saumalaakso","article_modified_time":"2022-09-23T07:19:10+00:00","og_image":[{"width":800,"height":800,"url":"https:\/\/saumaustarvike.fi\/verkkokauppa\/wp-content\/uploads\/2018\/08\/saumaustarvike_hinnoittelumalli.jpg","type":"image\/jpeg"}],"twitter_misc":{"Arvioitu lukuaika":"1 minuutti"},"schema":{"@context":"https:\/\/schema.org","@graph":[{"@type":"WebPage","@id":"https:\/\/saumaustarvike.fi\/verkkokauppa\/kauppa\/tarjoukset\/tarjoukset-tarjoukset\/kanta-asiakasohjelma-alennukset-jopa-15\/","url":"https:\/\/saumaustarvike.fi\/verkkokauppa\/kauppa\/tarjoukset\/tarjoukset-tarjoukset\/kanta-asiakasohjelma-alennukset-jopa-15\/","name":"Kanta-asiakasohjelma - Alennukset jopa -15% - Saumaustarvike.fi","isPartOf":{"@id":"https:\/\/saumaustarvike.fi\/verkkokauppa\/#website"},"primaryImageOfPage":{"@id":"https:\/\/saumaustarvike.fi\/verkkokauppa\/kauppa\/tarjoukset\/tarjoukset-tarjoukset\/kanta-asiakasohjelma-alennukset-jopa-15\/#primaryimage"},"image":{"@id":"https:\/\/saumaustarvike.fi\/verkkokauppa\/kauppa\/tarjoukset\/tarjoukset-tarjoukset\/kanta-asiakasohjelma-alennukset-jopa-15\/#primaryimage"},"thumbnailUrl":"https:\/\/saumaustarvike.fi\/verkkokauppa\/wp-content\/uploads\/2018\/08\/saumaustarvike_hinnoittelumalli.jpg","datePublished":"2018-08-12T15:46:16+00:00","dateModified":"2022-09-23T07:19:10+00:00","breadcrumb":{"@id":"https:\/\/saumaustarvike.fi\/verkkokauppa\/kauppa\/tarjoukset\/tarjoukset-tarjoukset\/kanta-asiakasohjelma-alennukset-jopa-15\/#breadcrumb"},"inLanguage":"fi","potentialAction":[{"@type":"ReadAction","target":["https:\/\/saumaustarvike.fi\/verkkokauppa\/kauppa\/tarjoukset\/tarjoukset-tarjoukset\/kanta-asiakasohjelma-alennukset-jopa-15\/"]}]},{"@type":"ImageObject","inLanguage":"fi","@id":"https:\/\/saumaustarvike.fi\/verkkokauppa\/kauppa\/tarjoukset\/tarjoukset-tarjoukset\/kanta-asiakasohjelma-alennukset-jopa-15\/#primaryimage","url":"https:\/\/saumaustarvike.fi\/verkkokauppa\/wp-content\/uploads\/2018\/08\/saumaustarvike_hinnoittelumalli.jpg","contentUrl":"https:\/\/saumaustarvike.fi\/verkkokauppa\/wp-content\/uploads\/2018\/08\/saumaustarvike_hinnoittelumalli.jpg","width":800,"height":800},{"@type":"BreadcrumbList","@id":"https:\/\/saumaustarvike.fi\/verkkokauppa\/kauppa\/tarjoukset\/tarjoukset-tarjoukset\/kanta-asiakasohjelma-alennukset-jopa-15\/#breadcrumb","itemListElement":[{"@type":"ListItem","position":1,"name":"Home","item":"https:\/\/saumaustarvike.fi\/verkkokauppa\/"},{"@type":"ListItem","position":2,"name":"Saumausmassat, tarvikkeet ja ty\u00f6kalut","item":"https:\/\/saumaustarvike.fi\/verkkokauppa\/kauppa\/"},{"@type":"ListItem","position":3,"name":"Kanta-asiakasohjelma &#8211; Alennukset jopa -15%"}]},{"@type":"WebSite","@id":"https:\/\/saumaustarvike.fi\/verkkokauppa\/#website","url":"https:\/\/saumaustarvike.fi\/verkkokauppa\/","name":"Saumaustarvike.fi","description":"Saumausmassat, tarvikkeet ja ty&ouml;kalut","publisher":{"@id":"https:\/\/saumaustarvike.fi\/verkkokauppa\/#organization"},"potentialAction":[{"@type":"SearchAction","target":{"@type":"EntryPoint","urlTemplate":"https:\/\/saumaustarvike.fi\/verkkokauppa\/?s={search_term_string}"},"query-input":{"@type":"PropertyValueSpecification","valueRequired":true,"valueName":"search_term_string"}}],"inLanguage":"fi"},{"@type":"Organization","@id":"https:\/\/saumaustarvike.fi\/verkkokauppa\/#organization","name":"Saumaustarvike.fi","url":"https:\/\/saumaustarvike.fi\/verkkokauppa\/","logo":{"@type":"ImageObject","inLanguage":"fi","@id":"https:\/\/saumaustarvike.fi\/verkkokauppa\/#\/schema\/logo\/image\/","url":"https:\/\/saumaustarvike.fi\/verkkokauppa\/wp-content\/uploads\/2019\/02\/logo.png","contentUrl":"https:\/\/saumaustarvike.fi\/verkkokauppa\/wp-content\/uploads\/2019\/02\/logo.png","width":806,"height":150,"caption":"Saumaustarvike.fi"},"image":{"@id":"https:\/\/saumaustarvike.fi\/verkkokauppa\/#\/schema\/logo\/image\/"},"sameAs":["https:\/\/www.facebook.com\/Saumalaakso"]}]}},"jetpack_sharing_enabled":true,"_links":{"self":[{"href":"https:\/\/saumaustarvike.fi\/verkkokauppa\/wp-json\/wp\/v2\/product\/13141","targetHints":{"allow":["GET"]}}],"collection":[{"href":"https:\/\/saumaustarvike.fi\/verkkokauppa\/wp-json\/wp\/v2\/product"}],"about":[{"href":"https:\/\/saumaustarvike.fi\/verkkokauppa\/wp-json\/wp\/v2\/types\/product"}],"replies":[{"embeddable":true,"href":"https:\/\/saumaustarvike.fi\/verkkokauppa\/wp-json\/wp\/v2\/comments?post=13141"}],"wp:featuredmedia":[{"embeddable":true,"href":"https:\/\/saumaustarvike.fi\/verkkokauppa\/wp-json\/wp\/v2\/media\/13160"}],"wp:attachment":[{"href":"https:\/\/saumaustarvike.fi\/verkkokauppa\/wp-json\/wp\/v2\/media?parent=13141"}],"wp:term":[{"taxonomy":"product_cat","embeddable":true,"href":"https:\/\/saumaustarvike.fi\/verkkokauppa\/wp-json\/wp\/v2\/product_cat?post=13141"},{"taxonomy":"product_tag","embeddable":true,"href":"https:\/\/saumaustarvike.fi\/verkkokauppa\/wp-json\/wp\/v2\/product_tag?post=13141"}],"curies":[{"name":"wp","href":"https:\/\/api.w.org\/{rel}","templated":true}]}}