{"id":13231,"date":"2018-09-03T15:17:06","date_gmt":"2018-09-03T12:17:06","guid":{"rendered":"https:\/\/saumaustarvike.fi\/verkkokauppa\/?post_type=product&#038;p=13231"},"modified":"2024-09-12T09:03:07","modified_gmt":"2024-09-12T06:03:07","slug":"sika-multiseal-bituminen-tiivistysteippi","status":"publish","type":"product","link":"https:\/\/saumaustarvike.fi\/verkkokauppa\/kauppa\/tuotemerkit\/sika-tuotemerkit\/sika-muut-tuotteet\/sika-multiseal-bituminen-tiivistysteippi\/","title":{"rendered":"Sika MultiSeal Bituminen tiivistysteippi"},"content":{"rendered":"<h1>Sika MultiSeal Bituminen tiivistysteippi<\/h1>\n<h2>Tuote<\/h2>\n<p>Itsekiinnittyv\u00e4, kumimodifioitu bitumipohjainen alumiinipinnoitteinen teippi.<\/p>\n<h2>K\u00e4ytt\u00f6tarkoitus<\/h2>\n<p>Korjauksiin ja paikkauksiin s\u00e4\u00e4olojen kest\u00e4vyytt\u00e4 vaativiin kohteisiin.\u00a0\u00a0Katoille, my\u00f6s peltisep\u00e4n t\u00f6ihin.<br \/>\nHalkeamien korjauksiin.\u00a0Bitumihuopa- ja muillekin kattomateriaaleille.<\/p>\n<h2>Yhteenveto eduista<\/h2>\n<ul>\n<li>Helppo ty\u00f6st\u00e4\u00e4<\/li>\n<li>Taloudellinen k\u00e4ytt\u00e4\u00e4<\/li>\n<li>Hyv\u00e4 tartunta useimpiin materiaaleihin<\/li>\n<li>S\u00e4\u00e4nkest\u00e4v\u00e4<\/li>\n<li>Itseliimautuva<\/li>\n<li>UV:n kest\u00e4v\u00e4<\/li>\n<li>Bituminkest\u00e4v\u00e4<\/li>\n<li>Voidaan maalata<\/li>\n<li>Voidaan asentaa paikoilleen matalissa l\u00e4mp\u00f6tiloissa.<\/li>\n<\/ul>\n","protected":false},"excerpt":{"rendered":"<p>Itsekiinnittyv\u00e4, kumimodifioitu bitumipohjainen alumiinipinnoitteinen teippi.<\/p>\n","protected":false},"featured_media":16364,"comment_status":"open","ping_status":"closed","template":"","meta":{"_acf_changed":false},"product_cat":[1545,1555,1560,1593,1553],"product_tag":[2270,295,2271,124,80],"class_list":{"0":"post-13231","1":"product","2":"type-product","3":"status-publish","4":"has-post-thumbnail","6":"product_brand-sika","7":"product_cat-bitumi-butyyli-tuotealueet","8":"product_cat-eristys","9":"product_cat-kattotuotteet","10":"product_cat-sika-muut-tuotteet","11":"product_cat-tiivistys-tuotteet","12":"product_tag-alumiini","13":"product_tag-bitumi","14":"product_tag-multiseal","15":"product_tag-nauha","16":"product_tag-tiivistys-2","17":"pa_koko-10mx100mmx1rll","18":"pa_koko-10mx100mmx3rll","19":"pa_koko-10mx150mmx1rll","20":"pa_koko-10mx150mmx2rll","21":"pa_koko-10mx75mmx1rll","22":"pa_koko-10mx75mmx4rll","23":"pa_koko-3mx100mmx12rll","24":"pa_koko-3mx100mmx1rll","26":"first","27":"onbackorder","28":"taxable","29":"shipping-taxable","30":"purchasable","31":"product-type-variable","32":"has-default-attributes"},"acf":[],"yoast_head":"<!-- This site is optimized with the Yoast SEO plugin v27.3 - https:\/\/yoast.com\/product\/yoast-seo-wordpress\/ -->\n<title>Sika MultiSeal Bituminen tiivistysteippi - Saumaustarvike.fi<\/title>\n<meta name=\"robots\" content=\"index, follow, max-snippet:-1, max-image-preview:large, max-video-preview:-1\" \/>\n<link rel=\"canonical\" href=\"https:\/\/saumaustarvike.fi\/verkkokauppa\/kauppa\/tuotemerkit\/sika-tuotemerkit\/sika-muut-tuotteet\/sika-multiseal-bituminen-tiivistysteippi\/\" \/>\n<meta property=\"og:locale\" content=\"fi_FI\" \/>\n<meta property=\"og:type\" content=\"article\" \/>\n<meta property=\"og:title\" content=\"Sika MultiSeal Bituminen tiivistysteippi - Saumaustarvike.fi\" \/>\n<meta property=\"og:description\" content=\"Itsekiinnittyv\u00e4, kumimodifioitu bitumipohjainen alumiinipinnoitteinen teippi.\" \/>\n<meta property=\"og:url\" content=\"https:\/\/saumaustarvike.fi\/verkkokauppa\/kauppa\/tuotemerkit\/sika-tuotemerkit\/sika-muut-tuotteet\/sika-multiseal-bituminen-tiivistysteippi\/\" \/>\n<meta property=\"og:site_name\" content=\"Saumaustarvike.fi\" \/>\n<meta property=\"article:publisher\" content=\"https:\/\/www.facebook.com\/Saumalaakso\" \/>\n<meta property=\"article:modified_time\" content=\"2024-09-12T06:03:07+00:00\" \/>\n<meta property=\"og:image\" content=\"https:\/\/saumaustarvike.fi\/verkkokauppa\/wp-content\/uploads\/2018\/09\/saumaustarvike-Sika-MultiSeal-Bituminen-tiivistysteippi.jpg\" \/>\n\t<meta property=\"og:image:width\" content=\"1000\" \/>\n\t<meta property=\"og:image:height\" content=\"1000\" \/>\n\t<meta property=\"og:image:type\" content=\"image\/jpeg\" \/>\n<script type=\"application\/ld+json\" class=\"yoast-schema-graph\">{\"@context\":\"https:\\\/\\\/schema.org\",\"@graph\":[{\"@type\":\"WebPage\",\"@id\":\"https:\\\/\\\/saumaustarvike.fi\\\/verkkokauppa\\\/kauppa\\\/tuotemerkit\\\/sika-tuotemerkit\\\/sika-muut-tuotteet\\\/sika-multiseal-bituminen-tiivistysteippi\\\/\",\"url\":\"https:\\\/\\\/saumaustarvike.fi\\\/verkkokauppa\\\/kauppa\\\/tuotemerkit\\\/sika-tuotemerkit\\\/sika-muut-tuotteet\\\/sika-multiseal-bituminen-tiivistysteippi\\\/\",\"name\":\"Sika MultiSeal Bituminen tiivistysteippi - Saumaustarvike.fi\",\"isPartOf\":{\"@id\":\"https:\\\/\\\/saumaustarvike.fi\\\/verkkokauppa\\\/#website\"},\"primaryImageOfPage\":{\"@id\":\"https:\\\/\\\/saumaustarvike.fi\\\/verkkokauppa\\\/kauppa\\\/tuotemerkit\\\/sika-tuotemerkit\\\/sika-muut-tuotteet\\\/sika-multiseal-bituminen-tiivistysteippi\\\/#primaryimage\"},\"image\":{\"@id\":\"https:\\\/\\\/saumaustarvike.fi\\\/verkkokauppa\\\/kauppa\\\/tuotemerkit\\\/sika-tuotemerkit\\\/sika-muut-tuotteet\\\/sika-multiseal-bituminen-tiivistysteippi\\\/#primaryimage\"},\"thumbnailUrl\":\"https:\\\/\\\/saumaustarvike.fi\\\/verkkokauppa\\\/wp-content\\\/uploads\\\/2018\\\/09\\\/saumaustarvike-Sika-MultiSeal-Bituminen-tiivistysteippi.jpg\",\"datePublished\":\"2018-09-03T12:17:06+00:00\",\"dateModified\":\"2024-09-12T06:03:07+00:00\",\"breadcrumb\":{\"@id\":\"https:\\\/\\\/saumaustarvike.fi\\\/verkkokauppa\\\/kauppa\\\/tuotemerkit\\\/sika-tuotemerkit\\\/sika-muut-tuotteet\\\/sika-multiseal-bituminen-tiivistysteippi\\\/#breadcrumb\"},\"inLanguage\":\"fi\",\"potentialAction\":[{\"@type\":\"ReadAction\",\"target\":[\"https:\\\/\\\/saumaustarvike.fi\\\/verkkokauppa\\\/kauppa\\\/tuotemerkit\\\/sika-tuotemerkit\\\/sika-muut-tuotteet\\\/sika-multiseal-bituminen-tiivistysteippi\\\/\"]}]},{\"@type\":\"ImageObject\",\"inLanguage\":\"fi\",\"@id\":\"https:\\\/\\\/saumaustarvike.fi\\\/verkkokauppa\\\/kauppa\\\/tuotemerkit\\\/sika-tuotemerkit\\\/sika-muut-tuotteet\\\/sika-multiseal-bituminen-tiivistysteippi\\\/#primaryimage\",\"url\":\"https:\\\/\\\/saumaustarvike.fi\\\/verkkokauppa\\\/wp-content\\\/uploads\\\/2018\\\/09\\\/saumaustarvike-Sika-MultiSeal-Bituminen-tiivistysteippi.jpg\",\"contentUrl\":\"https:\\\/\\\/saumaustarvike.fi\\\/verkkokauppa\\\/wp-content\\\/uploads\\\/2018\\\/09\\\/saumaustarvike-Sika-MultiSeal-Bituminen-tiivistysteippi.jpg\",\"width\":1000,\"height\":1000},{\"@type\":\"BreadcrumbList\",\"@id\":\"https:\\\/\\\/saumaustarvike.fi\\\/verkkokauppa\\\/kauppa\\\/tuotemerkit\\\/sika-tuotemerkit\\\/sika-muut-tuotteet\\\/sika-multiseal-bituminen-tiivistysteippi\\\/#breadcrumb\",\"itemListElement\":[{\"@type\":\"ListItem\",\"position\":1,\"name\":\"Home\",\"item\":\"https:\\\/\\\/saumaustarvike.fi\\\/verkkokauppa\\\/\"},{\"@type\":\"ListItem\",\"position\":2,\"name\":\"Saumausmassat, tarvikkeet ja ty\u00f6kalut\",\"item\":\"https:\\\/\\\/saumaustarvike.fi\\\/verkkokauppa\\\/kauppa\\\/\"},{\"@type\":\"ListItem\",\"position\":3,\"name\":\"Sika MultiSeal Bituminen tiivistysteippi\"}]},{\"@type\":\"WebSite\",\"@id\":\"https:\\\/\\\/saumaustarvike.fi\\\/verkkokauppa\\\/#website\",\"url\":\"https:\\\/\\\/saumaustarvike.fi\\\/verkkokauppa\\\/\",\"name\":\"Saumaustarvike.fi\",\"description\":\"Saumausmassat, tarvikkeet ja ty&ouml;kalut\",\"publisher\":{\"@id\":\"https:\\\/\\\/saumaustarvike.fi\\\/verkkokauppa\\\/#organization\"},\"potentialAction\":[{\"@type\":\"SearchAction\",\"target\":{\"@type\":\"EntryPoint\",\"urlTemplate\":\"https:\\\/\\\/saumaustarvike.fi\\\/verkkokauppa\\\/?s={search_term_string}\"},\"query-input\":{\"@type\":\"PropertyValueSpecification\",\"valueRequired\":true,\"valueName\":\"search_term_string\"}}],\"inLanguage\":\"fi\"},{\"@type\":\"Organization\",\"@id\":\"https:\\\/\\\/saumaustarvike.fi\\\/verkkokauppa\\\/#organization\",\"name\":\"Saumaustarvike.fi\",\"url\":\"https:\\\/\\\/saumaustarvike.fi\\\/verkkokauppa\\\/\",\"logo\":{\"@type\":\"ImageObject\",\"inLanguage\":\"fi\",\"@id\":\"https:\\\/\\\/saumaustarvike.fi\\\/verkkokauppa\\\/#\\\/schema\\\/logo\\\/image\\\/\",\"url\":\"https:\\\/\\\/saumaustarvike.fi\\\/verkkokauppa\\\/wp-content\\\/uploads\\\/2019\\\/02\\\/logo.png\",\"contentUrl\":\"https:\\\/\\\/saumaustarvike.fi\\\/verkkokauppa\\\/wp-content\\\/uploads\\\/2019\\\/02\\\/logo.png\",\"width\":806,\"height\":150,\"caption\":\"Saumaustarvike.fi\"},\"image\":{\"@id\":\"https:\\\/\\\/saumaustarvike.fi\\\/verkkokauppa\\\/#\\\/schema\\\/logo\\\/image\\\/\"},\"sameAs\":[\"https:\\\/\\\/www.facebook.com\\\/Saumalaakso\"]}]}<\/script>\n<!-- \/ Yoast SEO plugin. -->","yoast_head_json":{"title":"Sika MultiSeal Bituminen tiivistysteippi - Saumaustarvike.fi","robots":{"index":"index","follow":"follow","max-snippet":"max-snippet:-1","max-image-preview":"max-image-preview:large","max-video-preview":"max-video-preview:-1"},"canonical":"https:\/\/saumaustarvike.fi\/verkkokauppa\/kauppa\/tuotemerkit\/sika-tuotemerkit\/sika-muut-tuotteet\/sika-multiseal-bituminen-tiivistysteippi\/","og_locale":"fi_FI","og_type":"article","og_title":"Sika MultiSeal Bituminen tiivistysteippi - Saumaustarvike.fi","og_description":"Itsekiinnittyv\u00e4, kumimodifioitu bitumipohjainen alumiinipinnoitteinen teippi.","og_url":"https:\/\/saumaustarvike.fi\/verkkokauppa\/kauppa\/tuotemerkit\/sika-tuotemerkit\/sika-muut-tuotteet\/sika-multiseal-bituminen-tiivistysteippi\/","og_site_name":"Saumaustarvike.fi","article_publisher":"https:\/\/www.facebook.com\/Saumalaakso","article_modified_time":"2024-09-12T06:03:07+00:00","og_image":[{"width":1000,"height":1000,"url":"https:\/\/saumaustarvike.fi\/verkkokauppa\/wp-content\/uploads\/2018\/09\/saumaustarvike-Sika-MultiSeal-Bituminen-tiivistysteippi.jpg","type":"image\/jpeg"}],"schema":{"@context":"https:\/\/schema.org","@graph":[{"@type":"WebPage","@id":"https:\/\/saumaustarvike.fi\/verkkokauppa\/kauppa\/tuotemerkit\/sika-tuotemerkit\/sika-muut-tuotteet\/sika-multiseal-bituminen-tiivistysteippi\/","url":"https:\/\/saumaustarvike.fi\/verkkokauppa\/kauppa\/tuotemerkit\/sika-tuotemerkit\/sika-muut-tuotteet\/sika-multiseal-bituminen-tiivistysteippi\/","name":"Sika MultiSeal Bituminen tiivistysteippi - Saumaustarvike.fi","isPartOf":{"@id":"https:\/\/saumaustarvike.fi\/verkkokauppa\/#website"},"primaryImageOfPage":{"@id":"https:\/\/saumaustarvike.fi\/verkkokauppa\/kauppa\/tuotemerkit\/sika-tuotemerkit\/sika-muut-tuotteet\/sika-multiseal-bituminen-tiivistysteippi\/#primaryimage"},"image":{"@id":"https:\/\/saumaustarvike.fi\/verkkokauppa\/kauppa\/tuotemerkit\/sika-tuotemerkit\/sika-muut-tuotteet\/sika-multiseal-bituminen-tiivistysteippi\/#primaryimage"},"thumbnailUrl":"https:\/\/saumaustarvike.fi\/verkkokauppa\/wp-content\/uploads\/2018\/09\/saumaustarvike-Sika-MultiSeal-Bituminen-tiivistysteippi.jpg","datePublished":"2018-09-03T12:17:06+00:00","dateModified":"2024-09-12T06:03:07+00:00","breadcrumb":{"@id":"https:\/\/saumaustarvike.fi\/verkkokauppa\/kauppa\/tuotemerkit\/sika-tuotemerkit\/sika-muut-tuotteet\/sika-multiseal-bituminen-tiivistysteippi\/#breadcrumb"},"inLanguage":"fi","potentialAction":[{"@type":"ReadAction","target":["https:\/\/saumaustarvike.fi\/verkkokauppa\/kauppa\/tuotemerkit\/sika-tuotemerkit\/sika-muut-tuotteet\/sika-multiseal-bituminen-tiivistysteippi\/"]}]},{"@type":"ImageObject","inLanguage":"fi","@id":"https:\/\/saumaustarvike.fi\/verkkokauppa\/kauppa\/tuotemerkit\/sika-tuotemerkit\/sika-muut-tuotteet\/sika-multiseal-bituminen-tiivistysteippi\/#primaryimage","url":"https:\/\/saumaustarvike.fi\/verkkokauppa\/wp-content\/uploads\/2018\/09\/saumaustarvike-Sika-MultiSeal-Bituminen-tiivistysteippi.jpg","contentUrl":"https:\/\/saumaustarvike.fi\/verkkokauppa\/wp-content\/uploads\/2018\/09\/saumaustarvike-Sika-MultiSeal-Bituminen-tiivistysteippi.jpg","width":1000,"height":1000},{"@type":"BreadcrumbList","@id":"https:\/\/saumaustarvike.fi\/verkkokauppa\/kauppa\/tuotemerkit\/sika-tuotemerkit\/sika-muut-tuotteet\/sika-multiseal-bituminen-tiivistysteippi\/#breadcrumb","itemListElement":[{"@type":"ListItem","position":1,"name":"Home","item":"https:\/\/saumaustarvike.fi\/verkkokauppa\/"},{"@type":"ListItem","position":2,"name":"Saumausmassat, tarvikkeet ja ty\u00f6kalut","item":"https:\/\/saumaustarvike.fi\/verkkokauppa\/kauppa\/"},{"@type":"ListItem","position":3,"name":"Sika MultiSeal Bituminen tiivistysteippi"}]},{"@type":"WebSite","@id":"https:\/\/saumaustarvike.fi\/verkkokauppa\/#website","url":"https:\/\/saumaustarvike.fi\/verkkokauppa\/","name":"Saumaustarvike.fi","description":"Saumausmassat, tarvikkeet ja ty&ouml;kalut","publisher":{"@id":"https:\/\/saumaustarvike.fi\/verkkokauppa\/#organization"},"potentialAction":[{"@type":"SearchAction","target":{"@type":"EntryPoint","urlTemplate":"https:\/\/saumaustarvike.fi\/verkkokauppa\/?s={search_term_string}"},"query-input":{"@type":"PropertyValueSpecification","valueRequired":true,"valueName":"search_term_string"}}],"inLanguage":"fi"},{"@type":"Organization","@id":"https:\/\/saumaustarvike.fi\/verkkokauppa\/#organization","name":"Saumaustarvike.fi","url":"https:\/\/saumaustarvike.fi\/verkkokauppa\/","logo":{"@type":"ImageObject","inLanguage":"fi","@id":"https:\/\/saumaustarvike.fi\/verkkokauppa\/#\/schema\/logo\/image\/","url":"https:\/\/saumaustarvike.fi\/verkkokauppa\/wp-content\/uploads\/2019\/02\/logo.png","contentUrl":"https:\/\/saumaustarvike.fi\/verkkokauppa\/wp-content\/uploads\/2019\/02\/logo.png","width":806,"height":150,"caption":"Saumaustarvike.fi"},"image":{"@id":"https:\/\/saumaustarvike.fi\/verkkokauppa\/#\/schema\/logo\/image\/"},"sameAs":["https:\/\/www.facebook.com\/Saumalaakso"]}]}},"jetpack_sharing_enabled":true,"_links":{"self":[{"href":"https:\/\/saumaustarvike.fi\/verkkokauppa\/wp-json\/wp\/v2\/product\/13231","targetHints":{"allow":["GET"]}}],"collection":[{"href":"https:\/\/saumaustarvike.fi\/verkkokauppa\/wp-json\/wp\/v2\/product"}],"about":[{"href":"https:\/\/saumaustarvike.fi\/verkkokauppa\/wp-json\/wp\/v2\/types\/product"}],"replies":[{"embeddable":true,"href":"https:\/\/saumaustarvike.fi\/verkkokauppa\/wp-json\/wp\/v2\/comments?post=13231"}],"wp:featuredmedia":[{"embeddable":true,"href":"https:\/\/saumaustarvike.fi\/verkkokauppa\/wp-json\/wp\/v2\/media\/16364"}],"wp:attachment":[{"href":"https:\/\/saumaustarvike.fi\/verkkokauppa\/wp-json\/wp\/v2\/media?parent=13231"}],"wp:term":[{"taxonomy":"product_cat","embeddable":true,"href":"https:\/\/saumaustarvike.fi\/verkkokauppa\/wp-json\/wp\/v2\/product_cat?post=13231"},{"taxonomy":"product_tag","embeddable":true,"href":"https:\/\/saumaustarvike.fi\/verkkokauppa\/wp-json\/wp\/v2\/product_tag?post=13231"}],"curies":[{"name":"wp","href":"https:\/\/api.w.org\/{rel}","templated":true}]}}