{"id":14155,"date":"2019-02-14T14:25:19","date_gmt":"2019-02-14T12:25:19","guid":{"rendered":"https:\/\/saumaustarvike.fi\/verkkokauppa\/?post_type=product&#038;p=14155"},"modified":"2024-09-02T10:42:02","modified_gmt":"2024-09-02T07:42:02","slug":"elaproof-primer","status":"publish","type":"product","link":"https:\/\/saumaustarvike.fi\/verkkokauppa\/kauppa\/tuotemerkit\/elaproof\/vedeneristeet-ja-pinnoitteet\/elaproof-primer\/","title":{"rendered":"ElaProof Primer"},"content":{"rendered":"<h1><strong>ElaProof Primer 3 tai 10 L<\/strong><\/h1>\n<p>&nbsp;<\/p>\n<h3 class=\"p1\"><strong>Pohjustusaine huokoisille pinnoille k\u00e4ytett\u00e4v\u00e4ksi ElaProof-pinnoitteiden kanssa<\/strong><\/h3>\n<p>&nbsp;<\/p>\n<p class=\"p1 uk-grid-margin uk-first-column\"><strong>Ty\u00f6ohje:<br \/>\n<\/strong>Vesiohenteinen pohjustusaine tartunnan parantamiseen ja huokosten tukkimiseen ennen ElaProof-pinnoitusta sis\u00e4- ja ulkok\u00e4ytt\u00f6\u00f6n. Ennen primerin levityst\u00e4 alustasta poistetaan lika, rasva, p\u00f6ly ja muu irtoava aines sek\u00e4 alusta puhdistetaan vanhoista maali- ja pintakerroksista.\u00a0<strong>K\u00e4ytt\u00f6l\u00e4mp\u00f6tila:<\/strong>\u00a0(ilma ja pinta) yli +5 astetta. Pohjustusaine levitet\u00e4\u00e4n ohueksi tasaiseksi kerrokseksi siten, ett\u00e4 kaikki aine imeytyy pintaan eik\u00e4 siihen synny lammikoita. Vain yksi k\u00e4sittelykerta.\u00a0<strong>Ty\u00f6v\u00e4lineet:<\/strong>\u00a0tela, pensseli tai ruisku. Ty\u00f6v\u00e4lineet puhdistetaan vedell\u00e4.\u00a0<strong>Kuivumisaika:<\/strong>\u00a01-4 h olosuhteista ja alustasta riippuen.\u00a0<strong>Menekki:<\/strong>\u00a0Riippuu alustan karheudesta ja huokoisuudesta, tyypillisesti 0,05 \u2013 0,5 l \/ m<sup>2<\/sup>\u00a0(vedell\u00e4 ohennettua pohjustusainetta).<\/p>\n<p class=\"p2 uk-grid-margin uk-first-column\"><span class=\"s1\"><strong>K\u00e4ytt\u00f6kohteet:<\/strong><br \/>\n<\/span>Huokoiset pinnat kuten uudet tai vanhat betonipinnat, mineriitti, rapatut pinnat ja kipsi.<\/p>\n<p class=\"p1 uk-grid-margin\"><strong>Sekoitussuhde:<\/strong><br \/>\n1 osa pohjustusainetta ja 2 osaa vett\u00e4 (1:2)<\/p>\n<p class=\"p1 uk-grid-margin uk-first-column\"><strong>Varastointi:<\/strong><br \/>\nAvattu astia tulee sulkea huolellisesti. Tuote s\u00e4ilyy k\u00e4ytt\u00f6kelpoisena parasta ennen p\u00e4iv\u00e4ykseen asti (katso p\u00e4iv\u00e4ys purkin kyljest\u00e4). Tuote on suojattava pakkaselta ja suoralta auringon paisteelta.<br \/>\nS\u00e4ilytett\u00e4v\u00e4 lasten ulottumattomissa.<\/p>\n<p class=\"p1 uk-grid-margin uk-first-column\"><strong>Huomio:<br \/>\n<\/strong>EUH 208 Sis\u00e4lt\u00e4\u00e4 5-Kloori-2-metyyli-2H-isotiatsol-3-onin EY nro. 247-500-7 ja 2-metyyli-2H- isotiatsol-3-onin EY nro. 220-239-6 (3:1) seos. Voi aiheuttaa allergisen reaktion.<\/p>\n<h2><strong>ElaProofin edut:<\/strong><\/h2>\n<ul>\n<li>Lue lis\u00e4\u00e4 (<a href=\"https:\/\/buildcare.fi\/elaproof-edut\/\" target=\"_blank\" rel=\"noopener noreferrer\">https:\/\/buildcare.fi\/elaproof-edut\/<\/a>)<\/li>\n<\/ul>\n<p><strong>ElaProof ty\u00f6ohjeet:<\/strong><\/p>\n<ul>\n<li>Lue lis\u00e4\u00e4 (<a href=\"https:\/\/buildcare.fi\/elaproof_ohjeet\/elaproofin-tyoohjeet-ja-esitteet\/\" target=\"_blank\" rel=\"noopener noreferrer\">https:\/\/buildcare.fi\/elaproof_ohjeet\/elaproofin-tyoohjeet-ja-esitteet\/<\/a>)<\/li>\n<\/ul>\n","protected":false},"excerpt":{"rendered":"<p class=\"p1\">Vesiohenteinen pohjustusaine tartunnan parantamiseen ja huokosten tukkimiseen ennen ElaProof-pinnoitusta sis\u00e4- ja ulkok\u00e4ytt\u00f6\u00f6n.<\/p>\n","protected":false},"featured_media":15849,"comment_status":"open","ping_status":"closed","template":"","meta":{"_acf_changed":false},"product_cat":[1555,1559,1560,1558,1553,2243],"product_tag":[2244,309,510,587,84,80,509],"class_list":{"0":"post-14155","1":"product","2":"type-product","3":"status-publish","4":"has-post-thumbnail","6":"product_brand-elaproof","7":"product_cat-eristys","8":"product_cat-julkisivu-ja-seinien-huolto-puhdistus-ja-kunnostus","9":"product_cat-kattotuotteet","10":"product_cat-lattiatuotteet-tuotteet","11":"product_cat-tiivistys-tuotteet","12":"product_cat-vedeneristeet-ja-pinnoitteet","13":"product_tag-elaproof","14":"product_tag-eristys","15":"product_tag-joustava","16":"product_tag-pinnoite","17":"product_tag-primer","18":"product_tag-tiivistys-2","19":"product_tag-vedeneristys","20":"pa_maara-10l","21":"pa_maara-3l","23":"first","24":"onbackorder","25":"taxable","26":"shipping-taxable","27":"purchasable","28":"product-type-variable"},"acf":[],"yoast_head":"<!-- This site is optimized with the Yoast SEO plugin v27.3 - https:\/\/yoast.com\/product\/yoast-seo-wordpress\/ -->\n<title>ElaProof Primer - Saumaustarvike.fi<\/title>\n<meta name=\"robots\" content=\"index, follow, max-snippet:-1, max-image-preview:large, max-video-preview:-1\" \/>\n<link rel=\"canonical\" href=\"https:\/\/saumaustarvike.fi\/verkkokauppa\/kauppa\/tuotemerkit\/elaproof\/vedeneristeet-ja-pinnoitteet\/elaproof-primer\/\" \/>\n<meta property=\"og:locale\" content=\"fi_FI\" \/>\n<meta property=\"og:type\" content=\"article\" \/>\n<meta property=\"og:title\" content=\"ElaProof Primer - Saumaustarvike.fi\" \/>\n<meta property=\"og:description\" content=\"Vesiohenteinen pohjustusaine tartunnan parantamiseen ja huokosten tukkimiseen ennen ElaProof-pinnoitusta sis\u00e4- ja ulkok\u00e4ytt\u00f6\u00f6n.\" \/>\n<meta property=\"og:url\" content=\"https:\/\/saumaustarvike.fi\/verkkokauppa\/kauppa\/tuotemerkit\/elaproof\/vedeneristeet-ja-pinnoitteet\/elaproof-primer\/\" \/>\n<meta property=\"og:site_name\" content=\"Saumaustarvike.fi\" \/>\n<meta property=\"article:publisher\" content=\"https:\/\/www.facebook.com\/Saumalaakso\" \/>\n<meta property=\"article:modified_time\" content=\"2024-09-02T07:42:02+00:00\" \/>\n<meta property=\"og:image\" content=\"https:\/\/saumaustarvike.fi\/verkkokauppa\/content\/uploads\/2019\/02\/Primer_10L_ElaProof-scaled.jpg\" \/>\n\t<meta property=\"og:image:width\" content=\"1912\" \/>\n\t<meta property=\"og:image:height\" content=\"2560\" \/>\n\t<meta property=\"og:image:type\" content=\"image\/jpeg\" \/>\n<meta name=\"twitter:label1\" content=\"Arvioitu lukuaika\" \/>\n\t<meta name=\"twitter:data1\" content=\"2 minuuttia\" \/>\n<script type=\"application\/ld+json\" class=\"yoast-schema-graph\">{\"@context\":\"https:\\\/\\\/schema.org\",\"@graph\":[{\"@type\":\"WebPage\",\"@id\":\"https:\\\/\\\/saumaustarvike.fi\\\/verkkokauppa\\\/kauppa\\\/tuotemerkit\\\/elaproof\\\/vedeneristeet-ja-pinnoitteet\\\/elaproof-primer\\\/\",\"url\":\"https:\\\/\\\/saumaustarvike.fi\\\/verkkokauppa\\\/kauppa\\\/tuotemerkit\\\/elaproof\\\/vedeneristeet-ja-pinnoitteet\\\/elaproof-primer\\\/\",\"name\":\"ElaProof Primer - Saumaustarvike.fi\",\"isPartOf\":{\"@id\":\"https:\\\/\\\/saumaustarvike.fi\\\/verkkokauppa\\\/#website\"},\"primaryImageOfPage\":{\"@id\":\"https:\\\/\\\/saumaustarvike.fi\\\/verkkokauppa\\\/kauppa\\\/tuotemerkit\\\/elaproof\\\/vedeneristeet-ja-pinnoitteet\\\/elaproof-primer\\\/#primaryimage\"},\"image\":{\"@id\":\"https:\\\/\\\/saumaustarvike.fi\\\/verkkokauppa\\\/kauppa\\\/tuotemerkit\\\/elaproof\\\/vedeneristeet-ja-pinnoitteet\\\/elaproof-primer\\\/#primaryimage\"},\"thumbnailUrl\":\"https:\\\/\\\/saumaustarvike.fi\\\/verkkokauppa\\\/wp-content\\\/uploads\\\/2019\\\/02\\\/Primer_10L_ElaProof-scaled.jpg\",\"datePublished\":\"2019-02-14T12:25:19+00:00\",\"dateModified\":\"2024-09-02T07:42:02+00:00\",\"breadcrumb\":{\"@id\":\"https:\\\/\\\/saumaustarvike.fi\\\/verkkokauppa\\\/kauppa\\\/tuotemerkit\\\/elaproof\\\/vedeneristeet-ja-pinnoitteet\\\/elaproof-primer\\\/#breadcrumb\"},\"inLanguage\":\"fi\",\"potentialAction\":[{\"@type\":\"ReadAction\",\"target\":[\"https:\\\/\\\/saumaustarvike.fi\\\/verkkokauppa\\\/kauppa\\\/tuotemerkit\\\/elaproof\\\/vedeneristeet-ja-pinnoitteet\\\/elaproof-primer\\\/\"]}]},{\"@type\":\"ImageObject\",\"inLanguage\":\"fi\",\"@id\":\"https:\\\/\\\/saumaustarvike.fi\\\/verkkokauppa\\\/kauppa\\\/tuotemerkit\\\/elaproof\\\/vedeneristeet-ja-pinnoitteet\\\/elaproof-primer\\\/#primaryimage\",\"url\":\"https:\\\/\\\/saumaustarvike.fi\\\/verkkokauppa\\\/wp-content\\\/uploads\\\/2019\\\/02\\\/Primer_10L_ElaProof-scaled.jpg\",\"contentUrl\":\"https:\\\/\\\/saumaustarvike.fi\\\/verkkokauppa\\\/wp-content\\\/uploads\\\/2019\\\/02\\\/Primer_10L_ElaProof-scaled.jpg\",\"width\":1912,\"height\":2560},{\"@type\":\"BreadcrumbList\",\"@id\":\"https:\\\/\\\/saumaustarvike.fi\\\/verkkokauppa\\\/kauppa\\\/tuotemerkit\\\/elaproof\\\/vedeneristeet-ja-pinnoitteet\\\/elaproof-primer\\\/#breadcrumb\",\"itemListElement\":[{\"@type\":\"ListItem\",\"position\":1,\"name\":\"Home\",\"item\":\"https:\\\/\\\/saumaustarvike.fi\\\/verkkokauppa\\\/\"},{\"@type\":\"ListItem\",\"position\":2,\"name\":\"Saumausmassat, tarvikkeet ja ty\u00f6kalut\",\"item\":\"https:\\\/\\\/saumaustarvike.fi\\\/verkkokauppa\\\/kauppa\\\/\"},{\"@type\":\"ListItem\",\"position\":3,\"name\":\"ElaProof Primer\"}]},{\"@type\":\"WebSite\",\"@id\":\"https:\\\/\\\/saumaustarvike.fi\\\/verkkokauppa\\\/#website\",\"url\":\"https:\\\/\\\/saumaustarvike.fi\\\/verkkokauppa\\\/\",\"name\":\"Saumaustarvike.fi\",\"description\":\"Saumausmassat, tarvikkeet ja ty&ouml;kalut\",\"publisher\":{\"@id\":\"https:\\\/\\\/saumaustarvike.fi\\\/verkkokauppa\\\/#organization\"},\"potentialAction\":[{\"@type\":\"SearchAction\",\"target\":{\"@type\":\"EntryPoint\",\"urlTemplate\":\"https:\\\/\\\/saumaustarvike.fi\\\/verkkokauppa\\\/?s={search_term_string}\"},\"query-input\":{\"@type\":\"PropertyValueSpecification\",\"valueRequired\":true,\"valueName\":\"search_term_string\"}}],\"inLanguage\":\"fi\"},{\"@type\":\"Organization\",\"@id\":\"https:\\\/\\\/saumaustarvike.fi\\\/verkkokauppa\\\/#organization\",\"name\":\"Saumaustarvike.fi\",\"url\":\"https:\\\/\\\/saumaustarvike.fi\\\/verkkokauppa\\\/\",\"logo\":{\"@type\":\"ImageObject\",\"inLanguage\":\"fi\",\"@id\":\"https:\\\/\\\/saumaustarvike.fi\\\/verkkokauppa\\\/#\\\/schema\\\/logo\\\/image\\\/\",\"url\":\"https:\\\/\\\/saumaustarvike.fi\\\/verkkokauppa\\\/wp-content\\\/uploads\\\/2019\\\/02\\\/logo.png\",\"contentUrl\":\"https:\\\/\\\/saumaustarvike.fi\\\/verkkokauppa\\\/wp-content\\\/uploads\\\/2019\\\/02\\\/logo.png\",\"width\":806,\"height\":150,\"caption\":\"Saumaustarvike.fi\"},\"image\":{\"@id\":\"https:\\\/\\\/saumaustarvike.fi\\\/verkkokauppa\\\/#\\\/schema\\\/logo\\\/image\\\/\"},\"sameAs\":[\"https:\\\/\\\/www.facebook.com\\\/Saumalaakso\"]}]}<\/script>\n<!-- \/ Yoast SEO plugin. -->","yoast_head_json":{"title":"ElaProof Primer - Saumaustarvike.fi","robots":{"index":"index","follow":"follow","max-snippet":"max-snippet:-1","max-image-preview":"max-image-preview:large","max-video-preview":"max-video-preview:-1"},"canonical":"https:\/\/saumaustarvike.fi\/verkkokauppa\/kauppa\/tuotemerkit\/elaproof\/vedeneristeet-ja-pinnoitteet\/elaproof-primer\/","og_locale":"fi_FI","og_type":"article","og_title":"ElaProof Primer - Saumaustarvike.fi","og_description":"Vesiohenteinen pohjustusaine tartunnan parantamiseen ja huokosten tukkimiseen ennen ElaProof-pinnoitusta sis\u00e4- ja ulkok\u00e4ytt\u00f6\u00f6n.","og_url":"https:\/\/saumaustarvike.fi\/verkkokauppa\/kauppa\/tuotemerkit\/elaproof\/vedeneristeet-ja-pinnoitteet\/elaproof-primer\/","og_site_name":"Saumaustarvike.fi","article_publisher":"https:\/\/www.facebook.com\/Saumalaakso","article_modified_time":"2024-09-02T07:42:02+00:00","og_image":[{"width":1912,"height":2560,"url":"https:\/\/saumaustarvike.fi\/verkkokauppa\/content\/uploads\/2019\/02\/Primer_10L_ElaProof-scaled.jpg","type":"image\/jpeg"}],"twitter_misc":{"Arvioitu lukuaika":"2 minuuttia"},"schema":{"@context":"https:\/\/schema.org","@graph":[{"@type":"WebPage","@id":"https:\/\/saumaustarvike.fi\/verkkokauppa\/kauppa\/tuotemerkit\/elaproof\/vedeneristeet-ja-pinnoitteet\/elaproof-primer\/","url":"https:\/\/saumaustarvike.fi\/verkkokauppa\/kauppa\/tuotemerkit\/elaproof\/vedeneristeet-ja-pinnoitteet\/elaproof-primer\/","name":"ElaProof Primer - Saumaustarvike.fi","isPartOf":{"@id":"https:\/\/saumaustarvike.fi\/verkkokauppa\/#website"},"primaryImageOfPage":{"@id":"https:\/\/saumaustarvike.fi\/verkkokauppa\/kauppa\/tuotemerkit\/elaproof\/vedeneristeet-ja-pinnoitteet\/elaproof-primer\/#primaryimage"},"image":{"@id":"https:\/\/saumaustarvike.fi\/verkkokauppa\/kauppa\/tuotemerkit\/elaproof\/vedeneristeet-ja-pinnoitteet\/elaproof-primer\/#primaryimage"},"thumbnailUrl":"https:\/\/saumaustarvike.fi\/verkkokauppa\/wp-content\/uploads\/2019\/02\/Primer_10L_ElaProof-scaled.jpg","datePublished":"2019-02-14T12:25:19+00:00","dateModified":"2024-09-02T07:42:02+00:00","breadcrumb":{"@id":"https:\/\/saumaustarvike.fi\/verkkokauppa\/kauppa\/tuotemerkit\/elaproof\/vedeneristeet-ja-pinnoitteet\/elaproof-primer\/#breadcrumb"},"inLanguage":"fi","potentialAction":[{"@type":"ReadAction","target":["https:\/\/saumaustarvike.fi\/verkkokauppa\/kauppa\/tuotemerkit\/elaproof\/vedeneristeet-ja-pinnoitteet\/elaproof-primer\/"]}]},{"@type":"ImageObject","inLanguage":"fi","@id":"https:\/\/saumaustarvike.fi\/verkkokauppa\/kauppa\/tuotemerkit\/elaproof\/vedeneristeet-ja-pinnoitteet\/elaproof-primer\/#primaryimage","url":"https:\/\/saumaustarvike.fi\/verkkokauppa\/wp-content\/uploads\/2019\/02\/Primer_10L_ElaProof-scaled.jpg","contentUrl":"https:\/\/saumaustarvike.fi\/verkkokauppa\/wp-content\/uploads\/2019\/02\/Primer_10L_ElaProof-scaled.jpg","width":1912,"height":2560},{"@type":"BreadcrumbList","@id":"https:\/\/saumaustarvike.fi\/verkkokauppa\/kauppa\/tuotemerkit\/elaproof\/vedeneristeet-ja-pinnoitteet\/elaproof-primer\/#breadcrumb","itemListElement":[{"@type":"ListItem","position":1,"name":"Home","item":"https:\/\/saumaustarvike.fi\/verkkokauppa\/"},{"@type":"ListItem","position":2,"name":"Saumausmassat, tarvikkeet ja ty\u00f6kalut","item":"https:\/\/saumaustarvike.fi\/verkkokauppa\/kauppa\/"},{"@type":"ListItem","position":3,"name":"ElaProof Primer"}]},{"@type":"WebSite","@id":"https:\/\/saumaustarvike.fi\/verkkokauppa\/#website","url":"https:\/\/saumaustarvike.fi\/verkkokauppa\/","name":"Saumaustarvike.fi","description":"Saumausmassat, tarvikkeet ja ty&ouml;kalut","publisher":{"@id":"https:\/\/saumaustarvike.fi\/verkkokauppa\/#organization"},"potentialAction":[{"@type":"SearchAction","target":{"@type":"EntryPoint","urlTemplate":"https:\/\/saumaustarvike.fi\/verkkokauppa\/?s={search_term_string}"},"query-input":{"@type":"PropertyValueSpecification","valueRequired":true,"valueName":"search_term_string"}}],"inLanguage":"fi"},{"@type":"Organization","@id":"https:\/\/saumaustarvike.fi\/verkkokauppa\/#organization","name":"Saumaustarvike.fi","url":"https:\/\/saumaustarvike.fi\/verkkokauppa\/","logo":{"@type":"ImageObject","inLanguage":"fi","@id":"https:\/\/saumaustarvike.fi\/verkkokauppa\/#\/schema\/logo\/image\/","url":"https:\/\/saumaustarvike.fi\/verkkokauppa\/wp-content\/uploads\/2019\/02\/logo.png","contentUrl":"https:\/\/saumaustarvike.fi\/verkkokauppa\/wp-content\/uploads\/2019\/02\/logo.png","width":806,"height":150,"caption":"Saumaustarvike.fi"},"image":{"@id":"https:\/\/saumaustarvike.fi\/verkkokauppa\/#\/schema\/logo\/image\/"},"sameAs":["https:\/\/www.facebook.com\/Saumalaakso"]}]}},"jetpack_sharing_enabled":true,"_links":{"self":[{"href":"https:\/\/saumaustarvike.fi\/verkkokauppa\/wp-json\/wp\/v2\/product\/14155","targetHints":{"allow":["GET"]}}],"collection":[{"href":"https:\/\/saumaustarvike.fi\/verkkokauppa\/wp-json\/wp\/v2\/product"}],"about":[{"href":"https:\/\/saumaustarvike.fi\/verkkokauppa\/wp-json\/wp\/v2\/types\/product"}],"replies":[{"embeddable":true,"href":"https:\/\/saumaustarvike.fi\/verkkokauppa\/wp-json\/wp\/v2\/comments?post=14155"}],"wp:featuredmedia":[{"embeddable":true,"href":"https:\/\/saumaustarvike.fi\/verkkokauppa\/wp-json\/wp\/v2\/media\/15849"}],"wp:attachment":[{"href":"https:\/\/saumaustarvike.fi\/verkkokauppa\/wp-json\/wp\/v2\/media?parent=14155"}],"wp:term":[{"taxonomy":"product_cat","embeddable":true,"href":"https:\/\/saumaustarvike.fi\/verkkokauppa\/wp-json\/wp\/v2\/product_cat?post=14155"},{"taxonomy":"product_tag","embeddable":true,"href":"https:\/\/saumaustarvike.fi\/verkkokauppa\/wp-json\/wp\/v2\/product_tag?post=14155"}],"curies":[{"name":"wp","href":"https:\/\/api.w.org\/{rel}","templated":true}]}}