{"id":14325,"date":"2019-04-10T11:38:11","date_gmt":"2019-04-10T08:38:11","guid":{"rendered":"https:\/\/saumaustarvike.fi\/verkkokauppa\/?post_type=product&#038;p=14325"},"modified":"2024-09-02T10:36:21","modified_gmt":"2024-09-02T07:36:21","slug":"casco-aquaseal-elastinen-saumausmassa-m1-luokiteltu-300ml","status":"publish","type":"product","link":"https:\/\/saumaustarvike.fi\/verkkokauppa\/kauppa\/tuotemerkit\/casco-schonox\/saumaus-ja-tiivistys\/casco-aquaseal-elastinen-saumausmassa-m1-luokiteltu-300ml\/","title":{"rendered":"Casco AquaSeal elastinen saumausmassa M1-luokiteltu 300ml"},"content":{"rendered":"<h1>Casco AquaSeal elastinen saumausmassa M1-luokiteltu<\/h1>\n<h3>Tuotekuvaus<\/h3>\n<p>Casco AquaSeal on silikonivapaa, liuotinvapaa, SMP-pohjainen, kosteuskovettuva ja elastinen saumausmassa. K\u00e4ytt\u00f6kohteina kylpyhuoneet, keitti\u00f6t ja muut tilat miss\u00e4 saumat joutuvat kosteusrasitukseen. Soveltuu my\u00f6s luonnonkiville ja marmorille. Erinomainen tarttuvuus useimpiin rakennusmateriaaleihin. Kest\u00e4\u00e4 suuriakin liikkeit\u00e4 (eritt\u00e4in elastinen). Mietotuoksuinen. Erinomainen suoja pime\u00e4kellastumista vastaan. Erinomainen suoja hometta vastaan. Tiivis ja likaantumista est\u00e4v\u00e4 pinta on helppo pit\u00e4\u00e4 puhtaana. Hyv\u00e4 kemikaalien ja UV-s\u00e4teilyn kesto. T\u00e4ysin kuiva sauma voidaan hioa ja p\u00e4\u00e4llemaalata useimmilla vesipohjaisilla maaleilla (esitestaus on suositeltavaa).<\/p>\n<h3>K\u00e4ytt\u00f6alue<\/h3>\n<p>Kylpyhuoneet, keitti\u00f6t ja muut tilat miss\u00e4 saumat joutuvat kosteusrasitukseen.<\/p>\n<h3>V\u00e4ri<\/h3>\n<p>Manhattan S 3000N<br \/>\nValkoinen S 0502-G<br \/>\nHarmaa 4005 G80Y<br \/>\nVaaleanharmaa S 1502-B<br \/>\nAntrasiitti S 8000-N<br \/>\nTummanharmaa S 6502-Y<\/p>\n<h3>Pakkaus<\/h3>\n<p>300ml patruuna<\/p>\n<h2>Teknisi\u00e4 tietoja \/\u00a0Ominaisuudet<\/h2>\n<h4>Ominaisuudet ennen levitt\u00e4mist\u00e4<\/h4>\n<p><strong>Materiaalityyppi <\/strong>SMP-perustainen tiivistysmassa<br \/>\n<strong>Koostumus<\/strong> SMP Polymeeri<br \/>\n<strong>Kovettuminen<\/strong> Kosteuskovettuva<br \/>\n<strong>Tiheys<\/strong> 1400 kg\/m\u00b3<br \/>\n<strong>Ty\u00f6l\u00e4mp\u00f6tila<\/strong> +5\u00b0&#8230;+40\u00b0C<br \/>\n<strong>Tulenarkuus<\/strong> Tuote ei ole tulenarkaa<br \/>\n<strong>Varastointi<\/strong> S\u00e4ilyvyys 12 kk avaamattomassa<br \/>\npatruunassa, varastointiviile\u00e4ss\u00e4 paikassa.<br \/>\nEi saa j\u00e4\u00e4ty\u00e4.<\/p>\n<p><strong>Kovettumisaika:<\/strong> 24 h, 3 mm kerros, 7 vrk, 10 mm kerros<br \/>\n<strong>Kovuus<\/strong> 40 -45 Shore A<br \/>\n<strong>Liikkeensietokyky<\/strong> n. 20% sauman leveydest\u00e4<br \/>\n<strong>Elastisuus<\/strong> 400 % (ASTM 412D)<br \/>\n<strong>L\u00e4mm\u00f6nsietokyky<\/strong> -40\u00b0C &#8211; + 100\u00b0C<br \/>\n<strong>Vanhenemisenkesto<\/strong> kest\u00e4\u00e4 hyvin kemikaaleja ja UV-s\u00e4teily\u00e4, se ei my\u00f6sk\u00e4\u00e4n kellastu helposti.<br \/>\n<strong>Maalattavuus<\/strong> p\u00e4\u00e4llemaalattavissa useimmilla vesiohenteisilla maaleilla. (tee koemaalaus)<br \/>\n<strong>Kemikaalienkesto<\/strong> Hyv\u00e4 kemikaalienkesto.<\/p>\n","protected":false},"excerpt":{"rendered":"<p>Casco AquaSeal on silikonivapaa, liuotinvapaa, SMP-pohjainen, kosteuskovettuva ja elastinen saumausmassa. K\u00e4ytt\u00f6kohteina kylpyhuoneet, keitti\u00f6t ja muut tilat miss\u00e4 saumat joutuvat kosteusrasitukseen.<\/p>\n","protected":false},"featured_media":16331,"comment_status":"open","ping_status":"closed","template":"","meta":{"_acf_changed":false},"product_cat":[1547,1627,2345,1553],"product_tag":[89,169,147,2347,2346,2349,2348,80],"class_list":{"0":"post-14325","1":"product","2":"type-product","3":"status-publish","4":"has-post-thumbnail","6":"product_brand-casco-schonox","7":"product_cat-hybridi-smp-ja-ms-polymeerit","8":"product_cat-saumaus","9":"product_cat-saumaus-ja-tiivistys","10":"product_cat-tiivistys-tuotteet","11":"product_tag-elastinen","12":"product_tag-homesuojattu","13":"product_tag-hybridipolymeeri","14":"product_tag-keittio","15":"product_tag-kylpyhuone","16":"product_tag-liuotinvapaa","17":"product_tag-silikonivapaa","18":"product_tag-tiivistys-2","19":"pa_vari-antrasiitti","20":"pa_vari-harmaa","21":"pa_vari-manhattan-2","22":"pa_vari-tummanharmaa","23":"pa_vari-vaaleanharmaa","24":"pa_vari-valkoinen","26":"first","27":"onbackorder","28":"taxable","29":"shipping-taxable","30":"purchasable","31":"product-type-variable"},"acf":[],"yoast_head":"<!-- This site is optimized with the Yoast SEO plugin v27.5 - https:\/\/yoast.com\/product\/yoast-seo-wordpress\/ -->\n<title>Casco AquaSeal elastinen saumausmassa M1-luokiteltu 300ml - Saumaustarvike.fi<\/title>\n<meta name=\"robots\" content=\"index, follow, max-snippet:-1, max-image-preview:large, max-video-preview:-1\" \/>\n<link rel=\"canonical\" href=\"https:\/\/saumaustarvike.fi\/verkkokauppa\/kauppa\/tuotemerkit\/casco-schonox\/saumaus-ja-tiivistys\/casco-aquaseal-elastinen-saumausmassa-m1-luokiteltu-300ml\/\" \/>\n<meta property=\"og:locale\" content=\"fi_FI\" \/>\n<meta property=\"og:type\" content=\"article\" \/>\n<meta property=\"og:title\" content=\"Casco AquaSeal elastinen saumausmassa M1-luokiteltu 300ml - Saumaustarvike.fi\" \/>\n<meta property=\"og:description\" content=\"Casco AquaSeal on silikonivapaa, liuotinvapaa, SMP-pohjainen, kosteuskovettuva ja elastinen saumausmassa. K\u00e4ytt\u00f6kohteina kylpyhuoneet, keitti\u00f6t ja muut tilat miss\u00e4 saumat joutuvat kosteusrasitukseen.\" \/>\n<meta property=\"og:url\" content=\"https:\/\/saumaustarvike.fi\/verkkokauppa\/kauppa\/tuotemerkit\/casco-schonox\/saumaus-ja-tiivistys\/casco-aquaseal-elastinen-saumausmassa-m1-luokiteltu-300ml\/\" \/>\n<meta property=\"og:site_name\" content=\"Saumaustarvike.fi\" \/>\n<meta property=\"article:publisher\" content=\"https:\/\/www.facebook.com\/Saumalaakso\" \/>\n<meta property=\"article:modified_time\" content=\"2024-09-02T07:36:21+00:00\" \/>\n<meta property=\"og:image\" content=\"https:\/\/saumaustarvike.fi\/verkkokauppa\/content\/uploads\/2019\/04\/Saumaustarvike_Casco-AquaSeal.jpg\" \/>\n\t<meta property=\"og:image:width\" content=\"1000\" \/>\n\t<meta property=\"og:image:height\" content=\"1000\" \/>\n\t<meta property=\"og:image:type\" content=\"image\/jpeg\" \/>\n<meta name=\"twitter:label1\" content=\"Arvioitu lukuaika\" \/>\n\t<meta name=\"twitter:data1\" content=\"2 minuuttia\" \/>\n<script type=\"application\/ld+json\" class=\"yoast-schema-graph\">{\"@context\":\"https:\\\/\\\/schema.org\",\"@graph\":[{\"@type\":\"WebPage\",\"@id\":\"https:\\\/\\\/saumaustarvike.fi\\\/verkkokauppa\\\/kauppa\\\/tuotemerkit\\\/casco-schonox\\\/saumaus-ja-tiivistys\\\/casco-aquaseal-elastinen-saumausmassa-m1-luokiteltu-300ml\\\/\",\"url\":\"https:\\\/\\\/saumaustarvike.fi\\\/verkkokauppa\\\/kauppa\\\/tuotemerkit\\\/casco-schonox\\\/saumaus-ja-tiivistys\\\/casco-aquaseal-elastinen-saumausmassa-m1-luokiteltu-300ml\\\/\",\"name\":\"Casco AquaSeal elastinen saumausmassa M1-luokiteltu 300ml - Saumaustarvike.fi\",\"isPartOf\":{\"@id\":\"https:\\\/\\\/saumaustarvike.fi\\\/verkkokauppa\\\/#website\"},\"primaryImageOfPage\":{\"@id\":\"https:\\\/\\\/saumaustarvike.fi\\\/verkkokauppa\\\/kauppa\\\/tuotemerkit\\\/casco-schonox\\\/saumaus-ja-tiivistys\\\/casco-aquaseal-elastinen-saumausmassa-m1-luokiteltu-300ml\\\/#primaryimage\"},\"image\":{\"@id\":\"https:\\\/\\\/saumaustarvike.fi\\\/verkkokauppa\\\/kauppa\\\/tuotemerkit\\\/casco-schonox\\\/saumaus-ja-tiivistys\\\/casco-aquaseal-elastinen-saumausmassa-m1-luokiteltu-300ml\\\/#primaryimage\"},\"thumbnailUrl\":\"https:\\\/\\\/saumaustarvike.fi\\\/verkkokauppa\\\/wp-content\\\/uploads\\\/2019\\\/04\\\/Saumaustarvike_Casco-AquaSeal.jpg\",\"datePublished\":\"2019-04-10T08:38:11+00:00\",\"dateModified\":\"2024-09-02T07:36:21+00:00\",\"breadcrumb\":{\"@id\":\"https:\\\/\\\/saumaustarvike.fi\\\/verkkokauppa\\\/kauppa\\\/tuotemerkit\\\/casco-schonox\\\/saumaus-ja-tiivistys\\\/casco-aquaseal-elastinen-saumausmassa-m1-luokiteltu-300ml\\\/#breadcrumb\"},\"inLanguage\":\"fi\",\"potentialAction\":[{\"@type\":\"ReadAction\",\"target\":[\"https:\\\/\\\/saumaustarvike.fi\\\/verkkokauppa\\\/kauppa\\\/tuotemerkit\\\/casco-schonox\\\/saumaus-ja-tiivistys\\\/casco-aquaseal-elastinen-saumausmassa-m1-luokiteltu-300ml\\\/\"]}]},{\"@type\":\"ImageObject\",\"inLanguage\":\"fi\",\"@id\":\"https:\\\/\\\/saumaustarvike.fi\\\/verkkokauppa\\\/kauppa\\\/tuotemerkit\\\/casco-schonox\\\/saumaus-ja-tiivistys\\\/casco-aquaseal-elastinen-saumausmassa-m1-luokiteltu-300ml\\\/#primaryimage\",\"url\":\"https:\\\/\\\/saumaustarvike.fi\\\/verkkokauppa\\\/wp-content\\\/uploads\\\/2019\\\/04\\\/Saumaustarvike_Casco-AquaSeal.jpg\",\"contentUrl\":\"https:\\\/\\\/saumaustarvike.fi\\\/verkkokauppa\\\/wp-content\\\/uploads\\\/2019\\\/04\\\/Saumaustarvike_Casco-AquaSeal.jpg\",\"width\":1000,\"height\":1000},{\"@type\":\"BreadcrumbList\",\"@id\":\"https:\\\/\\\/saumaustarvike.fi\\\/verkkokauppa\\\/kauppa\\\/tuotemerkit\\\/casco-schonox\\\/saumaus-ja-tiivistys\\\/casco-aquaseal-elastinen-saumausmassa-m1-luokiteltu-300ml\\\/#breadcrumb\",\"itemListElement\":[{\"@type\":\"ListItem\",\"position\":1,\"name\":\"Home\",\"item\":\"https:\\\/\\\/saumaustarvike.fi\\\/verkkokauppa\\\/\"},{\"@type\":\"ListItem\",\"position\":2,\"name\":\"Saumausmassat, tarvikkeet ja ty\u00f6kalut\",\"item\":\"https:\\\/\\\/saumaustarvike.fi\\\/verkkokauppa\\\/kauppa\\\/\"},{\"@type\":\"ListItem\",\"position\":3,\"name\":\"Casco AquaSeal elastinen saumausmassa M1-luokiteltu 300ml\"}]},{\"@type\":\"WebSite\",\"@id\":\"https:\\\/\\\/saumaustarvike.fi\\\/verkkokauppa\\\/#website\",\"url\":\"https:\\\/\\\/saumaustarvike.fi\\\/verkkokauppa\\\/\",\"name\":\"Saumaustarvike.fi\",\"description\":\"Saumausmassat, tarvikkeet ja ty&ouml;kalut\",\"publisher\":{\"@id\":\"https:\\\/\\\/saumaustarvike.fi\\\/verkkokauppa\\\/#organization\"},\"potentialAction\":[{\"@type\":\"SearchAction\",\"target\":{\"@type\":\"EntryPoint\",\"urlTemplate\":\"https:\\\/\\\/saumaustarvike.fi\\\/verkkokauppa\\\/?s={search_term_string}\"},\"query-input\":{\"@type\":\"PropertyValueSpecification\",\"valueRequired\":true,\"valueName\":\"search_term_string\"}}],\"inLanguage\":\"fi\"},{\"@type\":\"Organization\",\"@id\":\"https:\\\/\\\/saumaustarvike.fi\\\/verkkokauppa\\\/#organization\",\"name\":\"Saumaustarvike.fi\",\"url\":\"https:\\\/\\\/saumaustarvike.fi\\\/verkkokauppa\\\/\",\"logo\":{\"@type\":\"ImageObject\",\"inLanguage\":\"fi\",\"@id\":\"https:\\\/\\\/saumaustarvike.fi\\\/verkkokauppa\\\/#\\\/schema\\\/logo\\\/image\\\/\",\"url\":\"https:\\\/\\\/saumaustarvike.fi\\\/verkkokauppa\\\/wp-content\\\/uploads\\\/2019\\\/02\\\/logo.png\",\"contentUrl\":\"https:\\\/\\\/saumaustarvike.fi\\\/verkkokauppa\\\/wp-content\\\/uploads\\\/2019\\\/02\\\/logo.png\",\"width\":806,\"height\":150,\"caption\":\"Saumaustarvike.fi\"},\"image\":{\"@id\":\"https:\\\/\\\/saumaustarvike.fi\\\/verkkokauppa\\\/#\\\/schema\\\/logo\\\/image\\\/\"},\"sameAs\":[\"https:\\\/\\\/www.facebook.com\\\/Saumalaakso\"]}]}<\/script>\n<!-- \/ Yoast SEO plugin. -->","yoast_head_json":{"title":"Casco AquaSeal elastinen saumausmassa M1-luokiteltu 300ml - Saumaustarvike.fi","robots":{"index":"index","follow":"follow","max-snippet":"max-snippet:-1","max-image-preview":"max-image-preview:large","max-video-preview":"max-video-preview:-1"},"canonical":"https:\/\/saumaustarvike.fi\/verkkokauppa\/kauppa\/tuotemerkit\/casco-schonox\/saumaus-ja-tiivistys\/casco-aquaseal-elastinen-saumausmassa-m1-luokiteltu-300ml\/","og_locale":"fi_FI","og_type":"article","og_title":"Casco AquaSeal elastinen saumausmassa M1-luokiteltu 300ml - Saumaustarvike.fi","og_description":"Casco AquaSeal on silikonivapaa, liuotinvapaa, SMP-pohjainen, kosteuskovettuva ja elastinen saumausmassa. K\u00e4ytt\u00f6kohteina kylpyhuoneet, keitti\u00f6t ja muut tilat miss\u00e4 saumat joutuvat kosteusrasitukseen.","og_url":"https:\/\/saumaustarvike.fi\/verkkokauppa\/kauppa\/tuotemerkit\/casco-schonox\/saumaus-ja-tiivistys\/casco-aquaseal-elastinen-saumausmassa-m1-luokiteltu-300ml\/","og_site_name":"Saumaustarvike.fi","article_publisher":"https:\/\/www.facebook.com\/Saumalaakso","article_modified_time":"2024-09-02T07:36:21+00:00","og_image":[{"width":1000,"height":1000,"url":"https:\/\/saumaustarvike.fi\/verkkokauppa\/content\/uploads\/2019\/04\/Saumaustarvike_Casco-AquaSeal.jpg","type":"image\/jpeg"}],"twitter_misc":{"Arvioitu lukuaika":"2 minuuttia"},"schema":{"@context":"https:\/\/schema.org","@graph":[{"@type":"WebPage","@id":"https:\/\/saumaustarvike.fi\/verkkokauppa\/kauppa\/tuotemerkit\/casco-schonox\/saumaus-ja-tiivistys\/casco-aquaseal-elastinen-saumausmassa-m1-luokiteltu-300ml\/","url":"https:\/\/saumaustarvike.fi\/verkkokauppa\/kauppa\/tuotemerkit\/casco-schonox\/saumaus-ja-tiivistys\/casco-aquaseal-elastinen-saumausmassa-m1-luokiteltu-300ml\/","name":"Casco AquaSeal elastinen saumausmassa M1-luokiteltu 300ml - Saumaustarvike.fi","isPartOf":{"@id":"https:\/\/saumaustarvike.fi\/verkkokauppa\/#website"},"primaryImageOfPage":{"@id":"https:\/\/saumaustarvike.fi\/verkkokauppa\/kauppa\/tuotemerkit\/casco-schonox\/saumaus-ja-tiivistys\/casco-aquaseal-elastinen-saumausmassa-m1-luokiteltu-300ml\/#primaryimage"},"image":{"@id":"https:\/\/saumaustarvike.fi\/verkkokauppa\/kauppa\/tuotemerkit\/casco-schonox\/saumaus-ja-tiivistys\/casco-aquaseal-elastinen-saumausmassa-m1-luokiteltu-300ml\/#primaryimage"},"thumbnailUrl":"https:\/\/saumaustarvike.fi\/verkkokauppa\/wp-content\/uploads\/2019\/04\/Saumaustarvike_Casco-AquaSeal.jpg","datePublished":"2019-04-10T08:38:11+00:00","dateModified":"2024-09-02T07:36:21+00:00","breadcrumb":{"@id":"https:\/\/saumaustarvike.fi\/verkkokauppa\/kauppa\/tuotemerkit\/casco-schonox\/saumaus-ja-tiivistys\/casco-aquaseal-elastinen-saumausmassa-m1-luokiteltu-300ml\/#breadcrumb"},"inLanguage":"fi","potentialAction":[{"@type":"ReadAction","target":["https:\/\/saumaustarvike.fi\/verkkokauppa\/kauppa\/tuotemerkit\/casco-schonox\/saumaus-ja-tiivistys\/casco-aquaseal-elastinen-saumausmassa-m1-luokiteltu-300ml\/"]}]},{"@type":"ImageObject","inLanguage":"fi","@id":"https:\/\/saumaustarvike.fi\/verkkokauppa\/kauppa\/tuotemerkit\/casco-schonox\/saumaus-ja-tiivistys\/casco-aquaseal-elastinen-saumausmassa-m1-luokiteltu-300ml\/#primaryimage","url":"https:\/\/saumaustarvike.fi\/verkkokauppa\/wp-content\/uploads\/2019\/04\/Saumaustarvike_Casco-AquaSeal.jpg","contentUrl":"https:\/\/saumaustarvike.fi\/verkkokauppa\/wp-content\/uploads\/2019\/04\/Saumaustarvike_Casco-AquaSeal.jpg","width":1000,"height":1000},{"@type":"BreadcrumbList","@id":"https:\/\/saumaustarvike.fi\/verkkokauppa\/kauppa\/tuotemerkit\/casco-schonox\/saumaus-ja-tiivistys\/casco-aquaseal-elastinen-saumausmassa-m1-luokiteltu-300ml\/#breadcrumb","itemListElement":[{"@type":"ListItem","position":1,"name":"Home","item":"https:\/\/saumaustarvike.fi\/verkkokauppa\/"},{"@type":"ListItem","position":2,"name":"Saumausmassat, tarvikkeet ja ty\u00f6kalut","item":"https:\/\/saumaustarvike.fi\/verkkokauppa\/kauppa\/"},{"@type":"ListItem","position":3,"name":"Casco AquaSeal elastinen saumausmassa M1-luokiteltu 300ml"}]},{"@type":"WebSite","@id":"https:\/\/saumaustarvike.fi\/verkkokauppa\/#website","url":"https:\/\/saumaustarvike.fi\/verkkokauppa\/","name":"Saumaustarvike.fi","description":"Saumausmassat, tarvikkeet ja ty&ouml;kalut","publisher":{"@id":"https:\/\/saumaustarvike.fi\/verkkokauppa\/#organization"},"potentialAction":[{"@type":"SearchAction","target":{"@type":"EntryPoint","urlTemplate":"https:\/\/saumaustarvike.fi\/verkkokauppa\/?s={search_term_string}"},"query-input":{"@type":"PropertyValueSpecification","valueRequired":true,"valueName":"search_term_string"}}],"inLanguage":"fi"},{"@type":"Organization","@id":"https:\/\/saumaustarvike.fi\/verkkokauppa\/#organization","name":"Saumaustarvike.fi","url":"https:\/\/saumaustarvike.fi\/verkkokauppa\/","logo":{"@type":"ImageObject","inLanguage":"fi","@id":"https:\/\/saumaustarvike.fi\/verkkokauppa\/#\/schema\/logo\/image\/","url":"https:\/\/saumaustarvike.fi\/verkkokauppa\/wp-content\/uploads\/2019\/02\/logo.png","contentUrl":"https:\/\/saumaustarvike.fi\/verkkokauppa\/wp-content\/uploads\/2019\/02\/logo.png","width":806,"height":150,"caption":"Saumaustarvike.fi"},"image":{"@id":"https:\/\/saumaustarvike.fi\/verkkokauppa\/#\/schema\/logo\/image\/"},"sameAs":["https:\/\/www.facebook.com\/Saumalaakso"]}]}},"jetpack_sharing_enabled":true,"_links":{"self":[{"href":"https:\/\/saumaustarvike.fi\/verkkokauppa\/wp-json\/wp\/v2\/product\/14325","targetHints":{"allow":["GET"]}}],"collection":[{"href":"https:\/\/saumaustarvike.fi\/verkkokauppa\/wp-json\/wp\/v2\/product"}],"about":[{"href":"https:\/\/saumaustarvike.fi\/verkkokauppa\/wp-json\/wp\/v2\/types\/product"}],"replies":[{"embeddable":true,"href":"https:\/\/saumaustarvike.fi\/verkkokauppa\/wp-json\/wp\/v2\/comments?post=14325"}],"wp:featuredmedia":[{"embeddable":true,"href":"https:\/\/saumaustarvike.fi\/verkkokauppa\/wp-json\/wp\/v2\/media\/16331"}],"wp:attachment":[{"href":"https:\/\/saumaustarvike.fi\/verkkokauppa\/wp-json\/wp\/v2\/media?parent=14325"}],"wp:term":[{"taxonomy":"product_cat","embeddable":true,"href":"https:\/\/saumaustarvike.fi\/verkkokauppa\/wp-json\/wp\/v2\/product_cat?post=14325"},{"taxonomy":"product_tag","embeddable":true,"href":"https:\/\/saumaustarvike.fi\/verkkokauppa\/wp-json\/wp\/v2\/product_tag?post=14325"}],"curies":[{"name":"wp","href":"https:\/\/api.w.org\/{rel}","templated":true}]}}