{"id":14371,"date":"2019-04-23T10:04:29","date_gmt":"2019-04-23T07:04:29","guid":{"rendered":"https:\/\/saumaustarvike.fi\/verkkokauppa\/?post_type=product&#038;p=14371"},"modified":"2024-09-02T15:24:55","modified_gmt":"2024-09-02T12:24:55","slug":"schonox-es-silikoni-300ml","status":"publish","type":"product","link":"https:\/\/saumaustarvike.fi\/verkkokauppa\/kauppa\/tuotemerkit\/casco-schonox\/saumaus-ja-tiivistys\/schonox-es-silikoni-300ml\/","title":{"rendered":"Sch\u00f6nox ES silikoni 300ml"},"content":{"rendered":"<h1>Sch\u00f6nox ES 1-komponenttinen silikoni 300ml<\/h1>\n<h3>Tuotekuvaus<\/h3>\n<p>SCH\u00d6NOX\u00ae ES on 1-komponenttinen homesuojattu etikkahappopohjainen silikonisaumausmassa. Massaa k\u00e4ytet\u00e4\u00e4n rakenteellisten- ja liikuntasaumojen tiivist\u00e4miseen.<\/p>\n<h3>K\u00e4ytt\u00f6alue<\/h3>\n<p>Soveltuu erityisesti tiloihin, joihin ei p\u00e4\u00e4se luonnonvaloa ja tiloihin, joissa vallitsee korkea kosteuspitoisuus esim. pesuhuoneet, saunat, WC-tilat, keitti\u00f6t jne. Soveltuu sis\u00e4- ja ulkok\u00e4ytt\u00f6\u00f6n, yksityisiin sek\u00e4 julkisiin tiloihin.<\/p>\n<h3>V\u00e4ri<\/h3>\n<p>White<br \/>\nSilvergrey<br \/>\nManhattan<br \/>\nDarkgrey<br \/>\nJasmine<br \/>\nSandstone<br \/>\nTransparent<\/p>\n<h3>Pakkaus<\/h3>\n<p>300ml patruuna<\/p>\n<h2>Teknisi\u00e4 tietoja \/\u00a0Ominaisuudet<\/h2>\n<p>Koostumus<br \/>\n1-komponenttinen homesuojattu<br \/>\netikkahappopohjainen silikoni<br \/>\nNahoittuminen: n. 20 minuutin kuluessa<br \/>\nTy\u00f6skentelyl\u00e4mp\u00f6tila: +5\u00b0C &#8211; +40 \u00b0C<br \/>\nL\u00e4mp\u00f6tilankesto -40 \u00b0C &#8211; +180 \u00b0C<br \/>\nShore-A kovuus: n. 22 Shore-A<br \/>\nP\u00e4\u00e4llemaalattavissa: Ei<br \/>\nPuhdistusaine: Vesi<\/p>\n<p>Sis\u00e4- ja ulkotiloihin<br \/>\nElastinen<br \/>\nPakkasenkest\u00e4v\u00e4<br \/>\nHomesuojattu<br \/>\nHyv\u00e4 tartunta useimpiin rakennusmateriaaleihin, ilman erillist\u00e4 pohjustusk\u00e4sittely\u00e4.<br \/>\nEritt\u00e4in suuri venyvyys<br \/>\nNotkea olomuoto helpottaa asennusta<br \/>\nKellastumaton<\/p>\n","protected":false},"excerpt":{"rendered":"<p>SCH\u00d6NOX\u00ae ES on homesuojattu etikkahappopohjainen silikonisaumamassa, saumaukseen pesutiloissa ja vastaavissa k\u00e4ytt\u00f6kohteissa.<\/p>\n","protected":false},"featured_media":16330,"comment_status":"open","ping_status":"closed","template":"","meta":{"_acf_changed":false},"product_cat":[1627,2345,1549,1553],"product_tag":[169,133,163,116,80],"class_list":{"0":"post-14371","1":"product","2":"type-product","3":"status-publish","4":"has-post-thumbnail","6":"product_brand-casco-schonox","7":"product_cat-saumaus","8":"product_cat-saumaus-ja-tiivistys","9":"product_cat-silikonipohjaiset","10":"product_cat-tiivistys-tuotteet","11":"product_tag-homesuojattu","12":"product_tag-julkisivumassa","13":"product_tag-saniteettisilikoni","14":"product_tag-silikoni","15":"product_tag-tiivistys-2","16":"pa_vari-antrasiitti","17":"pa_vari-bahamabeige","18":"pa_vari-harmaa","19":"pa_vari-jasmine","20":"pa_vari-manhattan-2","21":"pa_vari-pergamon","22":"pa_vari-ruskea","23":"pa_vari-sandgrey","24":"pa_vari-sandstone","25":"pa_vari-silvergrey","26":"pa_vari-tummanharmaa","27":"pa_vari-valkoinen","28":"pa_vari-variton","30":"first","31":"onbackorder","32":"taxable","33":"shipping-taxable","34":"purchasable","35":"product-type-variable"},"acf":[],"yoast_head":"<!-- This site is optimized with the Yoast SEO plugin v27.5 - https:\/\/yoast.com\/product\/yoast-seo-wordpress\/ -->\n<title>Sch\u00f6nox ES silikoni 300ml - Saumaustarvike.fi<\/title>\n<meta name=\"robots\" content=\"index, follow, max-snippet:-1, max-image-preview:large, max-video-preview:-1\" \/>\n<link rel=\"canonical\" href=\"https:\/\/saumaustarvike.fi\/verkkokauppa\/kauppa\/tuotemerkit\/casco-schonox\/saumaus-ja-tiivistys\/schonox-es-silikoni-300ml\/\" \/>\n<meta property=\"og:locale\" content=\"fi_FI\" \/>\n<meta property=\"og:type\" content=\"article\" \/>\n<meta property=\"og:title\" content=\"Sch\u00f6nox ES silikoni 300ml - Saumaustarvike.fi\" \/>\n<meta property=\"og:description\" content=\"SCH\u00d6NOX\u00ae ES on homesuojattu etikkahappopohjainen silikonisaumamassa, saumaukseen pesutiloissa ja vastaavissa k\u00e4ytt\u00f6kohteissa.\" \/>\n<meta property=\"og:url\" content=\"https:\/\/saumaustarvike.fi\/verkkokauppa\/kauppa\/tuotemerkit\/casco-schonox\/saumaus-ja-tiivistys\/schonox-es-silikoni-300ml\/\" \/>\n<meta property=\"og:site_name\" content=\"Saumaustarvike.fi\" \/>\n<meta property=\"article:publisher\" content=\"https:\/\/www.facebook.com\/Saumalaakso\" \/>\n<meta property=\"article:modified_time\" content=\"2024-09-02T12:24:55+00:00\" \/>\n<meta property=\"og:image\" content=\"https:\/\/saumaustarvike.fi\/verkkokauppa\/content\/uploads\/2019\/04\/Saumaustarvike_Schonox_ES.jpg\" \/>\n\t<meta property=\"og:image:width\" content=\"1000\" \/>\n\t<meta property=\"og:image:height\" content=\"1000\" \/>\n\t<meta property=\"og:image:type\" content=\"image\/jpeg\" \/>\n<meta name=\"twitter:label1\" content=\"Arvioitu lukuaika\" \/>\n\t<meta name=\"twitter:data1\" content=\"1 minuutti\" \/>\n<script type=\"application\/ld+json\" class=\"yoast-schema-graph\">{\"@context\":\"https:\\\/\\\/schema.org\",\"@graph\":[{\"@type\":\"WebPage\",\"@id\":\"https:\\\/\\\/saumaustarvike.fi\\\/verkkokauppa\\\/kauppa\\\/tuotemerkit\\\/casco-schonox\\\/saumaus-ja-tiivistys\\\/schonox-es-silikoni-300ml\\\/\",\"url\":\"https:\\\/\\\/saumaustarvike.fi\\\/verkkokauppa\\\/kauppa\\\/tuotemerkit\\\/casco-schonox\\\/saumaus-ja-tiivistys\\\/schonox-es-silikoni-300ml\\\/\",\"name\":\"Sch\u00f6nox ES silikoni 300ml - Saumaustarvike.fi\",\"isPartOf\":{\"@id\":\"https:\\\/\\\/saumaustarvike.fi\\\/verkkokauppa\\\/#website\"},\"primaryImageOfPage\":{\"@id\":\"https:\\\/\\\/saumaustarvike.fi\\\/verkkokauppa\\\/kauppa\\\/tuotemerkit\\\/casco-schonox\\\/saumaus-ja-tiivistys\\\/schonox-es-silikoni-300ml\\\/#primaryimage\"},\"image\":{\"@id\":\"https:\\\/\\\/saumaustarvike.fi\\\/verkkokauppa\\\/kauppa\\\/tuotemerkit\\\/casco-schonox\\\/saumaus-ja-tiivistys\\\/schonox-es-silikoni-300ml\\\/#primaryimage\"},\"thumbnailUrl\":\"https:\\\/\\\/saumaustarvike.fi\\\/verkkokauppa\\\/wp-content\\\/uploads\\\/2019\\\/04\\\/Saumaustarvike_Schonox_ES.jpg\",\"datePublished\":\"2019-04-23T07:04:29+00:00\",\"dateModified\":\"2024-09-02T12:24:55+00:00\",\"breadcrumb\":{\"@id\":\"https:\\\/\\\/saumaustarvike.fi\\\/verkkokauppa\\\/kauppa\\\/tuotemerkit\\\/casco-schonox\\\/saumaus-ja-tiivistys\\\/schonox-es-silikoni-300ml\\\/#breadcrumb\"},\"inLanguage\":\"fi\",\"potentialAction\":[{\"@type\":\"ReadAction\",\"target\":[\"https:\\\/\\\/saumaustarvike.fi\\\/verkkokauppa\\\/kauppa\\\/tuotemerkit\\\/casco-schonox\\\/saumaus-ja-tiivistys\\\/schonox-es-silikoni-300ml\\\/\"]}]},{\"@type\":\"ImageObject\",\"inLanguage\":\"fi\",\"@id\":\"https:\\\/\\\/saumaustarvike.fi\\\/verkkokauppa\\\/kauppa\\\/tuotemerkit\\\/casco-schonox\\\/saumaus-ja-tiivistys\\\/schonox-es-silikoni-300ml\\\/#primaryimage\",\"url\":\"https:\\\/\\\/saumaustarvike.fi\\\/verkkokauppa\\\/wp-content\\\/uploads\\\/2019\\\/04\\\/Saumaustarvike_Schonox_ES.jpg\",\"contentUrl\":\"https:\\\/\\\/saumaustarvike.fi\\\/verkkokauppa\\\/wp-content\\\/uploads\\\/2019\\\/04\\\/Saumaustarvike_Schonox_ES.jpg\",\"width\":1000,\"height\":1000},{\"@type\":\"BreadcrumbList\",\"@id\":\"https:\\\/\\\/saumaustarvike.fi\\\/verkkokauppa\\\/kauppa\\\/tuotemerkit\\\/casco-schonox\\\/saumaus-ja-tiivistys\\\/schonox-es-silikoni-300ml\\\/#breadcrumb\",\"itemListElement\":[{\"@type\":\"ListItem\",\"position\":1,\"name\":\"Home\",\"item\":\"https:\\\/\\\/saumaustarvike.fi\\\/verkkokauppa\\\/\"},{\"@type\":\"ListItem\",\"position\":2,\"name\":\"Saumausmassat, tarvikkeet ja ty\u00f6kalut\",\"item\":\"https:\\\/\\\/saumaustarvike.fi\\\/verkkokauppa\\\/kauppa\\\/\"},{\"@type\":\"ListItem\",\"position\":3,\"name\":\"Sch\u00f6nox ES silikoni 300ml\"}]},{\"@type\":\"WebSite\",\"@id\":\"https:\\\/\\\/saumaustarvike.fi\\\/verkkokauppa\\\/#website\",\"url\":\"https:\\\/\\\/saumaustarvike.fi\\\/verkkokauppa\\\/\",\"name\":\"Saumaustarvike.fi\",\"description\":\"Saumausmassat, tarvikkeet ja ty&ouml;kalut\",\"publisher\":{\"@id\":\"https:\\\/\\\/saumaustarvike.fi\\\/verkkokauppa\\\/#organization\"},\"potentialAction\":[{\"@type\":\"SearchAction\",\"target\":{\"@type\":\"EntryPoint\",\"urlTemplate\":\"https:\\\/\\\/saumaustarvike.fi\\\/verkkokauppa\\\/?s={search_term_string}\"},\"query-input\":{\"@type\":\"PropertyValueSpecification\",\"valueRequired\":true,\"valueName\":\"search_term_string\"}}],\"inLanguage\":\"fi\"},{\"@type\":\"Organization\",\"@id\":\"https:\\\/\\\/saumaustarvike.fi\\\/verkkokauppa\\\/#organization\",\"name\":\"Saumaustarvike.fi\",\"url\":\"https:\\\/\\\/saumaustarvike.fi\\\/verkkokauppa\\\/\",\"logo\":{\"@type\":\"ImageObject\",\"inLanguage\":\"fi\",\"@id\":\"https:\\\/\\\/saumaustarvike.fi\\\/verkkokauppa\\\/#\\\/schema\\\/logo\\\/image\\\/\",\"url\":\"https:\\\/\\\/saumaustarvike.fi\\\/verkkokauppa\\\/wp-content\\\/uploads\\\/2019\\\/02\\\/logo.png\",\"contentUrl\":\"https:\\\/\\\/saumaustarvike.fi\\\/verkkokauppa\\\/wp-content\\\/uploads\\\/2019\\\/02\\\/logo.png\",\"width\":806,\"height\":150,\"caption\":\"Saumaustarvike.fi\"},\"image\":{\"@id\":\"https:\\\/\\\/saumaustarvike.fi\\\/verkkokauppa\\\/#\\\/schema\\\/logo\\\/image\\\/\"},\"sameAs\":[\"https:\\\/\\\/www.facebook.com\\\/Saumalaakso\"]}]}<\/script>\n<!-- \/ Yoast SEO plugin. -->","yoast_head_json":{"title":"Sch\u00f6nox ES silikoni 300ml - Saumaustarvike.fi","robots":{"index":"index","follow":"follow","max-snippet":"max-snippet:-1","max-image-preview":"max-image-preview:large","max-video-preview":"max-video-preview:-1"},"canonical":"https:\/\/saumaustarvike.fi\/verkkokauppa\/kauppa\/tuotemerkit\/casco-schonox\/saumaus-ja-tiivistys\/schonox-es-silikoni-300ml\/","og_locale":"fi_FI","og_type":"article","og_title":"Sch\u00f6nox ES silikoni 300ml - Saumaustarvike.fi","og_description":"SCH\u00d6NOX\u00ae ES on homesuojattu etikkahappopohjainen silikonisaumamassa, saumaukseen pesutiloissa ja vastaavissa k\u00e4ytt\u00f6kohteissa.","og_url":"https:\/\/saumaustarvike.fi\/verkkokauppa\/kauppa\/tuotemerkit\/casco-schonox\/saumaus-ja-tiivistys\/schonox-es-silikoni-300ml\/","og_site_name":"Saumaustarvike.fi","article_publisher":"https:\/\/www.facebook.com\/Saumalaakso","article_modified_time":"2024-09-02T12:24:55+00:00","og_image":[{"width":1000,"height":1000,"url":"https:\/\/saumaustarvike.fi\/verkkokauppa\/content\/uploads\/2019\/04\/Saumaustarvike_Schonox_ES.jpg","type":"image\/jpeg"}],"twitter_misc":{"Arvioitu lukuaika":"1 minuutti"},"schema":{"@context":"https:\/\/schema.org","@graph":[{"@type":"WebPage","@id":"https:\/\/saumaustarvike.fi\/verkkokauppa\/kauppa\/tuotemerkit\/casco-schonox\/saumaus-ja-tiivistys\/schonox-es-silikoni-300ml\/","url":"https:\/\/saumaustarvike.fi\/verkkokauppa\/kauppa\/tuotemerkit\/casco-schonox\/saumaus-ja-tiivistys\/schonox-es-silikoni-300ml\/","name":"Sch\u00f6nox ES silikoni 300ml - Saumaustarvike.fi","isPartOf":{"@id":"https:\/\/saumaustarvike.fi\/verkkokauppa\/#website"},"primaryImageOfPage":{"@id":"https:\/\/saumaustarvike.fi\/verkkokauppa\/kauppa\/tuotemerkit\/casco-schonox\/saumaus-ja-tiivistys\/schonox-es-silikoni-300ml\/#primaryimage"},"image":{"@id":"https:\/\/saumaustarvike.fi\/verkkokauppa\/kauppa\/tuotemerkit\/casco-schonox\/saumaus-ja-tiivistys\/schonox-es-silikoni-300ml\/#primaryimage"},"thumbnailUrl":"https:\/\/saumaustarvike.fi\/verkkokauppa\/wp-content\/uploads\/2019\/04\/Saumaustarvike_Schonox_ES.jpg","datePublished":"2019-04-23T07:04:29+00:00","dateModified":"2024-09-02T12:24:55+00:00","breadcrumb":{"@id":"https:\/\/saumaustarvike.fi\/verkkokauppa\/kauppa\/tuotemerkit\/casco-schonox\/saumaus-ja-tiivistys\/schonox-es-silikoni-300ml\/#breadcrumb"},"inLanguage":"fi","potentialAction":[{"@type":"ReadAction","target":["https:\/\/saumaustarvike.fi\/verkkokauppa\/kauppa\/tuotemerkit\/casco-schonox\/saumaus-ja-tiivistys\/schonox-es-silikoni-300ml\/"]}]},{"@type":"ImageObject","inLanguage":"fi","@id":"https:\/\/saumaustarvike.fi\/verkkokauppa\/kauppa\/tuotemerkit\/casco-schonox\/saumaus-ja-tiivistys\/schonox-es-silikoni-300ml\/#primaryimage","url":"https:\/\/saumaustarvike.fi\/verkkokauppa\/wp-content\/uploads\/2019\/04\/Saumaustarvike_Schonox_ES.jpg","contentUrl":"https:\/\/saumaustarvike.fi\/verkkokauppa\/wp-content\/uploads\/2019\/04\/Saumaustarvike_Schonox_ES.jpg","width":1000,"height":1000},{"@type":"BreadcrumbList","@id":"https:\/\/saumaustarvike.fi\/verkkokauppa\/kauppa\/tuotemerkit\/casco-schonox\/saumaus-ja-tiivistys\/schonox-es-silikoni-300ml\/#breadcrumb","itemListElement":[{"@type":"ListItem","position":1,"name":"Home","item":"https:\/\/saumaustarvike.fi\/verkkokauppa\/"},{"@type":"ListItem","position":2,"name":"Saumausmassat, tarvikkeet ja ty\u00f6kalut","item":"https:\/\/saumaustarvike.fi\/verkkokauppa\/kauppa\/"},{"@type":"ListItem","position":3,"name":"Sch\u00f6nox ES silikoni 300ml"}]},{"@type":"WebSite","@id":"https:\/\/saumaustarvike.fi\/verkkokauppa\/#website","url":"https:\/\/saumaustarvike.fi\/verkkokauppa\/","name":"Saumaustarvike.fi","description":"Saumausmassat, tarvikkeet ja ty&ouml;kalut","publisher":{"@id":"https:\/\/saumaustarvike.fi\/verkkokauppa\/#organization"},"potentialAction":[{"@type":"SearchAction","target":{"@type":"EntryPoint","urlTemplate":"https:\/\/saumaustarvike.fi\/verkkokauppa\/?s={search_term_string}"},"query-input":{"@type":"PropertyValueSpecification","valueRequired":true,"valueName":"search_term_string"}}],"inLanguage":"fi"},{"@type":"Organization","@id":"https:\/\/saumaustarvike.fi\/verkkokauppa\/#organization","name":"Saumaustarvike.fi","url":"https:\/\/saumaustarvike.fi\/verkkokauppa\/","logo":{"@type":"ImageObject","inLanguage":"fi","@id":"https:\/\/saumaustarvike.fi\/verkkokauppa\/#\/schema\/logo\/image\/","url":"https:\/\/saumaustarvike.fi\/verkkokauppa\/wp-content\/uploads\/2019\/02\/logo.png","contentUrl":"https:\/\/saumaustarvike.fi\/verkkokauppa\/wp-content\/uploads\/2019\/02\/logo.png","width":806,"height":150,"caption":"Saumaustarvike.fi"},"image":{"@id":"https:\/\/saumaustarvike.fi\/verkkokauppa\/#\/schema\/logo\/image\/"},"sameAs":["https:\/\/www.facebook.com\/Saumalaakso"]}]}},"jetpack_sharing_enabled":true,"_links":{"self":[{"href":"https:\/\/saumaustarvike.fi\/verkkokauppa\/wp-json\/wp\/v2\/product\/14371","targetHints":{"allow":["GET"]}}],"collection":[{"href":"https:\/\/saumaustarvike.fi\/verkkokauppa\/wp-json\/wp\/v2\/product"}],"about":[{"href":"https:\/\/saumaustarvike.fi\/verkkokauppa\/wp-json\/wp\/v2\/types\/product"}],"replies":[{"embeddable":true,"href":"https:\/\/saumaustarvike.fi\/verkkokauppa\/wp-json\/wp\/v2\/comments?post=14371"}],"wp:featuredmedia":[{"embeddable":true,"href":"https:\/\/saumaustarvike.fi\/verkkokauppa\/wp-json\/wp\/v2\/media\/16330"}],"wp:attachment":[{"href":"https:\/\/saumaustarvike.fi\/verkkokauppa\/wp-json\/wp\/v2\/media?parent=14371"}],"wp:term":[{"taxonomy":"product_cat","embeddable":true,"href":"https:\/\/saumaustarvike.fi\/verkkokauppa\/wp-json\/wp\/v2\/product_cat?post=14371"},{"taxonomy":"product_tag","embeddable":true,"href":"https:\/\/saumaustarvike.fi\/verkkokauppa\/wp-json\/wp\/v2\/product_tag?post=14371"}],"curies":[{"name":"wp","href":"https:\/\/api.w.org\/{rel}","templated":true}]}}