{"id":14390,"date":"2019-04-24T07:21:28","date_gmt":"2019-04-24T04:21:28","guid":{"rendered":"https:\/\/saumaustarvike.fi\/verkkokauppa\/?post_type=product&#038;p=14390"},"modified":"2024-09-06T13:34:23","modified_gmt":"2024-09-06T10:34:23","slug":"schonox-mes-elastinen-silikonisaumausmassa-300ml","status":"publish","type":"product","link":"https:\/\/saumaustarvike.fi\/verkkokauppa\/kauppa\/tuotemerkit\/casco-schonox\/saumaus-ja-tiivistys\/schonox-mes-elastinen-silikonisaumausmassa-300ml\/","title":{"rendered":"Sch\u00f6nox MES elastinen silikonisaumausmassa 300ml"},"content":{"rendered":"<h1>Sch\u00f6nox MES elastinen silikonisaumausmassa 300ml<\/h1>\n<h3>Tuotekuvaus<\/h3>\n<p>SCH\u00d6NOX MES on Oksimi-pohjainen elastinen silikonisaumausmassa. Massaa k\u00e4ytet\u00e4\u00e4n rakenteellisten- ja liikuntasaumojen tiivist\u00e4miseen luonnonkivipinnoitusten ja keraamisten laattojen yhteydess\u00e4.<\/p>\n<h3>K\u00e4ytt\u00f6alue<\/h3>\n<p>SCH\u00d6NOX\u00ae MES on erityisesti suunniteltu luonnonkivipinnoilla tai keraamisilla laatoilla pinnoitetuilla alueilla sijaitsevien liikunta- tai rakenteellisten saumojen tiivist\u00e4miseen. Soveltuu my\u00f6s pysyv\u00e4sti vesirasitettujen tilojen saumauksiin, kuten luonnonkiviset uima-altaat.<\/p>\n<h3>V\u00e4ri<\/h3>\n<p>harmaa<\/p>\n<h3>Pakkaus<\/h3>\n<p>300ml patruuna<\/p>\n<h2>Teknisi\u00e4 tietoja \/\u00a0Ominaisuudet<\/h2>\n<p>Koostumus<br \/>\n1-komponenttinen neutralisti kovettuva (Oksimi) silikoni<br \/>\nNahoittuminen: n. 5 minuutin kuluessa<br \/>\nTiheys: 1,01 kg\/l<br \/>\nTy\u00f6skentelyl\u00e4mp\u00f6tila: +5\u00b0C &#8211; +35 \u00b0C<br \/>\nL\u00e4mp\u00f6tilankesto -40 \u00b0C &#8211; +180 \u00b0C<br \/>\nShore-A kovuus: DIN 53 505: n. 30 Shore-A<br \/>\nE-modulus 100% joustavuus<br \/>\nDIN 53 504: n. 0,50 N\/mm2<br \/>\nJoustavuus saumanleveyteen n\u00e4hden: DIN 53 504: n. 400%<br \/>\nVetolujuus: DIN 53 504: n. 1,4 N\/mm2<br \/>\nK\u00e4yt\u00e4nn\u00f6n kineettinen imukyky: 20%<br \/>\nKovettumisnopeus: 3 mm\/24 h<\/p>\n","protected":false},"excerpt":{"rendered":"<p>SCH\u00d6NOX\u00ae MES on Oksimi-pohjainen elastinen silikonisaumausmassa. Soveltuu sis\u00e4- ja ulkok\u00e4ytt\u00f6\u00f6n, sek\u00e4 uima-altaisiin.<\/p>\n","protected":false},"featured_media":16329,"comment_status":"open","ping_status":"closed","template":"","meta":{"_acf_changed":false},"product_cat":[1627,2345,1549,1553],"product_tag":[2333,116,80,2332],"class_list":{"0":"post-14390","1":"product","2":"type-product","3":"status-publish","4":"has-post-thumbnail","6":"product_brand-casco-schonox","7":"product_cat-saumaus","8":"product_cat-saumaus-ja-tiivistys","9":"product_cat-silikonipohjaiset","10":"product_cat-tiivistys-tuotteet","11":"product_tag-luonnonkivi","12":"product_tag-silikoni","13":"product_tag-tiivistys-2","14":"product_tag-uima-allassilikoni","15":"pa_vari-harmaa","16":"pa_vari-marmorinvalkoinen","18":"first","19":"onbackorder","20":"taxable","21":"shipping-taxable","22":"purchasable","23":"product-type-variable"},"acf":[],"yoast_head":"<!-- This site is optimized with the Yoast SEO plugin v27.5 - https:\/\/yoast.com\/product\/yoast-seo-wordpress\/ -->\n<title>Sch\u00f6nox MES elastinen silikonisaumausmassa 300ml - Saumaustarvike.fi<\/title>\n<meta name=\"robots\" content=\"index, follow, max-snippet:-1, max-image-preview:large, max-video-preview:-1\" \/>\n<link rel=\"canonical\" href=\"https:\/\/saumaustarvike.fi\/verkkokauppa\/kauppa\/tuotemerkit\/casco-schonox\/saumaus-ja-tiivistys\/schonox-mes-elastinen-silikonisaumausmassa-300ml\/\" \/>\n<meta property=\"og:locale\" content=\"fi_FI\" \/>\n<meta property=\"og:type\" content=\"article\" \/>\n<meta property=\"og:title\" content=\"Sch\u00f6nox MES elastinen silikonisaumausmassa 300ml - Saumaustarvike.fi\" \/>\n<meta property=\"og:description\" content=\"SCH\u00d6NOX\u00ae MES on Oksimi-pohjainen elastinen silikonisaumausmassa. Soveltuu sis\u00e4- ja ulkok\u00e4ytt\u00f6\u00f6n, sek\u00e4 uima-altaisiin.\" \/>\n<meta property=\"og:url\" content=\"https:\/\/saumaustarvike.fi\/verkkokauppa\/kauppa\/tuotemerkit\/casco-schonox\/saumaus-ja-tiivistys\/schonox-mes-elastinen-silikonisaumausmassa-300ml\/\" \/>\n<meta property=\"og:site_name\" content=\"Saumaustarvike.fi\" \/>\n<meta property=\"article:publisher\" content=\"https:\/\/www.facebook.com\/Saumalaakso\" \/>\n<meta property=\"article:modified_time\" content=\"2024-09-06T10:34:23+00:00\" \/>\n<meta property=\"og:image\" content=\"https:\/\/saumaustarvike.fi\/verkkokauppa\/content\/uploads\/2019\/04\/Saumaustarvike_Schonox_MES.jpg\" \/>\n\t<meta property=\"og:image:width\" content=\"1000\" \/>\n\t<meta property=\"og:image:height\" content=\"1000\" \/>\n\t<meta property=\"og:image:type\" content=\"image\/jpeg\" \/>\n<meta name=\"twitter:label1\" content=\"Arvioitu lukuaika\" \/>\n\t<meta name=\"twitter:data1\" content=\"1 minuutti\" \/>\n<script type=\"application\/ld+json\" class=\"yoast-schema-graph\">{\"@context\":\"https:\\\/\\\/schema.org\",\"@graph\":[{\"@type\":\"WebPage\",\"@id\":\"https:\\\/\\\/saumaustarvike.fi\\\/verkkokauppa\\\/kauppa\\\/tuotemerkit\\\/casco-schonox\\\/saumaus-ja-tiivistys\\\/schonox-mes-elastinen-silikonisaumausmassa-300ml\\\/\",\"url\":\"https:\\\/\\\/saumaustarvike.fi\\\/verkkokauppa\\\/kauppa\\\/tuotemerkit\\\/casco-schonox\\\/saumaus-ja-tiivistys\\\/schonox-mes-elastinen-silikonisaumausmassa-300ml\\\/\",\"name\":\"Sch\u00f6nox MES elastinen silikonisaumausmassa 300ml - Saumaustarvike.fi\",\"isPartOf\":{\"@id\":\"https:\\\/\\\/saumaustarvike.fi\\\/verkkokauppa\\\/#website\"},\"primaryImageOfPage\":{\"@id\":\"https:\\\/\\\/saumaustarvike.fi\\\/verkkokauppa\\\/kauppa\\\/tuotemerkit\\\/casco-schonox\\\/saumaus-ja-tiivistys\\\/schonox-mes-elastinen-silikonisaumausmassa-300ml\\\/#primaryimage\"},\"image\":{\"@id\":\"https:\\\/\\\/saumaustarvike.fi\\\/verkkokauppa\\\/kauppa\\\/tuotemerkit\\\/casco-schonox\\\/saumaus-ja-tiivistys\\\/schonox-mes-elastinen-silikonisaumausmassa-300ml\\\/#primaryimage\"},\"thumbnailUrl\":\"https:\\\/\\\/saumaustarvike.fi\\\/verkkokauppa\\\/wp-content\\\/uploads\\\/2019\\\/04\\\/Saumaustarvike_Schonox_MES.jpg\",\"datePublished\":\"2019-04-24T04:21:28+00:00\",\"dateModified\":\"2024-09-06T10:34:23+00:00\",\"breadcrumb\":{\"@id\":\"https:\\\/\\\/saumaustarvike.fi\\\/verkkokauppa\\\/kauppa\\\/tuotemerkit\\\/casco-schonox\\\/saumaus-ja-tiivistys\\\/schonox-mes-elastinen-silikonisaumausmassa-300ml\\\/#breadcrumb\"},\"inLanguage\":\"fi\",\"potentialAction\":[{\"@type\":\"ReadAction\",\"target\":[\"https:\\\/\\\/saumaustarvike.fi\\\/verkkokauppa\\\/kauppa\\\/tuotemerkit\\\/casco-schonox\\\/saumaus-ja-tiivistys\\\/schonox-mes-elastinen-silikonisaumausmassa-300ml\\\/\"]}]},{\"@type\":\"ImageObject\",\"inLanguage\":\"fi\",\"@id\":\"https:\\\/\\\/saumaustarvike.fi\\\/verkkokauppa\\\/kauppa\\\/tuotemerkit\\\/casco-schonox\\\/saumaus-ja-tiivistys\\\/schonox-mes-elastinen-silikonisaumausmassa-300ml\\\/#primaryimage\",\"url\":\"https:\\\/\\\/saumaustarvike.fi\\\/verkkokauppa\\\/wp-content\\\/uploads\\\/2019\\\/04\\\/Saumaustarvike_Schonox_MES.jpg\",\"contentUrl\":\"https:\\\/\\\/saumaustarvike.fi\\\/verkkokauppa\\\/wp-content\\\/uploads\\\/2019\\\/04\\\/Saumaustarvike_Schonox_MES.jpg\",\"width\":1000,\"height\":1000},{\"@type\":\"BreadcrumbList\",\"@id\":\"https:\\\/\\\/saumaustarvike.fi\\\/verkkokauppa\\\/kauppa\\\/tuotemerkit\\\/casco-schonox\\\/saumaus-ja-tiivistys\\\/schonox-mes-elastinen-silikonisaumausmassa-300ml\\\/#breadcrumb\",\"itemListElement\":[{\"@type\":\"ListItem\",\"position\":1,\"name\":\"Home\",\"item\":\"https:\\\/\\\/saumaustarvike.fi\\\/verkkokauppa\\\/\"},{\"@type\":\"ListItem\",\"position\":2,\"name\":\"Saumausmassat, tarvikkeet ja ty\u00f6kalut\",\"item\":\"https:\\\/\\\/saumaustarvike.fi\\\/verkkokauppa\\\/kauppa\\\/\"},{\"@type\":\"ListItem\",\"position\":3,\"name\":\"Sch\u00f6nox MES elastinen silikonisaumausmassa 300ml\"}]},{\"@type\":\"WebSite\",\"@id\":\"https:\\\/\\\/saumaustarvike.fi\\\/verkkokauppa\\\/#website\",\"url\":\"https:\\\/\\\/saumaustarvike.fi\\\/verkkokauppa\\\/\",\"name\":\"Saumaustarvike.fi\",\"description\":\"Saumausmassat, tarvikkeet ja ty&ouml;kalut\",\"publisher\":{\"@id\":\"https:\\\/\\\/saumaustarvike.fi\\\/verkkokauppa\\\/#organization\"},\"potentialAction\":[{\"@type\":\"SearchAction\",\"target\":{\"@type\":\"EntryPoint\",\"urlTemplate\":\"https:\\\/\\\/saumaustarvike.fi\\\/verkkokauppa\\\/?s={search_term_string}\"},\"query-input\":{\"@type\":\"PropertyValueSpecification\",\"valueRequired\":true,\"valueName\":\"search_term_string\"}}],\"inLanguage\":\"fi\"},{\"@type\":\"Organization\",\"@id\":\"https:\\\/\\\/saumaustarvike.fi\\\/verkkokauppa\\\/#organization\",\"name\":\"Saumaustarvike.fi\",\"url\":\"https:\\\/\\\/saumaustarvike.fi\\\/verkkokauppa\\\/\",\"logo\":{\"@type\":\"ImageObject\",\"inLanguage\":\"fi\",\"@id\":\"https:\\\/\\\/saumaustarvike.fi\\\/verkkokauppa\\\/#\\\/schema\\\/logo\\\/image\\\/\",\"url\":\"https:\\\/\\\/saumaustarvike.fi\\\/verkkokauppa\\\/wp-content\\\/uploads\\\/2019\\\/02\\\/logo.png\",\"contentUrl\":\"https:\\\/\\\/saumaustarvike.fi\\\/verkkokauppa\\\/wp-content\\\/uploads\\\/2019\\\/02\\\/logo.png\",\"width\":806,\"height\":150,\"caption\":\"Saumaustarvike.fi\"},\"image\":{\"@id\":\"https:\\\/\\\/saumaustarvike.fi\\\/verkkokauppa\\\/#\\\/schema\\\/logo\\\/image\\\/\"},\"sameAs\":[\"https:\\\/\\\/www.facebook.com\\\/Saumalaakso\"]}]}<\/script>\n<!-- \/ Yoast SEO plugin. -->","yoast_head_json":{"title":"Sch\u00f6nox MES elastinen silikonisaumausmassa 300ml - Saumaustarvike.fi","robots":{"index":"index","follow":"follow","max-snippet":"max-snippet:-1","max-image-preview":"max-image-preview:large","max-video-preview":"max-video-preview:-1"},"canonical":"https:\/\/saumaustarvike.fi\/verkkokauppa\/kauppa\/tuotemerkit\/casco-schonox\/saumaus-ja-tiivistys\/schonox-mes-elastinen-silikonisaumausmassa-300ml\/","og_locale":"fi_FI","og_type":"article","og_title":"Sch\u00f6nox MES elastinen silikonisaumausmassa 300ml - Saumaustarvike.fi","og_description":"SCH\u00d6NOX\u00ae MES on Oksimi-pohjainen elastinen silikonisaumausmassa. Soveltuu sis\u00e4- ja ulkok\u00e4ytt\u00f6\u00f6n, sek\u00e4 uima-altaisiin.","og_url":"https:\/\/saumaustarvike.fi\/verkkokauppa\/kauppa\/tuotemerkit\/casco-schonox\/saumaus-ja-tiivistys\/schonox-mes-elastinen-silikonisaumausmassa-300ml\/","og_site_name":"Saumaustarvike.fi","article_publisher":"https:\/\/www.facebook.com\/Saumalaakso","article_modified_time":"2024-09-06T10:34:23+00:00","og_image":[{"width":1000,"height":1000,"url":"https:\/\/saumaustarvike.fi\/verkkokauppa\/content\/uploads\/2019\/04\/Saumaustarvike_Schonox_MES.jpg","type":"image\/jpeg"}],"twitter_misc":{"Arvioitu lukuaika":"1 minuutti"},"schema":{"@context":"https:\/\/schema.org","@graph":[{"@type":"WebPage","@id":"https:\/\/saumaustarvike.fi\/verkkokauppa\/kauppa\/tuotemerkit\/casco-schonox\/saumaus-ja-tiivistys\/schonox-mes-elastinen-silikonisaumausmassa-300ml\/","url":"https:\/\/saumaustarvike.fi\/verkkokauppa\/kauppa\/tuotemerkit\/casco-schonox\/saumaus-ja-tiivistys\/schonox-mes-elastinen-silikonisaumausmassa-300ml\/","name":"Sch\u00f6nox MES elastinen silikonisaumausmassa 300ml - Saumaustarvike.fi","isPartOf":{"@id":"https:\/\/saumaustarvike.fi\/verkkokauppa\/#website"},"primaryImageOfPage":{"@id":"https:\/\/saumaustarvike.fi\/verkkokauppa\/kauppa\/tuotemerkit\/casco-schonox\/saumaus-ja-tiivistys\/schonox-mes-elastinen-silikonisaumausmassa-300ml\/#primaryimage"},"image":{"@id":"https:\/\/saumaustarvike.fi\/verkkokauppa\/kauppa\/tuotemerkit\/casco-schonox\/saumaus-ja-tiivistys\/schonox-mes-elastinen-silikonisaumausmassa-300ml\/#primaryimage"},"thumbnailUrl":"https:\/\/saumaustarvike.fi\/verkkokauppa\/wp-content\/uploads\/2019\/04\/Saumaustarvike_Schonox_MES.jpg","datePublished":"2019-04-24T04:21:28+00:00","dateModified":"2024-09-06T10:34:23+00:00","breadcrumb":{"@id":"https:\/\/saumaustarvike.fi\/verkkokauppa\/kauppa\/tuotemerkit\/casco-schonox\/saumaus-ja-tiivistys\/schonox-mes-elastinen-silikonisaumausmassa-300ml\/#breadcrumb"},"inLanguage":"fi","potentialAction":[{"@type":"ReadAction","target":["https:\/\/saumaustarvike.fi\/verkkokauppa\/kauppa\/tuotemerkit\/casco-schonox\/saumaus-ja-tiivistys\/schonox-mes-elastinen-silikonisaumausmassa-300ml\/"]}]},{"@type":"ImageObject","inLanguage":"fi","@id":"https:\/\/saumaustarvike.fi\/verkkokauppa\/kauppa\/tuotemerkit\/casco-schonox\/saumaus-ja-tiivistys\/schonox-mes-elastinen-silikonisaumausmassa-300ml\/#primaryimage","url":"https:\/\/saumaustarvike.fi\/verkkokauppa\/wp-content\/uploads\/2019\/04\/Saumaustarvike_Schonox_MES.jpg","contentUrl":"https:\/\/saumaustarvike.fi\/verkkokauppa\/wp-content\/uploads\/2019\/04\/Saumaustarvike_Schonox_MES.jpg","width":1000,"height":1000},{"@type":"BreadcrumbList","@id":"https:\/\/saumaustarvike.fi\/verkkokauppa\/kauppa\/tuotemerkit\/casco-schonox\/saumaus-ja-tiivistys\/schonox-mes-elastinen-silikonisaumausmassa-300ml\/#breadcrumb","itemListElement":[{"@type":"ListItem","position":1,"name":"Home","item":"https:\/\/saumaustarvike.fi\/verkkokauppa\/"},{"@type":"ListItem","position":2,"name":"Saumausmassat, tarvikkeet ja ty\u00f6kalut","item":"https:\/\/saumaustarvike.fi\/verkkokauppa\/kauppa\/"},{"@type":"ListItem","position":3,"name":"Sch\u00f6nox MES elastinen silikonisaumausmassa 300ml"}]},{"@type":"WebSite","@id":"https:\/\/saumaustarvike.fi\/verkkokauppa\/#website","url":"https:\/\/saumaustarvike.fi\/verkkokauppa\/","name":"Saumaustarvike.fi","description":"Saumausmassat, tarvikkeet ja ty&ouml;kalut","publisher":{"@id":"https:\/\/saumaustarvike.fi\/verkkokauppa\/#organization"},"potentialAction":[{"@type":"SearchAction","target":{"@type":"EntryPoint","urlTemplate":"https:\/\/saumaustarvike.fi\/verkkokauppa\/?s={search_term_string}"},"query-input":{"@type":"PropertyValueSpecification","valueRequired":true,"valueName":"search_term_string"}}],"inLanguage":"fi"},{"@type":"Organization","@id":"https:\/\/saumaustarvike.fi\/verkkokauppa\/#organization","name":"Saumaustarvike.fi","url":"https:\/\/saumaustarvike.fi\/verkkokauppa\/","logo":{"@type":"ImageObject","inLanguage":"fi","@id":"https:\/\/saumaustarvike.fi\/verkkokauppa\/#\/schema\/logo\/image\/","url":"https:\/\/saumaustarvike.fi\/verkkokauppa\/wp-content\/uploads\/2019\/02\/logo.png","contentUrl":"https:\/\/saumaustarvike.fi\/verkkokauppa\/wp-content\/uploads\/2019\/02\/logo.png","width":806,"height":150,"caption":"Saumaustarvike.fi"},"image":{"@id":"https:\/\/saumaustarvike.fi\/verkkokauppa\/#\/schema\/logo\/image\/"},"sameAs":["https:\/\/www.facebook.com\/Saumalaakso"]}]}},"jetpack_sharing_enabled":true,"_links":{"self":[{"href":"https:\/\/saumaustarvike.fi\/verkkokauppa\/wp-json\/wp\/v2\/product\/14390","targetHints":{"allow":["GET"]}}],"collection":[{"href":"https:\/\/saumaustarvike.fi\/verkkokauppa\/wp-json\/wp\/v2\/product"}],"about":[{"href":"https:\/\/saumaustarvike.fi\/verkkokauppa\/wp-json\/wp\/v2\/types\/product"}],"replies":[{"embeddable":true,"href":"https:\/\/saumaustarvike.fi\/verkkokauppa\/wp-json\/wp\/v2\/comments?post=14390"}],"wp:featuredmedia":[{"embeddable":true,"href":"https:\/\/saumaustarvike.fi\/verkkokauppa\/wp-json\/wp\/v2\/media\/16329"}],"wp:attachment":[{"href":"https:\/\/saumaustarvike.fi\/verkkokauppa\/wp-json\/wp\/v2\/media?parent=14390"}],"wp:term":[{"taxonomy":"product_cat","embeddable":true,"href":"https:\/\/saumaustarvike.fi\/verkkokauppa\/wp-json\/wp\/v2\/product_cat?post=14390"},{"taxonomy":"product_tag","embeddable":true,"href":"https:\/\/saumaustarvike.fi\/verkkokauppa\/wp-json\/wp\/v2\/product_tag?post=14390"}],"curies":[{"name":"wp","href":"https:\/\/api.w.org\/{rel}","templated":true}]}}