{"id":14403,"date":"2019-04-24T11:39:28","date_gmt":"2019-04-24T08:39:28","guid":{"rendered":"https:\/\/saumaustarvike.fi\/verkkokauppa\/?post_type=product&#038;p=14403"},"modified":"2024-09-02T10:17:49","modified_gmt":"2024-09-02T07:17:49","slug":"sikaflex-11fc-purform-painepakkaus-195ml","status":"publish","type":"product","link":"https:\/\/saumaustarvike.fi\/verkkokauppa\/kauppa\/tuotemerkit\/sika-tuotemerkit\/sikaflex-sikahyflex-saumausmassat-ja-liimat-sika-tuotemerkit\/sikaflex-11fc-purform-painepakkaus-195ml\/","title":{"rendered":"Sikaflex-11FC Purform Painepakkaus 195ml"},"content":{"rendered":"<h1>Sikaflex-11FC Purform Painepakkaus 195ml<\/h1>\n<p>Sikaflex\u00ae-11 FC Purform\u00ae on 1-osainen kosteuskovettuva elastinen liima- ja tiivistemassa. Sit\u00e4 k\u00e4ytet\u00e4\u00e4n sis\u00e4- ja ulkotilojen monik\u00e4ytt\u00f6iseen liimaukseen ja liitosten tiivist\u00e4miseen\/saumaamiseen. Sill\u00e4 on hyv\u00e4 ja kest\u00e4v\u00e4 tarttuvuus useimpiin rakennusmateriaaleihin<\/p>\n<h3>K\u00e4ytt\u00f6<\/h3>\n<p>Tuote soveltuu sis\u00e4- ja ulkok\u00e4ytt\u00f6\u00f6n ja on monipuolinen tuote k\u00e4ytett\u00e4v\u00e4ksi kaikkialla rakentamisessa, kun tarvitaan kulutusta kest\u00e4v\u00e4\u00e4 ja elastista saumausta tai liimausta. Se soveltuu pysty- ja vaakasuoriin saumauksiin ja tiivistyksiin. L\u00e4pivientien tiivistyksiin ja saumauksiin, puun ja metallien saumauksiin, ilmastointiputkistoihin jne. Liimana sit\u00e4 k\u00e4ytet\u00e4\u00e4n mm. vesipeltien, kynnysten, askelmien, jalkalistojen, laattojen, potkupeltien ja esivalmistettujen tuotteiden liimaukseen.<\/p>\n<p>Soveltuu moneen eri tartuntapintaan, kuten:<br \/>\n\u25aa Betoni<br \/>\n\u25aa Muuraukset<br \/>\n\u25aa Luonnonkiviharkko tai betonikivi<br \/>\n\u25aa Keramiikka<br \/>\n\u25aa Puu<br \/>\n\u25aa Metalli<br \/>\n\u25aa Lasi<\/p>\n<h3>Edut\/Ominaisuudet<\/h3>\n<ul>\n<li>Liikkumiskyky \u00b1 25 %<\/li>\n<li>Helppo ty\u00f6st\u00e4\u00e4 ja valumaton <\/li>\n<li>Tarttuu hyvin useimpiin rakennusmateriaalihin <\/li>\n<li>Hyv\u00e4 mekaaninen ja s\u00e4\u00e4nkest\u00e4vyys <\/li>\n<li>Hyvin matala monomeeripitoisuus <\/li>\n<li>Ei vaadi koulutusta di-isosanaattien turvallisesta k\u00e4yt\u00f6st\u00e4 (REACH) <\/li>\n<li>Liima-tiiviste CE-merkill\u00e4<\/li>\n<li>toimii Ilman erillist\u00e4 patruunapuristinta<\/li>\n<\/ul>\n<h3 class=\"headline-element\">V\u00e4ri<\/h3>\n<p>Valkoinen<\/p>\n<h3 class=\"headline-element\">Pakkaus<\/h3>\n<p>Sikaflex-11FC+ Painepakkaus 195ml \/ 6 kpl\/ltk<\/p>\n<\/div>\n","protected":false},"excerpt":{"rendered":"<p>Sikaflex-11 FC+ on 1-komponenttinen, ilmankosteuden vaikutuksesta kovettuva, polyuretaanipohjainen elastinen saumamassa ja monik\u00e4ytt\u00f6inen liimamassa. Soveltuu sis\u00e4- ja ulkok\u00e4ytt\u00f6\u00f6n.<\/p>\n","protected":false},"featured_media":16327,"comment_status":"open","ping_status":"closed","template":"","meta":{"_acf_changed":false},"product_cat":[1554,1627,1598],"product_tag":[309,90,81,80],"class_list":{"0":"post-14403","1":"product","2":"type-product","3":"status-publish","4":"has-post-thumbnail","6":"product_brand-sika","7":"product_cat-liimaus","8":"product_cat-saumaus","9":"product_cat-sikaflex-sikahyflex-saumausmassat-ja-liimat-sika-tuotemerkit","10":"product_tag-eristys","11":"product_tag-liimaus","12":"product_tag-sika-2","13":"product_tag-tiivistys-2","14":"product_shipping_class-vak","16":"first","17":"instock","18":"taxable","19":"shipping-taxable","20":"purchasable","21":"product-type-simple"},"acf":[],"yoast_head":"<!-- This site is optimized with the Yoast SEO plugin v27.3 - https:\/\/yoast.com\/product\/yoast-seo-wordpress\/ -->\n<title>Sikaflex-11FC Purform Painepakkaus 195ml - Saumaustarvike.fi<\/title>\n<meta name=\"robots\" content=\"index, follow, max-snippet:-1, max-image-preview:large, max-video-preview:-1\" \/>\n<link rel=\"canonical\" href=\"https:\/\/saumaustarvike.fi\/verkkokauppa\/kauppa\/tuotemerkit\/sika-tuotemerkit\/sikaflex-sikahyflex-saumausmassat-ja-liimat-sika-tuotemerkit\/sikaflex-11fc-purform-painepakkaus-195ml\/\" \/>\n<meta property=\"og:locale\" content=\"fi_FI\" \/>\n<meta property=\"og:type\" content=\"article\" \/>\n<meta property=\"og:title\" content=\"Sikaflex-11FC Purform Painepakkaus 195ml - Saumaustarvike.fi\" \/>\n<meta property=\"og:description\" content=\"Sikaflex-11 FC+ on 1-komponenttinen, ilmankosteuden vaikutuksesta kovettuva, polyuretaanipohjainen elastinen saumamassa ja monik\u00e4ytt\u00f6inen liimamassa. Soveltuu sis\u00e4- ja ulkok\u00e4ytt\u00f6\u00f6n.\" \/>\n<meta property=\"og:url\" content=\"https:\/\/saumaustarvike.fi\/verkkokauppa\/kauppa\/tuotemerkit\/sika-tuotemerkit\/sikaflex-sikahyflex-saumausmassat-ja-liimat-sika-tuotemerkit\/sikaflex-11fc-purform-painepakkaus-195ml\/\" \/>\n<meta property=\"og:site_name\" content=\"Saumaustarvike.fi\" \/>\n<meta property=\"article:publisher\" content=\"https:\/\/www.facebook.com\/Saumalaakso\" \/>\n<meta property=\"article:modified_time\" content=\"2024-09-02T07:17:49+00:00\" \/>\n<meta property=\"og:image\" content=\"https:\/\/saumaustarvike.fi\/verkkokauppa\/content\/uploads\/2019\/04\/Saumaustarvike_Sikaflex-11FCPainepakkaus195ml.jpg\" \/>\n\t<meta property=\"og:image:width\" content=\"1000\" \/>\n\t<meta property=\"og:image:height\" content=\"1000\" \/>\n\t<meta property=\"og:image:type\" content=\"image\/jpeg\" \/>\n<meta name=\"twitter:label1\" content=\"Arvioitu lukuaika\" \/>\n\t<meta name=\"twitter:data1\" content=\"1 minuutti\" \/>\n<script type=\"application\/ld+json\" class=\"yoast-schema-graph\">{\"@context\":\"https:\\\/\\\/schema.org\",\"@graph\":[{\"@type\":\"WebPage\",\"@id\":\"https:\\\/\\\/saumaustarvike.fi\\\/verkkokauppa\\\/kauppa\\\/tuotemerkit\\\/sika-tuotemerkit\\\/sikaflex-sikahyflex-saumausmassat-ja-liimat-sika-tuotemerkit\\\/sikaflex-11fc-purform-painepakkaus-195ml\\\/\",\"url\":\"https:\\\/\\\/saumaustarvike.fi\\\/verkkokauppa\\\/kauppa\\\/tuotemerkit\\\/sika-tuotemerkit\\\/sikaflex-sikahyflex-saumausmassat-ja-liimat-sika-tuotemerkit\\\/sikaflex-11fc-purform-painepakkaus-195ml\\\/\",\"name\":\"Sikaflex-11FC Purform Painepakkaus 195ml - Saumaustarvike.fi\",\"isPartOf\":{\"@id\":\"https:\\\/\\\/saumaustarvike.fi\\\/verkkokauppa\\\/#website\"},\"primaryImageOfPage\":{\"@id\":\"https:\\\/\\\/saumaustarvike.fi\\\/verkkokauppa\\\/kauppa\\\/tuotemerkit\\\/sika-tuotemerkit\\\/sikaflex-sikahyflex-saumausmassat-ja-liimat-sika-tuotemerkit\\\/sikaflex-11fc-purform-painepakkaus-195ml\\\/#primaryimage\"},\"image\":{\"@id\":\"https:\\\/\\\/saumaustarvike.fi\\\/verkkokauppa\\\/kauppa\\\/tuotemerkit\\\/sika-tuotemerkit\\\/sikaflex-sikahyflex-saumausmassat-ja-liimat-sika-tuotemerkit\\\/sikaflex-11fc-purform-painepakkaus-195ml\\\/#primaryimage\"},\"thumbnailUrl\":\"https:\\\/\\\/saumaustarvike.fi\\\/verkkokauppa\\\/wp-content\\\/uploads\\\/2019\\\/04\\\/Saumaustarvike_Sikaflex-11FCPainepakkaus195ml.jpg\",\"datePublished\":\"2019-04-24T08:39:28+00:00\",\"dateModified\":\"2024-09-02T07:17:49+00:00\",\"breadcrumb\":{\"@id\":\"https:\\\/\\\/saumaustarvike.fi\\\/verkkokauppa\\\/kauppa\\\/tuotemerkit\\\/sika-tuotemerkit\\\/sikaflex-sikahyflex-saumausmassat-ja-liimat-sika-tuotemerkit\\\/sikaflex-11fc-purform-painepakkaus-195ml\\\/#breadcrumb\"},\"inLanguage\":\"fi\",\"potentialAction\":[{\"@type\":\"ReadAction\",\"target\":[\"https:\\\/\\\/saumaustarvike.fi\\\/verkkokauppa\\\/kauppa\\\/tuotemerkit\\\/sika-tuotemerkit\\\/sikaflex-sikahyflex-saumausmassat-ja-liimat-sika-tuotemerkit\\\/sikaflex-11fc-purform-painepakkaus-195ml\\\/\"]}]},{\"@type\":\"ImageObject\",\"inLanguage\":\"fi\",\"@id\":\"https:\\\/\\\/saumaustarvike.fi\\\/verkkokauppa\\\/kauppa\\\/tuotemerkit\\\/sika-tuotemerkit\\\/sikaflex-sikahyflex-saumausmassat-ja-liimat-sika-tuotemerkit\\\/sikaflex-11fc-purform-painepakkaus-195ml\\\/#primaryimage\",\"url\":\"https:\\\/\\\/saumaustarvike.fi\\\/verkkokauppa\\\/wp-content\\\/uploads\\\/2019\\\/04\\\/Saumaustarvike_Sikaflex-11FCPainepakkaus195ml.jpg\",\"contentUrl\":\"https:\\\/\\\/saumaustarvike.fi\\\/verkkokauppa\\\/wp-content\\\/uploads\\\/2019\\\/04\\\/Saumaustarvike_Sikaflex-11FCPainepakkaus195ml.jpg\",\"width\":1000,\"height\":1000},{\"@type\":\"BreadcrumbList\",\"@id\":\"https:\\\/\\\/saumaustarvike.fi\\\/verkkokauppa\\\/kauppa\\\/tuotemerkit\\\/sika-tuotemerkit\\\/sikaflex-sikahyflex-saumausmassat-ja-liimat-sika-tuotemerkit\\\/sikaflex-11fc-purform-painepakkaus-195ml\\\/#breadcrumb\",\"itemListElement\":[{\"@type\":\"ListItem\",\"position\":1,\"name\":\"Home\",\"item\":\"https:\\\/\\\/saumaustarvike.fi\\\/verkkokauppa\\\/\"},{\"@type\":\"ListItem\",\"position\":2,\"name\":\"Saumausmassat, tarvikkeet ja ty\u00f6kalut\",\"item\":\"https:\\\/\\\/saumaustarvike.fi\\\/verkkokauppa\\\/kauppa\\\/\"},{\"@type\":\"ListItem\",\"position\":3,\"name\":\"Sikaflex-11FC Purform Painepakkaus 195ml\"}]},{\"@type\":\"WebSite\",\"@id\":\"https:\\\/\\\/saumaustarvike.fi\\\/verkkokauppa\\\/#website\",\"url\":\"https:\\\/\\\/saumaustarvike.fi\\\/verkkokauppa\\\/\",\"name\":\"Saumaustarvike.fi\",\"description\":\"Saumausmassat, tarvikkeet ja ty&ouml;kalut\",\"publisher\":{\"@id\":\"https:\\\/\\\/saumaustarvike.fi\\\/verkkokauppa\\\/#organization\"},\"potentialAction\":[{\"@type\":\"SearchAction\",\"target\":{\"@type\":\"EntryPoint\",\"urlTemplate\":\"https:\\\/\\\/saumaustarvike.fi\\\/verkkokauppa\\\/?s={search_term_string}\"},\"query-input\":{\"@type\":\"PropertyValueSpecification\",\"valueRequired\":true,\"valueName\":\"search_term_string\"}}],\"inLanguage\":\"fi\"},{\"@type\":\"Organization\",\"@id\":\"https:\\\/\\\/saumaustarvike.fi\\\/verkkokauppa\\\/#organization\",\"name\":\"Saumaustarvike.fi\",\"url\":\"https:\\\/\\\/saumaustarvike.fi\\\/verkkokauppa\\\/\",\"logo\":{\"@type\":\"ImageObject\",\"inLanguage\":\"fi\",\"@id\":\"https:\\\/\\\/saumaustarvike.fi\\\/verkkokauppa\\\/#\\\/schema\\\/logo\\\/image\\\/\",\"url\":\"https:\\\/\\\/saumaustarvike.fi\\\/verkkokauppa\\\/wp-content\\\/uploads\\\/2019\\\/02\\\/logo.png\",\"contentUrl\":\"https:\\\/\\\/saumaustarvike.fi\\\/verkkokauppa\\\/wp-content\\\/uploads\\\/2019\\\/02\\\/logo.png\",\"width\":806,\"height\":150,\"caption\":\"Saumaustarvike.fi\"},\"image\":{\"@id\":\"https:\\\/\\\/saumaustarvike.fi\\\/verkkokauppa\\\/#\\\/schema\\\/logo\\\/image\\\/\"},\"sameAs\":[\"https:\\\/\\\/www.facebook.com\\\/Saumalaakso\"]}]}<\/script>\n<!-- \/ Yoast SEO plugin. -->","yoast_head_json":{"title":"Sikaflex-11FC Purform Painepakkaus 195ml - Saumaustarvike.fi","robots":{"index":"index","follow":"follow","max-snippet":"max-snippet:-1","max-image-preview":"max-image-preview:large","max-video-preview":"max-video-preview:-1"},"canonical":"https:\/\/saumaustarvike.fi\/verkkokauppa\/kauppa\/tuotemerkit\/sika-tuotemerkit\/sikaflex-sikahyflex-saumausmassat-ja-liimat-sika-tuotemerkit\/sikaflex-11fc-purform-painepakkaus-195ml\/","og_locale":"fi_FI","og_type":"article","og_title":"Sikaflex-11FC Purform Painepakkaus 195ml - Saumaustarvike.fi","og_description":"Sikaflex-11 FC+ on 1-komponenttinen, ilmankosteuden vaikutuksesta kovettuva, polyuretaanipohjainen elastinen saumamassa ja monik\u00e4ytt\u00f6inen liimamassa. Soveltuu sis\u00e4- ja ulkok\u00e4ytt\u00f6\u00f6n.","og_url":"https:\/\/saumaustarvike.fi\/verkkokauppa\/kauppa\/tuotemerkit\/sika-tuotemerkit\/sikaflex-sikahyflex-saumausmassat-ja-liimat-sika-tuotemerkit\/sikaflex-11fc-purform-painepakkaus-195ml\/","og_site_name":"Saumaustarvike.fi","article_publisher":"https:\/\/www.facebook.com\/Saumalaakso","article_modified_time":"2024-09-02T07:17:49+00:00","og_image":[{"width":1000,"height":1000,"url":"https:\/\/saumaustarvike.fi\/verkkokauppa\/content\/uploads\/2019\/04\/Saumaustarvike_Sikaflex-11FCPainepakkaus195ml.jpg","type":"image\/jpeg"}],"twitter_misc":{"Arvioitu lukuaika":"1 minuutti"},"schema":{"@context":"https:\/\/schema.org","@graph":[{"@type":"WebPage","@id":"https:\/\/saumaustarvike.fi\/verkkokauppa\/kauppa\/tuotemerkit\/sika-tuotemerkit\/sikaflex-sikahyflex-saumausmassat-ja-liimat-sika-tuotemerkit\/sikaflex-11fc-purform-painepakkaus-195ml\/","url":"https:\/\/saumaustarvike.fi\/verkkokauppa\/kauppa\/tuotemerkit\/sika-tuotemerkit\/sikaflex-sikahyflex-saumausmassat-ja-liimat-sika-tuotemerkit\/sikaflex-11fc-purform-painepakkaus-195ml\/","name":"Sikaflex-11FC Purform Painepakkaus 195ml - Saumaustarvike.fi","isPartOf":{"@id":"https:\/\/saumaustarvike.fi\/verkkokauppa\/#website"},"primaryImageOfPage":{"@id":"https:\/\/saumaustarvike.fi\/verkkokauppa\/kauppa\/tuotemerkit\/sika-tuotemerkit\/sikaflex-sikahyflex-saumausmassat-ja-liimat-sika-tuotemerkit\/sikaflex-11fc-purform-painepakkaus-195ml\/#primaryimage"},"image":{"@id":"https:\/\/saumaustarvike.fi\/verkkokauppa\/kauppa\/tuotemerkit\/sika-tuotemerkit\/sikaflex-sikahyflex-saumausmassat-ja-liimat-sika-tuotemerkit\/sikaflex-11fc-purform-painepakkaus-195ml\/#primaryimage"},"thumbnailUrl":"https:\/\/saumaustarvike.fi\/verkkokauppa\/wp-content\/uploads\/2019\/04\/Saumaustarvike_Sikaflex-11FCPainepakkaus195ml.jpg","datePublished":"2019-04-24T08:39:28+00:00","dateModified":"2024-09-02T07:17:49+00:00","breadcrumb":{"@id":"https:\/\/saumaustarvike.fi\/verkkokauppa\/kauppa\/tuotemerkit\/sika-tuotemerkit\/sikaflex-sikahyflex-saumausmassat-ja-liimat-sika-tuotemerkit\/sikaflex-11fc-purform-painepakkaus-195ml\/#breadcrumb"},"inLanguage":"fi","potentialAction":[{"@type":"ReadAction","target":["https:\/\/saumaustarvike.fi\/verkkokauppa\/kauppa\/tuotemerkit\/sika-tuotemerkit\/sikaflex-sikahyflex-saumausmassat-ja-liimat-sika-tuotemerkit\/sikaflex-11fc-purform-painepakkaus-195ml\/"]}]},{"@type":"ImageObject","inLanguage":"fi","@id":"https:\/\/saumaustarvike.fi\/verkkokauppa\/kauppa\/tuotemerkit\/sika-tuotemerkit\/sikaflex-sikahyflex-saumausmassat-ja-liimat-sika-tuotemerkit\/sikaflex-11fc-purform-painepakkaus-195ml\/#primaryimage","url":"https:\/\/saumaustarvike.fi\/verkkokauppa\/wp-content\/uploads\/2019\/04\/Saumaustarvike_Sikaflex-11FCPainepakkaus195ml.jpg","contentUrl":"https:\/\/saumaustarvike.fi\/verkkokauppa\/wp-content\/uploads\/2019\/04\/Saumaustarvike_Sikaflex-11FCPainepakkaus195ml.jpg","width":1000,"height":1000},{"@type":"BreadcrumbList","@id":"https:\/\/saumaustarvike.fi\/verkkokauppa\/kauppa\/tuotemerkit\/sika-tuotemerkit\/sikaflex-sikahyflex-saumausmassat-ja-liimat-sika-tuotemerkit\/sikaflex-11fc-purform-painepakkaus-195ml\/#breadcrumb","itemListElement":[{"@type":"ListItem","position":1,"name":"Home","item":"https:\/\/saumaustarvike.fi\/verkkokauppa\/"},{"@type":"ListItem","position":2,"name":"Saumausmassat, tarvikkeet ja ty\u00f6kalut","item":"https:\/\/saumaustarvike.fi\/verkkokauppa\/kauppa\/"},{"@type":"ListItem","position":3,"name":"Sikaflex-11FC Purform Painepakkaus 195ml"}]},{"@type":"WebSite","@id":"https:\/\/saumaustarvike.fi\/verkkokauppa\/#website","url":"https:\/\/saumaustarvike.fi\/verkkokauppa\/","name":"Saumaustarvike.fi","description":"Saumausmassat, tarvikkeet ja ty&ouml;kalut","publisher":{"@id":"https:\/\/saumaustarvike.fi\/verkkokauppa\/#organization"},"potentialAction":[{"@type":"SearchAction","target":{"@type":"EntryPoint","urlTemplate":"https:\/\/saumaustarvike.fi\/verkkokauppa\/?s={search_term_string}"},"query-input":{"@type":"PropertyValueSpecification","valueRequired":true,"valueName":"search_term_string"}}],"inLanguage":"fi"},{"@type":"Organization","@id":"https:\/\/saumaustarvike.fi\/verkkokauppa\/#organization","name":"Saumaustarvike.fi","url":"https:\/\/saumaustarvike.fi\/verkkokauppa\/","logo":{"@type":"ImageObject","inLanguage":"fi","@id":"https:\/\/saumaustarvike.fi\/verkkokauppa\/#\/schema\/logo\/image\/","url":"https:\/\/saumaustarvike.fi\/verkkokauppa\/wp-content\/uploads\/2019\/02\/logo.png","contentUrl":"https:\/\/saumaustarvike.fi\/verkkokauppa\/wp-content\/uploads\/2019\/02\/logo.png","width":806,"height":150,"caption":"Saumaustarvike.fi"},"image":{"@id":"https:\/\/saumaustarvike.fi\/verkkokauppa\/#\/schema\/logo\/image\/"},"sameAs":["https:\/\/www.facebook.com\/Saumalaakso"]}]}},"jetpack_sharing_enabled":true,"_links":{"self":[{"href":"https:\/\/saumaustarvike.fi\/verkkokauppa\/wp-json\/wp\/v2\/product\/14403","targetHints":{"allow":["GET"]}}],"collection":[{"href":"https:\/\/saumaustarvike.fi\/verkkokauppa\/wp-json\/wp\/v2\/product"}],"about":[{"href":"https:\/\/saumaustarvike.fi\/verkkokauppa\/wp-json\/wp\/v2\/types\/product"}],"replies":[{"embeddable":true,"href":"https:\/\/saumaustarvike.fi\/verkkokauppa\/wp-json\/wp\/v2\/comments?post=14403"}],"wp:featuredmedia":[{"embeddable":true,"href":"https:\/\/saumaustarvike.fi\/verkkokauppa\/wp-json\/wp\/v2\/media\/16327"}],"wp:attachment":[{"href":"https:\/\/saumaustarvike.fi\/verkkokauppa\/wp-json\/wp\/v2\/media?parent=14403"}],"wp:term":[{"taxonomy":"product_cat","embeddable":true,"href":"https:\/\/saumaustarvike.fi\/verkkokauppa\/wp-json\/wp\/v2\/product_cat?post=14403"},{"taxonomy":"product_tag","embeddable":true,"href":"https:\/\/saumaustarvike.fi\/verkkokauppa\/wp-json\/wp\/v2\/product_tag?post=14403"}],"curies":[{"name":"wp","href":"https:\/\/api.w.org\/{rel}","templated":true}]}}