{"id":16431,"date":"2021-11-23T12:26:13","date_gmt":"2021-11-23T10:26:13","guid":{"rendered":"https:\/\/saumaustarvike.fi\/verkkokauppa\/?post_type=product&#038;p=16431"},"modified":"2024-09-02T10:43:51","modified_gmt":"2024-09-02T07:43:51","slug":"fein-multimaster-mm-700-1-7-q-basic","status":"publish","type":"product","link":"https:\/\/saumaustarvike.fi\/verkkokauppa\/kauppa\/tuotemerkit\/fein-tuotemerkit\/fein-leikkurit\/fein-multimaster-mm-700-1-7-q-basic\/","title":{"rendered":"Fein MULTIMASTER MM 700 1.7 Q Basic"},"content":{"rendered":"<h1>Fein MULTIMASTER MM 700 1.7 Q<\/h1>\n<p>Eritt\u00e4in tehokas monitoimity\u00f6kalu rajoitetulla 1.7 asteen v\u00e4r\u00e4htelykulmalla mm. autoalalle tai saumojen avaamiseen.<\/p>\n<ul>\n<li>T\u00e4rin\u00e4nvaimennusj\u00e4rjestelm\u00e4: ty\u00f6skentely on jatkuvasti turvallista ja miellytt\u00e4v\u00e4\u00e4 eritt\u00e4in v\u00e4h\u00e4isen t\u00e4rin\u00e4n ja erinomaisen \u00e4\u00e4nenvaimennuksen ansiosta. <\/li>\n<li>QuickIN: ty\u00f6kalunvaihto alle 3 sekunnissa FEINin patentoidulla ty\u00f6kaluttomalla pikakiinnitysj\u00e4rjestelm\u00e4ll\u00e4. <\/li>\n<li>6-kulmainen ty\u00f6kalukiinnitys v\u00e4\u00e4nt\u00f6momentin ihanteelliseen v\u00e4litykseen. <\/li>\n<li>450 W:n FEIN-suurtehomoottori: jatkuvan kuormituksen ja ylikuormituksen kest\u00e4v\u00e4 suurtehomoottori,<br \/>\njossa suuri kupariosuus, takaa parhaan leikkuunopeuden ja nopeimman ty\u00f6netenemisen.<\/li>\n<li>Takogeneraattori: vakaat kierrosluvut my\u00f6s kuormituksessa ja portaaton elektroninen kierrosluvun s\u00e4\u00e4t\u00f6. <\/li>\n<li>Metallinen voimansiirtokoneisto: Ssuuri kuormitettavuus ja maksimaalinen k\u00e4ytt\u00f6ik\u00e4, koska kaikki voimansiirron osat on valmistettu metallista. <\/li>\n<li>Teollisuuskaapeli: suuri toimintas\u00e4de teollisuuslaatuisen 5-metrisen, hienojohtimisen kumikaapelin ansiosta.<\/li>\n<\/ul>\n<p>Tuotenumero: 7 229 70 61 00 0<\/p>\n","protected":false},"excerpt":{"rendered":"<p>Eritt\u00e4in tehokas monitoimity\u00f6kalu rajoitetulla 1.7 asteen v\u00e4r\u00e4htelykulmalla mm. autoalalle tai saumojen avaamiseen.<\/p>\n","protected":false},"featured_media":16433,"comment_status":"open","ping_status":"closed","template":"","meta":{"_acf_changed":false},"product_cat":[1568,2139],"product_tag":[1004,486,1010,1009,1017,1012,1011],"class_list":{"0":"post-16431","1":"product","2":"type-product","3":"status-publish","4":"has-post-thumbnail","6":"product_brand-fein","7":"product_cat-leikkurit","8":"product_cat-fein-leikkurit","9":"product_tag-fein","10":"product_tag-leikkaus","11":"product_tag-leikkuri","12":"product_tag-monitoimikone","13":"product_tag-multimaster","14":"product_tag-pikakiinnitys","15":"product_tag-sauman-poisto","17":"first","18":"instock","19":"taxable","20":"shipping-taxable","21":"purchasable","22":"product-type-simple"},"acf":[],"yoast_head":"<!-- This site is optimized with the Yoast SEO plugin v27.3 - https:\/\/yoast.com\/product\/yoast-seo-wordpress\/ -->\n<title>Fein MULTIMASTER MM 700 1.7 Q Basic - Saumaustarvike.fi<\/title>\n<meta name=\"robots\" content=\"index, follow, max-snippet:-1, max-image-preview:large, max-video-preview:-1\" \/>\n<link rel=\"canonical\" href=\"https:\/\/saumaustarvike.fi\/verkkokauppa\/kauppa\/tuotemerkit\/fein-tuotemerkit\/fein-leikkurit\/fein-multimaster-mm-700-1-7-q-basic\/\" \/>\n<meta property=\"og:locale\" content=\"fi_FI\" \/>\n<meta property=\"og:type\" content=\"article\" \/>\n<meta property=\"og:title\" content=\"Fein MULTIMASTER MM 700 1.7 Q Basic - Saumaustarvike.fi\" \/>\n<meta property=\"og:description\" content=\"Eritt\u00e4in tehokas monitoimity\u00f6kalu rajoitetulla 1.7 asteen v\u00e4r\u00e4htelykulmalla mm. autoalalle tai saumojen avaamiseen.\" \/>\n<meta property=\"og:url\" content=\"https:\/\/saumaustarvike.fi\/verkkokauppa\/kauppa\/tuotemerkit\/fein-tuotemerkit\/fein-leikkurit\/fein-multimaster-mm-700-1-7-q-basic\/\" \/>\n<meta property=\"og:site_name\" content=\"Saumaustarvike.fi\" \/>\n<meta property=\"article:publisher\" content=\"https:\/\/www.facebook.com\/Saumalaakso\" \/>\n<meta property=\"article:modified_time\" content=\"2024-09-02T07:43:51+00:00\" \/>\n<meta property=\"og:image\" content=\"https:\/\/saumaustarvike.fi\/verkkokauppa\/content\/uploads\/2021\/11\/LCjSWrw0.jpeg\" \/>\n\t<meta property=\"og:image:width\" content=\"531\" \/>\n\t<meta property=\"og:image:height\" content=\"300\" \/>\n\t<meta property=\"og:image:type\" content=\"image\/jpeg\" \/>\n<meta name=\"twitter:label1\" content=\"Arvioitu lukuaika\" \/>\n\t<meta name=\"twitter:data1\" content=\"1 minuutti\" \/>\n<script type=\"application\/ld+json\" class=\"yoast-schema-graph\">{\"@context\":\"https:\\\/\\\/schema.org\",\"@graph\":[{\"@type\":\"WebPage\",\"@id\":\"https:\\\/\\\/saumaustarvike.fi\\\/verkkokauppa\\\/kauppa\\\/tuotemerkit\\\/fein-tuotemerkit\\\/fein-leikkurit\\\/fein-multimaster-mm-700-1-7-q-basic\\\/\",\"url\":\"https:\\\/\\\/saumaustarvike.fi\\\/verkkokauppa\\\/kauppa\\\/tuotemerkit\\\/fein-tuotemerkit\\\/fein-leikkurit\\\/fein-multimaster-mm-700-1-7-q-basic\\\/\",\"name\":\"Fein MULTIMASTER MM 700 1.7 Q Basic - Saumaustarvike.fi\",\"isPartOf\":{\"@id\":\"https:\\\/\\\/saumaustarvike.fi\\\/verkkokauppa\\\/#website\"},\"primaryImageOfPage\":{\"@id\":\"https:\\\/\\\/saumaustarvike.fi\\\/verkkokauppa\\\/kauppa\\\/tuotemerkit\\\/fein-tuotemerkit\\\/fein-leikkurit\\\/fein-multimaster-mm-700-1-7-q-basic\\\/#primaryimage\"},\"image\":{\"@id\":\"https:\\\/\\\/saumaustarvike.fi\\\/verkkokauppa\\\/kauppa\\\/tuotemerkit\\\/fein-tuotemerkit\\\/fein-leikkurit\\\/fein-multimaster-mm-700-1-7-q-basic\\\/#primaryimage\"},\"thumbnailUrl\":\"https:\\\/\\\/saumaustarvike.fi\\\/verkkokauppa\\\/wp-content\\\/uploads\\\/2021\\\/11\\\/LCjSWrw0.jpeg\",\"datePublished\":\"2021-11-23T10:26:13+00:00\",\"dateModified\":\"2024-09-02T07:43:51+00:00\",\"breadcrumb\":{\"@id\":\"https:\\\/\\\/saumaustarvike.fi\\\/verkkokauppa\\\/kauppa\\\/tuotemerkit\\\/fein-tuotemerkit\\\/fein-leikkurit\\\/fein-multimaster-mm-700-1-7-q-basic\\\/#breadcrumb\"},\"inLanguage\":\"fi\",\"potentialAction\":[{\"@type\":\"ReadAction\",\"target\":[\"https:\\\/\\\/saumaustarvike.fi\\\/verkkokauppa\\\/kauppa\\\/tuotemerkit\\\/fein-tuotemerkit\\\/fein-leikkurit\\\/fein-multimaster-mm-700-1-7-q-basic\\\/\"]}]},{\"@type\":\"ImageObject\",\"inLanguage\":\"fi\",\"@id\":\"https:\\\/\\\/saumaustarvike.fi\\\/verkkokauppa\\\/kauppa\\\/tuotemerkit\\\/fein-tuotemerkit\\\/fein-leikkurit\\\/fein-multimaster-mm-700-1-7-q-basic\\\/#primaryimage\",\"url\":\"https:\\\/\\\/saumaustarvike.fi\\\/verkkokauppa\\\/wp-content\\\/uploads\\\/2021\\\/11\\\/LCjSWrw0.jpeg\",\"contentUrl\":\"https:\\\/\\\/saumaustarvike.fi\\\/verkkokauppa\\\/wp-content\\\/uploads\\\/2021\\\/11\\\/LCjSWrw0.jpeg\",\"width\":531,\"height\":300},{\"@type\":\"BreadcrumbList\",\"@id\":\"https:\\\/\\\/saumaustarvike.fi\\\/verkkokauppa\\\/kauppa\\\/tuotemerkit\\\/fein-tuotemerkit\\\/fein-leikkurit\\\/fein-multimaster-mm-700-1-7-q-basic\\\/#breadcrumb\",\"itemListElement\":[{\"@type\":\"ListItem\",\"position\":1,\"name\":\"Home\",\"item\":\"https:\\\/\\\/saumaustarvike.fi\\\/verkkokauppa\\\/\"},{\"@type\":\"ListItem\",\"position\":2,\"name\":\"Saumausmassat, tarvikkeet ja ty\u00f6kalut\",\"item\":\"https:\\\/\\\/saumaustarvike.fi\\\/verkkokauppa\\\/kauppa\\\/\"},{\"@type\":\"ListItem\",\"position\":3,\"name\":\"Fein MULTIMASTER MM 700 1.7 Q Basic\"}]},{\"@type\":\"WebSite\",\"@id\":\"https:\\\/\\\/saumaustarvike.fi\\\/verkkokauppa\\\/#website\",\"url\":\"https:\\\/\\\/saumaustarvike.fi\\\/verkkokauppa\\\/\",\"name\":\"Saumaustarvike.fi\",\"description\":\"Saumausmassat, tarvikkeet ja ty&ouml;kalut\",\"publisher\":{\"@id\":\"https:\\\/\\\/saumaustarvike.fi\\\/verkkokauppa\\\/#organization\"},\"potentialAction\":[{\"@type\":\"SearchAction\",\"target\":{\"@type\":\"EntryPoint\",\"urlTemplate\":\"https:\\\/\\\/saumaustarvike.fi\\\/verkkokauppa\\\/?s={search_term_string}\"},\"query-input\":{\"@type\":\"PropertyValueSpecification\",\"valueRequired\":true,\"valueName\":\"search_term_string\"}}],\"inLanguage\":\"fi\"},{\"@type\":\"Organization\",\"@id\":\"https:\\\/\\\/saumaustarvike.fi\\\/verkkokauppa\\\/#organization\",\"name\":\"Saumaustarvike.fi\",\"url\":\"https:\\\/\\\/saumaustarvike.fi\\\/verkkokauppa\\\/\",\"logo\":{\"@type\":\"ImageObject\",\"inLanguage\":\"fi\",\"@id\":\"https:\\\/\\\/saumaustarvike.fi\\\/verkkokauppa\\\/#\\\/schema\\\/logo\\\/image\\\/\",\"url\":\"https:\\\/\\\/saumaustarvike.fi\\\/verkkokauppa\\\/wp-content\\\/uploads\\\/2019\\\/02\\\/logo.png\",\"contentUrl\":\"https:\\\/\\\/saumaustarvike.fi\\\/verkkokauppa\\\/wp-content\\\/uploads\\\/2019\\\/02\\\/logo.png\",\"width\":806,\"height\":150,\"caption\":\"Saumaustarvike.fi\"},\"image\":{\"@id\":\"https:\\\/\\\/saumaustarvike.fi\\\/verkkokauppa\\\/#\\\/schema\\\/logo\\\/image\\\/\"},\"sameAs\":[\"https:\\\/\\\/www.facebook.com\\\/Saumalaakso\"]}]}<\/script>\n<!-- \/ Yoast SEO plugin. -->","yoast_head_json":{"title":"Fein MULTIMASTER MM 700 1.7 Q Basic - Saumaustarvike.fi","robots":{"index":"index","follow":"follow","max-snippet":"max-snippet:-1","max-image-preview":"max-image-preview:large","max-video-preview":"max-video-preview:-1"},"canonical":"https:\/\/saumaustarvike.fi\/verkkokauppa\/kauppa\/tuotemerkit\/fein-tuotemerkit\/fein-leikkurit\/fein-multimaster-mm-700-1-7-q-basic\/","og_locale":"fi_FI","og_type":"article","og_title":"Fein MULTIMASTER MM 700 1.7 Q Basic - Saumaustarvike.fi","og_description":"Eritt\u00e4in tehokas monitoimity\u00f6kalu rajoitetulla 1.7 asteen v\u00e4r\u00e4htelykulmalla mm. autoalalle tai saumojen avaamiseen.","og_url":"https:\/\/saumaustarvike.fi\/verkkokauppa\/kauppa\/tuotemerkit\/fein-tuotemerkit\/fein-leikkurit\/fein-multimaster-mm-700-1-7-q-basic\/","og_site_name":"Saumaustarvike.fi","article_publisher":"https:\/\/www.facebook.com\/Saumalaakso","article_modified_time":"2024-09-02T07:43:51+00:00","og_image":[{"width":531,"height":300,"url":"https:\/\/saumaustarvike.fi\/verkkokauppa\/content\/uploads\/2021\/11\/LCjSWrw0.jpeg","type":"image\/jpeg"}],"twitter_misc":{"Arvioitu lukuaika":"1 minuutti"},"schema":{"@context":"https:\/\/schema.org","@graph":[{"@type":"WebPage","@id":"https:\/\/saumaustarvike.fi\/verkkokauppa\/kauppa\/tuotemerkit\/fein-tuotemerkit\/fein-leikkurit\/fein-multimaster-mm-700-1-7-q-basic\/","url":"https:\/\/saumaustarvike.fi\/verkkokauppa\/kauppa\/tuotemerkit\/fein-tuotemerkit\/fein-leikkurit\/fein-multimaster-mm-700-1-7-q-basic\/","name":"Fein MULTIMASTER MM 700 1.7 Q Basic - Saumaustarvike.fi","isPartOf":{"@id":"https:\/\/saumaustarvike.fi\/verkkokauppa\/#website"},"primaryImageOfPage":{"@id":"https:\/\/saumaustarvike.fi\/verkkokauppa\/kauppa\/tuotemerkit\/fein-tuotemerkit\/fein-leikkurit\/fein-multimaster-mm-700-1-7-q-basic\/#primaryimage"},"image":{"@id":"https:\/\/saumaustarvike.fi\/verkkokauppa\/kauppa\/tuotemerkit\/fein-tuotemerkit\/fein-leikkurit\/fein-multimaster-mm-700-1-7-q-basic\/#primaryimage"},"thumbnailUrl":"https:\/\/saumaustarvike.fi\/verkkokauppa\/wp-content\/uploads\/2021\/11\/LCjSWrw0.jpeg","datePublished":"2021-11-23T10:26:13+00:00","dateModified":"2024-09-02T07:43:51+00:00","breadcrumb":{"@id":"https:\/\/saumaustarvike.fi\/verkkokauppa\/kauppa\/tuotemerkit\/fein-tuotemerkit\/fein-leikkurit\/fein-multimaster-mm-700-1-7-q-basic\/#breadcrumb"},"inLanguage":"fi","potentialAction":[{"@type":"ReadAction","target":["https:\/\/saumaustarvike.fi\/verkkokauppa\/kauppa\/tuotemerkit\/fein-tuotemerkit\/fein-leikkurit\/fein-multimaster-mm-700-1-7-q-basic\/"]}]},{"@type":"ImageObject","inLanguage":"fi","@id":"https:\/\/saumaustarvike.fi\/verkkokauppa\/kauppa\/tuotemerkit\/fein-tuotemerkit\/fein-leikkurit\/fein-multimaster-mm-700-1-7-q-basic\/#primaryimage","url":"https:\/\/saumaustarvike.fi\/verkkokauppa\/wp-content\/uploads\/2021\/11\/LCjSWrw0.jpeg","contentUrl":"https:\/\/saumaustarvike.fi\/verkkokauppa\/wp-content\/uploads\/2021\/11\/LCjSWrw0.jpeg","width":531,"height":300},{"@type":"BreadcrumbList","@id":"https:\/\/saumaustarvike.fi\/verkkokauppa\/kauppa\/tuotemerkit\/fein-tuotemerkit\/fein-leikkurit\/fein-multimaster-mm-700-1-7-q-basic\/#breadcrumb","itemListElement":[{"@type":"ListItem","position":1,"name":"Home","item":"https:\/\/saumaustarvike.fi\/verkkokauppa\/"},{"@type":"ListItem","position":2,"name":"Saumausmassat, tarvikkeet ja ty\u00f6kalut","item":"https:\/\/saumaustarvike.fi\/verkkokauppa\/kauppa\/"},{"@type":"ListItem","position":3,"name":"Fein MULTIMASTER MM 700 1.7 Q Basic"}]},{"@type":"WebSite","@id":"https:\/\/saumaustarvike.fi\/verkkokauppa\/#website","url":"https:\/\/saumaustarvike.fi\/verkkokauppa\/","name":"Saumaustarvike.fi","description":"Saumausmassat, tarvikkeet ja ty&ouml;kalut","publisher":{"@id":"https:\/\/saumaustarvike.fi\/verkkokauppa\/#organization"},"potentialAction":[{"@type":"SearchAction","target":{"@type":"EntryPoint","urlTemplate":"https:\/\/saumaustarvike.fi\/verkkokauppa\/?s={search_term_string}"},"query-input":{"@type":"PropertyValueSpecification","valueRequired":true,"valueName":"search_term_string"}}],"inLanguage":"fi"},{"@type":"Organization","@id":"https:\/\/saumaustarvike.fi\/verkkokauppa\/#organization","name":"Saumaustarvike.fi","url":"https:\/\/saumaustarvike.fi\/verkkokauppa\/","logo":{"@type":"ImageObject","inLanguage":"fi","@id":"https:\/\/saumaustarvike.fi\/verkkokauppa\/#\/schema\/logo\/image\/","url":"https:\/\/saumaustarvike.fi\/verkkokauppa\/wp-content\/uploads\/2019\/02\/logo.png","contentUrl":"https:\/\/saumaustarvike.fi\/verkkokauppa\/wp-content\/uploads\/2019\/02\/logo.png","width":806,"height":150,"caption":"Saumaustarvike.fi"},"image":{"@id":"https:\/\/saumaustarvike.fi\/verkkokauppa\/#\/schema\/logo\/image\/"},"sameAs":["https:\/\/www.facebook.com\/Saumalaakso"]}]}},"jetpack_sharing_enabled":true,"_links":{"self":[{"href":"https:\/\/saumaustarvike.fi\/verkkokauppa\/wp-json\/wp\/v2\/product\/16431","targetHints":{"allow":["GET"]}}],"collection":[{"href":"https:\/\/saumaustarvike.fi\/verkkokauppa\/wp-json\/wp\/v2\/product"}],"about":[{"href":"https:\/\/saumaustarvike.fi\/verkkokauppa\/wp-json\/wp\/v2\/types\/product"}],"replies":[{"embeddable":true,"href":"https:\/\/saumaustarvike.fi\/verkkokauppa\/wp-json\/wp\/v2\/comments?post=16431"}],"wp:featuredmedia":[{"embeddable":true,"href":"https:\/\/saumaustarvike.fi\/verkkokauppa\/wp-json\/wp\/v2\/media\/16433"}],"wp:attachment":[{"href":"https:\/\/saumaustarvike.fi\/verkkokauppa\/wp-json\/wp\/v2\/media?parent=16431"}],"wp:term":[{"taxonomy":"product_cat","embeddable":true,"href":"https:\/\/saumaustarvike.fi\/verkkokauppa\/wp-json\/wp\/v2\/product_cat?post=16431"},{"taxonomy":"product_tag","embeddable":true,"href":"https:\/\/saumaustarvike.fi\/verkkokauppa\/wp-json\/wp\/v2\/product_tag?post=16431"}],"curies":[{"name":"wp","href":"https:\/\/api.w.org\/{rel}","templated":true}]}}