{"id":16580,"date":"2022-01-28T11:59:30","date_gmt":"2022-01-28T09:59:30","guid":{"rendered":"https:\/\/saumaustarvike.fi\/verkkokauppa\/?post_type=product&#038;p=16580"},"modified":"2024-09-02T09:48:08","modified_gmt":"2024-09-02T06:48:08","slug":"nullifire-fs702-paloakryylimassa-600ml","status":"publish","type":"product","link":"https:\/\/saumaustarvike.fi\/verkkokauppa\/kauppa\/tuotemerkit\/nullifire\/nullifire-palokatkoakryylit\/nullifire-fs702-paloakryylimassa-600ml\/","title":{"rendered":"Nullifire FS702 Paloakryylimassa 600ml"},"content":{"rendered":"<h1>Nullifire FS702 Paloakryylimassa <\/h1>\n<div class=\"product\">\n<p>Nullfire FS702 muodostaa kuivuessaan<br \/>\nlujan, mutta elastisen palokatkon.<br \/>\nSoveltuu erilaisiin rakenteellisiin<br \/>\nsaumoihin ja tarjoaa jopa 30 %<br \/>\nliikkumavaraa (ks. asennusohjeet)<br \/>\ntoimien samalla tehokkaana \u00e4\u00e4ni- ja<br \/>\nilmaeristeen\u00e4.<br \/>\nFS702 on ihanteellinen tiivistysratkaisua<br \/>\npieniin py\u00f6reisiin l\u00e4pivienteihin seiniss\u00e4<br \/>\nja v\u00e4lipohjissa. FS702:n erinomaisen<br \/>\ntarttuvuuden ansiosta sit\u00e4 voidaan<br \/>\nk\u00e4ytt\u00e4\u00e4 my\u00f6s saumaukseen sek\u00e4<br \/>\nl\u00e4pivientien tiivist\u00e4miseen yhdess\u00e4<br \/>\nFB750-palokatkolevyn kanssa.<\/p>\n<\/div>\n<div class=\"twocolumnlist\">\n<h2>edut<\/h2>\n<ul class=\"col-left\">\n<li>Voidaan p\u00e4\u00e4llemaalata tunnin kuivumisen j\u00e4lkeen.<\/li>\n<li>Puolueettomissa palotesteiss\u00e4 todetut palonestoajat parhaimmillaan yli 4 tuntia.<\/li>\n<li>Laajenee n. 100 % est\u00e4en savun ja liekkien levi\u00e4misen sauman kautta.<\/li>\n<li>Ei vapauta myrkyllisi\u00e4 savukaasuja laajentuessaan.<\/li>\n<li>Ei sis\u00e4ll\u00e4 liuotteita eik\u00e4 halogeeniyhdisteit\u00e4<\/li>\n<\/ul>\n<p>&nbsp;<\/p>\n<h3>K\u00e4ytt\u00f6kohteet<\/h3>\n<p>FS702 soveltuu paloluokitellun<br \/>\nliitoksiin, joiden el\u00e4minen on v\u00e4h\u00e4ist\u00e4.<br \/>\nFS702:lla voidaan tiivist\u00e4\u00e4 FB750<br \/>\nPalokatkolevyjen v\u00e4lisi\u00e4 paloluokiteltuja<br \/>\nliitoksia sek\u00e4 l\u00e4pivientien sein\u00e4mi\u00e4 ja<br \/>\nl\u00e4pivientitiivisteit\u00e4. Lis\u00e4ksi sill\u00e4 voidaan<br \/>\ntiivist\u00e4\u00e4 erilaisia lineaarisaumoja.<br \/>\nALUSTAMATERIAALIT<br \/>\n\u2022 Betonirakenteiden v\u00e4liset liitokset<br \/>\n\u2022 Betonin ja puun liitokset<br \/>\n\u2022 Betonin ja ter\u00e4ksen liitokset<br \/>\n\u2022 FB750-levyn ja kevyen sein\u00e4n v\u00e4liset<br \/>\nliitokset<br \/>\n\u2022 FB750-levyn ja j\u00e4yk\u00e4n sein\u00e4n v\u00e4liset<br \/>\nliitokset<br \/>\n\u2022 Kahden kevyen sein\u00e4n v\u00e4liset liitokset<br \/>\n\u2022 Kevyen sein\u00e4n ja j\u00e4yk\u00e4n v\u00e4lipohjan<br \/>\nv\u00e4liset liitokset<br \/>\n\u2022 Kahden j\u00e4yk\u00e4n v\u00e4lipojan v\u00e4liset<br \/>\nliitokset<br \/>\n\u2022 Kahden j\u00e4yk\u00e4n sein\u00e4n v\u00e4liset liitokset<\/p>\n<\/ul>\n<p>&nbsp;<\/p>\n<\/div>\n<h3>V\u00e4ri<\/h3>\n<p>Valkoinen<\/p>\n<h3>Pakkaus<\/h3>\n<p>600\u00a0ml kalvopakkaus<\/p>\n","protected":false},"excerpt":{"rendered":"<p>Nullifire FS702 Paloakryylimassa Nullfire FS702 muodostaa kuivuessaan lujan, mutta elastisen palokatkon. Soveltuu erilaisiin rakenteellisiin saumoihin ja tarjoaa jopa 30 % liikkumavaraa (ks. asennusohjeet) toimien samalla tehokkaana \u00e4\u00e4ni- ja ilmaeristeen\u00e4. FS702 on ihanteellinen tiivistysratkaisua pieniin py\u00f6reisiin l\u00e4pivienteihin seiniss\u00e4 ja v\u00e4lipohjissa. FS702:n erinomaisen tarttuvuuden ansiosta sit\u00e4 voidaan k\u00e4ytt\u00e4\u00e4 my\u00f6s saumaukseen sek\u00e4 l\u00e4pivientien tiivist\u00e4miseen yhdess\u00e4 FB750-palokatkolevyn kanssa. edut [&hellip;]<\/p>\n","protected":false},"featured_media":16499,"comment_status":"open","ping_status":"closed","template":"","meta":{"_acf_changed":false},"product_cat":[1544,2146,1556,1553],"product_tag":[158,99,725,315,205,756,317,1236,514,1159,143,79],"class_list":{"0":"post-16580","1":"product","2":"type-product","3":"status-publish","4":"has-post-thumbnail","6":"product_brand-nullifire","7":"product_cat-akryylipohjaiset","8":"product_cat-nullifire-palokatkoakryylit","9":"product_cat-palokatkotuotteet-tuotteet","10":"product_cat-tiivistys-tuotteet","11":"product_tag-akryyli","12":"product_tag-akryylimassa","13":"product_tag-m1","14":"product_tag-paloakryyli","15":"product_tag-palokatko","16":"product_tag-palokatkomassa","17":"product_tag-paloluokka","18":"product_tag-sisailma","19":"product_tag-sisailmaluokiteltu","20":"product_tag-sisailmaluokitus","21":"product_tag-sisakayttoon","22":"product_tag-tiiviste","24":"first","25":"instock","26":"taxable","27":"shipping-taxable","28":"purchasable","29":"product-type-simple"},"acf":[],"yoast_head":"<!-- This site is optimized with the Yoast SEO plugin v27.3 - https:\/\/yoast.com\/product\/yoast-seo-wordpress\/ -->\n<title>Nullifire FS702 Paloakryylimassa 600ml - Saumaustarvike.fi<\/title>\n<meta name=\"description\" content=\"Nullifire FS702 Yksikomponenttinen, tulipalon kest\u00e4v\u00e4 akryyliemulsiopohjainen tiivistemassa. Muodostaa vahvan ja joustavan paloluokitellun sauman.\" \/>\n<meta name=\"robots\" content=\"index, follow, max-snippet:-1, max-image-preview:large, max-video-preview:-1\" \/>\n<link rel=\"canonical\" href=\"https:\/\/saumaustarvike.fi\/verkkokauppa\/kauppa\/tuotemerkit\/nullifire\/nullifire-palokatkoakryylit\/nullifire-fs702-paloakryylimassa-600ml\/\" \/>\n<meta property=\"og:locale\" content=\"fi_FI\" \/>\n<meta property=\"og:type\" content=\"article\" \/>\n<meta property=\"og:title\" content=\"Nullifire FS702 Paloakryylimassa 600ml - Saumaustarvike.fi\" \/>\n<meta property=\"og:description\" content=\"Nullifire FS702 Yksikomponenttinen, tulipalon kest\u00e4v\u00e4 akryyliemulsiopohjainen tiivistemassa. Muodostaa vahvan ja joustavan paloluokitellun sauman.\" \/>\n<meta property=\"og:url\" content=\"https:\/\/saumaustarvike.fi\/verkkokauppa\/kauppa\/tuotemerkit\/nullifire\/nullifire-palokatkoakryylit\/nullifire-fs702-paloakryylimassa-600ml\/\" \/>\n<meta property=\"og:site_name\" content=\"Saumaustarvike.fi\" \/>\n<meta property=\"article:publisher\" content=\"https:\/\/www.facebook.com\/Saumalaakso\" \/>\n<meta property=\"article:modified_time\" content=\"2024-09-02T06:48:08+00:00\" \/>\n<meta property=\"og:image\" content=\"https:\/\/saumaustarvike.fi\/verkkokauppa\/content\/uploads\/2015\/04\/saumaustarvike-Nullifire-FS703-Palokatkosilikoni-600ml-1.jpg\" \/>\n\t<meta property=\"og:image:width\" content=\"1000\" \/>\n\t<meta property=\"og:image:height\" content=\"1000\" \/>\n\t<meta property=\"og:image:type\" content=\"image\/jpeg\" \/>\n<meta name=\"twitter:label1\" content=\"Arvioitu lukuaika\" \/>\n\t<meta name=\"twitter:data1\" content=\"1 minuutti\" \/>\n<script type=\"application\/ld+json\" class=\"yoast-schema-graph\">{\"@context\":\"https:\\\/\\\/schema.org\",\"@graph\":[{\"@type\":\"WebPage\",\"@id\":\"https:\\\/\\\/saumaustarvike.fi\\\/verkkokauppa\\\/kauppa\\\/tuotemerkit\\\/nullifire\\\/nullifire-palokatkoakryylit\\\/nullifire-fs702-paloakryylimassa-600ml\\\/\",\"url\":\"https:\\\/\\\/saumaustarvike.fi\\\/verkkokauppa\\\/kauppa\\\/tuotemerkit\\\/nullifire\\\/nullifire-palokatkoakryylit\\\/nullifire-fs702-paloakryylimassa-600ml\\\/\",\"name\":\"Nullifire FS702 Paloakryylimassa 600ml - Saumaustarvike.fi\",\"isPartOf\":{\"@id\":\"https:\\\/\\\/saumaustarvike.fi\\\/verkkokauppa\\\/#website\"},\"primaryImageOfPage\":{\"@id\":\"https:\\\/\\\/saumaustarvike.fi\\\/verkkokauppa\\\/kauppa\\\/tuotemerkit\\\/nullifire\\\/nullifire-palokatkoakryylit\\\/nullifire-fs702-paloakryylimassa-600ml\\\/#primaryimage\"},\"image\":{\"@id\":\"https:\\\/\\\/saumaustarvike.fi\\\/verkkokauppa\\\/kauppa\\\/tuotemerkit\\\/nullifire\\\/nullifire-palokatkoakryylit\\\/nullifire-fs702-paloakryylimassa-600ml\\\/#primaryimage\"},\"thumbnailUrl\":\"https:\\\/\\\/saumaustarvike.fi\\\/verkkokauppa\\\/wp-content\\\/uploads\\\/2015\\\/04\\\/saumaustarvike-Nullifire-FS703-Palokatkosilikoni-600ml-1.jpg\",\"datePublished\":\"2022-01-28T09:59:30+00:00\",\"dateModified\":\"2024-09-02T06:48:08+00:00\",\"description\":\"Nullifire FS702 Yksikomponenttinen, tulipalon kest\u00e4v\u00e4 akryyliemulsiopohjainen tiivistemassa. Muodostaa vahvan ja joustavan paloluokitellun sauman.\",\"breadcrumb\":{\"@id\":\"https:\\\/\\\/saumaustarvike.fi\\\/verkkokauppa\\\/kauppa\\\/tuotemerkit\\\/nullifire\\\/nullifire-palokatkoakryylit\\\/nullifire-fs702-paloakryylimassa-600ml\\\/#breadcrumb\"},\"inLanguage\":\"fi\",\"potentialAction\":[{\"@type\":\"ReadAction\",\"target\":[\"https:\\\/\\\/saumaustarvike.fi\\\/verkkokauppa\\\/kauppa\\\/tuotemerkit\\\/nullifire\\\/nullifire-palokatkoakryylit\\\/nullifire-fs702-paloakryylimassa-600ml\\\/\"]}]},{\"@type\":\"ImageObject\",\"inLanguage\":\"fi\",\"@id\":\"https:\\\/\\\/saumaustarvike.fi\\\/verkkokauppa\\\/kauppa\\\/tuotemerkit\\\/nullifire\\\/nullifire-palokatkoakryylit\\\/nullifire-fs702-paloakryylimassa-600ml\\\/#primaryimage\",\"url\":\"https:\\\/\\\/saumaustarvike.fi\\\/verkkokauppa\\\/wp-content\\\/uploads\\\/2015\\\/04\\\/saumaustarvike-Nullifire-FS703-Palokatkosilikoni-600ml-1.jpg\",\"contentUrl\":\"https:\\\/\\\/saumaustarvike.fi\\\/verkkokauppa\\\/wp-content\\\/uploads\\\/2015\\\/04\\\/saumaustarvike-Nullifire-FS703-Palokatkosilikoni-600ml-1.jpg\",\"width\":1000,\"height\":1000},{\"@type\":\"BreadcrumbList\",\"@id\":\"https:\\\/\\\/saumaustarvike.fi\\\/verkkokauppa\\\/kauppa\\\/tuotemerkit\\\/nullifire\\\/nullifire-palokatkoakryylit\\\/nullifire-fs702-paloakryylimassa-600ml\\\/#breadcrumb\",\"itemListElement\":[{\"@type\":\"ListItem\",\"position\":1,\"name\":\"Home\",\"item\":\"https:\\\/\\\/saumaustarvike.fi\\\/verkkokauppa\\\/\"},{\"@type\":\"ListItem\",\"position\":2,\"name\":\"Saumausmassat, tarvikkeet ja ty\u00f6kalut\",\"item\":\"https:\\\/\\\/saumaustarvike.fi\\\/verkkokauppa\\\/kauppa\\\/\"},{\"@type\":\"ListItem\",\"position\":3,\"name\":\"Nullifire FS702 Paloakryylimassa 600ml\"}]},{\"@type\":\"WebSite\",\"@id\":\"https:\\\/\\\/saumaustarvike.fi\\\/verkkokauppa\\\/#website\",\"url\":\"https:\\\/\\\/saumaustarvike.fi\\\/verkkokauppa\\\/\",\"name\":\"Saumaustarvike.fi\",\"description\":\"Saumausmassat, tarvikkeet ja ty&ouml;kalut\",\"publisher\":{\"@id\":\"https:\\\/\\\/saumaustarvike.fi\\\/verkkokauppa\\\/#organization\"},\"potentialAction\":[{\"@type\":\"SearchAction\",\"target\":{\"@type\":\"EntryPoint\",\"urlTemplate\":\"https:\\\/\\\/saumaustarvike.fi\\\/verkkokauppa\\\/?s={search_term_string}\"},\"query-input\":{\"@type\":\"PropertyValueSpecification\",\"valueRequired\":true,\"valueName\":\"search_term_string\"}}],\"inLanguage\":\"fi\"},{\"@type\":\"Organization\",\"@id\":\"https:\\\/\\\/saumaustarvike.fi\\\/verkkokauppa\\\/#organization\",\"name\":\"Saumaustarvike.fi\",\"url\":\"https:\\\/\\\/saumaustarvike.fi\\\/verkkokauppa\\\/\",\"logo\":{\"@type\":\"ImageObject\",\"inLanguage\":\"fi\",\"@id\":\"https:\\\/\\\/saumaustarvike.fi\\\/verkkokauppa\\\/#\\\/schema\\\/logo\\\/image\\\/\",\"url\":\"https:\\\/\\\/saumaustarvike.fi\\\/verkkokauppa\\\/wp-content\\\/uploads\\\/2019\\\/02\\\/logo.png\",\"contentUrl\":\"https:\\\/\\\/saumaustarvike.fi\\\/verkkokauppa\\\/wp-content\\\/uploads\\\/2019\\\/02\\\/logo.png\",\"width\":806,\"height\":150,\"caption\":\"Saumaustarvike.fi\"},\"image\":{\"@id\":\"https:\\\/\\\/saumaustarvike.fi\\\/verkkokauppa\\\/#\\\/schema\\\/logo\\\/image\\\/\"},\"sameAs\":[\"https:\\\/\\\/www.facebook.com\\\/Saumalaakso\"]}]}<\/script>\n<!-- \/ Yoast SEO plugin. -->","yoast_head_json":{"title":"Nullifire FS702 Paloakryylimassa 600ml - Saumaustarvike.fi","description":"Nullifire FS702 Yksikomponenttinen, tulipalon kest\u00e4v\u00e4 akryyliemulsiopohjainen tiivistemassa. Muodostaa vahvan ja joustavan paloluokitellun sauman.","robots":{"index":"index","follow":"follow","max-snippet":"max-snippet:-1","max-image-preview":"max-image-preview:large","max-video-preview":"max-video-preview:-1"},"canonical":"https:\/\/saumaustarvike.fi\/verkkokauppa\/kauppa\/tuotemerkit\/nullifire\/nullifire-palokatkoakryylit\/nullifire-fs702-paloakryylimassa-600ml\/","og_locale":"fi_FI","og_type":"article","og_title":"Nullifire FS702 Paloakryylimassa 600ml - Saumaustarvike.fi","og_description":"Nullifire FS702 Yksikomponenttinen, tulipalon kest\u00e4v\u00e4 akryyliemulsiopohjainen tiivistemassa. Muodostaa vahvan ja joustavan paloluokitellun sauman.","og_url":"https:\/\/saumaustarvike.fi\/verkkokauppa\/kauppa\/tuotemerkit\/nullifire\/nullifire-palokatkoakryylit\/nullifire-fs702-paloakryylimassa-600ml\/","og_site_name":"Saumaustarvike.fi","article_publisher":"https:\/\/www.facebook.com\/Saumalaakso","article_modified_time":"2024-09-02T06:48:08+00:00","og_image":[{"width":1000,"height":1000,"url":"https:\/\/saumaustarvike.fi\/verkkokauppa\/content\/uploads\/2015\/04\/saumaustarvike-Nullifire-FS703-Palokatkosilikoni-600ml-1.jpg","type":"image\/jpeg"}],"twitter_misc":{"Arvioitu lukuaika":"1 minuutti"},"schema":{"@context":"https:\/\/schema.org","@graph":[{"@type":"WebPage","@id":"https:\/\/saumaustarvike.fi\/verkkokauppa\/kauppa\/tuotemerkit\/nullifire\/nullifire-palokatkoakryylit\/nullifire-fs702-paloakryylimassa-600ml\/","url":"https:\/\/saumaustarvike.fi\/verkkokauppa\/kauppa\/tuotemerkit\/nullifire\/nullifire-palokatkoakryylit\/nullifire-fs702-paloakryylimassa-600ml\/","name":"Nullifire FS702 Paloakryylimassa 600ml - Saumaustarvike.fi","isPartOf":{"@id":"https:\/\/saumaustarvike.fi\/verkkokauppa\/#website"},"primaryImageOfPage":{"@id":"https:\/\/saumaustarvike.fi\/verkkokauppa\/kauppa\/tuotemerkit\/nullifire\/nullifire-palokatkoakryylit\/nullifire-fs702-paloakryylimassa-600ml\/#primaryimage"},"image":{"@id":"https:\/\/saumaustarvike.fi\/verkkokauppa\/kauppa\/tuotemerkit\/nullifire\/nullifire-palokatkoakryylit\/nullifire-fs702-paloakryylimassa-600ml\/#primaryimage"},"thumbnailUrl":"https:\/\/saumaustarvike.fi\/verkkokauppa\/wp-content\/uploads\/2015\/04\/saumaustarvike-Nullifire-FS703-Palokatkosilikoni-600ml-1.jpg","datePublished":"2022-01-28T09:59:30+00:00","dateModified":"2024-09-02T06:48:08+00:00","description":"Nullifire FS702 Yksikomponenttinen, tulipalon kest\u00e4v\u00e4 akryyliemulsiopohjainen tiivistemassa. Muodostaa vahvan ja joustavan paloluokitellun sauman.","breadcrumb":{"@id":"https:\/\/saumaustarvike.fi\/verkkokauppa\/kauppa\/tuotemerkit\/nullifire\/nullifire-palokatkoakryylit\/nullifire-fs702-paloakryylimassa-600ml\/#breadcrumb"},"inLanguage":"fi","potentialAction":[{"@type":"ReadAction","target":["https:\/\/saumaustarvike.fi\/verkkokauppa\/kauppa\/tuotemerkit\/nullifire\/nullifire-palokatkoakryylit\/nullifire-fs702-paloakryylimassa-600ml\/"]}]},{"@type":"ImageObject","inLanguage":"fi","@id":"https:\/\/saumaustarvike.fi\/verkkokauppa\/kauppa\/tuotemerkit\/nullifire\/nullifire-palokatkoakryylit\/nullifire-fs702-paloakryylimassa-600ml\/#primaryimage","url":"https:\/\/saumaustarvike.fi\/verkkokauppa\/wp-content\/uploads\/2015\/04\/saumaustarvike-Nullifire-FS703-Palokatkosilikoni-600ml-1.jpg","contentUrl":"https:\/\/saumaustarvike.fi\/verkkokauppa\/wp-content\/uploads\/2015\/04\/saumaustarvike-Nullifire-FS703-Palokatkosilikoni-600ml-1.jpg","width":1000,"height":1000},{"@type":"BreadcrumbList","@id":"https:\/\/saumaustarvike.fi\/verkkokauppa\/kauppa\/tuotemerkit\/nullifire\/nullifire-palokatkoakryylit\/nullifire-fs702-paloakryylimassa-600ml\/#breadcrumb","itemListElement":[{"@type":"ListItem","position":1,"name":"Home","item":"https:\/\/saumaustarvike.fi\/verkkokauppa\/"},{"@type":"ListItem","position":2,"name":"Saumausmassat, tarvikkeet ja ty\u00f6kalut","item":"https:\/\/saumaustarvike.fi\/verkkokauppa\/kauppa\/"},{"@type":"ListItem","position":3,"name":"Nullifire FS702 Paloakryylimassa 600ml"}]},{"@type":"WebSite","@id":"https:\/\/saumaustarvike.fi\/verkkokauppa\/#website","url":"https:\/\/saumaustarvike.fi\/verkkokauppa\/","name":"Saumaustarvike.fi","description":"Saumausmassat, tarvikkeet ja ty&ouml;kalut","publisher":{"@id":"https:\/\/saumaustarvike.fi\/verkkokauppa\/#organization"},"potentialAction":[{"@type":"SearchAction","target":{"@type":"EntryPoint","urlTemplate":"https:\/\/saumaustarvike.fi\/verkkokauppa\/?s={search_term_string}"},"query-input":{"@type":"PropertyValueSpecification","valueRequired":true,"valueName":"search_term_string"}}],"inLanguage":"fi"},{"@type":"Organization","@id":"https:\/\/saumaustarvike.fi\/verkkokauppa\/#organization","name":"Saumaustarvike.fi","url":"https:\/\/saumaustarvike.fi\/verkkokauppa\/","logo":{"@type":"ImageObject","inLanguage":"fi","@id":"https:\/\/saumaustarvike.fi\/verkkokauppa\/#\/schema\/logo\/image\/","url":"https:\/\/saumaustarvike.fi\/verkkokauppa\/wp-content\/uploads\/2019\/02\/logo.png","contentUrl":"https:\/\/saumaustarvike.fi\/verkkokauppa\/wp-content\/uploads\/2019\/02\/logo.png","width":806,"height":150,"caption":"Saumaustarvike.fi"},"image":{"@id":"https:\/\/saumaustarvike.fi\/verkkokauppa\/#\/schema\/logo\/image\/"},"sameAs":["https:\/\/www.facebook.com\/Saumalaakso"]}]}},"jetpack_sharing_enabled":true,"_links":{"self":[{"href":"https:\/\/saumaustarvike.fi\/verkkokauppa\/wp-json\/wp\/v2\/product\/16580","targetHints":{"allow":["GET"]}}],"collection":[{"href":"https:\/\/saumaustarvike.fi\/verkkokauppa\/wp-json\/wp\/v2\/product"}],"about":[{"href":"https:\/\/saumaustarvike.fi\/verkkokauppa\/wp-json\/wp\/v2\/types\/product"}],"replies":[{"embeddable":true,"href":"https:\/\/saumaustarvike.fi\/verkkokauppa\/wp-json\/wp\/v2\/comments?post=16580"}],"wp:featuredmedia":[{"embeddable":true,"href":"https:\/\/saumaustarvike.fi\/verkkokauppa\/wp-json\/wp\/v2\/media\/16499"}],"wp:attachment":[{"href":"https:\/\/saumaustarvike.fi\/verkkokauppa\/wp-json\/wp\/v2\/media?parent=16580"}],"wp:term":[{"taxonomy":"product_cat","embeddable":true,"href":"https:\/\/saumaustarvike.fi\/verkkokauppa\/wp-json\/wp\/v2\/product_cat?post=16580"},{"taxonomy":"product_tag","embeddable":true,"href":"https:\/\/saumaustarvike.fi\/verkkokauppa\/wp-json\/wp\/v2\/product_tag?post=16580"}],"curies":[{"name":"wp","href":"https:\/\/api.w.org\/{rel}","templated":true}]}}