{"id":17874,"date":"2025-02-06T14:28:52","date_gmt":"2025-02-06T12:28:52","guid":{"rendered":"https:\/\/saumaustarvike.fi\/verkkokauppa\/?post_type=product&#038;p=17874"},"modified":"2025-08-19T13:54:59","modified_gmt":"2025-08-19T10:54:59","slug":"soudal-soudaseal-228lm-saumausmassa-600ml","status":"publish","type":"product","link":"https:\/\/saumaustarvike.fi\/verkkokauppa\/kauppa\/tuotemerkit\/soudal-tuotemerkit\/soudal-asennusliimat-liimaus-ja-saumausmassat\/soudal-soudaseal-228lm-saumausmassa-600ml\/","title":{"rendered":"Soudal &#8211; Soudaseal 228lm SMX Polymeeri saumausmassa 600ml"},"content":{"rendered":"<h1>Soudal &#8211; Soudaseal 228lm SMX Polymeeri saumausmassa 600ml<\/h1>\n<p>HUOM! Minimitilaus<br \/>\n1 ltk = 12 kpl<br \/>\n2 ltk = 24 kpl<\/p>\n<h2>Tuotekuvaus:<\/h2>\n<p>Soudaseal 228LM on korkealaatuinen, neutraali, elastinen, 1-komponenttinen SMX-Polymeeripohjainen saumamassa, joka on p\u00e4\u00e4llemaalattavissa.<\/p>\n<h2>Ominaisuudet:<\/h2>\n<ul>\n<li>Hyv\u00e4 tarttuvuus yleisimpiin rakennusmateriaaleihin.<\/li>\n<li>Helppo k\u00e4sitell\u00e4 ja pursottaa (jopa alhaisissa l\u00e4mp\u00f6tiloissa) ja tasoittuu kaikissa s\u00e4\u00e4olosuhteissa.<\/li>\n<li>Ftalaattivapaa<\/li>\n<li>EC-1 PLUS ja RTS M1-luokitukset: eritt\u00e4in alhainen sis\u00e4ilmap\u00e4\u00e4st\u00f6t<\/li>\n<li>Pysyy elastisena kuivumisen j\u00e4lkeen.<\/li>\n<li>Ei haise<\/li>\n<li>Ei ilmakuplia my\u00f6sk\u00e4\u00e4n korkeilla l\u00e4mp\u00f6tila- ja kosteusolosuhteissa<\/li>\n<li>Hyv\u00e4 s\u00e4\u00e4n- ja UV-s\u00e4teilynkest\u00e4vyys<\/li>\n<li>Liuotin-, halogeeni-, happo- ja isosyanaattivapaa.<\/li>\n<li>Voidaan p\u00e4\u00e4llemaalata<\/li>\n<li>Elintarvikehyv\u00e4ksytty, homesuojattu<\/li>\n<\/ul>\n<h2>K\u00e4ytt\u00f6kohteet:<\/h2>\n<ul>\n<li>Liikunta- ja liitossaumat rakennusteollisuudessa: elementtirakennusten saumojen tiivistys, ikkunoiden ja ovenkarmien v\u00e4liset saumat.<\/li>\n<li>Liikunta- ja liitossaumat sis\u00e4tiloissa: ikkunoiden ja ovenkarmien v\u00e4listen liitosten saumaus, sein\u00e4n ja katon v\u00e4liset saumat.<\/li>\n<li>Liikuntasaumojen tiivistys julkisivuj\u00e4rjestelmiss\u00e4 alumiinikomposiittipaneeleilla (ks. paneelien toimittajan ohjeet).<\/li>\n<li>Lattiasaumaus sis\u00e4- ja ulkorakentamisessa.<\/li>\n<\/ul>\n<h2>Pakkaus:<\/h2>\n<p>600ml kalvopakkaus<\/p>\n<h3>V\u00e4rit:<\/h3>\n<p>Valkoinen RAL 9010<br \/>\nValkoinen<br \/>\nBetoninharmaa (RR 21)<br \/>\nMarmorinharmaa<br \/>\nMuita v\u00e4rej\u00e4 saatavilla tilaustuotteena<\/p>\n<p>Lis\u00e4tietoa tuotteesta:<br \/>\nhttps:\/\/www.soudal.fi\/pro\/tuotteet\/saumamassat\/hybridimassat\/soudaseal-228lm<\/p>\n","protected":false},"excerpt":{"rendered":"<p>Soudaseal 228LM on korkealaatuinen, neutraali, elastinen, 1-komponenttinen SMX-Polymeeripohjainen saumamassa, joka on p\u00e4\u00e4llemaalattavissa.<\/p>\n","protected":false},"featured_media":9124,"comment_status":"open","ping_status":"closed","template":"","meta":{"_acf_changed":false},"product_cat":[2187,1547,1627,1553],"product_tag":[2395,169,146,147,121,725,2394,75,76,31,143,2396,320,79,80],"class_list":{"0":"post-17874","1":"product","2":"type-product","3":"status-publish","4":"has-post-thumbnail","6":"product_brand-soudal","7":"product_cat-soudal-asennusliimat-liimaus-ja-saumausmassat","8":"product_cat-hybridi-smp-ja-ms-polymeerit","9":"product_cat-saumaus","10":"product_cat-tiivistys-tuotteet","11":"product_tag-elintarvikehyvaksytty","12":"product_tag-homesuojattu","13":"product_tag-hybridimassa","14":"product_tag-hybridipolymeeri","15":"product_tag-liima","16":"product_tag-m1","17":"product_tag-paallemaalattava","18":"product_tag-saumamassa","19":"product_tag-saumaus","20":"product_tag-saumausmassat","21":"product_tag-sisakayttoon","22":"product_tag-smx-polymeeri","23":"product_tag-soudal","24":"product_tag-tiiviste","25":"product_tag-tiivistys-2","26":"pa_vari-betoninharmaa","27":"pa_vari-marmorinharmaa","28":"pa_vari-valkoinen","29":"pa_vari-valkoinen-ral-9010","31":"first","32":"onbackorder","33":"taxable","34":"shipping-taxable","35":"purchasable","36":"product-type-variable","37":"has-default-attributes"},"acf":[],"yoast_head":"<!-- This site is optimized with the Yoast SEO plugin v27.3 - https:\/\/yoast.com\/product\/yoast-seo-wordpress\/ -->\n<title>Soudal - Soudaseal 228lm SMX Polymeeri saumausmassa 600ml - Saumaustarvike.fi<\/title>\n<meta name=\"robots\" content=\"index, follow, max-snippet:-1, max-image-preview:large, max-video-preview:-1\" \/>\n<link rel=\"canonical\" href=\"https:\/\/saumaustarvike.fi\/verkkokauppa\/kauppa\/tuotemerkit\/soudal-tuotemerkit\/soudal-asennusliimat-liimaus-ja-saumausmassat\/soudal-soudaseal-228lm-saumausmassa-600ml\/\" \/>\n<meta property=\"og:locale\" content=\"fi_FI\" \/>\n<meta property=\"og:type\" content=\"article\" \/>\n<meta property=\"og:title\" content=\"Soudal - Soudaseal 228lm SMX Polymeeri saumausmassa 600ml - Saumaustarvike.fi\" \/>\n<meta property=\"og:description\" content=\"Soudaseal 228LM on korkealaatuinen, neutraali, elastinen, 1-komponenttinen SMX-Polymeeripohjainen saumamassa, joka on p\u00e4\u00e4llemaalattavissa.\" \/>\n<meta property=\"og:url\" content=\"https:\/\/saumaustarvike.fi\/verkkokauppa\/kauppa\/tuotemerkit\/soudal-tuotemerkit\/soudal-asennusliimat-liimaus-ja-saumausmassat\/soudal-soudaseal-228lm-saumausmassa-600ml\/\" \/>\n<meta property=\"og:site_name\" content=\"Saumaustarvike.fi\" \/>\n<meta property=\"article:publisher\" content=\"https:\/\/www.facebook.com\/Saumalaakso\" \/>\n<meta property=\"article:modified_time\" content=\"2025-08-19T10:54:59+00:00\" \/>\n<meta property=\"og:image\" content=\"https:\/\/saumaustarvike.fi\/verkkokauppa\/wp-content\/uploads\/2016\/07\/SOUDAL-Fix-All-High-Tack-600ml.jpg\" \/>\n\t<meta property=\"og:image:width\" content=\"800\" \/>\n\t<meta property=\"og:image:height\" content=\"800\" \/>\n\t<meta property=\"og:image:type\" content=\"image\/jpeg\" \/>\n<meta name=\"twitter:label1\" content=\"Arvioitu lukuaika\" \/>\n\t<meta name=\"twitter:data1\" content=\"2 minuuttia\" \/>\n<script type=\"application\/ld+json\" class=\"yoast-schema-graph\">{\"@context\":\"https:\\\/\\\/schema.org\",\"@graph\":[{\"@type\":\"WebPage\",\"@id\":\"https:\\\/\\\/saumaustarvike.fi\\\/verkkokauppa\\\/kauppa\\\/tuotemerkit\\\/soudal-tuotemerkit\\\/soudal-asennusliimat-liimaus-ja-saumausmassat\\\/soudal-soudaseal-228lm-saumausmassa-600ml\\\/\",\"url\":\"https:\\\/\\\/saumaustarvike.fi\\\/verkkokauppa\\\/kauppa\\\/tuotemerkit\\\/soudal-tuotemerkit\\\/soudal-asennusliimat-liimaus-ja-saumausmassat\\\/soudal-soudaseal-228lm-saumausmassa-600ml\\\/\",\"name\":\"Soudal - Soudaseal 228lm SMX Polymeeri saumausmassa 600ml - Saumaustarvike.fi\",\"isPartOf\":{\"@id\":\"https:\\\/\\\/saumaustarvike.fi\\\/verkkokauppa\\\/#website\"},\"primaryImageOfPage\":{\"@id\":\"https:\\\/\\\/saumaustarvike.fi\\\/verkkokauppa\\\/kauppa\\\/tuotemerkit\\\/soudal-tuotemerkit\\\/soudal-asennusliimat-liimaus-ja-saumausmassat\\\/soudal-soudaseal-228lm-saumausmassa-600ml\\\/#primaryimage\"},\"image\":{\"@id\":\"https:\\\/\\\/saumaustarvike.fi\\\/verkkokauppa\\\/kauppa\\\/tuotemerkit\\\/soudal-tuotemerkit\\\/soudal-asennusliimat-liimaus-ja-saumausmassat\\\/soudal-soudaseal-228lm-saumausmassa-600ml\\\/#primaryimage\"},\"thumbnailUrl\":\"https:\\\/\\\/saumaustarvike.fi\\\/verkkokauppa\\\/wp-content\\\/uploads\\\/2016\\\/07\\\/SOUDAL-Fix-All-High-Tack-600ml.jpg\",\"datePublished\":\"2025-02-06T12:28:52+00:00\",\"dateModified\":\"2025-08-19T10:54:59+00:00\",\"breadcrumb\":{\"@id\":\"https:\\\/\\\/saumaustarvike.fi\\\/verkkokauppa\\\/kauppa\\\/tuotemerkit\\\/soudal-tuotemerkit\\\/soudal-asennusliimat-liimaus-ja-saumausmassat\\\/soudal-soudaseal-228lm-saumausmassa-600ml\\\/#breadcrumb\"},\"inLanguage\":\"fi\",\"potentialAction\":[{\"@type\":\"ReadAction\",\"target\":[\"https:\\\/\\\/saumaustarvike.fi\\\/verkkokauppa\\\/kauppa\\\/tuotemerkit\\\/soudal-tuotemerkit\\\/soudal-asennusliimat-liimaus-ja-saumausmassat\\\/soudal-soudaseal-228lm-saumausmassa-600ml\\\/\"]}]},{\"@type\":\"ImageObject\",\"inLanguage\":\"fi\",\"@id\":\"https:\\\/\\\/saumaustarvike.fi\\\/verkkokauppa\\\/kauppa\\\/tuotemerkit\\\/soudal-tuotemerkit\\\/soudal-asennusliimat-liimaus-ja-saumausmassat\\\/soudal-soudaseal-228lm-saumausmassa-600ml\\\/#primaryimage\",\"url\":\"https:\\\/\\\/saumaustarvike.fi\\\/verkkokauppa\\\/wp-content\\\/uploads\\\/2016\\\/07\\\/SOUDAL-Fix-All-High-Tack-600ml.jpg\",\"contentUrl\":\"https:\\\/\\\/saumaustarvike.fi\\\/verkkokauppa\\\/wp-content\\\/uploads\\\/2016\\\/07\\\/SOUDAL-Fix-All-High-Tack-600ml.jpg\",\"width\":800,\"height\":800},{\"@type\":\"BreadcrumbList\",\"@id\":\"https:\\\/\\\/saumaustarvike.fi\\\/verkkokauppa\\\/kauppa\\\/tuotemerkit\\\/soudal-tuotemerkit\\\/soudal-asennusliimat-liimaus-ja-saumausmassat\\\/soudal-soudaseal-228lm-saumausmassa-600ml\\\/#breadcrumb\",\"itemListElement\":[{\"@type\":\"ListItem\",\"position\":1,\"name\":\"Home\",\"item\":\"https:\\\/\\\/saumaustarvike.fi\\\/verkkokauppa\\\/\"},{\"@type\":\"ListItem\",\"position\":2,\"name\":\"Saumausmassat, tarvikkeet ja ty\u00f6kalut\",\"item\":\"https:\\\/\\\/saumaustarvike.fi\\\/verkkokauppa\\\/kauppa\\\/\"},{\"@type\":\"ListItem\",\"position\":3,\"name\":\"Soudal &#8211; Soudaseal 228lm SMX Polymeeri saumausmassa 600ml\"}]},{\"@type\":\"WebSite\",\"@id\":\"https:\\\/\\\/saumaustarvike.fi\\\/verkkokauppa\\\/#website\",\"url\":\"https:\\\/\\\/saumaustarvike.fi\\\/verkkokauppa\\\/\",\"name\":\"Saumaustarvike.fi\",\"description\":\"Saumausmassat, tarvikkeet ja ty&ouml;kalut\",\"publisher\":{\"@id\":\"https:\\\/\\\/saumaustarvike.fi\\\/verkkokauppa\\\/#organization\"},\"potentialAction\":[{\"@type\":\"SearchAction\",\"target\":{\"@type\":\"EntryPoint\",\"urlTemplate\":\"https:\\\/\\\/saumaustarvike.fi\\\/verkkokauppa\\\/?s={search_term_string}\"},\"query-input\":{\"@type\":\"PropertyValueSpecification\",\"valueRequired\":true,\"valueName\":\"search_term_string\"}}],\"inLanguage\":\"fi\"},{\"@type\":\"Organization\",\"@id\":\"https:\\\/\\\/saumaustarvike.fi\\\/verkkokauppa\\\/#organization\",\"name\":\"Saumaustarvike.fi\",\"url\":\"https:\\\/\\\/saumaustarvike.fi\\\/verkkokauppa\\\/\",\"logo\":{\"@type\":\"ImageObject\",\"inLanguage\":\"fi\",\"@id\":\"https:\\\/\\\/saumaustarvike.fi\\\/verkkokauppa\\\/#\\\/schema\\\/logo\\\/image\\\/\",\"url\":\"https:\\\/\\\/saumaustarvike.fi\\\/verkkokauppa\\\/wp-content\\\/uploads\\\/2019\\\/02\\\/logo.png\",\"contentUrl\":\"https:\\\/\\\/saumaustarvike.fi\\\/verkkokauppa\\\/wp-content\\\/uploads\\\/2019\\\/02\\\/logo.png\",\"width\":806,\"height\":150,\"caption\":\"Saumaustarvike.fi\"},\"image\":{\"@id\":\"https:\\\/\\\/saumaustarvike.fi\\\/verkkokauppa\\\/#\\\/schema\\\/logo\\\/image\\\/\"},\"sameAs\":[\"https:\\\/\\\/www.facebook.com\\\/Saumalaakso\"]}]}<\/script>\n<!-- \/ Yoast SEO plugin. -->","yoast_head_json":{"title":"Soudal - Soudaseal 228lm SMX Polymeeri saumausmassa 600ml - Saumaustarvike.fi","robots":{"index":"index","follow":"follow","max-snippet":"max-snippet:-1","max-image-preview":"max-image-preview:large","max-video-preview":"max-video-preview:-1"},"canonical":"https:\/\/saumaustarvike.fi\/verkkokauppa\/kauppa\/tuotemerkit\/soudal-tuotemerkit\/soudal-asennusliimat-liimaus-ja-saumausmassat\/soudal-soudaseal-228lm-saumausmassa-600ml\/","og_locale":"fi_FI","og_type":"article","og_title":"Soudal - Soudaseal 228lm SMX Polymeeri saumausmassa 600ml - Saumaustarvike.fi","og_description":"Soudaseal 228LM on korkealaatuinen, neutraali, elastinen, 1-komponenttinen SMX-Polymeeripohjainen saumamassa, joka on p\u00e4\u00e4llemaalattavissa.","og_url":"https:\/\/saumaustarvike.fi\/verkkokauppa\/kauppa\/tuotemerkit\/soudal-tuotemerkit\/soudal-asennusliimat-liimaus-ja-saumausmassat\/soudal-soudaseal-228lm-saumausmassa-600ml\/","og_site_name":"Saumaustarvike.fi","article_publisher":"https:\/\/www.facebook.com\/Saumalaakso","article_modified_time":"2025-08-19T10:54:59+00:00","og_image":[{"width":800,"height":800,"url":"https:\/\/saumaustarvike.fi\/verkkokauppa\/wp-content\/uploads\/2016\/07\/SOUDAL-Fix-All-High-Tack-600ml.jpg","type":"image\/jpeg"}],"twitter_misc":{"Arvioitu lukuaika":"2 minuuttia"},"schema":{"@context":"https:\/\/schema.org","@graph":[{"@type":"WebPage","@id":"https:\/\/saumaustarvike.fi\/verkkokauppa\/kauppa\/tuotemerkit\/soudal-tuotemerkit\/soudal-asennusliimat-liimaus-ja-saumausmassat\/soudal-soudaseal-228lm-saumausmassa-600ml\/","url":"https:\/\/saumaustarvike.fi\/verkkokauppa\/kauppa\/tuotemerkit\/soudal-tuotemerkit\/soudal-asennusliimat-liimaus-ja-saumausmassat\/soudal-soudaseal-228lm-saumausmassa-600ml\/","name":"Soudal - Soudaseal 228lm SMX Polymeeri saumausmassa 600ml - Saumaustarvike.fi","isPartOf":{"@id":"https:\/\/saumaustarvike.fi\/verkkokauppa\/#website"},"primaryImageOfPage":{"@id":"https:\/\/saumaustarvike.fi\/verkkokauppa\/kauppa\/tuotemerkit\/soudal-tuotemerkit\/soudal-asennusliimat-liimaus-ja-saumausmassat\/soudal-soudaseal-228lm-saumausmassa-600ml\/#primaryimage"},"image":{"@id":"https:\/\/saumaustarvike.fi\/verkkokauppa\/kauppa\/tuotemerkit\/soudal-tuotemerkit\/soudal-asennusliimat-liimaus-ja-saumausmassat\/soudal-soudaseal-228lm-saumausmassa-600ml\/#primaryimage"},"thumbnailUrl":"https:\/\/saumaustarvike.fi\/verkkokauppa\/wp-content\/uploads\/2016\/07\/SOUDAL-Fix-All-High-Tack-600ml.jpg","datePublished":"2025-02-06T12:28:52+00:00","dateModified":"2025-08-19T10:54:59+00:00","breadcrumb":{"@id":"https:\/\/saumaustarvike.fi\/verkkokauppa\/kauppa\/tuotemerkit\/soudal-tuotemerkit\/soudal-asennusliimat-liimaus-ja-saumausmassat\/soudal-soudaseal-228lm-saumausmassa-600ml\/#breadcrumb"},"inLanguage":"fi","potentialAction":[{"@type":"ReadAction","target":["https:\/\/saumaustarvike.fi\/verkkokauppa\/kauppa\/tuotemerkit\/soudal-tuotemerkit\/soudal-asennusliimat-liimaus-ja-saumausmassat\/soudal-soudaseal-228lm-saumausmassa-600ml\/"]}]},{"@type":"ImageObject","inLanguage":"fi","@id":"https:\/\/saumaustarvike.fi\/verkkokauppa\/kauppa\/tuotemerkit\/soudal-tuotemerkit\/soudal-asennusliimat-liimaus-ja-saumausmassat\/soudal-soudaseal-228lm-saumausmassa-600ml\/#primaryimage","url":"https:\/\/saumaustarvike.fi\/verkkokauppa\/wp-content\/uploads\/2016\/07\/SOUDAL-Fix-All-High-Tack-600ml.jpg","contentUrl":"https:\/\/saumaustarvike.fi\/verkkokauppa\/wp-content\/uploads\/2016\/07\/SOUDAL-Fix-All-High-Tack-600ml.jpg","width":800,"height":800},{"@type":"BreadcrumbList","@id":"https:\/\/saumaustarvike.fi\/verkkokauppa\/kauppa\/tuotemerkit\/soudal-tuotemerkit\/soudal-asennusliimat-liimaus-ja-saumausmassat\/soudal-soudaseal-228lm-saumausmassa-600ml\/#breadcrumb","itemListElement":[{"@type":"ListItem","position":1,"name":"Home","item":"https:\/\/saumaustarvike.fi\/verkkokauppa\/"},{"@type":"ListItem","position":2,"name":"Saumausmassat, tarvikkeet ja ty\u00f6kalut","item":"https:\/\/saumaustarvike.fi\/verkkokauppa\/kauppa\/"},{"@type":"ListItem","position":3,"name":"Soudal &#8211; Soudaseal 228lm SMX Polymeeri saumausmassa 600ml"}]},{"@type":"WebSite","@id":"https:\/\/saumaustarvike.fi\/verkkokauppa\/#website","url":"https:\/\/saumaustarvike.fi\/verkkokauppa\/","name":"Saumaustarvike.fi","description":"Saumausmassat, tarvikkeet ja ty&ouml;kalut","publisher":{"@id":"https:\/\/saumaustarvike.fi\/verkkokauppa\/#organization"},"potentialAction":[{"@type":"SearchAction","target":{"@type":"EntryPoint","urlTemplate":"https:\/\/saumaustarvike.fi\/verkkokauppa\/?s={search_term_string}"},"query-input":{"@type":"PropertyValueSpecification","valueRequired":true,"valueName":"search_term_string"}}],"inLanguage":"fi"},{"@type":"Organization","@id":"https:\/\/saumaustarvike.fi\/verkkokauppa\/#organization","name":"Saumaustarvike.fi","url":"https:\/\/saumaustarvike.fi\/verkkokauppa\/","logo":{"@type":"ImageObject","inLanguage":"fi","@id":"https:\/\/saumaustarvike.fi\/verkkokauppa\/#\/schema\/logo\/image\/","url":"https:\/\/saumaustarvike.fi\/verkkokauppa\/wp-content\/uploads\/2019\/02\/logo.png","contentUrl":"https:\/\/saumaustarvike.fi\/verkkokauppa\/wp-content\/uploads\/2019\/02\/logo.png","width":806,"height":150,"caption":"Saumaustarvike.fi"},"image":{"@id":"https:\/\/saumaustarvike.fi\/verkkokauppa\/#\/schema\/logo\/image\/"},"sameAs":["https:\/\/www.facebook.com\/Saumalaakso"]}]}},"jetpack_sharing_enabled":true,"_links":{"self":[{"href":"https:\/\/saumaustarvike.fi\/verkkokauppa\/wp-json\/wp\/v2\/product\/17874","targetHints":{"allow":["GET"]}}],"collection":[{"href":"https:\/\/saumaustarvike.fi\/verkkokauppa\/wp-json\/wp\/v2\/product"}],"about":[{"href":"https:\/\/saumaustarvike.fi\/verkkokauppa\/wp-json\/wp\/v2\/types\/product"}],"replies":[{"embeddable":true,"href":"https:\/\/saumaustarvike.fi\/verkkokauppa\/wp-json\/wp\/v2\/comments?post=17874"}],"wp:featuredmedia":[{"embeddable":true,"href":"https:\/\/saumaustarvike.fi\/verkkokauppa\/wp-json\/wp\/v2\/media\/9124"}],"wp:attachment":[{"href":"https:\/\/saumaustarvike.fi\/verkkokauppa\/wp-json\/wp\/v2\/media?parent=17874"}],"wp:term":[{"taxonomy":"product_cat","embeddable":true,"href":"https:\/\/saumaustarvike.fi\/verkkokauppa\/wp-json\/wp\/v2\/product_cat?post=17874"},{"taxonomy":"product_tag","embeddable":true,"href":"https:\/\/saumaustarvike.fi\/verkkokauppa\/wp-json\/wp\/v2\/product_tag?post=17874"}],"curies":[{"name":"wp","href":"https:\/\/api.w.org\/{rel}","templated":true}]}}