{"id":4844,"date":"2014-11-08T23:54:26","date_gmt":"2014-11-08T21:54:26","guid":{"rendered":"https:\/\/saumaustarvike.fi\/verkkokauppa\/kauppa\/mk-guns-kroger\/kroger-h40-patruunapuristin\/"},"modified":"2024-09-02T11:43:25","modified_gmt":"2024-09-02T08:43:25","slug":"mk-medmix-h40-patruunapuristin","status":"publish","type":"product","link":"https:\/\/saumaustarvike.fi\/verkkokauppa\/kauppa\/tuotemerkit\/sulzer-tuotemerkit\/sulzer-kasikayttoiset-patruunapuristimet-300ml\/mk-medmix-h40-patruunapuristin\/","title":{"rendered":"MK &#8211; Medmix &#8211; Sulzer H40+ patruunapuristin"},"content":{"rendered":"<h1>Sulzer &#8211; MK &#8211; MedMix H40+ patruunapuristin<\/h1>\n<p>Vahva patruunapuristin ammattik\u00e4ytt\u00f6\u00f6n.Ty\u00f6nt\u00f6voima ~250 kg. Todella laadukas.<\/p>\n<p>\u2022 Kevyt: 950 g pakkaamattomana<br \/>\n\u2022 Kehyksen pituus: 242 mm \/ 9,5 tuumaa<br \/>\n\u2022 Suurin ty\u00f6nt\u00f6voima: ~250 kg<br \/>\n\u2022 Kahvan materiaali: alumiini<br \/>\n\u2022 Rungon materiaali: ter\u00e4s<br \/>\n\u2022 Patruunan kapasiteetti: 310 ml<br \/>\n\u2022 Vakiov\u00e4ri: harmaa\/punainen<\/p>\n","protected":false},"excerpt":{"rendered":"<p>MK &#8211; MedMix H40+ patruunapuristin. Vahva patruunapuristin ammattik\u00e4ytt\u00f6\u00f6n.Ty\u00f6nt\u00f6voima ~250 kg. Todella laadukas.<\/p>\n","protected":false},"featured_media":17442,"comment_status":"open","ping_status":"closed","template":"","meta":{"_acf_changed":false},"product_cat":[2183,1563],"product_tag":[438,2380,488,176,490,489,436],"class_list":{"0":"post-4844","1":"product","2":"type-product","3":"status-publish","4":"has-post-thumbnail","6":"product_brand-sulzer","7":"product_cat-sulzer-kasikayttoiset-patruunapuristimet-300ml","8":"product_cat-massapuristimet","9":"product_tag-kroger","10":"product_tag-medmix","11":"product_tag-patruuna","12":"product_tag-patruunapuristin","13":"product_tag-prassi","14":"product_tag-puristin","15":"product_tag-sulzer","17":"first","18":"instock","19":"taxable","20":"shipping-taxable","21":"purchasable","22":"product-type-simple"},"acf":[],"yoast_head":"<!-- This site is optimized with the Yoast SEO plugin v27.3 - https:\/\/yoast.com\/product\/yoast-seo-wordpress\/ -->\n<title>MK - Medmix - Sulzer H40+ patruunapuristin - Saumaustarvike.fi<\/title>\n<meta name=\"description\" content=\"MK - MedMix H40+ patruunapuristin. Vahva patruunapuristin ammattik\u00e4ytt\u00f6\u00f6n.Ty\u00f6nt\u00f6voima ~250 kg. Todella laadukas\" \/>\n<meta name=\"robots\" content=\"index, follow, max-snippet:-1, max-image-preview:large, max-video-preview:-1\" \/>\n<link rel=\"canonical\" href=\"https:\/\/saumaustarvike.fi\/verkkokauppa\/kauppa\/tuotemerkit\/sulzer-tuotemerkit\/sulzer-kasikayttoiset-patruunapuristimet-300ml\/mk-medmix-h40-patruunapuristin\/\" \/>\n<meta property=\"og:locale\" content=\"fi_FI\" \/>\n<meta property=\"og:type\" content=\"article\" \/>\n<meta property=\"og:title\" content=\"MK - Medmix - Sulzer H40+ patruunapuristin - Saumaustarvike.fi\" \/>\n<meta property=\"og:description\" content=\"MK - MedMix H40+ patruunapuristin. Vahva patruunapuristin ammattik\u00e4ytt\u00f6\u00f6n.Ty\u00f6nt\u00f6voima ~250 kg. Todella laadukas\" \/>\n<meta property=\"og:url\" content=\"https:\/\/saumaustarvike.fi\/verkkokauppa\/kauppa\/tuotemerkit\/sulzer-tuotemerkit\/sulzer-kasikayttoiset-patruunapuristimet-300ml\/mk-medmix-h40-patruunapuristin\/\" \/>\n<meta property=\"og:site_name\" content=\"Saumaustarvike.fi\" \/>\n<meta property=\"article:publisher\" content=\"https:\/\/www.facebook.com\/Saumalaakso\" \/>\n<meta property=\"article:modified_time\" content=\"2024-09-02T08:43:25+00:00\" \/>\n<meta property=\"og:image\" content=\"https:\/\/saumaustarvike.fi\/verkkokauppa\/content\/uploads\/2014\/11\/h40-kuva.png\" \/>\n\t<meta property=\"og:image:width\" content=\"700\" \/>\n\t<meta property=\"og:image:height\" content=\"455\" \/>\n\t<meta property=\"og:image:type\" content=\"image\/png\" \/>\n<meta name=\"twitter:label1\" content=\"Arvioitu lukuaika\" \/>\n\t<meta name=\"twitter:data1\" content=\"1 minuutti\" \/>\n<script type=\"application\/ld+json\" class=\"yoast-schema-graph\">{\"@context\":\"https:\\\/\\\/schema.org\",\"@graph\":[{\"@type\":\"WebPage\",\"@id\":\"https:\\\/\\\/saumaustarvike.fi\\\/verkkokauppa\\\/kauppa\\\/tuotemerkit\\\/sulzer-tuotemerkit\\\/sulzer-kasikayttoiset-patruunapuristimet-300ml\\\/mk-medmix-h40-patruunapuristin\\\/\",\"url\":\"https:\\\/\\\/saumaustarvike.fi\\\/verkkokauppa\\\/kauppa\\\/tuotemerkit\\\/sulzer-tuotemerkit\\\/sulzer-kasikayttoiset-patruunapuristimet-300ml\\\/mk-medmix-h40-patruunapuristin\\\/\",\"name\":\"MK - Medmix - Sulzer H40+ patruunapuristin - Saumaustarvike.fi\",\"isPartOf\":{\"@id\":\"https:\\\/\\\/saumaustarvike.fi\\\/verkkokauppa\\\/#website\"},\"primaryImageOfPage\":{\"@id\":\"https:\\\/\\\/saumaustarvike.fi\\\/verkkokauppa\\\/kauppa\\\/tuotemerkit\\\/sulzer-tuotemerkit\\\/sulzer-kasikayttoiset-patruunapuristimet-300ml\\\/mk-medmix-h40-patruunapuristin\\\/#primaryimage\"},\"image\":{\"@id\":\"https:\\\/\\\/saumaustarvike.fi\\\/verkkokauppa\\\/kauppa\\\/tuotemerkit\\\/sulzer-tuotemerkit\\\/sulzer-kasikayttoiset-patruunapuristimet-300ml\\\/mk-medmix-h40-patruunapuristin\\\/#primaryimage\"},\"thumbnailUrl\":\"https:\\\/\\\/saumaustarvike.fi\\\/verkkokauppa\\\/wp-content\\\/uploads\\\/2014\\\/11\\\/h40-kuva.png\",\"datePublished\":\"2014-11-08T21:54:26+00:00\",\"dateModified\":\"2024-09-02T08:43:25+00:00\",\"description\":\"MK - MedMix H40+ patruunapuristin. Vahva patruunapuristin ammattik\u00e4ytt\u00f6\u00f6n.Ty\u00f6nt\u00f6voima ~250 kg. Todella laadukas\",\"breadcrumb\":{\"@id\":\"https:\\\/\\\/saumaustarvike.fi\\\/verkkokauppa\\\/kauppa\\\/tuotemerkit\\\/sulzer-tuotemerkit\\\/sulzer-kasikayttoiset-patruunapuristimet-300ml\\\/mk-medmix-h40-patruunapuristin\\\/#breadcrumb\"},\"inLanguage\":\"fi\",\"potentialAction\":[{\"@type\":\"ReadAction\",\"target\":[\"https:\\\/\\\/saumaustarvike.fi\\\/verkkokauppa\\\/kauppa\\\/tuotemerkit\\\/sulzer-tuotemerkit\\\/sulzer-kasikayttoiset-patruunapuristimet-300ml\\\/mk-medmix-h40-patruunapuristin\\\/\"]}]},{\"@type\":\"ImageObject\",\"inLanguage\":\"fi\",\"@id\":\"https:\\\/\\\/saumaustarvike.fi\\\/verkkokauppa\\\/kauppa\\\/tuotemerkit\\\/sulzer-tuotemerkit\\\/sulzer-kasikayttoiset-patruunapuristimet-300ml\\\/mk-medmix-h40-patruunapuristin\\\/#primaryimage\",\"url\":\"https:\\\/\\\/saumaustarvike.fi\\\/verkkokauppa\\\/wp-content\\\/uploads\\\/2014\\\/11\\\/h40-kuva.png\",\"contentUrl\":\"https:\\\/\\\/saumaustarvike.fi\\\/verkkokauppa\\\/wp-content\\\/uploads\\\/2014\\\/11\\\/h40-kuva.png\",\"width\":700,\"height\":455},{\"@type\":\"BreadcrumbList\",\"@id\":\"https:\\\/\\\/saumaustarvike.fi\\\/verkkokauppa\\\/kauppa\\\/tuotemerkit\\\/sulzer-tuotemerkit\\\/sulzer-kasikayttoiset-patruunapuristimet-300ml\\\/mk-medmix-h40-patruunapuristin\\\/#breadcrumb\",\"itemListElement\":[{\"@type\":\"ListItem\",\"position\":1,\"name\":\"Home\",\"item\":\"https:\\\/\\\/saumaustarvike.fi\\\/verkkokauppa\\\/\"},{\"@type\":\"ListItem\",\"position\":2,\"name\":\"Saumausmassat, tarvikkeet ja ty\u00f6kalut\",\"item\":\"https:\\\/\\\/saumaustarvike.fi\\\/verkkokauppa\\\/kauppa\\\/\"},{\"@type\":\"ListItem\",\"position\":3,\"name\":\"MK &#8211; Medmix &#8211; Sulzer H40+ patruunapuristin\"}]},{\"@type\":\"WebSite\",\"@id\":\"https:\\\/\\\/saumaustarvike.fi\\\/verkkokauppa\\\/#website\",\"url\":\"https:\\\/\\\/saumaustarvike.fi\\\/verkkokauppa\\\/\",\"name\":\"Saumaustarvike.fi\",\"description\":\"Saumausmassat, tarvikkeet ja ty&ouml;kalut\",\"publisher\":{\"@id\":\"https:\\\/\\\/saumaustarvike.fi\\\/verkkokauppa\\\/#organization\"},\"potentialAction\":[{\"@type\":\"SearchAction\",\"target\":{\"@type\":\"EntryPoint\",\"urlTemplate\":\"https:\\\/\\\/saumaustarvike.fi\\\/verkkokauppa\\\/?s={search_term_string}\"},\"query-input\":{\"@type\":\"PropertyValueSpecification\",\"valueRequired\":true,\"valueName\":\"search_term_string\"}}],\"inLanguage\":\"fi\"},{\"@type\":\"Organization\",\"@id\":\"https:\\\/\\\/saumaustarvike.fi\\\/verkkokauppa\\\/#organization\",\"name\":\"Saumaustarvike.fi\",\"url\":\"https:\\\/\\\/saumaustarvike.fi\\\/verkkokauppa\\\/\",\"logo\":{\"@type\":\"ImageObject\",\"inLanguage\":\"fi\",\"@id\":\"https:\\\/\\\/saumaustarvike.fi\\\/verkkokauppa\\\/#\\\/schema\\\/logo\\\/image\\\/\",\"url\":\"https:\\\/\\\/saumaustarvike.fi\\\/verkkokauppa\\\/wp-content\\\/uploads\\\/2019\\\/02\\\/logo.png\",\"contentUrl\":\"https:\\\/\\\/saumaustarvike.fi\\\/verkkokauppa\\\/wp-content\\\/uploads\\\/2019\\\/02\\\/logo.png\",\"width\":806,\"height\":150,\"caption\":\"Saumaustarvike.fi\"},\"image\":{\"@id\":\"https:\\\/\\\/saumaustarvike.fi\\\/verkkokauppa\\\/#\\\/schema\\\/logo\\\/image\\\/\"},\"sameAs\":[\"https:\\\/\\\/www.facebook.com\\\/Saumalaakso\"]}]}<\/script>\n<!-- \/ Yoast SEO plugin. -->","yoast_head_json":{"title":"MK - Medmix - Sulzer H40+ patruunapuristin - Saumaustarvike.fi","description":"MK - MedMix H40+ patruunapuristin. Vahva patruunapuristin ammattik\u00e4ytt\u00f6\u00f6n.Ty\u00f6nt\u00f6voima ~250 kg. Todella laadukas","robots":{"index":"index","follow":"follow","max-snippet":"max-snippet:-1","max-image-preview":"max-image-preview:large","max-video-preview":"max-video-preview:-1"},"canonical":"https:\/\/saumaustarvike.fi\/verkkokauppa\/kauppa\/tuotemerkit\/sulzer-tuotemerkit\/sulzer-kasikayttoiset-patruunapuristimet-300ml\/mk-medmix-h40-patruunapuristin\/","og_locale":"fi_FI","og_type":"article","og_title":"MK - Medmix - Sulzer H40+ patruunapuristin - Saumaustarvike.fi","og_description":"MK - MedMix H40+ patruunapuristin. Vahva patruunapuristin ammattik\u00e4ytt\u00f6\u00f6n.Ty\u00f6nt\u00f6voima ~250 kg. Todella laadukas","og_url":"https:\/\/saumaustarvike.fi\/verkkokauppa\/kauppa\/tuotemerkit\/sulzer-tuotemerkit\/sulzer-kasikayttoiset-patruunapuristimet-300ml\/mk-medmix-h40-patruunapuristin\/","og_site_name":"Saumaustarvike.fi","article_publisher":"https:\/\/www.facebook.com\/Saumalaakso","article_modified_time":"2024-09-02T08:43:25+00:00","og_image":[{"width":700,"height":455,"url":"https:\/\/saumaustarvike.fi\/verkkokauppa\/content\/uploads\/2014\/11\/h40-kuva.png","type":"image\/png"}],"twitter_misc":{"Arvioitu lukuaika":"1 minuutti"},"schema":{"@context":"https:\/\/schema.org","@graph":[{"@type":"WebPage","@id":"https:\/\/saumaustarvike.fi\/verkkokauppa\/kauppa\/tuotemerkit\/sulzer-tuotemerkit\/sulzer-kasikayttoiset-patruunapuristimet-300ml\/mk-medmix-h40-patruunapuristin\/","url":"https:\/\/saumaustarvike.fi\/verkkokauppa\/kauppa\/tuotemerkit\/sulzer-tuotemerkit\/sulzer-kasikayttoiset-patruunapuristimet-300ml\/mk-medmix-h40-patruunapuristin\/","name":"MK - Medmix - Sulzer H40+ patruunapuristin - Saumaustarvike.fi","isPartOf":{"@id":"https:\/\/saumaustarvike.fi\/verkkokauppa\/#website"},"primaryImageOfPage":{"@id":"https:\/\/saumaustarvike.fi\/verkkokauppa\/kauppa\/tuotemerkit\/sulzer-tuotemerkit\/sulzer-kasikayttoiset-patruunapuristimet-300ml\/mk-medmix-h40-patruunapuristin\/#primaryimage"},"image":{"@id":"https:\/\/saumaustarvike.fi\/verkkokauppa\/kauppa\/tuotemerkit\/sulzer-tuotemerkit\/sulzer-kasikayttoiset-patruunapuristimet-300ml\/mk-medmix-h40-patruunapuristin\/#primaryimage"},"thumbnailUrl":"https:\/\/saumaustarvike.fi\/verkkokauppa\/wp-content\/uploads\/2014\/11\/h40-kuva.png","datePublished":"2014-11-08T21:54:26+00:00","dateModified":"2024-09-02T08:43:25+00:00","description":"MK - MedMix H40+ patruunapuristin. Vahva patruunapuristin ammattik\u00e4ytt\u00f6\u00f6n.Ty\u00f6nt\u00f6voima ~250 kg. Todella laadukas","breadcrumb":{"@id":"https:\/\/saumaustarvike.fi\/verkkokauppa\/kauppa\/tuotemerkit\/sulzer-tuotemerkit\/sulzer-kasikayttoiset-patruunapuristimet-300ml\/mk-medmix-h40-patruunapuristin\/#breadcrumb"},"inLanguage":"fi","potentialAction":[{"@type":"ReadAction","target":["https:\/\/saumaustarvike.fi\/verkkokauppa\/kauppa\/tuotemerkit\/sulzer-tuotemerkit\/sulzer-kasikayttoiset-patruunapuristimet-300ml\/mk-medmix-h40-patruunapuristin\/"]}]},{"@type":"ImageObject","inLanguage":"fi","@id":"https:\/\/saumaustarvike.fi\/verkkokauppa\/kauppa\/tuotemerkit\/sulzer-tuotemerkit\/sulzer-kasikayttoiset-patruunapuristimet-300ml\/mk-medmix-h40-patruunapuristin\/#primaryimage","url":"https:\/\/saumaustarvike.fi\/verkkokauppa\/wp-content\/uploads\/2014\/11\/h40-kuva.png","contentUrl":"https:\/\/saumaustarvike.fi\/verkkokauppa\/wp-content\/uploads\/2014\/11\/h40-kuva.png","width":700,"height":455},{"@type":"BreadcrumbList","@id":"https:\/\/saumaustarvike.fi\/verkkokauppa\/kauppa\/tuotemerkit\/sulzer-tuotemerkit\/sulzer-kasikayttoiset-patruunapuristimet-300ml\/mk-medmix-h40-patruunapuristin\/#breadcrumb","itemListElement":[{"@type":"ListItem","position":1,"name":"Home","item":"https:\/\/saumaustarvike.fi\/verkkokauppa\/"},{"@type":"ListItem","position":2,"name":"Saumausmassat, tarvikkeet ja ty\u00f6kalut","item":"https:\/\/saumaustarvike.fi\/verkkokauppa\/kauppa\/"},{"@type":"ListItem","position":3,"name":"MK &#8211; Medmix &#8211; Sulzer H40+ patruunapuristin"}]},{"@type":"WebSite","@id":"https:\/\/saumaustarvike.fi\/verkkokauppa\/#website","url":"https:\/\/saumaustarvike.fi\/verkkokauppa\/","name":"Saumaustarvike.fi","description":"Saumausmassat, tarvikkeet ja ty&ouml;kalut","publisher":{"@id":"https:\/\/saumaustarvike.fi\/verkkokauppa\/#organization"},"potentialAction":[{"@type":"SearchAction","target":{"@type":"EntryPoint","urlTemplate":"https:\/\/saumaustarvike.fi\/verkkokauppa\/?s={search_term_string}"},"query-input":{"@type":"PropertyValueSpecification","valueRequired":true,"valueName":"search_term_string"}}],"inLanguage":"fi"},{"@type":"Organization","@id":"https:\/\/saumaustarvike.fi\/verkkokauppa\/#organization","name":"Saumaustarvike.fi","url":"https:\/\/saumaustarvike.fi\/verkkokauppa\/","logo":{"@type":"ImageObject","inLanguage":"fi","@id":"https:\/\/saumaustarvike.fi\/verkkokauppa\/#\/schema\/logo\/image\/","url":"https:\/\/saumaustarvike.fi\/verkkokauppa\/wp-content\/uploads\/2019\/02\/logo.png","contentUrl":"https:\/\/saumaustarvike.fi\/verkkokauppa\/wp-content\/uploads\/2019\/02\/logo.png","width":806,"height":150,"caption":"Saumaustarvike.fi"},"image":{"@id":"https:\/\/saumaustarvike.fi\/verkkokauppa\/#\/schema\/logo\/image\/"},"sameAs":["https:\/\/www.facebook.com\/Saumalaakso"]}]}},"jetpack_sharing_enabled":true,"_links":{"self":[{"href":"https:\/\/saumaustarvike.fi\/verkkokauppa\/wp-json\/wp\/v2\/product\/4844","targetHints":{"allow":["GET"]}}],"collection":[{"href":"https:\/\/saumaustarvike.fi\/verkkokauppa\/wp-json\/wp\/v2\/product"}],"about":[{"href":"https:\/\/saumaustarvike.fi\/verkkokauppa\/wp-json\/wp\/v2\/types\/product"}],"replies":[{"embeddable":true,"href":"https:\/\/saumaustarvike.fi\/verkkokauppa\/wp-json\/wp\/v2\/comments?post=4844"}],"wp:featuredmedia":[{"embeddable":true,"href":"https:\/\/saumaustarvike.fi\/verkkokauppa\/wp-json\/wp\/v2\/media\/17442"}],"wp:attachment":[{"href":"https:\/\/saumaustarvike.fi\/verkkokauppa\/wp-json\/wp\/v2\/media?parent=4844"}],"wp:term":[{"taxonomy":"product_cat","embeddable":true,"href":"https:\/\/saumaustarvike.fi\/verkkokauppa\/wp-json\/wp\/v2\/product_cat?post=4844"},{"taxonomy":"product_tag","embeddable":true,"href":"https:\/\/saumaustarvike.fi\/verkkokauppa\/wp-json\/wp\/v2\/product_tag?post=4844"}],"curies":[{"name":"wp","href":"https:\/\/api.w.org\/{rel}","templated":true}]}}