{"id":5308,"date":"2014-11-18T22:39:20","date_gmt":"2014-11-18T20:39:20","guid":{"rendered":"https:\/\/saumaustarvike.fi\/verkkokauppa\/kauppa\/cleanerit-primerit\/penosil-premium-foam-cleaner-500ml-kopio\/"},"modified":"2025-05-19T09:30:40","modified_gmt":"2025-05-19T06:30:40","slug":"illbruck-at140-hybrid-primer-500ml","status":"publish","type":"product","link":"https:\/\/saumaustarvike.fi\/verkkokauppa\/kauppa\/tuotemerkit\/illbruck\/illbruck-cleanerit-primerit-ja-viimeistelyaineet\/illbruck-at140-hybrid-primer-500ml\/","title":{"rendered":"Illbruck AT140 Hybrid Primer"},"content":{"rendered":"<h1>Illbruck AT140 Hybrid Primer<\/h1>\n<h2>K\u00e4ytt\u00f6tarkoitus<\/h2>\n<p>SP -saumausmassojen pohjuste\u00a0huokoisille pinnoille. K\u00e4ytet\u00e4\u00e4n\u00a0parantamaan SP525 ja SP520\u00a0saumausmassojen tartuntaa.<\/p>\n<h3>Yhteenveto eduista<\/h3>\n<p>\u2022 Parantaa SP-saumausmassojen\u00a0tartuntaa huokoisilla pinnoilla<br \/>\n\u2022 Kuivuu nopeasti, helppo levitt\u00e4\u00e4<br \/>\n\u2022 Soveltuu k\u00e4ytett\u00e4v\u00e4ksi liikevaraa\u00a0vaativilla alustoilla<\/p>\n<address>\u00a0<\/address>\n<h3>K\u00e4ytt\u00f6ohjeet<\/h3>\n<p>\u2022 Kaada pohjustetta pieni m\u00e4\u00e4r\u00e4 erilliseen astiaan ja pid\u00e4\u00a0alkuper\u00e4inen pohjustepakkaus hyvin suljettuna koko ajan.<br \/>\n\u2022 Levit\u00e4 pohjustetta ohut kerros siveltimell\u00e4 tai rievulla.<br \/>\n\u2022 Levit\u00e4 erilliseen astiaan kaadettu pohjuste mahdollisimman\u00a0nopeasti, kahden tunnin sis\u00e4ll\u00e4<br \/>\n\u2022 Pohjuste kuivuu levityksen j\u00e4lkeen alustalla noin\u00a015 minuutissa, riippuen ymp\u00e4rist\u00f6n l\u00e4mp\u00f6tilasta,\u00a0ilmankosteudesta ja alustan materiaalista.<br \/>\n\u2022 Jos pohjuste altistuu liialle ilmankosteudelle, se kiteytyy.\u00a0Jos se n\u00e4ytt\u00e4\u00e4 kiteytyneelta alustalla johon sit\u00e4 on levitetty,\u00a0se on merkki siit\u00e4 ett\u00e4 sen teho on heikentynyt.<\/p>\n<h3>Menekki<\/h3>\n<p>0,5 litran pullo riitt\u00e4\u00e4 pohjustamaan\u00a0noin 100 metri\u00e4 saumausmassaa.\u00a0Todellinen kulutus saattaa kuitenkin\u00a0vaihdella merkitt\u00e4v\u00e4sti riippuen\u00a0alustan materiaalista, sauman\u00a0koosta ja pohjusteen levitystavasta.<\/p>\n<h3>V\u00e4ri<\/h3>\n<address>V\u00e4rit\u00f6n<\/address>\n<h3>Pakkaus<\/h3>\n<p>500\u00a0ml astia<br \/>\n5000 ml astia<\/p>\n","protected":false},"excerpt":{"rendered":"<p>SP -saumausmassojen pohjuste\u00a0huokoisille pinnoille. K\u00e4ytet\u00e4\u00e4n\u00a0parantamaan SP525 ja SP520\u00a0saumausmassojen tartuntaa.<\/p>\n","protected":false},"featured_media":16418,"comment_status":"open","ping_status":"closed","template":"","meta":{"_acf_changed":false},"product_cat":[1606],"product_tag":[511,85,84],"class_list":{"0":"post-5308","1":"product","2":"type-product","3":"status-publish","4":"has-post-thumbnail","6":"product_brand-illbruck","7":"product_cat-illbruck-cleanerit-primerit-ja-viimeistelyaineet","8":"product_tag-illbruck","9":"product_tag-pohjuste","10":"product_tag-primer","11":"product_shipping_class-vak","12":"pa_maara-5000ml","13":"pa_maara-500ml","15":"first","16":"onbackorder","17":"taxable","18":"shipping-taxable","19":"purchasable","20":"product-type-variable"},"acf":[],"yoast_head":"<!-- This site is optimized with the Yoast SEO plugin v27.3 - https:\/\/yoast.com\/product\/yoast-seo-wordpress\/ -->\n<title>Illbruck AT140 Hybrid Primer - Saumaustarvike.fi<\/title>\n<meta name=\"description\" content=\"SP -saumausmassojen pohjuste huokoisille pinnoille. K\u00e4ytet\u00e4\u00e4n parantamaan SP525 ja SP520 saumausmassojen tartuntaa.\" \/>\n<meta name=\"robots\" content=\"index, follow, max-snippet:-1, max-image-preview:large, max-video-preview:-1\" \/>\n<link rel=\"canonical\" href=\"https:\/\/saumaustarvike.fi\/verkkokauppa\/kauppa\/tuotemerkit\/illbruck\/illbruck-cleanerit-primerit-ja-viimeistelyaineet\/illbruck-at140-hybrid-primer-500ml\/\" \/>\n<meta property=\"og:locale\" content=\"fi_FI\" \/>\n<meta property=\"og:type\" content=\"article\" \/>\n<meta property=\"og:title\" content=\"Illbruck AT140 Hybrid Primer - Saumaustarvike.fi\" \/>\n<meta property=\"og:description\" content=\"SP -saumausmassojen pohjuste huokoisille pinnoille. K\u00e4ytet\u00e4\u00e4n parantamaan SP525 ja SP520 saumausmassojen tartuntaa.\" \/>\n<meta property=\"og:url\" content=\"https:\/\/saumaustarvike.fi\/verkkokauppa\/kauppa\/tuotemerkit\/illbruck\/illbruck-cleanerit-primerit-ja-viimeistelyaineet\/illbruck-at140-hybrid-primer-500ml\/\" \/>\n<meta property=\"og:site_name\" content=\"Saumaustarvike.fi\" \/>\n<meta property=\"article:publisher\" content=\"https:\/\/www.facebook.com\/Saumalaakso\" \/>\n<meta property=\"article:modified_time\" content=\"2025-05-19T06:30:40+00:00\" \/>\n<meta property=\"og:image\" content=\"https:\/\/saumaustarvike.fi\/verkkokauppa\/content\/uploads\/2014\/11\/saumaustarvike-illbruck-AT140.jpg\" \/>\n\t<meta property=\"og:image:width\" content=\"1000\" \/>\n\t<meta property=\"og:image:height\" content=\"1000\" \/>\n\t<meta property=\"og:image:type\" content=\"image\/jpeg\" \/>\n<meta name=\"twitter:label1\" content=\"Arvioitu lukuaika\" \/>\n\t<meta name=\"twitter:data1\" content=\"2 minuuttia\" \/>\n<script type=\"application\/ld+json\" class=\"yoast-schema-graph\">{\"@context\":\"https:\\\/\\\/schema.org\",\"@graph\":[{\"@type\":\"WebPage\",\"@id\":\"https:\\\/\\\/saumaustarvike.fi\\\/verkkokauppa\\\/kauppa\\\/tuotemerkit\\\/illbruck\\\/illbruck-cleanerit-primerit-ja-viimeistelyaineet\\\/illbruck-at140-hybrid-primer-500ml\\\/\",\"url\":\"https:\\\/\\\/saumaustarvike.fi\\\/verkkokauppa\\\/kauppa\\\/tuotemerkit\\\/illbruck\\\/illbruck-cleanerit-primerit-ja-viimeistelyaineet\\\/illbruck-at140-hybrid-primer-500ml\\\/\",\"name\":\"Illbruck AT140 Hybrid Primer - Saumaustarvike.fi\",\"isPartOf\":{\"@id\":\"https:\\\/\\\/saumaustarvike.fi\\\/verkkokauppa\\\/#website\"},\"primaryImageOfPage\":{\"@id\":\"https:\\\/\\\/saumaustarvike.fi\\\/verkkokauppa\\\/kauppa\\\/tuotemerkit\\\/illbruck\\\/illbruck-cleanerit-primerit-ja-viimeistelyaineet\\\/illbruck-at140-hybrid-primer-500ml\\\/#primaryimage\"},\"image\":{\"@id\":\"https:\\\/\\\/saumaustarvike.fi\\\/verkkokauppa\\\/kauppa\\\/tuotemerkit\\\/illbruck\\\/illbruck-cleanerit-primerit-ja-viimeistelyaineet\\\/illbruck-at140-hybrid-primer-500ml\\\/#primaryimage\"},\"thumbnailUrl\":\"https:\\\/\\\/saumaustarvike.fi\\\/verkkokauppa\\\/wp-content\\\/uploads\\\/2014\\\/11\\\/saumaustarvike-illbruck-AT140.jpg\",\"datePublished\":\"2014-11-18T20:39:20+00:00\",\"dateModified\":\"2025-05-19T06:30:40+00:00\",\"description\":\"SP -saumausmassojen pohjuste huokoisille pinnoille. K\u00e4ytet\u00e4\u00e4n parantamaan SP525 ja SP520 saumausmassojen tartuntaa.\",\"breadcrumb\":{\"@id\":\"https:\\\/\\\/saumaustarvike.fi\\\/verkkokauppa\\\/kauppa\\\/tuotemerkit\\\/illbruck\\\/illbruck-cleanerit-primerit-ja-viimeistelyaineet\\\/illbruck-at140-hybrid-primer-500ml\\\/#breadcrumb\"},\"inLanguage\":\"fi\",\"potentialAction\":[{\"@type\":\"ReadAction\",\"target\":[\"https:\\\/\\\/saumaustarvike.fi\\\/verkkokauppa\\\/kauppa\\\/tuotemerkit\\\/illbruck\\\/illbruck-cleanerit-primerit-ja-viimeistelyaineet\\\/illbruck-at140-hybrid-primer-500ml\\\/\"]}]},{\"@type\":\"ImageObject\",\"inLanguage\":\"fi\",\"@id\":\"https:\\\/\\\/saumaustarvike.fi\\\/verkkokauppa\\\/kauppa\\\/tuotemerkit\\\/illbruck\\\/illbruck-cleanerit-primerit-ja-viimeistelyaineet\\\/illbruck-at140-hybrid-primer-500ml\\\/#primaryimage\",\"url\":\"https:\\\/\\\/saumaustarvike.fi\\\/verkkokauppa\\\/wp-content\\\/uploads\\\/2014\\\/11\\\/saumaustarvike-illbruck-AT140.jpg\",\"contentUrl\":\"https:\\\/\\\/saumaustarvike.fi\\\/verkkokauppa\\\/wp-content\\\/uploads\\\/2014\\\/11\\\/saumaustarvike-illbruck-AT140.jpg\",\"width\":1000,\"height\":1000},{\"@type\":\"BreadcrumbList\",\"@id\":\"https:\\\/\\\/saumaustarvike.fi\\\/verkkokauppa\\\/kauppa\\\/tuotemerkit\\\/illbruck\\\/illbruck-cleanerit-primerit-ja-viimeistelyaineet\\\/illbruck-at140-hybrid-primer-500ml\\\/#breadcrumb\",\"itemListElement\":[{\"@type\":\"ListItem\",\"position\":1,\"name\":\"Home\",\"item\":\"https:\\\/\\\/saumaustarvike.fi\\\/verkkokauppa\\\/\"},{\"@type\":\"ListItem\",\"position\":2,\"name\":\"Saumausmassat, tarvikkeet ja ty\u00f6kalut\",\"item\":\"https:\\\/\\\/saumaustarvike.fi\\\/verkkokauppa\\\/kauppa\\\/\"},{\"@type\":\"ListItem\",\"position\":3,\"name\":\"Illbruck AT140 Hybrid Primer\"}]},{\"@type\":\"WebSite\",\"@id\":\"https:\\\/\\\/saumaustarvike.fi\\\/verkkokauppa\\\/#website\",\"url\":\"https:\\\/\\\/saumaustarvike.fi\\\/verkkokauppa\\\/\",\"name\":\"Saumaustarvike.fi\",\"description\":\"Saumausmassat, tarvikkeet ja ty&ouml;kalut\",\"publisher\":{\"@id\":\"https:\\\/\\\/saumaustarvike.fi\\\/verkkokauppa\\\/#organization\"},\"potentialAction\":[{\"@type\":\"SearchAction\",\"target\":{\"@type\":\"EntryPoint\",\"urlTemplate\":\"https:\\\/\\\/saumaustarvike.fi\\\/verkkokauppa\\\/?s={search_term_string}\"},\"query-input\":{\"@type\":\"PropertyValueSpecification\",\"valueRequired\":true,\"valueName\":\"search_term_string\"}}],\"inLanguage\":\"fi\"},{\"@type\":\"Organization\",\"@id\":\"https:\\\/\\\/saumaustarvike.fi\\\/verkkokauppa\\\/#organization\",\"name\":\"Saumaustarvike.fi\",\"url\":\"https:\\\/\\\/saumaustarvike.fi\\\/verkkokauppa\\\/\",\"logo\":{\"@type\":\"ImageObject\",\"inLanguage\":\"fi\",\"@id\":\"https:\\\/\\\/saumaustarvike.fi\\\/verkkokauppa\\\/#\\\/schema\\\/logo\\\/image\\\/\",\"url\":\"https:\\\/\\\/saumaustarvike.fi\\\/verkkokauppa\\\/wp-content\\\/uploads\\\/2019\\\/02\\\/logo.png\",\"contentUrl\":\"https:\\\/\\\/saumaustarvike.fi\\\/verkkokauppa\\\/wp-content\\\/uploads\\\/2019\\\/02\\\/logo.png\",\"width\":806,\"height\":150,\"caption\":\"Saumaustarvike.fi\"},\"image\":{\"@id\":\"https:\\\/\\\/saumaustarvike.fi\\\/verkkokauppa\\\/#\\\/schema\\\/logo\\\/image\\\/\"},\"sameAs\":[\"https:\\\/\\\/www.facebook.com\\\/Saumalaakso\"]}]}<\/script>\n<!-- \/ Yoast SEO plugin. -->","yoast_head_json":{"title":"Illbruck AT140 Hybrid Primer - Saumaustarvike.fi","description":"SP -saumausmassojen pohjuste huokoisille pinnoille. K\u00e4ytet\u00e4\u00e4n parantamaan SP525 ja SP520 saumausmassojen tartuntaa.","robots":{"index":"index","follow":"follow","max-snippet":"max-snippet:-1","max-image-preview":"max-image-preview:large","max-video-preview":"max-video-preview:-1"},"canonical":"https:\/\/saumaustarvike.fi\/verkkokauppa\/kauppa\/tuotemerkit\/illbruck\/illbruck-cleanerit-primerit-ja-viimeistelyaineet\/illbruck-at140-hybrid-primer-500ml\/","og_locale":"fi_FI","og_type":"article","og_title":"Illbruck AT140 Hybrid Primer - Saumaustarvike.fi","og_description":"SP -saumausmassojen pohjuste huokoisille pinnoille. K\u00e4ytet\u00e4\u00e4n parantamaan SP525 ja SP520 saumausmassojen tartuntaa.","og_url":"https:\/\/saumaustarvike.fi\/verkkokauppa\/kauppa\/tuotemerkit\/illbruck\/illbruck-cleanerit-primerit-ja-viimeistelyaineet\/illbruck-at140-hybrid-primer-500ml\/","og_site_name":"Saumaustarvike.fi","article_publisher":"https:\/\/www.facebook.com\/Saumalaakso","article_modified_time":"2025-05-19T06:30:40+00:00","og_image":[{"width":1000,"height":1000,"url":"https:\/\/saumaustarvike.fi\/verkkokauppa\/content\/uploads\/2014\/11\/saumaustarvike-illbruck-AT140.jpg","type":"image\/jpeg"}],"twitter_misc":{"Arvioitu lukuaika":"2 minuuttia"},"schema":{"@context":"https:\/\/schema.org","@graph":[{"@type":"WebPage","@id":"https:\/\/saumaustarvike.fi\/verkkokauppa\/kauppa\/tuotemerkit\/illbruck\/illbruck-cleanerit-primerit-ja-viimeistelyaineet\/illbruck-at140-hybrid-primer-500ml\/","url":"https:\/\/saumaustarvike.fi\/verkkokauppa\/kauppa\/tuotemerkit\/illbruck\/illbruck-cleanerit-primerit-ja-viimeistelyaineet\/illbruck-at140-hybrid-primer-500ml\/","name":"Illbruck AT140 Hybrid Primer - Saumaustarvike.fi","isPartOf":{"@id":"https:\/\/saumaustarvike.fi\/verkkokauppa\/#website"},"primaryImageOfPage":{"@id":"https:\/\/saumaustarvike.fi\/verkkokauppa\/kauppa\/tuotemerkit\/illbruck\/illbruck-cleanerit-primerit-ja-viimeistelyaineet\/illbruck-at140-hybrid-primer-500ml\/#primaryimage"},"image":{"@id":"https:\/\/saumaustarvike.fi\/verkkokauppa\/kauppa\/tuotemerkit\/illbruck\/illbruck-cleanerit-primerit-ja-viimeistelyaineet\/illbruck-at140-hybrid-primer-500ml\/#primaryimage"},"thumbnailUrl":"https:\/\/saumaustarvike.fi\/verkkokauppa\/wp-content\/uploads\/2014\/11\/saumaustarvike-illbruck-AT140.jpg","datePublished":"2014-11-18T20:39:20+00:00","dateModified":"2025-05-19T06:30:40+00:00","description":"SP -saumausmassojen pohjuste huokoisille pinnoille. K\u00e4ytet\u00e4\u00e4n parantamaan SP525 ja SP520 saumausmassojen tartuntaa.","breadcrumb":{"@id":"https:\/\/saumaustarvike.fi\/verkkokauppa\/kauppa\/tuotemerkit\/illbruck\/illbruck-cleanerit-primerit-ja-viimeistelyaineet\/illbruck-at140-hybrid-primer-500ml\/#breadcrumb"},"inLanguage":"fi","potentialAction":[{"@type":"ReadAction","target":["https:\/\/saumaustarvike.fi\/verkkokauppa\/kauppa\/tuotemerkit\/illbruck\/illbruck-cleanerit-primerit-ja-viimeistelyaineet\/illbruck-at140-hybrid-primer-500ml\/"]}]},{"@type":"ImageObject","inLanguage":"fi","@id":"https:\/\/saumaustarvike.fi\/verkkokauppa\/kauppa\/tuotemerkit\/illbruck\/illbruck-cleanerit-primerit-ja-viimeistelyaineet\/illbruck-at140-hybrid-primer-500ml\/#primaryimage","url":"https:\/\/saumaustarvike.fi\/verkkokauppa\/wp-content\/uploads\/2014\/11\/saumaustarvike-illbruck-AT140.jpg","contentUrl":"https:\/\/saumaustarvike.fi\/verkkokauppa\/wp-content\/uploads\/2014\/11\/saumaustarvike-illbruck-AT140.jpg","width":1000,"height":1000},{"@type":"BreadcrumbList","@id":"https:\/\/saumaustarvike.fi\/verkkokauppa\/kauppa\/tuotemerkit\/illbruck\/illbruck-cleanerit-primerit-ja-viimeistelyaineet\/illbruck-at140-hybrid-primer-500ml\/#breadcrumb","itemListElement":[{"@type":"ListItem","position":1,"name":"Home","item":"https:\/\/saumaustarvike.fi\/verkkokauppa\/"},{"@type":"ListItem","position":2,"name":"Saumausmassat, tarvikkeet ja ty\u00f6kalut","item":"https:\/\/saumaustarvike.fi\/verkkokauppa\/kauppa\/"},{"@type":"ListItem","position":3,"name":"Illbruck AT140 Hybrid Primer"}]},{"@type":"WebSite","@id":"https:\/\/saumaustarvike.fi\/verkkokauppa\/#website","url":"https:\/\/saumaustarvike.fi\/verkkokauppa\/","name":"Saumaustarvike.fi","description":"Saumausmassat, tarvikkeet ja ty&ouml;kalut","publisher":{"@id":"https:\/\/saumaustarvike.fi\/verkkokauppa\/#organization"},"potentialAction":[{"@type":"SearchAction","target":{"@type":"EntryPoint","urlTemplate":"https:\/\/saumaustarvike.fi\/verkkokauppa\/?s={search_term_string}"},"query-input":{"@type":"PropertyValueSpecification","valueRequired":true,"valueName":"search_term_string"}}],"inLanguage":"fi"},{"@type":"Organization","@id":"https:\/\/saumaustarvike.fi\/verkkokauppa\/#organization","name":"Saumaustarvike.fi","url":"https:\/\/saumaustarvike.fi\/verkkokauppa\/","logo":{"@type":"ImageObject","inLanguage":"fi","@id":"https:\/\/saumaustarvike.fi\/verkkokauppa\/#\/schema\/logo\/image\/","url":"https:\/\/saumaustarvike.fi\/verkkokauppa\/wp-content\/uploads\/2019\/02\/logo.png","contentUrl":"https:\/\/saumaustarvike.fi\/verkkokauppa\/wp-content\/uploads\/2019\/02\/logo.png","width":806,"height":150,"caption":"Saumaustarvike.fi"},"image":{"@id":"https:\/\/saumaustarvike.fi\/verkkokauppa\/#\/schema\/logo\/image\/"},"sameAs":["https:\/\/www.facebook.com\/Saumalaakso"]}]}},"jetpack_sharing_enabled":true,"_links":{"self":[{"href":"https:\/\/saumaustarvike.fi\/verkkokauppa\/wp-json\/wp\/v2\/product\/5308","targetHints":{"allow":["GET"]}}],"collection":[{"href":"https:\/\/saumaustarvike.fi\/verkkokauppa\/wp-json\/wp\/v2\/product"}],"about":[{"href":"https:\/\/saumaustarvike.fi\/verkkokauppa\/wp-json\/wp\/v2\/types\/product"}],"replies":[{"embeddable":true,"href":"https:\/\/saumaustarvike.fi\/verkkokauppa\/wp-json\/wp\/v2\/comments?post=5308"}],"wp:featuredmedia":[{"embeddable":true,"href":"https:\/\/saumaustarvike.fi\/verkkokauppa\/wp-json\/wp\/v2\/media\/16418"}],"wp:attachment":[{"href":"https:\/\/saumaustarvike.fi\/verkkokauppa\/wp-json\/wp\/v2\/media?parent=5308"}],"wp:term":[{"taxonomy":"product_cat","embeddable":true,"href":"https:\/\/saumaustarvike.fi\/verkkokauppa\/wp-json\/wp\/v2\/product_cat?post=5308"},{"taxonomy":"product_tag","embeddable":true,"href":"https:\/\/saumaustarvike.fi\/verkkokauppa\/wp-json\/wp\/v2\/product_tag?post=5308"}],"curies":[{"name":"wp","href":"https:\/\/api.w.org\/{rel}","templated":true}]}}