{"id":5636,"date":"2014-11-28T23:34:22","date_gmt":"2014-11-28T21:34:22","guid":{"rendered":"https:\/\/saumaustarvike.fi\/verkkokauppa\/kauppa\/tarvikkeet\/to-box-vaakasauman-tuuletuskotelo-marmorin-valkoinen\/"},"modified":"2025-08-19T13:16:32","modified_gmt":"2025-08-19T10:16:32","slug":"to-box-vaakasauman-tuuletuskotelo","status":"publish","type":"product","link":"https:\/\/saumaustarvike.fi\/verkkokauppa\/kauppa\/tuotemerkit\/tobox-tuotemerkit\/tobox-tuuletuskotelot\/to-box-vaakasauman-tuuletuskotelo\/","title":{"rendered":"TO-BOX vaakasauman tuuletuskotelo"},"content":{"rendered":"<h1>TO-BOX vaakasauman Tuuletuskotelo<\/h1>\n<p>Uusi innovaatio kiviaineisten julkisivuelementtien tuuletukseen\u00a0ja kosteuden poistamiseen<\/p>\n<h2>Testattu ja Toimiva Ratkaisu<\/h2>\n<h3><b>Tobox Tuuletuskotelo<\/b><\/h3>\n<p>on Suomessa, Suomen s\u00e4\u00e4olosuhteisiin kehitetty ja valmistettu kiviaineisten julkisivuelementtien vaaka-<br \/>\nsaumoihin asennettava sauman tausta\u2014 ja eristetilan tuuletukseen ja kosteuden poistamiseen tarkoitettu \u201dventtiili\u201d. Se korvaa tuuletukseen k\u00e4ytett\u00e4v\u00e4t \u201dtuuletusputket\u201d.<br \/>\nUseiden eri tutkimusten perusteella on todettu, ettei halk. n. 10 mm:n tuuletusputket saa aikaan toimivaa tuuletusta, vaikka niit\u00e4 sijoiteltaisiin esim. 1000 mm:n v\u00e4lein. Koteloita k\u00e4ytt\u00e4m\u00e4ll\u00e4 voidaan varmistaa rakenteiden kuivuminen ja v\u00e4ltyt\u00e4\u00e4n betonin pakkas-<br \/>\nrapautumiselta ym. vaurioilta.<\/p>\n<h3><b>Muotoilu, valmistus, asennus:<\/b><\/h3>\n<p>Muotoiltu siten, ettei se p\u00e4\u00e4st\u00e4 sadevett\u00e4 rakenteisiin, valmistettu korkealaatuisesta UV\u2014s\u00e4teilyn ja pakkasen kest\u00e4v\u00e4st\u00e4 muoviseoksesta. Kotelo asennetaan elementtien vaakasaumoihin enint\u00e4\u00e4n 1500 mm:n jakov\u00e4lein. Kotelolla on Patentti ja Rekisterihallituksen my\u00f6nt\u00e4m\u00e4 mallisuoja.<\/p>\n<h3><b>Kotelon mitat:<\/b><\/h3>\n<p>Lev. 118,0 mm, kork. 11,0 mm, syv. 66,0 mm.<\/p>\n<h3><b>Takuuehdot:<\/b><\/h3>\n<p>Murtumattomuus takuu 15 vuotta. Noudatamme\u00a0Rakennustuotteiden yleisi\u00e4 hankinta-ja toimitusehtoja (RYHT 2000).<\/p>\n<h3><b><span style=\"text-decoration: underline;\">Tobox Tuuletuskotelon edut verrattuna muihin tuuletus\u201delimiin\u201d<\/span><\/b><\/h3>\n<ol>\n<li>Saumausmassojen tartunta tutkittu ja varmistettu (ainoa? lajissaan),<br \/>\nmuita koteloita valmistettu mm. polyeteenist\u00e4 joka tunnetusti vaikein muovilaatu liimata.<\/li>\n<li>Tuuletus-\/kosteudenpoistoteho tutkitusti moninkertainen verrattuna<br \/>\ntuuletusputkiin, putkien tuuletusteho tutkitusti l\u00e4hes olematon.<\/li>\n<li>Kotelon n\u00e4kyviin j\u00e4\u00e4v\u00e4 suuosa (n.1,5 cm) huomaamattomampi, kuin muissa<br \/>\nkoteloissa, muut kotelot asennetaan n.3,0 cm ulos saumasta.<\/li>\n<li>Kotelon saumaan sis\u00e4\u00e4n asennettava takaosa on n.5 mm ohuempi, kuin muissa<br \/>\nmalleissa (helpottaa asennusta ja lis\u00e4\u00e4 yl\u00e4puolisen saumausmassan m\u00e4\u00e4r\u00e4\u00e4 ja kest\u00e4vyytt\u00e4).<\/li>\n<li>Kotelon ainutlaatuinen \u201dsuuosa\u201d joka est\u00e4\u00e4 sadeveden tunkeutumisen kotelon<br \/>\nsis\u00e4\u00e4n ja rakenteisiin, muissa kotelomalleissa ja tuuletusputkissa vuotoriski.<\/li>\n<li>Kotelon \u201dkohdistusta\u201d suoraan helpottava suuosa.<\/li>\n<li>Kotelon liimaus\/saumaus helpompaa ja nopeampaa verrattuna muihin malleihin<br \/>\n(kotelon alapuolelle ei tule n\u00e4kyv\u00e4\u00e4 saumaa).<\/li>\n<li>Kotelon eritt\u00e4in kest\u00e4v\u00e4 materiaali (k\u00e4ytet\u00e4\u00e4n yleisesti autoteollisuudessa).<\/li>\n<li>Kotelon rajattomat v\u00e4rivaihtoehdot (vakiov\u00e4rej\u00e4 6 kpl).<\/li>\n<li>Asennusvirheiden mahdollisuus v\u00e4henee oleellisesti verrattuna putkiin jotka saumari<br \/>\nitse katkaisee (mittavirheet piilotetaan sauman sis\u00e4\u00e4n), kotelon mitat aina vakiot.1<\/li>\n<\/ol>\n<p>&nbsp;<\/p>\n<h3><strong>Pakkaus<\/strong><\/h3>\n<p>1 kpl<\/p>\n<h3><strong>V\u00e4ri<\/strong><\/h3>\n<p>musta<br \/>\nbeige<br \/>\nruskea<br \/>\nvaalean harmaa<br \/>\ntumman harmaa<br \/>\nmarmorin valkoinen<\/p>\n<p><img loading=\"lazy\" decoding=\"async\" class=\"aligncenter wp-image-5625 size-full\" src=\"https:\/\/saumaustarvike.fi\/verkkokauppa\/content\/uploads\/2014\/11\/tobox-vaakasauman-tuuletuskotelo-v\u00e4rit.jpg\" alt=\"tobox vaakasauman tuuletuskotelo v\u00e4rit\" width=\"780\" height=\"40\" srcset=\"https:\/\/saumaustarvike.fi\/verkkokauppa\/wp-content\/uploads\/2014\/11\/tobox-vaakasauman-tuuletuskotelo-v\u00e4rit.jpg 780w, https:\/\/saumaustarvike.fi\/verkkokauppa\/wp-content\/uploads\/2014\/11\/tobox-vaakasauman-tuuletuskotelo-v\u00e4rit-416x21.jpg 416w, https:\/\/saumaustarvike.fi\/verkkokauppa\/wp-content\/uploads\/2014\/11\/tobox-vaakasauman-tuuletuskotelo-v\u00e4rit-300x15.jpg 300w, https:\/\/saumaustarvike.fi\/verkkokauppa\/wp-content\/uploads\/2014\/11\/tobox-vaakasauman-tuuletuskotelo-v\u00e4rit-600x30.jpg 600w\" sizes=\"auto, (max-width: 780px) 100vw, 780px\" \/><\/p>\n","protected":false},"excerpt":{"rendered":"<p>Suomen s\u00e4\u00e4olosuhteisiin kehitetty ja valmistettu kiviaineisten julkisivuelementtien vaakasaumoihin asennettava sauman tausta\u2014 ja eristetilan tuuletukseen ja kosteuden poistamiseen tarkoitettu \u201dventtiili\u201d.<\/p>\n","protected":false},"featured_media":16402,"comment_status":"open","ping_status":"closed","template":"","meta":{"_acf_changed":false},"product_cat":[1576,2191],"product_tag":[218,215,216,217,212,213],"class_list":{"0":"post-5636","1":"product","2":"type-product","3":"status-publish","4":"has-post-thumbnail","6":"product_brand-to-box","7":"product_cat-saumojen-tuuletus","8":"product_cat-tobox-tuuletuskotelot","9":"product_tag-kotelo","10":"product_tag-sauman-tuuletus","11":"product_tag-to-box","12":"product_tag-tobox","13":"product_tag-tuuletus","14":"product_tag-tuuletuskotelo","15":"pa_vari-beige","16":"pa_vari-marmorinvalkoinen","17":"pa_vari-musta","18":"pa_vari-ruskea","19":"pa_vari-tummanharmaa","20":"pa_vari-vaaleanharmaa","22":"first","23":"onbackorder","24":"taxable","25":"shipping-taxable","26":"purchasable","27":"product-type-variable"},"acf":[],"yoast_head":"<!-- This site is optimized with the Yoast SEO plugin v27.3 - https:\/\/yoast.com\/product\/yoast-seo-wordpress\/ -->\n<title>TO-BOX vaakasauman tuuletuskotelo - Saumaustarvike.fi<\/title>\n<meta name=\"description\" content=\"TO-BOX tuuletuskotelo on kehitetty asennettavaksi julkisivuelementtien vaakasaumoihin. Kotelo varmistaa sauman tausta\u2014 ja eristetilan tuuletukseen\" \/>\n<meta name=\"robots\" content=\"index, follow, max-snippet:-1, max-image-preview:large, max-video-preview:-1\" \/>\n<link rel=\"canonical\" href=\"https:\/\/saumaustarvike.fi\/verkkokauppa\/kauppa\/tuotemerkit\/tobox-tuotemerkit\/tobox-tuuletuskotelot\/to-box-vaakasauman-tuuletuskotelo\/\" \/>\n<meta property=\"og:locale\" content=\"fi_FI\" \/>\n<meta property=\"og:type\" content=\"article\" \/>\n<meta property=\"og:title\" content=\"TO-BOX vaakasauman tuuletuskotelo - Saumaustarvike.fi\" \/>\n<meta property=\"og:description\" content=\"TO-BOX tuuletuskotelo on kehitetty asennettavaksi julkisivuelementtien vaakasaumoihin. Kotelo varmistaa sauman tausta\u2014 ja eristetilan tuuletukseen\" \/>\n<meta property=\"og:url\" content=\"https:\/\/saumaustarvike.fi\/verkkokauppa\/kauppa\/tuotemerkit\/tobox-tuotemerkit\/tobox-tuuletuskotelot\/to-box-vaakasauman-tuuletuskotelo\/\" \/>\n<meta property=\"og:site_name\" content=\"Saumaustarvike.fi\" \/>\n<meta property=\"article:publisher\" content=\"https:\/\/www.facebook.com\/Saumalaakso\" \/>\n<meta property=\"article:modified_time\" content=\"2025-08-19T10:16:32+00:00\" \/>\n<meta property=\"og:image\" content=\"https:\/\/saumaustarvike.fi\/verkkokauppa\/content\/uploads\/2014\/11\/saumaustarvike-tobox-tuuletuskotelo.jpg\" \/>\n\t<meta property=\"og:image:width\" content=\"1000\" \/>\n\t<meta property=\"og:image:height\" content=\"1000\" \/>\n\t<meta property=\"og:image:type\" content=\"image\/jpeg\" \/>\n<meta name=\"twitter:label1\" content=\"Arvioitu lukuaika\" \/>\n\t<meta name=\"twitter:data1\" content=\"3 minuuttia\" \/>\n<script type=\"application\/ld+json\" class=\"yoast-schema-graph\">{\"@context\":\"https:\\\/\\\/schema.org\",\"@graph\":[{\"@type\":\"WebPage\",\"@id\":\"https:\\\/\\\/saumaustarvike.fi\\\/verkkokauppa\\\/kauppa\\\/tuotemerkit\\\/tobox-tuotemerkit\\\/tobox-tuuletuskotelot\\\/to-box-vaakasauman-tuuletuskotelo\\\/\",\"url\":\"https:\\\/\\\/saumaustarvike.fi\\\/verkkokauppa\\\/kauppa\\\/tuotemerkit\\\/tobox-tuotemerkit\\\/tobox-tuuletuskotelot\\\/to-box-vaakasauman-tuuletuskotelo\\\/\",\"name\":\"TO-BOX vaakasauman tuuletuskotelo - Saumaustarvike.fi\",\"isPartOf\":{\"@id\":\"https:\\\/\\\/saumaustarvike.fi\\\/verkkokauppa\\\/#website\"},\"primaryImageOfPage\":{\"@id\":\"https:\\\/\\\/saumaustarvike.fi\\\/verkkokauppa\\\/kauppa\\\/tuotemerkit\\\/tobox-tuotemerkit\\\/tobox-tuuletuskotelot\\\/to-box-vaakasauman-tuuletuskotelo\\\/#primaryimage\"},\"image\":{\"@id\":\"https:\\\/\\\/saumaustarvike.fi\\\/verkkokauppa\\\/kauppa\\\/tuotemerkit\\\/tobox-tuotemerkit\\\/tobox-tuuletuskotelot\\\/to-box-vaakasauman-tuuletuskotelo\\\/#primaryimage\"},\"thumbnailUrl\":\"https:\\\/\\\/saumaustarvike.fi\\\/verkkokauppa\\\/wp-content\\\/uploads\\\/2014\\\/11\\\/saumaustarvike-tobox-tuuletuskotelo.jpg\",\"datePublished\":\"2014-11-28T21:34:22+00:00\",\"dateModified\":\"2025-08-19T10:16:32+00:00\",\"description\":\"TO-BOX tuuletuskotelo on kehitetty asennettavaksi julkisivuelementtien vaakasaumoihin. Kotelo varmistaa sauman tausta\u2014 ja eristetilan tuuletukseen\",\"breadcrumb\":{\"@id\":\"https:\\\/\\\/saumaustarvike.fi\\\/verkkokauppa\\\/kauppa\\\/tuotemerkit\\\/tobox-tuotemerkit\\\/tobox-tuuletuskotelot\\\/to-box-vaakasauman-tuuletuskotelo\\\/#breadcrumb\"},\"inLanguage\":\"fi\",\"potentialAction\":[{\"@type\":\"ReadAction\",\"target\":[\"https:\\\/\\\/saumaustarvike.fi\\\/verkkokauppa\\\/kauppa\\\/tuotemerkit\\\/tobox-tuotemerkit\\\/tobox-tuuletuskotelot\\\/to-box-vaakasauman-tuuletuskotelo\\\/\"]}]},{\"@type\":\"ImageObject\",\"inLanguage\":\"fi\",\"@id\":\"https:\\\/\\\/saumaustarvike.fi\\\/verkkokauppa\\\/kauppa\\\/tuotemerkit\\\/tobox-tuotemerkit\\\/tobox-tuuletuskotelot\\\/to-box-vaakasauman-tuuletuskotelo\\\/#primaryimage\",\"url\":\"https:\\\/\\\/saumaustarvike.fi\\\/verkkokauppa\\\/wp-content\\\/uploads\\\/2014\\\/11\\\/saumaustarvike-tobox-tuuletuskotelo.jpg\",\"contentUrl\":\"https:\\\/\\\/saumaustarvike.fi\\\/verkkokauppa\\\/wp-content\\\/uploads\\\/2014\\\/11\\\/saumaustarvike-tobox-tuuletuskotelo.jpg\",\"width\":1000,\"height\":1000},{\"@type\":\"BreadcrumbList\",\"@id\":\"https:\\\/\\\/saumaustarvike.fi\\\/verkkokauppa\\\/kauppa\\\/tuotemerkit\\\/tobox-tuotemerkit\\\/tobox-tuuletuskotelot\\\/to-box-vaakasauman-tuuletuskotelo\\\/#breadcrumb\",\"itemListElement\":[{\"@type\":\"ListItem\",\"position\":1,\"name\":\"Home\",\"item\":\"https:\\\/\\\/saumaustarvike.fi\\\/verkkokauppa\\\/\"},{\"@type\":\"ListItem\",\"position\":2,\"name\":\"Saumausmassat, tarvikkeet ja ty\u00f6kalut\",\"item\":\"https:\\\/\\\/saumaustarvike.fi\\\/verkkokauppa\\\/kauppa\\\/\"},{\"@type\":\"ListItem\",\"position\":3,\"name\":\"TO-BOX vaakasauman tuuletuskotelo\"}]},{\"@type\":\"WebSite\",\"@id\":\"https:\\\/\\\/saumaustarvike.fi\\\/verkkokauppa\\\/#website\",\"url\":\"https:\\\/\\\/saumaustarvike.fi\\\/verkkokauppa\\\/\",\"name\":\"Saumaustarvike.fi\",\"description\":\"Saumausmassat, tarvikkeet ja ty&ouml;kalut\",\"publisher\":{\"@id\":\"https:\\\/\\\/saumaustarvike.fi\\\/verkkokauppa\\\/#organization\"},\"potentialAction\":[{\"@type\":\"SearchAction\",\"target\":{\"@type\":\"EntryPoint\",\"urlTemplate\":\"https:\\\/\\\/saumaustarvike.fi\\\/verkkokauppa\\\/?s={search_term_string}\"},\"query-input\":{\"@type\":\"PropertyValueSpecification\",\"valueRequired\":true,\"valueName\":\"search_term_string\"}}],\"inLanguage\":\"fi\"},{\"@type\":\"Organization\",\"@id\":\"https:\\\/\\\/saumaustarvike.fi\\\/verkkokauppa\\\/#organization\",\"name\":\"Saumaustarvike.fi\",\"url\":\"https:\\\/\\\/saumaustarvike.fi\\\/verkkokauppa\\\/\",\"logo\":{\"@type\":\"ImageObject\",\"inLanguage\":\"fi\",\"@id\":\"https:\\\/\\\/saumaustarvike.fi\\\/verkkokauppa\\\/#\\\/schema\\\/logo\\\/image\\\/\",\"url\":\"https:\\\/\\\/saumaustarvike.fi\\\/verkkokauppa\\\/wp-content\\\/uploads\\\/2019\\\/02\\\/logo.png\",\"contentUrl\":\"https:\\\/\\\/saumaustarvike.fi\\\/verkkokauppa\\\/wp-content\\\/uploads\\\/2019\\\/02\\\/logo.png\",\"width\":806,\"height\":150,\"caption\":\"Saumaustarvike.fi\"},\"image\":{\"@id\":\"https:\\\/\\\/saumaustarvike.fi\\\/verkkokauppa\\\/#\\\/schema\\\/logo\\\/image\\\/\"},\"sameAs\":[\"https:\\\/\\\/www.facebook.com\\\/Saumalaakso\"]}]}<\/script>\n<!-- \/ Yoast SEO plugin. -->","yoast_head_json":{"title":"TO-BOX vaakasauman tuuletuskotelo - Saumaustarvike.fi","description":"TO-BOX tuuletuskotelo on kehitetty asennettavaksi julkisivuelementtien vaakasaumoihin. Kotelo varmistaa sauman tausta\u2014 ja eristetilan tuuletukseen","robots":{"index":"index","follow":"follow","max-snippet":"max-snippet:-1","max-image-preview":"max-image-preview:large","max-video-preview":"max-video-preview:-1"},"canonical":"https:\/\/saumaustarvike.fi\/verkkokauppa\/kauppa\/tuotemerkit\/tobox-tuotemerkit\/tobox-tuuletuskotelot\/to-box-vaakasauman-tuuletuskotelo\/","og_locale":"fi_FI","og_type":"article","og_title":"TO-BOX vaakasauman tuuletuskotelo - Saumaustarvike.fi","og_description":"TO-BOX tuuletuskotelo on kehitetty asennettavaksi julkisivuelementtien vaakasaumoihin. Kotelo varmistaa sauman tausta\u2014 ja eristetilan tuuletukseen","og_url":"https:\/\/saumaustarvike.fi\/verkkokauppa\/kauppa\/tuotemerkit\/tobox-tuotemerkit\/tobox-tuuletuskotelot\/to-box-vaakasauman-tuuletuskotelo\/","og_site_name":"Saumaustarvike.fi","article_publisher":"https:\/\/www.facebook.com\/Saumalaakso","article_modified_time":"2025-08-19T10:16:32+00:00","og_image":[{"width":1000,"height":1000,"url":"https:\/\/saumaustarvike.fi\/verkkokauppa\/content\/uploads\/2014\/11\/saumaustarvike-tobox-tuuletuskotelo.jpg","type":"image\/jpeg"}],"twitter_misc":{"Arvioitu lukuaika":"3 minuuttia"},"schema":{"@context":"https:\/\/schema.org","@graph":[{"@type":"WebPage","@id":"https:\/\/saumaustarvike.fi\/verkkokauppa\/kauppa\/tuotemerkit\/tobox-tuotemerkit\/tobox-tuuletuskotelot\/to-box-vaakasauman-tuuletuskotelo\/","url":"https:\/\/saumaustarvike.fi\/verkkokauppa\/kauppa\/tuotemerkit\/tobox-tuotemerkit\/tobox-tuuletuskotelot\/to-box-vaakasauman-tuuletuskotelo\/","name":"TO-BOX vaakasauman tuuletuskotelo - Saumaustarvike.fi","isPartOf":{"@id":"https:\/\/saumaustarvike.fi\/verkkokauppa\/#website"},"primaryImageOfPage":{"@id":"https:\/\/saumaustarvike.fi\/verkkokauppa\/kauppa\/tuotemerkit\/tobox-tuotemerkit\/tobox-tuuletuskotelot\/to-box-vaakasauman-tuuletuskotelo\/#primaryimage"},"image":{"@id":"https:\/\/saumaustarvike.fi\/verkkokauppa\/kauppa\/tuotemerkit\/tobox-tuotemerkit\/tobox-tuuletuskotelot\/to-box-vaakasauman-tuuletuskotelo\/#primaryimage"},"thumbnailUrl":"https:\/\/saumaustarvike.fi\/verkkokauppa\/wp-content\/uploads\/2014\/11\/saumaustarvike-tobox-tuuletuskotelo.jpg","datePublished":"2014-11-28T21:34:22+00:00","dateModified":"2025-08-19T10:16:32+00:00","description":"TO-BOX tuuletuskotelo on kehitetty asennettavaksi julkisivuelementtien vaakasaumoihin. Kotelo varmistaa sauman tausta\u2014 ja eristetilan tuuletukseen","breadcrumb":{"@id":"https:\/\/saumaustarvike.fi\/verkkokauppa\/kauppa\/tuotemerkit\/tobox-tuotemerkit\/tobox-tuuletuskotelot\/to-box-vaakasauman-tuuletuskotelo\/#breadcrumb"},"inLanguage":"fi","potentialAction":[{"@type":"ReadAction","target":["https:\/\/saumaustarvike.fi\/verkkokauppa\/kauppa\/tuotemerkit\/tobox-tuotemerkit\/tobox-tuuletuskotelot\/to-box-vaakasauman-tuuletuskotelo\/"]}]},{"@type":"ImageObject","inLanguage":"fi","@id":"https:\/\/saumaustarvike.fi\/verkkokauppa\/kauppa\/tuotemerkit\/tobox-tuotemerkit\/tobox-tuuletuskotelot\/to-box-vaakasauman-tuuletuskotelo\/#primaryimage","url":"https:\/\/saumaustarvike.fi\/verkkokauppa\/wp-content\/uploads\/2014\/11\/saumaustarvike-tobox-tuuletuskotelo.jpg","contentUrl":"https:\/\/saumaustarvike.fi\/verkkokauppa\/wp-content\/uploads\/2014\/11\/saumaustarvike-tobox-tuuletuskotelo.jpg","width":1000,"height":1000},{"@type":"BreadcrumbList","@id":"https:\/\/saumaustarvike.fi\/verkkokauppa\/kauppa\/tuotemerkit\/tobox-tuotemerkit\/tobox-tuuletuskotelot\/to-box-vaakasauman-tuuletuskotelo\/#breadcrumb","itemListElement":[{"@type":"ListItem","position":1,"name":"Home","item":"https:\/\/saumaustarvike.fi\/verkkokauppa\/"},{"@type":"ListItem","position":2,"name":"Saumausmassat, tarvikkeet ja ty\u00f6kalut","item":"https:\/\/saumaustarvike.fi\/verkkokauppa\/kauppa\/"},{"@type":"ListItem","position":3,"name":"TO-BOX vaakasauman tuuletuskotelo"}]},{"@type":"WebSite","@id":"https:\/\/saumaustarvike.fi\/verkkokauppa\/#website","url":"https:\/\/saumaustarvike.fi\/verkkokauppa\/","name":"Saumaustarvike.fi","description":"Saumausmassat, tarvikkeet ja ty&ouml;kalut","publisher":{"@id":"https:\/\/saumaustarvike.fi\/verkkokauppa\/#organization"},"potentialAction":[{"@type":"SearchAction","target":{"@type":"EntryPoint","urlTemplate":"https:\/\/saumaustarvike.fi\/verkkokauppa\/?s={search_term_string}"},"query-input":{"@type":"PropertyValueSpecification","valueRequired":true,"valueName":"search_term_string"}}],"inLanguage":"fi"},{"@type":"Organization","@id":"https:\/\/saumaustarvike.fi\/verkkokauppa\/#organization","name":"Saumaustarvike.fi","url":"https:\/\/saumaustarvike.fi\/verkkokauppa\/","logo":{"@type":"ImageObject","inLanguage":"fi","@id":"https:\/\/saumaustarvike.fi\/verkkokauppa\/#\/schema\/logo\/image\/","url":"https:\/\/saumaustarvike.fi\/verkkokauppa\/wp-content\/uploads\/2019\/02\/logo.png","contentUrl":"https:\/\/saumaustarvike.fi\/verkkokauppa\/wp-content\/uploads\/2019\/02\/logo.png","width":806,"height":150,"caption":"Saumaustarvike.fi"},"image":{"@id":"https:\/\/saumaustarvike.fi\/verkkokauppa\/#\/schema\/logo\/image\/"},"sameAs":["https:\/\/www.facebook.com\/Saumalaakso"]}]}},"jetpack_sharing_enabled":true,"_links":{"self":[{"href":"https:\/\/saumaustarvike.fi\/verkkokauppa\/wp-json\/wp\/v2\/product\/5636","targetHints":{"allow":["GET"]}}],"collection":[{"href":"https:\/\/saumaustarvike.fi\/verkkokauppa\/wp-json\/wp\/v2\/product"}],"about":[{"href":"https:\/\/saumaustarvike.fi\/verkkokauppa\/wp-json\/wp\/v2\/types\/product"}],"replies":[{"embeddable":true,"href":"https:\/\/saumaustarvike.fi\/verkkokauppa\/wp-json\/wp\/v2\/comments?post=5636"}],"wp:featuredmedia":[{"embeddable":true,"href":"https:\/\/saumaustarvike.fi\/verkkokauppa\/wp-json\/wp\/v2\/media\/16402"}],"wp:attachment":[{"href":"https:\/\/saumaustarvike.fi\/verkkokauppa\/wp-json\/wp\/v2\/media?parent=5636"}],"wp:term":[{"taxonomy":"product_cat","embeddable":true,"href":"https:\/\/saumaustarvike.fi\/verkkokauppa\/wp-json\/wp\/v2\/product_cat?post=5636"},{"taxonomy":"product_tag","embeddable":true,"href":"https:\/\/saumaustarvike.fi\/verkkokauppa\/wp-json\/wp\/v2\/product_tag?post=5636"}],"curies":[{"name":"wp","href":"https:\/\/api.w.org\/{rel}","templated":true}]}}