{"id":5647,"date":"2014-11-29T10:38:53","date_gmt":"2014-11-29T08:38:53","guid":{"rendered":"https:\/\/saumaustarvike.fi\/verkkokauppa\/kauppa\/betonipaikkaus\/sika-monotop-412-n-betonikorjauslaasti-25kg\/"},"modified":"2024-09-12T09:00:56","modified_gmt":"2024-09-12T06:00:56","slug":"sika-monotop-4012-betoninkorjauslaasti","status":"publish","type":"product","link":"https:\/\/saumaustarvike.fi\/verkkokauppa\/kauppa\/tuotemerkit\/sika-tuotemerkit\/monotop-laastit\/sika-monotop-4012-betoninkorjauslaasti\/","title":{"rendered":"Sika MonoTop-4012 betoninkorjauslaasti"},"content":{"rendered":"<h1>Sika MonoTop-4012 betoninkorjauslaasti 25kg<\/h1>\n<h2>Sementtipohjainen R4 luokan betoninkorjauslaasti kierr\u00e4tetyill\u00e4 ainesosilla<\/h2>\n<h3>Tuotekuvaus<\/h3>\n<p>Sika MonoTop\u00ae-4012 (entinen monotop 412) on 1-komponenttinen, kuituvah vistettu, pienen kutistuman omaava korjauslaasti sis\u00e4lt\u00e4en kierr\u00e4tettyj\u00e4 ainesosia pienent\u00e4\u00e4kseen hiilijalan j\u00e4lke\u00e4 kuitenkin t\u00e4ytt\u00e4en EN 1504-3 luokan R4 vaatimukset.<\/p>\n<h3>K\u00e4ytt\u00f6<\/h3>\n<p>Sika MonoTop\u00ae-4012 tuotetta saa k\u00e4ytt\u00e4\u00e4 vain kokenut ammattilainen.<br \/>\nSoveltuu kaikentyyppisten raudoitettujen betonira kenteiden korjaamiseen kuten:<br \/>\n\u25aa Rakennukset<br \/>\n\u25aa Yhdyskuntarakentaminen<br \/>\n\u25aa Pieni l\u00e4p\u00e4isevyys<br \/>\n\u25aa A1 paloluokka<br \/>\n\u25aa Luokka R4 EN 1504-3:n mukaan<br \/>\n\u25aa Soveltuu betonipintojen korjaukseen (EN 1504- 9 periaate 3, menetelm\u00e4t 3.1 &amp; 3.3 mukaisesti). \u25aa Soveltuu betonipintojen korjaukseen EN 1504-9 mukaan (periaate 4, kohta 4.4) Rakenteen vahventaminen, laastin tai betonin lis\u00e4\u00e4minen.<br \/>\n\u25aa Soveltuu betonipintojen korjaukseen EN 1504-9 mukaan (periaate 7, kohta 7.1 ja 7.2) Passiivisuuden s\u00e4ilytt\u00e4minen tai palauttaminen, raudoituksen beto nipeitteen paksuntaminen sementtipitoisella laastil lamtai betonilla ja saastuneen tai karbonatisoituneen betonin korvaaminen uudella<\/p>\n<h3>Luonteenomaista \/ Edut<\/h3>\n<p>\u25aa Sis\u00e4lt\u00e4\u00e4 kierr\u00e4tettyj\u00e4 materiaaleja<br \/>\n\u25aa Kerrospaksuus 6\u2013120 mm.<br \/>\nProduct Disclosure and Optimization &#8211; Sourcing of Raw Materials<br \/>\nConformity with LEED v4 MRc 4 (Option 2): Building Product Disclosure and Optimization &#8211; Material Ingredients<br \/>\n\u25aa Kertat\u00e4yt\u00f6ll\u00e4 jopa 120 mm<br \/>\n\u25aa Sulfaatin kest\u00e4v\u00e4<br \/>\n\u25aa IBU Environmental Product Declaration (EPD)<\/p>\n<h3>Menekki<\/h3>\n<p>Menekki riippuu alusta ep\u00e4tasaisuudesta ja ty\u00f6stett\u00e4v\u00e4st\u00e4 kerrospaksuudesta.<br \/>\nMenekki suuntaa-antavasti:<br \/>\nMenekki ~2,10 kg\/m2\/mm<br \/>\nRiittoisuus ~25 kg jauhetta tuottaa noin 13.7 litraa laastia.<\/p>\n<h3><\/h3>\n<h3>Olomuoto \/V\u00e4ri<\/h3>\n<p>Harmaa jauhe<\/p>\n<h3>Pakkaus<\/h3>\n<p>25 kg paperis\u00e4kki<\/p>\n","protected":false},"excerpt":{"rendered":"<p>Sika MonoTop\u00ae-4012 on sementtipohjainen R4 luokan betoninkorjauslaasti kierr\u00e4tetyill\u00e4 ainesosilla.<\/p>\n","protected":false},"featured_media":15797,"comment_status":"open","ping_status":"closed","template":"","meta":{"_acf_changed":false},"product_cat":[1561,1559,1592],"product_tag":[224,222,2246,2245,221,226,225,223,228,81],"class_list":{"0":"post-5647","1":"product","2":"type-product","3":"status-publish","4":"has-post-thumbnail","6":"product_brand-sika","7":"product_cat-betonipaikkaus-kayttoalue","8":"product_cat-julkisivu-ja-seinien-huolto-puhdistus-ja-kunnostus","9":"product_cat-monotop-laastit","10":"product_tag-betoni","11":"product_tag-betonikorjaus","12":"product_tag-betoninkorjaus","13":"product_tag-betoninpaikkaus","14":"product_tag-betonipaikkaus-2","15":"product_tag-laasti","16":"product_tag-monotop","17":"product_tag-paikkaus","18":"product_tag-sementti","19":"product_tag-sika-2","20":"product_shipping_class-raskaat-tavarat","22":"first","23":"instock","24":"taxable","25":"shipping-taxable","26":"purchasable","27":"product-type-simple"},"acf":[],"yoast_head":"<!-- This site is optimized with the Yoast SEO plugin v27.3 - https:\/\/yoast.com\/product\/yoast-seo-wordpress\/ -->\n<title>Sika MonoTop-4012 betoninkorjauslaasti - Saumaustarvike.fi<\/title>\n<meta name=\"description\" content=\"Sika MonoTop-412 N on 1-komponenttinen sementtipohjainen polymeerimodifioitu betoninkorjauslaasti joka t\u00e4ytt\u00e4\u00e4 EN 1504-3 luokan R4 vaatimukset\" \/>\n<meta name=\"robots\" content=\"index, follow, max-snippet:-1, max-image-preview:large, max-video-preview:-1\" \/>\n<link rel=\"canonical\" href=\"https:\/\/saumaustarvike.fi\/verkkokauppa\/kauppa\/tuotemerkit\/sika-tuotemerkit\/monotop-laastit\/sika-monotop-4012-betoninkorjauslaasti\/\" \/>\n<meta property=\"og:locale\" content=\"fi_FI\" \/>\n<meta property=\"og:type\" content=\"article\" \/>\n<meta property=\"og:title\" content=\"Sika MonoTop-4012 betoninkorjauslaasti - Saumaustarvike.fi\" \/>\n<meta property=\"og:description\" content=\"Sika MonoTop-412 N on 1-komponenttinen sementtipohjainen polymeerimodifioitu betoninkorjauslaasti joka t\u00e4ytt\u00e4\u00e4 EN 1504-3 luokan R4 vaatimukset\" \/>\n<meta property=\"og:url\" content=\"https:\/\/saumaustarvike.fi\/verkkokauppa\/kauppa\/tuotemerkit\/sika-tuotemerkit\/monotop-laastit\/sika-monotop-4012-betoninkorjauslaasti\/\" \/>\n<meta property=\"og:site_name\" content=\"Saumaustarvike.fi\" \/>\n<meta property=\"article:publisher\" content=\"https:\/\/www.facebook.com\/Saumalaakso\" \/>\n<meta property=\"article:modified_time\" content=\"2024-09-12T06:00:56+00:00\" \/>\n<meta property=\"og:image\" content=\"https:\/\/saumaustarvike.fi\/verkkokauppa\/content\/uploads\/2014\/11\/Tuotekuva-Sika-MonoTop-4012.jpg\" \/>\n\t<meta property=\"og:image:width\" content=\"906\" \/>\n\t<meta property=\"og:image:height\" content=\"1703\" \/>\n\t<meta property=\"og:image:type\" content=\"image\/jpeg\" \/>\n<meta name=\"twitter:label1\" content=\"Arvioitu lukuaika\" \/>\n\t<meta name=\"twitter:data1\" content=\"1 minuutti\" \/>\n<script type=\"application\/ld+json\" class=\"yoast-schema-graph\">{\"@context\":\"https:\\\/\\\/schema.org\",\"@graph\":[{\"@type\":\"WebPage\",\"@id\":\"https:\\\/\\\/saumaustarvike.fi\\\/verkkokauppa\\\/kauppa\\\/tuotemerkit\\\/sika-tuotemerkit\\\/monotop-laastit\\\/sika-monotop-4012-betoninkorjauslaasti\\\/\",\"url\":\"https:\\\/\\\/saumaustarvike.fi\\\/verkkokauppa\\\/kauppa\\\/tuotemerkit\\\/sika-tuotemerkit\\\/monotop-laastit\\\/sika-monotop-4012-betoninkorjauslaasti\\\/\",\"name\":\"Sika MonoTop-4012 betoninkorjauslaasti - Saumaustarvike.fi\",\"isPartOf\":{\"@id\":\"https:\\\/\\\/saumaustarvike.fi\\\/verkkokauppa\\\/#website\"},\"primaryImageOfPage\":{\"@id\":\"https:\\\/\\\/saumaustarvike.fi\\\/verkkokauppa\\\/kauppa\\\/tuotemerkit\\\/sika-tuotemerkit\\\/monotop-laastit\\\/sika-monotop-4012-betoninkorjauslaasti\\\/#primaryimage\"},\"image\":{\"@id\":\"https:\\\/\\\/saumaustarvike.fi\\\/verkkokauppa\\\/kauppa\\\/tuotemerkit\\\/sika-tuotemerkit\\\/monotop-laastit\\\/sika-monotop-4012-betoninkorjauslaasti\\\/#primaryimage\"},\"thumbnailUrl\":\"https:\\\/\\\/saumaustarvike.fi\\\/verkkokauppa\\\/wp-content\\\/uploads\\\/2014\\\/11\\\/Tuotekuva-Sika-MonoTop-4012.jpg\",\"datePublished\":\"2014-11-29T08:38:53+00:00\",\"dateModified\":\"2024-09-12T06:00:56+00:00\",\"description\":\"Sika MonoTop-412 N on 1-komponenttinen sementtipohjainen polymeerimodifioitu betoninkorjauslaasti joka t\u00e4ytt\u00e4\u00e4 EN 1504-3 luokan R4 vaatimukset\",\"breadcrumb\":{\"@id\":\"https:\\\/\\\/saumaustarvike.fi\\\/verkkokauppa\\\/kauppa\\\/tuotemerkit\\\/sika-tuotemerkit\\\/monotop-laastit\\\/sika-monotop-4012-betoninkorjauslaasti\\\/#breadcrumb\"},\"inLanguage\":\"fi\",\"potentialAction\":[{\"@type\":\"ReadAction\",\"target\":[\"https:\\\/\\\/saumaustarvike.fi\\\/verkkokauppa\\\/kauppa\\\/tuotemerkit\\\/sika-tuotemerkit\\\/monotop-laastit\\\/sika-monotop-4012-betoninkorjauslaasti\\\/\"]}]},{\"@type\":\"ImageObject\",\"inLanguage\":\"fi\",\"@id\":\"https:\\\/\\\/saumaustarvike.fi\\\/verkkokauppa\\\/kauppa\\\/tuotemerkit\\\/sika-tuotemerkit\\\/monotop-laastit\\\/sika-monotop-4012-betoninkorjauslaasti\\\/#primaryimage\",\"url\":\"https:\\\/\\\/saumaustarvike.fi\\\/verkkokauppa\\\/wp-content\\\/uploads\\\/2014\\\/11\\\/Tuotekuva-Sika-MonoTop-4012.jpg\",\"contentUrl\":\"https:\\\/\\\/saumaustarvike.fi\\\/verkkokauppa\\\/wp-content\\\/uploads\\\/2014\\\/11\\\/Tuotekuva-Sika-MonoTop-4012.jpg\",\"width\":906,\"height\":1703},{\"@type\":\"BreadcrumbList\",\"@id\":\"https:\\\/\\\/saumaustarvike.fi\\\/verkkokauppa\\\/kauppa\\\/tuotemerkit\\\/sika-tuotemerkit\\\/monotop-laastit\\\/sika-monotop-4012-betoninkorjauslaasti\\\/#breadcrumb\",\"itemListElement\":[{\"@type\":\"ListItem\",\"position\":1,\"name\":\"Home\",\"item\":\"https:\\\/\\\/saumaustarvike.fi\\\/verkkokauppa\\\/\"},{\"@type\":\"ListItem\",\"position\":2,\"name\":\"Saumausmassat, tarvikkeet ja ty\u00f6kalut\",\"item\":\"https:\\\/\\\/saumaustarvike.fi\\\/verkkokauppa\\\/kauppa\\\/\"},{\"@type\":\"ListItem\",\"position\":3,\"name\":\"Sika MonoTop-4012 betoninkorjauslaasti\"}]},{\"@type\":\"WebSite\",\"@id\":\"https:\\\/\\\/saumaustarvike.fi\\\/verkkokauppa\\\/#website\",\"url\":\"https:\\\/\\\/saumaustarvike.fi\\\/verkkokauppa\\\/\",\"name\":\"Saumaustarvike.fi\",\"description\":\"Saumausmassat, tarvikkeet ja ty&ouml;kalut\",\"publisher\":{\"@id\":\"https:\\\/\\\/saumaustarvike.fi\\\/verkkokauppa\\\/#organization\"},\"potentialAction\":[{\"@type\":\"SearchAction\",\"target\":{\"@type\":\"EntryPoint\",\"urlTemplate\":\"https:\\\/\\\/saumaustarvike.fi\\\/verkkokauppa\\\/?s={search_term_string}\"},\"query-input\":{\"@type\":\"PropertyValueSpecification\",\"valueRequired\":true,\"valueName\":\"search_term_string\"}}],\"inLanguage\":\"fi\"},{\"@type\":\"Organization\",\"@id\":\"https:\\\/\\\/saumaustarvike.fi\\\/verkkokauppa\\\/#organization\",\"name\":\"Saumaustarvike.fi\",\"url\":\"https:\\\/\\\/saumaustarvike.fi\\\/verkkokauppa\\\/\",\"logo\":{\"@type\":\"ImageObject\",\"inLanguage\":\"fi\",\"@id\":\"https:\\\/\\\/saumaustarvike.fi\\\/verkkokauppa\\\/#\\\/schema\\\/logo\\\/image\\\/\",\"url\":\"https:\\\/\\\/saumaustarvike.fi\\\/verkkokauppa\\\/wp-content\\\/uploads\\\/2019\\\/02\\\/logo.png\",\"contentUrl\":\"https:\\\/\\\/saumaustarvike.fi\\\/verkkokauppa\\\/wp-content\\\/uploads\\\/2019\\\/02\\\/logo.png\",\"width\":806,\"height\":150,\"caption\":\"Saumaustarvike.fi\"},\"image\":{\"@id\":\"https:\\\/\\\/saumaustarvike.fi\\\/verkkokauppa\\\/#\\\/schema\\\/logo\\\/image\\\/\"},\"sameAs\":[\"https:\\\/\\\/www.facebook.com\\\/Saumalaakso\"]}]}<\/script>\n<!-- \/ Yoast SEO plugin. -->","yoast_head_json":{"title":"Sika MonoTop-4012 betoninkorjauslaasti - Saumaustarvike.fi","description":"Sika MonoTop-412 N on 1-komponenttinen sementtipohjainen polymeerimodifioitu betoninkorjauslaasti joka t\u00e4ytt\u00e4\u00e4 EN 1504-3 luokan R4 vaatimukset","robots":{"index":"index","follow":"follow","max-snippet":"max-snippet:-1","max-image-preview":"max-image-preview:large","max-video-preview":"max-video-preview:-1"},"canonical":"https:\/\/saumaustarvike.fi\/verkkokauppa\/kauppa\/tuotemerkit\/sika-tuotemerkit\/monotop-laastit\/sika-monotop-4012-betoninkorjauslaasti\/","og_locale":"fi_FI","og_type":"article","og_title":"Sika MonoTop-4012 betoninkorjauslaasti - Saumaustarvike.fi","og_description":"Sika MonoTop-412 N on 1-komponenttinen sementtipohjainen polymeerimodifioitu betoninkorjauslaasti joka t\u00e4ytt\u00e4\u00e4 EN 1504-3 luokan R4 vaatimukset","og_url":"https:\/\/saumaustarvike.fi\/verkkokauppa\/kauppa\/tuotemerkit\/sika-tuotemerkit\/monotop-laastit\/sika-monotop-4012-betoninkorjauslaasti\/","og_site_name":"Saumaustarvike.fi","article_publisher":"https:\/\/www.facebook.com\/Saumalaakso","article_modified_time":"2024-09-12T06:00:56+00:00","og_image":[{"width":906,"height":1703,"url":"https:\/\/saumaustarvike.fi\/verkkokauppa\/content\/uploads\/2014\/11\/Tuotekuva-Sika-MonoTop-4012.jpg","type":"image\/jpeg"}],"twitter_misc":{"Arvioitu lukuaika":"1 minuutti"},"schema":{"@context":"https:\/\/schema.org","@graph":[{"@type":"WebPage","@id":"https:\/\/saumaustarvike.fi\/verkkokauppa\/kauppa\/tuotemerkit\/sika-tuotemerkit\/monotop-laastit\/sika-monotop-4012-betoninkorjauslaasti\/","url":"https:\/\/saumaustarvike.fi\/verkkokauppa\/kauppa\/tuotemerkit\/sika-tuotemerkit\/monotop-laastit\/sika-monotop-4012-betoninkorjauslaasti\/","name":"Sika MonoTop-4012 betoninkorjauslaasti - Saumaustarvike.fi","isPartOf":{"@id":"https:\/\/saumaustarvike.fi\/verkkokauppa\/#website"},"primaryImageOfPage":{"@id":"https:\/\/saumaustarvike.fi\/verkkokauppa\/kauppa\/tuotemerkit\/sika-tuotemerkit\/monotop-laastit\/sika-monotop-4012-betoninkorjauslaasti\/#primaryimage"},"image":{"@id":"https:\/\/saumaustarvike.fi\/verkkokauppa\/kauppa\/tuotemerkit\/sika-tuotemerkit\/monotop-laastit\/sika-monotop-4012-betoninkorjauslaasti\/#primaryimage"},"thumbnailUrl":"https:\/\/saumaustarvike.fi\/verkkokauppa\/wp-content\/uploads\/2014\/11\/Tuotekuva-Sika-MonoTop-4012.jpg","datePublished":"2014-11-29T08:38:53+00:00","dateModified":"2024-09-12T06:00:56+00:00","description":"Sika MonoTop-412 N on 1-komponenttinen sementtipohjainen polymeerimodifioitu betoninkorjauslaasti joka t\u00e4ytt\u00e4\u00e4 EN 1504-3 luokan R4 vaatimukset","breadcrumb":{"@id":"https:\/\/saumaustarvike.fi\/verkkokauppa\/kauppa\/tuotemerkit\/sika-tuotemerkit\/monotop-laastit\/sika-monotop-4012-betoninkorjauslaasti\/#breadcrumb"},"inLanguage":"fi","potentialAction":[{"@type":"ReadAction","target":["https:\/\/saumaustarvike.fi\/verkkokauppa\/kauppa\/tuotemerkit\/sika-tuotemerkit\/monotop-laastit\/sika-monotop-4012-betoninkorjauslaasti\/"]}]},{"@type":"ImageObject","inLanguage":"fi","@id":"https:\/\/saumaustarvike.fi\/verkkokauppa\/kauppa\/tuotemerkit\/sika-tuotemerkit\/monotop-laastit\/sika-monotop-4012-betoninkorjauslaasti\/#primaryimage","url":"https:\/\/saumaustarvike.fi\/verkkokauppa\/wp-content\/uploads\/2014\/11\/Tuotekuva-Sika-MonoTop-4012.jpg","contentUrl":"https:\/\/saumaustarvike.fi\/verkkokauppa\/wp-content\/uploads\/2014\/11\/Tuotekuva-Sika-MonoTop-4012.jpg","width":906,"height":1703},{"@type":"BreadcrumbList","@id":"https:\/\/saumaustarvike.fi\/verkkokauppa\/kauppa\/tuotemerkit\/sika-tuotemerkit\/monotop-laastit\/sika-monotop-4012-betoninkorjauslaasti\/#breadcrumb","itemListElement":[{"@type":"ListItem","position":1,"name":"Home","item":"https:\/\/saumaustarvike.fi\/verkkokauppa\/"},{"@type":"ListItem","position":2,"name":"Saumausmassat, tarvikkeet ja ty\u00f6kalut","item":"https:\/\/saumaustarvike.fi\/verkkokauppa\/kauppa\/"},{"@type":"ListItem","position":3,"name":"Sika MonoTop-4012 betoninkorjauslaasti"}]},{"@type":"WebSite","@id":"https:\/\/saumaustarvike.fi\/verkkokauppa\/#website","url":"https:\/\/saumaustarvike.fi\/verkkokauppa\/","name":"Saumaustarvike.fi","description":"Saumausmassat, tarvikkeet ja ty&ouml;kalut","publisher":{"@id":"https:\/\/saumaustarvike.fi\/verkkokauppa\/#organization"},"potentialAction":[{"@type":"SearchAction","target":{"@type":"EntryPoint","urlTemplate":"https:\/\/saumaustarvike.fi\/verkkokauppa\/?s={search_term_string}"},"query-input":{"@type":"PropertyValueSpecification","valueRequired":true,"valueName":"search_term_string"}}],"inLanguage":"fi"},{"@type":"Organization","@id":"https:\/\/saumaustarvike.fi\/verkkokauppa\/#organization","name":"Saumaustarvike.fi","url":"https:\/\/saumaustarvike.fi\/verkkokauppa\/","logo":{"@type":"ImageObject","inLanguage":"fi","@id":"https:\/\/saumaustarvike.fi\/verkkokauppa\/#\/schema\/logo\/image\/","url":"https:\/\/saumaustarvike.fi\/verkkokauppa\/wp-content\/uploads\/2019\/02\/logo.png","contentUrl":"https:\/\/saumaustarvike.fi\/verkkokauppa\/wp-content\/uploads\/2019\/02\/logo.png","width":806,"height":150,"caption":"Saumaustarvike.fi"},"image":{"@id":"https:\/\/saumaustarvike.fi\/verkkokauppa\/#\/schema\/logo\/image\/"},"sameAs":["https:\/\/www.facebook.com\/Saumalaakso"]}]}},"jetpack_sharing_enabled":true,"_links":{"self":[{"href":"https:\/\/saumaustarvike.fi\/verkkokauppa\/wp-json\/wp\/v2\/product\/5647","targetHints":{"allow":["GET"]}}],"collection":[{"href":"https:\/\/saumaustarvike.fi\/verkkokauppa\/wp-json\/wp\/v2\/product"}],"about":[{"href":"https:\/\/saumaustarvike.fi\/verkkokauppa\/wp-json\/wp\/v2\/types\/product"}],"replies":[{"embeddable":true,"href":"https:\/\/saumaustarvike.fi\/verkkokauppa\/wp-json\/wp\/v2\/comments?post=5647"}],"wp:featuredmedia":[{"embeddable":true,"href":"https:\/\/saumaustarvike.fi\/verkkokauppa\/wp-json\/wp\/v2\/media\/15797"}],"wp:attachment":[{"href":"https:\/\/saumaustarvike.fi\/verkkokauppa\/wp-json\/wp\/v2\/media?parent=5647"}],"wp:term":[{"taxonomy":"product_cat","embeddable":true,"href":"https:\/\/saumaustarvike.fi\/verkkokauppa\/wp-json\/wp\/v2\/product_cat?post=5647"},{"taxonomy":"product_tag","embeddable":true,"href":"https:\/\/saumaustarvike.fi\/verkkokauppa\/wp-json\/wp\/v2\/product_tag?post=5647"}],"curies":[{"name":"wp","href":"https:\/\/api.w.org\/{rel}","templated":true}]}}