{"id":5655,"date":"2014-11-29T11:10:42","date_gmt":"2014-11-29T09:10:42","guid":{"rendered":"https:\/\/saumaustarvike.fi\/verkkokauppa\/kauppa\/betonipaikkaus\/sika-monotop-620-ylitasoituslaasti-25kg\/"},"modified":"2024-09-12T09:00:07","modified_gmt":"2024-09-12T06:00:07","slug":"sika-monotop-3020-ylitasoituslaasti-25kg","status":"publish","type":"product","link":"https:\/\/saumaustarvike.fi\/verkkokauppa\/kauppa\/tuotemerkit\/sika-tuotemerkit\/monotop-laastit\/sika-monotop-3020-ylitasoituslaasti-25kg\/","title":{"rendered":"Sika MonoTop-3020 ylitasoituslaasti 25kg"},"content":{"rendered":"<h1>Sika MonoTop- 3020\u00a0ylitasoituslaasti 25kg<\/h1>\n<h2>Sementtipohjainen ylitasoituslaasti<\/h2>\n<p>Tasoitus- ja pinnoituslaasti 1,5-5 mm ylitasoituksiin. Antaa alkalisen suojan karbonatisoitumista vastaan. Voidaan ruiskuttaa.<\/p>\n<h3>Tuotekuvaus<\/h3>\n<p>Sika MonoTop\u00ae-3020 (entinen monotop-620) on 1-komponenttinen, sementtipohjainen, polymeerimodifioitu, matalaj\u00e4nnitteinen pinnoitus \/ viimeistelylaasti.<br \/>\nTuote sis\u00e4lt\u00e4\u00e4 kierr\u00e4tettyj\u00e4 raaka-aineita, mik\u00e4 voi pienent\u00e4\u00e4 hiilijalanj\u00e4lkilaskelmia.<\/p>\n<h3>K\u00e4ytt\u00f6<\/h3>\n<p>Sika MonoTop\u00ae-3020 tuotetta saa k\u00e4ytt\u00e4\u00e4 vain kokenut ammattilainen.<\/p>\n<p>\u25aa Ohutrappaukseen<br \/>\n\u25aa Betonin huokosten pinnoitukseen \/ ylitasoitukseen<br \/>\n\u25aaPieniin pintakorjauksiin (huokoset ja \u201dhunajakenno-betoni\u201d)<br \/>\n\u25aa Rakenteisiin jotka vaativat luokan R3,R2 tai R1 laastia<br \/>\n\u25aa Sis\u00e4- ja ulkok\u00e4ytt\u00f6\u00f6n<\/p>\n<h3>Ominaisuudet \/ Edut<\/h3>\n<p>\u25aa K\u00e4ytt\u00e4\u00e4 kierr\u00e4tettyj\u00e4 raaka-aineita<br \/>\n\u25aa Kerrospaksuus 1\u20135 mm<br \/>\n\u25aa P\u00f6lysidottu<br \/>\n\u25aaLevitys aina 5 mm saakka yhdell\u00e4 levityskerralla niin vaaka- kuin pystypinnoilla<br \/>\n\u25aa Korkea alkulujuus matalissakin l\u00e4mp\u00f6tiloissa<br \/>\n\u25aa Helposti levitett\u00e4viss\u00e4<br \/>\n\u25aa Matala halkeamaherkkyys<br \/>\n\u25aa Sulfaatin kest\u00e4v\u00e4<br \/>\n\u25aa K\u00e4si- ja konelevitteinen (m\u00e4rk\u00e4ruiskutus)<br \/>\n\u25aa Vastustaa hyvin veden ja kloridien tunkeutu-mista<br \/>\n\u25aa Yhteensopiva Sikagard\u00ae pinnoitteiden kanssa<br \/>\n\u25aa Valmis sekoitettavaksi veden kanssa<br \/>\n\u25aa Ei sis\u00e4ll\u00e4 klorideja tai muita korroosiota tukevia aineksia<br \/>\n\u25aa A1 paloluokka<br \/>\n\u25aa Luokan R3 laasti EN 1504-3 mukaan<br \/>\n\u25aa Soveltuu betonipintojen korjaukseen (EN 1504-9 periaate 3, menetelm\u00e4t 3.1 &amp; 3.3 mukaisesti).<br \/>\n\u25aa Soveltuu betonipintojen korjaukseen EN 1504-9 mukaan (periaate 7, kohta 7.1 ja 7.2)<br \/>\nPassiivisuuden s\u00e4ilytt\u00e4minen tai palauttaminen, raudoituksen<br \/>\nbetonipeitteen paksuntaminen sementtipitoisella laastilla<br \/>\ntai betonilla ja saastuneen tai karbonatisoituneen betonin korvaaminen uudella<\/p>\n<h3>Menekki<\/h3>\n<p>Menekki riippuu alusta ep\u00e4tasaisuudesta ja ty\u00f6stett\u00e4v\u00e4st\u00e4 kerrospaksuudesta.<br \/>\nMenekki suuntaa-antavasti:<br \/>\n~1,7 kg\/m\u00b2\/mm.<\/p>\n<h3>Pakkaus<\/h3>\n<p>25 kg paperis\u00e4kki<\/p>\n","protected":false},"excerpt":{"rendered":"<p>Tasoitus- ja pinnoituslaasti 1,5-5 mm ylitasoituksiin. Antaa alkalisen suojan karbonatisoitumista vastaan. Voidaan ruiskuttaa.<\/p>\n","protected":false},"featured_media":15919,"comment_status":"open","ping_status":"closed","template":"","meta":{"_acf_changed":false},"product_cat":[1561,1559,1592],"product_tag":[224,222,221,226,225,223,228,81,966,1162],"class_list":{"0":"post-5655","1":"product","2":"type-product","3":"status-publish","4":"has-post-thumbnail","6":"product_brand-sika","7":"product_cat-betonipaikkaus-kayttoalue","8":"product_cat-julkisivu-ja-seinien-huolto-puhdistus-ja-kunnostus","9":"product_cat-monotop-laastit","10":"product_tag-betoni","11":"product_tag-betonikorjaus","12":"product_tag-betonipaikkaus-2","13":"product_tag-laasti","14":"product_tag-monotop","15":"product_tag-paikkaus","16":"product_tag-sementti","17":"product_tag-sika-2","18":"product_tag-tasoitus","19":"product_tag-ylitasoitus","20":"product_shipping_class-raskaat-tavarat","22":"first","23":"instock","24":"taxable","25":"shipping-taxable","26":"purchasable","27":"product-type-simple"},"acf":[],"yoast_head":"<!-- This site is optimized with the Yoast SEO plugin v27.3 - https:\/\/yoast.com\/product\/yoast-seo-wordpress\/ -->\n<title>Sika MonoTop-3020 ylitasoituslaasti 25kg - Saumaustarvike.fi<\/title>\n<meta name=\"description\" content=\"Sika MonoTop- 620 Sementtipohjainen tasoitus- ja pinnoituslaasti 1,5-5 mm ylitasoituksiin. Antaa alkalisen suojan karbonatisoitumista vastaan.\" \/>\n<meta name=\"robots\" content=\"index, follow, max-snippet:-1, max-image-preview:large, max-video-preview:-1\" \/>\n<link rel=\"canonical\" href=\"https:\/\/saumaustarvike.fi\/verkkokauppa\/kauppa\/tuotemerkit\/sika-tuotemerkit\/monotop-laastit\/sika-monotop-3020-ylitasoituslaasti-25kg\/\" \/>\n<meta property=\"og:locale\" content=\"fi_FI\" \/>\n<meta property=\"og:type\" content=\"article\" \/>\n<meta property=\"og:title\" content=\"Sika MonoTop-3020 ylitasoituslaasti 25kg - Saumaustarvike.fi\" \/>\n<meta property=\"og:description\" content=\"Sika MonoTop- 620 Sementtipohjainen tasoitus- ja pinnoituslaasti 1,5-5 mm ylitasoituksiin. Antaa alkalisen suojan karbonatisoitumista vastaan.\" \/>\n<meta property=\"og:url\" content=\"https:\/\/saumaustarvike.fi\/verkkokauppa\/kauppa\/tuotemerkit\/sika-tuotemerkit\/monotop-laastit\/sika-monotop-3020-ylitasoituslaasti-25kg\/\" \/>\n<meta property=\"og:site_name\" content=\"Saumaustarvike.fi\" \/>\n<meta property=\"article:publisher\" content=\"https:\/\/www.facebook.com\/Saumalaakso\" \/>\n<meta property=\"article:modified_time\" content=\"2024-09-12T06:00:07+00:00\" \/>\n<meta property=\"og:image\" content=\"https:\/\/saumaustarvike.fi\/verkkokauppa\/content\/uploads\/2014\/11\/Tuotekuva-Sika-MonoTop-3020.jpg\" \/>\n\t<meta property=\"og:image:width\" content=\"906\" \/>\n\t<meta property=\"og:image:height\" content=\"1703\" \/>\n\t<meta property=\"og:image:type\" content=\"image\/jpeg\" \/>\n<meta name=\"twitter:label1\" content=\"Arvioitu lukuaika\" \/>\n\t<meta name=\"twitter:data1\" content=\"1 minuutti\" \/>\n<script type=\"application\/ld+json\" class=\"yoast-schema-graph\">{\"@context\":\"https:\\\/\\\/schema.org\",\"@graph\":[{\"@type\":\"WebPage\",\"@id\":\"https:\\\/\\\/saumaustarvike.fi\\\/verkkokauppa\\\/kauppa\\\/tuotemerkit\\\/sika-tuotemerkit\\\/monotop-laastit\\\/sika-monotop-3020-ylitasoituslaasti-25kg\\\/\",\"url\":\"https:\\\/\\\/saumaustarvike.fi\\\/verkkokauppa\\\/kauppa\\\/tuotemerkit\\\/sika-tuotemerkit\\\/monotop-laastit\\\/sika-monotop-3020-ylitasoituslaasti-25kg\\\/\",\"name\":\"Sika MonoTop-3020 ylitasoituslaasti 25kg - Saumaustarvike.fi\",\"isPartOf\":{\"@id\":\"https:\\\/\\\/saumaustarvike.fi\\\/verkkokauppa\\\/#website\"},\"primaryImageOfPage\":{\"@id\":\"https:\\\/\\\/saumaustarvike.fi\\\/verkkokauppa\\\/kauppa\\\/tuotemerkit\\\/sika-tuotemerkit\\\/monotop-laastit\\\/sika-monotop-3020-ylitasoituslaasti-25kg\\\/#primaryimage\"},\"image\":{\"@id\":\"https:\\\/\\\/saumaustarvike.fi\\\/verkkokauppa\\\/kauppa\\\/tuotemerkit\\\/sika-tuotemerkit\\\/monotop-laastit\\\/sika-monotop-3020-ylitasoituslaasti-25kg\\\/#primaryimage\"},\"thumbnailUrl\":\"https:\\\/\\\/saumaustarvike.fi\\\/verkkokauppa\\\/wp-content\\\/uploads\\\/2014\\\/11\\\/Tuotekuva-Sika-MonoTop-3020.jpg\",\"datePublished\":\"2014-11-29T09:10:42+00:00\",\"dateModified\":\"2024-09-12T06:00:07+00:00\",\"description\":\"Sika MonoTop- 620 Sementtipohjainen tasoitus- ja pinnoituslaasti 1,5-5 mm ylitasoituksiin. Antaa alkalisen suojan karbonatisoitumista vastaan.\",\"breadcrumb\":{\"@id\":\"https:\\\/\\\/saumaustarvike.fi\\\/verkkokauppa\\\/kauppa\\\/tuotemerkit\\\/sika-tuotemerkit\\\/monotop-laastit\\\/sika-monotop-3020-ylitasoituslaasti-25kg\\\/#breadcrumb\"},\"inLanguage\":\"fi\",\"potentialAction\":[{\"@type\":\"ReadAction\",\"target\":[\"https:\\\/\\\/saumaustarvike.fi\\\/verkkokauppa\\\/kauppa\\\/tuotemerkit\\\/sika-tuotemerkit\\\/monotop-laastit\\\/sika-monotop-3020-ylitasoituslaasti-25kg\\\/\"]}]},{\"@type\":\"ImageObject\",\"inLanguage\":\"fi\",\"@id\":\"https:\\\/\\\/saumaustarvike.fi\\\/verkkokauppa\\\/kauppa\\\/tuotemerkit\\\/sika-tuotemerkit\\\/monotop-laastit\\\/sika-monotop-3020-ylitasoituslaasti-25kg\\\/#primaryimage\",\"url\":\"https:\\\/\\\/saumaustarvike.fi\\\/verkkokauppa\\\/wp-content\\\/uploads\\\/2014\\\/11\\\/Tuotekuva-Sika-MonoTop-3020.jpg\",\"contentUrl\":\"https:\\\/\\\/saumaustarvike.fi\\\/verkkokauppa\\\/wp-content\\\/uploads\\\/2014\\\/11\\\/Tuotekuva-Sika-MonoTop-3020.jpg\",\"width\":906,\"height\":1703},{\"@type\":\"BreadcrumbList\",\"@id\":\"https:\\\/\\\/saumaustarvike.fi\\\/verkkokauppa\\\/kauppa\\\/tuotemerkit\\\/sika-tuotemerkit\\\/monotop-laastit\\\/sika-monotop-3020-ylitasoituslaasti-25kg\\\/#breadcrumb\",\"itemListElement\":[{\"@type\":\"ListItem\",\"position\":1,\"name\":\"Home\",\"item\":\"https:\\\/\\\/saumaustarvike.fi\\\/verkkokauppa\\\/\"},{\"@type\":\"ListItem\",\"position\":2,\"name\":\"Saumausmassat, tarvikkeet ja ty\u00f6kalut\",\"item\":\"https:\\\/\\\/saumaustarvike.fi\\\/verkkokauppa\\\/kauppa\\\/\"},{\"@type\":\"ListItem\",\"position\":3,\"name\":\"Sika MonoTop-3020 ylitasoituslaasti 25kg\"}]},{\"@type\":\"WebSite\",\"@id\":\"https:\\\/\\\/saumaustarvike.fi\\\/verkkokauppa\\\/#website\",\"url\":\"https:\\\/\\\/saumaustarvike.fi\\\/verkkokauppa\\\/\",\"name\":\"Saumaustarvike.fi\",\"description\":\"Saumausmassat, tarvikkeet ja ty&ouml;kalut\",\"publisher\":{\"@id\":\"https:\\\/\\\/saumaustarvike.fi\\\/verkkokauppa\\\/#organization\"},\"potentialAction\":[{\"@type\":\"SearchAction\",\"target\":{\"@type\":\"EntryPoint\",\"urlTemplate\":\"https:\\\/\\\/saumaustarvike.fi\\\/verkkokauppa\\\/?s={search_term_string}\"},\"query-input\":{\"@type\":\"PropertyValueSpecification\",\"valueRequired\":true,\"valueName\":\"search_term_string\"}}],\"inLanguage\":\"fi\"},{\"@type\":\"Organization\",\"@id\":\"https:\\\/\\\/saumaustarvike.fi\\\/verkkokauppa\\\/#organization\",\"name\":\"Saumaustarvike.fi\",\"url\":\"https:\\\/\\\/saumaustarvike.fi\\\/verkkokauppa\\\/\",\"logo\":{\"@type\":\"ImageObject\",\"inLanguage\":\"fi\",\"@id\":\"https:\\\/\\\/saumaustarvike.fi\\\/verkkokauppa\\\/#\\\/schema\\\/logo\\\/image\\\/\",\"url\":\"https:\\\/\\\/saumaustarvike.fi\\\/verkkokauppa\\\/wp-content\\\/uploads\\\/2019\\\/02\\\/logo.png\",\"contentUrl\":\"https:\\\/\\\/saumaustarvike.fi\\\/verkkokauppa\\\/wp-content\\\/uploads\\\/2019\\\/02\\\/logo.png\",\"width\":806,\"height\":150,\"caption\":\"Saumaustarvike.fi\"},\"image\":{\"@id\":\"https:\\\/\\\/saumaustarvike.fi\\\/verkkokauppa\\\/#\\\/schema\\\/logo\\\/image\\\/\"},\"sameAs\":[\"https:\\\/\\\/www.facebook.com\\\/Saumalaakso\"]}]}<\/script>\n<!-- \/ Yoast SEO plugin. -->","yoast_head_json":{"title":"Sika MonoTop-3020 ylitasoituslaasti 25kg - Saumaustarvike.fi","description":"Sika MonoTop- 620 Sementtipohjainen tasoitus- ja pinnoituslaasti 1,5-5 mm ylitasoituksiin. Antaa alkalisen suojan karbonatisoitumista vastaan.","robots":{"index":"index","follow":"follow","max-snippet":"max-snippet:-1","max-image-preview":"max-image-preview:large","max-video-preview":"max-video-preview:-1"},"canonical":"https:\/\/saumaustarvike.fi\/verkkokauppa\/kauppa\/tuotemerkit\/sika-tuotemerkit\/monotop-laastit\/sika-monotop-3020-ylitasoituslaasti-25kg\/","og_locale":"fi_FI","og_type":"article","og_title":"Sika MonoTop-3020 ylitasoituslaasti 25kg - Saumaustarvike.fi","og_description":"Sika MonoTop- 620 Sementtipohjainen tasoitus- ja pinnoituslaasti 1,5-5 mm ylitasoituksiin. Antaa alkalisen suojan karbonatisoitumista vastaan.","og_url":"https:\/\/saumaustarvike.fi\/verkkokauppa\/kauppa\/tuotemerkit\/sika-tuotemerkit\/monotop-laastit\/sika-monotop-3020-ylitasoituslaasti-25kg\/","og_site_name":"Saumaustarvike.fi","article_publisher":"https:\/\/www.facebook.com\/Saumalaakso","article_modified_time":"2024-09-12T06:00:07+00:00","og_image":[{"width":906,"height":1703,"url":"https:\/\/saumaustarvike.fi\/verkkokauppa\/content\/uploads\/2014\/11\/Tuotekuva-Sika-MonoTop-3020.jpg","type":"image\/jpeg"}],"twitter_misc":{"Arvioitu lukuaika":"1 minuutti"},"schema":{"@context":"https:\/\/schema.org","@graph":[{"@type":"WebPage","@id":"https:\/\/saumaustarvike.fi\/verkkokauppa\/kauppa\/tuotemerkit\/sika-tuotemerkit\/monotop-laastit\/sika-monotop-3020-ylitasoituslaasti-25kg\/","url":"https:\/\/saumaustarvike.fi\/verkkokauppa\/kauppa\/tuotemerkit\/sika-tuotemerkit\/monotop-laastit\/sika-monotop-3020-ylitasoituslaasti-25kg\/","name":"Sika MonoTop-3020 ylitasoituslaasti 25kg - Saumaustarvike.fi","isPartOf":{"@id":"https:\/\/saumaustarvike.fi\/verkkokauppa\/#website"},"primaryImageOfPage":{"@id":"https:\/\/saumaustarvike.fi\/verkkokauppa\/kauppa\/tuotemerkit\/sika-tuotemerkit\/monotop-laastit\/sika-monotop-3020-ylitasoituslaasti-25kg\/#primaryimage"},"image":{"@id":"https:\/\/saumaustarvike.fi\/verkkokauppa\/kauppa\/tuotemerkit\/sika-tuotemerkit\/monotop-laastit\/sika-monotop-3020-ylitasoituslaasti-25kg\/#primaryimage"},"thumbnailUrl":"https:\/\/saumaustarvike.fi\/verkkokauppa\/wp-content\/uploads\/2014\/11\/Tuotekuva-Sika-MonoTop-3020.jpg","datePublished":"2014-11-29T09:10:42+00:00","dateModified":"2024-09-12T06:00:07+00:00","description":"Sika MonoTop- 620 Sementtipohjainen tasoitus- ja pinnoituslaasti 1,5-5 mm ylitasoituksiin. Antaa alkalisen suojan karbonatisoitumista vastaan.","breadcrumb":{"@id":"https:\/\/saumaustarvike.fi\/verkkokauppa\/kauppa\/tuotemerkit\/sika-tuotemerkit\/monotop-laastit\/sika-monotop-3020-ylitasoituslaasti-25kg\/#breadcrumb"},"inLanguage":"fi","potentialAction":[{"@type":"ReadAction","target":["https:\/\/saumaustarvike.fi\/verkkokauppa\/kauppa\/tuotemerkit\/sika-tuotemerkit\/monotop-laastit\/sika-monotop-3020-ylitasoituslaasti-25kg\/"]}]},{"@type":"ImageObject","inLanguage":"fi","@id":"https:\/\/saumaustarvike.fi\/verkkokauppa\/kauppa\/tuotemerkit\/sika-tuotemerkit\/monotop-laastit\/sika-monotop-3020-ylitasoituslaasti-25kg\/#primaryimage","url":"https:\/\/saumaustarvike.fi\/verkkokauppa\/wp-content\/uploads\/2014\/11\/Tuotekuva-Sika-MonoTop-3020.jpg","contentUrl":"https:\/\/saumaustarvike.fi\/verkkokauppa\/wp-content\/uploads\/2014\/11\/Tuotekuva-Sika-MonoTop-3020.jpg","width":906,"height":1703},{"@type":"BreadcrumbList","@id":"https:\/\/saumaustarvike.fi\/verkkokauppa\/kauppa\/tuotemerkit\/sika-tuotemerkit\/monotop-laastit\/sika-monotop-3020-ylitasoituslaasti-25kg\/#breadcrumb","itemListElement":[{"@type":"ListItem","position":1,"name":"Home","item":"https:\/\/saumaustarvike.fi\/verkkokauppa\/"},{"@type":"ListItem","position":2,"name":"Saumausmassat, tarvikkeet ja ty\u00f6kalut","item":"https:\/\/saumaustarvike.fi\/verkkokauppa\/kauppa\/"},{"@type":"ListItem","position":3,"name":"Sika MonoTop-3020 ylitasoituslaasti 25kg"}]},{"@type":"WebSite","@id":"https:\/\/saumaustarvike.fi\/verkkokauppa\/#website","url":"https:\/\/saumaustarvike.fi\/verkkokauppa\/","name":"Saumaustarvike.fi","description":"Saumausmassat, tarvikkeet ja ty&ouml;kalut","publisher":{"@id":"https:\/\/saumaustarvike.fi\/verkkokauppa\/#organization"},"potentialAction":[{"@type":"SearchAction","target":{"@type":"EntryPoint","urlTemplate":"https:\/\/saumaustarvike.fi\/verkkokauppa\/?s={search_term_string}"},"query-input":{"@type":"PropertyValueSpecification","valueRequired":true,"valueName":"search_term_string"}}],"inLanguage":"fi"},{"@type":"Organization","@id":"https:\/\/saumaustarvike.fi\/verkkokauppa\/#organization","name":"Saumaustarvike.fi","url":"https:\/\/saumaustarvike.fi\/verkkokauppa\/","logo":{"@type":"ImageObject","inLanguage":"fi","@id":"https:\/\/saumaustarvike.fi\/verkkokauppa\/#\/schema\/logo\/image\/","url":"https:\/\/saumaustarvike.fi\/verkkokauppa\/wp-content\/uploads\/2019\/02\/logo.png","contentUrl":"https:\/\/saumaustarvike.fi\/verkkokauppa\/wp-content\/uploads\/2019\/02\/logo.png","width":806,"height":150,"caption":"Saumaustarvike.fi"},"image":{"@id":"https:\/\/saumaustarvike.fi\/verkkokauppa\/#\/schema\/logo\/image\/"},"sameAs":["https:\/\/www.facebook.com\/Saumalaakso"]}]}},"jetpack_sharing_enabled":true,"_links":{"self":[{"href":"https:\/\/saumaustarvike.fi\/verkkokauppa\/wp-json\/wp\/v2\/product\/5655","targetHints":{"allow":["GET"]}}],"collection":[{"href":"https:\/\/saumaustarvike.fi\/verkkokauppa\/wp-json\/wp\/v2\/product"}],"about":[{"href":"https:\/\/saumaustarvike.fi\/verkkokauppa\/wp-json\/wp\/v2\/types\/product"}],"replies":[{"embeddable":true,"href":"https:\/\/saumaustarvike.fi\/verkkokauppa\/wp-json\/wp\/v2\/comments?post=5655"}],"wp:featuredmedia":[{"embeddable":true,"href":"https:\/\/saumaustarvike.fi\/verkkokauppa\/wp-json\/wp\/v2\/media\/15919"}],"wp:attachment":[{"href":"https:\/\/saumaustarvike.fi\/verkkokauppa\/wp-json\/wp\/v2\/media?parent=5655"}],"wp:term":[{"taxonomy":"product_cat","embeddable":true,"href":"https:\/\/saumaustarvike.fi\/verkkokauppa\/wp-json\/wp\/v2\/product_cat?post=5655"},{"taxonomy":"product_tag","embeddable":true,"href":"https:\/\/saumaustarvike.fi\/verkkokauppa\/wp-json\/wp\/v2\/product_tag?post=5655"}],"curies":[{"name":"wp","href":"https:\/\/api.w.org\/{rel}","templated":true}]}}