{"id":5733,"date":"2014-11-30T16:47:22","date_gmt":"2014-11-30T14:47:22","guid":{"rendered":"https:\/\/saumaustarvike.fi\/verkkokauppa\/kauppa\/sika\/sikasil-c-rakenne-ja-saniteettisilikoni-300ml\/"},"modified":"2024-09-12T20:13:47","modified_gmt":"2024-09-12T17:13:47","slug":"sikasil-c-rakenne-saniteettisilikoni-300ml","status":"publish","type":"product","link":"https:\/\/saumaustarvike.fi\/verkkokauppa\/kauppa\/tuotemerkit\/sika-tuotemerkit\/sikasil-silikonimassat\/sikasil-c-rakenne-saniteettisilikoni-300ml\/","title":{"rendered":"Sikasil-C rakenne- ja saniteettisilikoni 300ml"},"content":{"rendered":"<h1>Sikasil-C rakenne- ja saniteettisilikoni<\/h1>\n<p>Neutraalikovettuva rakenne- ja saniteettisilikoni<\/p>\n<h2>Tuotekuvaus<\/h2>\n<p>Sikasil-C on yksikomponenttinen neutraali kovettuva silikoni sis\u00e4- ja ulkok\u00e4ytt\u00f6\u00f6n<\/p>\n<h3 class=\"base\">K\u00e4ytt\u00f6<\/h3>\n<p>Sikasil-C soveltuu lasitukseen ja s\u00e4\u00e4olojen kest\u00e4vyytt\u00e4 vaativiin kohteisiin pinnoille kuten lasi, metallit, maalatut pinnat, puu, akryyli, polykarbonaatti, lasitetut laatat ja saniteettitilat<\/p>\n<h3 class=\"base\">Ominaisuudet \/ Edut<\/h3>\n<ul>\n<li>Hyv\u00e4 tartunta useimpiin materiaaleihin ilman tartunta-ainetta<\/li>\n<li>Pitk\u00e4ik\u00e4inen homesuoja<\/li>\n<li>Erinomainen UV ja s\u00e4\u00e4nkesto ominaisuudet<\/li>\n<li>L\u00e4hes hajuton<\/li>\n<li>Ei aiheuta korroosioita<\/li>\n<li>Eritt\u00e4in elastinen ja joustava<\/li>\n<li><\/li>\n<\/ul>\n<h3 class=\"base\">V\u00e4ri<\/h3>\n<p>valkoinen<br \/>\nv\u00e4rit\u00f6n (vaihtelevasti varastossa)<\/p>\n<p>&nbsp;<\/p>\n<h3 class=\"base\">Pakkaus<\/h3>\n<p>300 ml patruuna<\/p>\n","protected":false},"excerpt":{"rendered":"<p>Sikasil-C on yksikomponenttinen neutraali kovettuva silikoni sis\u00e4- ja ulkok\u00e4ytt\u00f6\u00f6n<\/p>\n","protected":false},"featured_media":16361,"comment_status":"open","ping_status":"closed","template":"","meta":{"_acf_changed":false},"product_cat":[1991,2008,1813,2033,1998,2015,2034,2016,2017,2035,2036,2018,2037,2019,2038,2020,2021,1992,2009,1815,2039,2000,2001,2022,1993,2010,1816,2040,2041,2023,1994,2011,2042,2024,1995,2012,2043,2025,1819,2026,1996,2013,2004,2044,2032,2045,1820,2027,1997,2014,2005,2046,1821,2047,2028,2006,1822,1627,1602,1549,2048,2029,1823,2007,2030,2049,1553],"product_tag":[166,167,163,76,81,116,79,80],"class_list":{"0":"post-5733","1":"product","2":"type-product","3":"status-publish","4":"has-post-thumbnail","6":"product_brand-sika","7":"product_cat-khwp-alumiini","8":"product_cat-khlr-alumiini","9":"product_cat-kta-alumiini","10":"product_cat-khlv-alumiini","11":"product_cat-khla-alumiini","12":"product_cat-khsr-alumiini","13":"product_cat-khlv-betoni","14":"product_cat-khsr-betoni","15":"product_cat-khsr-eristelevy","16":"product_cat-khlv-eristelevy","17":"product_cat-khlv-harkko","18":"product_cat-khsr-harkko","19":"product_cat-khlv-kevytbetoni","20":"product_cat-khsr-kevytbetoni","21":"product_cat-khlv-kipsilevy","22":"product_cat-khsr-kipsilevy","23":"product_cat-khsr-komposiitti","24":"product_cat-khwp-komposiitti","25":"product_cat-khlr-komposiitti","26":"product_cat-kta-komposiitti","27":"product_cat-khlv-komposiitti","28":"product_cat-khla-komposiitti","29":"product_cat-khla-laatta","30":"product_cat-khsr-laatta","31":"product_cat-khwp-laatta","32":"product_cat-khlr-laatta","33":"product_cat-kta-laatta","34":"product_cat-khlv-laatta","35":"product_cat-khlv-luonnonkivi","36":"product_cat-khsr-luonnonkivi","37":"product_cat-khwp-luonnonkivi","38":"product_cat-khlr-luonnonkivi","39":"product_cat-khlv-maalattu-pinta","40":"product_cat-khsr-maalattu-pinta","41":"product_cat-khwp-marmori","42":"product_cat-khlr-marmori","43":"product_cat-khlv-marmori","44":"product_cat-khsr-marmori","45":"product_cat-kta-muovi","46":"product_cat-khsr-muovi","47":"product_cat-khwp-muovi","48":"product_cat-khlr-muovi","49":"product_cat-khla-muovi","50":"product_cat-khlv-muovi","51":"product_cat-khsr-peili","52":"product_cat-khlv-pelti","53":"product_cat-kta-pelti","54":"product_cat-khsr-pelti","55":"product_cat-khwp-pelti","56":"product_cat-khlr-pelti","57":"product_cat-khla-pelti","58":"product_cat-khlv-putkieriste","59":"product_cat-kta-puu","60":"product_cat-khlv-puu","61":"product_cat-khsr-puu","62":"product_cat-khla-puu","63":"product_cat-kta-rosteri","64":"product_cat-saumaus","65":"product_cat-sikasil-silikonimassat","66":"product_cat-silikonipohjaiset","67":"product_cat-khlv-teras","68":"product_cat-khsr-teras","69":"product_cat-kta-teras","70":"product_cat-khla-teras","71":"product_cat-khsr-tiili","72":"product_cat-khlv-tiili","73":"product_cat-tiivistys-tuotteet","74":"product_tag-lasisilikoni","75":"product_tag-lasitussilikoni","76":"product_tag-saniteettisilikoni","77":"product_tag-saumaus","78":"product_tag-sika-2","79":"product_tag-silikoni","80":"product_tag-tiiviste","81":"product_tag-tiivistys-2","82":"pa_vari-valkoinen","84":"first","85":"onbackorder","86":"taxable","87":"shipping-taxable","88":"purchasable","89":"product-type-variable"},"acf":[],"yoast_head":"<!-- This site is optimized with the Yoast SEO plugin v27.3 - https:\/\/yoast.com\/product\/yoast-seo-wordpress\/ -->\n<title>Sikasil-C rakenne- ja saniteettisilikoni 300ml - Saumaustarvike.fi<\/title>\n<meta name=\"robots\" content=\"index, follow, max-snippet:-1, max-image-preview:large, max-video-preview:-1\" \/>\n<link rel=\"canonical\" href=\"https:\/\/saumaustarvike.fi\/verkkokauppa\/kauppa\/tuotemerkit\/sika-tuotemerkit\/sikasil-silikonimassat\/sikasil-c-rakenne-saniteettisilikoni-300ml\/\" \/>\n<meta property=\"og:locale\" content=\"fi_FI\" \/>\n<meta property=\"og:type\" content=\"article\" \/>\n<meta property=\"og:title\" content=\"Sikasil-C rakenne- ja saniteettisilikoni 300ml - Saumaustarvike.fi\" \/>\n<meta property=\"og:description\" content=\"Sikasil-C on yksikomponenttinen neutraali kovettuva silikoni sis\u00e4- ja ulkok\u00e4ytt\u00f6\u00f6n\" \/>\n<meta property=\"og:url\" content=\"https:\/\/saumaustarvike.fi\/verkkokauppa\/kauppa\/tuotemerkit\/sika-tuotemerkit\/sikasil-silikonimassat\/sikasil-c-rakenne-saniteettisilikoni-300ml\/\" \/>\n<meta property=\"og:site_name\" content=\"Saumaustarvike.fi\" \/>\n<meta property=\"article:publisher\" content=\"https:\/\/www.facebook.com\/Saumalaakso\" \/>\n<meta property=\"article:modified_time\" content=\"2024-09-12T17:13:47+00:00\" \/>\n<meta property=\"og:image\" content=\"https:\/\/saumaustarvike.fi\/verkkokauppa\/content\/uploads\/2014\/11\/saumaustarvike-Sikasil-C-rakenne-ja-saniteettisilikoni-300ml.jpg\" \/>\n\t<meta property=\"og:image:width\" content=\"1000\" \/>\n\t<meta property=\"og:image:height\" content=\"1000\" \/>\n\t<meta property=\"og:image:type\" content=\"image\/jpeg\" \/>\n<meta name=\"twitter:label1\" content=\"Arvioitu lukuaika\" \/>\n\t<meta name=\"twitter:data1\" content=\"1 minuutti\" \/>\n<script type=\"application\/ld+json\" class=\"yoast-schema-graph\">{\"@context\":\"https:\\\/\\\/schema.org\",\"@graph\":[{\"@type\":\"WebPage\",\"@id\":\"https:\\\/\\\/saumaustarvike.fi\\\/verkkokauppa\\\/kauppa\\\/tuotemerkit\\\/sika-tuotemerkit\\\/sikasil-silikonimassat\\\/sikasil-c-rakenne-saniteettisilikoni-300ml\\\/\",\"url\":\"https:\\\/\\\/saumaustarvike.fi\\\/verkkokauppa\\\/kauppa\\\/tuotemerkit\\\/sika-tuotemerkit\\\/sikasil-silikonimassat\\\/sikasil-c-rakenne-saniteettisilikoni-300ml\\\/\",\"name\":\"Sikasil-C rakenne- ja saniteettisilikoni 300ml - Saumaustarvike.fi\",\"isPartOf\":{\"@id\":\"https:\\\/\\\/saumaustarvike.fi\\\/verkkokauppa\\\/#website\"},\"primaryImageOfPage\":{\"@id\":\"https:\\\/\\\/saumaustarvike.fi\\\/verkkokauppa\\\/kauppa\\\/tuotemerkit\\\/sika-tuotemerkit\\\/sikasil-silikonimassat\\\/sikasil-c-rakenne-saniteettisilikoni-300ml\\\/#primaryimage\"},\"image\":{\"@id\":\"https:\\\/\\\/saumaustarvike.fi\\\/verkkokauppa\\\/kauppa\\\/tuotemerkit\\\/sika-tuotemerkit\\\/sikasil-silikonimassat\\\/sikasil-c-rakenne-saniteettisilikoni-300ml\\\/#primaryimage\"},\"thumbnailUrl\":\"https:\\\/\\\/saumaustarvike.fi\\\/verkkokauppa\\\/wp-content\\\/uploads\\\/2014\\\/11\\\/saumaustarvike-Sikasil-C-rakenne-ja-saniteettisilikoni-300ml.jpg\",\"datePublished\":\"2014-11-30T14:47:22+00:00\",\"dateModified\":\"2024-09-12T17:13:47+00:00\",\"breadcrumb\":{\"@id\":\"https:\\\/\\\/saumaustarvike.fi\\\/verkkokauppa\\\/kauppa\\\/tuotemerkit\\\/sika-tuotemerkit\\\/sikasil-silikonimassat\\\/sikasil-c-rakenne-saniteettisilikoni-300ml\\\/#breadcrumb\"},\"inLanguage\":\"fi\",\"potentialAction\":[{\"@type\":\"ReadAction\",\"target\":[\"https:\\\/\\\/saumaustarvike.fi\\\/verkkokauppa\\\/kauppa\\\/tuotemerkit\\\/sika-tuotemerkit\\\/sikasil-silikonimassat\\\/sikasil-c-rakenne-saniteettisilikoni-300ml\\\/\"]}]},{\"@type\":\"ImageObject\",\"inLanguage\":\"fi\",\"@id\":\"https:\\\/\\\/saumaustarvike.fi\\\/verkkokauppa\\\/kauppa\\\/tuotemerkit\\\/sika-tuotemerkit\\\/sikasil-silikonimassat\\\/sikasil-c-rakenne-saniteettisilikoni-300ml\\\/#primaryimage\",\"url\":\"https:\\\/\\\/saumaustarvike.fi\\\/verkkokauppa\\\/wp-content\\\/uploads\\\/2014\\\/11\\\/saumaustarvike-Sikasil-C-rakenne-ja-saniteettisilikoni-300ml.jpg\",\"contentUrl\":\"https:\\\/\\\/saumaustarvike.fi\\\/verkkokauppa\\\/wp-content\\\/uploads\\\/2014\\\/11\\\/saumaustarvike-Sikasil-C-rakenne-ja-saniteettisilikoni-300ml.jpg\",\"width\":1000,\"height\":1000},{\"@type\":\"BreadcrumbList\",\"@id\":\"https:\\\/\\\/saumaustarvike.fi\\\/verkkokauppa\\\/kauppa\\\/tuotemerkit\\\/sika-tuotemerkit\\\/sikasil-silikonimassat\\\/sikasil-c-rakenne-saniteettisilikoni-300ml\\\/#breadcrumb\",\"itemListElement\":[{\"@type\":\"ListItem\",\"position\":1,\"name\":\"Home\",\"item\":\"https:\\\/\\\/saumaustarvike.fi\\\/verkkokauppa\\\/\"},{\"@type\":\"ListItem\",\"position\":2,\"name\":\"Saumausmassat, tarvikkeet ja ty\u00f6kalut\",\"item\":\"https:\\\/\\\/saumaustarvike.fi\\\/verkkokauppa\\\/kauppa\\\/\"},{\"@type\":\"ListItem\",\"position\":3,\"name\":\"Sikasil-C rakenne- ja saniteettisilikoni 300ml\"}]},{\"@type\":\"WebSite\",\"@id\":\"https:\\\/\\\/saumaustarvike.fi\\\/verkkokauppa\\\/#website\",\"url\":\"https:\\\/\\\/saumaustarvike.fi\\\/verkkokauppa\\\/\",\"name\":\"Saumaustarvike.fi\",\"description\":\"Saumausmassat, tarvikkeet ja ty&ouml;kalut\",\"publisher\":{\"@id\":\"https:\\\/\\\/saumaustarvike.fi\\\/verkkokauppa\\\/#organization\"},\"potentialAction\":[{\"@type\":\"SearchAction\",\"target\":{\"@type\":\"EntryPoint\",\"urlTemplate\":\"https:\\\/\\\/saumaustarvike.fi\\\/verkkokauppa\\\/?s={search_term_string}\"},\"query-input\":{\"@type\":\"PropertyValueSpecification\",\"valueRequired\":true,\"valueName\":\"search_term_string\"}}],\"inLanguage\":\"fi\"},{\"@type\":\"Organization\",\"@id\":\"https:\\\/\\\/saumaustarvike.fi\\\/verkkokauppa\\\/#organization\",\"name\":\"Saumaustarvike.fi\",\"url\":\"https:\\\/\\\/saumaustarvike.fi\\\/verkkokauppa\\\/\",\"logo\":{\"@type\":\"ImageObject\",\"inLanguage\":\"fi\",\"@id\":\"https:\\\/\\\/saumaustarvike.fi\\\/verkkokauppa\\\/#\\\/schema\\\/logo\\\/image\\\/\",\"url\":\"https:\\\/\\\/saumaustarvike.fi\\\/verkkokauppa\\\/wp-content\\\/uploads\\\/2019\\\/02\\\/logo.png\",\"contentUrl\":\"https:\\\/\\\/saumaustarvike.fi\\\/verkkokauppa\\\/wp-content\\\/uploads\\\/2019\\\/02\\\/logo.png\",\"width\":806,\"height\":150,\"caption\":\"Saumaustarvike.fi\"},\"image\":{\"@id\":\"https:\\\/\\\/saumaustarvike.fi\\\/verkkokauppa\\\/#\\\/schema\\\/logo\\\/image\\\/\"},\"sameAs\":[\"https:\\\/\\\/www.facebook.com\\\/Saumalaakso\"]}]}<\/script>\n<!-- \/ Yoast SEO plugin. -->","yoast_head_json":{"title":"Sikasil-C rakenne- ja saniteettisilikoni 300ml - Saumaustarvike.fi","robots":{"index":"index","follow":"follow","max-snippet":"max-snippet:-1","max-image-preview":"max-image-preview:large","max-video-preview":"max-video-preview:-1"},"canonical":"https:\/\/saumaustarvike.fi\/verkkokauppa\/kauppa\/tuotemerkit\/sika-tuotemerkit\/sikasil-silikonimassat\/sikasil-c-rakenne-saniteettisilikoni-300ml\/","og_locale":"fi_FI","og_type":"article","og_title":"Sikasil-C rakenne- ja saniteettisilikoni 300ml - Saumaustarvike.fi","og_description":"Sikasil-C on yksikomponenttinen neutraali kovettuva silikoni sis\u00e4- ja ulkok\u00e4ytt\u00f6\u00f6n","og_url":"https:\/\/saumaustarvike.fi\/verkkokauppa\/kauppa\/tuotemerkit\/sika-tuotemerkit\/sikasil-silikonimassat\/sikasil-c-rakenne-saniteettisilikoni-300ml\/","og_site_name":"Saumaustarvike.fi","article_publisher":"https:\/\/www.facebook.com\/Saumalaakso","article_modified_time":"2024-09-12T17:13:47+00:00","og_image":[{"width":1000,"height":1000,"url":"https:\/\/saumaustarvike.fi\/verkkokauppa\/content\/uploads\/2014\/11\/saumaustarvike-Sikasil-C-rakenne-ja-saniteettisilikoni-300ml.jpg","type":"image\/jpeg"}],"twitter_misc":{"Arvioitu lukuaika":"1 minuutti"},"schema":{"@context":"https:\/\/schema.org","@graph":[{"@type":"WebPage","@id":"https:\/\/saumaustarvike.fi\/verkkokauppa\/kauppa\/tuotemerkit\/sika-tuotemerkit\/sikasil-silikonimassat\/sikasil-c-rakenne-saniteettisilikoni-300ml\/","url":"https:\/\/saumaustarvike.fi\/verkkokauppa\/kauppa\/tuotemerkit\/sika-tuotemerkit\/sikasil-silikonimassat\/sikasil-c-rakenne-saniteettisilikoni-300ml\/","name":"Sikasil-C rakenne- ja saniteettisilikoni 300ml - Saumaustarvike.fi","isPartOf":{"@id":"https:\/\/saumaustarvike.fi\/verkkokauppa\/#website"},"primaryImageOfPage":{"@id":"https:\/\/saumaustarvike.fi\/verkkokauppa\/kauppa\/tuotemerkit\/sika-tuotemerkit\/sikasil-silikonimassat\/sikasil-c-rakenne-saniteettisilikoni-300ml\/#primaryimage"},"image":{"@id":"https:\/\/saumaustarvike.fi\/verkkokauppa\/kauppa\/tuotemerkit\/sika-tuotemerkit\/sikasil-silikonimassat\/sikasil-c-rakenne-saniteettisilikoni-300ml\/#primaryimage"},"thumbnailUrl":"https:\/\/saumaustarvike.fi\/verkkokauppa\/wp-content\/uploads\/2014\/11\/saumaustarvike-Sikasil-C-rakenne-ja-saniteettisilikoni-300ml.jpg","datePublished":"2014-11-30T14:47:22+00:00","dateModified":"2024-09-12T17:13:47+00:00","breadcrumb":{"@id":"https:\/\/saumaustarvike.fi\/verkkokauppa\/kauppa\/tuotemerkit\/sika-tuotemerkit\/sikasil-silikonimassat\/sikasil-c-rakenne-saniteettisilikoni-300ml\/#breadcrumb"},"inLanguage":"fi","potentialAction":[{"@type":"ReadAction","target":["https:\/\/saumaustarvike.fi\/verkkokauppa\/kauppa\/tuotemerkit\/sika-tuotemerkit\/sikasil-silikonimassat\/sikasil-c-rakenne-saniteettisilikoni-300ml\/"]}]},{"@type":"ImageObject","inLanguage":"fi","@id":"https:\/\/saumaustarvike.fi\/verkkokauppa\/kauppa\/tuotemerkit\/sika-tuotemerkit\/sikasil-silikonimassat\/sikasil-c-rakenne-saniteettisilikoni-300ml\/#primaryimage","url":"https:\/\/saumaustarvike.fi\/verkkokauppa\/wp-content\/uploads\/2014\/11\/saumaustarvike-Sikasil-C-rakenne-ja-saniteettisilikoni-300ml.jpg","contentUrl":"https:\/\/saumaustarvike.fi\/verkkokauppa\/wp-content\/uploads\/2014\/11\/saumaustarvike-Sikasil-C-rakenne-ja-saniteettisilikoni-300ml.jpg","width":1000,"height":1000},{"@type":"BreadcrumbList","@id":"https:\/\/saumaustarvike.fi\/verkkokauppa\/kauppa\/tuotemerkit\/sika-tuotemerkit\/sikasil-silikonimassat\/sikasil-c-rakenne-saniteettisilikoni-300ml\/#breadcrumb","itemListElement":[{"@type":"ListItem","position":1,"name":"Home","item":"https:\/\/saumaustarvike.fi\/verkkokauppa\/"},{"@type":"ListItem","position":2,"name":"Saumausmassat, tarvikkeet ja ty\u00f6kalut","item":"https:\/\/saumaustarvike.fi\/verkkokauppa\/kauppa\/"},{"@type":"ListItem","position":3,"name":"Sikasil-C rakenne- ja saniteettisilikoni 300ml"}]},{"@type":"WebSite","@id":"https:\/\/saumaustarvike.fi\/verkkokauppa\/#website","url":"https:\/\/saumaustarvike.fi\/verkkokauppa\/","name":"Saumaustarvike.fi","description":"Saumausmassat, tarvikkeet ja ty&ouml;kalut","publisher":{"@id":"https:\/\/saumaustarvike.fi\/verkkokauppa\/#organization"},"potentialAction":[{"@type":"SearchAction","target":{"@type":"EntryPoint","urlTemplate":"https:\/\/saumaustarvike.fi\/verkkokauppa\/?s={search_term_string}"},"query-input":{"@type":"PropertyValueSpecification","valueRequired":true,"valueName":"search_term_string"}}],"inLanguage":"fi"},{"@type":"Organization","@id":"https:\/\/saumaustarvike.fi\/verkkokauppa\/#organization","name":"Saumaustarvike.fi","url":"https:\/\/saumaustarvike.fi\/verkkokauppa\/","logo":{"@type":"ImageObject","inLanguage":"fi","@id":"https:\/\/saumaustarvike.fi\/verkkokauppa\/#\/schema\/logo\/image\/","url":"https:\/\/saumaustarvike.fi\/verkkokauppa\/wp-content\/uploads\/2019\/02\/logo.png","contentUrl":"https:\/\/saumaustarvike.fi\/verkkokauppa\/wp-content\/uploads\/2019\/02\/logo.png","width":806,"height":150,"caption":"Saumaustarvike.fi"},"image":{"@id":"https:\/\/saumaustarvike.fi\/verkkokauppa\/#\/schema\/logo\/image\/"},"sameAs":["https:\/\/www.facebook.com\/Saumalaakso"]}]}},"jetpack_sharing_enabled":true,"_links":{"self":[{"href":"https:\/\/saumaustarvike.fi\/verkkokauppa\/wp-json\/wp\/v2\/product\/5733","targetHints":{"allow":["GET"]}}],"collection":[{"href":"https:\/\/saumaustarvike.fi\/verkkokauppa\/wp-json\/wp\/v2\/product"}],"about":[{"href":"https:\/\/saumaustarvike.fi\/verkkokauppa\/wp-json\/wp\/v2\/types\/product"}],"replies":[{"embeddable":true,"href":"https:\/\/saumaustarvike.fi\/verkkokauppa\/wp-json\/wp\/v2\/comments?post=5733"}],"wp:featuredmedia":[{"embeddable":true,"href":"https:\/\/saumaustarvike.fi\/verkkokauppa\/wp-json\/wp\/v2\/media\/16361"}],"wp:attachment":[{"href":"https:\/\/saumaustarvike.fi\/verkkokauppa\/wp-json\/wp\/v2\/media?parent=5733"}],"wp:term":[{"taxonomy":"product_cat","embeddable":true,"href":"https:\/\/saumaustarvike.fi\/verkkokauppa\/wp-json\/wp\/v2\/product_cat?post=5733"},{"taxonomy":"product_tag","embeddable":true,"href":"https:\/\/saumaustarvike.fi\/verkkokauppa\/wp-json\/wp\/v2\/product_tag?post=5733"}],"curies":[{"name":"wp","href":"https:\/\/api.w.org\/{rel}","templated":true}]}}