{"id":5768,"date":"2014-11-30T18:58:52","date_gmt":"2014-11-30T16:58:52","guid":{"rendered":"https:\/\/saumaustarvike.fi\/verkkokauppa\/kauppa\/illbruck\/illbruck-fs500-rakennussilikoni-600ml\/"},"modified":"2024-09-02T09:32:43","modified_gmt":"2024-09-02T06:32:43","slug":"illbruck-fs500-rakennussilikoni-600ml","status":"publish","type":"product","link":"https:\/\/saumaustarvike.fi\/verkkokauppa\/kauppa\/tuotemerkit\/illbruck\/saumaus-tiivitys-liimamassat-ja-kitit\/illbruck-fs500-rakennussilikoni-600ml\/","title":{"rendered":"illbruck FS500 Rakennussilikoni 600ml"},"content":{"rendered":"<h1>illbruck FS500 Rakennussilikoni 600ml<\/h1>\n<p>Matalakimmoisa silikonisaumausmassa rakennus- ja lasitussaumoihin.<\/p>\n<h2>K\u00e4ytt\u00f6tarkoitus<\/h2>\n<p>Neutraali silikonisaumausmassa rakennus- ja lasitussaumoihin. Se muodostaa kuivuttuaan matalakimmoisan ja elastisen sauman. Soveltuu mm. liikuntasaumoihin, ikkunaja ovirakenteisiin, polykarbonaattipinnoille, PVF2- ja muille muovipinnoille<\/p>\n<h2>Yhteenveto eduista<\/h2>\n<p>\u2022 Eritt\u00e4in hyv\u00e4 tartunta yleisimpiin rakennusmateriaaleihin<br \/>\n\u2022 Pohjustusta ei yleens\u00e4 tarvita.<br \/>\n\u2022 Kest\u00e4\u00e4 hyvin UV-valon ja s\u00e4\u00e4n vaikutuksia<br \/>\n\u2022 Laaja liikevara 50 %<br \/>\n\u2022 Neutraalisti kuivuva &#8211; l\u00e4hes hajuton.<br \/>\n\u2022 Ei aiheuta korroosioriski\u00e4 tartuntapinnassa<br \/>\n\u2022 Matalakimmoisuus takaa alhaisen j\u00e4nnityksen tartuntapintaan<br \/>\n\u2022 T\u00e4ytt\u00e4\u00e4 mm. standardin ISO 11600 vaatimukset, luokat F-25LM ja G- 25LM.<\/p>\n<p>&nbsp;<\/p>\n<h2>V\u00e4ri<\/h2>\n<p>valkoinen<br \/>\nharmaa<\/p>\n<h2>Pakkaus<\/h2>\n<p>600 ml kalvopakkaus<\/p>\n","protected":false},"excerpt":{"rendered":"<p>Neutraali silikonisaumausmassa rakennus- ja lasitussaumoihin. Se muodostaa kuivuttuaan matalakimmoisan ja elastisen sauman.<\/p>\n","protected":false},"featured_media":16340,"comment_status":"open","ping_status":"closed","template":"","meta":{"_acf_changed":false},"product_cat":[1685,1767,1670,1752,1700,1737,1690,1627,1605,1743,1721,1691,1675,1758,1706,1707,1744,1722,1676,1759,1549,1553],"product_tag":[511,133,167,233,116,78,148],"class_list":{"0":"post-5768","1":"product","2":"type-product","3":"status-publish","4":"has-post-thumbnail","6":"product_brand-illbruck","7":"product_cat-jil-lasi","8":"product_cat-plls-lasi","9":"product_cat-jjs-lasi","10":"product_cat-ipl-lasi","11":"product_cat-jpl-lasi","12":"product_cat-iil-lasi","13":"product_cat-jil-puu","14":"product_cat-saumaus","15":"product_cat-saumaus-tiivitys-liimamassat-ja-kitit","16":"product_cat-iil-sementtirappaus","17":"product_cat-jtm-sementtirappaus","18":"product_cat-jil-sementtirappaus","19":"product_cat-jjs-sementtirappaus","20":"product_cat-ipl-sementtirappaus","21":"product_cat-jpl-sementtirappaus","22":"product_cat-jpl-silikaattirappaus","23":"product_cat-iil-silikaattirappaus","24":"product_cat-jtm-silikaattirappaus","25":"product_cat-jjs-silikaattirappaus","26":"product_cat-ipl-silikaattirappaus","27":"product_cat-silikonipohjaiset","28":"product_cat-tiivistys-tuotteet","29":"product_tag-illbruck","30":"product_tag-julkisivumassa","31":"product_tag-lasitussilikoni","32":"product_tag-liikuntasauma","33":"product_tag-silikoni","34":"product_tag-tremco","35":"product_tag-tremco-illbruck","36":"pa_vari-harmaa","37":"pa_vari-valkoinen","39":"first","40":"onbackorder","41":"taxable","42":"shipping-taxable","43":"purchasable","44":"product-type-variable"},"acf":[],"yoast_head":"<!-- This site is optimized with the Yoast SEO plugin v27.3 - https:\/\/yoast.com\/product\/yoast-seo-wordpress\/ -->\n<title>illbruck FS500 Rakennussilikoni 600ml - Saumaustarvike.fi<\/title>\n<meta name=\"robots\" content=\"index, follow, max-snippet:-1, max-image-preview:large, max-video-preview:-1\" \/>\n<link rel=\"canonical\" href=\"https:\/\/saumaustarvike.fi\/verkkokauppa\/kauppa\/tuotemerkit\/illbruck\/saumaus-tiivitys-liimamassat-ja-kitit\/illbruck-fs500-rakennussilikoni-600ml\/\" \/>\n<meta property=\"og:locale\" content=\"fi_FI\" \/>\n<meta property=\"og:type\" content=\"article\" \/>\n<meta property=\"og:title\" content=\"illbruck FS500 Rakennussilikoni 600ml - Saumaustarvike.fi\" \/>\n<meta property=\"og:description\" content=\"Neutraali silikonisaumausmassa rakennus- ja lasitussaumoihin. Se muodostaa kuivuttuaan matalakimmoisan ja elastisen sauman.\" \/>\n<meta property=\"og:url\" content=\"https:\/\/saumaustarvike.fi\/verkkokauppa\/kauppa\/tuotemerkit\/illbruck\/saumaus-tiivitys-liimamassat-ja-kitit\/illbruck-fs500-rakennussilikoni-600ml\/\" \/>\n<meta property=\"og:site_name\" content=\"Saumaustarvike.fi\" \/>\n<meta property=\"article:publisher\" content=\"https:\/\/www.facebook.com\/Saumalaakso\" \/>\n<meta property=\"article:modified_time\" content=\"2024-09-02T06:32:43+00:00\" \/>\n<meta property=\"og:image\" content=\"https:\/\/saumaustarvike.fi\/verkkokauppa\/content\/uploads\/2014\/11\/Saumaustarvike-illbruck-FS500-Rakennussilikoni.jpg\" \/>\n\t<meta property=\"og:image:width\" content=\"1000\" \/>\n\t<meta property=\"og:image:height\" content=\"1000\" \/>\n\t<meta property=\"og:image:type\" content=\"image\/jpeg\" \/>\n<meta name=\"twitter:label1\" content=\"Arvioitu lukuaika\" \/>\n\t<meta name=\"twitter:data1\" content=\"1 minuutti\" \/>\n<script type=\"application\/ld+json\" class=\"yoast-schema-graph\">{\"@context\":\"https:\\\/\\\/schema.org\",\"@graph\":[{\"@type\":\"WebPage\",\"@id\":\"https:\\\/\\\/saumaustarvike.fi\\\/verkkokauppa\\\/kauppa\\\/tuotemerkit\\\/illbruck\\\/saumaus-tiivitys-liimamassat-ja-kitit\\\/illbruck-fs500-rakennussilikoni-600ml\\\/\",\"url\":\"https:\\\/\\\/saumaustarvike.fi\\\/verkkokauppa\\\/kauppa\\\/tuotemerkit\\\/illbruck\\\/saumaus-tiivitys-liimamassat-ja-kitit\\\/illbruck-fs500-rakennussilikoni-600ml\\\/\",\"name\":\"illbruck FS500 Rakennussilikoni 600ml - Saumaustarvike.fi\",\"isPartOf\":{\"@id\":\"https:\\\/\\\/saumaustarvike.fi\\\/verkkokauppa\\\/#website\"},\"primaryImageOfPage\":{\"@id\":\"https:\\\/\\\/saumaustarvike.fi\\\/verkkokauppa\\\/kauppa\\\/tuotemerkit\\\/illbruck\\\/saumaus-tiivitys-liimamassat-ja-kitit\\\/illbruck-fs500-rakennussilikoni-600ml\\\/#primaryimage\"},\"image\":{\"@id\":\"https:\\\/\\\/saumaustarvike.fi\\\/verkkokauppa\\\/kauppa\\\/tuotemerkit\\\/illbruck\\\/saumaus-tiivitys-liimamassat-ja-kitit\\\/illbruck-fs500-rakennussilikoni-600ml\\\/#primaryimage\"},\"thumbnailUrl\":\"https:\\\/\\\/saumaustarvike.fi\\\/verkkokauppa\\\/wp-content\\\/uploads\\\/2014\\\/11\\\/Saumaustarvike-illbruck-FS500-Rakennussilikoni.jpg\",\"datePublished\":\"2014-11-30T16:58:52+00:00\",\"dateModified\":\"2024-09-02T06:32:43+00:00\",\"breadcrumb\":{\"@id\":\"https:\\\/\\\/saumaustarvike.fi\\\/verkkokauppa\\\/kauppa\\\/tuotemerkit\\\/illbruck\\\/saumaus-tiivitys-liimamassat-ja-kitit\\\/illbruck-fs500-rakennussilikoni-600ml\\\/#breadcrumb\"},\"inLanguage\":\"fi\",\"potentialAction\":[{\"@type\":\"ReadAction\",\"target\":[\"https:\\\/\\\/saumaustarvike.fi\\\/verkkokauppa\\\/kauppa\\\/tuotemerkit\\\/illbruck\\\/saumaus-tiivitys-liimamassat-ja-kitit\\\/illbruck-fs500-rakennussilikoni-600ml\\\/\"]}]},{\"@type\":\"ImageObject\",\"inLanguage\":\"fi\",\"@id\":\"https:\\\/\\\/saumaustarvike.fi\\\/verkkokauppa\\\/kauppa\\\/tuotemerkit\\\/illbruck\\\/saumaus-tiivitys-liimamassat-ja-kitit\\\/illbruck-fs500-rakennussilikoni-600ml\\\/#primaryimage\",\"url\":\"https:\\\/\\\/saumaustarvike.fi\\\/verkkokauppa\\\/wp-content\\\/uploads\\\/2014\\\/11\\\/Saumaustarvike-illbruck-FS500-Rakennussilikoni.jpg\",\"contentUrl\":\"https:\\\/\\\/saumaustarvike.fi\\\/verkkokauppa\\\/wp-content\\\/uploads\\\/2014\\\/11\\\/Saumaustarvike-illbruck-FS500-Rakennussilikoni.jpg\",\"width\":1000,\"height\":1000},{\"@type\":\"BreadcrumbList\",\"@id\":\"https:\\\/\\\/saumaustarvike.fi\\\/verkkokauppa\\\/kauppa\\\/tuotemerkit\\\/illbruck\\\/saumaus-tiivitys-liimamassat-ja-kitit\\\/illbruck-fs500-rakennussilikoni-600ml\\\/#breadcrumb\",\"itemListElement\":[{\"@type\":\"ListItem\",\"position\":1,\"name\":\"Home\",\"item\":\"https:\\\/\\\/saumaustarvike.fi\\\/verkkokauppa\\\/\"},{\"@type\":\"ListItem\",\"position\":2,\"name\":\"Saumausmassat, tarvikkeet ja ty\u00f6kalut\",\"item\":\"https:\\\/\\\/saumaustarvike.fi\\\/verkkokauppa\\\/kauppa\\\/\"},{\"@type\":\"ListItem\",\"position\":3,\"name\":\"illbruck FS500 Rakennussilikoni 600ml\"}]},{\"@type\":\"WebSite\",\"@id\":\"https:\\\/\\\/saumaustarvike.fi\\\/verkkokauppa\\\/#website\",\"url\":\"https:\\\/\\\/saumaustarvike.fi\\\/verkkokauppa\\\/\",\"name\":\"Saumaustarvike.fi\",\"description\":\"Saumausmassat, tarvikkeet ja ty&ouml;kalut\",\"publisher\":{\"@id\":\"https:\\\/\\\/saumaustarvike.fi\\\/verkkokauppa\\\/#organization\"},\"potentialAction\":[{\"@type\":\"SearchAction\",\"target\":{\"@type\":\"EntryPoint\",\"urlTemplate\":\"https:\\\/\\\/saumaustarvike.fi\\\/verkkokauppa\\\/?s={search_term_string}\"},\"query-input\":{\"@type\":\"PropertyValueSpecification\",\"valueRequired\":true,\"valueName\":\"search_term_string\"}}],\"inLanguage\":\"fi\"},{\"@type\":\"Organization\",\"@id\":\"https:\\\/\\\/saumaustarvike.fi\\\/verkkokauppa\\\/#organization\",\"name\":\"Saumaustarvike.fi\",\"url\":\"https:\\\/\\\/saumaustarvike.fi\\\/verkkokauppa\\\/\",\"logo\":{\"@type\":\"ImageObject\",\"inLanguage\":\"fi\",\"@id\":\"https:\\\/\\\/saumaustarvike.fi\\\/verkkokauppa\\\/#\\\/schema\\\/logo\\\/image\\\/\",\"url\":\"https:\\\/\\\/saumaustarvike.fi\\\/verkkokauppa\\\/wp-content\\\/uploads\\\/2019\\\/02\\\/logo.png\",\"contentUrl\":\"https:\\\/\\\/saumaustarvike.fi\\\/verkkokauppa\\\/wp-content\\\/uploads\\\/2019\\\/02\\\/logo.png\",\"width\":806,\"height\":150,\"caption\":\"Saumaustarvike.fi\"},\"image\":{\"@id\":\"https:\\\/\\\/saumaustarvike.fi\\\/verkkokauppa\\\/#\\\/schema\\\/logo\\\/image\\\/\"},\"sameAs\":[\"https:\\\/\\\/www.facebook.com\\\/Saumalaakso\"]}]}<\/script>\n<!-- \/ Yoast SEO plugin. -->","yoast_head_json":{"title":"illbruck FS500 Rakennussilikoni 600ml - Saumaustarvike.fi","robots":{"index":"index","follow":"follow","max-snippet":"max-snippet:-1","max-image-preview":"max-image-preview:large","max-video-preview":"max-video-preview:-1"},"canonical":"https:\/\/saumaustarvike.fi\/verkkokauppa\/kauppa\/tuotemerkit\/illbruck\/saumaus-tiivitys-liimamassat-ja-kitit\/illbruck-fs500-rakennussilikoni-600ml\/","og_locale":"fi_FI","og_type":"article","og_title":"illbruck FS500 Rakennussilikoni 600ml - Saumaustarvike.fi","og_description":"Neutraali silikonisaumausmassa rakennus- ja lasitussaumoihin. Se muodostaa kuivuttuaan matalakimmoisan ja elastisen sauman.","og_url":"https:\/\/saumaustarvike.fi\/verkkokauppa\/kauppa\/tuotemerkit\/illbruck\/saumaus-tiivitys-liimamassat-ja-kitit\/illbruck-fs500-rakennussilikoni-600ml\/","og_site_name":"Saumaustarvike.fi","article_publisher":"https:\/\/www.facebook.com\/Saumalaakso","article_modified_time":"2024-09-02T06:32:43+00:00","og_image":[{"width":1000,"height":1000,"url":"https:\/\/saumaustarvike.fi\/verkkokauppa\/content\/uploads\/2014\/11\/Saumaustarvike-illbruck-FS500-Rakennussilikoni.jpg","type":"image\/jpeg"}],"twitter_misc":{"Arvioitu lukuaika":"1 minuutti"},"schema":{"@context":"https:\/\/schema.org","@graph":[{"@type":"WebPage","@id":"https:\/\/saumaustarvike.fi\/verkkokauppa\/kauppa\/tuotemerkit\/illbruck\/saumaus-tiivitys-liimamassat-ja-kitit\/illbruck-fs500-rakennussilikoni-600ml\/","url":"https:\/\/saumaustarvike.fi\/verkkokauppa\/kauppa\/tuotemerkit\/illbruck\/saumaus-tiivitys-liimamassat-ja-kitit\/illbruck-fs500-rakennussilikoni-600ml\/","name":"illbruck FS500 Rakennussilikoni 600ml - Saumaustarvike.fi","isPartOf":{"@id":"https:\/\/saumaustarvike.fi\/verkkokauppa\/#website"},"primaryImageOfPage":{"@id":"https:\/\/saumaustarvike.fi\/verkkokauppa\/kauppa\/tuotemerkit\/illbruck\/saumaus-tiivitys-liimamassat-ja-kitit\/illbruck-fs500-rakennussilikoni-600ml\/#primaryimage"},"image":{"@id":"https:\/\/saumaustarvike.fi\/verkkokauppa\/kauppa\/tuotemerkit\/illbruck\/saumaus-tiivitys-liimamassat-ja-kitit\/illbruck-fs500-rakennussilikoni-600ml\/#primaryimage"},"thumbnailUrl":"https:\/\/saumaustarvike.fi\/verkkokauppa\/wp-content\/uploads\/2014\/11\/Saumaustarvike-illbruck-FS500-Rakennussilikoni.jpg","datePublished":"2014-11-30T16:58:52+00:00","dateModified":"2024-09-02T06:32:43+00:00","breadcrumb":{"@id":"https:\/\/saumaustarvike.fi\/verkkokauppa\/kauppa\/tuotemerkit\/illbruck\/saumaus-tiivitys-liimamassat-ja-kitit\/illbruck-fs500-rakennussilikoni-600ml\/#breadcrumb"},"inLanguage":"fi","potentialAction":[{"@type":"ReadAction","target":["https:\/\/saumaustarvike.fi\/verkkokauppa\/kauppa\/tuotemerkit\/illbruck\/saumaus-tiivitys-liimamassat-ja-kitit\/illbruck-fs500-rakennussilikoni-600ml\/"]}]},{"@type":"ImageObject","inLanguage":"fi","@id":"https:\/\/saumaustarvike.fi\/verkkokauppa\/kauppa\/tuotemerkit\/illbruck\/saumaus-tiivitys-liimamassat-ja-kitit\/illbruck-fs500-rakennussilikoni-600ml\/#primaryimage","url":"https:\/\/saumaustarvike.fi\/verkkokauppa\/wp-content\/uploads\/2014\/11\/Saumaustarvike-illbruck-FS500-Rakennussilikoni.jpg","contentUrl":"https:\/\/saumaustarvike.fi\/verkkokauppa\/wp-content\/uploads\/2014\/11\/Saumaustarvike-illbruck-FS500-Rakennussilikoni.jpg","width":1000,"height":1000},{"@type":"BreadcrumbList","@id":"https:\/\/saumaustarvike.fi\/verkkokauppa\/kauppa\/tuotemerkit\/illbruck\/saumaus-tiivitys-liimamassat-ja-kitit\/illbruck-fs500-rakennussilikoni-600ml\/#breadcrumb","itemListElement":[{"@type":"ListItem","position":1,"name":"Home","item":"https:\/\/saumaustarvike.fi\/verkkokauppa\/"},{"@type":"ListItem","position":2,"name":"Saumausmassat, tarvikkeet ja ty\u00f6kalut","item":"https:\/\/saumaustarvike.fi\/verkkokauppa\/kauppa\/"},{"@type":"ListItem","position":3,"name":"illbruck FS500 Rakennussilikoni 600ml"}]},{"@type":"WebSite","@id":"https:\/\/saumaustarvike.fi\/verkkokauppa\/#website","url":"https:\/\/saumaustarvike.fi\/verkkokauppa\/","name":"Saumaustarvike.fi","description":"Saumausmassat, tarvikkeet ja ty&ouml;kalut","publisher":{"@id":"https:\/\/saumaustarvike.fi\/verkkokauppa\/#organization"},"potentialAction":[{"@type":"SearchAction","target":{"@type":"EntryPoint","urlTemplate":"https:\/\/saumaustarvike.fi\/verkkokauppa\/?s={search_term_string}"},"query-input":{"@type":"PropertyValueSpecification","valueRequired":true,"valueName":"search_term_string"}}],"inLanguage":"fi"},{"@type":"Organization","@id":"https:\/\/saumaustarvike.fi\/verkkokauppa\/#organization","name":"Saumaustarvike.fi","url":"https:\/\/saumaustarvike.fi\/verkkokauppa\/","logo":{"@type":"ImageObject","inLanguage":"fi","@id":"https:\/\/saumaustarvike.fi\/verkkokauppa\/#\/schema\/logo\/image\/","url":"https:\/\/saumaustarvike.fi\/verkkokauppa\/wp-content\/uploads\/2019\/02\/logo.png","contentUrl":"https:\/\/saumaustarvike.fi\/verkkokauppa\/wp-content\/uploads\/2019\/02\/logo.png","width":806,"height":150,"caption":"Saumaustarvike.fi"},"image":{"@id":"https:\/\/saumaustarvike.fi\/verkkokauppa\/#\/schema\/logo\/image\/"},"sameAs":["https:\/\/www.facebook.com\/Saumalaakso"]}]}},"jetpack_sharing_enabled":true,"_links":{"self":[{"href":"https:\/\/saumaustarvike.fi\/verkkokauppa\/wp-json\/wp\/v2\/product\/5768","targetHints":{"allow":["GET"]}}],"collection":[{"href":"https:\/\/saumaustarvike.fi\/verkkokauppa\/wp-json\/wp\/v2\/product"}],"about":[{"href":"https:\/\/saumaustarvike.fi\/verkkokauppa\/wp-json\/wp\/v2\/types\/product"}],"replies":[{"embeddable":true,"href":"https:\/\/saumaustarvike.fi\/verkkokauppa\/wp-json\/wp\/v2\/comments?post=5768"}],"wp:featuredmedia":[{"embeddable":true,"href":"https:\/\/saumaustarvike.fi\/verkkokauppa\/wp-json\/wp\/v2\/media\/16340"}],"wp:attachment":[{"href":"https:\/\/saumaustarvike.fi\/verkkokauppa\/wp-json\/wp\/v2\/media?parent=5768"}],"wp:term":[{"taxonomy":"product_cat","embeddable":true,"href":"https:\/\/saumaustarvike.fi\/verkkokauppa\/wp-json\/wp\/v2\/product_cat?post=5768"},{"taxonomy":"product_tag","embeddable":true,"href":"https:\/\/saumaustarvike.fi\/verkkokauppa\/wp-json\/wp\/v2\/product_tag?post=5768"}],"curies":[{"name":"wp","href":"https:\/\/api.w.org\/{rel}","templated":true}]}}