{"id":5783,"date":"2014-11-30T19:19:01","date_gmt":"2014-11-30T17:19:01","guid":{"rendered":"https:\/\/saumaustarvike.fi\/verkkokauppa\/kauppa\/hybridims-polymeeri-massat\/illbruck-sp525-saumausmassa-600ml\/"},"modified":"2025-08-06T10:54:38","modified_gmt":"2025-08-06T07:54:38","slug":"illbruck-sp525-saumausmassa-600ml","status":"publish","type":"product","link":"https:\/\/saumaustarvike.fi\/verkkokauppa\/kauppa\/tuotemerkit\/illbruck\/saumaus-tiivitys-liimamassat-ja-kitit\/illbruck-sp525-saumausmassa-600ml\/","title":{"rendered":"Illbruck SP525 saumausmassa 600ml M1"},"content":{"rendered":"<h1>illbruck SP525 saumausmassa<\/h1>\n<h2>K\u00e4ytt\u00f6tarkoitus<\/h2>\n<p>Yksikomponenttinen, elastinen ja\u00a0uusimpaan SP-teknologiaan perustuva\u00a0saumausmassa.\u00a0Suositellaan rakennuksen sis\u00e4puolisiin\u00a0saumoihin, mutta soveltuu my\u00f6s ulos.<\/p>\n<h2>Esity\u00f6t \/ Huomioitavaa ennen k\u00e4ytt\u00f6\u00e4<\/h2>\n<p>\u2022 Leveyden ja syvyyden suhde tulisi olla 2:1. Sauman tulisi\u00a0olla kuitenkin v\u00e4hint\u00e4\u00e4n 10 mm syv\u00e4 huokoisia ja 6 mm eihuokoisia\u00a0rakennusmateriaaleja k\u00e4ytett\u00e4ess\u00e4<br \/>\n\u2022 Tee soveltuvuustesti ennen k\u00e4ytt\u00f6\u00e4<br \/>\n\u2022 Suojaa ymp\u00e4r\u00f6iv\u00e4t pinnat<br \/>\n\u2022 Pintojen tulee olla t\u00e4ysin puhtaat, kuivat, p\u00f6lytt\u00f6m\u00e4t ja\u00a0rasvattomat<br \/>\n\u2022 Pohjusta saumattavat alustat kuten betoni, kevyt betoni,\u00a0tiilet, laastit jne. aina AT140 pohjusteella, kovat pinnat\u00a0AT150 pohjusteella ja anna pohjusteen kuivua.<br \/>\n\u2022 Pohjustusta ei tarvita lasi-, alumiini-, keramiikka-, lakattu\u00a0puu-, PVC-, epoksi- ja polyesteripinnoilla<br \/>\n\u2022 Asenna normaali umpisoluinen pohjanauha haluttuun\u00a0syvyyteen, siten ett\u00e4 se on puristuksissa; Saumamassa saa\u00a0kolmisivuisen tartunnan, saumasta tulee oikean syvyinen ja\u00a0sauma saa tukevan pohjan.<br \/>\n\u2022 Jos saumansyvyys ei ole tarpeeksi syv\u00e4 pohjanauhalle,\u00a0k\u00e4yt\u00e4 tarkoitukseen sopivaa teippi\u00e4<\/p>\n<h2>Yhteenveto eduista<\/h2>\n<p>\u2022 Ymp\u00e4rist\u00f6yst\u00e4v\u00e4llisempi vaihtoehto\u00a0perinteisille polyuretaanimassoille<br \/>\n\u2022 Ei sis\u00e4ll\u00e4 liuotinaineita ja\u00a0isosyanaatteja<br \/>\n\u2022 Pysyv\u00e4sti joustava sauma,<br \/>\n\u2022 Erinomaiset ty\u00f6st\u00f6ominaisuudet<br \/>\n\u2022 Erinomainen UV-valon ja\u00a0s\u00e4\u00e4nkest\u00e4vyys<br \/>\n\u2022 Sopii k\u00e4ytett\u00e4v\u00e4ksi kaikkien\u00a0yleisimpien rakennusmateriaalien\u00a0kanssa<br \/>\n\u2022 T\u00e4ytt\u00e4\u00e4 ISO 11600 F-25-LM\u00a0vaatimukset<\/p>\n<h2>V\u00e4ri<\/h2>\n<p>Valkoinen (RAL 9003)<br \/>\nVaaleanharmaa (NCS S 3500-N)<br \/>\nMusta (RAL 9011)<\/p>\n<h2>Pakkaus<\/h2>\n<p>600 ml kalvopakkaus<\/p>\n<h2>Tekniset tiedot<\/h2>\n<p>P\u00e4\u00e4sideaine <strong>Hybridipolymeeri<\/strong><br \/>\nOminaispaino DIN 52451 <strong>1.6 g\/cm3<\/strong><br \/>\nValuma EN 27390, 20 mm profiililla <strong>0 mm<\/strong><br \/>\nNahoittumisaika 23 \u00b0C \/ 50 % RH <strong>Noin 30 min<\/strong><br \/>\nKuivumisaika 20 \u00b0C <strong>1 vrk \/ 3 mm<\/strong><br \/>\nKutistuvuus DIN EN ISO 1056 <strong>3,5 %<\/strong><br \/>\nElastinen venym\u00e4 100 % DIN EN ISO 8339 <strong>noin 0,38 N\/mm\u00b2<\/strong><br \/>\nVetolujuus DIN 53504 S2 <strong>1,35 N \/ mm\u00b2<\/strong><br \/>\nMurtovenym\u00e4 DIN 53504 S2 <strong>noin 550%<\/strong><br \/>\nElastinen palautuma DIN EN ISO 7389 <strong>74%<\/strong><br \/>\nKovuus <strong>Shore A 25<\/strong><br \/>\nLiikevara <strong>25 %<\/strong><br \/>\nS\u00e4ilytys <strong>Katso viimeinen k\u00e4ytt\u00f6p\u00e4iv\u00e4 pakkauksesta (EXP). S\u00e4ilyt\u00e4 kuivassa ja valolta suojattuna, +5\u00b0C &#8211; +25\u00b0C.<\/strong><br \/>\n<strong>S\u00e4ilytysaika 12 kk, kun s\u00e4ilytet\u00e4\u00e4n alkuper\u00e4isiss\u00e4 avaamattomissa pakkauksissa.<\/strong><br \/>\nK\u00e4ytt\u00f6l\u00e4mp\u00f6tila<strong> +5 \u00b0C &#8211; +40 \u00b0C<\/strong><br \/>\nL\u00e4mp\u00f6tilankesto <strong>-40 \u00b0C &#8211; +90 \u00b0C<\/strong><\/p>\n","protected":false},"excerpt":{"rendered":"<p>illbruck SP525 saumausmassa illbruckin innovatiiviseen SP-teknologiaan perustuva, M1-luokiteltu, valumaton ja elastinen saumausmassa. Ulko- ja sis\u00e4k\u00e4ytt\u00f6\u00f6n.<\/p>\n","protected":false},"featured_media":8921,"comment_status":"open","ping_status":"closed","template":"","meta":{"_acf_changed":false},"product_cat":[1976,1892,1907,1824,1939,1856,1923,1840,1924,1841,1977,1893,1908,1825,1940,1857,1941,1858,1942,1859,1925,1842,1978,1894,1909,1826,1547,1910,1827,1943,1860,1926,1843,1979,1895,1896,1980,1911,1828,1944,1861,1927,1844,1928,1845,1897,1981,1912,1829,1945,1862,1929,1846,1898,1982,1913,1830,1946,1863,1686,1947,1864,1738,1715,1930,1847,1671,1753,1899,1768,1983,1701,1914,1831,1915,1832,1948,1865,1931,1848,1900,1984,1702,1901,1985,1687,1916,1833,1949,1866,1716,1672,1932,1849,1717,1933,1850,1902,1986,1688,1917,1834,1950,1867,1951,1868,1719,1704,1934,1851,1903,1987,1918,1835,1673,1791,1952,1869,1919,1836,1953,1870,1935,1852,1904,1988,1627,1605,1920,1837,1936,1853,1989,1792,1921,1838,1954,1871,1905,1937,1854,1906,1938,1855,1990,1922,1839,1955,1872,1553],"product_tag":[89,972,146,147,511,725,75,76,208,78,148],"class_list":{"0":"post-5783","1":"product","2":"type-product","3":"status-publish","4":"has-post-thumbnail","6":"product_brand-illbruck","7":"product_cat-hok-alumiini","8":"product_cat-kok-alumiini","9":"product_cat-hlr-alumiini","10":"product_cat-klr-alumiini","11":"product_cat-hlv-alumiini","12":"product_cat-klv-alumiini","13":"product_cat-hsr-alumiini","14":"product_cat-ksk-alumiini","15":"product_cat-hsr-betoni","16":"product_cat-ksk-betoni","17":"product_cat-hok-betoni","18":"product_cat-kok-betoni","19":"product_cat-hlr-betoni","20":"product_cat-klr-betoni","21":"product_cat-hlv-betoni","22":"product_cat-klv-betoni","23":"product_cat-hlv-eristelevy","24":"product_cat-klv-eristelevy","25":"product_cat-hlv-harkko","26":"product_cat-klv-harkko","27":"product_cat-hsr-harkko","28":"product_cat-ksk-harkko","29":"product_cat-hok-harkko","30":"product_cat-kok-harkko","31":"product_cat-hlr-harkko","32":"product_cat-klr-harkko","33":"product_cat-hybridi-smp-ja-ms-polymeerit","34":"product_cat-hlr-kevytbetoni","35":"product_cat-klr-kevytbetoni","36":"product_cat-hlv-kevytbetoni","37":"product_cat-klv-kevytbetoni","38":"product_cat-hsr-kevytbetoni","39":"product_cat-ksk-kevytbetoni","40":"product_cat-hok-kevytbetoni","41":"product_cat-kok-kevytbetoni","42":"product_cat-kok-kipsilevy","43":"product_cat-hok-kipsilevy","44":"product_cat-hlr-kipsilevy","45":"product_cat-klr-kipsilevy","46":"product_cat-hlv-kipsilevy","47":"product_cat-klv-kipsilevy","48":"product_cat-hsr-kipsilevy","49":"product_cat-ksk-kipsilevy","50":"product_cat-hsr-komposiitti","51":"product_cat-ksk-komposiitti","52":"product_cat-kok-komposiitti","53":"product_cat-hok-komposiitti","54":"product_cat-hlr-komposiitti","55":"product_cat-klr-komposiitti","56":"product_cat-hlv-komposiitti","57":"product_cat-klv-komposiitti","58":"product_cat-hsr-laatta","59":"product_cat-ksk-laatta","60":"product_cat-kok-laatta","61":"product_cat-hok-laatta","62":"product_cat-hlr-laatta","63":"product_cat-klr-laatta","64":"product_cat-hlv-laatta","65":"product_cat-klv-laatta","66":"product_cat-jil-luonnonkivi","67":"product_cat-hlv-luonnonkivi","68":"product_cat-klv-luonnonkivi","69":"product_cat-iil-luonnonkivi","70":"product_cat-jtm-luonnonkivi","71":"product_cat-hsr-luonnonkivi","72":"product_cat-ksk-luonnonkivi","73":"product_cat-jjs-luonnonkivi","74":"product_cat-ipl-luonnonkivi","75":"product_cat-kok-luonnonkivi","76":"product_cat-plls-luonnonkivi","77":"product_cat-hok-luonnonkivi","78":"product_cat-jpl-luonnonkivi","79":"product_cat-hlr-luonnonkivi","80":"product_cat-klr-luonnonkivi","81":"product_cat-hlr-maalattu-pinta","82":"product_cat-klr-maalattu-pinta","83":"product_cat-hlv-maalattu-pinta","84":"product_cat-klv-maalattu-pinta","85":"product_cat-hsr-maalattu-pinta","86":"product_cat-ksk-maalattu-pinta","87":"product_cat-kok-maalattu-pinta","88":"product_cat-hok-maalattu-pinta","89":"product_cat-jpl-marmori","90":"product_cat-kok-marmori","91":"product_cat-hok-marmori","92":"product_cat-jil-marmori","93":"product_cat-hlr-marmori","94":"product_cat-klr-marmori","95":"product_cat-hlv-marmori","96":"product_cat-klv-marmori","97":"product_cat-jtm-marmori","98":"product_cat-jjs-marmori","99":"product_cat-hsr-marmori","100":"product_cat-ksk-marmori","101":"product_cat-jtm-metalli","102":"product_cat-hsr-muovi","103":"product_cat-ksk-muovi","104":"product_cat-kok-muovi","105":"product_cat-hok-muovi","106":"product_cat-jil-muovi","107":"product_cat-hlr-muovi","108":"product_cat-klr-muovi","109":"product_cat-hlv-muovi","110":"product_cat-klv-muovi","111":"product_cat-hlv-pelti","112":"product_cat-klv-pelti","113":"product_cat-jtm-pelti","114":"product_cat-jpl-pelti","115":"product_cat-hsr-pelti","116":"product_cat-ksk-pelti","117":"product_cat-kok-pelti","118":"product_cat-hok-pelti","119":"product_cat-hlr-pelti","120":"product_cat-klr-pelti","121":"product_cat-jjs-pelti","122":"product_cat-kk-pelti","123":"product_cat-hlv-putkieriste","124":"product_cat-klv-putkieriste","125":"product_cat-hlr-puu","126":"product_cat-klr-puu","127":"product_cat-hlv-puu","128":"product_cat-klv-puu","129":"product_cat-hsr-puu","130":"product_cat-ksk-puu","131":"product_cat-kok-puu","132":"product_cat-hok-puu","133":"product_cat-saumaus","134":"product_cat-saumaus-tiivitys-liimamassat-ja-kitit","135":"product_cat-hlr-stryrox","136":"product_cat-klr-stryrox","137":"product_cat-hsr-stryrox","138":"product_cat-ksk-stryrox","139":"product_cat-hok-teras","140":"product_cat-kk-teras","141":"product_cat-hlr-teras","142":"product_cat-klr-teras","143":"product_cat-hlv-teras","144":"product_cat-klv-teras","145":"product_cat-kok-teras","146":"product_cat-hsr-teras","147":"product_cat-ksk-teras","148":"product_cat-kok-tiili","149":"product_cat-hsr-tiili","150":"product_cat-ksk-tiili","151":"product_cat-hok-tiili","152":"product_cat-hlr-tiili","153":"product_cat-klr-tiili","154":"product_cat-hlv-tiili","155":"product_cat-klv-tiili","156":"product_cat-tiivistys-tuotteet","157":"product_tag-elastinen","158":"product_tag-elementtisaumaus","159":"product_tag-hybridimassa","160":"product_tag-hybridipolymeeri","161":"product_tag-illbruck","162":"product_tag-m1","163":"product_tag-saumamassa","164":"product_tag-saumaus","165":"product_tag-saumausmassa","166":"product_tag-tremco","167":"product_tag-tremco-illbruck","168":"pa_vari-musta","169":"pa_vari-vaaleanharmaa","170":"pa_vari-valkoinen","172":"first","173":"onbackorder","174":"featured","175":"taxable","176":"shipping-taxable","177":"purchasable","178":"product-type-variable"},"acf":[],"yoast_head":"<!-- This site is optimized with the Yoast SEO plugin v27.3 - https:\/\/yoast.com\/product\/yoast-seo-wordpress\/ -->\n<title>Illbruck SP525 saumausmassa 600ml M1 - Saumaustarvike.fi<\/title>\n<meta name=\"robots\" content=\"index, follow, max-snippet:-1, max-image-preview:large, max-video-preview:-1\" \/>\n<link rel=\"canonical\" href=\"https:\/\/saumaustarvike.fi\/verkkokauppa\/kauppa\/tuotemerkit\/illbruck\/saumaus-tiivitys-liimamassat-ja-kitit\/illbruck-sp525-saumausmassa-600ml\/\" \/>\n<meta property=\"og:locale\" content=\"fi_FI\" \/>\n<meta property=\"og:type\" content=\"article\" \/>\n<meta property=\"og:title\" content=\"Illbruck SP525 saumausmassa 600ml M1 - Saumaustarvike.fi\" \/>\n<meta property=\"og:description\" content=\"illbruck SP525 saumausmassa illbruckin innovatiiviseen SP-teknologiaan perustuva, M1-luokiteltu, valumaton ja elastinen saumausmassa. Ulko- ja sis\u00e4k\u00e4ytt\u00f6\u00f6n.\" \/>\n<meta property=\"og:url\" content=\"https:\/\/saumaustarvike.fi\/verkkokauppa\/kauppa\/tuotemerkit\/illbruck\/saumaus-tiivitys-liimamassat-ja-kitit\/illbruck-sp525-saumausmassa-600ml\/\" \/>\n<meta property=\"og:site_name\" content=\"Saumaustarvike.fi\" \/>\n<meta property=\"article:publisher\" content=\"https:\/\/www.facebook.com\/Saumalaakso\" \/>\n<meta property=\"article:modified_time\" content=\"2025-08-06T07:54:38+00:00\" \/>\n<meta property=\"og:image\" content=\"https:\/\/saumaustarvike.fi\/verkkokauppa\/content\/uploads\/2014\/10\/illbruck-sp525.jpg\" \/>\n\t<meta property=\"og:image:width\" content=\"847\" \/>\n\t<meta property=\"og:image:height\" content=\"847\" \/>\n\t<meta property=\"og:image:type\" content=\"image\/jpeg\" \/>\n<meta name=\"twitter:label1\" content=\"Arvioitu lukuaika\" \/>\n\t<meta name=\"twitter:data1\" content=\"3 minuuttia\" \/>\n<script type=\"application\/ld+json\" class=\"yoast-schema-graph\">{\"@context\":\"https:\\\/\\\/schema.org\",\"@graph\":[{\"@type\":\"WebPage\",\"@id\":\"https:\\\/\\\/saumaustarvike.fi\\\/verkkokauppa\\\/kauppa\\\/tuotemerkit\\\/illbruck\\\/saumaus-tiivitys-liimamassat-ja-kitit\\\/illbruck-sp525-saumausmassa-600ml\\\/\",\"url\":\"https:\\\/\\\/saumaustarvike.fi\\\/verkkokauppa\\\/kauppa\\\/tuotemerkit\\\/illbruck\\\/saumaus-tiivitys-liimamassat-ja-kitit\\\/illbruck-sp525-saumausmassa-600ml\\\/\",\"name\":\"Illbruck SP525 saumausmassa 600ml M1 - Saumaustarvike.fi\",\"isPartOf\":{\"@id\":\"https:\\\/\\\/saumaustarvike.fi\\\/verkkokauppa\\\/#website\"},\"primaryImageOfPage\":{\"@id\":\"https:\\\/\\\/saumaustarvike.fi\\\/verkkokauppa\\\/kauppa\\\/tuotemerkit\\\/illbruck\\\/saumaus-tiivitys-liimamassat-ja-kitit\\\/illbruck-sp525-saumausmassa-600ml\\\/#primaryimage\"},\"image\":{\"@id\":\"https:\\\/\\\/saumaustarvike.fi\\\/verkkokauppa\\\/kauppa\\\/tuotemerkit\\\/illbruck\\\/saumaus-tiivitys-liimamassat-ja-kitit\\\/illbruck-sp525-saumausmassa-600ml\\\/#primaryimage\"},\"thumbnailUrl\":\"https:\\\/\\\/saumaustarvike.fi\\\/verkkokauppa\\\/wp-content\\\/uploads\\\/2014\\\/10\\\/illbruck-sp525.jpg\",\"datePublished\":\"2014-11-30T17:19:01+00:00\",\"dateModified\":\"2025-08-06T07:54:38+00:00\",\"breadcrumb\":{\"@id\":\"https:\\\/\\\/saumaustarvike.fi\\\/verkkokauppa\\\/kauppa\\\/tuotemerkit\\\/illbruck\\\/saumaus-tiivitys-liimamassat-ja-kitit\\\/illbruck-sp525-saumausmassa-600ml\\\/#breadcrumb\"},\"inLanguage\":\"fi\",\"potentialAction\":[{\"@type\":\"ReadAction\",\"target\":[\"https:\\\/\\\/saumaustarvike.fi\\\/verkkokauppa\\\/kauppa\\\/tuotemerkit\\\/illbruck\\\/saumaus-tiivitys-liimamassat-ja-kitit\\\/illbruck-sp525-saumausmassa-600ml\\\/\"]}]},{\"@type\":\"ImageObject\",\"inLanguage\":\"fi\",\"@id\":\"https:\\\/\\\/saumaustarvike.fi\\\/verkkokauppa\\\/kauppa\\\/tuotemerkit\\\/illbruck\\\/saumaus-tiivitys-liimamassat-ja-kitit\\\/illbruck-sp525-saumausmassa-600ml\\\/#primaryimage\",\"url\":\"https:\\\/\\\/saumaustarvike.fi\\\/verkkokauppa\\\/wp-content\\\/uploads\\\/2014\\\/10\\\/illbruck-sp525.jpg\",\"contentUrl\":\"https:\\\/\\\/saumaustarvike.fi\\\/verkkokauppa\\\/wp-content\\\/uploads\\\/2014\\\/10\\\/illbruck-sp525.jpg\",\"width\":847,\"height\":847},{\"@type\":\"BreadcrumbList\",\"@id\":\"https:\\\/\\\/saumaustarvike.fi\\\/verkkokauppa\\\/kauppa\\\/tuotemerkit\\\/illbruck\\\/saumaus-tiivitys-liimamassat-ja-kitit\\\/illbruck-sp525-saumausmassa-600ml\\\/#breadcrumb\",\"itemListElement\":[{\"@type\":\"ListItem\",\"position\":1,\"name\":\"Home\",\"item\":\"https:\\\/\\\/saumaustarvike.fi\\\/verkkokauppa\\\/\"},{\"@type\":\"ListItem\",\"position\":2,\"name\":\"Saumausmassat, tarvikkeet ja ty\u00f6kalut\",\"item\":\"https:\\\/\\\/saumaustarvike.fi\\\/verkkokauppa\\\/kauppa\\\/\"},{\"@type\":\"ListItem\",\"position\":3,\"name\":\"Illbruck SP525 saumausmassa 600ml M1\"}]},{\"@type\":\"WebSite\",\"@id\":\"https:\\\/\\\/saumaustarvike.fi\\\/verkkokauppa\\\/#website\",\"url\":\"https:\\\/\\\/saumaustarvike.fi\\\/verkkokauppa\\\/\",\"name\":\"Saumaustarvike.fi\",\"description\":\"Saumausmassat, tarvikkeet ja ty&ouml;kalut\",\"publisher\":{\"@id\":\"https:\\\/\\\/saumaustarvike.fi\\\/verkkokauppa\\\/#organization\"},\"potentialAction\":[{\"@type\":\"SearchAction\",\"target\":{\"@type\":\"EntryPoint\",\"urlTemplate\":\"https:\\\/\\\/saumaustarvike.fi\\\/verkkokauppa\\\/?s={search_term_string}\"},\"query-input\":{\"@type\":\"PropertyValueSpecification\",\"valueRequired\":true,\"valueName\":\"search_term_string\"}}],\"inLanguage\":\"fi\"},{\"@type\":\"Organization\",\"@id\":\"https:\\\/\\\/saumaustarvike.fi\\\/verkkokauppa\\\/#organization\",\"name\":\"Saumaustarvike.fi\",\"url\":\"https:\\\/\\\/saumaustarvike.fi\\\/verkkokauppa\\\/\",\"logo\":{\"@type\":\"ImageObject\",\"inLanguage\":\"fi\",\"@id\":\"https:\\\/\\\/saumaustarvike.fi\\\/verkkokauppa\\\/#\\\/schema\\\/logo\\\/image\\\/\",\"url\":\"https:\\\/\\\/saumaustarvike.fi\\\/verkkokauppa\\\/wp-content\\\/uploads\\\/2019\\\/02\\\/logo.png\",\"contentUrl\":\"https:\\\/\\\/saumaustarvike.fi\\\/verkkokauppa\\\/wp-content\\\/uploads\\\/2019\\\/02\\\/logo.png\",\"width\":806,\"height\":150,\"caption\":\"Saumaustarvike.fi\"},\"image\":{\"@id\":\"https:\\\/\\\/saumaustarvike.fi\\\/verkkokauppa\\\/#\\\/schema\\\/logo\\\/image\\\/\"},\"sameAs\":[\"https:\\\/\\\/www.facebook.com\\\/Saumalaakso\"]}]}<\/script>\n<!-- \/ Yoast SEO plugin. -->","yoast_head_json":{"title":"Illbruck SP525 saumausmassa 600ml M1 - Saumaustarvike.fi","robots":{"index":"index","follow":"follow","max-snippet":"max-snippet:-1","max-image-preview":"max-image-preview:large","max-video-preview":"max-video-preview:-1"},"canonical":"https:\/\/saumaustarvike.fi\/verkkokauppa\/kauppa\/tuotemerkit\/illbruck\/saumaus-tiivitys-liimamassat-ja-kitit\/illbruck-sp525-saumausmassa-600ml\/","og_locale":"fi_FI","og_type":"article","og_title":"Illbruck SP525 saumausmassa 600ml M1 - Saumaustarvike.fi","og_description":"illbruck SP525 saumausmassa illbruckin innovatiiviseen SP-teknologiaan perustuva, M1-luokiteltu, valumaton ja elastinen saumausmassa. Ulko- ja sis\u00e4k\u00e4ytt\u00f6\u00f6n.","og_url":"https:\/\/saumaustarvike.fi\/verkkokauppa\/kauppa\/tuotemerkit\/illbruck\/saumaus-tiivitys-liimamassat-ja-kitit\/illbruck-sp525-saumausmassa-600ml\/","og_site_name":"Saumaustarvike.fi","article_publisher":"https:\/\/www.facebook.com\/Saumalaakso","article_modified_time":"2025-08-06T07:54:38+00:00","og_image":[{"width":847,"height":847,"url":"https:\/\/saumaustarvike.fi\/verkkokauppa\/content\/uploads\/2014\/10\/illbruck-sp525.jpg","type":"image\/jpeg"}],"twitter_misc":{"Arvioitu lukuaika":"3 minuuttia"},"schema":{"@context":"https:\/\/schema.org","@graph":[{"@type":"WebPage","@id":"https:\/\/saumaustarvike.fi\/verkkokauppa\/kauppa\/tuotemerkit\/illbruck\/saumaus-tiivitys-liimamassat-ja-kitit\/illbruck-sp525-saumausmassa-600ml\/","url":"https:\/\/saumaustarvike.fi\/verkkokauppa\/kauppa\/tuotemerkit\/illbruck\/saumaus-tiivitys-liimamassat-ja-kitit\/illbruck-sp525-saumausmassa-600ml\/","name":"Illbruck SP525 saumausmassa 600ml M1 - Saumaustarvike.fi","isPartOf":{"@id":"https:\/\/saumaustarvike.fi\/verkkokauppa\/#website"},"primaryImageOfPage":{"@id":"https:\/\/saumaustarvike.fi\/verkkokauppa\/kauppa\/tuotemerkit\/illbruck\/saumaus-tiivitys-liimamassat-ja-kitit\/illbruck-sp525-saumausmassa-600ml\/#primaryimage"},"image":{"@id":"https:\/\/saumaustarvike.fi\/verkkokauppa\/kauppa\/tuotemerkit\/illbruck\/saumaus-tiivitys-liimamassat-ja-kitit\/illbruck-sp525-saumausmassa-600ml\/#primaryimage"},"thumbnailUrl":"https:\/\/saumaustarvike.fi\/verkkokauppa\/wp-content\/uploads\/2014\/10\/illbruck-sp525.jpg","datePublished":"2014-11-30T17:19:01+00:00","dateModified":"2025-08-06T07:54:38+00:00","breadcrumb":{"@id":"https:\/\/saumaustarvike.fi\/verkkokauppa\/kauppa\/tuotemerkit\/illbruck\/saumaus-tiivitys-liimamassat-ja-kitit\/illbruck-sp525-saumausmassa-600ml\/#breadcrumb"},"inLanguage":"fi","potentialAction":[{"@type":"ReadAction","target":["https:\/\/saumaustarvike.fi\/verkkokauppa\/kauppa\/tuotemerkit\/illbruck\/saumaus-tiivitys-liimamassat-ja-kitit\/illbruck-sp525-saumausmassa-600ml\/"]}]},{"@type":"ImageObject","inLanguage":"fi","@id":"https:\/\/saumaustarvike.fi\/verkkokauppa\/kauppa\/tuotemerkit\/illbruck\/saumaus-tiivitys-liimamassat-ja-kitit\/illbruck-sp525-saumausmassa-600ml\/#primaryimage","url":"https:\/\/saumaustarvike.fi\/verkkokauppa\/wp-content\/uploads\/2014\/10\/illbruck-sp525.jpg","contentUrl":"https:\/\/saumaustarvike.fi\/verkkokauppa\/wp-content\/uploads\/2014\/10\/illbruck-sp525.jpg","width":847,"height":847},{"@type":"BreadcrumbList","@id":"https:\/\/saumaustarvike.fi\/verkkokauppa\/kauppa\/tuotemerkit\/illbruck\/saumaus-tiivitys-liimamassat-ja-kitit\/illbruck-sp525-saumausmassa-600ml\/#breadcrumb","itemListElement":[{"@type":"ListItem","position":1,"name":"Home","item":"https:\/\/saumaustarvike.fi\/verkkokauppa\/"},{"@type":"ListItem","position":2,"name":"Saumausmassat, tarvikkeet ja ty\u00f6kalut","item":"https:\/\/saumaustarvike.fi\/verkkokauppa\/kauppa\/"},{"@type":"ListItem","position":3,"name":"Illbruck SP525 saumausmassa 600ml M1"}]},{"@type":"WebSite","@id":"https:\/\/saumaustarvike.fi\/verkkokauppa\/#website","url":"https:\/\/saumaustarvike.fi\/verkkokauppa\/","name":"Saumaustarvike.fi","description":"Saumausmassat, tarvikkeet ja ty&ouml;kalut","publisher":{"@id":"https:\/\/saumaustarvike.fi\/verkkokauppa\/#organization"},"potentialAction":[{"@type":"SearchAction","target":{"@type":"EntryPoint","urlTemplate":"https:\/\/saumaustarvike.fi\/verkkokauppa\/?s={search_term_string}"},"query-input":{"@type":"PropertyValueSpecification","valueRequired":true,"valueName":"search_term_string"}}],"inLanguage":"fi"},{"@type":"Organization","@id":"https:\/\/saumaustarvike.fi\/verkkokauppa\/#organization","name":"Saumaustarvike.fi","url":"https:\/\/saumaustarvike.fi\/verkkokauppa\/","logo":{"@type":"ImageObject","inLanguage":"fi","@id":"https:\/\/saumaustarvike.fi\/verkkokauppa\/#\/schema\/logo\/image\/","url":"https:\/\/saumaustarvike.fi\/verkkokauppa\/wp-content\/uploads\/2019\/02\/logo.png","contentUrl":"https:\/\/saumaustarvike.fi\/verkkokauppa\/wp-content\/uploads\/2019\/02\/logo.png","width":806,"height":150,"caption":"Saumaustarvike.fi"},"image":{"@id":"https:\/\/saumaustarvike.fi\/verkkokauppa\/#\/schema\/logo\/image\/"},"sameAs":["https:\/\/www.facebook.com\/Saumalaakso"]}]}},"jetpack_sharing_enabled":true,"_links":{"self":[{"href":"https:\/\/saumaustarvike.fi\/verkkokauppa\/wp-json\/wp\/v2\/product\/5783","targetHints":{"allow":["GET"]}}],"collection":[{"href":"https:\/\/saumaustarvike.fi\/verkkokauppa\/wp-json\/wp\/v2\/product"}],"about":[{"href":"https:\/\/saumaustarvike.fi\/verkkokauppa\/wp-json\/wp\/v2\/types\/product"}],"replies":[{"embeddable":true,"href":"https:\/\/saumaustarvike.fi\/verkkokauppa\/wp-json\/wp\/v2\/comments?post=5783"}],"wp:featuredmedia":[{"embeddable":true,"href":"https:\/\/saumaustarvike.fi\/verkkokauppa\/wp-json\/wp\/v2\/media\/8921"}],"wp:attachment":[{"href":"https:\/\/saumaustarvike.fi\/verkkokauppa\/wp-json\/wp\/v2\/media?parent=5783"}],"wp:term":[{"taxonomy":"product_cat","embeddable":true,"href":"https:\/\/saumaustarvike.fi\/verkkokauppa\/wp-json\/wp\/v2\/product_cat?post=5783"},{"taxonomy":"product_tag","embeddable":true,"href":"https:\/\/saumaustarvike.fi\/verkkokauppa\/wp-json\/wp\/v2\/product_tag?post=5783"}],"curies":[{"name":"wp","href":"https:\/\/api.w.org\/{rel}","templated":true}]}}