{"id":6044,"date":"2014-11-30T23:25:05","date_gmt":"2014-11-30T21:25:05","guid":{"rendered":"https:\/\/saumaustarvike.fi\/verkkokauppa\/kauppa\/julkisivumassat\/sikaflex-construction-saumausmassa-600ml\/"},"modified":"2025-08-18T09:00:46","modified_gmt":"2025-08-18T06:00:46","slug":"sikaflex-construction-saumausmassa-600ml","status":"publish","type":"product","link":"https:\/\/saumaustarvike.fi\/verkkokauppa\/kauppa\/tuotemerkit\/sika-tuotemerkit\/sikaflex-sikahyflex-saumausmassat-ja-liimat-sika-tuotemerkit\/sikaflex-construction-saumausmassa-600ml\/","title":{"rendered":"Sikaflex Construction Purform saumausmassa"},"content":{"rendered":"<h1>Sikaflex Construction Purform saumausmassa<\/h1>\n<p>Sikaflex\u00ae Construction Purform\u00ae on 1-komponenttinen, valumaton, elastinen polyuretaanisaumatiiviste. Hyvien k\u00e4ytt\u00f6ominaisuuksiensa ja suuren liikkuvuutensa ansiosta se tiivist\u00e4\u00e4 kest\u00e4v\u00e4sti liike- ja liitossaumat betoni- ja muurattuihin julkisivuihin.<\/p>\n<h3>K\u00e4ytt\u00f6<\/h3>\n<p>Tuote on suunniteltu elastiseen saumatiivistykseen ja<br \/>\ns\u00e4\u00e4nkest\u00e4v\u00e4\u00e4n liike- ja liitosaumoihin rakennusvaipassa.<br \/>\nSikaflex\u00ae Construction Purform\u00ae k\u00e4ytet\u00e4\u00e4n seuraavilla<br \/>\nsovellusalueilla:<br \/>\n\u25aa Ikkunoiden ja ovenkarmien ymp\u00e4rill\u00e4<br \/>\n\u25aa Julkisivuelementtien ymp\u00e4rill\u00e4<br \/>\n\u25aa Valmiselementtijulkisivuilla<br \/>\n\u25aa EIFS julkisivuilla<br \/>\n\u25aa M1-luokitus<br \/>\nSikaflex\u00ae Construction Purform\u00ae soveltuu sis\u00e4- ja ulkok\u00e4ytt\u00f6\u00f6n.<\/p>\n<h3>Edut\/ominaisuudet<\/h3>\n<ul>\n<li> Helppo levitt\u00e4\u00e4 ja ty\u00f6st\u00e4\u00e4<\/li>\n<li> Suuri liikekyky: \u00b125 % (ISO 9047), \u00b150 % (ASTM C719)<\/li>\n<li> Alhainen rasitus alustaan tiivisteen alhaisen moduulin ansiosta<\/li>\n<li> Hyv\u00e4 s\u00e4\u00e4nkest\u00e4vyys<\/li>\n<li> Hyv\u00e4 mekaaninen kest\u00e4vyys<\/li>\n<li> Hyv\u00e4 tartunta useimpiin alustoihin<\/li>\n<li> Monomeerinen di-isosyanaattipitoisuus <0,1 % k\u00e4ytt\u00e4j\u00e4turvallisuuskoulutusta ei tarvita (REACH-rajoitus 2023, liitteen XVII kohta 74)<\/li>\n<\/ul>\n<h3>Ty\u00f6st\u00f6<\/h3>\n<p>Sikaflex Construction Purform on valmis k\u00e4ytett\u00e4v\u00e4ksi.\u00a0Sauman ja alustan oikean esik\u00e4sittelyn j\u00e4lkeen asenna pohjanauha tarvittavaan\u00a0syvyyteen ja levit\u00e4 primeri\u00e4 tarvittaessa. Laita kalvopakkaus saumauspistooliin ja\u00a0pursota Sikaflex Construction Purformia tasaisesti saumaan ja varmista, ett\u00e4 aine on t\u00e4ysin\u00a0sauman reunaa vasten. T\u00e4yt\u00e4 sauma ja v\u00e4lt\u00e4 ilmataskujen muodostumista.\u00a0Sikaflex Construction Purformia pit\u00e4\u00e4 levitt\u00e4\u00e4 tiukasti sauman reunoja vasten hyv\u00e4n\u00a0tartunnan saavuttamiseksi.<\/p>\n<h3>Huomioitavaa<\/h3>\n<p>Tuote voidaan ylimaalata useimmilla tavanomaisilla<br \/>\nmaalipinnoitusj\u00e4rjestelmill\u00e4. Anna tuotteen kuivua t\u00e4ysin ennen p\u00e4\u00e4llemaalausta.<br \/>\nEnnen p\u00e4\u00e4llemaalausta on suoritettava alustavat testit maalin tai pinnoitej\u00e4rjestelm\u00e4n yhteensopivuuden testaamiseksi tuotteen kanssa standardin ISO\/TR 20436:2017 \u2013 Buildings and civil engineering works \u2014 Sealants \u2014 Paintability and paint compatibility ofsealants &#8211; mukaisesti.<\/p>\n<h3>Hyv\u00e4ksynn\u00e4t<\/h3>\n<p>\u25aaVOC Content SCAQMD Rule 1168, Sikaflex\u00ae &#8211; , eurofins, Test Report No. 392-2023-00524602_XG_EN<br \/>\n\u25aaVOC EMISSION M1, Sikaflex\u00ae xx, eurofins, Test Report No. 392-2022-00437201_I_EN<br \/>\n\u25aaClassification for sealants DIN EN ISO 11600, Sikaflex\u00ae-708 Construction, SKZ, Test Report No.<br \/>\n225964\/22-III<\/p>\n<h3>V\u00e4ri<\/h3>\n<p>valkoinen (NCS 0500-N)<br \/>\nmarmorinharmaa (NCS S 1502-B50-G)<br \/>\nbetoninharmaa (NCS S 3500-N)<br \/>\nsand beige (NCS S 2010-Y30R)<br \/>\nruskea (NCS S 6020-Y60R)<br \/>\nmusta (NCS S 9000-N)<br \/>\ntummanharmaa 5057 (NCS S 7000-N)<br \/>\nUniwhite \/ Luonnonvalkoinen (NCS 0600-N)<\/p>\n<h3>Pakkaus<\/h3>\n<p>600 ml kalvopakkaus<\/p>\n<p>Lis\u00e4tietoa tuotteesta l\u00f6yd\u00e4t valmistajan sivuilta<br \/>\nhttps:\/\/fin.sika.com\/fi\/rakentaminen\/saumaus-ja-tiivistys\/julkisivujen-saumaus-polyuretaanimassat\/sikaflex-constructionpurform.html<\/p>\n","protected":false},"excerpt":{"rendered":"<p>K\u00e4ytet\u00e4\u00e4n talojen rakentamisessa yleissaumausmassana liitosten saumaukseen, esimerkiksi liikunta- ja liitynt\u00e4- \/eristyssaumoihin ovien ja ikkunoiden ymp\u00e4rill\u00e4, julkisivuissa, rakenteissa jne. betonin, tiilen, puun, metallin ja PVC-tuotteiden ja -rakenteiden jne. kanssa.<\/p>\n","protected":false},"featured_media":16354,"comment_status":"open","ping_status":"closed","template":"","meta":{"_acf_changed":false},"product_cat":[1892,1976,1893,1977,1894,1978,1895,1979,1896,1980,1897,1981,1898,1982,1899,1983,1984,1900,1901,1985,1903,1987,1548,1904,1988,1627,1598,1905,1989,1906,1990,1553],"product_tag":[133,725,94,2392,75,76,31,81,73,1157,514,1159,79,80,93],"class_list":{"0":"post-6044","1":"product","2":"type-product","3":"status-publish","4":"has-post-thumbnail","6":"product_brand-sika","7":"product_cat-kok-alumiini","8":"product_cat-hok-alumiini","9":"product_cat-kok-betoni","10":"product_cat-hok-betoni","11":"product_cat-kok-harkko","12":"product_cat-hok-harkko","13":"product_cat-kok-kevytbetoni","14":"product_cat-hok-kevytbetoni","15":"product_cat-kok-kipsilevy","16":"product_cat-hok-kipsilevy","17":"product_cat-kok-komposiitti","18":"product_cat-hok-komposiitti","19":"product_cat-kok-laatta","20":"product_cat-hok-laatta","21":"product_cat-kok-luonnonkivi","22":"product_cat-hok-luonnonkivi","23":"product_cat-hok-maalattu-pinta","24":"product_cat-kok-maalattu-pinta","25":"product_cat-kok-marmori","26":"product_cat-hok-marmori","27":"product_cat-kok-pelti","28":"product_cat-hok-pelti","29":"product_cat-polyuretaanipohjaiset","30":"product_cat-kok-puu","31":"product_cat-hok-puu","32":"product_cat-saumaus","33":"product_cat-sikaflex-sikahyflex-saumausmassat-ja-liimat-sika-tuotemerkit","34":"product_cat-kok-teras","35":"product_cat-hok-teras","36":"product_cat-kok-tiili","37":"product_cat-hok-tiili","38":"product_cat-tiivistys-tuotteet","39":"product_tag-julkisivumassa","40":"product_tag-m1","41":"product_tag-polyuretaani","42":"product_tag-purform","43":"product_tag-saumamassa","44":"product_tag-saumaus","45":"product_tag-saumausmassat","46":"product_tag-sika-2","47":"product_tag-sikaflex","48":"product_tag-silko","49":"product_tag-sisailmaluokiteltu","50":"product_tag-sisailmaluokitus","51":"product_tag-tiiviste","52":"product_tag-tiivistys-2","53":"product_tag-uretaanimassa","54":"pa_vari-betoninharmaa","55":"pa_vari-marmorinharmaa","56":"pa_vari-marmorinvalkoinen","57":"pa_vari-musta","58":"pa_vari-ruskea","59":"pa_vari-sand-beige","60":"pa_vari-tummanharmaa","61":"pa_vari-luonnonvalkoinen-uniwhite","62":"pa_vari-valkoinen","64":"first","65":"instock","66":"taxable","67":"shipping-taxable","68":"purchasable","69":"product-type-variable"},"acf":[],"yoast_head":"<!-- This site is optimized with the Yoast SEO plugin v27.5 - https:\/\/yoast.com\/product\/yoast-seo-wordpress\/ -->\n<title>Sikaflex Construction Purform saumausmassa - Saumaustarvike.fi<\/title>\n<meta name=\"robots\" content=\"index, follow, max-snippet:-1, max-image-preview:large, max-video-preview:-1\" \/>\n<link rel=\"canonical\" href=\"https:\/\/saumaustarvike.fi\/verkkokauppa\/kauppa\/tuotemerkit\/sika-tuotemerkit\/sikaflex-sikahyflex-saumausmassat-ja-liimat-sika-tuotemerkit\/sikaflex-construction-saumausmassa-600ml\/\" \/>\n<meta property=\"og:locale\" content=\"fi_FI\" \/>\n<meta property=\"og:type\" content=\"article\" \/>\n<meta property=\"og:title\" content=\"Sikaflex Construction Purform saumausmassa - Saumaustarvike.fi\" \/>\n<meta property=\"og:description\" content=\"K\u00e4ytet\u00e4\u00e4n talojen rakentamisessa yleissaumausmassana liitosten saumaukseen, esimerkiksi liikunta- ja liitynt\u00e4- \/eristyssaumoihin ovien ja ikkunoiden ymp\u00e4rill\u00e4, julkisivuissa, rakenteissa jne. betonin, tiilen, puun, metallin ja PVC-tuotteiden ja -rakenteiden jne. kanssa.\" \/>\n<meta property=\"og:url\" content=\"https:\/\/saumaustarvike.fi\/verkkokauppa\/kauppa\/tuotemerkit\/sika-tuotemerkit\/sikaflex-sikahyflex-saumausmassat-ja-liimat-sika-tuotemerkit\/sikaflex-construction-saumausmassa-600ml\/\" \/>\n<meta property=\"og:site_name\" content=\"Saumaustarvike.fi\" \/>\n<meta property=\"article:publisher\" content=\"https:\/\/www.facebook.com\/Saumalaakso\" \/>\n<meta property=\"article:modified_time\" content=\"2025-08-18T06:00:46+00:00\" \/>\n<meta property=\"og:image\" content=\"https:\/\/saumaustarvike.fi\/verkkokauppa\/content\/uploads\/2014\/11\/saumaustarvike-Sikaflex-Construction.jpg\" \/>\n\t<meta property=\"og:image:width\" content=\"1000\" \/>\n\t<meta property=\"og:image:height\" content=\"1000\" \/>\n\t<meta property=\"og:image:type\" content=\"image\/jpeg\" \/>\n<meta name=\"twitter:label1\" content=\"Arvioitu lukuaika\" \/>\n\t<meta name=\"twitter:data1\" content=\"2 minuuttia\" \/>\n<script type=\"application\/ld+json\" class=\"yoast-schema-graph\">{\"@context\":\"https:\\\/\\\/schema.org\",\"@graph\":[{\"@type\":\"WebPage\",\"@id\":\"https:\\\/\\\/saumaustarvike.fi\\\/verkkokauppa\\\/kauppa\\\/tuotemerkit\\\/sika-tuotemerkit\\\/sikaflex-sikahyflex-saumausmassat-ja-liimat-sika-tuotemerkit\\\/sikaflex-construction-saumausmassa-600ml\\\/\",\"url\":\"https:\\\/\\\/saumaustarvike.fi\\\/verkkokauppa\\\/kauppa\\\/tuotemerkit\\\/sika-tuotemerkit\\\/sikaflex-sikahyflex-saumausmassat-ja-liimat-sika-tuotemerkit\\\/sikaflex-construction-saumausmassa-600ml\\\/\",\"name\":\"Sikaflex Construction Purform saumausmassa - Saumaustarvike.fi\",\"isPartOf\":{\"@id\":\"https:\\\/\\\/saumaustarvike.fi\\\/verkkokauppa\\\/#website\"},\"primaryImageOfPage\":{\"@id\":\"https:\\\/\\\/saumaustarvike.fi\\\/verkkokauppa\\\/kauppa\\\/tuotemerkit\\\/sika-tuotemerkit\\\/sikaflex-sikahyflex-saumausmassat-ja-liimat-sika-tuotemerkit\\\/sikaflex-construction-saumausmassa-600ml\\\/#primaryimage\"},\"image\":{\"@id\":\"https:\\\/\\\/saumaustarvike.fi\\\/verkkokauppa\\\/kauppa\\\/tuotemerkit\\\/sika-tuotemerkit\\\/sikaflex-sikahyflex-saumausmassat-ja-liimat-sika-tuotemerkit\\\/sikaflex-construction-saumausmassa-600ml\\\/#primaryimage\"},\"thumbnailUrl\":\"https:\\\/\\\/saumaustarvike.fi\\\/verkkokauppa\\\/wp-content\\\/uploads\\\/2014\\\/11\\\/saumaustarvike-Sikaflex-Construction.jpg\",\"datePublished\":\"2014-11-30T21:25:05+00:00\",\"dateModified\":\"2025-08-18T06:00:46+00:00\",\"breadcrumb\":{\"@id\":\"https:\\\/\\\/saumaustarvike.fi\\\/verkkokauppa\\\/kauppa\\\/tuotemerkit\\\/sika-tuotemerkit\\\/sikaflex-sikahyflex-saumausmassat-ja-liimat-sika-tuotemerkit\\\/sikaflex-construction-saumausmassa-600ml\\\/#breadcrumb\"},\"inLanguage\":\"fi\",\"potentialAction\":[{\"@type\":\"ReadAction\",\"target\":[\"https:\\\/\\\/saumaustarvike.fi\\\/verkkokauppa\\\/kauppa\\\/tuotemerkit\\\/sika-tuotemerkit\\\/sikaflex-sikahyflex-saumausmassat-ja-liimat-sika-tuotemerkit\\\/sikaflex-construction-saumausmassa-600ml\\\/\"]}]},{\"@type\":\"ImageObject\",\"inLanguage\":\"fi\",\"@id\":\"https:\\\/\\\/saumaustarvike.fi\\\/verkkokauppa\\\/kauppa\\\/tuotemerkit\\\/sika-tuotemerkit\\\/sikaflex-sikahyflex-saumausmassat-ja-liimat-sika-tuotemerkit\\\/sikaflex-construction-saumausmassa-600ml\\\/#primaryimage\",\"url\":\"https:\\\/\\\/saumaustarvike.fi\\\/verkkokauppa\\\/wp-content\\\/uploads\\\/2014\\\/11\\\/saumaustarvike-Sikaflex-Construction.jpg\",\"contentUrl\":\"https:\\\/\\\/saumaustarvike.fi\\\/verkkokauppa\\\/wp-content\\\/uploads\\\/2014\\\/11\\\/saumaustarvike-Sikaflex-Construction.jpg\",\"width\":1000,\"height\":1000},{\"@type\":\"BreadcrumbList\",\"@id\":\"https:\\\/\\\/saumaustarvike.fi\\\/verkkokauppa\\\/kauppa\\\/tuotemerkit\\\/sika-tuotemerkit\\\/sikaflex-sikahyflex-saumausmassat-ja-liimat-sika-tuotemerkit\\\/sikaflex-construction-saumausmassa-600ml\\\/#breadcrumb\",\"itemListElement\":[{\"@type\":\"ListItem\",\"position\":1,\"name\":\"Home\",\"item\":\"https:\\\/\\\/saumaustarvike.fi\\\/verkkokauppa\\\/\"},{\"@type\":\"ListItem\",\"position\":2,\"name\":\"Saumausmassat, tarvikkeet ja ty\u00f6kalut\",\"item\":\"https:\\\/\\\/saumaustarvike.fi\\\/verkkokauppa\\\/kauppa\\\/\"},{\"@type\":\"ListItem\",\"position\":3,\"name\":\"Sikaflex Construction Purform saumausmassa\"}]},{\"@type\":\"WebSite\",\"@id\":\"https:\\\/\\\/saumaustarvike.fi\\\/verkkokauppa\\\/#website\",\"url\":\"https:\\\/\\\/saumaustarvike.fi\\\/verkkokauppa\\\/\",\"name\":\"Saumaustarvike.fi\",\"description\":\"Saumausmassat, tarvikkeet ja ty&ouml;kalut\",\"publisher\":{\"@id\":\"https:\\\/\\\/saumaustarvike.fi\\\/verkkokauppa\\\/#organization\"},\"potentialAction\":[{\"@type\":\"SearchAction\",\"target\":{\"@type\":\"EntryPoint\",\"urlTemplate\":\"https:\\\/\\\/saumaustarvike.fi\\\/verkkokauppa\\\/?s={search_term_string}\"},\"query-input\":{\"@type\":\"PropertyValueSpecification\",\"valueRequired\":true,\"valueName\":\"search_term_string\"}}],\"inLanguage\":\"fi\"},{\"@type\":\"Organization\",\"@id\":\"https:\\\/\\\/saumaustarvike.fi\\\/verkkokauppa\\\/#organization\",\"name\":\"Saumaustarvike.fi\",\"url\":\"https:\\\/\\\/saumaustarvike.fi\\\/verkkokauppa\\\/\",\"logo\":{\"@type\":\"ImageObject\",\"inLanguage\":\"fi\",\"@id\":\"https:\\\/\\\/saumaustarvike.fi\\\/verkkokauppa\\\/#\\\/schema\\\/logo\\\/image\\\/\",\"url\":\"https:\\\/\\\/saumaustarvike.fi\\\/verkkokauppa\\\/wp-content\\\/uploads\\\/2019\\\/02\\\/logo.png\",\"contentUrl\":\"https:\\\/\\\/saumaustarvike.fi\\\/verkkokauppa\\\/wp-content\\\/uploads\\\/2019\\\/02\\\/logo.png\",\"width\":806,\"height\":150,\"caption\":\"Saumaustarvike.fi\"},\"image\":{\"@id\":\"https:\\\/\\\/saumaustarvike.fi\\\/verkkokauppa\\\/#\\\/schema\\\/logo\\\/image\\\/\"},\"sameAs\":[\"https:\\\/\\\/www.facebook.com\\\/Saumalaakso\"]}]}<\/script>\n<!-- \/ Yoast SEO plugin. -->","yoast_head_json":{"title":"Sikaflex Construction Purform saumausmassa - Saumaustarvike.fi","robots":{"index":"index","follow":"follow","max-snippet":"max-snippet:-1","max-image-preview":"max-image-preview:large","max-video-preview":"max-video-preview:-1"},"canonical":"https:\/\/saumaustarvike.fi\/verkkokauppa\/kauppa\/tuotemerkit\/sika-tuotemerkit\/sikaflex-sikahyflex-saumausmassat-ja-liimat-sika-tuotemerkit\/sikaflex-construction-saumausmassa-600ml\/","og_locale":"fi_FI","og_type":"article","og_title":"Sikaflex Construction Purform saumausmassa - Saumaustarvike.fi","og_description":"K\u00e4ytet\u00e4\u00e4n talojen rakentamisessa yleissaumausmassana liitosten saumaukseen, esimerkiksi liikunta- ja liitynt\u00e4- \/eristyssaumoihin ovien ja ikkunoiden ymp\u00e4rill\u00e4, julkisivuissa, rakenteissa jne. betonin, tiilen, puun, metallin ja PVC-tuotteiden ja -rakenteiden jne. kanssa.","og_url":"https:\/\/saumaustarvike.fi\/verkkokauppa\/kauppa\/tuotemerkit\/sika-tuotemerkit\/sikaflex-sikahyflex-saumausmassat-ja-liimat-sika-tuotemerkit\/sikaflex-construction-saumausmassa-600ml\/","og_site_name":"Saumaustarvike.fi","article_publisher":"https:\/\/www.facebook.com\/Saumalaakso","article_modified_time":"2025-08-18T06:00:46+00:00","og_image":[{"width":1000,"height":1000,"url":"https:\/\/saumaustarvike.fi\/verkkokauppa\/content\/uploads\/2014\/11\/saumaustarvike-Sikaflex-Construction.jpg","type":"image\/jpeg"}],"twitter_misc":{"Arvioitu lukuaika":"2 minuuttia"},"schema":{"@context":"https:\/\/schema.org","@graph":[{"@type":"WebPage","@id":"https:\/\/saumaustarvike.fi\/verkkokauppa\/kauppa\/tuotemerkit\/sika-tuotemerkit\/sikaflex-sikahyflex-saumausmassat-ja-liimat-sika-tuotemerkit\/sikaflex-construction-saumausmassa-600ml\/","url":"https:\/\/saumaustarvike.fi\/verkkokauppa\/kauppa\/tuotemerkit\/sika-tuotemerkit\/sikaflex-sikahyflex-saumausmassat-ja-liimat-sika-tuotemerkit\/sikaflex-construction-saumausmassa-600ml\/","name":"Sikaflex Construction Purform saumausmassa - Saumaustarvike.fi","isPartOf":{"@id":"https:\/\/saumaustarvike.fi\/verkkokauppa\/#website"},"primaryImageOfPage":{"@id":"https:\/\/saumaustarvike.fi\/verkkokauppa\/kauppa\/tuotemerkit\/sika-tuotemerkit\/sikaflex-sikahyflex-saumausmassat-ja-liimat-sika-tuotemerkit\/sikaflex-construction-saumausmassa-600ml\/#primaryimage"},"image":{"@id":"https:\/\/saumaustarvike.fi\/verkkokauppa\/kauppa\/tuotemerkit\/sika-tuotemerkit\/sikaflex-sikahyflex-saumausmassat-ja-liimat-sika-tuotemerkit\/sikaflex-construction-saumausmassa-600ml\/#primaryimage"},"thumbnailUrl":"https:\/\/saumaustarvike.fi\/verkkokauppa\/wp-content\/uploads\/2014\/11\/saumaustarvike-Sikaflex-Construction.jpg","datePublished":"2014-11-30T21:25:05+00:00","dateModified":"2025-08-18T06:00:46+00:00","breadcrumb":{"@id":"https:\/\/saumaustarvike.fi\/verkkokauppa\/kauppa\/tuotemerkit\/sika-tuotemerkit\/sikaflex-sikahyflex-saumausmassat-ja-liimat-sika-tuotemerkit\/sikaflex-construction-saumausmassa-600ml\/#breadcrumb"},"inLanguage":"fi","potentialAction":[{"@type":"ReadAction","target":["https:\/\/saumaustarvike.fi\/verkkokauppa\/kauppa\/tuotemerkit\/sika-tuotemerkit\/sikaflex-sikahyflex-saumausmassat-ja-liimat-sika-tuotemerkit\/sikaflex-construction-saumausmassa-600ml\/"]}]},{"@type":"ImageObject","inLanguage":"fi","@id":"https:\/\/saumaustarvike.fi\/verkkokauppa\/kauppa\/tuotemerkit\/sika-tuotemerkit\/sikaflex-sikahyflex-saumausmassat-ja-liimat-sika-tuotemerkit\/sikaflex-construction-saumausmassa-600ml\/#primaryimage","url":"https:\/\/saumaustarvike.fi\/verkkokauppa\/wp-content\/uploads\/2014\/11\/saumaustarvike-Sikaflex-Construction.jpg","contentUrl":"https:\/\/saumaustarvike.fi\/verkkokauppa\/wp-content\/uploads\/2014\/11\/saumaustarvike-Sikaflex-Construction.jpg","width":1000,"height":1000},{"@type":"BreadcrumbList","@id":"https:\/\/saumaustarvike.fi\/verkkokauppa\/kauppa\/tuotemerkit\/sika-tuotemerkit\/sikaflex-sikahyflex-saumausmassat-ja-liimat-sika-tuotemerkit\/sikaflex-construction-saumausmassa-600ml\/#breadcrumb","itemListElement":[{"@type":"ListItem","position":1,"name":"Home","item":"https:\/\/saumaustarvike.fi\/verkkokauppa\/"},{"@type":"ListItem","position":2,"name":"Saumausmassat, tarvikkeet ja ty\u00f6kalut","item":"https:\/\/saumaustarvike.fi\/verkkokauppa\/kauppa\/"},{"@type":"ListItem","position":3,"name":"Sikaflex Construction Purform saumausmassa"}]},{"@type":"WebSite","@id":"https:\/\/saumaustarvike.fi\/verkkokauppa\/#website","url":"https:\/\/saumaustarvike.fi\/verkkokauppa\/","name":"Saumaustarvike.fi","description":"Saumausmassat, tarvikkeet ja ty&ouml;kalut","publisher":{"@id":"https:\/\/saumaustarvike.fi\/verkkokauppa\/#organization"},"potentialAction":[{"@type":"SearchAction","target":{"@type":"EntryPoint","urlTemplate":"https:\/\/saumaustarvike.fi\/verkkokauppa\/?s={search_term_string}"},"query-input":{"@type":"PropertyValueSpecification","valueRequired":true,"valueName":"search_term_string"}}],"inLanguage":"fi"},{"@type":"Organization","@id":"https:\/\/saumaustarvike.fi\/verkkokauppa\/#organization","name":"Saumaustarvike.fi","url":"https:\/\/saumaustarvike.fi\/verkkokauppa\/","logo":{"@type":"ImageObject","inLanguage":"fi","@id":"https:\/\/saumaustarvike.fi\/verkkokauppa\/#\/schema\/logo\/image\/","url":"https:\/\/saumaustarvike.fi\/verkkokauppa\/wp-content\/uploads\/2019\/02\/logo.png","contentUrl":"https:\/\/saumaustarvike.fi\/verkkokauppa\/wp-content\/uploads\/2019\/02\/logo.png","width":806,"height":150,"caption":"Saumaustarvike.fi"},"image":{"@id":"https:\/\/saumaustarvike.fi\/verkkokauppa\/#\/schema\/logo\/image\/"},"sameAs":["https:\/\/www.facebook.com\/Saumalaakso"]}]}},"jetpack_sharing_enabled":true,"_links":{"self":[{"href":"https:\/\/saumaustarvike.fi\/verkkokauppa\/wp-json\/wp\/v2\/product\/6044","targetHints":{"allow":["GET"]}}],"collection":[{"href":"https:\/\/saumaustarvike.fi\/verkkokauppa\/wp-json\/wp\/v2\/product"}],"about":[{"href":"https:\/\/saumaustarvike.fi\/verkkokauppa\/wp-json\/wp\/v2\/types\/product"}],"replies":[{"embeddable":true,"href":"https:\/\/saumaustarvike.fi\/verkkokauppa\/wp-json\/wp\/v2\/comments?post=6044"}],"wp:featuredmedia":[{"embeddable":true,"href":"https:\/\/saumaustarvike.fi\/verkkokauppa\/wp-json\/wp\/v2\/media\/16354"}],"wp:attachment":[{"href":"https:\/\/saumaustarvike.fi\/verkkokauppa\/wp-json\/wp\/v2\/media?parent=6044"}],"wp:term":[{"taxonomy":"product_cat","embeddable":true,"href":"https:\/\/saumaustarvike.fi\/verkkokauppa\/wp-json\/wp\/v2\/product_cat?post=6044"},{"taxonomy":"product_tag","embeddable":true,"href":"https:\/\/saumaustarvike.fi\/verkkokauppa\/wp-json\/wp\/v2\/product_tag?post=6044"}],"curies":[{"name":"wp","href":"https:\/\/api.w.org\/{rel}","templated":true}]}}