{"id":6592,"date":"2015-04-21T14:47:57","date_gmt":"2015-04-21T11:47:57","guid":{"rendered":"https:\/\/saumaustarvike.fi\/verkkokauppa\/kauppa\/liimamassa-liimaus\/soudal-liima-ja-tiivistemassa-fix-all-classic\/"},"modified":"2024-09-13T18:14:11","modified_gmt":"2024-09-13T15:14:11","slug":"soudal-liima-ja-tiivistemassa-fix-all-classic","status":"publish","type":"product","link":"https:\/\/saumaustarvike.fi\/verkkokauppa\/kauppa\/tuotemerkit\/soudal-tuotemerkit\/soudal-asennusliimat-liimaus-ja-saumausmassat\/soudal-liima-ja-tiivistemassa-fix-all-classic\/","title":{"rendered":"Soudal Fix All Flexi (Classic) 290ml"},"content":{"rendered":"<h1>Soudal Fix All Flexi (Classic) 290ml<\/h1>\n<p>Hajuton, korkealaatuinen MS-polymeeripohjainen yleisliima ja saumausmassa, jolla on hyv\u00e4 tartuntakyky my\u00f6s kosteisiin pintoihin.<\/p>\n<ul>\n<li>\n<div>Hajuton, korkealaatuinen MS-polymeeripohjainen yleisliima ja saumausmassa, jolla on hyv\u00e4 tartuntakyky my\u00f6s kosteisiin pintoihin.<\/div>\n<\/li>\n<li>\n<div>Homesuojattu &#8211; soveltuu my\u00f6s saniteettitiloihin.<\/div>\n<\/li>\n<li>Tarttuu l\u00e4hes kaikkiin rakennusmateriaaleihin ilman primereita.<\/li>\n<li>K\u00e4ytet\u00e4\u00e4n kiinnitt\u00e4m\u00e4\u00e4n ja saumaamaan paneeleja, putkia, laattoja, tiili\u00e4, ikkunalautoja, koristeraameja, korkkia, lasia, PVC:t\u00e4 ja monia muita muoveja, puuta levyj\u00e4 ym.<\/li>\n<li>Heti maalattavissa vesipohjaisilla maaleilla.<\/li>\n<li>V\u00e4ri: valkoinen, harmaa (RR 22), ruskea (RR 31), musta, beige<\/li>\n<\/ul>\n<p>&nbsp;<\/p>\n<h2><strong>TUOTEKUVAUS:<\/strong><\/h2>\n<ul>\n<li>Elastinen, ymp\u00e4rist\u00f6yst\u00e4v\u00e4llinen, yksikomponenttinen liimaus- ja tiivistysmassa.<\/li>\n<\/ul>\n<p>&nbsp;<\/p>\n<h2><strong>FIX ALL KORVAA:<\/strong><\/h2>\n<ul>\n<li>SILIKONIMASSAT<\/li>\n<li>SANITEETTI SILIKONIT<\/li>\n<li>LEVYLIIMAT<\/li>\n<li>TASOITEKITIT<\/li>\n<li>PEILILIIMAT<\/li>\n<li>MARMORILIIMAT JA -TIIVISTEET<\/li>\n<li>PU-LIIMAT<\/li>\n<li>PU-TIIVISTYSMASSAT<\/li>\n<\/ul>\n<p>&nbsp;<\/p>\n<h2><strong>OMINAISUUDET:<\/strong><\/h2>\n<ul>\n<li>Eritt\u00e4in helppo k\u00e4ytt\u00e4\u00e4.<\/li>\n<li>Eritt\u00e4in helppo k\u00e4ytt\u00e4\u00e4, pysyv\u00e4sti elastinen kuivuttuaan.<\/li>\n<li>Voidaan k\u00e4ytt\u00e4\u00e4 sis\u00e4ll\u00e4 ja ulkona kaikissa s\u00e4\u00e4olosuhteissa.<\/li>\n<li>Erinomainen tartunta moniin pintoihin, jopa m\u00e4rkiin pintoihin.<\/li>\n<li>Hajuton.<\/li>\n<li>Voidaan p\u00e4\u00e4llemaalata heti my\u00f6s vesiohenteisilla maaleilla.<\/li>\n<li>Erinomainen s\u00e4\u00e4nkesto, kest\u00e4\u00e4 monia kemikaaleja, UV-suojattu.<\/li>\n<li>Ei v\u00e4rj\u00e4\u00e4 huokoisia pintoja kuten luonnonkivi, kuparivihtrilli, marmori ja graniitti.<\/li>\n<li>Nopea kuivuminen jopa matalissa l\u00e4mp\u00f6tiloissa.<\/li>\n<li>Liuotinvapaa.<\/li>\n<\/ul>\n<p>&nbsp;<\/p>\n<h2><strong>K\u00c4YTT\u00d6KOHTEET:<\/strong><\/h2>\n<ul>\n<li>Sopii kaikille yleisimmille rakennuspinnoille: puu, tiili, betoni, marmori, alumiini, sinkki, ruostumaton ter\u00e4s, rappaukset, korkki, lasi,peili, keraaminen tiili, PVC, polyuretaani, lasikuitu, kivivilla, posliini, polystyreeni ja monet muut muovit.<\/li>\n<\/ul>\n<p>&nbsp;<\/p>\n<h2><strong>PAKKAUS:<\/strong><\/h2>\n<ul>\n<li>290 ml patruuna (v\u00e4rit: valkoinen, harmaa RR 22, ruskea RR 31, musta, beige.<\/li>\n<\/ul>\n<p>&nbsp;<\/p>\n<h2><strong>S\u00c4ILYVYYS:<\/strong><\/h2>\n<ul>\n<li>12 kk avaamattomana viile\u00e4ss\u00e4 ja kuivassa paikassa +5\u00b0C &#8211; +25\u00b0C l\u00e4mp\u00f6tilassa.<\/li>\n<\/ul>\n<p>&nbsp;<\/p>\n<h2><strong>TEKNISET TIEDOT:<\/strong><\/h2>\n<ul>\n<li>Perusaine: hybridipolymeeri<\/li>\n<li>Koostumus: j\u00e4ykk\u00e4 tahna<\/li>\n<li>Kovettuminen: ilman kosteuden vaikutuksesta<\/li>\n<li>Nahkoittuminen: noin 10 min (+20\u00baC, ilmankosteus 65%)<\/li>\n<li>Kuivumisnopeus: 2 mm\/24 h (+20\u00baC, ilmankosteus 65%)<\/li>\n<li>Kovuus (Shore A): 40 \u00b1 5<\/li>\n<li>Kutistuminen: ei kutistu<\/li>\n<li>Ominaispaino: 1.67 g\/cm\u00b3<\/li>\n<li>L\u00e4mp\u00f6tilan kesto: -40 &#8211; +90\u00b0C<\/li>\n<li>Elastinen palautuminen: &gt; 75 %<\/li>\n<li>Vetolujuus: 2.0 N\/mm\u00b2 (DIN 53504)<\/li>\n<li>Murtovenym\u00e4: 500 % (DIN 53504)<\/li>\n<li>E-modulus 100%: 1.0 N\/mm\u00b2 (DIN 53504)<\/li>\n<li>Sauman max. liike: 20 %.<\/li>\n<\/ul>\n<p><iframe loading=\"lazy\" src=\"https:\/\/www.youtube.com\/embed\/wq-5EEFIX7k\" width=\"640\" height=\"360\" frameborder=\"0\" allowfullscreen=\"allowfullscreen\"><\/iframe><\/p>\n","protected":false},"excerpt":{"rendered":"<p>Hajuton, korkealaatuinen MS-polymeeripohjainen yleisliima ja saumausmassa, jolla on hyv\u00e4 tartuntakyky my\u00f6s kosteisiin pintoihin.<\/p>\n","protected":false},"featured_media":10686,"comment_status":"open","ping_status":"closed","template":"","meta":{"_acf_changed":false},"product_cat":[2187,1547,1627,1553],"product_tag":[146,147,121,58,110,90,156,151,75,76,31,143,320,79,80],"class_list":{"0":"post-6592","1":"product","2":"type-product","3":"status-publish","4":"has-post-thumbnail","6":"product_brand-soudal","7":"product_cat-soudal-asennusliimat-liimaus-ja-saumausmassat","8":"product_cat-hybridi-smp-ja-ms-polymeerit","9":"product_cat-saumaus","10":"product_cat-tiivistys-tuotteet","11":"product_tag-hybridimassa","12":"product_tag-hybridipolymeeri","13":"product_tag-liima","14":"product_tag-liima-aine","15":"product_tag-liimamassa-2","16":"product_tag-liimaus","17":"product_tag-liimausmassa","18":"product_tag-ms-polymeeri","19":"product_tag-saumamassa","20":"product_tag-saumaus","21":"product_tag-saumausmassat","22":"product_tag-sisakayttoon","23":"product_tag-soudal","24":"product_tag-tiiviste","25":"product_tag-tiivistys-2","26":"pa_vari-beige","27":"pa_vari-harmaa","28":"pa_vari-musta","29":"pa_vari-ruskea","30":"pa_vari-valkoinen","32":"first","33":"onbackorder","34":"taxable","35":"shipping-taxable","36":"purchasable","37":"product-type-variable"},"acf":[],"yoast_head":"<!-- This site is optimized with the Yoast SEO plugin v27.5 - https:\/\/yoast.com\/product\/yoast-seo-wordpress\/ -->\n<title>Soudal Fix All Flexi (Classic) 290ml - Saumaustarvike.fi<\/title>\n<meta name=\"robots\" content=\"index, follow, max-snippet:-1, max-image-preview:large, max-video-preview:-1\" \/>\n<link rel=\"canonical\" href=\"https:\/\/saumaustarvike.fi\/verkkokauppa\/kauppa\/tuotemerkit\/soudal-tuotemerkit\/soudal-asennusliimat-liimaus-ja-saumausmassat\/soudal-liima-ja-tiivistemassa-fix-all-classic\/\" \/>\n<meta property=\"og:locale\" content=\"fi_FI\" \/>\n<meta property=\"og:type\" content=\"article\" \/>\n<meta property=\"og:title\" content=\"Soudal Fix All Flexi (Classic) 290ml - Saumaustarvike.fi\" \/>\n<meta property=\"og:description\" content=\"Hajuton, korkealaatuinen MS-polymeeripohjainen yleisliima ja saumausmassa, jolla on hyv\u00e4 tartuntakyky my\u00f6s kosteisiin pintoihin.\" \/>\n<meta property=\"og:url\" content=\"https:\/\/saumaustarvike.fi\/verkkokauppa\/kauppa\/tuotemerkit\/soudal-tuotemerkit\/soudal-asennusliimat-liimaus-ja-saumausmassat\/soudal-liima-ja-tiivistemassa-fix-all-classic\/\" \/>\n<meta property=\"og:site_name\" content=\"Saumaustarvike.fi\" \/>\n<meta property=\"article:publisher\" content=\"https:\/\/www.facebook.com\/Saumalaakso\" \/>\n<meta property=\"article:modified_time\" content=\"2024-09-13T15:14:11+00:00\" \/>\n<meta property=\"og:image\" content=\"https:\/\/saumaustarvike.fi\/verkkokauppa\/content\/uploads\/2015\/04\/soudal-flexi-fix-all-1000x1000.jpg\" \/>\n\t<meta property=\"og:image:width\" content=\"1000\" \/>\n\t<meta property=\"og:image:height\" content=\"1000\" \/>\n\t<meta property=\"og:image:type\" content=\"image\/jpeg\" \/>\n<meta name=\"twitter:label1\" content=\"Arvioitu lukuaika\" \/>\n\t<meta name=\"twitter:data1\" content=\"2 minuuttia\" \/>\n<script type=\"application\/ld+json\" class=\"yoast-schema-graph\">{\"@context\":\"https:\\\/\\\/schema.org\",\"@graph\":[{\"@type\":\"WebPage\",\"@id\":\"https:\\\/\\\/saumaustarvike.fi\\\/verkkokauppa\\\/kauppa\\\/tuotemerkit\\\/soudal-tuotemerkit\\\/soudal-asennusliimat-liimaus-ja-saumausmassat\\\/soudal-liima-ja-tiivistemassa-fix-all-classic\\\/\",\"url\":\"https:\\\/\\\/saumaustarvike.fi\\\/verkkokauppa\\\/kauppa\\\/tuotemerkit\\\/soudal-tuotemerkit\\\/soudal-asennusliimat-liimaus-ja-saumausmassat\\\/soudal-liima-ja-tiivistemassa-fix-all-classic\\\/\",\"name\":\"Soudal Fix All Flexi (Classic) 290ml - Saumaustarvike.fi\",\"isPartOf\":{\"@id\":\"https:\\\/\\\/saumaustarvike.fi\\\/verkkokauppa\\\/#website\"},\"primaryImageOfPage\":{\"@id\":\"https:\\\/\\\/saumaustarvike.fi\\\/verkkokauppa\\\/kauppa\\\/tuotemerkit\\\/soudal-tuotemerkit\\\/soudal-asennusliimat-liimaus-ja-saumausmassat\\\/soudal-liima-ja-tiivistemassa-fix-all-classic\\\/#primaryimage\"},\"image\":{\"@id\":\"https:\\\/\\\/saumaustarvike.fi\\\/verkkokauppa\\\/kauppa\\\/tuotemerkit\\\/soudal-tuotemerkit\\\/soudal-asennusliimat-liimaus-ja-saumausmassat\\\/soudal-liima-ja-tiivistemassa-fix-all-classic\\\/#primaryimage\"},\"thumbnailUrl\":\"https:\\\/\\\/saumaustarvike.fi\\\/verkkokauppa\\\/wp-content\\\/uploads\\\/2015\\\/04\\\/soudal-flexi-fix-all-1000x1000.jpg\",\"datePublished\":\"2015-04-21T11:47:57+00:00\",\"dateModified\":\"2024-09-13T15:14:11+00:00\",\"breadcrumb\":{\"@id\":\"https:\\\/\\\/saumaustarvike.fi\\\/verkkokauppa\\\/kauppa\\\/tuotemerkit\\\/soudal-tuotemerkit\\\/soudal-asennusliimat-liimaus-ja-saumausmassat\\\/soudal-liima-ja-tiivistemassa-fix-all-classic\\\/#breadcrumb\"},\"inLanguage\":\"fi\",\"potentialAction\":[{\"@type\":\"ReadAction\",\"target\":[\"https:\\\/\\\/saumaustarvike.fi\\\/verkkokauppa\\\/kauppa\\\/tuotemerkit\\\/soudal-tuotemerkit\\\/soudal-asennusliimat-liimaus-ja-saumausmassat\\\/soudal-liima-ja-tiivistemassa-fix-all-classic\\\/\"]}]},{\"@type\":\"ImageObject\",\"inLanguage\":\"fi\",\"@id\":\"https:\\\/\\\/saumaustarvike.fi\\\/verkkokauppa\\\/kauppa\\\/tuotemerkit\\\/soudal-tuotemerkit\\\/soudal-asennusliimat-liimaus-ja-saumausmassat\\\/soudal-liima-ja-tiivistemassa-fix-all-classic\\\/#primaryimage\",\"url\":\"https:\\\/\\\/saumaustarvike.fi\\\/verkkokauppa\\\/wp-content\\\/uploads\\\/2015\\\/04\\\/soudal-flexi-fix-all-1000x1000.jpg\",\"contentUrl\":\"https:\\\/\\\/saumaustarvike.fi\\\/verkkokauppa\\\/wp-content\\\/uploads\\\/2015\\\/04\\\/soudal-flexi-fix-all-1000x1000.jpg\",\"width\":1000,\"height\":1000},{\"@type\":\"BreadcrumbList\",\"@id\":\"https:\\\/\\\/saumaustarvike.fi\\\/verkkokauppa\\\/kauppa\\\/tuotemerkit\\\/soudal-tuotemerkit\\\/soudal-asennusliimat-liimaus-ja-saumausmassat\\\/soudal-liima-ja-tiivistemassa-fix-all-classic\\\/#breadcrumb\",\"itemListElement\":[{\"@type\":\"ListItem\",\"position\":1,\"name\":\"Home\",\"item\":\"https:\\\/\\\/saumaustarvike.fi\\\/verkkokauppa\\\/\"},{\"@type\":\"ListItem\",\"position\":2,\"name\":\"Saumausmassat, tarvikkeet ja ty\u00f6kalut\",\"item\":\"https:\\\/\\\/saumaustarvike.fi\\\/verkkokauppa\\\/kauppa\\\/\"},{\"@type\":\"ListItem\",\"position\":3,\"name\":\"Soudal Fix All Flexi (Classic) 290ml\"}]},{\"@type\":\"WebSite\",\"@id\":\"https:\\\/\\\/saumaustarvike.fi\\\/verkkokauppa\\\/#website\",\"url\":\"https:\\\/\\\/saumaustarvike.fi\\\/verkkokauppa\\\/\",\"name\":\"Saumaustarvike.fi\",\"description\":\"Saumausmassat, tarvikkeet ja ty&ouml;kalut\",\"publisher\":{\"@id\":\"https:\\\/\\\/saumaustarvike.fi\\\/verkkokauppa\\\/#organization\"},\"potentialAction\":[{\"@type\":\"SearchAction\",\"target\":{\"@type\":\"EntryPoint\",\"urlTemplate\":\"https:\\\/\\\/saumaustarvike.fi\\\/verkkokauppa\\\/?s={search_term_string}\"},\"query-input\":{\"@type\":\"PropertyValueSpecification\",\"valueRequired\":true,\"valueName\":\"search_term_string\"}}],\"inLanguage\":\"fi\"},{\"@type\":\"Organization\",\"@id\":\"https:\\\/\\\/saumaustarvike.fi\\\/verkkokauppa\\\/#organization\",\"name\":\"Saumaustarvike.fi\",\"url\":\"https:\\\/\\\/saumaustarvike.fi\\\/verkkokauppa\\\/\",\"logo\":{\"@type\":\"ImageObject\",\"inLanguage\":\"fi\",\"@id\":\"https:\\\/\\\/saumaustarvike.fi\\\/verkkokauppa\\\/#\\\/schema\\\/logo\\\/image\\\/\",\"url\":\"https:\\\/\\\/saumaustarvike.fi\\\/verkkokauppa\\\/wp-content\\\/uploads\\\/2019\\\/02\\\/logo.png\",\"contentUrl\":\"https:\\\/\\\/saumaustarvike.fi\\\/verkkokauppa\\\/wp-content\\\/uploads\\\/2019\\\/02\\\/logo.png\",\"width\":806,\"height\":150,\"caption\":\"Saumaustarvike.fi\"},\"image\":{\"@id\":\"https:\\\/\\\/saumaustarvike.fi\\\/verkkokauppa\\\/#\\\/schema\\\/logo\\\/image\\\/\"},\"sameAs\":[\"https:\\\/\\\/www.facebook.com\\\/Saumalaakso\"]}]}<\/script>\n<!-- \/ Yoast SEO plugin. -->","yoast_head_json":{"title":"Soudal Fix All Flexi (Classic) 290ml - Saumaustarvike.fi","robots":{"index":"index","follow":"follow","max-snippet":"max-snippet:-1","max-image-preview":"max-image-preview:large","max-video-preview":"max-video-preview:-1"},"canonical":"https:\/\/saumaustarvike.fi\/verkkokauppa\/kauppa\/tuotemerkit\/soudal-tuotemerkit\/soudal-asennusliimat-liimaus-ja-saumausmassat\/soudal-liima-ja-tiivistemassa-fix-all-classic\/","og_locale":"fi_FI","og_type":"article","og_title":"Soudal Fix All Flexi (Classic) 290ml - Saumaustarvike.fi","og_description":"Hajuton, korkealaatuinen MS-polymeeripohjainen yleisliima ja saumausmassa, jolla on hyv\u00e4 tartuntakyky my\u00f6s kosteisiin pintoihin.","og_url":"https:\/\/saumaustarvike.fi\/verkkokauppa\/kauppa\/tuotemerkit\/soudal-tuotemerkit\/soudal-asennusliimat-liimaus-ja-saumausmassat\/soudal-liima-ja-tiivistemassa-fix-all-classic\/","og_site_name":"Saumaustarvike.fi","article_publisher":"https:\/\/www.facebook.com\/Saumalaakso","article_modified_time":"2024-09-13T15:14:11+00:00","og_image":[{"width":1000,"height":1000,"url":"https:\/\/saumaustarvike.fi\/verkkokauppa\/content\/uploads\/2015\/04\/soudal-flexi-fix-all-1000x1000.jpg","type":"image\/jpeg"}],"twitter_misc":{"Arvioitu lukuaika":"2 minuuttia"},"schema":{"@context":"https:\/\/schema.org","@graph":[{"@type":"WebPage","@id":"https:\/\/saumaustarvike.fi\/verkkokauppa\/kauppa\/tuotemerkit\/soudal-tuotemerkit\/soudal-asennusliimat-liimaus-ja-saumausmassat\/soudal-liima-ja-tiivistemassa-fix-all-classic\/","url":"https:\/\/saumaustarvike.fi\/verkkokauppa\/kauppa\/tuotemerkit\/soudal-tuotemerkit\/soudal-asennusliimat-liimaus-ja-saumausmassat\/soudal-liima-ja-tiivistemassa-fix-all-classic\/","name":"Soudal Fix All Flexi (Classic) 290ml - Saumaustarvike.fi","isPartOf":{"@id":"https:\/\/saumaustarvike.fi\/verkkokauppa\/#website"},"primaryImageOfPage":{"@id":"https:\/\/saumaustarvike.fi\/verkkokauppa\/kauppa\/tuotemerkit\/soudal-tuotemerkit\/soudal-asennusliimat-liimaus-ja-saumausmassat\/soudal-liima-ja-tiivistemassa-fix-all-classic\/#primaryimage"},"image":{"@id":"https:\/\/saumaustarvike.fi\/verkkokauppa\/kauppa\/tuotemerkit\/soudal-tuotemerkit\/soudal-asennusliimat-liimaus-ja-saumausmassat\/soudal-liima-ja-tiivistemassa-fix-all-classic\/#primaryimage"},"thumbnailUrl":"https:\/\/saumaustarvike.fi\/verkkokauppa\/wp-content\/uploads\/2015\/04\/soudal-flexi-fix-all-1000x1000.jpg","datePublished":"2015-04-21T11:47:57+00:00","dateModified":"2024-09-13T15:14:11+00:00","breadcrumb":{"@id":"https:\/\/saumaustarvike.fi\/verkkokauppa\/kauppa\/tuotemerkit\/soudal-tuotemerkit\/soudal-asennusliimat-liimaus-ja-saumausmassat\/soudal-liima-ja-tiivistemassa-fix-all-classic\/#breadcrumb"},"inLanguage":"fi","potentialAction":[{"@type":"ReadAction","target":["https:\/\/saumaustarvike.fi\/verkkokauppa\/kauppa\/tuotemerkit\/soudal-tuotemerkit\/soudal-asennusliimat-liimaus-ja-saumausmassat\/soudal-liima-ja-tiivistemassa-fix-all-classic\/"]}]},{"@type":"ImageObject","inLanguage":"fi","@id":"https:\/\/saumaustarvike.fi\/verkkokauppa\/kauppa\/tuotemerkit\/soudal-tuotemerkit\/soudal-asennusliimat-liimaus-ja-saumausmassat\/soudal-liima-ja-tiivistemassa-fix-all-classic\/#primaryimage","url":"https:\/\/saumaustarvike.fi\/verkkokauppa\/wp-content\/uploads\/2015\/04\/soudal-flexi-fix-all-1000x1000.jpg","contentUrl":"https:\/\/saumaustarvike.fi\/verkkokauppa\/wp-content\/uploads\/2015\/04\/soudal-flexi-fix-all-1000x1000.jpg","width":1000,"height":1000},{"@type":"BreadcrumbList","@id":"https:\/\/saumaustarvike.fi\/verkkokauppa\/kauppa\/tuotemerkit\/soudal-tuotemerkit\/soudal-asennusliimat-liimaus-ja-saumausmassat\/soudal-liima-ja-tiivistemassa-fix-all-classic\/#breadcrumb","itemListElement":[{"@type":"ListItem","position":1,"name":"Home","item":"https:\/\/saumaustarvike.fi\/verkkokauppa\/"},{"@type":"ListItem","position":2,"name":"Saumausmassat, tarvikkeet ja ty\u00f6kalut","item":"https:\/\/saumaustarvike.fi\/verkkokauppa\/kauppa\/"},{"@type":"ListItem","position":3,"name":"Soudal Fix All Flexi (Classic) 290ml"}]},{"@type":"WebSite","@id":"https:\/\/saumaustarvike.fi\/verkkokauppa\/#website","url":"https:\/\/saumaustarvike.fi\/verkkokauppa\/","name":"Saumaustarvike.fi","description":"Saumausmassat, tarvikkeet ja ty&ouml;kalut","publisher":{"@id":"https:\/\/saumaustarvike.fi\/verkkokauppa\/#organization"},"potentialAction":[{"@type":"SearchAction","target":{"@type":"EntryPoint","urlTemplate":"https:\/\/saumaustarvike.fi\/verkkokauppa\/?s={search_term_string}"},"query-input":{"@type":"PropertyValueSpecification","valueRequired":true,"valueName":"search_term_string"}}],"inLanguage":"fi"},{"@type":"Organization","@id":"https:\/\/saumaustarvike.fi\/verkkokauppa\/#organization","name":"Saumaustarvike.fi","url":"https:\/\/saumaustarvike.fi\/verkkokauppa\/","logo":{"@type":"ImageObject","inLanguage":"fi","@id":"https:\/\/saumaustarvike.fi\/verkkokauppa\/#\/schema\/logo\/image\/","url":"https:\/\/saumaustarvike.fi\/verkkokauppa\/wp-content\/uploads\/2019\/02\/logo.png","contentUrl":"https:\/\/saumaustarvike.fi\/verkkokauppa\/wp-content\/uploads\/2019\/02\/logo.png","width":806,"height":150,"caption":"Saumaustarvike.fi"},"image":{"@id":"https:\/\/saumaustarvike.fi\/verkkokauppa\/#\/schema\/logo\/image\/"},"sameAs":["https:\/\/www.facebook.com\/Saumalaakso"]}]}},"jetpack_sharing_enabled":true,"_links":{"self":[{"href":"https:\/\/saumaustarvike.fi\/verkkokauppa\/wp-json\/wp\/v2\/product\/6592","targetHints":{"allow":["GET"]}}],"collection":[{"href":"https:\/\/saumaustarvike.fi\/verkkokauppa\/wp-json\/wp\/v2\/product"}],"about":[{"href":"https:\/\/saumaustarvike.fi\/verkkokauppa\/wp-json\/wp\/v2\/types\/product"}],"replies":[{"embeddable":true,"href":"https:\/\/saumaustarvike.fi\/verkkokauppa\/wp-json\/wp\/v2\/comments?post=6592"}],"wp:featuredmedia":[{"embeddable":true,"href":"https:\/\/saumaustarvike.fi\/verkkokauppa\/wp-json\/wp\/v2\/media\/10686"}],"wp:attachment":[{"href":"https:\/\/saumaustarvike.fi\/verkkokauppa\/wp-json\/wp\/v2\/media?parent=6592"}],"wp:term":[{"taxonomy":"product_cat","embeddable":true,"href":"https:\/\/saumaustarvike.fi\/verkkokauppa\/wp-json\/wp\/v2\/product_cat?post=6592"},{"taxonomy":"product_tag","embeddable":true,"href":"https:\/\/saumaustarvike.fi\/verkkokauppa\/wp-json\/wp\/v2\/product_tag?post=6592"}],"curies":[{"name":"wp","href":"https:\/\/api.w.org\/{rel}","templated":true}]}}