{"id":6678,"date":"2015-04-22T13:05:21","date_gmt":"2015-04-22T10:05:21","guid":{"rendered":"https:\/\/saumaustarvike.fi\/verkkokauppa\/kauppa\/cleanerit-primerit\/soudal-swipex-xxl-80-puhdistusliina\/"},"modified":"2024-09-13T18:08:33","modified_gmt":"2024-09-13T15:08:33","slug":"soudal-swipex-xxl-100-puhdistusliina","status":"publish","type":"product","link":"https:\/\/saumaustarvike.fi\/verkkokauppa\/kauppa\/tuotemerkit\/soudal-tuotemerkit\/soudal-puhdistus-cleanerit\/soudal-swipex-xxl-100-puhdistusliina\/","title":{"rendered":"Soudal &#8211; Swipex XXL 100 puhdistusliina"},"content":{"rendered":"<h1>SOUDAL &#8211; Swipex XXL 100 puhdistusliina<\/h1>\n<p>puhdistusliina &#8211; poistaa kuivumattomat massat, vaahdot, rasvat, jne.<\/p>\n<h2>Impregnoitu puhdistusliina<\/h2>\n<h3><strong>Tuotekuvaus:<\/strong><\/h3>\n<p>Kuitukankainen (non-woven) puhdistusliina vaativaan k\u00e4ytt\u00f6\u00f6n. Impregnoitu erikoisliuoksella, joka mahdollistaa maalien ja muiden kemiallisten aineiden kuten musteen, liiman, liimamassojen, \u00f6ljyjen ja rasvojen poiston k\u00e4sist\u00e4, ty\u00f6kaluista ja yleisesti kovilta ei-huokoisilta pinnoilta.<\/p>\n<h3><strong>K\u00e4ytt\u00f6kohteet:<\/strong><\/h3>\n<p>&#8211; Puhdistaa ja poistaa kuivumattomat liimamassatahrat<br \/>\n&#8211; Puhdistaa ty\u00f6kalut, pinnat, jne. \u00f6ljyst\u00e4, musteesta, liimasta, rasvasta, jne.<br \/>\n&#8211; Puhdistaa k\u00e4det liasta, rasvasta, liimamassasta, jne.<br \/>\n&#8211; Puhdistaa kosteat polyuretaanivaahdot<\/p>\n<h3><strong>Pakkaus:<\/strong><\/h3>\n<p>Pakkauskoko: 100 liinan suljettava muovipurkki<\/p>\n<h3><strong>Varastointiaika:<\/strong><\/h3>\n<p>12 kuukautta avaamattomassa alkuper\u00e4ispakkauksessaan viile\u00e4ss\u00e4 ja kuivassa tilassa +5\u00b0C\u2026+25\u00b0C l\u00e4mp\u00f6tilassa<\/p>\n<h3><strong>K\u00e4ytt\u00f6ohjeet:<\/strong><\/h3>\n<p>Ved\u00e4 puhdistusliinaa purkista ja katkaise esileikkauksen kohdalta. Pyyhi pintaa poistaaksesi lika, rasva, liimamassa jne. Lika imeytyy liinaan. Anna pinnan kuivua. Sulje purkki tiiviisti, jotta purkissa olevat liinat s\u00e4ilyv\u00e4t kosteana.<\/p>\n<h3><\/h3>\n","protected":false},"excerpt":{"rendered":"<p>Puhdistusliina vaativaan k\u00e4ytt\u00f6\u00f6n. Mahdollistaa maalien ja muiden kemiallisten aineiden kuten musteen, liiman, liimamassojen, \u00f6ljyjen ja rasvojen poiston k\u00e4sist\u00e4, ty\u00f6kaluista.<\/p>\n","protected":false},"featured_media":16872,"comment_status":"open","ping_status":"closed","template":"","meta":{"_acf_changed":false},"product_cat":[1546,2190,1577],"product_tag":[321,320,979],"class_list":{"0":"post-6678","1":"product","2":"type-product","3":"status-publish","4":"has-post-thumbnail","6":"product_brand-soudal","7":"product_cat-cleanerit-primerit-puhdistusaineet-viimeistelyaineet","8":"product_cat-soudal-puhdistus-cleanerit","9":"product_cat-saumaustarvikkeet","10":"product_tag-pyyhinta","11":"product_tag-soudal","12":"product_tag-swipex","13":"pa_vari-harmaa","14":"pa_vari-musta","15":"pa_vari-ruskea","16":"pa_vari-valkoinen","18":"first","19":"instock","20":"taxable","21":"shipping-taxable","22":"purchasable","23":"product-type-simple"},"acf":[],"yoast_head":"<!-- This site is optimized with the Yoast SEO plugin v27.3 - https:\/\/yoast.com\/product\/yoast-seo-wordpress\/ -->\n<title>Soudal - Swipex XXL 100 puhdistusliina - Saumaustarvike.fi<\/title>\n<meta name=\"description\" content=\"Kuitukankainen puhdistusliina vaativaan k\u00e4ytt\u00f6\u00f6n. Impregnoitu erikoisliuos, joka mahdollistaa maalien ja muiden kemiallisten aineiden poiston.\" \/>\n<meta name=\"robots\" content=\"index, follow, max-snippet:-1, max-image-preview:large, max-video-preview:-1\" \/>\n<link rel=\"canonical\" href=\"https:\/\/saumaustarvike.fi\/verkkokauppa\/kauppa\/tuotemerkit\/soudal-tuotemerkit\/soudal-puhdistus-cleanerit\/soudal-swipex-xxl-100-puhdistusliina\/\" \/>\n<meta property=\"og:locale\" content=\"fi_FI\" \/>\n<meta property=\"og:type\" content=\"article\" \/>\n<meta property=\"og:title\" content=\"Soudal - Swipex XXL 100 puhdistusliina - Saumaustarvike.fi\" \/>\n<meta property=\"og:description\" content=\"Kuitukankainen puhdistusliina vaativaan k\u00e4ytt\u00f6\u00f6n. Impregnoitu erikoisliuos, joka mahdollistaa maalien ja muiden kemiallisten aineiden poiston.\" \/>\n<meta property=\"og:url\" content=\"https:\/\/saumaustarvike.fi\/verkkokauppa\/kauppa\/tuotemerkit\/soudal-tuotemerkit\/soudal-puhdistus-cleanerit\/soudal-swipex-xxl-100-puhdistusliina\/\" \/>\n<meta property=\"og:site_name\" content=\"Saumaustarvike.fi\" \/>\n<meta property=\"article:publisher\" content=\"https:\/\/www.facebook.com\/Saumalaakso\" \/>\n<meta property=\"article:modified_time\" content=\"2024-09-13T15:08:33+00:00\" \/>\n<meta property=\"og:image\" content=\"https:\/\/saumaustarvike.fi\/verkkokauppa\/content\/uploads\/2015\/04\/swipex-wipes.jpg\" \/>\n\t<meta property=\"og:image:width\" content=\"700\" \/>\n\t<meta property=\"og:image:height\" content=\"525\" \/>\n\t<meta property=\"og:image:type\" content=\"image\/jpeg\" \/>\n<meta name=\"twitter:label1\" content=\"Arvioitu lukuaika\" \/>\n\t<meta name=\"twitter:data1\" content=\"1 minuutti\" \/>\n<script type=\"application\/ld+json\" class=\"yoast-schema-graph\">{\"@context\":\"https:\\\/\\\/schema.org\",\"@graph\":[{\"@type\":\"WebPage\",\"@id\":\"https:\\\/\\\/saumaustarvike.fi\\\/verkkokauppa\\\/kauppa\\\/tuotemerkit\\\/soudal-tuotemerkit\\\/soudal-puhdistus-cleanerit\\\/soudal-swipex-xxl-100-puhdistusliina\\\/\",\"url\":\"https:\\\/\\\/saumaustarvike.fi\\\/verkkokauppa\\\/kauppa\\\/tuotemerkit\\\/soudal-tuotemerkit\\\/soudal-puhdistus-cleanerit\\\/soudal-swipex-xxl-100-puhdistusliina\\\/\",\"name\":\"Soudal - Swipex XXL 100 puhdistusliina - Saumaustarvike.fi\",\"isPartOf\":{\"@id\":\"https:\\\/\\\/saumaustarvike.fi\\\/verkkokauppa\\\/#website\"},\"primaryImageOfPage\":{\"@id\":\"https:\\\/\\\/saumaustarvike.fi\\\/verkkokauppa\\\/kauppa\\\/tuotemerkit\\\/soudal-tuotemerkit\\\/soudal-puhdistus-cleanerit\\\/soudal-swipex-xxl-100-puhdistusliina\\\/#primaryimage\"},\"image\":{\"@id\":\"https:\\\/\\\/saumaustarvike.fi\\\/verkkokauppa\\\/kauppa\\\/tuotemerkit\\\/soudal-tuotemerkit\\\/soudal-puhdistus-cleanerit\\\/soudal-swipex-xxl-100-puhdistusliina\\\/#primaryimage\"},\"thumbnailUrl\":\"https:\\\/\\\/saumaustarvike.fi\\\/verkkokauppa\\\/wp-content\\\/uploads\\\/2015\\\/04\\\/swipex-wipes.jpg\",\"datePublished\":\"2015-04-22T10:05:21+00:00\",\"dateModified\":\"2024-09-13T15:08:33+00:00\",\"description\":\"Kuitukankainen puhdistusliina vaativaan k\u00e4ytt\u00f6\u00f6n. Impregnoitu erikoisliuos, joka mahdollistaa maalien ja muiden kemiallisten aineiden poiston.\",\"breadcrumb\":{\"@id\":\"https:\\\/\\\/saumaustarvike.fi\\\/verkkokauppa\\\/kauppa\\\/tuotemerkit\\\/soudal-tuotemerkit\\\/soudal-puhdistus-cleanerit\\\/soudal-swipex-xxl-100-puhdistusliina\\\/#breadcrumb\"},\"inLanguage\":\"fi\",\"potentialAction\":[{\"@type\":\"ReadAction\",\"target\":[\"https:\\\/\\\/saumaustarvike.fi\\\/verkkokauppa\\\/kauppa\\\/tuotemerkit\\\/soudal-tuotemerkit\\\/soudal-puhdistus-cleanerit\\\/soudal-swipex-xxl-100-puhdistusliina\\\/\"]}]},{\"@type\":\"ImageObject\",\"inLanguage\":\"fi\",\"@id\":\"https:\\\/\\\/saumaustarvike.fi\\\/verkkokauppa\\\/kauppa\\\/tuotemerkit\\\/soudal-tuotemerkit\\\/soudal-puhdistus-cleanerit\\\/soudal-swipex-xxl-100-puhdistusliina\\\/#primaryimage\",\"url\":\"https:\\\/\\\/saumaustarvike.fi\\\/verkkokauppa\\\/wp-content\\\/uploads\\\/2015\\\/04\\\/swipex-wipes.jpg\",\"contentUrl\":\"https:\\\/\\\/saumaustarvike.fi\\\/verkkokauppa\\\/wp-content\\\/uploads\\\/2015\\\/04\\\/swipex-wipes.jpg\",\"width\":700,\"height\":525},{\"@type\":\"BreadcrumbList\",\"@id\":\"https:\\\/\\\/saumaustarvike.fi\\\/verkkokauppa\\\/kauppa\\\/tuotemerkit\\\/soudal-tuotemerkit\\\/soudal-puhdistus-cleanerit\\\/soudal-swipex-xxl-100-puhdistusliina\\\/#breadcrumb\",\"itemListElement\":[{\"@type\":\"ListItem\",\"position\":1,\"name\":\"Home\",\"item\":\"https:\\\/\\\/saumaustarvike.fi\\\/verkkokauppa\\\/\"},{\"@type\":\"ListItem\",\"position\":2,\"name\":\"Saumausmassat, tarvikkeet ja ty\u00f6kalut\",\"item\":\"https:\\\/\\\/saumaustarvike.fi\\\/verkkokauppa\\\/kauppa\\\/\"},{\"@type\":\"ListItem\",\"position\":3,\"name\":\"Soudal &#8211; Swipex XXL 100 puhdistusliina\"}]},{\"@type\":\"WebSite\",\"@id\":\"https:\\\/\\\/saumaustarvike.fi\\\/verkkokauppa\\\/#website\",\"url\":\"https:\\\/\\\/saumaustarvike.fi\\\/verkkokauppa\\\/\",\"name\":\"Saumaustarvike.fi\",\"description\":\"Saumausmassat, tarvikkeet ja ty&ouml;kalut\",\"publisher\":{\"@id\":\"https:\\\/\\\/saumaustarvike.fi\\\/verkkokauppa\\\/#organization\"},\"potentialAction\":[{\"@type\":\"SearchAction\",\"target\":{\"@type\":\"EntryPoint\",\"urlTemplate\":\"https:\\\/\\\/saumaustarvike.fi\\\/verkkokauppa\\\/?s={search_term_string}\"},\"query-input\":{\"@type\":\"PropertyValueSpecification\",\"valueRequired\":true,\"valueName\":\"search_term_string\"}}],\"inLanguage\":\"fi\"},{\"@type\":\"Organization\",\"@id\":\"https:\\\/\\\/saumaustarvike.fi\\\/verkkokauppa\\\/#organization\",\"name\":\"Saumaustarvike.fi\",\"url\":\"https:\\\/\\\/saumaustarvike.fi\\\/verkkokauppa\\\/\",\"logo\":{\"@type\":\"ImageObject\",\"inLanguage\":\"fi\",\"@id\":\"https:\\\/\\\/saumaustarvike.fi\\\/verkkokauppa\\\/#\\\/schema\\\/logo\\\/image\\\/\",\"url\":\"https:\\\/\\\/saumaustarvike.fi\\\/verkkokauppa\\\/wp-content\\\/uploads\\\/2019\\\/02\\\/logo.png\",\"contentUrl\":\"https:\\\/\\\/saumaustarvike.fi\\\/verkkokauppa\\\/wp-content\\\/uploads\\\/2019\\\/02\\\/logo.png\",\"width\":806,\"height\":150,\"caption\":\"Saumaustarvike.fi\"},\"image\":{\"@id\":\"https:\\\/\\\/saumaustarvike.fi\\\/verkkokauppa\\\/#\\\/schema\\\/logo\\\/image\\\/\"},\"sameAs\":[\"https:\\\/\\\/www.facebook.com\\\/Saumalaakso\"]}]}<\/script>\n<!-- \/ Yoast SEO plugin. -->","yoast_head_json":{"title":"Soudal - Swipex XXL 100 puhdistusliina - Saumaustarvike.fi","description":"Kuitukankainen puhdistusliina vaativaan k\u00e4ytt\u00f6\u00f6n. Impregnoitu erikoisliuos, joka mahdollistaa maalien ja muiden kemiallisten aineiden poiston.","robots":{"index":"index","follow":"follow","max-snippet":"max-snippet:-1","max-image-preview":"max-image-preview:large","max-video-preview":"max-video-preview:-1"},"canonical":"https:\/\/saumaustarvike.fi\/verkkokauppa\/kauppa\/tuotemerkit\/soudal-tuotemerkit\/soudal-puhdistus-cleanerit\/soudal-swipex-xxl-100-puhdistusliina\/","og_locale":"fi_FI","og_type":"article","og_title":"Soudal - Swipex XXL 100 puhdistusliina - Saumaustarvike.fi","og_description":"Kuitukankainen puhdistusliina vaativaan k\u00e4ytt\u00f6\u00f6n. Impregnoitu erikoisliuos, joka mahdollistaa maalien ja muiden kemiallisten aineiden poiston.","og_url":"https:\/\/saumaustarvike.fi\/verkkokauppa\/kauppa\/tuotemerkit\/soudal-tuotemerkit\/soudal-puhdistus-cleanerit\/soudal-swipex-xxl-100-puhdistusliina\/","og_site_name":"Saumaustarvike.fi","article_publisher":"https:\/\/www.facebook.com\/Saumalaakso","article_modified_time":"2024-09-13T15:08:33+00:00","og_image":[{"width":700,"height":525,"url":"https:\/\/saumaustarvike.fi\/verkkokauppa\/content\/uploads\/2015\/04\/swipex-wipes.jpg","type":"image\/jpeg"}],"twitter_misc":{"Arvioitu lukuaika":"1 minuutti"},"schema":{"@context":"https:\/\/schema.org","@graph":[{"@type":"WebPage","@id":"https:\/\/saumaustarvike.fi\/verkkokauppa\/kauppa\/tuotemerkit\/soudal-tuotemerkit\/soudal-puhdistus-cleanerit\/soudal-swipex-xxl-100-puhdistusliina\/","url":"https:\/\/saumaustarvike.fi\/verkkokauppa\/kauppa\/tuotemerkit\/soudal-tuotemerkit\/soudal-puhdistus-cleanerit\/soudal-swipex-xxl-100-puhdistusliina\/","name":"Soudal - Swipex XXL 100 puhdistusliina - Saumaustarvike.fi","isPartOf":{"@id":"https:\/\/saumaustarvike.fi\/verkkokauppa\/#website"},"primaryImageOfPage":{"@id":"https:\/\/saumaustarvike.fi\/verkkokauppa\/kauppa\/tuotemerkit\/soudal-tuotemerkit\/soudal-puhdistus-cleanerit\/soudal-swipex-xxl-100-puhdistusliina\/#primaryimage"},"image":{"@id":"https:\/\/saumaustarvike.fi\/verkkokauppa\/kauppa\/tuotemerkit\/soudal-tuotemerkit\/soudal-puhdistus-cleanerit\/soudal-swipex-xxl-100-puhdistusliina\/#primaryimage"},"thumbnailUrl":"https:\/\/saumaustarvike.fi\/verkkokauppa\/wp-content\/uploads\/2015\/04\/swipex-wipes.jpg","datePublished":"2015-04-22T10:05:21+00:00","dateModified":"2024-09-13T15:08:33+00:00","description":"Kuitukankainen puhdistusliina vaativaan k\u00e4ytt\u00f6\u00f6n. Impregnoitu erikoisliuos, joka mahdollistaa maalien ja muiden kemiallisten aineiden poiston.","breadcrumb":{"@id":"https:\/\/saumaustarvike.fi\/verkkokauppa\/kauppa\/tuotemerkit\/soudal-tuotemerkit\/soudal-puhdistus-cleanerit\/soudal-swipex-xxl-100-puhdistusliina\/#breadcrumb"},"inLanguage":"fi","potentialAction":[{"@type":"ReadAction","target":["https:\/\/saumaustarvike.fi\/verkkokauppa\/kauppa\/tuotemerkit\/soudal-tuotemerkit\/soudal-puhdistus-cleanerit\/soudal-swipex-xxl-100-puhdistusliina\/"]}]},{"@type":"ImageObject","inLanguage":"fi","@id":"https:\/\/saumaustarvike.fi\/verkkokauppa\/kauppa\/tuotemerkit\/soudal-tuotemerkit\/soudal-puhdistus-cleanerit\/soudal-swipex-xxl-100-puhdistusliina\/#primaryimage","url":"https:\/\/saumaustarvike.fi\/verkkokauppa\/wp-content\/uploads\/2015\/04\/swipex-wipes.jpg","contentUrl":"https:\/\/saumaustarvike.fi\/verkkokauppa\/wp-content\/uploads\/2015\/04\/swipex-wipes.jpg","width":700,"height":525},{"@type":"BreadcrumbList","@id":"https:\/\/saumaustarvike.fi\/verkkokauppa\/kauppa\/tuotemerkit\/soudal-tuotemerkit\/soudal-puhdistus-cleanerit\/soudal-swipex-xxl-100-puhdistusliina\/#breadcrumb","itemListElement":[{"@type":"ListItem","position":1,"name":"Home","item":"https:\/\/saumaustarvike.fi\/verkkokauppa\/"},{"@type":"ListItem","position":2,"name":"Saumausmassat, tarvikkeet ja ty\u00f6kalut","item":"https:\/\/saumaustarvike.fi\/verkkokauppa\/kauppa\/"},{"@type":"ListItem","position":3,"name":"Soudal &#8211; Swipex XXL 100 puhdistusliina"}]},{"@type":"WebSite","@id":"https:\/\/saumaustarvike.fi\/verkkokauppa\/#website","url":"https:\/\/saumaustarvike.fi\/verkkokauppa\/","name":"Saumaustarvike.fi","description":"Saumausmassat, tarvikkeet ja ty&ouml;kalut","publisher":{"@id":"https:\/\/saumaustarvike.fi\/verkkokauppa\/#organization"},"potentialAction":[{"@type":"SearchAction","target":{"@type":"EntryPoint","urlTemplate":"https:\/\/saumaustarvike.fi\/verkkokauppa\/?s={search_term_string}"},"query-input":{"@type":"PropertyValueSpecification","valueRequired":true,"valueName":"search_term_string"}}],"inLanguage":"fi"},{"@type":"Organization","@id":"https:\/\/saumaustarvike.fi\/verkkokauppa\/#organization","name":"Saumaustarvike.fi","url":"https:\/\/saumaustarvike.fi\/verkkokauppa\/","logo":{"@type":"ImageObject","inLanguage":"fi","@id":"https:\/\/saumaustarvike.fi\/verkkokauppa\/#\/schema\/logo\/image\/","url":"https:\/\/saumaustarvike.fi\/verkkokauppa\/wp-content\/uploads\/2019\/02\/logo.png","contentUrl":"https:\/\/saumaustarvike.fi\/verkkokauppa\/wp-content\/uploads\/2019\/02\/logo.png","width":806,"height":150,"caption":"Saumaustarvike.fi"},"image":{"@id":"https:\/\/saumaustarvike.fi\/verkkokauppa\/#\/schema\/logo\/image\/"},"sameAs":["https:\/\/www.facebook.com\/Saumalaakso"]}]}},"jetpack_sharing_enabled":true,"_links":{"self":[{"href":"https:\/\/saumaustarvike.fi\/verkkokauppa\/wp-json\/wp\/v2\/product\/6678","targetHints":{"allow":["GET"]}}],"collection":[{"href":"https:\/\/saumaustarvike.fi\/verkkokauppa\/wp-json\/wp\/v2\/product"}],"about":[{"href":"https:\/\/saumaustarvike.fi\/verkkokauppa\/wp-json\/wp\/v2\/types\/product"}],"replies":[{"embeddable":true,"href":"https:\/\/saumaustarvike.fi\/verkkokauppa\/wp-json\/wp\/v2\/comments?post=6678"}],"wp:featuredmedia":[{"embeddable":true,"href":"https:\/\/saumaustarvike.fi\/verkkokauppa\/wp-json\/wp\/v2\/media\/16872"}],"wp:attachment":[{"href":"https:\/\/saumaustarvike.fi\/verkkokauppa\/wp-json\/wp\/v2\/media?parent=6678"}],"wp:term":[{"taxonomy":"product_cat","embeddable":true,"href":"https:\/\/saumaustarvike.fi\/verkkokauppa\/wp-json\/wp\/v2\/product_cat?post=6678"},{"taxonomy":"product_tag","embeddable":true,"href":"https:\/\/saumaustarvike.fi\/verkkokauppa\/wp-json\/wp\/v2\/product_tag?post=6678"}],"curies":[{"name":"wp","href":"https:\/\/api.w.org\/{rel}","templated":true}]}}