{"id":6821,"date":"2015-05-14T20:46:16","date_gmt":"2015-05-14T17:46:16","guid":{"rendered":"https:\/\/saumaustarvike.fi\/verkkokauppa\/kauppa\/liimamassa-liimaus\/sikabond-t2-elastinen-liima\/"},"modified":"2024-09-02T10:07:44","modified_gmt":"2024-09-02T07:07:44","slug":"sikabond-t2-elastinen-liima","status":"publish","type":"product","link":"https:\/\/saumaustarvike.fi\/verkkokauppa\/kauppa\/tuotemerkit\/sika-tuotemerkit\/sikabond-liimat-ja-liimavaahdot-sika-tuotemerkit\/sikabond-t2-elastinen-liima\/","title":{"rendered":"SikaBond-T2 elastinen liima"},"content":{"rendered":"<h1>SikaBond-T2 elastinen liima 300ml<\/h1>\n<p>Korkeaviskoosinen, valumaton, elastinen voimaliima<\/p>\n<h3>K\u00e4ytt\u00f6<\/h3>\n<p>1-komponenttinen , korkeat lujuusarvot omaava elastinen liima. Tuote soveltuu sis\u00e4- ja ulkok\u00e4ytt\u00f6\u00f6n mm. wc-pyttyjen, ikkunapenkkien, porrasaskelmien, levyjen, potkupeltien, opasteiden ja esivalmistettujen kappaleiden liimaamiseen. SikaBond-T2:lla on hyv\u00e4 tartunta mm. betoniin, tiileen, kiveen, keraamisiin laattoihin, puuhun, alumiiniin, ter\u00e4kseen, kova-PVC:hen, GFRP, PU.<\/p>\n<h3>Edut\/Ominaisuudet<\/h3>\n<ul>\n<li>1-komponenttinen<\/li>\n<li>Voimakas alkutartunta eri rakennusmateriaaleihin<\/li>\n<li>Nopeasti kovettuva<\/li>\n<li>Elastinen, \u00e4\u00e4nt\u00e4 vaimentava liima<\/li>\n<li>Vaimentaa v\u00e4r\u00e4htelyj\u00e4 ja tasaa l\u00e4mp\u00f6liikkeit\u00e4<\/li>\n<li>Tasaa ep\u00e4tasaisuuksia<\/li>\n<li>Ei aiheuta korroosiota, eik\u00e4 galvaanista korroosiota eri metallien v\u00e4lisiss\u00e4 liimauksissa<\/li>\n<li>Hyv\u00e4 s\u00e4\u00e4nkesto ja ik\u00e4\u00e4ntymisominaisuudet<\/li>\n<li>Korkea loppulujuus<\/li>\n<\/ul>\n<p>&nbsp;<\/p>\n<h3>V\u00e4ri<\/h3>\n<p>valkoinen<\/p>\n<h3>Pakkaus<\/h3>\n<p>300 ml patruuna<\/p>\n","protected":false},"excerpt":{"rendered":"<p>Tuote soveltuu sis\u00e4- ja ulkok\u00e4ytt\u00f6\u00f6n mm. wc-pyttyjen, ikkunapenkkien, porrasaskelmien, levyjen, potkupeltien, opasteiden ja esivalmistettujen kappaleiden liimaamiseen.<\/p>\n","protected":false},"featured_media":6827,"comment_status":"open","ping_status":"closed","template":"","meta":{"_acf_changed":false},"product_cat":[1548,1595,1553],"product_tag":[121,110,90,76,31,81,336,79],"class_list":{"0":"post-6821","1":"product","2":"type-product","3":"status-publish","4":"has-post-thumbnail","6":"product_brand-sika","7":"product_cat-polyuretaanipohjaiset","8":"product_cat-sikabond-liimat-ja-liimavaahdot-sika-tuotemerkit","9":"product_cat-tiivistys-tuotteet","10":"product_tag-liima","11":"product_tag-liimamassa-2","12":"product_tag-liimaus","13":"product_tag-saumaus","14":"product_tag-saumausmassat","15":"product_tag-sika-2","16":"product_tag-sikabond","17":"product_tag-tiiviste","18":"pa_vari-beige","19":"pa_vari-musta","20":"pa_vari-ruskea","21":"pa_vari-vaaleanharmaa","22":"pa_vari-valkoinen","24":"first","25":"instock","26":"taxable","27":"shipping-taxable","28":"purchasable","29":"product-type-simple"},"acf":[],"yoast_head":"<!-- This site is optimized with the Yoast SEO plugin v27.5 - https:\/\/yoast.com\/product\/yoast-seo-wordpress\/ -->\n<title>SikaBond-T2 elastinen liima - Saumaustarvike.fi<\/title>\n<meta name=\"description\" content=\"1-komponenttinen , korkeat lujuusarvot omaava elastinen liima. Soveltuu sis\u00e4- ja ulkok\u00e4ytt\u00f6\u00f6n mm. wc-pyttyjen, ikkunapenkkien, porrasaskelmien liimaamiseen\" \/>\n<meta name=\"robots\" content=\"index, follow, max-snippet:-1, max-image-preview:large, max-video-preview:-1\" \/>\n<link rel=\"canonical\" href=\"https:\/\/saumaustarvike.fi\/verkkokauppa\/kauppa\/tuotemerkit\/sika-tuotemerkit\/sikabond-liimat-ja-liimavaahdot-sika-tuotemerkit\/sikabond-t2-elastinen-liima\/\" \/>\n<meta property=\"og:locale\" content=\"fi_FI\" \/>\n<meta property=\"og:type\" content=\"article\" \/>\n<meta property=\"og:title\" content=\"SikaBond-T2 elastinen liima - Saumaustarvike.fi\" \/>\n<meta property=\"og:description\" content=\"1-komponenttinen , korkeat lujuusarvot omaava elastinen liima. Soveltuu sis\u00e4- ja ulkok\u00e4ytt\u00f6\u00f6n mm. wc-pyttyjen, ikkunapenkkien, porrasaskelmien liimaamiseen\" \/>\n<meta property=\"og:url\" content=\"https:\/\/saumaustarvike.fi\/verkkokauppa\/kauppa\/tuotemerkit\/sika-tuotemerkit\/sikabond-liimat-ja-liimavaahdot-sika-tuotemerkit\/sikabond-t2-elastinen-liima\/\" \/>\n<meta property=\"og:site_name\" content=\"Saumaustarvike.fi\" \/>\n<meta property=\"article:publisher\" content=\"https:\/\/www.facebook.com\/Saumalaakso\" \/>\n<meta property=\"article:modified_time\" content=\"2024-09-02T07:07:44+00:00\" \/>\n<meta property=\"og:image\" content=\"https:\/\/saumaustarvike.fi\/verkkokauppa\/content\/uploads\/2015\/05\/SikaBond-T2-800x800.jpg\" \/>\n\t<meta property=\"og:image:width\" content=\"800\" \/>\n\t<meta property=\"og:image:height\" content=\"800\" \/>\n\t<meta property=\"og:image:type\" content=\"image\/jpeg\" \/>\n<meta name=\"twitter:label1\" content=\"Arvioitu lukuaika\" \/>\n\t<meta name=\"twitter:data1\" content=\"1 minuutti\" \/>\n<script type=\"application\/ld+json\" class=\"yoast-schema-graph\">{\"@context\":\"https:\\\/\\\/schema.org\",\"@graph\":[{\"@type\":\"WebPage\",\"@id\":\"https:\\\/\\\/saumaustarvike.fi\\\/verkkokauppa\\\/kauppa\\\/tuotemerkit\\\/sika-tuotemerkit\\\/sikabond-liimat-ja-liimavaahdot-sika-tuotemerkit\\\/sikabond-t2-elastinen-liima\\\/\",\"url\":\"https:\\\/\\\/saumaustarvike.fi\\\/verkkokauppa\\\/kauppa\\\/tuotemerkit\\\/sika-tuotemerkit\\\/sikabond-liimat-ja-liimavaahdot-sika-tuotemerkit\\\/sikabond-t2-elastinen-liima\\\/\",\"name\":\"SikaBond-T2 elastinen liima - Saumaustarvike.fi\",\"isPartOf\":{\"@id\":\"https:\\\/\\\/saumaustarvike.fi\\\/verkkokauppa\\\/#website\"},\"primaryImageOfPage\":{\"@id\":\"https:\\\/\\\/saumaustarvike.fi\\\/verkkokauppa\\\/kauppa\\\/tuotemerkit\\\/sika-tuotemerkit\\\/sikabond-liimat-ja-liimavaahdot-sika-tuotemerkit\\\/sikabond-t2-elastinen-liima\\\/#primaryimage\"},\"image\":{\"@id\":\"https:\\\/\\\/saumaustarvike.fi\\\/verkkokauppa\\\/kauppa\\\/tuotemerkit\\\/sika-tuotemerkit\\\/sikabond-liimat-ja-liimavaahdot-sika-tuotemerkit\\\/sikabond-t2-elastinen-liima\\\/#primaryimage\"},\"thumbnailUrl\":\"https:\\\/\\\/saumaustarvike.fi\\\/verkkokauppa\\\/wp-content\\\/uploads\\\/2015\\\/05\\\/SikaBond-T2-800x800.jpg\",\"datePublished\":\"2015-05-14T17:46:16+00:00\",\"dateModified\":\"2024-09-02T07:07:44+00:00\",\"description\":\"1-komponenttinen , korkeat lujuusarvot omaava elastinen liima. Soveltuu sis\u00e4- ja ulkok\u00e4ytt\u00f6\u00f6n mm. wc-pyttyjen, ikkunapenkkien, porrasaskelmien liimaamiseen\",\"breadcrumb\":{\"@id\":\"https:\\\/\\\/saumaustarvike.fi\\\/verkkokauppa\\\/kauppa\\\/tuotemerkit\\\/sika-tuotemerkit\\\/sikabond-liimat-ja-liimavaahdot-sika-tuotemerkit\\\/sikabond-t2-elastinen-liima\\\/#breadcrumb\"},\"inLanguage\":\"fi\",\"potentialAction\":[{\"@type\":\"ReadAction\",\"target\":[\"https:\\\/\\\/saumaustarvike.fi\\\/verkkokauppa\\\/kauppa\\\/tuotemerkit\\\/sika-tuotemerkit\\\/sikabond-liimat-ja-liimavaahdot-sika-tuotemerkit\\\/sikabond-t2-elastinen-liima\\\/\"]}]},{\"@type\":\"ImageObject\",\"inLanguage\":\"fi\",\"@id\":\"https:\\\/\\\/saumaustarvike.fi\\\/verkkokauppa\\\/kauppa\\\/tuotemerkit\\\/sika-tuotemerkit\\\/sikabond-liimat-ja-liimavaahdot-sika-tuotemerkit\\\/sikabond-t2-elastinen-liima\\\/#primaryimage\",\"url\":\"https:\\\/\\\/saumaustarvike.fi\\\/verkkokauppa\\\/wp-content\\\/uploads\\\/2015\\\/05\\\/SikaBond-T2-800x800.jpg\",\"contentUrl\":\"https:\\\/\\\/saumaustarvike.fi\\\/verkkokauppa\\\/wp-content\\\/uploads\\\/2015\\\/05\\\/SikaBond-T2-800x800.jpg\",\"width\":800,\"height\":800},{\"@type\":\"BreadcrumbList\",\"@id\":\"https:\\\/\\\/saumaustarvike.fi\\\/verkkokauppa\\\/kauppa\\\/tuotemerkit\\\/sika-tuotemerkit\\\/sikabond-liimat-ja-liimavaahdot-sika-tuotemerkit\\\/sikabond-t2-elastinen-liima\\\/#breadcrumb\",\"itemListElement\":[{\"@type\":\"ListItem\",\"position\":1,\"name\":\"Home\",\"item\":\"https:\\\/\\\/saumaustarvike.fi\\\/verkkokauppa\\\/\"},{\"@type\":\"ListItem\",\"position\":2,\"name\":\"Saumausmassat, tarvikkeet ja ty\u00f6kalut\",\"item\":\"https:\\\/\\\/saumaustarvike.fi\\\/verkkokauppa\\\/kauppa\\\/\"},{\"@type\":\"ListItem\",\"position\":3,\"name\":\"SikaBond-T2 elastinen liima\"}]},{\"@type\":\"WebSite\",\"@id\":\"https:\\\/\\\/saumaustarvike.fi\\\/verkkokauppa\\\/#website\",\"url\":\"https:\\\/\\\/saumaustarvike.fi\\\/verkkokauppa\\\/\",\"name\":\"Saumaustarvike.fi\",\"description\":\"Saumausmassat, tarvikkeet ja ty&ouml;kalut\",\"publisher\":{\"@id\":\"https:\\\/\\\/saumaustarvike.fi\\\/verkkokauppa\\\/#organization\"},\"potentialAction\":[{\"@type\":\"SearchAction\",\"target\":{\"@type\":\"EntryPoint\",\"urlTemplate\":\"https:\\\/\\\/saumaustarvike.fi\\\/verkkokauppa\\\/?s={search_term_string}\"},\"query-input\":{\"@type\":\"PropertyValueSpecification\",\"valueRequired\":true,\"valueName\":\"search_term_string\"}}],\"inLanguage\":\"fi\"},{\"@type\":\"Organization\",\"@id\":\"https:\\\/\\\/saumaustarvike.fi\\\/verkkokauppa\\\/#organization\",\"name\":\"Saumaustarvike.fi\",\"url\":\"https:\\\/\\\/saumaustarvike.fi\\\/verkkokauppa\\\/\",\"logo\":{\"@type\":\"ImageObject\",\"inLanguage\":\"fi\",\"@id\":\"https:\\\/\\\/saumaustarvike.fi\\\/verkkokauppa\\\/#\\\/schema\\\/logo\\\/image\\\/\",\"url\":\"https:\\\/\\\/saumaustarvike.fi\\\/verkkokauppa\\\/wp-content\\\/uploads\\\/2019\\\/02\\\/logo.png\",\"contentUrl\":\"https:\\\/\\\/saumaustarvike.fi\\\/verkkokauppa\\\/wp-content\\\/uploads\\\/2019\\\/02\\\/logo.png\",\"width\":806,\"height\":150,\"caption\":\"Saumaustarvike.fi\"},\"image\":{\"@id\":\"https:\\\/\\\/saumaustarvike.fi\\\/verkkokauppa\\\/#\\\/schema\\\/logo\\\/image\\\/\"},\"sameAs\":[\"https:\\\/\\\/www.facebook.com\\\/Saumalaakso\"]}]}<\/script>\n<!-- \/ Yoast SEO plugin. -->","yoast_head_json":{"title":"SikaBond-T2 elastinen liima - Saumaustarvike.fi","description":"1-komponenttinen , korkeat lujuusarvot omaava elastinen liima. Soveltuu sis\u00e4- ja ulkok\u00e4ytt\u00f6\u00f6n mm. wc-pyttyjen, ikkunapenkkien, porrasaskelmien liimaamiseen","robots":{"index":"index","follow":"follow","max-snippet":"max-snippet:-1","max-image-preview":"max-image-preview:large","max-video-preview":"max-video-preview:-1"},"canonical":"https:\/\/saumaustarvike.fi\/verkkokauppa\/kauppa\/tuotemerkit\/sika-tuotemerkit\/sikabond-liimat-ja-liimavaahdot-sika-tuotemerkit\/sikabond-t2-elastinen-liima\/","og_locale":"fi_FI","og_type":"article","og_title":"SikaBond-T2 elastinen liima - Saumaustarvike.fi","og_description":"1-komponenttinen , korkeat lujuusarvot omaava elastinen liima. Soveltuu sis\u00e4- ja ulkok\u00e4ytt\u00f6\u00f6n mm. wc-pyttyjen, ikkunapenkkien, porrasaskelmien liimaamiseen","og_url":"https:\/\/saumaustarvike.fi\/verkkokauppa\/kauppa\/tuotemerkit\/sika-tuotemerkit\/sikabond-liimat-ja-liimavaahdot-sika-tuotemerkit\/sikabond-t2-elastinen-liima\/","og_site_name":"Saumaustarvike.fi","article_publisher":"https:\/\/www.facebook.com\/Saumalaakso","article_modified_time":"2024-09-02T07:07:44+00:00","og_image":[{"width":800,"height":800,"url":"https:\/\/saumaustarvike.fi\/verkkokauppa\/content\/uploads\/2015\/05\/SikaBond-T2-800x800.jpg","type":"image\/jpeg"}],"twitter_misc":{"Arvioitu lukuaika":"1 minuutti"},"schema":{"@context":"https:\/\/schema.org","@graph":[{"@type":"WebPage","@id":"https:\/\/saumaustarvike.fi\/verkkokauppa\/kauppa\/tuotemerkit\/sika-tuotemerkit\/sikabond-liimat-ja-liimavaahdot-sika-tuotemerkit\/sikabond-t2-elastinen-liima\/","url":"https:\/\/saumaustarvike.fi\/verkkokauppa\/kauppa\/tuotemerkit\/sika-tuotemerkit\/sikabond-liimat-ja-liimavaahdot-sika-tuotemerkit\/sikabond-t2-elastinen-liima\/","name":"SikaBond-T2 elastinen liima - Saumaustarvike.fi","isPartOf":{"@id":"https:\/\/saumaustarvike.fi\/verkkokauppa\/#website"},"primaryImageOfPage":{"@id":"https:\/\/saumaustarvike.fi\/verkkokauppa\/kauppa\/tuotemerkit\/sika-tuotemerkit\/sikabond-liimat-ja-liimavaahdot-sika-tuotemerkit\/sikabond-t2-elastinen-liima\/#primaryimage"},"image":{"@id":"https:\/\/saumaustarvike.fi\/verkkokauppa\/kauppa\/tuotemerkit\/sika-tuotemerkit\/sikabond-liimat-ja-liimavaahdot-sika-tuotemerkit\/sikabond-t2-elastinen-liima\/#primaryimage"},"thumbnailUrl":"https:\/\/saumaustarvike.fi\/verkkokauppa\/wp-content\/uploads\/2015\/05\/SikaBond-T2-800x800.jpg","datePublished":"2015-05-14T17:46:16+00:00","dateModified":"2024-09-02T07:07:44+00:00","description":"1-komponenttinen , korkeat lujuusarvot omaava elastinen liima. Soveltuu sis\u00e4- ja ulkok\u00e4ytt\u00f6\u00f6n mm. wc-pyttyjen, ikkunapenkkien, porrasaskelmien liimaamiseen","breadcrumb":{"@id":"https:\/\/saumaustarvike.fi\/verkkokauppa\/kauppa\/tuotemerkit\/sika-tuotemerkit\/sikabond-liimat-ja-liimavaahdot-sika-tuotemerkit\/sikabond-t2-elastinen-liima\/#breadcrumb"},"inLanguage":"fi","potentialAction":[{"@type":"ReadAction","target":["https:\/\/saumaustarvike.fi\/verkkokauppa\/kauppa\/tuotemerkit\/sika-tuotemerkit\/sikabond-liimat-ja-liimavaahdot-sika-tuotemerkit\/sikabond-t2-elastinen-liima\/"]}]},{"@type":"ImageObject","inLanguage":"fi","@id":"https:\/\/saumaustarvike.fi\/verkkokauppa\/kauppa\/tuotemerkit\/sika-tuotemerkit\/sikabond-liimat-ja-liimavaahdot-sika-tuotemerkit\/sikabond-t2-elastinen-liima\/#primaryimage","url":"https:\/\/saumaustarvike.fi\/verkkokauppa\/wp-content\/uploads\/2015\/05\/SikaBond-T2-800x800.jpg","contentUrl":"https:\/\/saumaustarvike.fi\/verkkokauppa\/wp-content\/uploads\/2015\/05\/SikaBond-T2-800x800.jpg","width":800,"height":800},{"@type":"BreadcrumbList","@id":"https:\/\/saumaustarvike.fi\/verkkokauppa\/kauppa\/tuotemerkit\/sika-tuotemerkit\/sikabond-liimat-ja-liimavaahdot-sika-tuotemerkit\/sikabond-t2-elastinen-liima\/#breadcrumb","itemListElement":[{"@type":"ListItem","position":1,"name":"Home","item":"https:\/\/saumaustarvike.fi\/verkkokauppa\/"},{"@type":"ListItem","position":2,"name":"Saumausmassat, tarvikkeet ja ty\u00f6kalut","item":"https:\/\/saumaustarvike.fi\/verkkokauppa\/kauppa\/"},{"@type":"ListItem","position":3,"name":"SikaBond-T2 elastinen liima"}]},{"@type":"WebSite","@id":"https:\/\/saumaustarvike.fi\/verkkokauppa\/#website","url":"https:\/\/saumaustarvike.fi\/verkkokauppa\/","name":"Saumaustarvike.fi","description":"Saumausmassat, tarvikkeet ja ty&ouml;kalut","publisher":{"@id":"https:\/\/saumaustarvike.fi\/verkkokauppa\/#organization"},"potentialAction":[{"@type":"SearchAction","target":{"@type":"EntryPoint","urlTemplate":"https:\/\/saumaustarvike.fi\/verkkokauppa\/?s={search_term_string}"},"query-input":{"@type":"PropertyValueSpecification","valueRequired":true,"valueName":"search_term_string"}}],"inLanguage":"fi"},{"@type":"Organization","@id":"https:\/\/saumaustarvike.fi\/verkkokauppa\/#organization","name":"Saumaustarvike.fi","url":"https:\/\/saumaustarvike.fi\/verkkokauppa\/","logo":{"@type":"ImageObject","inLanguage":"fi","@id":"https:\/\/saumaustarvike.fi\/verkkokauppa\/#\/schema\/logo\/image\/","url":"https:\/\/saumaustarvike.fi\/verkkokauppa\/wp-content\/uploads\/2019\/02\/logo.png","contentUrl":"https:\/\/saumaustarvike.fi\/verkkokauppa\/wp-content\/uploads\/2019\/02\/logo.png","width":806,"height":150,"caption":"Saumaustarvike.fi"},"image":{"@id":"https:\/\/saumaustarvike.fi\/verkkokauppa\/#\/schema\/logo\/image\/"},"sameAs":["https:\/\/www.facebook.com\/Saumalaakso"]}]}},"jetpack_sharing_enabled":true,"_links":{"self":[{"href":"https:\/\/saumaustarvike.fi\/verkkokauppa\/wp-json\/wp\/v2\/product\/6821","targetHints":{"allow":["GET"]}}],"collection":[{"href":"https:\/\/saumaustarvike.fi\/verkkokauppa\/wp-json\/wp\/v2\/product"}],"about":[{"href":"https:\/\/saumaustarvike.fi\/verkkokauppa\/wp-json\/wp\/v2\/types\/product"}],"replies":[{"embeddable":true,"href":"https:\/\/saumaustarvike.fi\/verkkokauppa\/wp-json\/wp\/v2\/comments?post=6821"}],"wp:featuredmedia":[{"embeddable":true,"href":"https:\/\/saumaustarvike.fi\/verkkokauppa\/wp-json\/wp\/v2\/media\/6827"}],"wp:attachment":[{"href":"https:\/\/saumaustarvike.fi\/verkkokauppa\/wp-json\/wp\/v2\/media?parent=6821"}],"wp:term":[{"taxonomy":"product_cat","embeddable":true,"href":"https:\/\/saumaustarvike.fi\/verkkokauppa\/wp-json\/wp\/v2\/product_cat?post=6821"},{"taxonomy":"product_tag","embeddable":true,"href":"https:\/\/saumaustarvike.fi\/verkkokauppa\/wp-json\/wp\/v2\/product_tag?post=6821"}],"curies":[{"name":"wp","href":"https:\/\/api.w.org\/{rel}","templated":true}]}}