{"id":7351,"date":"2015-07-12T22:46:21","date_gmt":"2015-07-12T19:46:21","guid":{"rendered":"https:\/\/saumaustarvike.fi\/verkkokauppa\/kauppa\/illbruck\/illbruck-me402-butyylinauha\/"},"modified":"2025-02-18T15:32:39","modified_gmt":"2025-02-18T13:32:39","slug":"illbruck-me402-butyylinauha","status":"publish","type":"product","link":"https:\/\/saumaustarvike.fi\/verkkokauppa\/kauppa\/tuotemerkit\/illbruck\/paisuvat-ja-tiivistenauhat\/illbruck-me402-butyylinauha\/","title":{"rendered":"ILLBRUCK ME402 Butyylinauha"},"content":{"rendered":"<h1>ILLBRUCK ME402 BUTYLBAND Butyylinauha (Butyyli\/Alumiini)<\/h1>\n<h2>Tuote<\/h2>\n<p>Itsekiinnittyv\u00e4, plasto-elastisesta butyylikumimassasta\u00a0valmistettu tiivistenauha, joka on p\u00e4\u00e4llystetty\u00a0rep\u00e4isyn kest\u00e4v\u00e4ll\u00e4, UV-s\u00e4teily\u00e4 ja s\u00e4\u00e4t\u00e4 kest\u00e4v\u00e4ll\u00e4\u00a0muovialumiiniyhdistelm\u00e4foliolla.<\/p>\n<h2>K\u00e4ytt\u00f6tarkoitus<\/h2>\n<p>Soveltuu erilaisiin lasi- ja julkisivurakenteiden tiivistyksiin. Saumojen ja limitysten tiivistykseen sis\u00e4- ja ulkoasennuksissa esim. metalli-, s\u00e4ili\u00f6, talvipuutarha &#8211; ja ilmanvaihtorakenteissa. Rapautuneitten liitosten korjaaminen tai saneeraus, esim. kasvihuoneissa. Kaasu- ja vesih\u00f6yrydiffuusio tiiveytt\u00e4 vaativien liitosten, saumojen ja iskemien tiivistykseen.<\/p>\n<h2>Yhteenveto eduista<\/h2>\n<ul>\n<li>Erinomainen tartunta useimpiin materiaaleihin<\/li>\n<li>Yksinkertainen, nopea ja taloudellinen k\u00e4ytt\u00e4\u00e4<\/li>\n<li>Kest\u00e4\u00e4 hyvin vanhenemista, s\u00e4\u00e4n rasituksia ja UV-s\u00e4teily\u00e4<\/li>\n<li>Kaasujen l\u00e4pimenoa ja vesih\u00f6yrydiffuusiota est\u00e4v\u00e4<\/li>\n<\/ul>\n<h3><\/h3>\n<h3>Koko<\/h3>\n<table border=\"0\" cellspacing=\"0\" cellpadding=\"0\">\n<tbody>\n<tr>\n<td style=\"vertical-align: top;\">Koko<\/td>\n<td style=\"vertical-align: top;\">Rullaa \/ ltk<\/td>\n<td style=\"vertical-align: top;\">Rulla<\/td>\n<\/tr>\n<tr>\n<td style=\"vertical-align: top;\">50&#215;1,2 mm<\/td>\n<td style=\"vertical-align: top;\">6 x<\/td>\n<td style=\"vertical-align: top;\">25m<\/td>\n<\/tr>\n<tr>\n<td style=\"vertical-align: top;\">75&#215;1,2 mm<\/td>\n<td style=\"vertical-align: top;\">4 x<\/td>\n<td style=\"vertical-align: top;\">25m<\/td>\n<\/tr>\n<tr>\n<td style=\"vertical-align: top;\">100&#215;1,2 mm<\/td>\n<td style=\"vertical-align: top;\">3 x<\/td>\n<td style=\"vertical-align: top;\">25m<\/td>\n<\/tr>\n<tr>\n<td style=\"vertical-align: top;\">150&#215;1,2 mm<\/td>\n<td style=\"vertical-align: top;\">2 x<\/td>\n<td style=\"vertical-align: top;\">25m<\/td>\n<\/tr>\n<\/tbody>\n<\/table>\n","protected":false},"excerpt":{"rendered":"<p>Itsekiinnittyv\u00e4, plasto-elastisesta butyylikumimassasta\u00a0valmistettu tiivistenauha, joka on p\u00e4\u00e4llystetty\u00a0rep\u00e4isyn kest\u00e4v\u00e4ll\u00e4, UV-s\u00e4teily\u00e4 ja s\u00e4\u00e4t\u00e4 kest\u00e4v\u00e4ll\u00e4\u00a0muovialumiiniyhdistelm\u00e4foliolla.<\/p>\n","protected":false},"featured_media":16373,"comment_status":"open","ping_status":"closed","template":"","meta":{"_acf_changed":false},"product_cat":[1545,1607,1551,1577,1553],"product_tag":[453,454,511,124,83,82,79,455,80],"class_list":{"0":"post-7351","1":"product","2":"type-product","3":"status-publish","4":"has-post-thumbnail","6":"product_brand-illbruck","7":"product_cat-bitumi-butyyli-tuotealueet","8":"product_cat-paisuvat-ja-tiivistenauhat","9":"product_cat-saumanauhat-pohjanauhat","10":"product_cat-saumaustarvikkeet","11":"product_cat-tiivistys-tuotteet","12":"product_tag-butyyli","13":"product_tag-butyylinauha","14":"product_tag-illbruck","15":"product_tag-nauha","16":"product_tag-pohjanauha","17":"product_tag-saumanauha","18":"product_tag-tiiviste","19":"product_tag-tiivistenauha","20":"product_tag-tiivistys-2","21":"pa_koko-100x12-mm-3x25-75mltk","22":"pa_koko-150x12-mm-2x25-50mltk","23":"pa_koko-50x12-mm-6x25m-150mltk","24":"pa_koko-75x12-mm-4x25m-100mltk","26":"first","27":"onbackorder","28":"taxable","29":"shipping-taxable","30":"purchasable","31":"product-type-variable"},"acf":[],"yoast_head":"<!-- This site is optimized with the Yoast SEO plugin v27.3 - https:\/\/yoast.com\/product\/yoast-seo-wordpress\/ -->\n<title>ILLBRUCK ME402 Butyylinauha - Saumaustarvike.fi<\/title>\n<meta name=\"robots\" content=\"index, follow, max-snippet:-1, max-image-preview:large, max-video-preview:-1\" \/>\n<link rel=\"canonical\" href=\"https:\/\/saumaustarvike.fi\/verkkokauppa\/kauppa\/tuotemerkit\/illbruck\/paisuvat-ja-tiivistenauhat\/illbruck-me402-butyylinauha\/\" \/>\n<meta property=\"og:locale\" content=\"fi_FI\" \/>\n<meta property=\"og:type\" content=\"article\" \/>\n<meta property=\"og:title\" content=\"ILLBRUCK ME402 Butyylinauha - Saumaustarvike.fi\" \/>\n<meta property=\"og:description\" content=\"Itsekiinnittyv\u00e4, plasto-elastisesta butyylikumimassasta\u00a0valmistettu tiivistenauha, joka on p\u00e4\u00e4llystetty\u00a0rep\u00e4isyn kest\u00e4v\u00e4ll\u00e4, UV-s\u00e4teily\u00e4 ja s\u00e4\u00e4t\u00e4 kest\u00e4v\u00e4ll\u00e4\u00a0muovialumiiniyhdistelm\u00e4foliolla.\" \/>\n<meta property=\"og:url\" content=\"https:\/\/saumaustarvike.fi\/verkkokauppa\/kauppa\/tuotemerkit\/illbruck\/paisuvat-ja-tiivistenauhat\/illbruck-me402-butyylinauha\/\" \/>\n<meta property=\"og:site_name\" content=\"Saumaustarvike.fi\" \/>\n<meta property=\"article:publisher\" content=\"https:\/\/www.facebook.com\/Saumalaakso\" \/>\n<meta property=\"article:modified_time\" content=\"2025-02-18T13:32:39+00:00\" \/>\n<meta property=\"og:image\" content=\"https:\/\/saumaustarvike.fi\/verkkokauppa\/content\/uploads\/2015\/07\/saumaustarvike-ILLBRUCK-ME402-Butyylinauha.jpg\" \/>\n\t<meta property=\"og:image:width\" content=\"1000\" \/>\n\t<meta property=\"og:image:height\" content=\"1000\" \/>\n\t<meta property=\"og:image:type\" content=\"image\/jpeg\" \/>\n<meta name=\"twitter:label1\" content=\"Arvioitu lukuaika\" \/>\n\t<meta name=\"twitter:data1\" content=\"1 minuutti\" \/>\n<script type=\"application\/ld+json\" class=\"yoast-schema-graph\">{\"@context\":\"https:\\\/\\\/schema.org\",\"@graph\":[{\"@type\":\"WebPage\",\"@id\":\"https:\\\/\\\/saumaustarvike.fi\\\/verkkokauppa\\\/kauppa\\\/tuotemerkit\\\/illbruck\\\/paisuvat-ja-tiivistenauhat\\\/illbruck-me402-butyylinauha\\\/\",\"url\":\"https:\\\/\\\/saumaustarvike.fi\\\/verkkokauppa\\\/kauppa\\\/tuotemerkit\\\/illbruck\\\/paisuvat-ja-tiivistenauhat\\\/illbruck-me402-butyylinauha\\\/\",\"name\":\"ILLBRUCK ME402 Butyylinauha - Saumaustarvike.fi\",\"isPartOf\":{\"@id\":\"https:\\\/\\\/saumaustarvike.fi\\\/verkkokauppa\\\/#website\"},\"primaryImageOfPage\":{\"@id\":\"https:\\\/\\\/saumaustarvike.fi\\\/verkkokauppa\\\/kauppa\\\/tuotemerkit\\\/illbruck\\\/paisuvat-ja-tiivistenauhat\\\/illbruck-me402-butyylinauha\\\/#primaryimage\"},\"image\":{\"@id\":\"https:\\\/\\\/saumaustarvike.fi\\\/verkkokauppa\\\/kauppa\\\/tuotemerkit\\\/illbruck\\\/paisuvat-ja-tiivistenauhat\\\/illbruck-me402-butyylinauha\\\/#primaryimage\"},\"thumbnailUrl\":\"https:\\\/\\\/saumaustarvike.fi\\\/verkkokauppa\\\/wp-content\\\/uploads\\\/2015\\\/07\\\/saumaustarvike-ILLBRUCK-ME402-Butyylinauha.jpg\",\"datePublished\":\"2015-07-12T19:46:21+00:00\",\"dateModified\":\"2025-02-18T13:32:39+00:00\",\"breadcrumb\":{\"@id\":\"https:\\\/\\\/saumaustarvike.fi\\\/verkkokauppa\\\/kauppa\\\/tuotemerkit\\\/illbruck\\\/paisuvat-ja-tiivistenauhat\\\/illbruck-me402-butyylinauha\\\/#breadcrumb\"},\"inLanguage\":\"fi\",\"potentialAction\":[{\"@type\":\"ReadAction\",\"target\":[\"https:\\\/\\\/saumaustarvike.fi\\\/verkkokauppa\\\/kauppa\\\/tuotemerkit\\\/illbruck\\\/paisuvat-ja-tiivistenauhat\\\/illbruck-me402-butyylinauha\\\/\"]}]},{\"@type\":\"ImageObject\",\"inLanguage\":\"fi\",\"@id\":\"https:\\\/\\\/saumaustarvike.fi\\\/verkkokauppa\\\/kauppa\\\/tuotemerkit\\\/illbruck\\\/paisuvat-ja-tiivistenauhat\\\/illbruck-me402-butyylinauha\\\/#primaryimage\",\"url\":\"https:\\\/\\\/saumaustarvike.fi\\\/verkkokauppa\\\/wp-content\\\/uploads\\\/2015\\\/07\\\/saumaustarvike-ILLBRUCK-ME402-Butyylinauha.jpg\",\"contentUrl\":\"https:\\\/\\\/saumaustarvike.fi\\\/verkkokauppa\\\/wp-content\\\/uploads\\\/2015\\\/07\\\/saumaustarvike-ILLBRUCK-ME402-Butyylinauha.jpg\",\"width\":1000,\"height\":1000},{\"@type\":\"BreadcrumbList\",\"@id\":\"https:\\\/\\\/saumaustarvike.fi\\\/verkkokauppa\\\/kauppa\\\/tuotemerkit\\\/illbruck\\\/paisuvat-ja-tiivistenauhat\\\/illbruck-me402-butyylinauha\\\/#breadcrumb\",\"itemListElement\":[{\"@type\":\"ListItem\",\"position\":1,\"name\":\"Home\",\"item\":\"https:\\\/\\\/saumaustarvike.fi\\\/verkkokauppa\\\/\"},{\"@type\":\"ListItem\",\"position\":2,\"name\":\"Saumausmassat, tarvikkeet ja ty\u00f6kalut\",\"item\":\"https:\\\/\\\/saumaustarvike.fi\\\/verkkokauppa\\\/kauppa\\\/\"},{\"@type\":\"ListItem\",\"position\":3,\"name\":\"ILLBRUCK ME402 Butyylinauha\"}]},{\"@type\":\"WebSite\",\"@id\":\"https:\\\/\\\/saumaustarvike.fi\\\/verkkokauppa\\\/#website\",\"url\":\"https:\\\/\\\/saumaustarvike.fi\\\/verkkokauppa\\\/\",\"name\":\"Saumaustarvike.fi\",\"description\":\"Saumausmassat, tarvikkeet ja ty&ouml;kalut\",\"publisher\":{\"@id\":\"https:\\\/\\\/saumaustarvike.fi\\\/verkkokauppa\\\/#organization\"},\"potentialAction\":[{\"@type\":\"SearchAction\",\"target\":{\"@type\":\"EntryPoint\",\"urlTemplate\":\"https:\\\/\\\/saumaustarvike.fi\\\/verkkokauppa\\\/?s={search_term_string}\"},\"query-input\":{\"@type\":\"PropertyValueSpecification\",\"valueRequired\":true,\"valueName\":\"search_term_string\"}}],\"inLanguage\":\"fi\"},{\"@type\":\"Organization\",\"@id\":\"https:\\\/\\\/saumaustarvike.fi\\\/verkkokauppa\\\/#organization\",\"name\":\"Saumaustarvike.fi\",\"url\":\"https:\\\/\\\/saumaustarvike.fi\\\/verkkokauppa\\\/\",\"logo\":{\"@type\":\"ImageObject\",\"inLanguage\":\"fi\",\"@id\":\"https:\\\/\\\/saumaustarvike.fi\\\/verkkokauppa\\\/#\\\/schema\\\/logo\\\/image\\\/\",\"url\":\"https:\\\/\\\/saumaustarvike.fi\\\/verkkokauppa\\\/wp-content\\\/uploads\\\/2019\\\/02\\\/logo.png\",\"contentUrl\":\"https:\\\/\\\/saumaustarvike.fi\\\/verkkokauppa\\\/wp-content\\\/uploads\\\/2019\\\/02\\\/logo.png\",\"width\":806,\"height\":150,\"caption\":\"Saumaustarvike.fi\"},\"image\":{\"@id\":\"https:\\\/\\\/saumaustarvike.fi\\\/verkkokauppa\\\/#\\\/schema\\\/logo\\\/image\\\/\"},\"sameAs\":[\"https:\\\/\\\/www.facebook.com\\\/Saumalaakso\"]}]}<\/script>\n<!-- \/ Yoast SEO plugin. -->","yoast_head_json":{"title":"ILLBRUCK ME402 Butyylinauha - Saumaustarvike.fi","robots":{"index":"index","follow":"follow","max-snippet":"max-snippet:-1","max-image-preview":"max-image-preview:large","max-video-preview":"max-video-preview:-1"},"canonical":"https:\/\/saumaustarvike.fi\/verkkokauppa\/kauppa\/tuotemerkit\/illbruck\/paisuvat-ja-tiivistenauhat\/illbruck-me402-butyylinauha\/","og_locale":"fi_FI","og_type":"article","og_title":"ILLBRUCK ME402 Butyylinauha - Saumaustarvike.fi","og_description":"Itsekiinnittyv\u00e4, plasto-elastisesta butyylikumimassasta\u00a0valmistettu tiivistenauha, joka on p\u00e4\u00e4llystetty\u00a0rep\u00e4isyn kest\u00e4v\u00e4ll\u00e4, UV-s\u00e4teily\u00e4 ja s\u00e4\u00e4t\u00e4 kest\u00e4v\u00e4ll\u00e4\u00a0muovialumiiniyhdistelm\u00e4foliolla.","og_url":"https:\/\/saumaustarvike.fi\/verkkokauppa\/kauppa\/tuotemerkit\/illbruck\/paisuvat-ja-tiivistenauhat\/illbruck-me402-butyylinauha\/","og_site_name":"Saumaustarvike.fi","article_publisher":"https:\/\/www.facebook.com\/Saumalaakso","article_modified_time":"2025-02-18T13:32:39+00:00","og_image":[{"width":1000,"height":1000,"url":"https:\/\/saumaustarvike.fi\/verkkokauppa\/content\/uploads\/2015\/07\/saumaustarvike-ILLBRUCK-ME402-Butyylinauha.jpg","type":"image\/jpeg"}],"twitter_misc":{"Arvioitu lukuaika":"1 minuutti"},"schema":{"@context":"https:\/\/schema.org","@graph":[{"@type":"WebPage","@id":"https:\/\/saumaustarvike.fi\/verkkokauppa\/kauppa\/tuotemerkit\/illbruck\/paisuvat-ja-tiivistenauhat\/illbruck-me402-butyylinauha\/","url":"https:\/\/saumaustarvike.fi\/verkkokauppa\/kauppa\/tuotemerkit\/illbruck\/paisuvat-ja-tiivistenauhat\/illbruck-me402-butyylinauha\/","name":"ILLBRUCK ME402 Butyylinauha - Saumaustarvike.fi","isPartOf":{"@id":"https:\/\/saumaustarvike.fi\/verkkokauppa\/#website"},"primaryImageOfPage":{"@id":"https:\/\/saumaustarvike.fi\/verkkokauppa\/kauppa\/tuotemerkit\/illbruck\/paisuvat-ja-tiivistenauhat\/illbruck-me402-butyylinauha\/#primaryimage"},"image":{"@id":"https:\/\/saumaustarvike.fi\/verkkokauppa\/kauppa\/tuotemerkit\/illbruck\/paisuvat-ja-tiivistenauhat\/illbruck-me402-butyylinauha\/#primaryimage"},"thumbnailUrl":"https:\/\/saumaustarvike.fi\/verkkokauppa\/wp-content\/uploads\/2015\/07\/saumaustarvike-ILLBRUCK-ME402-Butyylinauha.jpg","datePublished":"2015-07-12T19:46:21+00:00","dateModified":"2025-02-18T13:32:39+00:00","breadcrumb":{"@id":"https:\/\/saumaustarvike.fi\/verkkokauppa\/kauppa\/tuotemerkit\/illbruck\/paisuvat-ja-tiivistenauhat\/illbruck-me402-butyylinauha\/#breadcrumb"},"inLanguage":"fi","potentialAction":[{"@type":"ReadAction","target":["https:\/\/saumaustarvike.fi\/verkkokauppa\/kauppa\/tuotemerkit\/illbruck\/paisuvat-ja-tiivistenauhat\/illbruck-me402-butyylinauha\/"]}]},{"@type":"ImageObject","inLanguage":"fi","@id":"https:\/\/saumaustarvike.fi\/verkkokauppa\/kauppa\/tuotemerkit\/illbruck\/paisuvat-ja-tiivistenauhat\/illbruck-me402-butyylinauha\/#primaryimage","url":"https:\/\/saumaustarvike.fi\/verkkokauppa\/wp-content\/uploads\/2015\/07\/saumaustarvike-ILLBRUCK-ME402-Butyylinauha.jpg","contentUrl":"https:\/\/saumaustarvike.fi\/verkkokauppa\/wp-content\/uploads\/2015\/07\/saumaustarvike-ILLBRUCK-ME402-Butyylinauha.jpg","width":1000,"height":1000},{"@type":"BreadcrumbList","@id":"https:\/\/saumaustarvike.fi\/verkkokauppa\/kauppa\/tuotemerkit\/illbruck\/paisuvat-ja-tiivistenauhat\/illbruck-me402-butyylinauha\/#breadcrumb","itemListElement":[{"@type":"ListItem","position":1,"name":"Home","item":"https:\/\/saumaustarvike.fi\/verkkokauppa\/"},{"@type":"ListItem","position":2,"name":"Saumausmassat, tarvikkeet ja ty\u00f6kalut","item":"https:\/\/saumaustarvike.fi\/verkkokauppa\/kauppa\/"},{"@type":"ListItem","position":3,"name":"ILLBRUCK ME402 Butyylinauha"}]},{"@type":"WebSite","@id":"https:\/\/saumaustarvike.fi\/verkkokauppa\/#website","url":"https:\/\/saumaustarvike.fi\/verkkokauppa\/","name":"Saumaustarvike.fi","description":"Saumausmassat, tarvikkeet ja ty&ouml;kalut","publisher":{"@id":"https:\/\/saumaustarvike.fi\/verkkokauppa\/#organization"},"potentialAction":[{"@type":"SearchAction","target":{"@type":"EntryPoint","urlTemplate":"https:\/\/saumaustarvike.fi\/verkkokauppa\/?s={search_term_string}"},"query-input":{"@type":"PropertyValueSpecification","valueRequired":true,"valueName":"search_term_string"}}],"inLanguage":"fi"},{"@type":"Organization","@id":"https:\/\/saumaustarvike.fi\/verkkokauppa\/#organization","name":"Saumaustarvike.fi","url":"https:\/\/saumaustarvike.fi\/verkkokauppa\/","logo":{"@type":"ImageObject","inLanguage":"fi","@id":"https:\/\/saumaustarvike.fi\/verkkokauppa\/#\/schema\/logo\/image\/","url":"https:\/\/saumaustarvike.fi\/verkkokauppa\/wp-content\/uploads\/2019\/02\/logo.png","contentUrl":"https:\/\/saumaustarvike.fi\/verkkokauppa\/wp-content\/uploads\/2019\/02\/logo.png","width":806,"height":150,"caption":"Saumaustarvike.fi"},"image":{"@id":"https:\/\/saumaustarvike.fi\/verkkokauppa\/#\/schema\/logo\/image\/"},"sameAs":["https:\/\/www.facebook.com\/Saumalaakso"]}]}},"jetpack_sharing_enabled":true,"_links":{"self":[{"href":"https:\/\/saumaustarvike.fi\/verkkokauppa\/wp-json\/wp\/v2\/product\/7351","targetHints":{"allow":["GET"]}}],"collection":[{"href":"https:\/\/saumaustarvike.fi\/verkkokauppa\/wp-json\/wp\/v2\/product"}],"about":[{"href":"https:\/\/saumaustarvike.fi\/verkkokauppa\/wp-json\/wp\/v2\/types\/product"}],"replies":[{"embeddable":true,"href":"https:\/\/saumaustarvike.fi\/verkkokauppa\/wp-json\/wp\/v2\/comments?post=7351"}],"wp:featuredmedia":[{"embeddable":true,"href":"https:\/\/saumaustarvike.fi\/verkkokauppa\/wp-json\/wp\/v2\/media\/16373"}],"wp:attachment":[{"href":"https:\/\/saumaustarvike.fi\/verkkokauppa\/wp-json\/wp\/v2\/media?parent=7351"}],"wp:term":[{"taxonomy":"product_cat","embeddable":true,"href":"https:\/\/saumaustarvike.fi\/verkkokauppa\/wp-json\/wp\/v2\/product_cat?post=7351"},{"taxonomy":"product_tag","embeddable":true,"href":"https:\/\/saumaustarvike.fi\/verkkokauppa\/wp-json\/wp\/v2\/product_tag?post=7351"}],"curies":[{"name":"wp","href":"https:\/\/api.w.org\/{rel}","templated":true}]}}