{"id":7462,"date":"2015-07-29T14:59:56","date_gmt":"2015-07-29T11:59:56","guid":{"rendered":"https:\/\/saumaustarvike.fi\/verkkokauppa\/kauppa\/julkisivumassat\/tremco-sg300-erikoissilikoni-600ml\/"},"modified":"2025-02-18T15:30:13","modified_gmt":"2025-02-18T13:30:13","slug":"tremco-sg301-erikoissilikoni-600ml","status":"publish","type":"product","link":"https:\/\/saumaustarvike.fi\/verkkokauppa\/kauppa\/tuotemerkit\/tremco-tuotemerkit\/tremco-erikoissilikonimassat\/tremco-sg301-erikoissilikoni-600ml\/","title":{"rendered":"Tremco SG301 Erikoissilikoni 600ml"},"content":{"rendered":"<h1>Tremco SG301 Erikoissilikonimassa musta (Spectrem 2)<\/h1>\n<h2>Tuote<\/h2>\n<p>Korkealuokkainen silikoni, joka muodostaa joustavan sauman. Soveltuu monipuolisesti erilaisiin saumaus- ja lasitussovelluksiin. Kest\u00e4\u00e4 hyvin laajenemis-, puristus-, poikittais- ja pitkitt\u00e4isliikkeit\u00e4 ja kuivuu eritt\u00e4in vakaasti. Silikonilla on my\u00f6s erinomainen kesto happosateita, otsonia, ultraviolettivaloa ja \u00e4\u00e4rimm\u00e4isi\u00e4 l\u00e4mp\u00f6tilan vaihteluita vastaan. Tuotteen luja tartunta takaa pitk\u00e4aikaisen keston vaativiin, s\u00e4\u00e4nkest\u00e4viin saumoihin. Suositellaan k\u00e4ytett\u00e4v\u00e4ksi sek\u00e4 uudis- ett\u00e4 saneerauskohteissa.<\/p>\n<h2>K\u00e4ytt\u00f6tarkoitus<\/h2>\n<p>SG301 on monipuolinen, suorituskykyinen silikoni, joka reagoi ilman kosteuden kanssa muodostaen joustavan sauman. Soveltuu monipuolisesti erilaisiin saumaus- ja lasitust\u00f6ihin. Kest\u00e4\u00e4 hyvin laajenemis-, puristus-, poikittais- ja pitkitt\u00e4isliikkeit\u00e4 ja kuivuu eritt\u00e4in vakaasti. SG301 Erikoissilikonimassalla on erinomainen kesto happosateita, otsonia, ultraviolettivaloa ja \u00e4\u00e4rimm\u00e4isi\u00e4 l\u00e4mp\u00f6tilan vaihteluita vastaan. Tuotteen luja tartunta takaa pitk\u00e4aikaisen keston vaativiin, s\u00e4\u00e4nkest\u00e4viin saumoihin. Suositellaan k\u00e4ytett\u00e4v\u00e4ksi sek\u00e4 uudis- ett\u00e4 saneerauskohteissa.<\/p>\n<p>Varmista tuotteen soveltuvuus, lue k\u00e4ytt\u00f6turvallisuustiedote ja k\u00e4ytt\u00f6\u00e4 koskevat ohjeet ennen tuotteen k\u00e4ytt\u00f6\u00e4.<\/p>\n<div class=\"application-area\">\n<h2>Edut \/ Tekniset tiedot<\/h2>\n<\/div>\n<div class=\"tabs-content\">\n<div id=\"benefits\" class=\"content active\">\n<div class=\"benefits\">\n<ul class=\"unordered-list\">\n<li>Erinomainen s\u00e4\u00e4nkest\u00e4vyys<\/li>\n<li>Odotettavissa oleva kestoik\u00e4 yli 30 vuotta<\/li>\n<li>Liikevara 25%<\/li>\n<li>Hyv\u00e4 tarttuvuus ilman pohjustusta yleisimmille alustoille<\/li>\n<li>Erinomainen tartuntalujuus<\/li>\n<li>Vakaa kovettuminen<\/li>\n<li>Nopea nahoittuminen<\/li>\n<li>T\u00e4ytt\u00e4\u00e4 standadien EN ISO 11600 G ja F 25HM vaatimukset<\/li>\n<\/ul>\n<\/div>\n<\/div>\n<\/div>\n<h2>V\u00e4ri<\/h2>\n<p>musta<\/p>\n<h2>Pakkaus<\/h2>\n<p>600\u00a0ml\u00a0kalvopakkaus<\/p>\n","protected":false},"excerpt":{"rendered":"<p>Korkealuokkainen silikoni, joka muodostaa joustavan sauman. Soveltuu monipuolisesti erilaisiin saumaus- ja lasitussovelluksiin. Kest\u00e4\u00e4 hyvin laajenemis-, puristus-, poikittais- ja pitkitt\u00e4isliikkeit\u00e4 ja kuivuu eritt\u00e4in vakaasti. Silikonilla on my\u00f6s erinomainen kesto happosateita, otsonia, ultraviolettivaloa ja \u00e4\u00e4rimm\u00e4isi\u00e4 l\u00e4mp\u00f6tilan vaihteluita vastaan. Tuotteen luja tartunta takaa pitk\u00e4aikaisen keston vaativiin, s\u00e4\u00e4nkest\u00e4viin saumoihin. Suositellaan k\u00e4ytett\u00e4v\u00e4ksi sek\u00e4 uudis- ett\u00e4 saneerauskohteissa.<\/p>\n","protected":false},"featured_media":16504,"comment_status":"open","ping_status":"closed","template":"","meta":{"_acf_changed":false},"product_cat":[2192,1752,1670,1795,1685,1700,1737,1554,1627,1549,1553],"product_tag":[803,804,476,299,90,76,2398,2400,116,2399,805,79,80,78,148],"class_list":{"0":"post-7462","1":"product","2":"type-product","3":"status-publish","4":"has-post-thumbnail","6":"product_brand-tremco","7":"product_cat-tremco-erikoissilikonimassat","8":"product_cat-ipl-lasi","9":"product_cat-jjs-lasi","10":"product_cat-kk-lasi","11":"product_cat-jil-lasi","12":"product_cat-jpl-lasi","13":"product_cat-iil-lasi","14":"product_cat-liimaus","15":"product_cat-saumaus","16":"product_cat-silikonipohjaiset","17":"product_cat-tiivistys-tuotteet","18":"product_tag-erikoislasiliima","19":"product_tag-erikoisliima","20":"product_tag-ikkuna","21":"product_tag-lasiliima","22":"product_tag-liimaus","23":"product_tag-saumaus","24":"product_tag-sg300","25":"product_tag-sg301","26":"product_tag-silikoni","27":"product_tag-spectrem","28":"product_tag-struture-glazing","29":"product_tag-tiiviste","30":"product_tag-tiivistys-2","31":"product_tag-tremco","32":"product_tag-tremco-illbruck","33":"pa_vari-ruskea","34":"pa_vari-valkoinen","36":"first","37":"instock","38":"taxable","39":"shipping-taxable","40":"purchasable","41":"product-type-simple"},"acf":[],"yoast_head":"<!-- This site is optimized with the Yoast SEO plugin v27.3 - https:\/\/yoast.com\/product\/yoast-seo-wordpress\/ -->\n<title>Tremco SG301 Erikoissilikoni 600ml - Saumaustarvike.fi<\/title>\n<meta name=\"description\" content=\"Korkealuokkainen silikoni, joka muodostaa joustavan sauman. Soveltuu monipuolisesti erilaisiin saumaus- ja lasitussovelluksiin. Kest\u00e4\u00e4 hyvin laajenemis-, puristus-, poikittais- ja pitkitt\u00e4isliikkeit\u00e4 ja kuivuu eritt\u00e4in vakaasti. Silikonilla on my\u00f6s erinomainen kesto happosateita, otsonia, ultraviolettivaloa ja \u00e4\u00e4rimm\u00e4isi\u00e4 l\u00e4mp\u00f6tilan vaihteluita vastaan. Tuotteen luja tartunta takaa pitk\u00e4aikaisen keston vaativiin, s\u00e4\u00e4nkest\u00e4viin saumoihin.\" \/>\n<meta name=\"robots\" content=\"index, follow, max-snippet:-1, max-image-preview:large, max-video-preview:-1\" \/>\n<link rel=\"canonical\" href=\"https:\/\/saumaustarvike.fi\/verkkokauppa\/kauppa\/tuotemerkit\/tremco-tuotemerkit\/tremco-erikoissilikonimassat\/tremco-sg301-erikoissilikoni-600ml\/\" \/>\n<meta property=\"og:locale\" content=\"fi_FI\" \/>\n<meta property=\"og:type\" content=\"article\" \/>\n<meta property=\"og:title\" content=\"Tremco SG301 Erikoissilikoni 600ml - Saumaustarvike.fi\" \/>\n<meta property=\"og:description\" content=\"Korkealuokkainen silikoni, joka muodostaa joustavan sauman. Soveltuu monipuolisesti erilaisiin saumaus- ja lasitussovelluksiin. Kest\u00e4\u00e4 hyvin laajenemis-, puristus-, poikittais- ja pitkitt\u00e4isliikkeit\u00e4 ja kuivuu eritt\u00e4in vakaasti. Silikonilla on my\u00f6s erinomainen kesto happosateita, otsonia, ultraviolettivaloa ja \u00e4\u00e4rimm\u00e4isi\u00e4 l\u00e4mp\u00f6tilan vaihteluita vastaan. Tuotteen luja tartunta takaa pitk\u00e4aikaisen keston vaativiin, s\u00e4\u00e4nkest\u00e4viin saumoihin.\" \/>\n<meta property=\"og:url\" content=\"https:\/\/saumaustarvike.fi\/verkkokauppa\/kauppa\/tuotemerkit\/tremco-tuotemerkit\/tremco-erikoissilikonimassat\/tremco-sg301-erikoissilikoni-600ml\/\" \/>\n<meta property=\"og:site_name\" content=\"Saumaustarvike.fi\" \/>\n<meta property=\"article:publisher\" content=\"https:\/\/www.facebook.com\/Saumalaakso\" \/>\n<meta property=\"article:modified_time\" content=\"2025-02-18T13:30:13+00:00\" \/>\n<meta property=\"og:image\" content=\"https:\/\/saumaustarvike.fi\/verkkokauppa\/content\/uploads\/2015\/07\/Tremco-SG300-Erikoissilikoni-600ml.jpg\" \/>\n\t<meta property=\"og:image:width\" content=\"1000\" \/>\n\t<meta property=\"og:image:height\" content=\"1000\" \/>\n\t<meta property=\"og:image:type\" content=\"image\/jpeg\" \/>\n<meta name=\"twitter:label1\" content=\"Arvioitu lukuaika\" \/>\n\t<meta name=\"twitter:data1\" content=\"2 minuuttia\" \/>\n<script type=\"application\/ld+json\" class=\"yoast-schema-graph\">{\"@context\":\"https:\\\/\\\/schema.org\",\"@graph\":[{\"@type\":\"WebPage\",\"@id\":\"https:\\\/\\\/saumaustarvike.fi\\\/verkkokauppa\\\/kauppa\\\/tuotemerkit\\\/tremco-tuotemerkit\\\/tremco-erikoissilikonimassat\\\/tremco-sg301-erikoissilikoni-600ml\\\/\",\"url\":\"https:\\\/\\\/saumaustarvike.fi\\\/verkkokauppa\\\/kauppa\\\/tuotemerkit\\\/tremco-tuotemerkit\\\/tremco-erikoissilikonimassat\\\/tremco-sg301-erikoissilikoni-600ml\\\/\",\"name\":\"Tremco SG301 Erikoissilikoni 600ml - Saumaustarvike.fi\",\"isPartOf\":{\"@id\":\"https:\\\/\\\/saumaustarvike.fi\\\/verkkokauppa\\\/#website\"},\"primaryImageOfPage\":{\"@id\":\"https:\\\/\\\/saumaustarvike.fi\\\/verkkokauppa\\\/kauppa\\\/tuotemerkit\\\/tremco-tuotemerkit\\\/tremco-erikoissilikonimassat\\\/tremco-sg301-erikoissilikoni-600ml\\\/#primaryimage\"},\"image\":{\"@id\":\"https:\\\/\\\/saumaustarvike.fi\\\/verkkokauppa\\\/kauppa\\\/tuotemerkit\\\/tremco-tuotemerkit\\\/tremco-erikoissilikonimassat\\\/tremco-sg301-erikoissilikoni-600ml\\\/#primaryimage\"},\"thumbnailUrl\":\"https:\\\/\\\/saumaustarvike.fi\\\/verkkokauppa\\\/wp-content\\\/uploads\\\/2015\\\/07\\\/Tremco-SG300-Erikoissilikoni-600ml.jpg\",\"datePublished\":\"2015-07-29T11:59:56+00:00\",\"dateModified\":\"2025-02-18T13:30:13+00:00\",\"description\":\"Korkealuokkainen silikoni, joka muodostaa joustavan sauman. Soveltuu monipuolisesti erilaisiin saumaus- ja lasitussovelluksiin. Kest\u00e4\u00e4 hyvin laajenemis-, puristus-, poikittais- ja pitkitt\u00e4isliikkeit\u00e4 ja kuivuu eritt\u00e4in vakaasti. Silikonilla on my\u00f6s erinomainen kesto happosateita, otsonia, ultraviolettivaloa ja \u00e4\u00e4rimm\u00e4isi\u00e4 l\u00e4mp\u00f6tilan vaihteluita vastaan. Tuotteen luja tartunta takaa pitk\u00e4aikaisen keston vaativiin, s\u00e4\u00e4nkest\u00e4viin saumoihin.\",\"breadcrumb\":{\"@id\":\"https:\\\/\\\/saumaustarvike.fi\\\/verkkokauppa\\\/kauppa\\\/tuotemerkit\\\/tremco-tuotemerkit\\\/tremco-erikoissilikonimassat\\\/tremco-sg301-erikoissilikoni-600ml\\\/#breadcrumb\"},\"inLanguage\":\"fi\",\"potentialAction\":[{\"@type\":\"ReadAction\",\"target\":[\"https:\\\/\\\/saumaustarvike.fi\\\/verkkokauppa\\\/kauppa\\\/tuotemerkit\\\/tremco-tuotemerkit\\\/tremco-erikoissilikonimassat\\\/tremco-sg301-erikoissilikoni-600ml\\\/\"]}]},{\"@type\":\"ImageObject\",\"inLanguage\":\"fi\",\"@id\":\"https:\\\/\\\/saumaustarvike.fi\\\/verkkokauppa\\\/kauppa\\\/tuotemerkit\\\/tremco-tuotemerkit\\\/tremco-erikoissilikonimassat\\\/tremco-sg301-erikoissilikoni-600ml\\\/#primaryimage\",\"url\":\"https:\\\/\\\/saumaustarvike.fi\\\/verkkokauppa\\\/wp-content\\\/uploads\\\/2015\\\/07\\\/Tremco-SG300-Erikoissilikoni-600ml.jpg\",\"contentUrl\":\"https:\\\/\\\/saumaustarvike.fi\\\/verkkokauppa\\\/wp-content\\\/uploads\\\/2015\\\/07\\\/Tremco-SG300-Erikoissilikoni-600ml.jpg\",\"width\":1000,\"height\":1000},{\"@type\":\"BreadcrumbList\",\"@id\":\"https:\\\/\\\/saumaustarvike.fi\\\/verkkokauppa\\\/kauppa\\\/tuotemerkit\\\/tremco-tuotemerkit\\\/tremco-erikoissilikonimassat\\\/tremco-sg301-erikoissilikoni-600ml\\\/#breadcrumb\",\"itemListElement\":[{\"@type\":\"ListItem\",\"position\":1,\"name\":\"Home\",\"item\":\"https:\\\/\\\/saumaustarvike.fi\\\/verkkokauppa\\\/\"},{\"@type\":\"ListItem\",\"position\":2,\"name\":\"Saumausmassat, tarvikkeet ja ty\u00f6kalut\",\"item\":\"https:\\\/\\\/saumaustarvike.fi\\\/verkkokauppa\\\/kauppa\\\/\"},{\"@type\":\"ListItem\",\"position\":3,\"name\":\"Tremco SG301 Erikoissilikoni 600ml\"}]},{\"@type\":\"WebSite\",\"@id\":\"https:\\\/\\\/saumaustarvike.fi\\\/verkkokauppa\\\/#website\",\"url\":\"https:\\\/\\\/saumaustarvike.fi\\\/verkkokauppa\\\/\",\"name\":\"Saumaustarvike.fi\",\"description\":\"Saumausmassat, tarvikkeet ja ty&ouml;kalut\",\"publisher\":{\"@id\":\"https:\\\/\\\/saumaustarvike.fi\\\/verkkokauppa\\\/#organization\"},\"potentialAction\":[{\"@type\":\"SearchAction\",\"target\":{\"@type\":\"EntryPoint\",\"urlTemplate\":\"https:\\\/\\\/saumaustarvike.fi\\\/verkkokauppa\\\/?s={search_term_string}\"},\"query-input\":{\"@type\":\"PropertyValueSpecification\",\"valueRequired\":true,\"valueName\":\"search_term_string\"}}],\"inLanguage\":\"fi\"},{\"@type\":\"Organization\",\"@id\":\"https:\\\/\\\/saumaustarvike.fi\\\/verkkokauppa\\\/#organization\",\"name\":\"Saumaustarvike.fi\",\"url\":\"https:\\\/\\\/saumaustarvike.fi\\\/verkkokauppa\\\/\",\"logo\":{\"@type\":\"ImageObject\",\"inLanguage\":\"fi\",\"@id\":\"https:\\\/\\\/saumaustarvike.fi\\\/verkkokauppa\\\/#\\\/schema\\\/logo\\\/image\\\/\",\"url\":\"https:\\\/\\\/saumaustarvike.fi\\\/verkkokauppa\\\/wp-content\\\/uploads\\\/2019\\\/02\\\/logo.png\",\"contentUrl\":\"https:\\\/\\\/saumaustarvike.fi\\\/verkkokauppa\\\/wp-content\\\/uploads\\\/2019\\\/02\\\/logo.png\",\"width\":806,\"height\":150,\"caption\":\"Saumaustarvike.fi\"},\"image\":{\"@id\":\"https:\\\/\\\/saumaustarvike.fi\\\/verkkokauppa\\\/#\\\/schema\\\/logo\\\/image\\\/\"},\"sameAs\":[\"https:\\\/\\\/www.facebook.com\\\/Saumalaakso\"]}]}<\/script>\n<!-- \/ Yoast SEO plugin. -->","yoast_head_json":{"title":"Tremco SG301 Erikoissilikoni 600ml - Saumaustarvike.fi","description":"Korkealuokkainen silikoni, joka muodostaa joustavan sauman. Soveltuu monipuolisesti erilaisiin saumaus- ja lasitussovelluksiin. Kest\u00e4\u00e4 hyvin laajenemis-, puristus-, poikittais- ja pitkitt\u00e4isliikkeit\u00e4 ja kuivuu eritt\u00e4in vakaasti. Silikonilla on my\u00f6s erinomainen kesto happosateita, otsonia, ultraviolettivaloa ja \u00e4\u00e4rimm\u00e4isi\u00e4 l\u00e4mp\u00f6tilan vaihteluita vastaan. Tuotteen luja tartunta takaa pitk\u00e4aikaisen keston vaativiin, s\u00e4\u00e4nkest\u00e4viin saumoihin.","robots":{"index":"index","follow":"follow","max-snippet":"max-snippet:-1","max-image-preview":"max-image-preview:large","max-video-preview":"max-video-preview:-1"},"canonical":"https:\/\/saumaustarvike.fi\/verkkokauppa\/kauppa\/tuotemerkit\/tremco-tuotemerkit\/tremco-erikoissilikonimassat\/tremco-sg301-erikoissilikoni-600ml\/","og_locale":"fi_FI","og_type":"article","og_title":"Tremco SG301 Erikoissilikoni 600ml - Saumaustarvike.fi","og_description":"Korkealuokkainen silikoni, joka muodostaa joustavan sauman. Soveltuu monipuolisesti erilaisiin saumaus- ja lasitussovelluksiin. Kest\u00e4\u00e4 hyvin laajenemis-, puristus-, poikittais- ja pitkitt\u00e4isliikkeit\u00e4 ja kuivuu eritt\u00e4in vakaasti. Silikonilla on my\u00f6s erinomainen kesto happosateita, otsonia, ultraviolettivaloa ja \u00e4\u00e4rimm\u00e4isi\u00e4 l\u00e4mp\u00f6tilan vaihteluita vastaan. Tuotteen luja tartunta takaa pitk\u00e4aikaisen keston vaativiin, s\u00e4\u00e4nkest\u00e4viin saumoihin.","og_url":"https:\/\/saumaustarvike.fi\/verkkokauppa\/kauppa\/tuotemerkit\/tremco-tuotemerkit\/tremco-erikoissilikonimassat\/tremco-sg301-erikoissilikoni-600ml\/","og_site_name":"Saumaustarvike.fi","article_publisher":"https:\/\/www.facebook.com\/Saumalaakso","article_modified_time":"2025-02-18T13:30:13+00:00","og_image":[{"width":1000,"height":1000,"url":"https:\/\/saumaustarvike.fi\/verkkokauppa\/content\/uploads\/2015\/07\/Tremco-SG300-Erikoissilikoni-600ml.jpg","type":"image\/jpeg"}],"twitter_misc":{"Arvioitu lukuaika":"2 minuuttia"},"schema":{"@context":"https:\/\/schema.org","@graph":[{"@type":"WebPage","@id":"https:\/\/saumaustarvike.fi\/verkkokauppa\/kauppa\/tuotemerkit\/tremco-tuotemerkit\/tremco-erikoissilikonimassat\/tremco-sg301-erikoissilikoni-600ml\/","url":"https:\/\/saumaustarvike.fi\/verkkokauppa\/kauppa\/tuotemerkit\/tremco-tuotemerkit\/tremco-erikoissilikonimassat\/tremco-sg301-erikoissilikoni-600ml\/","name":"Tremco SG301 Erikoissilikoni 600ml - Saumaustarvike.fi","isPartOf":{"@id":"https:\/\/saumaustarvike.fi\/verkkokauppa\/#website"},"primaryImageOfPage":{"@id":"https:\/\/saumaustarvike.fi\/verkkokauppa\/kauppa\/tuotemerkit\/tremco-tuotemerkit\/tremco-erikoissilikonimassat\/tremco-sg301-erikoissilikoni-600ml\/#primaryimage"},"image":{"@id":"https:\/\/saumaustarvike.fi\/verkkokauppa\/kauppa\/tuotemerkit\/tremco-tuotemerkit\/tremco-erikoissilikonimassat\/tremco-sg301-erikoissilikoni-600ml\/#primaryimage"},"thumbnailUrl":"https:\/\/saumaustarvike.fi\/verkkokauppa\/wp-content\/uploads\/2015\/07\/Tremco-SG300-Erikoissilikoni-600ml.jpg","datePublished":"2015-07-29T11:59:56+00:00","dateModified":"2025-02-18T13:30:13+00:00","description":"Korkealuokkainen silikoni, joka muodostaa joustavan sauman. Soveltuu monipuolisesti erilaisiin saumaus- ja lasitussovelluksiin. Kest\u00e4\u00e4 hyvin laajenemis-, puristus-, poikittais- ja pitkitt\u00e4isliikkeit\u00e4 ja kuivuu eritt\u00e4in vakaasti. Silikonilla on my\u00f6s erinomainen kesto happosateita, otsonia, ultraviolettivaloa ja \u00e4\u00e4rimm\u00e4isi\u00e4 l\u00e4mp\u00f6tilan vaihteluita vastaan. Tuotteen luja tartunta takaa pitk\u00e4aikaisen keston vaativiin, s\u00e4\u00e4nkest\u00e4viin saumoihin.","breadcrumb":{"@id":"https:\/\/saumaustarvike.fi\/verkkokauppa\/kauppa\/tuotemerkit\/tremco-tuotemerkit\/tremco-erikoissilikonimassat\/tremco-sg301-erikoissilikoni-600ml\/#breadcrumb"},"inLanguage":"fi","potentialAction":[{"@type":"ReadAction","target":["https:\/\/saumaustarvike.fi\/verkkokauppa\/kauppa\/tuotemerkit\/tremco-tuotemerkit\/tremco-erikoissilikonimassat\/tremco-sg301-erikoissilikoni-600ml\/"]}]},{"@type":"ImageObject","inLanguage":"fi","@id":"https:\/\/saumaustarvike.fi\/verkkokauppa\/kauppa\/tuotemerkit\/tremco-tuotemerkit\/tremco-erikoissilikonimassat\/tremco-sg301-erikoissilikoni-600ml\/#primaryimage","url":"https:\/\/saumaustarvike.fi\/verkkokauppa\/wp-content\/uploads\/2015\/07\/Tremco-SG300-Erikoissilikoni-600ml.jpg","contentUrl":"https:\/\/saumaustarvike.fi\/verkkokauppa\/wp-content\/uploads\/2015\/07\/Tremco-SG300-Erikoissilikoni-600ml.jpg","width":1000,"height":1000},{"@type":"BreadcrumbList","@id":"https:\/\/saumaustarvike.fi\/verkkokauppa\/kauppa\/tuotemerkit\/tremco-tuotemerkit\/tremco-erikoissilikonimassat\/tremco-sg301-erikoissilikoni-600ml\/#breadcrumb","itemListElement":[{"@type":"ListItem","position":1,"name":"Home","item":"https:\/\/saumaustarvike.fi\/verkkokauppa\/"},{"@type":"ListItem","position":2,"name":"Saumausmassat, tarvikkeet ja ty\u00f6kalut","item":"https:\/\/saumaustarvike.fi\/verkkokauppa\/kauppa\/"},{"@type":"ListItem","position":3,"name":"Tremco SG301 Erikoissilikoni 600ml"}]},{"@type":"WebSite","@id":"https:\/\/saumaustarvike.fi\/verkkokauppa\/#website","url":"https:\/\/saumaustarvike.fi\/verkkokauppa\/","name":"Saumaustarvike.fi","description":"Saumausmassat, tarvikkeet ja ty&ouml;kalut","publisher":{"@id":"https:\/\/saumaustarvike.fi\/verkkokauppa\/#organization"},"potentialAction":[{"@type":"SearchAction","target":{"@type":"EntryPoint","urlTemplate":"https:\/\/saumaustarvike.fi\/verkkokauppa\/?s={search_term_string}"},"query-input":{"@type":"PropertyValueSpecification","valueRequired":true,"valueName":"search_term_string"}}],"inLanguage":"fi"},{"@type":"Organization","@id":"https:\/\/saumaustarvike.fi\/verkkokauppa\/#organization","name":"Saumaustarvike.fi","url":"https:\/\/saumaustarvike.fi\/verkkokauppa\/","logo":{"@type":"ImageObject","inLanguage":"fi","@id":"https:\/\/saumaustarvike.fi\/verkkokauppa\/#\/schema\/logo\/image\/","url":"https:\/\/saumaustarvike.fi\/verkkokauppa\/wp-content\/uploads\/2019\/02\/logo.png","contentUrl":"https:\/\/saumaustarvike.fi\/verkkokauppa\/wp-content\/uploads\/2019\/02\/logo.png","width":806,"height":150,"caption":"Saumaustarvike.fi"},"image":{"@id":"https:\/\/saumaustarvike.fi\/verkkokauppa\/#\/schema\/logo\/image\/"},"sameAs":["https:\/\/www.facebook.com\/Saumalaakso"]}]}},"jetpack_sharing_enabled":true,"_links":{"self":[{"href":"https:\/\/saumaustarvike.fi\/verkkokauppa\/wp-json\/wp\/v2\/product\/7462","targetHints":{"allow":["GET"]}}],"collection":[{"href":"https:\/\/saumaustarvike.fi\/verkkokauppa\/wp-json\/wp\/v2\/product"}],"about":[{"href":"https:\/\/saumaustarvike.fi\/verkkokauppa\/wp-json\/wp\/v2\/types\/product"}],"replies":[{"embeddable":true,"href":"https:\/\/saumaustarvike.fi\/verkkokauppa\/wp-json\/wp\/v2\/comments?post=7462"}],"wp:featuredmedia":[{"embeddable":true,"href":"https:\/\/saumaustarvike.fi\/verkkokauppa\/wp-json\/wp\/v2\/media\/16504"}],"wp:attachment":[{"href":"https:\/\/saumaustarvike.fi\/verkkokauppa\/wp-json\/wp\/v2\/media?parent=7462"}],"wp:term":[{"taxonomy":"product_cat","embeddable":true,"href":"https:\/\/saumaustarvike.fi\/verkkokauppa\/wp-json\/wp\/v2\/product_cat?post=7462"},{"taxonomy":"product_tag","embeddable":true,"href":"https:\/\/saumaustarvike.fi\/verkkokauppa\/wp-json\/wp\/v2\/product_tag?post=7462"}],"curies":[{"name":"wp","href":"https:\/\/api.w.org\/{rel}","templated":true}]}}