{"id":7707,"date":"2015-09-01T23:30:56","date_gmt":"2015-09-01T20:30:56","guid":{"rendered":"https:\/\/saumaustarvike.fi\/verkkokauppa\/kauppa\/sika\/sika-aktivator-205-1000ml\/"},"modified":"2025-05-30T09:41:37","modified_gmt":"2025-05-30T06:41:37","slug":"sika-aktivator-205-1000ml","status":"publish","type":"product","link":"https:\/\/saumaustarvike.fi\/verkkokauppa\/kauppa\/tuotemerkit\/sika-tuotemerkit\/sika-cleanerit-primerit-puhdistus-ja-viimeistelyaineet\/sika-aktivator-205-1000ml\/","title":{"rendered":"Sika Aktivator-205"},"content":{"rendered":"<h1>Sika Aktivator-205 1000ml<\/h1>\n<p>Tartunta-aine tiiviille materiaalipinnoille.<\/p>\n<div>\n<h3>K\u00c4YTT\u00d6<\/h3>\n<p>Alkoholipohjainen liuos, joka sis\u00e4lt\u00e4\u00e4 aktivointiainetta. Sika Aktivator-205 pyyhinn\u00e4ll\u00e4 on tartuntaa parantava vaikutus materiaalipinnalle ennen liimausta ja tiivistyst\u00e4 Sikaflex ja SikaBond -tuotteilla. Sika Aktivator-205 on valmistettu ISO 9001 \/ 14001-laadunvalvonta ja ymp\u00e4rist\u00f6normien mukaisesti sek\u00e4 responsible care \u2013ohjelmaa noudattaen.<\/p>\n<h3>EDUT\/OMINAISUUDET<\/h3>\n<p>Sika Aktivator-205 k\u00e4ytet\u00e4\u00e4n aktivoimaan\/lis\u00e4\u00e4m\u00e4\u00e4n tartuntaa seuraavilla, ei huokoisillamateriaalipinnoilla: metallit, muovit, lasitetutkeraamit, maalipinnat. Tuote on tarkoitettuvain ammattik\u00e4ytt\u00f6\u00f6n. Sen soveltuvuus materiaalipinnoille \/ k\u00e4ytt\u00f6olosuhteisiin tulee testata etuk\u00e4teen hyv\u00e4n tartunnan ja aineiden yhteensopi-vuuden varmistamiseksi<\/p>\n<h3>V\u00c4RI<\/h3>\n<p>L\u00e4pin\u00e4kyv\u00e4<\/p>\n<h3>PAKKAUS<\/h3>\n<p>30ml pullo<br \/>\n1000 ml\u00a0pullo<\/p>\n<\/div>\n<h2>Tekniset tiedot<\/h2>\n<p>&#8211; Tuotekuvaus 1-komp. liimattavien pintojen pohjustusaine, l\u00e4pin\u00e4kyv\u00e4<br \/>\n&#8211;\u00a0Levitys puhtaalla nukkaantumattomalla paperilla pyyhkien. Paperista tulee\u00a0ottaa puhdas kohta aina k\u00e4ytt\u00f6\u00f6n jotta likaa ei levit\u00e4 puhdistettavilla pinnoilla.<br \/>\n&#8211; K\u00e4ytt\u00f6: Puhdistamaan ja lis\u00e4\u00e4m\u00e4\u00e4n tartuntaa seuraavilla ei-huokoisilla alustoilla:\u00a0metallit, muovit, lasitettu keramiikka, maalatut pinnat<br \/>\n&#8211; Kuivumisaika 15 min &#8211; 6 h<br \/>\n&#8211; Riittoisuus per litra 9 &#8211; 18 m\u00b2\u00a0Juoksumetri\u00e4 per litra 300 &#8211; 600 m<br \/>\n&#8211; S\u00e4ilyvyys avaamattomassa alkuper\u00e4ispak.\u00a0kuivassa ja viile\u00e4ss\u00e4 paikassa 12 kuukautta<\/p>\n","protected":false},"excerpt":{"rendered":"<p>Sika Aktivator-205 pyyhinn\u00e4ll\u00e4 on tartuntaa parantava vaikutus materiaalipinnalle ennen liimausta jatiivistyst\u00e4 Sikaflex ja SikaBond -tuotteilla.<\/p>\n","protected":false},"featured_media":16365,"comment_status":"open","ping_status":"closed","template":"","meta":{"_acf_changed":false},"product_cat":[1546,1591],"product_tag":[186,84,321,81],"class_list":{"0":"post-7707","1":"product","2":"type-product","3":"status-publish","4":"has-post-thumbnail","6":"product_brand-sika","7":"product_cat-cleanerit-primerit-puhdistusaineet-viimeistelyaineet","8":"product_cat-sika-cleanerit-primerit-puhdistus-ja-viimeistelyaineet","9":"product_tag-cleaner","10":"product_tag-primer","11":"product_tag-pyyhinta","12":"product_tag-sika-2","13":"product_shipping_class-vak","14":"pa_maara-1000ml","15":"pa_maara-30ml","17":"first","18":"onbackorder","19":"taxable","20":"shipping-taxable","21":"purchasable","22":"product-type-variable"},"acf":[],"yoast_head":"<!-- This site is optimized with the Yoast SEO plugin v27.3 - https:\/\/yoast.com\/product\/yoast-seo-wordpress\/ -->\n<title>Sika Aktivator-205 - Saumaustarvike.fi<\/title>\n<meta name=\"description\" content=\"Aktivator-205 pyyhinn\u00e4ll\u00e4 on tartuntaa parantava vaikutus materiaalipinnalle ennen liimausta ja tiivistyst\u00e4 Sikaflex ja SikaBond -tuotteilla.\" \/>\n<meta name=\"robots\" content=\"index, follow, max-snippet:-1, max-image-preview:large, max-video-preview:-1\" \/>\n<link rel=\"canonical\" href=\"https:\/\/saumaustarvike.fi\/verkkokauppa\/kauppa\/tuotemerkit\/sika-tuotemerkit\/sika-cleanerit-primerit-puhdistus-ja-viimeistelyaineet\/sika-aktivator-205-1000ml\/\" \/>\n<meta property=\"og:locale\" content=\"fi_FI\" \/>\n<meta property=\"og:type\" content=\"article\" \/>\n<meta property=\"og:title\" content=\"Sika Aktivator-205 - Saumaustarvike.fi\" \/>\n<meta property=\"og:description\" content=\"Aktivator-205 pyyhinn\u00e4ll\u00e4 on tartuntaa parantava vaikutus materiaalipinnalle ennen liimausta ja tiivistyst\u00e4 Sikaflex ja SikaBond -tuotteilla.\" \/>\n<meta property=\"og:url\" content=\"https:\/\/saumaustarvike.fi\/verkkokauppa\/kauppa\/tuotemerkit\/sika-tuotemerkit\/sika-cleanerit-primerit-puhdistus-ja-viimeistelyaineet\/sika-aktivator-205-1000ml\/\" \/>\n<meta property=\"og:site_name\" content=\"Saumaustarvike.fi\" \/>\n<meta property=\"article:publisher\" content=\"https:\/\/www.facebook.com\/Saumalaakso\" \/>\n<meta property=\"article:modified_time\" content=\"2025-05-30T06:41:37+00:00\" \/>\n<meta property=\"og:image\" content=\"https:\/\/saumaustarvike.fi\/verkkokauppa\/content\/uploads\/2015\/09\/saumaustarvike-Sika-Aktivator-205.jpg\" \/>\n\t<meta property=\"og:image:width\" content=\"1000\" \/>\n\t<meta property=\"og:image:height\" content=\"1000\" \/>\n\t<meta property=\"og:image:type\" content=\"image\/jpeg\" \/>\n<meta name=\"twitter:label1\" content=\"Arvioitu lukuaika\" \/>\n\t<meta name=\"twitter:data1\" content=\"2 minuuttia\" \/>\n<script type=\"application\/ld+json\" class=\"yoast-schema-graph\">{\"@context\":\"https:\\\/\\\/schema.org\",\"@graph\":[{\"@type\":\"WebPage\",\"@id\":\"https:\\\/\\\/saumaustarvike.fi\\\/verkkokauppa\\\/kauppa\\\/tuotemerkit\\\/sika-tuotemerkit\\\/sika-cleanerit-primerit-puhdistus-ja-viimeistelyaineet\\\/sika-aktivator-205-1000ml\\\/\",\"url\":\"https:\\\/\\\/saumaustarvike.fi\\\/verkkokauppa\\\/kauppa\\\/tuotemerkit\\\/sika-tuotemerkit\\\/sika-cleanerit-primerit-puhdistus-ja-viimeistelyaineet\\\/sika-aktivator-205-1000ml\\\/\",\"name\":\"Sika Aktivator-205 - Saumaustarvike.fi\",\"isPartOf\":{\"@id\":\"https:\\\/\\\/saumaustarvike.fi\\\/verkkokauppa\\\/#website\"},\"primaryImageOfPage\":{\"@id\":\"https:\\\/\\\/saumaustarvike.fi\\\/verkkokauppa\\\/kauppa\\\/tuotemerkit\\\/sika-tuotemerkit\\\/sika-cleanerit-primerit-puhdistus-ja-viimeistelyaineet\\\/sika-aktivator-205-1000ml\\\/#primaryimage\"},\"image\":{\"@id\":\"https:\\\/\\\/saumaustarvike.fi\\\/verkkokauppa\\\/kauppa\\\/tuotemerkit\\\/sika-tuotemerkit\\\/sika-cleanerit-primerit-puhdistus-ja-viimeistelyaineet\\\/sika-aktivator-205-1000ml\\\/#primaryimage\"},\"thumbnailUrl\":\"https:\\\/\\\/saumaustarvike.fi\\\/verkkokauppa\\\/wp-content\\\/uploads\\\/2015\\\/09\\\/saumaustarvike-Sika-Aktivator-205.jpg\",\"datePublished\":\"2015-09-01T20:30:56+00:00\",\"dateModified\":\"2025-05-30T06:41:37+00:00\",\"description\":\"Aktivator-205 pyyhinn\u00e4ll\u00e4 on tartuntaa parantava vaikutus materiaalipinnalle ennen liimausta ja tiivistyst\u00e4 Sikaflex ja SikaBond -tuotteilla.\",\"breadcrumb\":{\"@id\":\"https:\\\/\\\/saumaustarvike.fi\\\/verkkokauppa\\\/kauppa\\\/tuotemerkit\\\/sika-tuotemerkit\\\/sika-cleanerit-primerit-puhdistus-ja-viimeistelyaineet\\\/sika-aktivator-205-1000ml\\\/#breadcrumb\"},\"inLanguage\":\"fi\",\"potentialAction\":[{\"@type\":\"ReadAction\",\"target\":[\"https:\\\/\\\/saumaustarvike.fi\\\/verkkokauppa\\\/kauppa\\\/tuotemerkit\\\/sika-tuotemerkit\\\/sika-cleanerit-primerit-puhdistus-ja-viimeistelyaineet\\\/sika-aktivator-205-1000ml\\\/\"]}]},{\"@type\":\"ImageObject\",\"inLanguage\":\"fi\",\"@id\":\"https:\\\/\\\/saumaustarvike.fi\\\/verkkokauppa\\\/kauppa\\\/tuotemerkit\\\/sika-tuotemerkit\\\/sika-cleanerit-primerit-puhdistus-ja-viimeistelyaineet\\\/sika-aktivator-205-1000ml\\\/#primaryimage\",\"url\":\"https:\\\/\\\/saumaustarvike.fi\\\/verkkokauppa\\\/wp-content\\\/uploads\\\/2015\\\/09\\\/saumaustarvike-Sika-Aktivator-205.jpg\",\"contentUrl\":\"https:\\\/\\\/saumaustarvike.fi\\\/verkkokauppa\\\/wp-content\\\/uploads\\\/2015\\\/09\\\/saumaustarvike-Sika-Aktivator-205.jpg\",\"width\":1000,\"height\":1000},{\"@type\":\"BreadcrumbList\",\"@id\":\"https:\\\/\\\/saumaustarvike.fi\\\/verkkokauppa\\\/kauppa\\\/tuotemerkit\\\/sika-tuotemerkit\\\/sika-cleanerit-primerit-puhdistus-ja-viimeistelyaineet\\\/sika-aktivator-205-1000ml\\\/#breadcrumb\",\"itemListElement\":[{\"@type\":\"ListItem\",\"position\":1,\"name\":\"Home\",\"item\":\"https:\\\/\\\/saumaustarvike.fi\\\/verkkokauppa\\\/\"},{\"@type\":\"ListItem\",\"position\":2,\"name\":\"Saumausmassat, tarvikkeet ja ty\u00f6kalut\",\"item\":\"https:\\\/\\\/saumaustarvike.fi\\\/verkkokauppa\\\/kauppa\\\/\"},{\"@type\":\"ListItem\",\"position\":3,\"name\":\"Sika Aktivator-205\"}]},{\"@type\":\"WebSite\",\"@id\":\"https:\\\/\\\/saumaustarvike.fi\\\/verkkokauppa\\\/#website\",\"url\":\"https:\\\/\\\/saumaustarvike.fi\\\/verkkokauppa\\\/\",\"name\":\"Saumaustarvike.fi\",\"description\":\"Saumausmassat, tarvikkeet ja ty&ouml;kalut\",\"publisher\":{\"@id\":\"https:\\\/\\\/saumaustarvike.fi\\\/verkkokauppa\\\/#organization\"},\"potentialAction\":[{\"@type\":\"SearchAction\",\"target\":{\"@type\":\"EntryPoint\",\"urlTemplate\":\"https:\\\/\\\/saumaustarvike.fi\\\/verkkokauppa\\\/?s={search_term_string}\"},\"query-input\":{\"@type\":\"PropertyValueSpecification\",\"valueRequired\":true,\"valueName\":\"search_term_string\"}}],\"inLanguage\":\"fi\"},{\"@type\":\"Organization\",\"@id\":\"https:\\\/\\\/saumaustarvike.fi\\\/verkkokauppa\\\/#organization\",\"name\":\"Saumaustarvike.fi\",\"url\":\"https:\\\/\\\/saumaustarvike.fi\\\/verkkokauppa\\\/\",\"logo\":{\"@type\":\"ImageObject\",\"inLanguage\":\"fi\",\"@id\":\"https:\\\/\\\/saumaustarvike.fi\\\/verkkokauppa\\\/#\\\/schema\\\/logo\\\/image\\\/\",\"url\":\"https:\\\/\\\/saumaustarvike.fi\\\/verkkokauppa\\\/wp-content\\\/uploads\\\/2019\\\/02\\\/logo.png\",\"contentUrl\":\"https:\\\/\\\/saumaustarvike.fi\\\/verkkokauppa\\\/wp-content\\\/uploads\\\/2019\\\/02\\\/logo.png\",\"width\":806,\"height\":150,\"caption\":\"Saumaustarvike.fi\"},\"image\":{\"@id\":\"https:\\\/\\\/saumaustarvike.fi\\\/verkkokauppa\\\/#\\\/schema\\\/logo\\\/image\\\/\"},\"sameAs\":[\"https:\\\/\\\/www.facebook.com\\\/Saumalaakso\"]}]}<\/script>\n<!-- \/ Yoast SEO plugin. -->","yoast_head_json":{"title":"Sika Aktivator-205 - Saumaustarvike.fi","description":"Aktivator-205 pyyhinn\u00e4ll\u00e4 on tartuntaa parantava vaikutus materiaalipinnalle ennen liimausta ja tiivistyst\u00e4 Sikaflex ja SikaBond -tuotteilla.","robots":{"index":"index","follow":"follow","max-snippet":"max-snippet:-1","max-image-preview":"max-image-preview:large","max-video-preview":"max-video-preview:-1"},"canonical":"https:\/\/saumaustarvike.fi\/verkkokauppa\/kauppa\/tuotemerkit\/sika-tuotemerkit\/sika-cleanerit-primerit-puhdistus-ja-viimeistelyaineet\/sika-aktivator-205-1000ml\/","og_locale":"fi_FI","og_type":"article","og_title":"Sika Aktivator-205 - Saumaustarvike.fi","og_description":"Aktivator-205 pyyhinn\u00e4ll\u00e4 on tartuntaa parantava vaikutus materiaalipinnalle ennen liimausta ja tiivistyst\u00e4 Sikaflex ja SikaBond -tuotteilla.","og_url":"https:\/\/saumaustarvike.fi\/verkkokauppa\/kauppa\/tuotemerkit\/sika-tuotemerkit\/sika-cleanerit-primerit-puhdistus-ja-viimeistelyaineet\/sika-aktivator-205-1000ml\/","og_site_name":"Saumaustarvike.fi","article_publisher":"https:\/\/www.facebook.com\/Saumalaakso","article_modified_time":"2025-05-30T06:41:37+00:00","og_image":[{"width":1000,"height":1000,"url":"https:\/\/saumaustarvike.fi\/verkkokauppa\/content\/uploads\/2015\/09\/saumaustarvike-Sika-Aktivator-205.jpg","type":"image\/jpeg"}],"twitter_misc":{"Arvioitu lukuaika":"2 minuuttia"},"schema":{"@context":"https:\/\/schema.org","@graph":[{"@type":"WebPage","@id":"https:\/\/saumaustarvike.fi\/verkkokauppa\/kauppa\/tuotemerkit\/sika-tuotemerkit\/sika-cleanerit-primerit-puhdistus-ja-viimeistelyaineet\/sika-aktivator-205-1000ml\/","url":"https:\/\/saumaustarvike.fi\/verkkokauppa\/kauppa\/tuotemerkit\/sika-tuotemerkit\/sika-cleanerit-primerit-puhdistus-ja-viimeistelyaineet\/sika-aktivator-205-1000ml\/","name":"Sika Aktivator-205 - Saumaustarvike.fi","isPartOf":{"@id":"https:\/\/saumaustarvike.fi\/verkkokauppa\/#website"},"primaryImageOfPage":{"@id":"https:\/\/saumaustarvike.fi\/verkkokauppa\/kauppa\/tuotemerkit\/sika-tuotemerkit\/sika-cleanerit-primerit-puhdistus-ja-viimeistelyaineet\/sika-aktivator-205-1000ml\/#primaryimage"},"image":{"@id":"https:\/\/saumaustarvike.fi\/verkkokauppa\/kauppa\/tuotemerkit\/sika-tuotemerkit\/sika-cleanerit-primerit-puhdistus-ja-viimeistelyaineet\/sika-aktivator-205-1000ml\/#primaryimage"},"thumbnailUrl":"https:\/\/saumaustarvike.fi\/verkkokauppa\/wp-content\/uploads\/2015\/09\/saumaustarvike-Sika-Aktivator-205.jpg","datePublished":"2015-09-01T20:30:56+00:00","dateModified":"2025-05-30T06:41:37+00:00","description":"Aktivator-205 pyyhinn\u00e4ll\u00e4 on tartuntaa parantava vaikutus materiaalipinnalle ennen liimausta ja tiivistyst\u00e4 Sikaflex ja SikaBond -tuotteilla.","breadcrumb":{"@id":"https:\/\/saumaustarvike.fi\/verkkokauppa\/kauppa\/tuotemerkit\/sika-tuotemerkit\/sika-cleanerit-primerit-puhdistus-ja-viimeistelyaineet\/sika-aktivator-205-1000ml\/#breadcrumb"},"inLanguage":"fi","potentialAction":[{"@type":"ReadAction","target":["https:\/\/saumaustarvike.fi\/verkkokauppa\/kauppa\/tuotemerkit\/sika-tuotemerkit\/sika-cleanerit-primerit-puhdistus-ja-viimeistelyaineet\/sika-aktivator-205-1000ml\/"]}]},{"@type":"ImageObject","inLanguage":"fi","@id":"https:\/\/saumaustarvike.fi\/verkkokauppa\/kauppa\/tuotemerkit\/sika-tuotemerkit\/sika-cleanerit-primerit-puhdistus-ja-viimeistelyaineet\/sika-aktivator-205-1000ml\/#primaryimage","url":"https:\/\/saumaustarvike.fi\/verkkokauppa\/wp-content\/uploads\/2015\/09\/saumaustarvike-Sika-Aktivator-205.jpg","contentUrl":"https:\/\/saumaustarvike.fi\/verkkokauppa\/wp-content\/uploads\/2015\/09\/saumaustarvike-Sika-Aktivator-205.jpg","width":1000,"height":1000},{"@type":"BreadcrumbList","@id":"https:\/\/saumaustarvike.fi\/verkkokauppa\/kauppa\/tuotemerkit\/sika-tuotemerkit\/sika-cleanerit-primerit-puhdistus-ja-viimeistelyaineet\/sika-aktivator-205-1000ml\/#breadcrumb","itemListElement":[{"@type":"ListItem","position":1,"name":"Home","item":"https:\/\/saumaustarvike.fi\/verkkokauppa\/"},{"@type":"ListItem","position":2,"name":"Saumausmassat, tarvikkeet ja ty\u00f6kalut","item":"https:\/\/saumaustarvike.fi\/verkkokauppa\/kauppa\/"},{"@type":"ListItem","position":3,"name":"Sika Aktivator-205"}]},{"@type":"WebSite","@id":"https:\/\/saumaustarvike.fi\/verkkokauppa\/#website","url":"https:\/\/saumaustarvike.fi\/verkkokauppa\/","name":"Saumaustarvike.fi","description":"Saumausmassat, tarvikkeet ja ty&ouml;kalut","publisher":{"@id":"https:\/\/saumaustarvike.fi\/verkkokauppa\/#organization"},"potentialAction":[{"@type":"SearchAction","target":{"@type":"EntryPoint","urlTemplate":"https:\/\/saumaustarvike.fi\/verkkokauppa\/?s={search_term_string}"},"query-input":{"@type":"PropertyValueSpecification","valueRequired":true,"valueName":"search_term_string"}}],"inLanguage":"fi"},{"@type":"Organization","@id":"https:\/\/saumaustarvike.fi\/verkkokauppa\/#organization","name":"Saumaustarvike.fi","url":"https:\/\/saumaustarvike.fi\/verkkokauppa\/","logo":{"@type":"ImageObject","inLanguage":"fi","@id":"https:\/\/saumaustarvike.fi\/verkkokauppa\/#\/schema\/logo\/image\/","url":"https:\/\/saumaustarvike.fi\/verkkokauppa\/wp-content\/uploads\/2019\/02\/logo.png","contentUrl":"https:\/\/saumaustarvike.fi\/verkkokauppa\/wp-content\/uploads\/2019\/02\/logo.png","width":806,"height":150,"caption":"Saumaustarvike.fi"},"image":{"@id":"https:\/\/saumaustarvike.fi\/verkkokauppa\/#\/schema\/logo\/image\/"},"sameAs":["https:\/\/www.facebook.com\/Saumalaakso"]}]}},"jetpack_sharing_enabled":true,"_links":{"self":[{"href":"https:\/\/saumaustarvike.fi\/verkkokauppa\/wp-json\/wp\/v2\/product\/7707","targetHints":{"allow":["GET"]}}],"collection":[{"href":"https:\/\/saumaustarvike.fi\/verkkokauppa\/wp-json\/wp\/v2\/product"}],"about":[{"href":"https:\/\/saumaustarvike.fi\/verkkokauppa\/wp-json\/wp\/v2\/types\/product"}],"replies":[{"embeddable":true,"href":"https:\/\/saumaustarvike.fi\/verkkokauppa\/wp-json\/wp\/v2\/comments?post=7707"}],"wp:featuredmedia":[{"embeddable":true,"href":"https:\/\/saumaustarvike.fi\/verkkokauppa\/wp-json\/wp\/v2\/media\/16365"}],"wp:attachment":[{"href":"https:\/\/saumaustarvike.fi\/verkkokauppa\/wp-json\/wp\/v2\/media?parent=7707"}],"wp:term":[{"taxonomy":"product_cat","embeddable":true,"href":"https:\/\/saumaustarvike.fi\/verkkokauppa\/wp-json\/wp\/v2\/product_cat?post=7707"},{"taxonomy":"product_tag","embeddable":true,"href":"https:\/\/saumaustarvike.fi\/verkkokauppa\/wp-json\/wp\/v2\/product_tag?post=7707"}],"curies":[{"name":"wp","href":"https:\/\/api.w.org\/{rel}","templated":true}]}}