{"id":7852,"date":"2015-09-25T13:56:38","date_gmt":"2015-09-25T10:56:38","guid":{"rendered":"https:\/\/saumaustarvike.fi\/verkkokauppa\/kauppa\/tarvikkeet\/vaakasauman-tuuletuskotelo\/"},"modified":"2026-03-17T14:19:59","modified_gmt":"2026-03-17T12:19:59","slug":"vaakasauman-tuuletuskotelo","status":"publish","type":"product","link":"https:\/\/saumaustarvike.fi\/verkkokauppa\/kauppa\/tuotemerkit\/st-tool-tuotemerkit\/st-tool-tyokalut-ja-tarvikkeet\/vaakasauman-tuuletuskotelo\/","title":{"rendered":"ST-Tool Vaakasauman tuuletuskotelo"},"content":{"rendered":"<h1>ST-Tool Vaakasauman tuuletuskotelo<\/h1>\n<p>Julkisivuelementtien tuuletukseen\u00a0ja kosteuden poistamiseen<\/p>\n<h3><b>Tuuletuskotelo<\/b><\/h3>\n<p>Julkisivuelementtien vaakasaumoihin asennettava sauman tausta\u2014 ja eristetilan tuuletukseen ja kosteuden poistamiseen. Se korvaa tuuletukseen k\u00e4ytett\u00e4v\u00e4t \u201dtuuletusputket\u201d.\u00a0Koteloita k\u00e4ytt\u00e4m\u00e4ll\u00e4 voidaan varmistaa rakenteiden kuivuminen ja v\u00e4ltyt\u00e4\u00e4n betonin pakkas-\u00a0rapautumiselta ym. vaurioilta.<\/p>\n<h3><\/h3>\n<h3><b>Mitat:<\/b><\/h3>\n<p>Lev. 125 mm, kork. 15 mm, syv. 55 mm.<\/p>\n<h3><\/h3>\n<h3><strong>Pakkaus<\/strong><\/h3>\n<p>1 kpl<\/p>\n<h3><strong>V\u00e4ri<\/strong><\/h3>\n<p>valkoinen<br \/>\nbetoninharmaa RAL 7023<br \/>\nbeige<br \/>\nruskea<br \/>\nmusta<\/p>\n","protected":false},"excerpt":{"rendered":"<p>Julkisivuelementtien vaakasaumoihin asennettava sauman tausta\u2014 ja eristetilan tuuletukseen ja kosteuden poistamiseen. Se korvaa tuuletukseen k\u00e4ytett\u00e4v\u00e4t \u201dtuuletusputket\u201d.<\/p>\n","protected":false},"featured_media":7859,"comment_status":"open","ping_status":"closed","template":"","meta":{"_acf_changed":false},"product_cat":[1576,2185],"product_tag":[218,215,212,213,266],"class_list":{"0":"post-7852","1":"product","2":"type-product","3":"status-publish","4":"has-post-thumbnail","6":"product_brand-st-tool","7":"product_cat-saumojen-tuuletus","8":"product_cat-st-tool-tyokalut-ja-tarvikkeet","9":"product_tag-kotelo","10":"product_tag-sauman-tuuletus","11":"product_tag-tuuletus","12":"product_tag-tuuletuskotelo","13":"product_tag-vaakasauma","14":"pa_vari-beige","15":"pa_vari-betoninharmaa","16":"pa_vari-betoninharmaa-ral-7023","17":"pa_vari-grafiitinharmaa-ral-7016","18":"pa_vari-musta","19":"pa_vari-ruskea","20":"pa_vari-vaaleanharmaa-ral-7038","21":"pa_vari-valkoinen","23":"first","24":"onbackorder","25":"taxable","26":"shipping-taxable","27":"purchasable","28":"product-type-variable"},"acf":[],"yoast_head":"<!-- This site is optimized with the Yoast SEO plugin v27.3 - https:\/\/yoast.com\/product\/yoast-seo-wordpress\/ -->\n<title>ST-Tool Vaakasauman tuuletuskotelo - Saumaustarvike.fi<\/title>\n<meta name=\"description\" content=\"Julkisivuelementtien vaakasaumoihin asennettava sauman tausta\u2014 ja eristetilan tuuletukseen ja kosteuden poistamiseen.\" \/>\n<meta name=\"robots\" content=\"index, follow, max-snippet:-1, max-image-preview:large, max-video-preview:-1\" \/>\n<link rel=\"canonical\" href=\"https:\/\/saumaustarvike.fi\/verkkokauppa\/kauppa\/tuotemerkit\/st-tool-tuotemerkit\/st-tool-tyokalut-ja-tarvikkeet\/vaakasauman-tuuletuskotelo\/\" \/>\n<meta property=\"og:locale\" content=\"fi_FI\" \/>\n<meta property=\"og:type\" content=\"article\" \/>\n<meta property=\"og:title\" content=\"ST-Tool Vaakasauman tuuletuskotelo - Saumaustarvike.fi\" \/>\n<meta property=\"og:description\" content=\"Julkisivuelementtien vaakasaumoihin asennettava sauman tausta\u2014 ja eristetilan tuuletukseen ja kosteuden poistamiseen.\" \/>\n<meta property=\"og:url\" content=\"https:\/\/saumaustarvike.fi\/verkkokauppa\/kauppa\/tuotemerkit\/st-tool-tuotemerkit\/st-tool-tyokalut-ja-tarvikkeet\/vaakasauman-tuuletuskotelo\/\" \/>\n<meta property=\"og:site_name\" content=\"Saumaustarvike.fi\" \/>\n<meta property=\"article:publisher\" content=\"https:\/\/www.facebook.com\/Saumalaakso\" \/>\n<meta property=\"article:modified_time\" content=\"2026-03-17T12:19:59+00:00\" \/>\n<meta property=\"og:image\" content=\"https:\/\/saumaustarvike.fi\/verkkokauppa\/wp-content\/uploads\/2015\/09\/Vaakasaumakotelo.jpg\" \/>\n\t<meta property=\"og:image:width\" content=\"1417\" \/>\n\t<meta property=\"og:image:height\" content=\"1417\" \/>\n\t<meta property=\"og:image:type\" content=\"image\/jpeg\" \/>\n<meta name=\"twitter:label1\" content=\"Arvioitu lukuaika\" \/>\n\t<meta name=\"twitter:data1\" content=\"1 minuutti\" \/>\n<script type=\"application\/ld+json\" class=\"yoast-schema-graph\">{\"@context\":\"https:\\\/\\\/schema.org\",\"@graph\":[{\"@type\":\"WebPage\",\"@id\":\"https:\\\/\\\/saumaustarvike.fi\\\/verkkokauppa\\\/kauppa\\\/tuotemerkit\\\/st-tool-tuotemerkit\\\/st-tool-tyokalut-ja-tarvikkeet\\\/vaakasauman-tuuletuskotelo\\\/\",\"url\":\"https:\\\/\\\/saumaustarvike.fi\\\/verkkokauppa\\\/kauppa\\\/tuotemerkit\\\/st-tool-tuotemerkit\\\/st-tool-tyokalut-ja-tarvikkeet\\\/vaakasauman-tuuletuskotelo\\\/\",\"name\":\"ST-Tool Vaakasauman tuuletuskotelo - Saumaustarvike.fi\",\"isPartOf\":{\"@id\":\"https:\\\/\\\/saumaustarvike.fi\\\/verkkokauppa\\\/#website\"},\"primaryImageOfPage\":{\"@id\":\"https:\\\/\\\/saumaustarvike.fi\\\/verkkokauppa\\\/kauppa\\\/tuotemerkit\\\/st-tool-tuotemerkit\\\/st-tool-tyokalut-ja-tarvikkeet\\\/vaakasauman-tuuletuskotelo\\\/#primaryimage\"},\"image\":{\"@id\":\"https:\\\/\\\/saumaustarvike.fi\\\/verkkokauppa\\\/kauppa\\\/tuotemerkit\\\/st-tool-tuotemerkit\\\/st-tool-tyokalut-ja-tarvikkeet\\\/vaakasauman-tuuletuskotelo\\\/#primaryimage\"},\"thumbnailUrl\":\"https:\\\/\\\/saumaustarvike.fi\\\/verkkokauppa\\\/wp-content\\\/uploads\\\/2015\\\/09\\\/Vaakasaumakotelo.jpg\",\"datePublished\":\"2015-09-25T10:56:38+00:00\",\"dateModified\":\"2026-03-17T12:19:59+00:00\",\"description\":\"Julkisivuelementtien vaakasaumoihin asennettava sauman tausta\u2014 ja eristetilan tuuletukseen ja kosteuden poistamiseen.\",\"breadcrumb\":{\"@id\":\"https:\\\/\\\/saumaustarvike.fi\\\/verkkokauppa\\\/kauppa\\\/tuotemerkit\\\/st-tool-tuotemerkit\\\/st-tool-tyokalut-ja-tarvikkeet\\\/vaakasauman-tuuletuskotelo\\\/#breadcrumb\"},\"inLanguage\":\"fi\",\"potentialAction\":[{\"@type\":\"ReadAction\",\"target\":[\"https:\\\/\\\/saumaustarvike.fi\\\/verkkokauppa\\\/kauppa\\\/tuotemerkit\\\/st-tool-tuotemerkit\\\/st-tool-tyokalut-ja-tarvikkeet\\\/vaakasauman-tuuletuskotelo\\\/\"]}]},{\"@type\":\"ImageObject\",\"inLanguage\":\"fi\",\"@id\":\"https:\\\/\\\/saumaustarvike.fi\\\/verkkokauppa\\\/kauppa\\\/tuotemerkit\\\/st-tool-tuotemerkit\\\/st-tool-tyokalut-ja-tarvikkeet\\\/vaakasauman-tuuletuskotelo\\\/#primaryimage\",\"url\":\"https:\\\/\\\/saumaustarvike.fi\\\/verkkokauppa\\\/wp-content\\\/uploads\\\/2015\\\/09\\\/Vaakasaumakotelo.jpg\",\"contentUrl\":\"https:\\\/\\\/saumaustarvike.fi\\\/verkkokauppa\\\/wp-content\\\/uploads\\\/2015\\\/09\\\/Vaakasaumakotelo.jpg\",\"width\":1417,\"height\":1417},{\"@type\":\"BreadcrumbList\",\"@id\":\"https:\\\/\\\/saumaustarvike.fi\\\/verkkokauppa\\\/kauppa\\\/tuotemerkit\\\/st-tool-tuotemerkit\\\/st-tool-tyokalut-ja-tarvikkeet\\\/vaakasauman-tuuletuskotelo\\\/#breadcrumb\",\"itemListElement\":[{\"@type\":\"ListItem\",\"position\":1,\"name\":\"Home\",\"item\":\"https:\\\/\\\/saumaustarvike.fi\\\/verkkokauppa\\\/\"},{\"@type\":\"ListItem\",\"position\":2,\"name\":\"Saumausmassat, tarvikkeet ja ty\u00f6kalut\",\"item\":\"https:\\\/\\\/saumaustarvike.fi\\\/verkkokauppa\\\/kauppa\\\/\"},{\"@type\":\"ListItem\",\"position\":3,\"name\":\"ST-Tool Vaakasauman tuuletuskotelo\"}]},{\"@type\":\"WebSite\",\"@id\":\"https:\\\/\\\/saumaustarvike.fi\\\/verkkokauppa\\\/#website\",\"url\":\"https:\\\/\\\/saumaustarvike.fi\\\/verkkokauppa\\\/\",\"name\":\"Saumaustarvike.fi\",\"description\":\"Saumausmassat, tarvikkeet ja ty&ouml;kalut\",\"publisher\":{\"@id\":\"https:\\\/\\\/saumaustarvike.fi\\\/verkkokauppa\\\/#organization\"},\"potentialAction\":[{\"@type\":\"SearchAction\",\"target\":{\"@type\":\"EntryPoint\",\"urlTemplate\":\"https:\\\/\\\/saumaustarvike.fi\\\/verkkokauppa\\\/?s={search_term_string}\"},\"query-input\":{\"@type\":\"PropertyValueSpecification\",\"valueRequired\":true,\"valueName\":\"search_term_string\"}}],\"inLanguage\":\"fi\"},{\"@type\":\"Organization\",\"@id\":\"https:\\\/\\\/saumaustarvike.fi\\\/verkkokauppa\\\/#organization\",\"name\":\"Saumaustarvike.fi\",\"url\":\"https:\\\/\\\/saumaustarvike.fi\\\/verkkokauppa\\\/\",\"logo\":{\"@type\":\"ImageObject\",\"inLanguage\":\"fi\",\"@id\":\"https:\\\/\\\/saumaustarvike.fi\\\/verkkokauppa\\\/#\\\/schema\\\/logo\\\/image\\\/\",\"url\":\"https:\\\/\\\/saumaustarvike.fi\\\/verkkokauppa\\\/wp-content\\\/uploads\\\/2019\\\/02\\\/logo.png\",\"contentUrl\":\"https:\\\/\\\/saumaustarvike.fi\\\/verkkokauppa\\\/wp-content\\\/uploads\\\/2019\\\/02\\\/logo.png\",\"width\":806,\"height\":150,\"caption\":\"Saumaustarvike.fi\"},\"image\":{\"@id\":\"https:\\\/\\\/saumaustarvike.fi\\\/verkkokauppa\\\/#\\\/schema\\\/logo\\\/image\\\/\"},\"sameAs\":[\"https:\\\/\\\/www.facebook.com\\\/Saumalaakso\"]}]}<\/script>\n<!-- \/ Yoast SEO plugin. -->","yoast_head_json":{"title":"ST-Tool Vaakasauman tuuletuskotelo - Saumaustarvike.fi","description":"Julkisivuelementtien vaakasaumoihin asennettava sauman tausta\u2014 ja eristetilan tuuletukseen ja kosteuden poistamiseen.","robots":{"index":"index","follow":"follow","max-snippet":"max-snippet:-1","max-image-preview":"max-image-preview:large","max-video-preview":"max-video-preview:-1"},"canonical":"https:\/\/saumaustarvike.fi\/verkkokauppa\/kauppa\/tuotemerkit\/st-tool-tuotemerkit\/st-tool-tyokalut-ja-tarvikkeet\/vaakasauman-tuuletuskotelo\/","og_locale":"fi_FI","og_type":"article","og_title":"ST-Tool Vaakasauman tuuletuskotelo - Saumaustarvike.fi","og_description":"Julkisivuelementtien vaakasaumoihin asennettava sauman tausta\u2014 ja eristetilan tuuletukseen ja kosteuden poistamiseen.","og_url":"https:\/\/saumaustarvike.fi\/verkkokauppa\/kauppa\/tuotemerkit\/st-tool-tuotemerkit\/st-tool-tyokalut-ja-tarvikkeet\/vaakasauman-tuuletuskotelo\/","og_site_name":"Saumaustarvike.fi","article_publisher":"https:\/\/www.facebook.com\/Saumalaakso","article_modified_time":"2026-03-17T12:19:59+00:00","og_image":[{"width":1417,"height":1417,"url":"https:\/\/saumaustarvike.fi\/verkkokauppa\/wp-content\/uploads\/2015\/09\/Vaakasaumakotelo.jpg","type":"image\/jpeg"}],"twitter_misc":{"Arvioitu lukuaika":"1 minuutti"},"schema":{"@context":"https:\/\/schema.org","@graph":[{"@type":"WebPage","@id":"https:\/\/saumaustarvike.fi\/verkkokauppa\/kauppa\/tuotemerkit\/st-tool-tuotemerkit\/st-tool-tyokalut-ja-tarvikkeet\/vaakasauman-tuuletuskotelo\/","url":"https:\/\/saumaustarvike.fi\/verkkokauppa\/kauppa\/tuotemerkit\/st-tool-tuotemerkit\/st-tool-tyokalut-ja-tarvikkeet\/vaakasauman-tuuletuskotelo\/","name":"ST-Tool Vaakasauman tuuletuskotelo - Saumaustarvike.fi","isPartOf":{"@id":"https:\/\/saumaustarvike.fi\/verkkokauppa\/#website"},"primaryImageOfPage":{"@id":"https:\/\/saumaustarvike.fi\/verkkokauppa\/kauppa\/tuotemerkit\/st-tool-tuotemerkit\/st-tool-tyokalut-ja-tarvikkeet\/vaakasauman-tuuletuskotelo\/#primaryimage"},"image":{"@id":"https:\/\/saumaustarvike.fi\/verkkokauppa\/kauppa\/tuotemerkit\/st-tool-tuotemerkit\/st-tool-tyokalut-ja-tarvikkeet\/vaakasauman-tuuletuskotelo\/#primaryimage"},"thumbnailUrl":"https:\/\/saumaustarvike.fi\/verkkokauppa\/wp-content\/uploads\/2015\/09\/Vaakasaumakotelo.jpg","datePublished":"2015-09-25T10:56:38+00:00","dateModified":"2026-03-17T12:19:59+00:00","description":"Julkisivuelementtien vaakasaumoihin asennettava sauman tausta\u2014 ja eristetilan tuuletukseen ja kosteuden poistamiseen.","breadcrumb":{"@id":"https:\/\/saumaustarvike.fi\/verkkokauppa\/kauppa\/tuotemerkit\/st-tool-tuotemerkit\/st-tool-tyokalut-ja-tarvikkeet\/vaakasauman-tuuletuskotelo\/#breadcrumb"},"inLanguage":"fi","potentialAction":[{"@type":"ReadAction","target":["https:\/\/saumaustarvike.fi\/verkkokauppa\/kauppa\/tuotemerkit\/st-tool-tuotemerkit\/st-tool-tyokalut-ja-tarvikkeet\/vaakasauman-tuuletuskotelo\/"]}]},{"@type":"ImageObject","inLanguage":"fi","@id":"https:\/\/saumaustarvike.fi\/verkkokauppa\/kauppa\/tuotemerkit\/st-tool-tuotemerkit\/st-tool-tyokalut-ja-tarvikkeet\/vaakasauman-tuuletuskotelo\/#primaryimage","url":"https:\/\/saumaustarvike.fi\/verkkokauppa\/wp-content\/uploads\/2015\/09\/Vaakasaumakotelo.jpg","contentUrl":"https:\/\/saumaustarvike.fi\/verkkokauppa\/wp-content\/uploads\/2015\/09\/Vaakasaumakotelo.jpg","width":1417,"height":1417},{"@type":"BreadcrumbList","@id":"https:\/\/saumaustarvike.fi\/verkkokauppa\/kauppa\/tuotemerkit\/st-tool-tuotemerkit\/st-tool-tyokalut-ja-tarvikkeet\/vaakasauman-tuuletuskotelo\/#breadcrumb","itemListElement":[{"@type":"ListItem","position":1,"name":"Home","item":"https:\/\/saumaustarvike.fi\/verkkokauppa\/"},{"@type":"ListItem","position":2,"name":"Saumausmassat, tarvikkeet ja ty\u00f6kalut","item":"https:\/\/saumaustarvike.fi\/verkkokauppa\/kauppa\/"},{"@type":"ListItem","position":3,"name":"ST-Tool Vaakasauman tuuletuskotelo"}]},{"@type":"WebSite","@id":"https:\/\/saumaustarvike.fi\/verkkokauppa\/#website","url":"https:\/\/saumaustarvike.fi\/verkkokauppa\/","name":"Saumaustarvike.fi","description":"Saumausmassat, tarvikkeet ja ty&ouml;kalut","publisher":{"@id":"https:\/\/saumaustarvike.fi\/verkkokauppa\/#organization"},"potentialAction":[{"@type":"SearchAction","target":{"@type":"EntryPoint","urlTemplate":"https:\/\/saumaustarvike.fi\/verkkokauppa\/?s={search_term_string}"},"query-input":{"@type":"PropertyValueSpecification","valueRequired":true,"valueName":"search_term_string"}}],"inLanguage":"fi"},{"@type":"Organization","@id":"https:\/\/saumaustarvike.fi\/verkkokauppa\/#organization","name":"Saumaustarvike.fi","url":"https:\/\/saumaustarvike.fi\/verkkokauppa\/","logo":{"@type":"ImageObject","inLanguage":"fi","@id":"https:\/\/saumaustarvike.fi\/verkkokauppa\/#\/schema\/logo\/image\/","url":"https:\/\/saumaustarvike.fi\/verkkokauppa\/wp-content\/uploads\/2019\/02\/logo.png","contentUrl":"https:\/\/saumaustarvike.fi\/verkkokauppa\/wp-content\/uploads\/2019\/02\/logo.png","width":806,"height":150,"caption":"Saumaustarvike.fi"},"image":{"@id":"https:\/\/saumaustarvike.fi\/verkkokauppa\/#\/schema\/logo\/image\/"},"sameAs":["https:\/\/www.facebook.com\/Saumalaakso"]}]}},"jetpack_sharing_enabled":true,"_links":{"self":[{"href":"https:\/\/saumaustarvike.fi\/verkkokauppa\/wp-json\/wp\/v2\/product\/7852","targetHints":{"allow":["GET"]}}],"collection":[{"href":"https:\/\/saumaustarvike.fi\/verkkokauppa\/wp-json\/wp\/v2\/product"}],"about":[{"href":"https:\/\/saumaustarvike.fi\/verkkokauppa\/wp-json\/wp\/v2\/types\/product"}],"replies":[{"embeddable":true,"href":"https:\/\/saumaustarvike.fi\/verkkokauppa\/wp-json\/wp\/v2\/comments?post=7852"}],"wp:featuredmedia":[{"embeddable":true,"href":"https:\/\/saumaustarvike.fi\/verkkokauppa\/wp-json\/wp\/v2\/media\/7859"}],"wp:attachment":[{"href":"https:\/\/saumaustarvike.fi\/verkkokauppa\/wp-json\/wp\/v2\/media?parent=7852"}],"wp:term":[{"taxonomy":"product_cat","embeddable":true,"href":"https:\/\/saumaustarvike.fi\/verkkokauppa\/wp-json\/wp\/v2\/product_cat?post=7852"},{"taxonomy":"product_tag","embeddable":true,"href":"https:\/\/saumaustarvike.fi\/verkkokauppa\/wp-json\/wp\/v2\/product_tag?post=7852"}],"curies":[{"name":"wp","href":"https:\/\/api.w.org\/{rel}","templated":true}]}}