{"id":7931,"date":"2015-09-30T22:31:55","date_gmt":"2015-09-30T19:31:55","guid":{"rendered":"https:\/\/saumaustarvike.fi\/verkkokauppa\/kauppa\/saumanauha-pohjanauha\/saumanauha-pohjanauha-16mm\/"},"modified":"2026-04-21T15:10:58","modified_gmt":"2026-04-21T12:10:58","slug":"nmc-nomatec-saumanauha-pohjataytenauha-6mm-60mm","status":"publish","type":"product","link":"https:\/\/saumaustarvike.fi\/verkkokauppa\/kauppa\/tuotemerkit\/nmc-tuotemerkit\/nmc-pohjataytenauhat\/nmc-nomatec-saumanauha-pohjataytenauha-6mm-60mm\/","title":{"rendered":"NMC Nomatec Saumanauha &#8211; Pohjat\u00e4ytenauha &#8211; Pohjanauha 6mm &#8211; 60mm"},"content":{"rendered":"<h1>NMC Nomatec Saumanauha &#8211; Pohjat\u00e4ytenauha 6mm &#8211; 60mm<\/h1>\n<h3>NMC Nomatec Saumanauha &#8211; Pohjat\u00e4ytenauha &#8211; Pohjanauha on kevytt\u00e4 ja helposti asennettavaa<\/h3>\n<p>Saumanauha &#8211; pohjat\u00e4ytenauha &#8211; Pohjanauha 6mm &#8211; 60mm. Saumanauhan avulla saadaan saumaan oikea massan paksuus ja muoto. Saumanauhamme on suljettu solukkoinen polyeteenisaumanauha ja t\u00e4ysin freonivapaa. Pohjanauha on kevytt\u00e4 ja helposti asennettavaa. Nauha on kimmoisaa ja muotoutuu helposti sauman mukaan muodostaen tiiviin ja sile\u00e4n asennuspohjan saumausmassalle.<\/p>\n<h3>K\u00e4ytt\u00f6kohteet<\/h3>\n<p>Saumanauha\u00a0soveltuu k\u00e4ytett\u00e4v\u00e4ksi l\u00e4hes kaikkien ns. kylm\u00e4levitteisten massatyyppien kanssa (esim. polyuretaani, silikoni, akryyli). Tyypillisi\u00e4 k\u00e4ytt\u00f6kohteita ovat elementtisaumat, ovi- ja ikkunakarmien saumat, paneeli- ja puulevyjen saumat sek\u00e4 liikuntasaumat.<\/p>\n<p>&nbsp;<\/p>\n<h3>Halkaisija \/ Pakkaus<\/h3>\n<table border=\"0\" cellspacing=\"0\">\n<colgroup width=\"85\"><\/colgroup>\n<colgroup width=\"149\"><\/colgroup>\n<colgroup span=\"2\" width=\"145\"><\/colgroup>\n<tbody>\n<tr>\n<td align=\"left\" height=\"17\">Halkaisija<\/td>\n<td align=\"left\">Pakkaus<\/td>\n<td align=\"left\">Pakkaus<\/td>\n<\/tr>\n<tr>\n<td align=\"left\" height=\"17\">6 mm<\/td>\n<td align=\"left\">1500 m F\u00a0(umpinainen)<\/td>\n<td align=\"left\"><\/td>\n<\/tr>\n<tr>\n<td align=\"left\" height=\"17\">8 mm<\/td>\n<td align=\"left\">900 m F\u00a0(umpinainen)<\/td>\n<td align=\"left\"><\/td>\n<\/tr>\n<tr>\n<td align=\"left\" height=\"17\">10 mm<\/td>\n<td align=\"left\">600 m F\u00a0(umpinainen)<\/td>\n<td align=\"left\">50 m F\u00a0(umpinainen)<\/td>\n<\/tr>\n<tr>\n<td align=\"left\" height=\"17\">13 mm<\/td>\n<td align=\"left\">400 m F\u00a0(umpinainen)<\/td>\n<td align=\"left\"><\/td>\n<\/tr>\n<tr>\n<td align=\"left\" height=\"17\">15 mm<\/td>\n<td align=\"left\">250 m F\u00a0(umpinainen)<\/td>\n<td align=\"left\">50 m H (reik\u00e4 keskell\u00e4<\/td>\n<\/tr>\n<tr>\n<td align=\"left\" height=\"17\">20 mm<\/td>\n<td align=\"left\">150 m F\u00a0(umpinainen)<\/td>\n<td align=\"left\">50 m H (reik\u00e4 keskell\u00e4<\/td>\n<\/tr>\n<tr>\n<td align=\"left\" height=\"17\">25 mm<\/td>\n<td align=\"left\">100 m F\u00a0(umpinainen)<\/td>\n<td align=\"left\">50 m H (reik\u00e4 keskell\u00e4<\/td>\n<\/tr>\n<tr>\n<td align=\"left\" height=\"17\">30 mm<\/td>\n<td align=\"left\">80 m H (reik\u00e4 keskell\u00e4)<\/td>\n<td align=\"left\"><\/td>\n<\/tr>\n<tr>\n<td align=\"left\" height=\"17\">35 mm<\/td>\n<td align=\"left\">180 m H (reik\u00e4 keskell\u00e4)<\/td>\n<td align=\"left\"><\/td>\n<td align=\"left\">1 jm H\u00a0(reik\u00e4 keskell\u00e4)<\/td>\n<\/tr>\n<tr>\n<td align=\"left\" height=\"17\">40 mm<\/td>\n<td align=\"left\">120 m H (reik\u00e4 keskell\u00e4)<\/td>\n<td align=\"left\"><\/td>\n<td align=\"left\">1 jm H\u00a0(reik\u00e4 keskell\u00e4)<\/td>\n<\/tr>\n<tr>\n<td align=\"left\" height=\"17\">50 mm<\/td>\n<td align=\"left\">90 m H (reik\u00e4 keskell\u00e4)<\/td>\n<td align=\"left\"><\/td>\n<td align=\"left\">1 jm H\u00a0(reik\u00e4 keskell\u00e4)<\/td>\n<\/tr>\n<tr>\n<td align=\"left\" height=\"17\">60 mm<\/td>\n<td align=\"left\">126 m F\u00a0(umpinainen)<\/td>\n<td align=\"left\"><\/td>\n<td align=\"left\">1 jm F\u00a0(umpinainen)<\/td>\n<\/tr>\n<\/tbody>\n<\/table>\n<p>&nbsp;<\/p>\n<h3><\/h3>\n","protected":false},"excerpt":{"rendered":"<p>NMC Nomatec saumanauha &#8211; pohjat\u00e4ytenauha.Saumanauhan avulla saadaan saumaan oikea massan paksuus ja muoto. Saumanauhamme on suljettu solukkoinen polyeteenisaumanauha ja t\u00e4ysin freonivapaa. Pohjanauha on kevytt\u00e4 ja helposti asennettavaa. Nauha on kimmoisaa ja muotoutuu helposti sauman mukaan muodostaen tiiviin ja sile\u00e4n asennuspohjan saumausmassalle.<\/p>\n","protected":false},"featured_media":12326,"comment_status":"open","ping_status":"closed","template":"","meta":{"_acf_changed":false},"product_cat":[2144,1551,1577,1575],"product_tag":[1096,703,706,124,1095,1184,1097,83,1660,704,170,82],"class_list":{"0":"post-7931","1":"product","2":"type-product","3":"status-publish","4":"has-post-thumbnail","6":"product_brand-nmc","7":"product_cat-nmc-pohjataytenauhat","8":"product_cat-saumanauhat-pohjanauhat","9":"product_cat-saumaustarvikkeet","10":"product_cat-saumojen-tasoitus-ja-silitys-saumaus-ja-silitystikut","11":"product_tag-cellfoam","12":"product_tag-elementtinauha","13":"product_tag-elementtipohjanauha","14":"product_tag-nauha","15":"product_tag-nmc","16":"product_tag-nomatec","17":"product_tag-pe-nauha","18":"product_tag-pohjanauha","19":"product_tag-pohjataytenauha","20":"product_tag-polyeteeni","21":"product_tag-polyeteeninauha","22":"product_tag-saumanauha","23":"pa_halkaisija-10mm","24":"pa_halkaisija-13mm","25":"pa_halkaisija-15mm","26":"pa_halkaisija-20mm","27":"pa_halkaisija-25mm","28":"pa_halkaisija-30mm","29":"pa_halkaisija-35mm","30":"pa_halkaisija-40mm","31":"pa_halkaisija-50mm","32":"pa_halkaisija-60mm","33":"pa_halkaisija-6mm","34":"pa_halkaisija-8mm","35":"pa_maara-100m","36":"pa_maara-120m","37":"pa_maara-126m","38":"pa_maara-1500m","39":"pa_maara-150m","40":"pa_maara-180m","41":"pa_maara-1m","42":"pa_maara-250m","43":"pa_maara-400m","44":"pa_maara-50m","45":"pa_maara-600m","46":"pa_maara-80m","47":"pa_maara-900m","48":"pa_maara-90m","50":"first","51":"onbackorder","52":"taxable","53":"shipping-taxable","54":"purchasable","55":"product-type-variable"},"acf":[],"yoast_head":"<!-- This site is optimized with the Yoast SEO plugin v27.3 - https:\/\/yoast.com\/product\/yoast-seo-wordpress\/ -->\n<title>NMC Nomatec Saumanauha - Pohjat\u00e4ytenauha - Pohjanauha 6mm - 60mm - Saumaustarvike.fi<\/title>\n<meta name=\"robots\" content=\"index, follow, max-snippet:-1, max-image-preview:large, max-video-preview:-1\" \/>\n<link rel=\"canonical\" href=\"https:\/\/saumaustarvike.fi\/verkkokauppa\/kauppa\/tuotemerkit\/nmc-tuotemerkit\/nmc-pohjataytenauhat\/nmc-nomatec-saumanauha-pohjataytenauha-6mm-60mm\/\" \/>\n<meta property=\"og:locale\" content=\"fi_FI\" \/>\n<meta property=\"og:type\" content=\"article\" \/>\n<meta property=\"og:title\" content=\"NMC Nomatec Saumanauha - Pohjat\u00e4ytenauha - Pohjanauha 6mm - 60mm - Saumaustarvike.fi\" \/>\n<meta property=\"og:description\" content=\"NMC Nomatec saumanauha - pohjat\u00e4ytenauha.Saumanauhan avulla saadaan saumaan oikea massan paksuus ja muoto. Saumanauhamme on suljettu solukkoinen polyeteenisaumanauha ja t\u00e4ysin freonivapaa. Pohjanauha on kevytt\u00e4 ja helposti asennettavaa. Nauha on kimmoisaa ja muotoutuu helposti sauman mukaan muodostaen tiiviin ja sile\u00e4n asennuspohjan saumausmassalle.\" \/>\n<meta property=\"og:url\" content=\"https:\/\/saumaustarvike.fi\/verkkokauppa\/kauppa\/tuotemerkit\/nmc-tuotemerkit\/nmc-pohjataytenauhat\/nmc-nomatec-saumanauha-pohjataytenauha-6mm-60mm\/\" \/>\n<meta property=\"og:site_name\" content=\"Saumaustarvike.fi\" \/>\n<meta property=\"article:publisher\" content=\"https:\/\/www.facebook.com\/Saumalaakso\" \/>\n<meta property=\"article:modified_time\" content=\"2026-04-21T12:10:58+00:00\" \/>\n<meta property=\"og:image\" content=\"https:\/\/saumaustarvike.fi\/verkkokauppa\/wp-content\/uploads\/2015\/09\/Saumanauha-pohjanauha.jpg\" \/>\n\t<meta property=\"og:image:width\" content=\"1000\" \/>\n\t<meta property=\"og:image:height\" content=\"1000\" \/>\n\t<meta property=\"og:image:type\" content=\"image\/jpeg\" \/>\n<meta name=\"twitter:label1\" content=\"Arvioitu lukuaika\" \/>\n\t<meta name=\"twitter:data1\" content=\"2 minuuttia\" \/>\n<script type=\"application\/ld+json\" class=\"yoast-schema-graph\">{\"@context\":\"https:\\\/\\\/schema.org\",\"@graph\":[{\"@type\":\"WebPage\",\"@id\":\"https:\\\/\\\/saumaustarvike.fi\\\/verkkokauppa\\\/kauppa\\\/tuotemerkit\\\/nmc-tuotemerkit\\\/nmc-pohjataytenauhat\\\/nmc-nomatec-saumanauha-pohjataytenauha-6mm-60mm\\\/\",\"url\":\"https:\\\/\\\/saumaustarvike.fi\\\/verkkokauppa\\\/kauppa\\\/tuotemerkit\\\/nmc-tuotemerkit\\\/nmc-pohjataytenauhat\\\/nmc-nomatec-saumanauha-pohjataytenauha-6mm-60mm\\\/\",\"name\":\"NMC Nomatec Saumanauha - Pohjat\u00e4ytenauha - Pohjanauha 6mm - 60mm - Saumaustarvike.fi\",\"isPartOf\":{\"@id\":\"https:\\\/\\\/saumaustarvike.fi\\\/verkkokauppa\\\/#website\"},\"primaryImageOfPage\":{\"@id\":\"https:\\\/\\\/saumaustarvike.fi\\\/verkkokauppa\\\/kauppa\\\/tuotemerkit\\\/nmc-tuotemerkit\\\/nmc-pohjataytenauhat\\\/nmc-nomatec-saumanauha-pohjataytenauha-6mm-60mm\\\/#primaryimage\"},\"image\":{\"@id\":\"https:\\\/\\\/saumaustarvike.fi\\\/verkkokauppa\\\/kauppa\\\/tuotemerkit\\\/nmc-tuotemerkit\\\/nmc-pohjataytenauhat\\\/nmc-nomatec-saumanauha-pohjataytenauha-6mm-60mm\\\/#primaryimage\"},\"thumbnailUrl\":\"https:\\\/\\\/saumaustarvike.fi\\\/verkkokauppa\\\/wp-content\\\/uploads\\\/2015\\\/09\\\/Saumanauha-pohjanauha.jpg\",\"datePublished\":\"2015-09-30T19:31:55+00:00\",\"dateModified\":\"2026-04-21T12:10:58+00:00\",\"breadcrumb\":{\"@id\":\"https:\\\/\\\/saumaustarvike.fi\\\/verkkokauppa\\\/kauppa\\\/tuotemerkit\\\/nmc-tuotemerkit\\\/nmc-pohjataytenauhat\\\/nmc-nomatec-saumanauha-pohjataytenauha-6mm-60mm\\\/#breadcrumb\"},\"inLanguage\":\"fi\",\"potentialAction\":[{\"@type\":\"ReadAction\",\"target\":[\"https:\\\/\\\/saumaustarvike.fi\\\/verkkokauppa\\\/kauppa\\\/tuotemerkit\\\/nmc-tuotemerkit\\\/nmc-pohjataytenauhat\\\/nmc-nomatec-saumanauha-pohjataytenauha-6mm-60mm\\\/\"]}]},{\"@type\":\"ImageObject\",\"inLanguage\":\"fi\",\"@id\":\"https:\\\/\\\/saumaustarvike.fi\\\/verkkokauppa\\\/kauppa\\\/tuotemerkit\\\/nmc-tuotemerkit\\\/nmc-pohjataytenauhat\\\/nmc-nomatec-saumanauha-pohjataytenauha-6mm-60mm\\\/#primaryimage\",\"url\":\"https:\\\/\\\/saumaustarvike.fi\\\/verkkokauppa\\\/wp-content\\\/uploads\\\/2015\\\/09\\\/Saumanauha-pohjanauha.jpg\",\"contentUrl\":\"https:\\\/\\\/saumaustarvike.fi\\\/verkkokauppa\\\/wp-content\\\/uploads\\\/2015\\\/09\\\/Saumanauha-pohjanauha.jpg\",\"width\":1000,\"height\":1000},{\"@type\":\"BreadcrumbList\",\"@id\":\"https:\\\/\\\/saumaustarvike.fi\\\/verkkokauppa\\\/kauppa\\\/tuotemerkit\\\/nmc-tuotemerkit\\\/nmc-pohjataytenauhat\\\/nmc-nomatec-saumanauha-pohjataytenauha-6mm-60mm\\\/#breadcrumb\",\"itemListElement\":[{\"@type\":\"ListItem\",\"position\":1,\"name\":\"Home\",\"item\":\"https:\\\/\\\/saumaustarvike.fi\\\/verkkokauppa\\\/\"},{\"@type\":\"ListItem\",\"position\":2,\"name\":\"Saumausmassat, tarvikkeet ja ty\u00f6kalut\",\"item\":\"https:\\\/\\\/saumaustarvike.fi\\\/verkkokauppa\\\/kauppa\\\/\"},{\"@type\":\"ListItem\",\"position\":3,\"name\":\"NMC Nomatec Saumanauha &#8211; Pohjat\u00e4ytenauha &#8211; Pohjanauha 6mm &#8211; 60mm\"}]},{\"@type\":\"WebSite\",\"@id\":\"https:\\\/\\\/saumaustarvike.fi\\\/verkkokauppa\\\/#website\",\"url\":\"https:\\\/\\\/saumaustarvike.fi\\\/verkkokauppa\\\/\",\"name\":\"Saumaustarvike.fi\",\"description\":\"Saumausmassat, tarvikkeet ja ty&ouml;kalut\",\"publisher\":{\"@id\":\"https:\\\/\\\/saumaustarvike.fi\\\/verkkokauppa\\\/#organization\"},\"potentialAction\":[{\"@type\":\"SearchAction\",\"target\":{\"@type\":\"EntryPoint\",\"urlTemplate\":\"https:\\\/\\\/saumaustarvike.fi\\\/verkkokauppa\\\/?s={search_term_string}\"},\"query-input\":{\"@type\":\"PropertyValueSpecification\",\"valueRequired\":true,\"valueName\":\"search_term_string\"}}],\"inLanguage\":\"fi\"},{\"@type\":\"Organization\",\"@id\":\"https:\\\/\\\/saumaustarvike.fi\\\/verkkokauppa\\\/#organization\",\"name\":\"Saumaustarvike.fi\",\"url\":\"https:\\\/\\\/saumaustarvike.fi\\\/verkkokauppa\\\/\",\"logo\":{\"@type\":\"ImageObject\",\"inLanguage\":\"fi\",\"@id\":\"https:\\\/\\\/saumaustarvike.fi\\\/verkkokauppa\\\/#\\\/schema\\\/logo\\\/image\\\/\",\"url\":\"https:\\\/\\\/saumaustarvike.fi\\\/verkkokauppa\\\/wp-content\\\/uploads\\\/2019\\\/02\\\/logo.png\",\"contentUrl\":\"https:\\\/\\\/saumaustarvike.fi\\\/verkkokauppa\\\/wp-content\\\/uploads\\\/2019\\\/02\\\/logo.png\",\"width\":806,\"height\":150,\"caption\":\"Saumaustarvike.fi\"},\"image\":{\"@id\":\"https:\\\/\\\/saumaustarvike.fi\\\/verkkokauppa\\\/#\\\/schema\\\/logo\\\/image\\\/\"},\"sameAs\":[\"https:\\\/\\\/www.facebook.com\\\/Saumalaakso\"]}]}<\/script>\n<!-- \/ Yoast SEO plugin. -->","yoast_head_json":{"title":"NMC Nomatec Saumanauha - Pohjat\u00e4ytenauha - Pohjanauha 6mm - 60mm - Saumaustarvike.fi","robots":{"index":"index","follow":"follow","max-snippet":"max-snippet:-1","max-image-preview":"max-image-preview:large","max-video-preview":"max-video-preview:-1"},"canonical":"https:\/\/saumaustarvike.fi\/verkkokauppa\/kauppa\/tuotemerkit\/nmc-tuotemerkit\/nmc-pohjataytenauhat\/nmc-nomatec-saumanauha-pohjataytenauha-6mm-60mm\/","og_locale":"fi_FI","og_type":"article","og_title":"NMC Nomatec Saumanauha - Pohjat\u00e4ytenauha - Pohjanauha 6mm - 60mm - Saumaustarvike.fi","og_description":"NMC Nomatec saumanauha - pohjat\u00e4ytenauha.Saumanauhan avulla saadaan saumaan oikea massan paksuus ja muoto. Saumanauhamme on suljettu solukkoinen polyeteenisaumanauha ja t\u00e4ysin freonivapaa. Pohjanauha on kevytt\u00e4 ja helposti asennettavaa. Nauha on kimmoisaa ja muotoutuu helposti sauman mukaan muodostaen tiiviin ja sile\u00e4n asennuspohjan saumausmassalle.","og_url":"https:\/\/saumaustarvike.fi\/verkkokauppa\/kauppa\/tuotemerkit\/nmc-tuotemerkit\/nmc-pohjataytenauhat\/nmc-nomatec-saumanauha-pohjataytenauha-6mm-60mm\/","og_site_name":"Saumaustarvike.fi","article_publisher":"https:\/\/www.facebook.com\/Saumalaakso","article_modified_time":"2026-04-21T12:10:58+00:00","og_image":[{"width":1000,"height":1000,"url":"https:\/\/saumaustarvike.fi\/verkkokauppa\/wp-content\/uploads\/2015\/09\/Saumanauha-pohjanauha.jpg","type":"image\/jpeg"}],"twitter_misc":{"Arvioitu lukuaika":"2 minuuttia"},"schema":{"@context":"https:\/\/schema.org","@graph":[{"@type":"WebPage","@id":"https:\/\/saumaustarvike.fi\/verkkokauppa\/kauppa\/tuotemerkit\/nmc-tuotemerkit\/nmc-pohjataytenauhat\/nmc-nomatec-saumanauha-pohjataytenauha-6mm-60mm\/","url":"https:\/\/saumaustarvike.fi\/verkkokauppa\/kauppa\/tuotemerkit\/nmc-tuotemerkit\/nmc-pohjataytenauhat\/nmc-nomatec-saumanauha-pohjataytenauha-6mm-60mm\/","name":"NMC Nomatec Saumanauha - Pohjat\u00e4ytenauha - Pohjanauha 6mm - 60mm - Saumaustarvike.fi","isPartOf":{"@id":"https:\/\/saumaustarvike.fi\/verkkokauppa\/#website"},"primaryImageOfPage":{"@id":"https:\/\/saumaustarvike.fi\/verkkokauppa\/kauppa\/tuotemerkit\/nmc-tuotemerkit\/nmc-pohjataytenauhat\/nmc-nomatec-saumanauha-pohjataytenauha-6mm-60mm\/#primaryimage"},"image":{"@id":"https:\/\/saumaustarvike.fi\/verkkokauppa\/kauppa\/tuotemerkit\/nmc-tuotemerkit\/nmc-pohjataytenauhat\/nmc-nomatec-saumanauha-pohjataytenauha-6mm-60mm\/#primaryimage"},"thumbnailUrl":"https:\/\/saumaustarvike.fi\/verkkokauppa\/wp-content\/uploads\/2015\/09\/Saumanauha-pohjanauha.jpg","datePublished":"2015-09-30T19:31:55+00:00","dateModified":"2026-04-21T12:10:58+00:00","breadcrumb":{"@id":"https:\/\/saumaustarvike.fi\/verkkokauppa\/kauppa\/tuotemerkit\/nmc-tuotemerkit\/nmc-pohjataytenauhat\/nmc-nomatec-saumanauha-pohjataytenauha-6mm-60mm\/#breadcrumb"},"inLanguage":"fi","potentialAction":[{"@type":"ReadAction","target":["https:\/\/saumaustarvike.fi\/verkkokauppa\/kauppa\/tuotemerkit\/nmc-tuotemerkit\/nmc-pohjataytenauhat\/nmc-nomatec-saumanauha-pohjataytenauha-6mm-60mm\/"]}]},{"@type":"ImageObject","inLanguage":"fi","@id":"https:\/\/saumaustarvike.fi\/verkkokauppa\/kauppa\/tuotemerkit\/nmc-tuotemerkit\/nmc-pohjataytenauhat\/nmc-nomatec-saumanauha-pohjataytenauha-6mm-60mm\/#primaryimage","url":"https:\/\/saumaustarvike.fi\/verkkokauppa\/wp-content\/uploads\/2015\/09\/Saumanauha-pohjanauha.jpg","contentUrl":"https:\/\/saumaustarvike.fi\/verkkokauppa\/wp-content\/uploads\/2015\/09\/Saumanauha-pohjanauha.jpg","width":1000,"height":1000},{"@type":"BreadcrumbList","@id":"https:\/\/saumaustarvike.fi\/verkkokauppa\/kauppa\/tuotemerkit\/nmc-tuotemerkit\/nmc-pohjataytenauhat\/nmc-nomatec-saumanauha-pohjataytenauha-6mm-60mm\/#breadcrumb","itemListElement":[{"@type":"ListItem","position":1,"name":"Home","item":"https:\/\/saumaustarvike.fi\/verkkokauppa\/"},{"@type":"ListItem","position":2,"name":"Saumausmassat, tarvikkeet ja ty\u00f6kalut","item":"https:\/\/saumaustarvike.fi\/verkkokauppa\/kauppa\/"},{"@type":"ListItem","position":3,"name":"NMC Nomatec Saumanauha &#8211; Pohjat\u00e4ytenauha &#8211; Pohjanauha 6mm &#8211; 60mm"}]},{"@type":"WebSite","@id":"https:\/\/saumaustarvike.fi\/verkkokauppa\/#website","url":"https:\/\/saumaustarvike.fi\/verkkokauppa\/","name":"Saumaustarvike.fi","description":"Saumausmassat, tarvikkeet ja ty&ouml;kalut","publisher":{"@id":"https:\/\/saumaustarvike.fi\/verkkokauppa\/#organization"},"potentialAction":[{"@type":"SearchAction","target":{"@type":"EntryPoint","urlTemplate":"https:\/\/saumaustarvike.fi\/verkkokauppa\/?s={search_term_string}"},"query-input":{"@type":"PropertyValueSpecification","valueRequired":true,"valueName":"search_term_string"}}],"inLanguage":"fi"},{"@type":"Organization","@id":"https:\/\/saumaustarvike.fi\/verkkokauppa\/#organization","name":"Saumaustarvike.fi","url":"https:\/\/saumaustarvike.fi\/verkkokauppa\/","logo":{"@type":"ImageObject","inLanguage":"fi","@id":"https:\/\/saumaustarvike.fi\/verkkokauppa\/#\/schema\/logo\/image\/","url":"https:\/\/saumaustarvike.fi\/verkkokauppa\/wp-content\/uploads\/2019\/02\/logo.png","contentUrl":"https:\/\/saumaustarvike.fi\/verkkokauppa\/wp-content\/uploads\/2019\/02\/logo.png","width":806,"height":150,"caption":"Saumaustarvike.fi"},"image":{"@id":"https:\/\/saumaustarvike.fi\/verkkokauppa\/#\/schema\/logo\/image\/"},"sameAs":["https:\/\/www.facebook.com\/Saumalaakso"]}]}},"jetpack_sharing_enabled":true,"_links":{"self":[{"href":"https:\/\/saumaustarvike.fi\/verkkokauppa\/wp-json\/wp\/v2\/product\/7931","targetHints":{"allow":["GET"]}}],"collection":[{"href":"https:\/\/saumaustarvike.fi\/verkkokauppa\/wp-json\/wp\/v2\/product"}],"about":[{"href":"https:\/\/saumaustarvike.fi\/verkkokauppa\/wp-json\/wp\/v2\/types\/product"}],"replies":[{"embeddable":true,"href":"https:\/\/saumaustarvike.fi\/verkkokauppa\/wp-json\/wp\/v2\/comments?post=7931"}],"wp:featuredmedia":[{"embeddable":true,"href":"https:\/\/saumaustarvike.fi\/verkkokauppa\/wp-json\/wp\/v2\/media\/12326"}],"wp:attachment":[{"href":"https:\/\/saumaustarvike.fi\/verkkokauppa\/wp-json\/wp\/v2\/media?parent=7931"}],"wp:term":[{"taxonomy":"product_cat","embeddable":true,"href":"https:\/\/saumaustarvike.fi\/verkkokauppa\/wp-json\/wp\/v2\/product_cat?post=7931"},{"taxonomy":"product_tag","embeddable":true,"href":"https:\/\/saumaustarvike.fi\/verkkokauppa\/wp-json\/wp\/v2\/product_tag?post=7931"}],"curies":[{"name":"wp","href":"https:\/\/api.w.org\/{rel}","templated":true}]}}