{"id":7940,"date":"2015-10-01T12:10:41","date_gmt":"2015-10-01T09:10:41","guid":{"rendered":"https:\/\/saumaustarvike.fi\/verkkokauppa\/kauppa\/suojavalineet\/hiukkassuodatin-scott-pf-10-p3\/"},"modified":"2024-09-02T10:48:07","modified_gmt":"2024-09-02T07:48:07","slug":"hiukkassuodatin-scott-pf-10-p3","status":"publish","type":"product","link":"https:\/\/saumaustarvike.fi\/verkkokauppa\/kauppa\/tuotemerkit\/scott-safety-tuotemerkit\/scott-suodattimet\/hiukkassuodatin-scott-pf-10-p3\/","title":{"rendered":"Hiukkassuodatin Scott PF 10 P3"},"content":{"rendered":"<h1>Hiukkassuodatin Scott PF 10 P3<\/h1>\n<p>Suojaa kaikentyyppisilt\u00e4 hiukkasilta (p\u00f6ly, savu, sumu, aerosoli, asbesti), my\u00f6s bakteereilta, viruksilta ja radioaktiivisilta p\u00e4\u00e4st\u00f6ilt\u00e4.<\/p>\n<p>Sopii Scott Autoflow ja Proflow puhallinsuojaimiin sek\u00e4 kokonaamareihin, joissa on vakiokierre.<\/p>\n<p>Normaalikierre EN 148-1.<\/p>\n","protected":false},"excerpt":{"rendered":"<p>Suojaa kaikentyyppisilt\u00e4 hiukkasilta (p\u00f6ly, savu, sumu, aerosoli, asbesti), my\u00f6s bakteereilta, viruksilta ja radioaktiivisilta p\u00e4\u00e4st\u00f6ilt\u00e4.<\/p>\n","protected":false},"featured_media":7941,"comment_status":"open","ping_status":"closed","template":"","meta":{"_acf_changed":false},"product_cat":[1574,2150],"product_tag":[940,492,610,203,613,614,491,494,612],"class_list":{"0":"post-7940","1":"product","2":"type-product","3":"status-publish","4":"has-post-thumbnail","6":"product_brand-scott-safety","7":"product_cat-kuulo-hengitys-silma-ym-suojaimet-ja-kyparat","8":"product_cat-scott-suodattimet","9":"product_tag-asbesti","10":"product_tag-autoflow","11":"product_tag-hiukkassuodatin","12":"product_tag-moottorimaski","13":"product_tag-radioaktiivinen","14":"product_tag-sateily","15":"product_tag-scott","16":"product_tag-suodatin","17":"product_tag-virus","19":"first","20":"instock","21":"taxable","22":"shipping-taxable","23":"purchasable","24":"product-type-simple"},"acf":[],"yoast_head":"<!-- This site is optimized with the Yoast SEO plugin v27.3 - https:\/\/yoast.com\/product\/yoast-seo-wordpress\/ -->\n<title>Hiukkassuodatin Scott PF 10 P3 - Saumaustarvike.fi<\/title>\n<meta name=\"robots\" content=\"index, follow, max-snippet:-1, max-image-preview:large, max-video-preview:-1\" \/>\n<link rel=\"canonical\" href=\"https:\/\/saumaustarvike.fi\/verkkokauppa\/kauppa\/tuotemerkit\/scott-safety-tuotemerkit\/scott-suodattimet\/hiukkassuodatin-scott-pf-10-p3\/\" \/>\n<meta property=\"og:locale\" content=\"fi_FI\" \/>\n<meta property=\"og:type\" content=\"article\" \/>\n<meta property=\"og:title\" content=\"Hiukkassuodatin Scott PF 10 P3 - Saumaustarvike.fi\" \/>\n<meta property=\"og:description\" content=\"Suojaa kaikentyyppisilt\u00e4 hiukkasilta (p\u00f6ly, savu, sumu, aerosoli, asbesti), my\u00f6s bakteereilta, viruksilta ja radioaktiivisilta p\u00e4\u00e4st\u00f6ilt\u00e4.\" \/>\n<meta property=\"og:url\" content=\"https:\/\/saumaustarvike.fi\/verkkokauppa\/kauppa\/tuotemerkit\/scott-safety-tuotemerkit\/scott-suodattimet\/hiukkassuodatin-scott-pf-10-p3\/\" \/>\n<meta property=\"og:site_name\" content=\"Saumaustarvike.fi\" \/>\n<meta property=\"article:publisher\" content=\"https:\/\/www.facebook.com\/Saumalaakso\" \/>\n<meta property=\"article:modified_time\" content=\"2024-09-02T07:48:07+00:00\" \/>\n<meta property=\"og:image\" content=\"https:\/\/saumaustarvike.fi\/verkkokauppa\/content\/uploads\/2015\/10\/Hiukkassuodatin-Scott-PF-10-P3.jpg\" \/>\n\t<meta property=\"og:image:width\" content=\"440\" \/>\n\t<meta property=\"og:image:height\" content=\"431\" \/>\n\t<meta property=\"og:image:type\" content=\"image\/jpeg\" \/>\n<script type=\"application\/ld+json\" class=\"yoast-schema-graph\">{\"@context\":\"https:\\\/\\\/schema.org\",\"@graph\":[{\"@type\":\"WebPage\",\"@id\":\"https:\\\/\\\/saumaustarvike.fi\\\/verkkokauppa\\\/kauppa\\\/tuotemerkit\\\/scott-safety-tuotemerkit\\\/scott-suodattimet\\\/hiukkassuodatin-scott-pf-10-p3\\\/\",\"url\":\"https:\\\/\\\/saumaustarvike.fi\\\/verkkokauppa\\\/kauppa\\\/tuotemerkit\\\/scott-safety-tuotemerkit\\\/scott-suodattimet\\\/hiukkassuodatin-scott-pf-10-p3\\\/\",\"name\":\"Hiukkassuodatin Scott PF 10 P3 - Saumaustarvike.fi\",\"isPartOf\":{\"@id\":\"https:\\\/\\\/saumaustarvike.fi\\\/verkkokauppa\\\/#website\"},\"primaryImageOfPage\":{\"@id\":\"https:\\\/\\\/saumaustarvike.fi\\\/verkkokauppa\\\/kauppa\\\/tuotemerkit\\\/scott-safety-tuotemerkit\\\/scott-suodattimet\\\/hiukkassuodatin-scott-pf-10-p3\\\/#primaryimage\"},\"image\":{\"@id\":\"https:\\\/\\\/saumaustarvike.fi\\\/verkkokauppa\\\/kauppa\\\/tuotemerkit\\\/scott-safety-tuotemerkit\\\/scott-suodattimet\\\/hiukkassuodatin-scott-pf-10-p3\\\/#primaryimage\"},\"thumbnailUrl\":\"https:\\\/\\\/saumaustarvike.fi\\\/verkkokauppa\\\/wp-content\\\/uploads\\\/2015\\\/10\\\/Hiukkassuodatin-Scott-PF-10-P3.jpg\",\"datePublished\":\"2015-10-01T09:10:41+00:00\",\"dateModified\":\"2024-09-02T07:48:07+00:00\",\"breadcrumb\":{\"@id\":\"https:\\\/\\\/saumaustarvike.fi\\\/verkkokauppa\\\/kauppa\\\/tuotemerkit\\\/scott-safety-tuotemerkit\\\/scott-suodattimet\\\/hiukkassuodatin-scott-pf-10-p3\\\/#breadcrumb\"},\"inLanguage\":\"fi\",\"potentialAction\":[{\"@type\":\"ReadAction\",\"target\":[\"https:\\\/\\\/saumaustarvike.fi\\\/verkkokauppa\\\/kauppa\\\/tuotemerkit\\\/scott-safety-tuotemerkit\\\/scott-suodattimet\\\/hiukkassuodatin-scott-pf-10-p3\\\/\"]}]},{\"@type\":\"ImageObject\",\"inLanguage\":\"fi\",\"@id\":\"https:\\\/\\\/saumaustarvike.fi\\\/verkkokauppa\\\/kauppa\\\/tuotemerkit\\\/scott-safety-tuotemerkit\\\/scott-suodattimet\\\/hiukkassuodatin-scott-pf-10-p3\\\/#primaryimage\",\"url\":\"https:\\\/\\\/saumaustarvike.fi\\\/verkkokauppa\\\/wp-content\\\/uploads\\\/2015\\\/10\\\/Hiukkassuodatin-Scott-PF-10-P3.jpg\",\"contentUrl\":\"https:\\\/\\\/saumaustarvike.fi\\\/verkkokauppa\\\/wp-content\\\/uploads\\\/2015\\\/10\\\/Hiukkassuodatin-Scott-PF-10-P3.jpg\",\"width\":440,\"height\":431},{\"@type\":\"BreadcrumbList\",\"@id\":\"https:\\\/\\\/saumaustarvike.fi\\\/verkkokauppa\\\/kauppa\\\/tuotemerkit\\\/scott-safety-tuotemerkit\\\/scott-suodattimet\\\/hiukkassuodatin-scott-pf-10-p3\\\/#breadcrumb\",\"itemListElement\":[{\"@type\":\"ListItem\",\"position\":1,\"name\":\"Home\",\"item\":\"https:\\\/\\\/saumaustarvike.fi\\\/verkkokauppa\\\/\"},{\"@type\":\"ListItem\",\"position\":2,\"name\":\"Saumausmassat, tarvikkeet ja ty\u00f6kalut\",\"item\":\"https:\\\/\\\/saumaustarvike.fi\\\/verkkokauppa\\\/kauppa\\\/\"},{\"@type\":\"ListItem\",\"position\":3,\"name\":\"Hiukkassuodatin Scott PF 10 P3\"}]},{\"@type\":\"WebSite\",\"@id\":\"https:\\\/\\\/saumaustarvike.fi\\\/verkkokauppa\\\/#website\",\"url\":\"https:\\\/\\\/saumaustarvike.fi\\\/verkkokauppa\\\/\",\"name\":\"Saumaustarvike.fi\",\"description\":\"Saumausmassat, tarvikkeet ja ty&ouml;kalut\",\"publisher\":{\"@id\":\"https:\\\/\\\/saumaustarvike.fi\\\/verkkokauppa\\\/#organization\"},\"potentialAction\":[{\"@type\":\"SearchAction\",\"target\":{\"@type\":\"EntryPoint\",\"urlTemplate\":\"https:\\\/\\\/saumaustarvike.fi\\\/verkkokauppa\\\/?s={search_term_string}\"},\"query-input\":{\"@type\":\"PropertyValueSpecification\",\"valueRequired\":true,\"valueName\":\"search_term_string\"}}],\"inLanguage\":\"fi\"},{\"@type\":\"Organization\",\"@id\":\"https:\\\/\\\/saumaustarvike.fi\\\/verkkokauppa\\\/#organization\",\"name\":\"Saumaustarvike.fi\",\"url\":\"https:\\\/\\\/saumaustarvike.fi\\\/verkkokauppa\\\/\",\"logo\":{\"@type\":\"ImageObject\",\"inLanguage\":\"fi\",\"@id\":\"https:\\\/\\\/saumaustarvike.fi\\\/verkkokauppa\\\/#\\\/schema\\\/logo\\\/image\\\/\",\"url\":\"https:\\\/\\\/saumaustarvike.fi\\\/verkkokauppa\\\/wp-content\\\/uploads\\\/2019\\\/02\\\/logo.png\",\"contentUrl\":\"https:\\\/\\\/saumaustarvike.fi\\\/verkkokauppa\\\/wp-content\\\/uploads\\\/2019\\\/02\\\/logo.png\",\"width\":806,\"height\":150,\"caption\":\"Saumaustarvike.fi\"},\"image\":{\"@id\":\"https:\\\/\\\/saumaustarvike.fi\\\/verkkokauppa\\\/#\\\/schema\\\/logo\\\/image\\\/\"},\"sameAs\":[\"https:\\\/\\\/www.facebook.com\\\/Saumalaakso\"]}]}<\/script>\n<!-- \/ Yoast SEO plugin. -->","yoast_head_json":{"title":"Hiukkassuodatin Scott PF 10 P3 - Saumaustarvike.fi","robots":{"index":"index","follow":"follow","max-snippet":"max-snippet:-1","max-image-preview":"max-image-preview:large","max-video-preview":"max-video-preview:-1"},"canonical":"https:\/\/saumaustarvike.fi\/verkkokauppa\/kauppa\/tuotemerkit\/scott-safety-tuotemerkit\/scott-suodattimet\/hiukkassuodatin-scott-pf-10-p3\/","og_locale":"fi_FI","og_type":"article","og_title":"Hiukkassuodatin Scott PF 10 P3 - Saumaustarvike.fi","og_description":"Suojaa kaikentyyppisilt\u00e4 hiukkasilta (p\u00f6ly, savu, sumu, aerosoli, asbesti), my\u00f6s bakteereilta, viruksilta ja radioaktiivisilta p\u00e4\u00e4st\u00f6ilt\u00e4.","og_url":"https:\/\/saumaustarvike.fi\/verkkokauppa\/kauppa\/tuotemerkit\/scott-safety-tuotemerkit\/scott-suodattimet\/hiukkassuodatin-scott-pf-10-p3\/","og_site_name":"Saumaustarvike.fi","article_publisher":"https:\/\/www.facebook.com\/Saumalaakso","article_modified_time":"2024-09-02T07:48:07+00:00","og_image":[{"width":440,"height":431,"url":"https:\/\/saumaustarvike.fi\/verkkokauppa\/content\/uploads\/2015\/10\/Hiukkassuodatin-Scott-PF-10-P3.jpg","type":"image\/jpeg"}],"schema":{"@context":"https:\/\/schema.org","@graph":[{"@type":"WebPage","@id":"https:\/\/saumaustarvike.fi\/verkkokauppa\/kauppa\/tuotemerkit\/scott-safety-tuotemerkit\/scott-suodattimet\/hiukkassuodatin-scott-pf-10-p3\/","url":"https:\/\/saumaustarvike.fi\/verkkokauppa\/kauppa\/tuotemerkit\/scott-safety-tuotemerkit\/scott-suodattimet\/hiukkassuodatin-scott-pf-10-p3\/","name":"Hiukkassuodatin Scott PF 10 P3 - Saumaustarvike.fi","isPartOf":{"@id":"https:\/\/saumaustarvike.fi\/verkkokauppa\/#website"},"primaryImageOfPage":{"@id":"https:\/\/saumaustarvike.fi\/verkkokauppa\/kauppa\/tuotemerkit\/scott-safety-tuotemerkit\/scott-suodattimet\/hiukkassuodatin-scott-pf-10-p3\/#primaryimage"},"image":{"@id":"https:\/\/saumaustarvike.fi\/verkkokauppa\/kauppa\/tuotemerkit\/scott-safety-tuotemerkit\/scott-suodattimet\/hiukkassuodatin-scott-pf-10-p3\/#primaryimage"},"thumbnailUrl":"https:\/\/saumaustarvike.fi\/verkkokauppa\/wp-content\/uploads\/2015\/10\/Hiukkassuodatin-Scott-PF-10-P3.jpg","datePublished":"2015-10-01T09:10:41+00:00","dateModified":"2024-09-02T07:48:07+00:00","breadcrumb":{"@id":"https:\/\/saumaustarvike.fi\/verkkokauppa\/kauppa\/tuotemerkit\/scott-safety-tuotemerkit\/scott-suodattimet\/hiukkassuodatin-scott-pf-10-p3\/#breadcrumb"},"inLanguage":"fi","potentialAction":[{"@type":"ReadAction","target":["https:\/\/saumaustarvike.fi\/verkkokauppa\/kauppa\/tuotemerkit\/scott-safety-tuotemerkit\/scott-suodattimet\/hiukkassuodatin-scott-pf-10-p3\/"]}]},{"@type":"ImageObject","inLanguage":"fi","@id":"https:\/\/saumaustarvike.fi\/verkkokauppa\/kauppa\/tuotemerkit\/scott-safety-tuotemerkit\/scott-suodattimet\/hiukkassuodatin-scott-pf-10-p3\/#primaryimage","url":"https:\/\/saumaustarvike.fi\/verkkokauppa\/wp-content\/uploads\/2015\/10\/Hiukkassuodatin-Scott-PF-10-P3.jpg","contentUrl":"https:\/\/saumaustarvike.fi\/verkkokauppa\/wp-content\/uploads\/2015\/10\/Hiukkassuodatin-Scott-PF-10-P3.jpg","width":440,"height":431},{"@type":"BreadcrumbList","@id":"https:\/\/saumaustarvike.fi\/verkkokauppa\/kauppa\/tuotemerkit\/scott-safety-tuotemerkit\/scott-suodattimet\/hiukkassuodatin-scott-pf-10-p3\/#breadcrumb","itemListElement":[{"@type":"ListItem","position":1,"name":"Home","item":"https:\/\/saumaustarvike.fi\/verkkokauppa\/"},{"@type":"ListItem","position":2,"name":"Saumausmassat, tarvikkeet ja ty\u00f6kalut","item":"https:\/\/saumaustarvike.fi\/verkkokauppa\/kauppa\/"},{"@type":"ListItem","position":3,"name":"Hiukkassuodatin Scott PF 10 P3"}]},{"@type":"WebSite","@id":"https:\/\/saumaustarvike.fi\/verkkokauppa\/#website","url":"https:\/\/saumaustarvike.fi\/verkkokauppa\/","name":"Saumaustarvike.fi","description":"Saumausmassat, tarvikkeet ja ty&ouml;kalut","publisher":{"@id":"https:\/\/saumaustarvike.fi\/verkkokauppa\/#organization"},"potentialAction":[{"@type":"SearchAction","target":{"@type":"EntryPoint","urlTemplate":"https:\/\/saumaustarvike.fi\/verkkokauppa\/?s={search_term_string}"},"query-input":{"@type":"PropertyValueSpecification","valueRequired":true,"valueName":"search_term_string"}}],"inLanguage":"fi"},{"@type":"Organization","@id":"https:\/\/saumaustarvike.fi\/verkkokauppa\/#organization","name":"Saumaustarvike.fi","url":"https:\/\/saumaustarvike.fi\/verkkokauppa\/","logo":{"@type":"ImageObject","inLanguage":"fi","@id":"https:\/\/saumaustarvike.fi\/verkkokauppa\/#\/schema\/logo\/image\/","url":"https:\/\/saumaustarvike.fi\/verkkokauppa\/wp-content\/uploads\/2019\/02\/logo.png","contentUrl":"https:\/\/saumaustarvike.fi\/verkkokauppa\/wp-content\/uploads\/2019\/02\/logo.png","width":806,"height":150,"caption":"Saumaustarvike.fi"},"image":{"@id":"https:\/\/saumaustarvike.fi\/verkkokauppa\/#\/schema\/logo\/image\/"},"sameAs":["https:\/\/www.facebook.com\/Saumalaakso"]}]}},"jetpack_sharing_enabled":true,"_links":{"self":[{"href":"https:\/\/saumaustarvike.fi\/verkkokauppa\/wp-json\/wp\/v2\/product\/7940","targetHints":{"allow":["GET"]}}],"collection":[{"href":"https:\/\/saumaustarvike.fi\/verkkokauppa\/wp-json\/wp\/v2\/product"}],"about":[{"href":"https:\/\/saumaustarvike.fi\/verkkokauppa\/wp-json\/wp\/v2\/types\/product"}],"replies":[{"embeddable":true,"href":"https:\/\/saumaustarvike.fi\/verkkokauppa\/wp-json\/wp\/v2\/comments?post=7940"}],"wp:featuredmedia":[{"embeddable":true,"href":"https:\/\/saumaustarvike.fi\/verkkokauppa\/wp-json\/wp\/v2\/media\/7941"}],"wp:attachment":[{"href":"https:\/\/saumaustarvike.fi\/verkkokauppa\/wp-json\/wp\/v2\/media?parent=7940"}],"wp:term":[{"taxonomy":"product_cat","embeddable":true,"href":"https:\/\/saumaustarvike.fi\/verkkokauppa\/wp-json\/wp\/v2\/product_cat?post=7940"},{"taxonomy":"product_tag","embeddable":true,"href":"https:\/\/saumaustarvike.fi\/verkkokauppa\/wp-json\/wp\/v2\/product_tag?post=7940"}],"curies":[{"name":"wp","href":"https:\/\/api.w.org\/{rel}","templated":true}]}}