{"id":7953,"date":"2015-10-02T14:10:43","date_gmt":"2015-10-02T11:10:43","guid":{"rendered":"https:\/\/saumaustarvike.fi\/verkkokauppa\/kauppa\/tarvikkeet\/panasonic-akku-14-4v-ey9l45b\/"},"modified":"2024-09-02T11:48:11","modified_gmt":"2024-09-02T08:48:11","slug":"panasonic-akku-14-4v-ey9l49b32","status":"publish","type":"product","link":"https:\/\/saumaustarvike.fi\/verkkokauppa\/kauppa\/tuotemerkit\/panasonic-tuotemerkit\/panasonic-tarvikkeet-ja-varaosat\/panasonic-akku-14-4v-ey9l49b32\/","title":{"rendered":"Panasonic Akku 14.4V EY9L49B32"},"content":{"rendered":"<h1>Panasonic Akku 14.4V EY9L49B32<\/h1>\n<p>Vara-akku EY9L49B32<\/p>\n<p>Li-Ion, 14,4V \/ 4,0Ah<\/p>\n<p>Latausaika: k\u00e4ytett\u00e4viss\u00e4 50 min \/ t\u00e4ynn\u00e4 60 min<\/p>\n","protected":false},"excerpt":{"rendered":"<p>Panasonic Akku 14.4V EY9L45B,\u00a0Li-Ion, 14.4V \/ 4,0Ah,\u00a0Latausaika: k\u00e4ytett\u00e4viss\u00e4 50 min \/ t\u00e4ynn\u00e4 60 min.<\/p>\n<p>Toimitusaika: Heti varastossa<\/p>\n","protected":false},"featured_media":17608,"comment_status":"open","ping_status":"closed","template":"","meta":{"_acf_changed":false},"product_cat":[2194,1570],"product_tag":[608,177,174,616,1264,175,172,617],"class_list":{"0":"post-7953","1":"product","2":"type-product","3":"status-publish","4":"has-post-thumbnail","6":"product_brand-panasonic","7":"product_cat-panasonic-tarvikkeet-ja-varaosat","8":"product_cat-varasosat-ja-tarvikkeet","9":"product_tag-akku","10":"product_tag-akkukayttoinen","11":"product_tag-akkupistooli","12":"product_tag-akkupuristin","13":"product_tag-li-ion","14":"product_tag-massapuristin","15":"product_tag-panasonic-2","16":"product_tag-vara-akku","18":"first","19":"instock","20":"taxable","21":"shipping-taxable","22":"purchasable","23":"product-type-simple"},"acf":[],"yoast_head":"<!-- This site is optimized with the Yoast SEO plugin v27.3 - https:\/\/yoast.com\/product\/yoast-seo-wordpress\/ -->\n<title>Panasonic Akku 14.4V EY9L49B32 - Saumaustarvike.fi<\/title>\n<meta name=\"robots\" content=\"index, follow, max-snippet:-1, max-image-preview:large, max-video-preview:-1\" \/>\n<link rel=\"canonical\" href=\"https:\/\/saumaustarvike.fi\/verkkokauppa\/kauppa\/tuotemerkit\/panasonic-tuotemerkit\/panasonic-tarvikkeet-ja-varaosat\/panasonic-akku-14-4v-ey9l49b32\/\" \/>\n<meta property=\"og:locale\" content=\"fi_FI\" \/>\n<meta property=\"og:type\" content=\"article\" \/>\n<meta property=\"og:title\" content=\"Panasonic Akku 14.4V EY9L49B32 - Saumaustarvike.fi\" \/>\n<meta property=\"og:description\" content=\"Panasonic Akku 14.4V EY9L45B,\u00a0Li-Ion, 14.4V \/ 4,0Ah,\u00a0Latausaika: k\u00e4ytett\u00e4viss\u00e4 50 min \/ t\u00e4ynn\u00e4 60 min.  Toimitusaika: Heti varastossa\" \/>\n<meta property=\"og:url\" content=\"https:\/\/saumaustarvike.fi\/verkkokauppa\/kauppa\/tuotemerkit\/panasonic-tuotemerkit\/panasonic-tarvikkeet-ja-varaosat\/panasonic-akku-14-4v-ey9l49b32\/\" \/>\n<meta property=\"og:site_name\" content=\"Saumaustarvike.fi\" \/>\n<meta property=\"article:publisher\" content=\"https:\/\/www.facebook.com\/Saumalaakso\" \/>\n<meta property=\"article:modified_time\" content=\"2024-09-02T08:48:11+00:00\" \/>\n<meta property=\"og:image\" content=\"https:\/\/saumaustarvike.fi\/verkkokauppa\/content\/uploads\/2015\/10\/EY9L49B32-tuotekuva.jpeg\" \/>\n\t<meta property=\"og:image:width\" content=\"2000\" \/>\n\t<meta property=\"og:image:height\" content=\"1392\" \/>\n\t<meta property=\"og:image:type\" content=\"image\/jpeg\" \/>\n<meta name=\"twitter:label1\" content=\"Arvioitu lukuaika\" \/>\n\t<meta name=\"twitter:data1\" content=\"1 minuutti\" \/>\n<script type=\"application\/ld+json\" class=\"yoast-schema-graph\">{\"@context\":\"https:\\\/\\\/schema.org\",\"@graph\":[{\"@type\":\"WebPage\",\"@id\":\"https:\\\/\\\/saumaustarvike.fi\\\/verkkokauppa\\\/kauppa\\\/tuotemerkit\\\/panasonic-tuotemerkit\\\/panasonic-tarvikkeet-ja-varaosat\\\/panasonic-akku-14-4v-ey9l49b32\\\/\",\"url\":\"https:\\\/\\\/saumaustarvike.fi\\\/verkkokauppa\\\/kauppa\\\/tuotemerkit\\\/panasonic-tuotemerkit\\\/panasonic-tarvikkeet-ja-varaosat\\\/panasonic-akku-14-4v-ey9l49b32\\\/\",\"name\":\"Panasonic Akku 14.4V EY9L49B32 - Saumaustarvike.fi\",\"isPartOf\":{\"@id\":\"https:\\\/\\\/saumaustarvike.fi\\\/verkkokauppa\\\/#website\"},\"primaryImageOfPage\":{\"@id\":\"https:\\\/\\\/saumaustarvike.fi\\\/verkkokauppa\\\/kauppa\\\/tuotemerkit\\\/panasonic-tuotemerkit\\\/panasonic-tarvikkeet-ja-varaosat\\\/panasonic-akku-14-4v-ey9l49b32\\\/#primaryimage\"},\"image\":{\"@id\":\"https:\\\/\\\/saumaustarvike.fi\\\/verkkokauppa\\\/kauppa\\\/tuotemerkit\\\/panasonic-tuotemerkit\\\/panasonic-tarvikkeet-ja-varaosat\\\/panasonic-akku-14-4v-ey9l49b32\\\/#primaryimage\"},\"thumbnailUrl\":\"https:\\\/\\\/saumaustarvike.fi\\\/verkkokauppa\\\/wp-content\\\/uploads\\\/2015\\\/10\\\/EY9L49B32-tuotekuva.jpeg\",\"datePublished\":\"2015-10-02T11:10:43+00:00\",\"dateModified\":\"2024-09-02T08:48:11+00:00\",\"breadcrumb\":{\"@id\":\"https:\\\/\\\/saumaustarvike.fi\\\/verkkokauppa\\\/kauppa\\\/tuotemerkit\\\/panasonic-tuotemerkit\\\/panasonic-tarvikkeet-ja-varaosat\\\/panasonic-akku-14-4v-ey9l49b32\\\/#breadcrumb\"},\"inLanguage\":\"fi\",\"potentialAction\":[{\"@type\":\"ReadAction\",\"target\":[\"https:\\\/\\\/saumaustarvike.fi\\\/verkkokauppa\\\/kauppa\\\/tuotemerkit\\\/panasonic-tuotemerkit\\\/panasonic-tarvikkeet-ja-varaosat\\\/panasonic-akku-14-4v-ey9l49b32\\\/\"]}]},{\"@type\":\"ImageObject\",\"inLanguage\":\"fi\",\"@id\":\"https:\\\/\\\/saumaustarvike.fi\\\/verkkokauppa\\\/kauppa\\\/tuotemerkit\\\/panasonic-tuotemerkit\\\/panasonic-tarvikkeet-ja-varaosat\\\/panasonic-akku-14-4v-ey9l49b32\\\/#primaryimage\",\"url\":\"https:\\\/\\\/saumaustarvike.fi\\\/verkkokauppa\\\/wp-content\\\/uploads\\\/2015\\\/10\\\/EY9L49B32-tuotekuva.jpeg\",\"contentUrl\":\"https:\\\/\\\/saumaustarvike.fi\\\/verkkokauppa\\\/wp-content\\\/uploads\\\/2015\\\/10\\\/EY9L49B32-tuotekuva.jpeg\",\"width\":2000,\"height\":1392},{\"@type\":\"BreadcrumbList\",\"@id\":\"https:\\\/\\\/saumaustarvike.fi\\\/verkkokauppa\\\/kauppa\\\/tuotemerkit\\\/panasonic-tuotemerkit\\\/panasonic-tarvikkeet-ja-varaosat\\\/panasonic-akku-14-4v-ey9l49b32\\\/#breadcrumb\",\"itemListElement\":[{\"@type\":\"ListItem\",\"position\":1,\"name\":\"Home\",\"item\":\"https:\\\/\\\/saumaustarvike.fi\\\/verkkokauppa\\\/\"},{\"@type\":\"ListItem\",\"position\":2,\"name\":\"Saumausmassat, tarvikkeet ja ty\u00f6kalut\",\"item\":\"https:\\\/\\\/saumaustarvike.fi\\\/verkkokauppa\\\/kauppa\\\/\"},{\"@type\":\"ListItem\",\"position\":3,\"name\":\"Panasonic Akku 14.4V EY9L49B32\"}]},{\"@type\":\"WebSite\",\"@id\":\"https:\\\/\\\/saumaustarvike.fi\\\/verkkokauppa\\\/#website\",\"url\":\"https:\\\/\\\/saumaustarvike.fi\\\/verkkokauppa\\\/\",\"name\":\"Saumaustarvike.fi\",\"description\":\"Saumausmassat, tarvikkeet ja ty&ouml;kalut\",\"publisher\":{\"@id\":\"https:\\\/\\\/saumaustarvike.fi\\\/verkkokauppa\\\/#organization\"},\"potentialAction\":[{\"@type\":\"SearchAction\",\"target\":{\"@type\":\"EntryPoint\",\"urlTemplate\":\"https:\\\/\\\/saumaustarvike.fi\\\/verkkokauppa\\\/?s={search_term_string}\"},\"query-input\":{\"@type\":\"PropertyValueSpecification\",\"valueRequired\":true,\"valueName\":\"search_term_string\"}}],\"inLanguage\":\"fi\"},{\"@type\":\"Organization\",\"@id\":\"https:\\\/\\\/saumaustarvike.fi\\\/verkkokauppa\\\/#organization\",\"name\":\"Saumaustarvike.fi\",\"url\":\"https:\\\/\\\/saumaustarvike.fi\\\/verkkokauppa\\\/\",\"logo\":{\"@type\":\"ImageObject\",\"inLanguage\":\"fi\",\"@id\":\"https:\\\/\\\/saumaustarvike.fi\\\/verkkokauppa\\\/#\\\/schema\\\/logo\\\/image\\\/\",\"url\":\"https:\\\/\\\/saumaustarvike.fi\\\/verkkokauppa\\\/wp-content\\\/uploads\\\/2019\\\/02\\\/logo.png\",\"contentUrl\":\"https:\\\/\\\/saumaustarvike.fi\\\/verkkokauppa\\\/wp-content\\\/uploads\\\/2019\\\/02\\\/logo.png\",\"width\":806,\"height\":150,\"caption\":\"Saumaustarvike.fi\"},\"image\":{\"@id\":\"https:\\\/\\\/saumaustarvike.fi\\\/verkkokauppa\\\/#\\\/schema\\\/logo\\\/image\\\/\"},\"sameAs\":[\"https:\\\/\\\/www.facebook.com\\\/Saumalaakso\"]}]}<\/script>\n<!-- \/ Yoast SEO plugin. -->","yoast_head_json":{"title":"Panasonic Akku 14.4V EY9L49B32 - Saumaustarvike.fi","robots":{"index":"index","follow":"follow","max-snippet":"max-snippet:-1","max-image-preview":"max-image-preview:large","max-video-preview":"max-video-preview:-1"},"canonical":"https:\/\/saumaustarvike.fi\/verkkokauppa\/kauppa\/tuotemerkit\/panasonic-tuotemerkit\/panasonic-tarvikkeet-ja-varaosat\/panasonic-akku-14-4v-ey9l49b32\/","og_locale":"fi_FI","og_type":"article","og_title":"Panasonic Akku 14.4V EY9L49B32 - Saumaustarvike.fi","og_description":"Panasonic Akku 14.4V EY9L45B,\u00a0Li-Ion, 14.4V \/ 4,0Ah,\u00a0Latausaika: k\u00e4ytett\u00e4viss\u00e4 50 min \/ t\u00e4ynn\u00e4 60 min.  Toimitusaika: Heti varastossa","og_url":"https:\/\/saumaustarvike.fi\/verkkokauppa\/kauppa\/tuotemerkit\/panasonic-tuotemerkit\/panasonic-tarvikkeet-ja-varaosat\/panasonic-akku-14-4v-ey9l49b32\/","og_site_name":"Saumaustarvike.fi","article_publisher":"https:\/\/www.facebook.com\/Saumalaakso","article_modified_time":"2024-09-02T08:48:11+00:00","og_image":[{"width":2000,"height":1392,"url":"https:\/\/saumaustarvike.fi\/verkkokauppa\/content\/uploads\/2015\/10\/EY9L49B32-tuotekuva.jpeg","type":"image\/jpeg"}],"twitter_misc":{"Arvioitu lukuaika":"1 minuutti"},"schema":{"@context":"https:\/\/schema.org","@graph":[{"@type":"WebPage","@id":"https:\/\/saumaustarvike.fi\/verkkokauppa\/kauppa\/tuotemerkit\/panasonic-tuotemerkit\/panasonic-tarvikkeet-ja-varaosat\/panasonic-akku-14-4v-ey9l49b32\/","url":"https:\/\/saumaustarvike.fi\/verkkokauppa\/kauppa\/tuotemerkit\/panasonic-tuotemerkit\/panasonic-tarvikkeet-ja-varaosat\/panasonic-akku-14-4v-ey9l49b32\/","name":"Panasonic Akku 14.4V EY9L49B32 - Saumaustarvike.fi","isPartOf":{"@id":"https:\/\/saumaustarvike.fi\/verkkokauppa\/#website"},"primaryImageOfPage":{"@id":"https:\/\/saumaustarvike.fi\/verkkokauppa\/kauppa\/tuotemerkit\/panasonic-tuotemerkit\/panasonic-tarvikkeet-ja-varaosat\/panasonic-akku-14-4v-ey9l49b32\/#primaryimage"},"image":{"@id":"https:\/\/saumaustarvike.fi\/verkkokauppa\/kauppa\/tuotemerkit\/panasonic-tuotemerkit\/panasonic-tarvikkeet-ja-varaosat\/panasonic-akku-14-4v-ey9l49b32\/#primaryimage"},"thumbnailUrl":"https:\/\/saumaustarvike.fi\/verkkokauppa\/wp-content\/uploads\/2015\/10\/EY9L49B32-tuotekuva.jpeg","datePublished":"2015-10-02T11:10:43+00:00","dateModified":"2024-09-02T08:48:11+00:00","breadcrumb":{"@id":"https:\/\/saumaustarvike.fi\/verkkokauppa\/kauppa\/tuotemerkit\/panasonic-tuotemerkit\/panasonic-tarvikkeet-ja-varaosat\/panasonic-akku-14-4v-ey9l49b32\/#breadcrumb"},"inLanguage":"fi","potentialAction":[{"@type":"ReadAction","target":["https:\/\/saumaustarvike.fi\/verkkokauppa\/kauppa\/tuotemerkit\/panasonic-tuotemerkit\/panasonic-tarvikkeet-ja-varaosat\/panasonic-akku-14-4v-ey9l49b32\/"]}]},{"@type":"ImageObject","inLanguage":"fi","@id":"https:\/\/saumaustarvike.fi\/verkkokauppa\/kauppa\/tuotemerkit\/panasonic-tuotemerkit\/panasonic-tarvikkeet-ja-varaosat\/panasonic-akku-14-4v-ey9l49b32\/#primaryimage","url":"https:\/\/saumaustarvike.fi\/verkkokauppa\/wp-content\/uploads\/2015\/10\/EY9L49B32-tuotekuva.jpeg","contentUrl":"https:\/\/saumaustarvike.fi\/verkkokauppa\/wp-content\/uploads\/2015\/10\/EY9L49B32-tuotekuva.jpeg","width":2000,"height":1392},{"@type":"BreadcrumbList","@id":"https:\/\/saumaustarvike.fi\/verkkokauppa\/kauppa\/tuotemerkit\/panasonic-tuotemerkit\/panasonic-tarvikkeet-ja-varaosat\/panasonic-akku-14-4v-ey9l49b32\/#breadcrumb","itemListElement":[{"@type":"ListItem","position":1,"name":"Home","item":"https:\/\/saumaustarvike.fi\/verkkokauppa\/"},{"@type":"ListItem","position":2,"name":"Saumausmassat, tarvikkeet ja ty\u00f6kalut","item":"https:\/\/saumaustarvike.fi\/verkkokauppa\/kauppa\/"},{"@type":"ListItem","position":3,"name":"Panasonic Akku 14.4V EY9L49B32"}]},{"@type":"WebSite","@id":"https:\/\/saumaustarvike.fi\/verkkokauppa\/#website","url":"https:\/\/saumaustarvike.fi\/verkkokauppa\/","name":"Saumaustarvike.fi","description":"Saumausmassat, tarvikkeet ja ty&ouml;kalut","publisher":{"@id":"https:\/\/saumaustarvike.fi\/verkkokauppa\/#organization"},"potentialAction":[{"@type":"SearchAction","target":{"@type":"EntryPoint","urlTemplate":"https:\/\/saumaustarvike.fi\/verkkokauppa\/?s={search_term_string}"},"query-input":{"@type":"PropertyValueSpecification","valueRequired":true,"valueName":"search_term_string"}}],"inLanguage":"fi"},{"@type":"Organization","@id":"https:\/\/saumaustarvike.fi\/verkkokauppa\/#organization","name":"Saumaustarvike.fi","url":"https:\/\/saumaustarvike.fi\/verkkokauppa\/","logo":{"@type":"ImageObject","inLanguage":"fi","@id":"https:\/\/saumaustarvike.fi\/verkkokauppa\/#\/schema\/logo\/image\/","url":"https:\/\/saumaustarvike.fi\/verkkokauppa\/wp-content\/uploads\/2019\/02\/logo.png","contentUrl":"https:\/\/saumaustarvike.fi\/verkkokauppa\/wp-content\/uploads\/2019\/02\/logo.png","width":806,"height":150,"caption":"Saumaustarvike.fi"},"image":{"@id":"https:\/\/saumaustarvike.fi\/verkkokauppa\/#\/schema\/logo\/image\/"},"sameAs":["https:\/\/www.facebook.com\/Saumalaakso"]}]}},"jetpack_sharing_enabled":true,"_links":{"self":[{"href":"https:\/\/saumaustarvike.fi\/verkkokauppa\/wp-json\/wp\/v2\/product\/7953","targetHints":{"allow":["GET"]}}],"collection":[{"href":"https:\/\/saumaustarvike.fi\/verkkokauppa\/wp-json\/wp\/v2\/product"}],"about":[{"href":"https:\/\/saumaustarvike.fi\/verkkokauppa\/wp-json\/wp\/v2\/types\/product"}],"replies":[{"embeddable":true,"href":"https:\/\/saumaustarvike.fi\/verkkokauppa\/wp-json\/wp\/v2\/comments?post=7953"}],"wp:featuredmedia":[{"embeddable":true,"href":"https:\/\/saumaustarvike.fi\/verkkokauppa\/wp-json\/wp\/v2\/media\/17608"}],"wp:attachment":[{"href":"https:\/\/saumaustarvike.fi\/verkkokauppa\/wp-json\/wp\/v2\/media?parent=7953"}],"wp:term":[{"taxonomy":"product_cat","embeddable":true,"href":"https:\/\/saumaustarvike.fi\/verkkokauppa\/wp-json\/wp\/v2\/product_cat?post=7953"},{"taxonomy":"product_tag","embeddable":true,"href":"https:\/\/saumaustarvike.fi\/verkkokauppa\/wp-json\/wp\/v2\/product_tag?post=7953"}],"curies":[{"name":"wp","href":"https:\/\/api.w.org\/{rel}","templated":true}]}}