{"id":8006,"date":"2015-10-21T11:12:56","date_gmt":"2015-10-21T08:12:56","guid":{"rendered":"https:\/\/saumaustarvike.fi\/verkkokauppa\/kauppa\/suojavalineet\/tyvek-classic-xpert-chf5-suoja-asu\/"},"modified":"2024-09-12T20:39:05","modified_gmt":"2024-09-12T17:39:05","slug":"tyvek-classic-xpert-chf5-suoja-asu","status":"publish","type":"product","link":"https:\/\/saumaustarvike.fi\/verkkokauppa\/kauppa\/tuotemerkit\/st-tool-tuotemerkit\/st-tool-suojaimet\/tyvek-classic-xpert-chf5-suoja-asu\/","title":{"rendered":"Tyvek Classic Xpert CHF5 Suoja-asu"},"content":{"rendered":"<h1>Tyvek Classic Xpert CHF5 Suoja-asu<\/h1>\n<p>Suosittu Classic Tyvek saa nyt seuraajan &#8211; Tyvek Classic Xpert, joka tarjoaa perinteisen Tyvekin etujen lis\u00e4ksi seuraavat parannukset:<\/p>\n<ul class=\"product-usp\">\n<li><span class=\"usp-text\">Parempi hiukkassuojaus.<\/span><\/li>\n<li><i class=\"icon-dot usp-icon\"><\/i><span class=\"usp-text\">Parempi suojaus nesteilt\u00e4 ja kemikaaleilta.<\/span><\/li>\n<li><i class=\"icon-dot usp-icon\"><\/i><span class=\"usp-text\">Biologinen suojaus.<\/span><\/li>\n<li><i class=\"icon-dot usp-icon\"><\/i><span class=\"usp-text\">Uusi huppumalli, nilkka- ja rannesuojaus parantavat suojausta.<\/span><\/li>\n<li><i class=\"icon-dot usp-icon\"><\/i><span class=\"usp-text\">Suuri vetoketju &#8211; helpompi avata ja sulkea k\u00e4sineet k\u00e4dess\u00e4.<\/span><\/li>\n<li><i class=\"icon-dot usp-icon\"><\/i><span class=\"usp-text\">Uusi innovatiivinen pakkaus.<\/span><\/li>\n<\/ul>\n<p>CE<br \/>\nCat III<br \/>\nInfo<br \/>\nEN1073-2 *<br \/>\nEN1149-5 :2008<br \/>\nEN14126 :2004 Type 3-B<\/p>\n<p>Koko: XXL<\/p>\n<p>&nbsp;<\/p>\n","protected":false},"excerpt":{"rendered":"<p>Suosittu Classic Tyvek saa nyt seuraajan &#8211; Tyvek Classic Xpert, joka tarjoaa perinteisen Tyvekin etujen lis\u00e4ksi huomattavia parannuksia<\/p>\n","protected":false},"featured_media":16410,"comment_status":"open","ping_status":"closed","template":"","meta":{"_acf_changed":false},"product_cat":[1574,2186],"product_tag":[610,613,614,491,494,639,641,612,642],"class_list":{"0":"post-8006","1":"product","2":"type-product","3":"status-publish","4":"has-post-thumbnail","6":"product_brand-st-tool","7":"product_cat-kuulo-hengitys-silma-ym-suojaimet-ja-kyparat","8":"product_cat-st-tool-suojaimet","9":"product_tag-hiukkassuodatin","10":"product_tag-radioaktiivinen","11":"product_tag-sateily","12":"product_tag-scott","13":"product_tag-suodatin","14":"product_tag-suoja-asu","15":"product_tag-tyvec","16":"product_tag-virus","17":"product_tag-xpert","19":"first","20":"instock","21":"taxable","22":"shipping-taxable","23":"purchasable","24":"product-type-simple"},"acf":[],"yoast_head":"<!-- This site is optimized with the Yoast SEO plugin v27.3 - https:\/\/yoast.com\/product\/yoast-seo-wordpress\/ -->\n<title>Tyvek Classic Xpert CHF5 Suoja-asu - Saumaustarvike.fi<\/title>\n<meta name=\"description\" content=\"Suosittu Classic Tyvek saa nyt seuraajan - Tyvek Classic Xpert, joka tarjoaa perinteisen Tyvekin etujen lis\u00e4ksi huomattavia parannuksia\" \/>\n<meta name=\"robots\" content=\"index, follow, max-snippet:-1, max-image-preview:large, max-video-preview:-1\" \/>\n<link rel=\"canonical\" href=\"https:\/\/saumaustarvike.fi\/verkkokauppa\/kauppa\/tuotemerkit\/st-tool-tuotemerkit\/st-tool-suojaimet\/tyvek-classic-xpert-chf5-suoja-asu\/\" \/>\n<meta property=\"og:locale\" content=\"fi_FI\" \/>\n<meta property=\"og:type\" content=\"article\" \/>\n<meta property=\"og:title\" content=\"Tyvek Classic Xpert CHF5 Suoja-asu - Saumaustarvike.fi\" \/>\n<meta property=\"og:description\" content=\"Suosittu Classic Tyvek saa nyt seuraajan - Tyvek Classic Xpert, joka tarjoaa perinteisen Tyvekin etujen lis\u00e4ksi huomattavia parannuksia\" \/>\n<meta property=\"og:url\" content=\"https:\/\/saumaustarvike.fi\/verkkokauppa\/kauppa\/tuotemerkit\/st-tool-tuotemerkit\/st-tool-suojaimet\/tyvek-classic-xpert-chf5-suoja-asu\/\" \/>\n<meta property=\"og:site_name\" content=\"Saumaustarvike.fi\" \/>\n<meta property=\"article:publisher\" content=\"https:\/\/www.facebook.com\/Saumalaakso\" \/>\n<meta property=\"article:modified_time\" content=\"2024-09-12T17:39:05+00:00\" \/>\n<meta property=\"og:image\" content=\"https:\/\/saumaustarvike.fi\/verkkokauppa\/content\/uploads\/2015\/10\/saumaustarvike-Tyvek-Classic-Xpert-CHF5-Suoja-asu.jpg\" \/>\n\t<meta property=\"og:image:width\" content=\"1000\" \/>\n\t<meta property=\"og:image:height\" content=\"1000\" \/>\n\t<meta property=\"og:image:type\" content=\"image\/jpeg\" \/>\n<script type=\"application\/ld+json\" class=\"yoast-schema-graph\">{\"@context\":\"https:\\\/\\\/schema.org\",\"@graph\":[{\"@type\":\"WebPage\",\"@id\":\"https:\\\/\\\/saumaustarvike.fi\\\/verkkokauppa\\\/kauppa\\\/tuotemerkit\\\/st-tool-tuotemerkit\\\/st-tool-suojaimet\\\/tyvek-classic-xpert-chf5-suoja-asu\\\/\",\"url\":\"https:\\\/\\\/saumaustarvike.fi\\\/verkkokauppa\\\/kauppa\\\/tuotemerkit\\\/st-tool-tuotemerkit\\\/st-tool-suojaimet\\\/tyvek-classic-xpert-chf5-suoja-asu\\\/\",\"name\":\"Tyvek Classic Xpert CHF5 Suoja-asu - Saumaustarvike.fi\",\"isPartOf\":{\"@id\":\"https:\\\/\\\/saumaustarvike.fi\\\/verkkokauppa\\\/#website\"},\"primaryImageOfPage\":{\"@id\":\"https:\\\/\\\/saumaustarvike.fi\\\/verkkokauppa\\\/kauppa\\\/tuotemerkit\\\/st-tool-tuotemerkit\\\/st-tool-suojaimet\\\/tyvek-classic-xpert-chf5-suoja-asu\\\/#primaryimage\"},\"image\":{\"@id\":\"https:\\\/\\\/saumaustarvike.fi\\\/verkkokauppa\\\/kauppa\\\/tuotemerkit\\\/st-tool-tuotemerkit\\\/st-tool-suojaimet\\\/tyvek-classic-xpert-chf5-suoja-asu\\\/#primaryimage\"},\"thumbnailUrl\":\"https:\\\/\\\/saumaustarvike.fi\\\/verkkokauppa\\\/wp-content\\\/uploads\\\/2015\\\/10\\\/saumaustarvike-Tyvek-Classic-Xpert-CHF5-Suoja-asu.jpg\",\"datePublished\":\"2015-10-21T08:12:56+00:00\",\"dateModified\":\"2024-09-12T17:39:05+00:00\",\"description\":\"Suosittu Classic Tyvek saa nyt seuraajan - Tyvek Classic Xpert, joka tarjoaa perinteisen Tyvekin etujen lis\u00e4ksi huomattavia parannuksia\",\"breadcrumb\":{\"@id\":\"https:\\\/\\\/saumaustarvike.fi\\\/verkkokauppa\\\/kauppa\\\/tuotemerkit\\\/st-tool-tuotemerkit\\\/st-tool-suojaimet\\\/tyvek-classic-xpert-chf5-suoja-asu\\\/#breadcrumb\"},\"inLanguage\":\"fi\",\"potentialAction\":[{\"@type\":\"ReadAction\",\"target\":[\"https:\\\/\\\/saumaustarvike.fi\\\/verkkokauppa\\\/kauppa\\\/tuotemerkit\\\/st-tool-tuotemerkit\\\/st-tool-suojaimet\\\/tyvek-classic-xpert-chf5-suoja-asu\\\/\"]}]},{\"@type\":\"ImageObject\",\"inLanguage\":\"fi\",\"@id\":\"https:\\\/\\\/saumaustarvike.fi\\\/verkkokauppa\\\/kauppa\\\/tuotemerkit\\\/st-tool-tuotemerkit\\\/st-tool-suojaimet\\\/tyvek-classic-xpert-chf5-suoja-asu\\\/#primaryimage\",\"url\":\"https:\\\/\\\/saumaustarvike.fi\\\/verkkokauppa\\\/wp-content\\\/uploads\\\/2015\\\/10\\\/saumaustarvike-Tyvek-Classic-Xpert-CHF5-Suoja-asu.jpg\",\"contentUrl\":\"https:\\\/\\\/saumaustarvike.fi\\\/verkkokauppa\\\/wp-content\\\/uploads\\\/2015\\\/10\\\/saumaustarvike-Tyvek-Classic-Xpert-CHF5-Suoja-asu.jpg\",\"width\":1000,\"height\":1000},{\"@type\":\"BreadcrumbList\",\"@id\":\"https:\\\/\\\/saumaustarvike.fi\\\/verkkokauppa\\\/kauppa\\\/tuotemerkit\\\/st-tool-tuotemerkit\\\/st-tool-suojaimet\\\/tyvek-classic-xpert-chf5-suoja-asu\\\/#breadcrumb\",\"itemListElement\":[{\"@type\":\"ListItem\",\"position\":1,\"name\":\"Home\",\"item\":\"https:\\\/\\\/saumaustarvike.fi\\\/verkkokauppa\\\/\"},{\"@type\":\"ListItem\",\"position\":2,\"name\":\"Saumausmassat, tarvikkeet ja ty\u00f6kalut\",\"item\":\"https:\\\/\\\/saumaustarvike.fi\\\/verkkokauppa\\\/kauppa\\\/\"},{\"@type\":\"ListItem\",\"position\":3,\"name\":\"Tyvek Classic Xpert CHF5 Suoja-asu\"}]},{\"@type\":\"WebSite\",\"@id\":\"https:\\\/\\\/saumaustarvike.fi\\\/verkkokauppa\\\/#website\",\"url\":\"https:\\\/\\\/saumaustarvike.fi\\\/verkkokauppa\\\/\",\"name\":\"Saumaustarvike.fi\",\"description\":\"Saumausmassat, tarvikkeet ja ty&ouml;kalut\",\"publisher\":{\"@id\":\"https:\\\/\\\/saumaustarvike.fi\\\/verkkokauppa\\\/#organization\"},\"potentialAction\":[{\"@type\":\"SearchAction\",\"target\":{\"@type\":\"EntryPoint\",\"urlTemplate\":\"https:\\\/\\\/saumaustarvike.fi\\\/verkkokauppa\\\/?s={search_term_string}\"},\"query-input\":{\"@type\":\"PropertyValueSpecification\",\"valueRequired\":true,\"valueName\":\"search_term_string\"}}],\"inLanguage\":\"fi\"},{\"@type\":\"Organization\",\"@id\":\"https:\\\/\\\/saumaustarvike.fi\\\/verkkokauppa\\\/#organization\",\"name\":\"Saumaustarvike.fi\",\"url\":\"https:\\\/\\\/saumaustarvike.fi\\\/verkkokauppa\\\/\",\"logo\":{\"@type\":\"ImageObject\",\"inLanguage\":\"fi\",\"@id\":\"https:\\\/\\\/saumaustarvike.fi\\\/verkkokauppa\\\/#\\\/schema\\\/logo\\\/image\\\/\",\"url\":\"https:\\\/\\\/saumaustarvike.fi\\\/verkkokauppa\\\/wp-content\\\/uploads\\\/2019\\\/02\\\/logo.png\",\"contentUrl\":\"https:\\\/\\\/saumaustarvike.fi\\\/verkkokauppa\\\/wp-content\\\/uploads\\\/2019\\\/02\\\/logo.png\",\"width\":806,\"height\":150,\"caption\":\"Saumaustarvike.fi\"},\"image\":{\"@id\":\"https:\\\/\\\/saumaustarvike.fi\\\/verkkokauppa\\\/#\\\/schema\\\/logo\\\/image\\\/\"},\"sameAs\":[\"https:\\\/\\\/www.facebook.com\\\/Saumalaakso\"]}]}<\/script>\n<!-- \/ Yoast SEO plugin. -->","yoast_head_json":{"title":"Tyvek Classic Xpert CHF5 Suoja-asu - Saumaustarvike.fi","description":"Suosittu Classic Tyvek saa nyt seuraajan - Tyvek Classic Xpert, joka tarjoaa perinteisen Tyvekin etujen lis\u00e4ksi huomattavia parannuksia","robots":{"index":"index","follow":"follow","max-snippet":"max-snippet:-1","max-image-preview":"max-image-preview:large","max-video-preview":"max-video-preview:-1"},"canonical":"https:\/\/saumaustarvike.fi\/verkkokauppa\/kauppa\/tuotemerkit\/st-tool-tuotemerkit\/st-tool-suojaimet\/tyvek-classic-xpert-chf5-suoja-asu\/","og_locale":"fi_FI","og_type":"article","og_title":"Tyvek Classic Xpert CHF5 Suoja-asu - Saumaustarvike.fi","og_description":"Suosittu Classic Tyvek saa nyt seuraajan - Tyvek Classic Xpert, joka tarjoaa perinteisen Tyvekin etujen lis\u00e4ksi huomattavia parannuksia","og_url":"https:\/\/saumaustarvike.fi\/verkkokauppa\/kauppa\/tuotemerkit\/st-tool-tuotemerkit\/st-tool-suojaimet\/tyvek-classic-xpert-chf5-suoja-asu\/","og_site_name":"Saumaustarvike.fi","article_publisher":"https:\/\/www.facebook.com\/Saumalaakso","article_modified_time":"2024-09-12T17:39:05+00:00","og_image":[{"width":1000,"height":1000,"url":"https:\/\/saumaustarvike.fi\/verkkokauppa\/content\/uploads\/2015\/10\/saumaustarvike-Tyvek-Classic-Xpert-CHF5-Suoja-asu.jpg","type":"image\/jpeg"}],"schema":{"@context":"https:\/\/schema.org","@graph":[{"@type":"WebPage","@id":"https:\/\/saumaustarvike.fi\/verkkokauppa\/kauppa\/tuotemerkit\/st-tool-tuotemerkit\/st-tool-suojaimet\/tyvek-classic-xpert-chf5-suoja-asu\/","url":"https:\/\/saumaustarvike.fi\/verkkokauppa\/kauppa\/tuotemerkit\/st-tool-tuotemerkit\/st-tool-suojaimet\/tyvek-classic-xpert-chf5-suoja-asu\/","name":"Tyvek Classic Xpert CHF5 Suoja-asu - Saumaustarvike.fi","isPartOf":{"@id":"https:\/\/saumaustarvike.fi\/verkkokauppa\/#website"},"primaryImageOfPage":{"@id":"https:\/\/saumaustarvike.fi\/verkkokauppa\/kauppa\/tuotemerkit\/st-tool-tuotemerkit\/st-tool-suojaimet\/tyvek-classic-xpert-chf5-suoja-asu\/#primaryimage"},"image":{"@id":"https:\/\/saumaustarvike.fi\/verkkokauppa\/kauppa\/tuotemerkit\/st-tool-tuotemerkit\/st-tool-suojaimet\/tyvek-classic-xpert-chf5-suoja-asu\/#primaryimage"},"thumbnailUrl":"https:\/\/saumaustarvike.fi\/verkkokauppa\/wp-content\/uploads\/2015\/10\/saumaustarvike-Tyvek-Classic-Xpert-CHF5-Suoja-asu.jpg","datePublished":"2015-10-21T08:12:56+00:00","dateModified":"2024-09-12T17:39:05+00:00","description":"Suosittu Classic Tyvek saa nyt seuraajan - Tyvek Classic Xpert, joka tarjoaa perinteisen Tyvekin etujen lis\u00e4ksi huomattavia parannuksia","breadcrumb":{"@id":"https:\/\/saumaustarvike.fi\/verkkokauppa\/kauppa\/tuotemerkit\/st-tool-tuotemerkit\/st-tool-suojaimet\/tyvek-classic-xpert-chf5-suoja-asu\/#breadcrumb"},"inLanguage":"fi","potentialAction":[{"@type":"ReadAction","target":["https:\/\/saumaustarvike.fi\/verkkokauppa\/kauppa\/tuotemerkit\/st-tool-tuotemerkit\/st-tool-suojaimet\/tyvek-classic-xpert-chf5-suoja-asu\/"]}]},{"@type":"ImageObject","inLanguage":"fi","@id":"https:\/\/saumaustarvike.fi\/verkkokauppa\/kauppa\/tuotemerkit\/st-tool-tuotemerkit\/st-tool-suojaimet\/tyvek-classic-xpert-chf5-suoja-asu\/#primaryimage","url":"https:\/\/saumaustarvike.fi\/verkkokauppa\/wp-content\/uploads\/2015\/10\/saumaustarvike-Tyvek-Classic-Xpert-CHF5-Suoja-asu.jpg","contentUrl":"https:\/\/saumaustarvike.fi\/verkkokauppa\/wp-content\/uploads\/2015\/10\/saumaustarvike-Tyvek-Classic-Xpert-CHF5-Suoja-asu.jpg","width":1000,"height":1000},{"@type":"BreadcrumbList","@id":"https:\/\/saumaustarvike.fi\/verkkokauppa\/kauppa\/tuotemerkit\/st-tool-tuotemerkit\/st-tool-suojaimet\/tyvek-classic-xpert-chf5-suoja-asu\/#breadcrumb","itemListElement":[{"@type":"ListItem","position":1,"name":"Home","item":"https:\/\/saumaustarvike.fi\/verkkokauppa\/"},{"@type":"ListItem","position":2,"name":"Saumausmassat, tarvikkeet ja ty\u00f6kalut","item":"https:\/\/saumaustarvike.fi\/verkkokauppa\/kauppa\/"},{"@type":"ListItem","position":3,"name":"Tyvek Classic Xpert CHF5 Suoja-asu"}]},{"@type":"WebSite","@id":"https:\/\/saumaustarvike.fi\/verkkokauppa\/#website","url":"https:\/\/saumaustarvike.fi\/verkkokauppa\/","name":"Saumaustarvike.fi","description":"Saumausmassat, tarvikkeet ja ty&ouml;kalut","publisher":{"@id":"https:\/\/saumaustarvike.fi\/verkkokauppa\/#organization"},"potentialAction":[{"@type":"SearchAction","target":{"@type":"EntryPoint","urlTemplate":"https:\/\/saumaustarvike.fi\/verkkokauppa\/?s={search_term_string}"},"query-input":{"@type":"PropertyValueSpecification","valueRequired":true,"valueName":"search_term_string"}}],"inLanguage":"fi"},{"@type":"Organization","@id":"https:\/\/saumaustarvike.fi\/verkkokauppa\/#organization","name":"Saumaustarvike.fi","url":"https:\/\/saumaustarvike.fi\/verkkokauppa\/","logo":{"@type":"ImageObject","inLanguage":"fi","@id":"https:\/\/saumaustarvike.fi\/verkkokauppa\/#\/schema\/logo\/image\/","url":"https:\/\/saumaustarvike.fi\/verkkokauppa\/wp-content\/uploads\/2019\/02\/logo.png","contentUrl":"https:\/\/saumaustarvike.fi\/verkkokauppa\/wp-content\/uploads\/2019\/02\/logo.png","width":806,"height":150,"caption":"Saumaustarvike.fi"},"image":{"@id":"https:\/\/saumaustarvike.fi\/verkkokauppa\/#\/schema\/logo\/image\/"},"sameAs":["https:\/\/www.facebook.com\/Saumalaakso"]}]}},"jetpack_sharing_enabled":true,"_links":{"self":[{"href":"https:\/\/saumaustarvike.fi\/verkkokauppa\/wp-json\/wp\/v2\/product\/8006","targetHints":{"allow":["GET"]}}],"collection":[{"href":"https:\/\/saumaustarvike.fi\/verkkokauppa\/wp-json\/wp\/v2\/product"}],"about":[{"href":"https:\/\/saumaustarvike.fi\/verkkokauppa\/wp-json\/wp\/v2\/types\/product"}],"replies":[{"embeddable":true,"href":"https:\/\/saumaustarvike.fi\/verkkokauppa\/wp-json\/wp\/v2\/comments?post=8006"}],"wp:featuredmedia":[{"embeddable":true,"href":"https:\/\/saumaustarvike.fi\/verkkokauppa\/wp-json\/wp\/v2\/media\/16410"}],"wp:attachment":[{"href":"https:\/\/saumaustarvike.fi\/verkkokauppa\/wp-json\/wp\/v2\/media?parent=8006"}],"wp:term":[{"taxonomy":"product_cat","embeddable":true,"href":"https:\/\/saumaustarvike.fi\/verkkokauppa\/wp-json\/wp\/v2\/product_cat?post=8006"},{"taxonomy":"product_tag","embeddable":true,"href":"https:\/\/saumaustarvike.fi\/verkkokauppa\/wp-json\/wp\/v2\/product_tag?post=8006"}],"curies":[{"name":"wp","href":"https:\/\/api.w.org\/{rel}","templated":true}]}}