{"id":8070,"date":"2015-11-04T09:28:06","date_gmt":"2015-11-04T07:28:06","guid":{"rendered":"https:\/\/saumaustarvike.fi\/verkkokauppa\/kauppa\/illbruck\/tremco-metyylietyyliketoni-puhdistusaine-1-l\/"},"modified":"2024-09-02T09:34:31","modified_gmt":"2024-09-02T06:34:31","slug":"tremco-mek-puhdistuaine-1-l","status":"publish","type":"product","link":"https:\/\/saumaustarvike.fi\/verkkokauppa\/kauppa\/tuotemerkit\/illbruck\/illbruck-cleanerit-primerit-ja-viimeistelyaineet\/tremco-mek-puhdistuaine-1-l\/","title":{"rendered":"Illbruck MEK Puhdistuaine 1 L"},"content":{"rendered":"<h1>Illbruck &#8211; Metyylietyyliketoni &#8211; Puhdistusaine 1 l<\/h1>\n<h2>K\u00e4ytt\u00f6tarkoitus<\/h2>\n<p>K\u00e4ytet\u00e4\u00e4n puhdistusaineena. Poistaa lian, rasvan, liuttomien ym. ep\u00e4puhtaudet pinnoilta.<\/p>\n<h3>V\u00e4ri ja olomuoto<\/h3>\n<p>Kirkas, nestem\u00e4inen<\/p>\n<h3>Pakkaus<\/h3>\n<p>1000 ml pullo<\/p>\n<h3>Muilla nimill\u00e4<\/h3>\n<p>2-butanoni<br \/>\nmetyyliasetoni<br \/>\nmetyylipropanoni<\/p>\n<h3>Kuljetusluokka<\/h3>\n<p>UN1193, Luokka 3, Lipuke 2<\/p>\n","protected":false},"excerpt":{"rendered":"<p>K\u00e4ytet\u00e4\u00e4n puhdistusaineena. Poistaa lian, rasvan, liuttomien ym. ep\u00e4puhtaudet pinnoilta.<\/p>\n","protected":false},"featured_media":16336,"comment_status":"open","ping_status":"closed","template":"","meta":{"_acf_changed":false},"product_cat":[1546,1606],"product_tag":[682,511,681,85,680,78],"class_list":{"0":"post-8070","1":"product","2":"type-product","3":"status-publish","4":"has-post-thumbnail","6":"product_brand-illbruck","7":"product_cat-cleanerit-primerit-puhdistusaineet-viimeistelyaineet","8":"product_cat-illbruck-cleanerit-primerit-ja-viimeistelyaineet","9":"product_tag-asetoni","10":"product_tag-illbruck","11":"product_tag-metyylietyyliketoni","12":"product_tag-pohjuste","13":"product_tag-puhdistusaine","14":"product_tag-tremco","15":"product_shipping_class-vak","17":"first","18":"instock","19":"taxable","20":"shipping-taxable","21":"purchasable","22":"product-type-simple"},"acf":[],"yoast_head":"<!-- This site is optimized with the Yoast SEO plugin v27.3 - https:\/\/yoast.com\/product\/yoast-seo-wordpress\/ -->\n<title>Illbruck MEK Puhdistuaine 1 L - Saumaustarvike.fi<\/title>\n<meta name=\"robots\" content=\"index, follow, max-snippet:-1, max-image-preview:large, max-video-preview:-1\" \/>\n<link rel=\"canonical\" href=\"https:\/\/saumaustarvike.fi\/verkkokauppa\/kauppa\/tuotemerkit\/illbruck\/illbruck-cleanerit-primerit-ja-viimeistelyaineet\/tremco-mek-puhdistuaine-1-l\/\" \/>\n<meta property=\"og:locale\" content=\"fi_FI\" \/>\n<meta property=\"og:type\" content=\"article\" \/>\n<meta property=\"og:title\" content=\"Illbruck MEK Puhdistuaine 1 L - Saumaustarvike.fi\" \/>\n<meta property=\"og:description\" content=\"K\u00e4ytet\u00e4\u00e4n puhdistusaineena. Poistaa lian, rasvan, liuttomien ym. ep\u00e4puhtaudet pinnoilta.\" \/>\n<meta property=\"og:url\" content=\"https:\/\/saumaustarvike.fi\/verkkokauppa\/kauppa\/tuotemerkit\/illbruck\/illbruck-cleanerit-primerit-ja-viimeistelyaineet\/tremco-mek-puhdistuaine-1-l\/\" \/>\n<meta property=\"og:site_name\" content=\"Saumaustarvike.fi\" \/>\n<meta property=\"article:publisher\" content=\"https:\/\/www.facebook.com\/Saumalaakso\" \/>\n<meta property=\"article:modified_time\" content=\"2024-09-02T06:34:31+00:00\" \/>\n<meta property=\"og:image\" content=\"https:\/\/saumaustarvike.fi\/verkkokauppa\/content\/uploads\/2015\/11\/Saumaustarvike-illbruck-MEK-Puhdistuaine.jpg\" \/>\n\t<meta property=\"og:image:width\" content=\"1000\" \/>\n\t<meta property=\"og:image:height\" content=\"1000\" \/>\n\t<meta property=\"og:image:type\" content=\"image\/jpeg\" \/>\n<script type=\"application\/ld+json\" class=\"yoast-schema-graph\">{\"@context\":\"https:\\\/\\\/schema.org\",\"@graph\":[{\"@type\":\"WebPage\",\"@id\":\"https:\\\/\\\/saumaustarvike.fi\\\/verkkokauppa\\\/kauppa\\\/tuotemerkit\\\/illbruck\\\/illbruck-cleanerit-primerit-ja-viimeistelyaineet\\\/tremco-mek-puhdistuaine-1-l\\\/\",\"url\":\"https:\\\/\\\/saumaustarvike.fi\\\/verkkokauppa\\\/kauppa\\\/tuotemerkit\\\/illbruck\\\/illbruck-cleanerit-primerit-ja-viimeistelyaineet\\\/tremco-mek-puhdistuaine-1-l\\\/\",\"name\":\"Illbruck MEK Puhdistuaine 1 L - Saumaustarvike.fi\",\"isPartOf\":{\"@id\":\"https:\\\/\\\/saumaustarvike.fi\\\/verkkokauppa\\\/#website\"},\"primaryImageOfPage\":{\"@id\":\"https:\\\/\\\/saumaustarvike.fi\\\/verkkokauppa\\\/kauppa\\\/tuotemerkit\\\/illbruck\\\/illbruck-cleanerit-primerit-ja-viimeistelyaineet\\\/tremco-mek-puhdistuaine-1-l\\\/#primaryimage\"},\"image\":{\"@id\":\"https:\\\/\\\/saumaustarvike.fi\\\/verkkokauppa\\\/kauppa\\\/tuotemerkit\\\/illbruck\\\/illbruck-cleanerit-primerit-ja-viimeistelyaineet\\\/tremco-mek-puhdistuaine-1-l\\\/#primaryimage\"},\"thumbnailUrl\":\"https:\\\/\\\/saumaustarvike.fi\\\/verkkokauppa\\\/wp-content\\\/uploads\\\/2015\\\/11\\\/Saumaustarvike-illbruck-MEK-Puhdistuaine.jpg\",\"datePublished\":\"2015-11-04T07:28:06+00:00\",\"dateModified\":\"2024-09-02T06:34:31+00:00\",\"breadcrumb\":{\"@id\":\"https:\\\/\\\/saumaustarvike.fi\\\/verkkokauppa\\\/kauppa\\\/tuotemerkit\\\/illbruck\\\/illbruck-cleanerit-primerit-ja-viimeistelyaineet\\\/tremco-mek-puhdistuaine-1-l\\\/#breadcrumb\"},\"inLanguage\":\"fi\",\"potentialAction\":[{\"@type\":\"ReadAction\",\"target\":[\"https:\\\/\\\/saumaustarvike.fi\\\/verkkokauppa\\\/kauppa\\\/tuotemerkit\\\/illbruck\\\/illbruck-cleanerit-primerit-ja-viimeistelyaineet\\\/tremco-mek-puhdistuaine-1-l\\\/\"]}]},{\"@type\":\"ImageObject\",\"inLanguage\":\"fi\",\"@id\":\"https:\\\/\\\/saumaustarvike.fi\\\/verkkokauppa\\\/kauppa\\\/tuotemerkit\\\/illbruck\\\/illbruck-cleanerit-primerit-ja-viimeistelyaineet\\\/tremco-mek-puhdistuaine-1-l\\\/#primaryimage\",\"url\":\"https:\\\/\\\/saumaustarvike.fi\\\/verkkokauppa\\\/wp-content\\\/uploads\\\/2015\\\/11\\\/Saumaustarvike-illbruck-MEK-Puhdistuaine.jpg\",\"contentUrl\":\"https:\\\/\\\/saumaustarvike.fi\\\/verkkokauppa\\\/wp-content\\\/uploads\\\/2015\\\/11\\\/Saumaustarvike-illbruck-MEK-Puhdistuaine.jpg\",\"width\":1000,\"height\":1000},{\"@type\":\"BreadcrumbList\",\"@id\":\"https:\\\/\\\/saumaustarvike.fi\\\/verkkokauppa\\\/kauppa\\\/tuotemerkit\\\/illbruck\\\/illbruck-cleanerit-primerit-ja-viimeistelyaineet\\\/tremco-mek-puhdistuaine-1-l\\\/#breadcrumb\",\"itemListElement\":[{\"@type\":\"ListItem\",\"position\":1,\"name\":\"Home\",\"item\":\"https:\\\/\\\/saumaustarvike.fi\\\/verkkokauppa\\\/\"},{\"@type\":\"ListItem\",\"position\":2,\"name\":\"Saumausmassat, tarvikkeet ja ty\u00f6kalut\",\"item\":\"https:\\\/\\\/saumaustarvike.fi\\\/verkkokauppa\\\/kauppa\\\/\"},{\"@type\":\"ListItem\",\"position\":3,\"name\":\"Illbruck MEK Puhdistuaine 1 L\"}]},{\"@type\":\"WebSite\",\"@id\":\"https:\\\/\\\/saumaustarvike.fi\\\/verkkokauppa\\\/#website\",\"url\":\"https:\\\/\\\/saumaustarvike.fi\\\/verkkokauppa\\\/\",\"name\":\"Saumaustarvike.fi\",\"description\":\"Saumausmassat, tarvikkeet ja ty&ouml;kalut\",\"publisher\":{\"@id\":\"https:\\\/\\\/saumaustarvike.fi\\\/verkkokauppa\\\/#organization\"},\"potentialAction\":[{\"@type\":\"SearchAction\",\"target\":{\"@type\":\"EntryPoint\",\"urlTemplate\":\"https:\\\/\\\/saumaustarvike.fi\\\/verkkokauppa\\\/?s={search_term_string}\"},\"query-input\":{\"@type\":\"PropertyValueSpecification\",\"valueRequired\":true,\"valueName\":\"search_term_string\"}}],\"inLanguage\":\"fi\"},{\"@type\":\"Organization\",\"@id\":\"https:\\\/\\\/saumaustarvike.fi\\\/verkkokauppa\\\/#organization\",\"name\":\"Saumaustarvike.fi\",\"url\":\"https:\\\/\\\/saumaustarvike.fi\\\/verkkokauppa\\\/\",\"logo\":{\"@type\":\"ImageObject\",\"inLanguage\":\"fi\",\"@id\":\"https:\\\/\\\/saumaustarvike.fi\\\/verkkokauppa\\\/#\\\/schema\\\/logo\\\/image\\\/\",\"url\":\"https:\\\/\\\/saumaustarvike.fi\\\/verkkokauppa\\\/wp-content\\\/uploads\\\/2019\\\/02\\\/logo.png\",\"contentUrl\":\"https:\\\/\\\/saumaustarvike.fi\\\/verkkokauppa\\\/wp-content\\\/uploads\\\/2019\\\/02\\\/logo.png\",\"width\":806,\"height\":150,\"caption\":\"Saumaustarvike.fi\"},\"image\":{\"@id\":\"https:\\\/\\\/saumaustarvike.fi\\\/verkkokauppa\\\/#\\\/schema\\\/logo\\\/image\\\/\"},\"sameAs\":[\"https:\\\/\\\/www.facebook.com\\\/Saumalaakso\"]}]}<\/script>\n<!-- \/ Yoast SEO plugin. -->","yoast_head_json":{"title":"Illbruck MEK Puhdistuaine 1 L - Saumaustarvike.fi","robots":{"index":"index","follow":"follow","max-snippet":"max-snippet:-1","max-image-preview":"max-image-preview:large","max-video-preview":"max-video-preview:-1"},"canonical":"https:\/\/saumaustarvike.fi\/verkkokauppa\/kauppa\/tuotemerkit\/illbruck\/illbruck-cleanerit-primerit-ja-viimeistelyaineet\/tremco-mek-puhdistuaine-1-l\/","og_locale":"fi_FI","og_type":"article","og_title":"Illbruck MEK Puhdistuaine 1 L - Saumaustarvike.fi","og_description":"K\u00e4ytet\u00e4\u00e4n puhdistusaineena. Poistaa lian, rasvan, liuttomien ym. ep\u00e4puhtaudet pinnoilta.","og_url":"https:\/\/saumaustarvike.fi\/verkkokauppa\/kauppa\/tuotemerkit\/illbruck\/illbruck-cleanerit-primerit-ja-viimeistelyaineet\/tremco-mek-puhdistuaine-1-l\/","og_site_name":"Saumaustarvike.fi","article_publisher":"https:\/\/www.facebook.com\/Saumalaakso","article_modified_time":"2024-09-02T06:34:31+00:00","og_image":[{"width":1000,"height":1000,"url":"https:\/\/saumaustarvike.fi\/verkkokauppa\/content\/uploads\/2015\/11\/Saumaustarvike-illbruck-MEK-Puhdistuaine.jpg","type":"image\/jpeg"}],"schema":{"@context":"https:\/\/schema.org","@graph":[{"@type":"WebPage","@id":"https:\/\/saumaustarvike.fi\/verkkokauppa\/kauppa\/tuotemerkit\/illbruck\/illbruck-cleanerit-primerit-ja-viimeistelyaineet\/tremco-mek-puhdistuaine-1-l\/","url":"https:\/\/saumaustarvike.fi\/verkkokauppa\/kauppa\/tuotemerkit\/illbruck\/illbruck-cleanerit-primerit-ja-viimeistelyaineet\/tremco-mek-puhdistuaine-1-l\/","name":"Illbruck MEK Puhdistuaine 1 L - Saumaustarvike.fi","isPartOf":{"@id":"https:\/\/saumaustarvike.fi\/verkkokauppa\/#website"},"primaryImageOfPage":{"@id":"https:\/\/saumaustarvike.fi\/verkkokauppa\/kauppa\/tuotemerkit\/illbruck\/illbruck-cleanerit-primerit-ja-viimeistelyaineet\/tremco-mek-puhdistuaine-1-l\/#primaryimage"},"image":{"@id":"https:\/\/saumaustarvike.fi\/verkkokauppa\/kauppa\/tuotemerkit\/illbruck\/illbruck-cleanerit-primerit-ja-viimeistelyaineet\/tremco-mek-puhdistuaine-1-l\/#primaryimage"},"thumbnailUrl":"https:\/\/saumaustarvike.fi\/verkkokauppa\/wp-content\/uploads\/2015\/11\/Saumaustarvike-illbruck-MEK-Puhdistuaine.jpg","datePublished":"2015-11-04T07:28:06+00:00","dateModified":"2024-09-02T06:34:31+00:00","breadcrumb":{"@id":"https:\/\/saumaustarvike.fi\/verkkokauppa\/kauppa\/tuotemerkit\/illbruck\/illbruck-cleanerit-primerit-ja-viimeistelyaineet\/tremco-mek-puhdistuaine-1-l\/#breadcrumb"},"inLanguage":"fi","potentialAction":[{"@type":"ReadAction","target":["https:\/\/saumaustarvike.fi\/verkkokauppa\/kauppa\/tuotemerkit\/illbruck\/illbruck-cleanerit-primerit-ja-viimeistelyaineet\/tremco-mek-puhdistuaine-1-l\/"]}]},{"@type":"ImageObject","inLanguage":"fi","@id":"https:\/\/saumaustarvike.fi\/verkkokauppa\/kauppa\/tuotemerkit\/illbruck\/illbruck-cleanerit-primerit-ja-viimeistelyaineet\/tremco-mek-puhdistuaine-1-l\/#primaryimage","url":"https:\/\/saumaustarvike.fi\/verkkokauppa\/wp-content\/uploads\/2015\/11\/Saumaustarvike-illbruck-MEK-Puhdistuaine.jpg","contentUrl":"https:\/\/saumaustarvike.fi\/verkkokauppa\/wp-content\/uploads\/2015\/11\/Saumaustarvike-illbruck-MEK-Puhdistuaine.jpg","width":1000,"height":1000},{"@type":"BreadcrumbList","@id":"https:\/\/saumaustarvike.fi\/verkkokauppa\/kauppa\/tuotemerkit\/illbruck\/illbruck-cleanerit-primerit-ja-viimeistelyaineet\/tremco-mek-puhdistuaine-1-l\/#breadcrumb","itemListElement":[{"@type":"ListItem","position":1,"name":"Home","item":"https:\/\/saumaustarvike.fi\/verkkokauppa\/"},{"@type":"ListItem","position":2,"name":"Saumausmassat, tarvikkeet ja ty\u00f6kalut","item":"https:\/\/saumaustarvike.fi\/verkkokauppa\/kauppa\/"},{"@type":"ListItem","position":3,"name":"Illbruck MEK Puhdistuaine 1 L"}]},{"@type":"WebSite","@id":"https:\/\/saumaustarvike.fi\/verkkokauppa\/#website","url":"https:\/\/saumaustarvike.fi\/verkkokauppa\/","name":"Saumaustarvike.fi","description":"Saumausmassat, tarvikkeet ja ty&ouml;kalut","publisher":{"@id":"https:\/\/saumaustarvike.fi\/verkkokauppa\/#organization"},"potentialAction":[{"@type":"SearchAction","target":{"@type":"EntryPoint","urlTemplate":"https:\/\/saumaustarvike.fi\/verkkokauppa\/?s={search_term_string}"},"query-input":{"@type":"PropertyValueSpecification","valueRequired":true,"valueName":"search_term_string"}}],"inLanguage":"fi"},{"@type":"Organization","@id":"https:\/\/saumaustarvike.fi\/verkkokauppa\/#organization","name":"Saumaustarvike.fi","url":"https:\/\/saumaustarvike.fi\/verkkokauppa\/","logo":{"@type":"ImageObject","inLanguage":"fi","@id":"https:\/\/saumaustarvike.fi\/verkkokauppa\/#\/schema\/logo\/image\/","url":"https:\/\/saumaustarvike.fi\/verkkokauppa\/wp-content\/uploads\/2019\/02\/logo.png","contentUrl":"https:\/\/saumaustarvike.fi\/verkkokauppa\/wp-content\/uploads\/2019\/02\/logo.png","width":806,"height":150,"caption":"Saumaustarvike.fi"},"image":{"@id":"https:\/\/saumaustarvike.fi\/verkkokauppa\/#\/schema\/logo\/image\/"},"sameAs":["https:\/\/www.facebook.com\/Saumalaakso"]}]}},"jetpack_sharing_enabled":true,"_links":{"self":[{"href":"https:\/\/saumaustarvike.fi\/verkkokauppa\/wp-json\/wp\/v2\/product\/8070","targetHints":{"allow":["GET"]}}],"collection":[{"href":"https:\/\/saumaustarvike.fi\/verkkokauppa\/wp-json\/wp\/v2\/product"}],"about":[{"href":"https:\/\/saumaustarvike.fi\/verkkokauppa\/wp-json\/wp\/v2\/types\/product"}],"replies":[{"embeddable":true,"href":"https:\/\/saumaustarvike.fi\/verkkokauppa\/wp-json\/wp\/v2\/comments?post=8070"}],"wp:featuredmedia":[{"embeddable":true,"href":"https:\/\/saumaustarvike.fi\/verkkokauppa\/wp-json\/wp\/v2\/media\/16336"}],"wp:attachment":[{"href":"https:\/\/saumaustarvike.fi\/verkkokauppa\/wp-json\/wp\/v2\/media?parent=8070"}],"wp:term":[{"taxonomy":"product_cat","embeddable":true,"href":"https:\/\/saumaustarvike.fi\/verkkokauppa\/wp-json\/wp\/v2\/product_cat?post=8070"},{"taxonomy":"product_tag","embeddable":true,"href":"https:\/\/saumaustarvike.fi\/verkkokauppa\/wp-json\/wp\/v2\/product_tag?post=8070"}],"curies":[{"name":"wp","href":"https:\/\/api.w.org\/{rel}","templated":true}]}}