{"id":8399,"date":"2015-12-24T13:27:17","date_gmt":"2015-12-24T11:27:17","guid":{"rendered":"https:\/\/saumaustarvike.fi\/verkkokauppa\/?post_type=product&#038;p=8399"},"modified":"2024-09-12T20:16:13","modified_gmt":"2024-09-12T17:16:13","slug":"sokeva-biocomb-puhdas-katto","status":"publish","type":"product","link":"https:\/\/saumaustarvike.fi\/verkkokauppa\/kauppa\/tuotemerkit\/sokeva-tuotemerkit\/sokeva-biocomb-ja-benac\/sokeva-biocomb-puhdas-katto\/","title":{"rendered":"Sokeva BioComb Puhdas katto"},"content":{"rendered":"<h1>Sokeva BioComb Puhdas katto<\/h1>\n<p>BioComb -Puhdas katto on laajavaikutteinen mikrobikasvuston (home, lev\u00e4, sammal, j\u00e4k\u00e4l\u00e4, sieni) tuho- ja suoja-aine, joka tuhoaa kasvuston ja antaa k\u00e4sitellyille pinnoille pitk\u00e4aikaisen suojan jopa 4-5 vuodeksi eteenp\u00e4in k\u00e4sittelyst\u00e4. K\u00e4sittelyn j\u00e4lkeen voidaan pintojen puhdistuminen j\u00e4tt\u00e4\u00e4 luonnon ( sade ja tuuli) hoidettavaksi. Aine on biohajoava, hajoaa luontoon takaisin 24h sis\u00e4ll\u00e4.<\/p>\n<h2>K\u00e4ytt\u00f6kohteet<\/h2>\n<p>Puhdas katto sopii k\u00e4ytett\u00e4v\u00e4ksi tiili-, huopa-,mineriitti- ja peltikatoilla, muuratuilla tai rapatuilla sein\u00e4pinnoilla, kiveyksill\u00e4, pihalaatoilla, sokkeleissa yms.<\/p>\n<h2>Edut<\/h2>\n<p>Edullinen &#8211; Helppo k\u00e4ytt\u00e4\u00e4 ja k\u00e4sitell\u00e4 &#8211; Antaa pitk\u00e4aikaisen suojan uutta kasvustoa vastaan.<\/p>\n<h2>V\u00e4ri<\/h2>\n<p>Kirkas<\/p>\n<h2>Pakkaus<\/h2>\n<p>5L<\/p>\n<h2>Menekki<\/h2>\n<p>Menekki on riippuvainen alustan karkeudesta, huokoisuudesta ja kasvuston paksuudesta. Valmiiksi laimennetulla liuoksella voidaan k\u00e4sitell\u00e4\u00e4n noin 4-7m2.<\/p>\n<p><iframe loading=\"lazy\" width=\"980\" height=\"551\" src=\"https:\/\/www.youtube.com\/embed\/FCH80NlSV7g?feature=oembed\" frameborder=\"0\" allow=\"autoplay; encrypted-media\" allowfullscreen><\/iframe><\/p>\n","protected":false},"excerpt":{"rendered":"<p>BioComb -Puhdas katto on laajavaikutteinen mikrobikasvuston (home, lev\u00e4, sammal, j\u00e4k\u00e4l\u00e4, sieni) tuho- ja suoja-aine, joka tuhoaa kasvuston ja antaa k\u00e4sitellyille pinnoille pitk\u00e4aikaisen suojan jopa 4-5 vuodeksi eteenp\u00e4in k\u00e4sittelyst\u00e4.<\/p>\n","protected":false},"featured_media":8400,"comment_status":"open","ping_status":"closed","template":"","meta":{"_acf_changed":false},"product_cat":[2154,1546,1560],"product_tag":[846,848,851,849,850,847,852,845,853],"class_list":{"0":"post-8399","1":"product","2":"type-product","3":"status-publish","4":"has-post-thumbnail","6":"product_brand-sokeva","7":"product_cat-sokeva-biocomb-ja-benac","8":"product_cat-cleanerit-primerit-puhdistusaineet-viimeistelyaineet","9":"product_cat-kattotuotteet","10":"product_tag-biocomb","11":"product_tag-home","12":"product_tag-jakala","13":"product_tag-leva","14":"product_tag-mikrobi","15":"product_tag-puhdas-katto","16":"product_tag-sieni","17":"product_tag-sokeva","18":"product_tag-suoja-aine","20":"first","21":"instock","22":"taxable","23":"shipping-taxable","24":"purchasable","25":"product-type-simple"},"acf":[],"yoast_head":"<!-- This site is optimized with the Yoast SEO plugin v27.3 - https:\/\/yoast.com\/product\/yoast-seo-wordpress\/ -->\n<title>Sokeva BioComb Puhdas katto - Saumaustarvike.fi<\/title>\n<meta name=\"robots\" content=\"index, follow, max-snippet:-1, max-image-preview:large, max-video-preview:-1\" \/>\n<link rel=\"canonical\" href=\"https:\/\/saumaustarvike.fi\/verkkokauppa\/kauppa\/tuotemerkit\/sokeva-tuotemerkit\/sokeva-biocomb-ja-benac\/sokeva-biocomb-puhdas-katto\/\" \/>\n<meta property=\"og:locale\" content=\"fi_FI\" \/>\n<meta property=\"og:type\" content=\"article\" \/>\n<meta property=\"og:title\" content=\"Sokeva BioComb Puhdas katto - Saumaustarvike.fi\" \/>\n<meta property=\"og:description\" content=\"BioComb -Puhdas katto on laajavaikutteinen mikrobikasvuston (home, lev\u00e4, sammal, j\u00e4k\u00e4l\u00e4, sieni) tuho- ja suoja-aine, joka tuhoaa kasvuston ja antaa k\u00e4sitellyille pinnoille pitk\u00e4aikaisen suojan jopa 4-5 vuodeksi eteenp\u00e4in k\u00e4sittelyst\u00e4.\" \/>\n<meta property=\"og:url\" content=\"https:\/\/saumaustarvike.fi\/verkkokauppa\/kauppa\/tuotemerkit\/sokeva-tuotemerkit\/sokeva-biocomb-ja-benac\/sokeva-biocomb-puhdas-katto\/\" \/>\n<meta property=\"og:site_name\" content=\"Saumaustarvike.fi\" \/>\n<meta property=\"article:publisher\" content=\"https:\/\/www.facebook.com\/Saumalaakso\" \/>\n<meta property=\"article:modified_time\" content=\"2024-09-12T17:16:13+00:00\" \/>\n<meta property=\"og:image\" content=\"https:\/\/saumaustarvike.fi\/verkkokauppa\/content\/uploads\/2015\/12\/Sokeva-Puhdas-katto-IM202203.gif\" \/>\n\t<meta property=\"og:image:width\" content=\"1000\" \/>\n\t<meta property=\"og:image:height\" content=\"1000\" \/>\n\t<meta property=\"og:image:type\" content=\"image\/gif\" \/>\n<meta name=\"twitter:label1\" content=\"Arvioitu lukuaika\" \/>\n\t<meta name=\"twitter:data1\" content=\"1 minuutti\" \/>\n<script type=\"application\/ld+json\" class=\"yoast-schema-graph\">{\"@context\":\"https:\\\/\\\/schema.org\",\"@graph\":[{\"@type\":\"WebPage\",\"@id\":\"https:\\\/\\\/saumaustarvike.fi\\\/verkkokauppa\\\/kauppa\\\/tuotemerkit\\\/sokeva-tuotemerkit\\\/sokeva-biocomb-ja-benac\\\/sokeva-biocomb-puhdas-katto\\\/\",\"url\":\"https:\\\/\\\/saumaustarvike.fi\\\/verkkokauppa\\\/kauppa\\\/tuotemerkit\\\/sokeva-tuotemerkit\\\/sokeva-biocomb-ja-benac\\\/sokeva-biocomb-puhdas-katto\\\/\",\"name\":\"Sokeva BioComb Puhdas katto - Saumaustarvike.fi\",\"isPartOf\":{\"@id\":\"https:\\\/\\\/saumaustarvike.fi\\\/verkkokauppa\\\/#website\"},\"primaryImageOfPage\":{\"@id\":\"https:\\\/\\\/saumaustarvike.fi\\\/verkkokauppa\\\/kauppa\\\/tuotemerkit\\\/sokeva-tuotemerkit\\\/sokeva-biocomb-ja-benac\\\/sokeva-biocomb-puhdas-katto\\\/#primaryimage\"},\"image\":{\"@id\":\"https:\\\/\\\/saumaustarvike.fi\\\/verkkokauppa\\\/kauppa\\\/tuotemerkit\\\/sokeva-tuotemerkit\\\/sokeva-biocomb-ja-benac\\\/sokeva-biocomb-puhdas-katto\\\/#primaryimage\"},\"thumbnailUrl\":\"https:\\\/\\\/saumaustarvike.fi\\\/verkkokauppa\\\/wp-content\\\/uploads\\\/2015\\\/12\\\/Sokeva-Puhdas-katto-IM202203.gif\",\"datePublished\":\"2015-12-24T11:27:17+00:00\",\"dateModified\":\"2024-09-12T17:16:13+00:00\",\"breadcrumb\":{\"@id\":\"https:\\\/\\\/saumaustarvike.fi\\\/verkkokauppa\\\/kauppa\\\/tuotemerkit\\\/sokeva-tuotemerkit\\\/sokeva-biocomb-ja-benac\\\/sokeva-biocomb-puhdas-katto\\\/#breadcrumb\"},\"inLanguage\":\"fi\",\"potentialAction\":[{\"@type\":\"ReadAction\",\"target\":[\"https:\\\/\\\/saumaustarvike.fi\\\/verkkokauppa\\\/kauppa\\\/tuotemerkit\\\/sokeva-tuotemerkit\\\/sokeva-biocomb-ja-benac\\\/sokeva-biocomb-puhdas-katto\\\/\"]}]},{\"@type\":\"ImageObject\",\"inLanguage\":\"fi\",\"@id\":\"https:\\\/\\\/saumaustarvike.fi\\\/verkkokauppa\\\/kauppa\\\/tuotemerkit\\\/sokeva-tuotemerkit\\\/sokeva-biocomb-ja-benac\\\/sokeva-biocomb-puhdas-katto\\\/#primaryimage\",\"url\":\"https:\\\/\\\/saumaustarvike.fi\\\/verkkokauppa\\\/wp-content\\\/uploads\\\/2015\\\/12\\\/Sokeva-Puhdas-katto-IM202203.gif\",\"contentUrl\":\"https:\\\/\\\/saumaustarvike.fi\\\/verkkokauppa\\\/wp-content\\\/uploads\\\/2015\\\/12\\\/Sokeva-Puhdas-katto-IM202203.gif\",\"width\":1000,\"height\":1000},{\"@type\":\"BreadcrumbList\",\"@id\":\"https:\\\/\\\/saumaustarvike.fi\\\/verkkokauppa\\\/kauppa\\\/tuotemerkit\\\/sokeva-tuotemerkit\\\/sokeva-biocomb-ja-benac\\\/sokeva-biocomb-puhdas-katto\\\/#breadcrumb\",\"itemListElement\":[{\"@type\":\"ListItem\",\"position\":1,\"name\":\"Home\",\"item\":\"https:\\\/\\\/saumaustarvike.fi\\\/verkkokauppa\\\/\"},{\"@type\":\"ListItem\",\"position\":2,\"name\":\"Saumausmassat, tarvikkeet ja ty\u00f6kalut\",\"item\":\"https:\\\/\\\/saumaustarvike.fi\\\/verkkokauppa\\\/kauppa\\\/\"},{\"@type\":\"ListItem\",\"position\":3,\"name\":\"Sokeva BioComb Puhdas katto\"}]},{\"@type\":\"WebSite\",\"@id\":\"https:\\\/\\\/saumaustarvike.fi\\\/verkkokauppa\\\/#website\",\"url\":\"https:\\\/\\\/saumaustarvike.fi\\\/verkkokauppa\\\/\",\"name\":\"Saumaustarvike.fi\",\"description\":\"Saumausmassat, tarvikkeet ja ty&ouml;kalut\",\"publisher\":{\"@id\":\"https:\\\/\\\/saumaustarvike.fi\\\/verkkokauppa\\\/#organization\"},\"potentialAction\":[{\"@type\":\"SearchAction\",\"target\":{\"@type\":\"EntryPoint\",\"urlTemplate\":\"https:\\\/\\\/saumaustarvike.fi\\\/verkkokauppa\\\/?s={search_term_string}\"},\"query-input\":{\"@type\":\"PropertyValueSpecification\",\"valueRequired\":true,\"valueName\":\"search_term_string\"}}],\"inLanguage\":\"fi\"},{\"@type\":\"Organization\",\"@id\":\"https:\\\/\\\/saumaustarvike.fi\\\/verkkokauppa\\\/#organization\",\"name\":\"Saumaustarvike.fi\",\"url\":\"https:\\\/\\\/saumaustarvike.fi\\\/verkkokauppa\\\/\",\"logo\":{\"@type\":\"ImageObject\",\"inLanguage\":\"fi\",\"@id\":\"https:\\\/\\\/saumaustarvike.fi\\\/verkkokauppa\\\/#\\\/schema\\\/logo\\\/image\\\/\",\"url\":\"https:\\\/\\\/saumaustarvike.fi\\\/verkkokauppa\\\/wp-content\\\/uploads\\\/2019\\\/02\\\/logo.png\",\"contentUrl\":\"https:\\\/\\\/saumaustarvike.fi\\\/verkkokauppa\\\/wp-content\\\/uploads\\\/2019\\\/02\\\/logo.png\",\"width\":806,\"height\":150,\"caption\":\"Saumaustarvike.fi\"},\"image\":{\"@id\":\"https:\\\/\\\/saumaustarvike.fi\\\/verkkokauppa\\\/#\\\/schema\\\/logo\\\/image\\\/\"},\"sameAs\":[\"https:\\\/\\\/www.facebook.com\\\/Saumalaakso\"]}]}<\/script>\n<!-- \/ Yoast SEO plugin. -->","yoast_head_json":{"title":"Sokeva BioComb Puhdas katto - Saumaustarvike.fi","robots":{"index":"index","follow":"follow","max-snippet":"max-snippet:-1","max-image-preview":"max-image-preview:large","max-video-preview":"max-video-preview:-1"},"canonical":"https:\/\/saumaustarvike.fi\/verkkokauppa\/kauppa\/tuotemerkit\/sokeva-tuotemerkit\/sokeva-biocomb-ja-benac\/sokeva-biocomb-puhdas-katto\/","og_locale":"fi_FI","og_type":"article","og_title":"Sokeva BioComb Puhdas katto - Saumaustarvike.fi","og_description":"BioComb -Puhdas katto on laajavaikutteinen mikrobikasvuston (home, lev\u00e4, sammal, j\u00e4k\u00e4l\u00e4, sieni) tuho- ja suoja-aine, joka tuhoaa kasvuston ja antaa k\u00e4sitellyille pinnoille pitk\u00e4aikaisen suojan jopa 4-5 vuodeksi eteenp\u00e4in k\u00e4sittelyst\u00e4.","og_url":"https:\/\/saumaustarvike.fi\/verkkokauppa\/kauppa\/tuotemerkit\/sokeva-tuotemerkit\/sokeva-biocomb-ja-benac\/sokeva-biocomb-puhdas-katto\/","og_site_name":"Saumaustarvike.fi","article_publisher":"https:\/\/www.facebook.com\/Saumalaakso","article_modified_time":"2024-09-12T17:16:13+00:00","og_image":[{"width":1000,"height":1000,"url":"https:\/\/saumaustarvike.fi\/verkkokauppa\/content\/uploads\/2015\/12\/Sokeva-Puhdas-katto-IM202203.gif","type":"image\/gif"}],"twitter_misc":{"Arvioitu lukuaika":"1 minuutti"},"schema":{"@context":"https:\/\/schema.org","@graph":[{"@type":"WebPage","@id":"https:\/\/saumaustarvike.fi\/verkkokauppa\/kauppa\/tuotemerkit\/sokeva-tuotemerkit\/sokeva-biocomb-ja-benac\/sokeva-biocomb-puhdas-katto\/","url":"https:\/\/saumaustarvike.fi\/verkkokauppa\/kauppa\/tuotemerkit\/sokeva-tuotemerkit\/sokeva-biocomb-ja-benac\/sokeva-biocomb-puhdas-katto\/","name":"Sokeva BioComb Puhdas katto - Saumaustarvike.fi","isPartOf":{"@id":"https:\/\/saumaustarvike.fi\/verkkokauppa\/#website"},"primaryImageOfPage":{"@id":"https:\/\/saumaustarvike.fi\/verkkokauppa\/kauppa\/tuotemerkit\/sokeva-tuotemerkit\/sokeva-biocomb-ja-benac\/sokeva-biocomb-puhdas-katto\/#primaryimage"},"image":{"@id":"https:\/\/saumaustarvike.fi\/verkkokauppa\/kauppa\/tuotemerkit\/sokeva-tuotemerkit\/sokeva-biocomb-ja-benac\/sokeva-biocomb-puhdas-katto\/#primaryimage"},"thumbnailUrl":"https:\/\/saumaustarvike.fi\/verkkokauppa\/wp-content\/uploads\/2015\/12\/Sokeva-Puhdas-katto-IM202203.gif","datePublished":"2015-12-24T11:27:17+00:00","dateModified":"2024-09-12T17:16:13+00:00","breadcrumb":{"@id":"https:\/\/saumaustarvike.fi\/verkkokauppa\/kauppa\/tuotemerkit\/sokeva-tuotemerkit\/sokeva-biocomb-ja-benac\/sokeva-biocomb-puhdas-katto\/#breadcrumb"},"inLanguage":"fi","potentialAction":[{"@type":"ReadAction","target":["https:\/\/saumaustarvike.fi\/verkkokauppa\/kauppa\/tuotemerkit\/sokeva-tuotemerkit\/sokeva-biocomb-ja-benac\/sokeva-biocomb-puhdas-katto\/"]}]},{"@type":"ImageObject","inLanguage":"fi","@id":"https:\/\/saumaustarvike.fi\/verkkokauppa\/kauppa\/tuotemerkit\/sokeva-tuotemerkit\/sokeva-biocomb-ja-benac\/sokeva-biocomb-puhdas-katto\/#primaryimage","url":"https:\/\/saumaustarvike.fi\/verkkokauppa\/wp-content\/uploads\/2015\/12\/Sokeva-Puhdas-katto-IM202203.gif","contentUrl":"https:\/\/saumaustarvike.fi\/verkkokauppa\/wp-content\/uploads\/2015\/12\/Sokeva-Puhdas-katto-IM202203.gif","width":1000,"height":1000},{"@type":"BreadcrumbList","@id":"https:\/\/saumaustarvike.fi\/verkkokauppa\/kauppa\/tuotemerkit\/sokeva-tuotemerkit\/sokeva-biocomb-ja-benac\/sokeva-biocomb-puhdas-katto\/#breadcrumb","itemListElement":[{"@type":"ListItem","position":1,"name":"Home","item":"https:\/\/saumaustarvike.fi\/verkkokauppa\/"},{"@type":"ListItem","position":2,"name":"Saumausmassat, tarvikkeet ja ty\u00f6kalut","item":"https:\/\/saumaustarvike.fi\/verkkokauppa\/kauppa\/"},{"@type":"ListItem","position":3,"name":"Sokeva BioComb Puhdas katto"}]},{"@type":"WebSite","@id":"https:\/\/saumaustarvike.fi\/verkkokauppa\/#website","url":"https:\/\/saumaustarvike.fi\/verkkokauppa\/","name":"Saumaustarvike.fi","description":"Saumausmassat, tarvikkeet ja ty&ouml;kalut","publisher":{"@id":"https:\/\/saumaustarvike.fi\/verkkokauppa\/#organization"},"potentialAction":[{"@type":"SearchAction","target":{"@type":"EntryPoint","urlTemplate":"https:\/\/saumaustarvike.fi\/verkkokauppa\/?s={search_term_string}"},"query-input":{"@type":"PropertyValueSpecification","valueRequired":true,"valueName":"search_term_string"}}],"inLanguage":"fi"},{"@type":"Organization","@id":"https:\/\/saumaustarvike.fi\/verkkokauppa\/#organization","name":"Saumaustarvike.fi","url":"https:\/\/saumaustarvike.fi\/verkkokauppa\/","logo":{"@type":"ImageObject","inLanguage":"fi","@id":"https:\/\/saumaustarvike.fi\/verkkokauppa\/#\/schema\/logo\/image\/","url":"https:\/\/saumaustarvike.fi\/verkkokauppa\/wp-content\/uploads\/2019\/02\/logo.png","contentUrl":"https:\/\/saumaustarvike.fi\/verkkokauppa\/wp-content\/uploads\/2019\/02\/logo.png","width":806,"height":150,"caption":"Saumaustarvike.fi"},"image":{"@id":"https:\/\/saumaustarvike.fi\/verkkokauppa\/#\/schema\/logo\/image\/"},"sameAs":["https:\/\/www.facebook.com\/Saumalaakso"]}]}},"jetpack_sharing_enabled":true,"_links":{"self":[{"href":"https:\/\/saumaustarvike.fi\/verkkokauppa\/wp-json\/wp\/v2\/product\/8399","targetHints":{"allow":["GET"]}}],"collection":[{"href":"https:\/\/saumaustarvike.fi\/verkkokauppa\/wp-json\/wp\/v2\/product"}],"about":[{"href":"https:\/\/saumaustarvike.fi\/verkkokauppa\/wp-json\/wp\/v2\/types\/product"}],"replies":[{"embeddable":true,"href":"https:\/\/saumaustarvike.fi\/verkkokauppa\/wp-json\/wp\/v2\/comments?post=8399"}],"wp:featuredmedia":[{"embeddable":true,"href":"https:\/\/saumaustarvike.fi\/verkkokauppa\/wp-json\/wp\/v2\/media\/8400"}],"wp:attachment":[{"href":"https:\/\/saumaustarvike.fi\/verkkokauppa\/wp-json\/wp\/v2\/media?parent=8399"}],"wp:term":[{"taxonomy":"product_cat","embeddable":true,"href":"https:\/\/saumaustarvike.fi\/verkkokauppa\/wp-json\/wp\/v2\/product_cat?post=8399"},{"taxonomy":"product_tag","embeddable":true,"href":"https:\/\/saumaustarvike.fi\/verkkokauppa\/wp-json\/wp\/v2\/product_tag?post=8399"}],"curies":[{"name":"wp","href":"https:\/\/api.w.org\/{rel}","templated":true}]}}