{"id":8662,"date":"2016-04-12T10:08:59","date_gmt":"2016-04-12T07:08:59","guid":{"rendered":"https:\/\/saumaustarvike.fi\/verkkokauppa\/kauppa\/tarvikkeet\/mksulzer-putkensylinterin-paatyrengas-terasputki-202\/"},"modified":"2024-09-12T20:34:41","modified_gmt":"2024-09-12T17:34:41","slug":"sulzer-mk-kroger-putkensylinterin-paatyrengas-terasputki-202","status":"publish","type":"product","link":"https:\/\/saumaustarvike.fi\/verkkokauppa\/kauppa\/tuotemerkit\/sulzer-tuotemerkit\/sulzer-tarvikkeet-ja-varaosat\/sulzer-mk-kroger-putkensylinterin-paatyrengas-terasputki-202\/","title":{"rendered":"Sulzer &#8211; MK &#8211; Kr\u00f6ger Putken\/Sylinterin p\u00e4\u00e4tyrengas ter\u00e4sputki (202)"},"content":{"rendered":"<h1>Sulzer &#8211; MK &#8211; Kr\u00f6ger Putken\/Sylinterin p\u00e4\u00e4tyrengas ter\u00e4sputki (202)<\/h1>\n<p>Kynsiliitin<br \/>\nValmistajan osa nro. 202<\/p>\n","protected":false},"excerpt":{"rendered":"<p>Sulzer &#8211; MK &#8211; Kr\u00f6ger Putken\/Sylinterin p\u00e4\u00e4tyrengas ter\u00e4sputki (202)<\/p>\n","protected":false},"featured_media":17592,"comment_status":"open","ping_status":"closed","template":"","meta":{"_acf_changed":false},"product_cat":[2181,1570],"product_tag":[438,1117,175,437,436,669,899,898],"class_list":{"0":"post-8662","1":"product","2":"type-product","3":"status-publish","4":"has-post-thumbnail","6":"product_brand-sulzer","7":"product_cat-sulzer-tarvikkeet-ja-varaosat","8":"product_cat-varasosat-ja-tarvikkeet","9":"product_tag-kroger","10":"product_tag-kynsiliitin","11":"product_tag-massapuristin","12":"product_tag-mk-guns","13":"product_tag-sulzer","14":"product_tag-sylinteri","15":"product_tag-teras","16":"product_tag-terasputki","18":"first","19":"instock","20":"taxable","21":"shipping-taxable","22":"purchasable","23":"product-type-simple"},"acf":[],"yoast_head":"<!-- This site is optimized with the Yoast SEO plugin v27.3 - https:\/\/yoast.com\/product\/yoast-seo-wordpress\/ -->\n<title>Sulzer - MK - Kr\u00f6ger Putken\/Sylinterin p\u00e4\u00e4tyrengas ter\u00e4sputki (202) - Saumaustarvike.fi<\/title>\n<meta name=\"robots\" content=\"index, follow, max-snippet:-1, max-image-preview:large, max-video-preview:-1\" \/>\n<link rel=\"canonical\" href=\"https:\/\/saumaustarvike.fi\/verkkokauppa\/kauppa\/tuotemerkit\/sulzer-tuotemerkit\/sulzer-tarvikkeet-ja-varaosat\/sulzer-mk-kroger-putkensylinterin-paatyrengas-terasputki-202\/\" \/>\n<meta property=\"og:locale\" content=\"fi_FI\" \/>\n<meta property=\"og:type\" content=\"article\" \/>\n<meta property=\"og:title\" content=\"Sulzer - MK - Kr\u00f6ger Putken\/Sylinterin p\u00e4\u00e4tyrengas ter\u00e4sputki (202) - Saumaustarvike.fi\" \/>\n<meta property=\"og:description\" content=\"Sulzer - MK - Kr\u00f6ger Putken\/Sylinterin p\u00e4\u00e4tyrengas ter\u00e4sputki (202)\" \/>\n<meta property=\"og:url\" content=\"https:\/\/saumaustarvike.fi\/verkkokauppa\/kauppa\/tuotemerkit\/sulzer-tuotemerkit\/sulzer-tarvikkeet-ja-varaosat\/sulzer-mk-kroger-putkensylinterin-paatyrengas-terasputki-202\/\" \/>\n<meta property=\"og:site_name\" content=\"Saumaustarvike.fi\" \/>\n<meta property=\"article:publisher\" content=\"https:\/\/www.facebook.com\/Saumalaakso\" \/>\n<meta property=\"article:modified_time\" content=\"2024-09-12T17:34:41+00:00\" \/>\n<meta property=\"og:image\" content=\"https:\/\/saumaustarvike.fi\/verkkokauppa\/content\/uploads\/2016\/04\/Sulzer-putken-tai-sylinterin-paatyrengas-terasputki-202.png\" \/>\n\t<meta property=\"og:image:width\" content=\"1119\" \/>\n\t<meta property=\"og:image:height\" content=\"741\" \/>\n\t<meta property=\"og:image:type\" content=\"image\/png\" \/>\n<meta name=\"twitter:label1\" content=\"Arvioitu lukuaika\" \/>\n\t<meta name=\"twitter:data1\" content=\"1 minuutti\" \/>\n<script type=\"application\/ld+json\" class=\"yoast-schema-graph\">{\"@context\":\"https:\\\/\\\/schema.org\",\"@graph\":[{\"@type\":\"WebPage\",\"@id\":\"https:\\\/\\\/saumaustarvike.fi\\\/verkkokauppa\\\/kauppa\\\/tuotemerkit\\\/sulzer-tuotemerkit\\\/sulzer-tarvikkeet-ja-varaosat\\\/sulzer-mk-kroger-putkensylinterin-paatyrengas-terasputki-202\\\/\",\"url\":\"https:\\\/\\\/saumaustarvike.fi\\\/verkkokauppa\\\/kauppa\\\/tuotemerkit\\\/sulzer-tuotemerkit\\\/sulzer-tarvikkeet-ja-varaosat\\\/sulzer-mk-kroger-putkensylinterin-paatyrengas-terasputki-202\\\/\",\"name\":\"Sulzer - MK - Kr\u00f6ger Putken\\\/Sylinterin p\u00e4\u00e4tyrengas ter\u00e4sputki (202) - Saumaustarvike.fi\",\"isPartOf\":{\"@id\":\"https:\\\/\\\/saumaustarvike.fi\\\/verkkokauppa\\\/#website\"},\"primaryImageOfPage\":{\"@id\":\"https:\\\/\\\/saumaustarvike.fi\\\/verkkokauppa\\\/kauppa\\\/tuotemerkit\\\/sulzer-tuotemerkit\\\/sulzer-tarvikkeet-ja-varaosat\\\/sulzer-mk-kroger-putkensylinterin-paatyrengas-terasputki-202\\\/#primaryimage\"},\"image\":{\"@id\":\"https:\\\/\\\/saumaustarvike.fi\\\/verkkokauppa\\\/kauppa\\\/tuotemerkit\\\/sulzer-tuotemerkit\\\/sulzer-tarvikkeet-ja-varaosat\\\/sulzer-mk-kroger-putkensylinterin-paatyrengas-terasputki-202\\\/#primaryimage\"},\"thumbnailUrl\":\"https:\\\/\\\/saumaustarvike.fi\\\/verkkokauppa\\\/wp-content\\\/uploads\\\/2016\\\/04\\\/Sulzer-putken-tai-sylinterin-paatyrengas-terasputki-202.png\",\"datePublished\":\"2016-04-12T07:08:59+00:00\",\"dateModified\":\"2024-09-12T17:34:41+00:00\",\"breadcrumb\":{\"@id\":\"https:\\\/\\\/saumaustarvike.fi\\\/verkkokauppa\\\/kauppa\\\/tuotemerkit\\\/sulzer-tuotemerkit\\\/sulzer-tarvikkeet-ja-varaosat\\\/sulzer-mk-kroger-putkensylinterin-paatyrengas-terasputki-202\\\/#breadcrumb\"},\"inLanguage\":\"fi\",\"potentialAction\":[{\"@type\":\"ReadAction\",\"target\":[\"https:\\\/\\\/saumaustarvike.fi\\\/verkkokauppa\\\/kauppa\\\/tuotemerkit\\\/sulzer-tuotemerkit\\\/sulzer-tarvikkeet-ja-varaosat\\\/sulzer-mk-kroger-putkensylinterin-paatyrengas-terasputki-202\\\/\"]}]},{\"@type\":\"ImageObject\",\"inLanguage\":\"fi\",\"@id\":\"https:\\\/\\\/saumaustarvike.fi\\\/verkkokauppa\\\/kauppa\\\/tuotemerkit\\\/sulzer-tuotemerkit\\\/sulzer-tarvikkeet-ja-varaosat\\\/sulzer-mk-kroger-putkensylinterin-paatyrengas-terasputki-202\\\/#primaryimage\",\"url\":\"https:\\\/\\\/saumaustarvike.fi\\\/verkkokauppa\\\/wp-content\\\/uploads\\\/2016\\\/04\\\/Sulzer-putken-tai-sylinterin-paatyrengas-terasputki-202.png\",\"contentUrl\":\"https:\\\/\\\/saumaustarvike.fi\\\/verkkokauppa\\\/wp-content\\\/uploads\\\/2016\\\/04\\\/Sulzer-putken-tai-sylinterin-paatyrengas-terasputki-202.png\",\"width\":1119,\"height\":741},{\"@type\":\"BreadcrumbList\",\"@id\":\"https:\\\/\\\/saumaustarvike.fi\\\/verkkokauppa\\\/kauppa\\\/tuotemerkit\\\/sulzer-tuotemerkit\\\/sulzer-tarvikkeet-ja-varaosat\\\/sulzer-mk-kroger-putkensylinterin-paatyrengas-terasputki-202\\\/#breadcrumb\",\"itemListElement\":[{\"@type\":\"ListItem\",\"position\":1,\"name\":\"Home\",\"item\":\"https:\\\/\\\/saumaustarvike.fi\\\/verkkokauppa\\\/\"},{\"@type\":\"ListItem\",\"position\":2,\"name\":\"Saumausmassat, tarvikkeet ja ty\u00f6kalut\",\"item\":\"https:\\\/\\\/saumaustarvike.fi\\\/verkkokauppa\\\/kauppa\\\/\"},{\"@type\":\"ListItem\",\"position\":3,\"name\":\"Sulzer &#8211; MK &#8211; Kr\u00f6ger Putken\\\/Sylinterin p\u00e4\u00e4tyrengas ter\u00e4sputki (202)\"}]},{\"@type\":\"WebSite\",\"@id\":\"https:\\\/\\\/saumaustarvike.fi\\\/verkkokauppa\\\/#website\",\"url\":\"https:\\\/\\\/saumaustarvike.fi\\\/verkkokauppa\\\/\",\"name\":\"Saumaustarvike.fi\",\"description\":\"Saumausmassat, tarvikkeet ja ty&ouml;kalut\",\"publisher\":{\"@id\":\"https:\\\/\\\/saumaustarvike.fi\\\/verkkokauppa\\\/#organization\"},\"potentialAction\":[{\"@type\":\"SearchAction\",\"target\":{\"@type\":\"EntryPoint\",\"urlTemplate\":\"https:\\\/\\\/saumaustarvike.fi\\\/verkkokauppa\\\/?s={search_term_string}\"},\"query-input\":{\"@type\":\"PropertyValueSpecification\",\"valueRequired\":true,\"valueName\":\"search_term_string\"}}],\"inLanguage\":\"fi\"},{\"@type\":\"Organization\",\"@id\":\"https:\\\/\\\/saumaustarvike.fi\\\/verkkokauppa\\\/#organization\",\"name\":\"Saumaustarvike.fi\",\"url\":\"https:\\\/\\\/saumaustarvike.fi\\\/verkkokauppa\\\/\",\"logo\":{\"@type\":\"ImageObject\",\"inLanguage\":\"fi\",\"@id\":\"https:\\\/\\\/saumaustarvike.fi\\\/verkkokauppa\\\/#\\\/schema\\\/logo\\\/image\\\/\",\"url\":\"https:\\\/\\\/saumaustarvike.fi\\\/verkkokauppa\\\/wp-content\\\/uploads\\\/2019\\\/02\\\/logo.png\",\"contentUrl\":\"https:\\\/\\\/saumaustarvike.fi\\\/verkkokauppa\\\/wp-content\\\/uploads\\\/2019\\\/02\\\/logo.png\",\"width\":806,\"height\":150,\"caption\":\"Saumaustarvike.fi\"},\"image\":{\"@id\":\"https:\\\/\\\/saumaustarvike.fi\\\/verkkokauppa\\\/#\\\/schema\\\/logo\\\/image\\\/\"},\"sameAs\":[\"https:\\\/\\\/www.facebook.com\\\/Saumalaakso\"]}]}<\/script>\n<!-- \/ Yoast SEO plugin. -->","yoast_head_json":{"title":"Sulzer - MK - Kr\u00f6ger Putken\/Sylinterin p\u00e4\u00e4tyrengas ter\u00e4sputki (202) - Saumaustarvike.fi","robots":{"index":"index","follow":"follow","max-snippet":"max-snippet:-1","max-image-preview":"max-image-preview:large","max-video-preview":"max-video-preview:-1"},"canonical":"https:\/\/saumaustarvike.fi\/verkkokauppa\/kauppa\/tuotemerkit\/sulzer-tuotemerkit\/sulzer-tarvikkeet-ja-varaosat\/sulzer-mk-kroger-putkensylinterin-paatyrengas-terasputki-202\/","og_locale":"fi_FI","og_type":"article","og_title":"Sulzer - MK - Kr\u00f6ger Putken\/Sylinterin p\u00e4\u00e4tyrengas ter\u00e4sputki (202) - Saumaustarvike.fi","og_description":"Sulzer - MK - Kr\u00f6ger Putken\/Sylinterin p\u00e4\u00e4tyrengas ter\u00e4sputki (202)","og_url":"https:\/\/saumaustarvike.fi\/verkkokauppa\/kauppa\/tuotemerkit\/sulzer-tuotemerkit\/sulzer-tarvikkeet-ja-varaosat\/sulzer-mk-kroger-putkensylinterin-paatyrengas-terasputki-202\/","og_site_name":"Saumaustarvike.fi","article_publisher":"https:\/\/www.facebook.com\/Saumalaakso","article_modified_time":"2024-09-12T17:34:41+00:00","og_image":[{"width":1119,"height":741,"url":"https:\/\/saumaustarvike.fi\/verkkokauppa\/content\/uploads\/2016\/04\/Sulzer-putken-tai-sylinterin-paatyrengas-terasputki-202.png","type":"image\/png"}],"twitter_misc":{"Arvioitu lukuaika":"1 minuutti"},"schema":{"@context":"https:\/\/schema.org","@graph":[{"@type":"WebPage","@id":"https:\/\/saumaustarvike.fi\/verkkokauppa\/kauppa\/tuotemerkit\/sulzer-tuotemerkit\/sulzer-tarvikkeet-ja-varaosat\/sulzer-mk-kroger-putkensylinterin-paatyrengas-terasputki-202\/","url":"https:\/\/saumaustarvike.fi\/verkkokauppa\/kauppa\/tuotemerkit\/sulzer-tuotemerkit\/sulzer-tarvikkeet-ja-varaosat\/sulzer-mk-kroger-putkensylinterin-paatyrengas-terasputki-202\/","name":"Sulzer - MK - Kr\u00f6ger Putken\/Sylinterin p\u00e4\u00e4tyrengas ter\u00e4sputki (202) - Saumaustarvike.fi","isPartOf":{"@id":"https:\/\/saumaustarvike.fi\/verkkokauppa\/#website"},"primaryImageOfPage":{"@id":"https:\/\/saumaustarvike.fi\/verkkokauppa\/kauppa\/tuotemerkit\/sulzer-tuotemerkit\/sulzer-tarvikkeet-ja-varaosat\/sulzer-mk-kroger-putkensylinterin-paatyrengas-terasputki-202\/#primaryimage"},"image":{"@id":"https:\/\/saumaustarvike.fi\/verkkokauppa\/kauppa\/tuotemerkit\/sulzer-tuotemerkit\/sulzer-tarvikkeet-ja-varaosat\/sulzer-mk-kroger-putkensylinterin-paatyrengas-terasputki-202\/#primaryimage"},"thumbnailUrl":"https:\/\/saumaustarvike.fi\/verkkokauppa\/wp-content\/uploads\/2016\/04\/Sulzer-putken-tai-sylinterin-paatyrengas-terasputki-202.png","datePublished":"2016-04-12T07:08:59+00:00","dateModified":"2024-09-12T17:34:41+00:00","breadcrumb":{"@id":"https:\/\/saumaustarvike.fi\/verkkokauppa\/kauppa\/tuotemerkit\/sulzer-tuotemerkit\/sulzer-tarvikkeet-ja-varaosat\/sulzer-mk-kroger-putkensylinterin-paatyrengas-terasputki-202\/#breadcrumb"},"inLanguage":"fi","potentialAction":[{"@type":"ReadAction","target":["https:\/\/saumaustarvike.fi\/verkkokauppa\/kauppa\/tuotemerkit\/sulzer-tuotemerkit\/sulzer-tarvikkeet-ja-varaosat\/sulzer-mk-kroger-putkensylinterin-paatyrengas-terasputki-202\/"]}]},{"@type":"ImageObject","inLanguage":"fi","@id":"https:\/\/saumaustarvike.fi\/verkkokauppa\/kauppa\/tuotemerkit\/sulzer-tuotemerkit\/sulzer-tarvikkeet-ja-varaosat\/sulzer-mk-kroger-putkensylinterin-paatyrengas-terasputki-202\/#primaryimage","url":"https:\/\/saumaustarvike.fi\/verkkokauppa\/wp-content\/uploads\/2016\/04\/Sulzer-putken-tai-sylinterin-paatyrengas-terasputki-202.png","contentUrl":"https:\/\/saumaustarvike.fi\/verkkokauppa\/wp-content\/uploads\/2016\/04\/Sulzer-putken-tai-sylinterin-paatyrengas-terasputki-202.png","width":1119,"height":741},{"@type":"BreadcrumbList","@id":"https:\/\/saumaustarvike.fi\/verkkokauppa\/kauppa\/tuotemerkit\/sulzer-tuotemerkit\/sulzer-tarvikkeet-ja-varaosat\/sulzer-mk-kroger-putkensylinterin-paatyrengas-terasputki-202\/#breadcrumb","itemListElement":[{"@type":"ListItem","position":1,"name":"Home","item":"https:\/\/saumaustarvike.fi\/verkkokauppa\/"},{"@type":"ListItem","position":2,"name":"Saumausmassat, tarvikkeet ja ty\u00f6kalut","item":"https:\/\/saumaustarvike.fi\/verkkokauppa\/kauppa\/"},{"@type":"ListItem","position":3,"name":"Sulzer &#8211; MK &#8211; Kr\u00f6ger Putken\/Sylinterin p\u00e4\u00e4tyrengas ter\u00e4sputki (202)"}]},{"@type":"WebSite","@id":"https:\/\/saumaustarvike.fi\/verkkokauppa\/#website","url":"https:\/\/saumaustarvike.fi\/verkkokauppa\/","name":"Saumaustarvike.fi","description":"Saumausmassat, tarvikkeet ja ty&ouml;kalut","publisher":{"@id":"https:\/\/saumaustarvike.fi\/verkkokauppa\/#organization"},"potentialAction":[{"@type":"SearchAction","target":{"@type":"EntryPoint","urlTemplate":"https:\/\/saumaustarvike.fi\/verkkokauppa\/?s={search_term_string}"},"query-input":{"@type":"PropertyValueSpecification","valueRequired":true,"valueName":"search_term_string"}}],"inLanguage":"fi"},{"@type":"Organization","@id":"https:\/\/saumaustarvike.fi\/verkkokauppa\/#organization","name":"Saumaustarvike.fi","url":"https:\/\/saumaustarvike.fi\/verkkokauppa\/","logo":{"@type":"ImageObject","inLanguage":"fi","@id":"https:\/\/saumaustarvike.fi\/verkkokauppa\/#\/schema\/logo\/image\/","url":"https:\/\/saumaustarvike.fi\/verkkokauppa\/wp-content\/uploads\/2019\/02\/logo.png","contentUrl":"https:\/\/saumaustarvike.fi\/verkkokauppa\/wp-content\/uploads\/2019\/02\/logo.png","width":806,"height":150,"caption":"Saumaustarvike.fi"},"image":{"@id":"https:\/\/saumaustarvike.fi\/verkkokauppa\/#\/schema\/logo\/image\/"},"sameAs":["https:\/\/www.facebook.com\/Saumalaakso"]}]}},"jetpack_sharing_enabled":true,"_links":{"self":[{"href":"https:\/\/saumaustarvike.fi\/verkkokauppa\/wp-json\/wp\/v2\/product\/8662","targetHints":{"allow":["GET"]}}],"collection":[{"href":"https:\/\/saumaustarvike.fi\/verkkokauppa\/wp-json\/wp\/v2\/product"}],"about":[{"href":"https:\/\/saumaustarvike.fi\/verkkokauppa\/wp-json\/wp\/v2\/types\/product"}],"replies":[{"embeddable":true,"href":"https:\/\/saumaustarvike.fi\/verkkokauppa\/wp-json\/wp\/v2\/comments?post=8662"}],"wp:featuredmedia":[{"embeddable":true,"href":"https:\/\/saumaustarvike.fi\/verkkokauppa\/wp-json\/wp\/v2\/media\/17592"}],"wp:attachment":[{"href":"https:\/\/saumaustarvike.fi\/verkkokauppa\/wp-json\/wp\/v2\/media?parent=8662"}],"wp:term":[{"taxonomy":"product_cat","embeddable":true,"href":"https:\/\/saumaustarvike.fi\/verkkokauppa\/wp-json\/wp\/v2\/product_cat?post=8662"},{"taxonomy":"product_tag","embeddable":true,"href":"https:\/\/saumaustarvike.fi\/verkkokauppa\/wp-json\/wp\/v2\/product_tag?post=8662"}],"curies":[{"name":"wp","href":"https:\/\/api.w.org\/{rel}","templated":true}]}}