{"id":8700,"date":"2016-04-18T19:11:26","date_gmt":"2016-04-18T16:11:26","guid":{"rendered":"https:\/\/saumaustarvike.fi\/verkkokauppa\/kauppa\/sika\/sika-boom-g-all-seasons-750-ml\/"},"modified":"2026-01-21T12:41:40","modified_gmt":"2026-01-21T10:41:40","slug":"sika-boom-g-all-seasons-750-ml","status":"publish","type":"product","link":"https:\/\/saumaustarvike.fi\/verkkokauppa\/kauppa\/tuotemerkit\/sika-tuotemerkit\/sikaboom-vaahdot-ja-vaahtopistoolit-sika-tuotemerkit\/sika-boom-g-all-seasons-750-ml\/","title":{"rendered":"Sika Boom -557 All Seasons 750 ml"},"content":{"rendered":"<h1>Sika Boom -557 All Seasons 750 ml<\/h1>\n<p>1-komponenttinen laajeneva polyuretaanivaahto asennuksiin, eristyksiin ja tiivistyksiin \u00e4\u00e4nt\u00e4, kylm\u00e4\u00e4 ja vetoa vastaan.<\/p>\n<div class=\"details\">\n<h3 class=\"headline-element\">K\u00e4ytt\u00f6<\/h3>\n<p>Liitoskohtien ja rakojen tiivistyksiin ja t\u00e4ytt\u00f6ihin.\u00a0 Ovi -ja ikkunakarmien tiivist\u00e4miseen ja asennukseen. Tiivistyksiin \u00e4\u00e4nt\u00e4, vetoa ja kylm\u00e4\u00e4 vastaan.\u00a0 L\u00e4pivientien t\u00e4ytt\u00f6ihin ja tiivistyksiin.<\/p>\n<h3 class=\"headline-element\">Edut\/ominaisuudet<\/h3>\n<ul>\n<li>K\u00e4ytt\u00f6l\u00e4mp\u00f6tila-alue -10 \u00b0C &#8211; +40 \u00b0C<\/li>\n<li>Laadukas eristysvaahtosauma vaahtopistoolilla<\/li>\n<li>Hyv\u00e4 l\u00e4mm\u00f6neriste &#8211; ei kylm\u00e4siltoja<\/li>\n<li>Erist\u00e4\u00e4 hyvin \u00e4\u00e4nt\u00e4<\/li>\n<li>Hyv\u00e4 tartunta useinpiin rakennusmateriaaleihin<\/li>\n<\/ul>\n<h3 class=\"headline-element\">V\u00e4ri<\/h3>\n<p>Vaaleankeltainen<\/p>\n<h3 class=\"headline-element\">Pakkaus<\/h3>\n<p>SikaBoom -557 All Seasons: 750 ml<\/p>\n<\/div>\n","protected":false},"excerpt":{"rendered":"<p>SikaBoom -G All Seasons on 1-komponenttinen laajeneva polyuretaanivaahto asennuksiin, eristyksiin ja tiivistyksiin \u00e4\u00e4nt\u00e4, kylm\u00e4\u00e4 ja vetoa vastaan.<\/p>\n","protected":false},"featured_media":18135,"comment_status":"open","ping_status":"closed","template":"","meta":{"_acf_changed":false},"product_cat":[1596,1553,1550],"product_tag":[816,911,309,308,81,912,80,296,88],"class_list":{"0":"post-8700","1":"product","2":"type-product","3":"status-publish","4":"has-post-thumbnail","6":"product_brand-sika","7":"product_cat-sikaboom-vaahdot-ja-vaahtopistoolit-sika-tuotemerkit","8":"product_cat-tiivistys-tuotteet","9":"product_cat-vaahdot-ja-vaahtoliimat","10":"product_tag-all-season","11":"product_tag-asennusvaahto","12":"product_tag-eristys","13":"product_tag-polyuretaanivaahto","14":"product_tag-sika-2","15":"product_tag-sika-boom","16":"product_tag-tiivistys-2","17":"product_tag-uretaanivaahto","18":"product_tag-vaahto","19":"product_shipping_class-vak","20":"pa_vari-harmaa","21":"pa_vari-musta","22":"pa_vari-valkoinen","24":"first","25":"instock","26":"taxable","27":"shipping-taxable","28":"purchasable","29":"product-type-simple"},"acf":[],"yoast_head":"<!-- This site is optimized with the Yoast SEO plugin v27.3 - https:\/\/yoast.com\/product\/yoast-seo-wordpress\/ -->\n<title>Sika Boom -557 All Seasons 750 ml - Saumaustarvike.fi<\/title>\n<meta name=\"robots\" content=\"index, follow, max-snippet:-1, max-image-preview:large, max-video-preview:-1\" \/>\n<link rel=\"canonical\" href=\"https:\/\/saumaustarvike.fi\/verkkokauppa\/kauppa\/tuotemerkit\/sika-tuotemerkit\/sikaboom-vaahdot-ja-vaahtopistoolit-sika-tuotemerkit\/sika-boom-g-all-seasons-750-ml\/\" \/>\n<meta property=\"og:locale\" content=\"fi_FI\" \/>\n<meta property=\"og:type\" content=\"article\" \/>\n<meta property=\"og:title\" content=\"Sika Boom -557 All Seasons 750 ml - Saumaustarvike.fi\" \/>\n<meta property=\"og:description\" content=\"SikaBoom -G All Seasons on 1-komponenttinen laajeneva polyuretaanivaahto asennuksiin, eristyksiin ja tiivistyksiin \u00e4\u00e4nt\u00e4, kylm\u00e4\u00e4 ja vetoa vastaan.\" \/>\n<meta property=\"og:url\" content=\"https:\/\/saumaustarvike.fi\/verkkokauppa\/kauppa\/tuotemerkit\/sika-tuotemerkit\/sikaboom-vaahdot-ja-vaahtopistoolit-sika-tuotemerkit\/sika-boom-g-all-seasons-750-ml\/\" \/>\n<meta property=\"og:site_name\" content=\"Saumaustarvike.fi\" \/>\n<meta property=\"article:publisher\" content=\"https:\/\/www.facebook.com\/Saumalaakso\" \/>\n<meta property=\"article:modified_time\" content=\"2026-01-21T10:41:40+00:00\" \/>\n<meta property=\"og:image\" content=\"https:\/\/saumaustarvike.fi\/verkkokauppa\/wp-content\/uploads\/2016\/04\/fi-02-fi-FI-SikaBoom-557-1x1-00446436_1-1.webp\" \/>\n\t<meta property=\"og:image:width\" content=\"480\" \/>\n\t<meta property=\"og:image:height\" content=\"480\" \/>\n\t<meta property=\"og:image:type\" content=\"image\/webp\" \/>\n<meta name=\"twitter:label1\" content=\"Arvioitu lukuaika\" \/>\n\t<meta name=\"twitter:data1\" content=\"1 minuutti\" \/>\n<script type=\"application\/ld+json\" class=\"yoast-schema-graph\">{\"@context\":\"https:\\\/\\\/schema.org\",\"@graph\":[{\"@type\":\"WebPage\",\"@id\":\"https:\\\/\\\/saumaustarvike.fi\\\/verkkokauppa\\\/kauppa\\\/tuotemerkit\\\/sika-tuotemerkit\\\/sikaboom-vaahdot-ja-vaahtopistoolit-sika-tuotemerkit\\\/sika-boom-g-all-seasons-750-ml\\\/\",\"url\":\"https:\\\/\\\/saumaustarvike.fi\\\/verkkokauppa\\\/kauppa\\\/tuotemerkit\\\/sika-tuotemerkit\\\/sikaboom-vaahdot-ja-vaahtopistoolit-sika-tuotemerkit\\\/sika-boom-g-all-seasons-750-ml\\\/\",\"name\":\"Sika Boom -557 All Seasons 750 ml - Saumaustarvike.fi\",\"isPartOf\":{\"@id\":\"https:\\\/\\\/saumaustarvike.fi\\\/verkkokauppa\\\/#website\"},\"primaryImageOfPage\":{\"@id\":\"https:\\\/\\\/saumaustarvike.fi\\\/verkkokauppa\\\/kauppa\\\/tuotemerkit\\\/sika-tuotemerkit\\\/sikaboom-vaahdot-ja-vaahtopistoolit-sika-tuotemerkit\\\/sika-boom-g-all-seasons-750-ml\\\/#primaryimage\"},\"image\":{\"@id\":\"https:\\\/\\\/saumaustarvike.fi\\\/verkkokauppa\\\/kauppa\\\/tuotemerkit\\\/sika-tuotemerkit\\\/sikaboom-vaahdot-ja-vaahtopistoolit-sika-tuotemerkit\\\/sika-boom-g-all-seasons-750-ml\\\/#primaryimage\"},\"thumbnailUrl\":\"https:\\\/\\\/saumaustarvike.fi\\\/verkkokauppa\\\/wp-content\\\/uploads\\\/2016\\\/04\\\/fi-02-fi-FI-SikaBoom-557-1x1-00446436_1-1.webp\",\"datePublished\":\"2016-04-18T16:11:26+00:00\",\"dateModified\":\"2026-01-21T10:41:40+00:00\",\"breadcrumb\":{\"@id\":\"https:\\\/\\\/saumaustarvike.fi\\\/verkkokauppa\\\/kauppa\\\/tuotemerkit\\\/sika-tuotemerkit\\\/sikaboom-vaahdot-ja-vaahtopistoolit-sika-tuotemerkit\\\/sika-boom-g-all-seasons-750-ml\\\/#breadcrumb\"},\"inLanguage\":\"fi\",\"potentialAction\":[{\"@type\":\"ReadAction\",\"target\":[\"https:\\\/\\\/saumaustarvike.fi\\\/verkkokauppa\\\/kauppa\\\/tuotemerkit\\\/sika-tuotemerkit\\\/sikaboom-vaahdot-ja-vaahtopistoolit-sika-tuotemerkit\\\/sika-boom-g-all-seasons-750-ml\\\/\"]}]},{\"@type\":\"ImageObject\",\"inLanguage\":\"fi\",\"@id\":\"https:\\\/\\\/saumaustarvike.fi\\\/verkkokauppa\\\/kauppa\\\/tuotemerkit\\\/sika-tuotemerkit\\\/sikaboom-vaahdot-ja-vaahtopistoolit-sika-tuotemerkit\\\/sika-boom-g-all-seasons-750-ml\\\/#primaryimage\",\"url\":\"https:\\\/\\\/saumaustarvike.fi\\\/verkkokauppa\\\/wp-content\\\/uploads\\\/2016\\\/04\\\/fi-02-fi-FI-SikaBoom-557-1x1-00446436_1-1.webp\",\"contentUrl\":\"https:\\\/\\\/saumaustarvike.fi\\\/verkkokauppa\\\/wp-content\\\/uploads\\\/2016\\\/04\\\/fi-02-fi-FI-SikaBoom-557-1x1-00446436_1-1.webp\",\"width\":480,\"height\":480},{\"@type\":\"BreadcrumbList\",\"@id\":\"https:\\\/\\\/saumaustarvike.fi\\\/verkkokauppa\\\/kauppa\\\/tuotemerkit\\\/sika-tuotemerkit\\\/sikaboom-vaahdot-ja-vaahtopistoolit-sika-tuotemerkit\\\/sika-boom-g-all-seasons-750-ml\\\/#breadcrumb\",\"itemListElement\":[{\"@type\":\"ListItem\",\"position\":1,\"name\":\"Home\",\"item\":\"https:\\\/\\\/saumaustarvike.fi\\\/verkkokauppa\\\/\"},{\"@type\":\"ListItem\",\"position\":2,\"name\":\"Saumausmassat, tarvikkeet ja ty\u00f6kalut\",\"item\":\"https:\\\/\\\/saumaustarvike.fi\\\/verkkokauppa\\\/kauppa\\\/\"},{\"@type\":\"ListItem\",\"position\":3,\"name\":\"Sika Boom -557 All Seasons 750 ml\"}]},{\"@type\":\"WebSite\",\"@id\":\"https:\\\/\\\/saumaustarvike.fi\\\/verkkokauppa\\\/#website\",\"url\":\"https:\\\/\\\/saumaustarvike.fi\\\/verkkokauppa\\\/\",\"name\":\"Saumaustarvike.fi\",\"description\":\"Saumausmassat, tarvikkeet ja ty&ouml;kalut\",\"publisher\":{\"@id\":\"https:\\\/\\\/saumaustarvike.fi\\\/verkkokauppa\\\/#organization\"},\"potentialAction\":[{\"@type\":\"SearchAction\",\"target\":{\"@type\":\"EntryPoint\",\"urlTemplate\":\"https:\\\/\\\/saumaustarvike.fi\\\/verkkokauppa\\\/?s={search_term_string}\"},\"query-input\":{\"@type\":\"PropertyValueSpecification\",\"valueRequired\":true,\"valueName\":\"search_term_string\"}}],\"inLanguage\":\"fi\"},{\"@type\":\"Organization\",\"@id\":\"https:\\\/\\\/saumaustarvike.fi\\\/verkkokauppa\\\/#organization\",\"name\":\"Saumaustarvike.fi\",\"url\":\"https:\\\/\\\/saumaustarvike.fi\\\/verkkokauppa\\\/\",\"logo\":{\"@type\":\"ImageObject\",\"inLanguage\":\"fi\",\"@id\":\"https:\\\/\\\/saumaustarvike.fi\\\/verkkokauppa\\\/#\\\/schema\\\/logo\\\/image\\\/\",\"url\":\"https:\\\/\\\/saumaustarvike.fi\\\/verkkokauppa\\\/wp-content\\\/uploads\\\/2019\\\/02\\\/logo.png\",\"contentUrl\":\"https:\\\/\\\/saumaustarvike.fi\\\/verkkokauppa\\\/wp-content\\\/uploads\\\/2019\\\/02\\\/logo.png\",\"width\":806,\"height\":150,\"caption\":\"Saumaustarvike.fi\"},\"image\":{\"@id\":\"https:\\\/\\\/saumaustarvike.fi\\\/verkkokauppa\\\/#\\\/schema\\\/logo\\\/image\\\/\"},\"sameAs\":[\"https:\\\/\\\/www.facebook.com\\\/Saumalaakso\"]}]}<\/script>\n<!-- \/ Yoast SEO plugin. -->","yoast_head_json":{"title":"Sika Boom -557 All Seasons 750 ml - Saumaustarvike.fi","robots":{"index":"index","follow":"follow","max-snippet":"max-snippet:-1","max-image-preview":"max-image-preview:large","max-video-preview":"max-video-preview:-1"},"canonical":"https:\/\/saumaustarvike.fi\/verkkokauppa\/kauppa\/tuotemerkit\/sika-tuotemerkit\/sikaboom-vaahdot-ja-vaahtopistoolit-sika-tuotemerkit\/sika-boom-g-all-seasons-750-ml\/","og_locale":"fi_FI","og_type":"article","og_title":"Sika Boom -557 All Seasons 750 ml - Saumaustarvike.fi","og_description":"SikaBoom -G All Seasons on 1-komponenttinen laajeneva polyuretaanivaahto asennuksiin, eristyksiin ja tiivistyksiin \u00e4\u00e4nt\u00e4, kylm\u00e4\u00e4 ja vetoa vastaan.","og_url":"https:\/\/saumaustarvike.fi\/verkkokauppa\/kauppa\/tuotemerkit\/sika-tuotemerkit\/sikaboom-vaahdot-ja-vaahtopistoolit-sika-tuotemerkit\/sika-boom-g-all-seasons-750-ml\/","og_site_name":"Saumaustarvike.fi","article_publisher":"https:\/\/www.facebook.com\/Saumalaakso","article_modified_time":"2026-01-21T10:41:40+00:00","og_image":[{"width":480,"height":480,"url":"https:\/\/saumaustarvike.fi\/verkkokauppa\/wp-content\/uploads\/2016\/04\/fi-02-fi-FI-SikaBoom-557-1x1-00446436_1-1.webp","type":"image\/webp"}],"twitter_misc":{"Arvioitu lukuaika":"1 minuutti"},"schema":{"@context":"https:\/\/schema.org","@graph":[{"@type":"WebPage","@id":"https:\/\/saumaustarvike.fi\/verkkokauppa\/kauppa\/tuotemerkit\/sika-tuotemerkit\/sikaboom-vaahdot-ja-vaahtopistoolit-sika-tuotemerkit\/sika-boom-g-all-seasons-750-ml\/","url":"https:\/\/saumaustarvike.fi\/verkkokauppa\/kauppa\/tuotemerkit\/sika-tuotemerkit\/sikaboom-vaahdot-ja-vaahtopistoolit-sika-tuotemerkit\/sika-boom-g-all-seasons-750-ml\/","name":"Sika Boom -557 All Seasons 750 ml - Saumaustarvike.fi","isPartOf":{"@id":"https:\/\/saumaustarvike.fi\/verkkokauppa\/#website"},"primaryImageOfPage":{"@id":"https:\/\/saumaustarvike.fi\/verkkokauppa\/kauppa\/tuotemerkit\/sika-tuotemerkit\/sikaboom-vaahdot-ja-vaahtopistoolit-sika-tuotemerkit\/sika-boom-g-all-seasons-750-ml\/#primaryimage"},"image":{"@id":"https:\/\/saumaustarvike.fi\/verkkokauppa\/kauppa\/tuotemerkit\/sika-tuotemerkit\/sikaboom-vaahdot-ja-vaahtopistoolit-sika-tuotemerkit\/sika-boom-g-all-seasons-750-ml\/#primaryimage"},"thumbnailUrl":"https:\/\/saumaustarvike.fi\/verkkokauppa\/wp-content\/uploads\/2016\/04\/fi-02-fi-FI-SikaBoom-557-1x1-00446436_1-1.webp","datePublished":"2016-04-18T16:11:26+00:00","dateModified":"2026-01-21T10:41:40+00:00","breadcrumb":{"@id":"https:\/\/saumaustarvike.fi\/verkkokauppa\/kauppa\/tuotemerkit\/sika-tuotemerkit\/sikaboom-vaahdot-ja-vaahtopistoolit-sika-tuotemerkit\/sika-boom-g-all-seasons-750-ml\/#breadcrumb"},"inLanguage":"fi","potentialAction":[{"@type":"ReadAction","target":["https:\/\/saumaustarvike.fi\/verkkokauppa\/kauppa\/tuotemerkit\/sika-tuotemerkit\/sikaboom-vaahdot-ja-vaahtopistoolit-sika-tuotemerkit\/sika-boom-g-all-seasons-750-ml\/"]}]},{"@type":"ImageObject","inLanguage":"fi","@id":"https:\/\/saumaustarvike.fi\/verkkokauppa\/kauppa\/tuotemerkit\/sika-tuotemerkit\/sikaboom-vaahdot-ja-vaahtopistoolit-sika-tuotemerkit\/sika-boom-g-all-seasons-750-ml\/#primaryimage","url":"https:\/\/saumaustarvike.fi\/verkkokauppa\/wp-content\/uploads\/2016\/04\/fi-02-fi-FI-SikaBoom-557-1x1-00446436_1-1.webp","contentUrl":"https:\/\/saumaustarvike.fi\/verkkokauppa\/wp-content\/uploads\/2016\/04\/fi-02-fi-FI-SikaBoom-557-1x1-00446436_1-1.webp","width":480,"height":480},{"@type":"BreadcrumbList","@id":"https:\/\/saumaustarvike.fi\/verkkokauppa\/kauppa\/tuotemerkit\/sika-tuotemerkit\/sikaboom-vaahdot-ja-vaahtopistoolit-sika-tuotemerkit\/sika-boom-g-all-seasons-750-ml\/#breadcrumb","itemListElement":[{"@type":"ListItem","position":1,"name":"Home","item":"https:\/\/saumaustarvike.fi\/verkkokauppa\/"},{"@type":"ListItem","position":2,"name":"Saumausmassat, tarvikkeet ja ty\u00f6kalut","item":"https:\/\/saumaustarvike.fi\/verkkokauppa\/kauppa\/"},{"@type":"ListItem","position":3,"name":"Sika Boom -557 All Seasons 750 ml"}]},{"@type":"WebSite","@id":"https:\/\/saumaustarvike.fi\/verkkokauppa\/#website","url":"https:\/\/saumaustarvike.fi\/verkkokauppa\/","name":"Saumaustarvike.fi","description":"Saumausmassat, tarvikkeet ja ty&ouml;kalut","publisher":{"@id":"https:\/\/saumaustarvike.fi\/verkkokauppa\/#organization"},"potentialAction":[{"@type":"SearchAction","target":{"@type":"EntryPoint","urlTemplate":"https:\/\/saumaustarvike.fi\/verkkokauppa\/?s={search_term_string}"},"query-input":{"@type":"PropertyValueSpecification","valueRequired":true,"valueName":"search_term_string"}}],"inLanguage":"fi"},{"@type":"Organization","@id":"https:\/\/saumaustarvike.fi\/verkkokauppa\/#organization","name":"Saumaustarvike.fi","url":"https:\/\/saumaustarvike.fi\/verkkokauppa\/","logo":{"@type":"ImageObject","inLanguage":"fi","@id":"https:\/\/saumaustarvike.fi\/verkkokauppa\/#\/schema\/logo\/image\/","url":"https:\/\/saumaustarvike.fi\/verkkokauppa\/wp-content\/uploads\/2019\/02\/logo.png","contentUrl":"https:\/\/saumaustarvike.fi\/verkkokauppa\/wp-content\/uploads\/2019\/02\/logo.png","width":806,"height":150,"caption":"Saumaustarvike.fi"},"image":{"@id":"https:\/\/saumaustarvike.fi\/verkkokauppa\/#\/schema\/logo\/image\/"},"sameAs":["https:\/\/www.facebook.com\/Saumalaakso"]}]}},"jetpack_sharing_enabled":true,"_links":{"self":[{"href":"https:\/\/saumaustarvike.fi\/verkkokauppa\/wp-json\/wp\/v2\/product\/8700","targetHints":{"allow":["GET"]}}],"collection":[{"href":"https:\/\/saumaustarvike.fi\/verkkokauppa\/wp-json\/wp\/v2\/product"}],"about":[{"href":"https:\/\/saumaustarvike.fi\/verkkokauppa\/wp-json\/wp\/v2\/types\/product"}],"replies":[{"embeddable":true,"href":"https:\/\/saumaustarvike.fi\/verkkokauppa\/wp-json\/wp\/v2\/comments?post=8700"}],"wp:featuredmedia":[{"embeddable":true,"href":"https:\/\/saumaustarvike.fi\/verkkokauppa\/wp-json\/wp\/v2\/media\/18135"}],"wp:attachment":[{"href":"https:\/\/saumaustarvike.fi\/verkkokauppa\/wp-json\/wp\/v2\/media?parent=8700"}],"wp:term":[{"taxonomy":"product_cat","embeddable":true,"href":"https:\/\/saumaustarvike.fi\/verkkokauppa\/wp-json\/wp\/v2\/product_cat?post=8700"},{"taxonomy":"product_tag","embeddable":true,"href":"https:\/\/saumaustarvike.fi\/verkkokauppa\/wp-json\/wp\/v2\/product_tag?post=8700"}],"curies":[{"name":"wp","href":"https:\/\/api.w.org\/{rel}","templated":true}]}}