{"id":8719,"date":"2016-04-18T19:29:04","date_gmt":"2016-04-18T16:29:04","guid":{"rendered":"https:\/\/saumaustarvike.fi\/verkkokauppa\/kauppa\/sika\/sika-cleaner-g-500ml\/"},"modified":"2026-03-13T14:35:52","modified_gmt":"2026-03-13T12:35:52","slug":"sika-cleaner-g-500ml","status":"publish","type":"product","link":"https:\/\/saumaustarvike.fi\/verkkokauppa\/kauppa\/tuotemerkit\/sika-tuotemerkit\/sika-cleanerit-primerit-puhdistus-ja-viimeistelyaineet\/sika-cleaner-g-500ml\/","title":{"rendered":"SIKA CLEANER-G 500ml"},"content":{"rendered":"<h1>SIKA CLEANER-G 500ml<\/h1>\n<p>Puhdistusaine kovettumattoman vaahdon poistamiseen ja vaahtopistoolien puhdistamiseen. Sis\u00e4lt\u00e4\u00e4 asetonia.<\/p>\n<div class=\"details\">\n<h3 class=\"headline-element\">EDUT\/OMINAISUUDET<\/h3>\n<p>Puhdistaa tehokkaasti vaahtopistoolit<\/p>\n<h3 class=\"headline-element\">V\u00c4RI<\/h3>\n<p>Kirkas<\/p>\n<h3 class=\"headline-element\">PAKKAUS<\/h3>\n<p>500 ml, 12 kpl\/ltk<\/p>\n<\/div>\n","protected":false},"excerpt":{"rendered":"<p>Puhdistusaine kovettumattoman vaahdon poistamiseen ja vaahtopistoolien puhdistamiseen. Sis\u00e4lt\u00e4\u00e4 asetonia.<\/p>\n","protected":false},"featured_media":8728,"comment_status":"open","ping_status":"closed","template":"","meta":{"_acf_changed":false},"product_cat":[1546,1591,1596],"product_tag":[911,186,309,308,81,80,296,88],"class_list":{"0":"post-8719","1":"product","2":"type-product","3":"status-publish","4":"has-post-thumbnail","6":"product_brand-sika","7":"product_cat-cleanerit-primerit-puhdistusaineet-viimeistelyaineet","8":"product_cat-sika-cleanerit-primerit-puhdistus-ja-viimeistelyaineet","9":"product_cat-sikaboom-vaahdot-ja-vaahtopistoolit-sika-tuotemerkit","10":"product_tag-asennusvaahto","11":"product_tag-cleaner","12":"product_tag-eristys","13":"product_tag-polyuretaanivaahto","14":"product_tag-sika-2","15":"product_tag-tiivistys-2","16":"product_tag-uretaanivaahto","17":"product_tag-vaahto","18":"product_shipping_class-vak","19":"pa_vari-harmaa","20":"pa_vari-musta","21":"pa_vari-valkoinen","23":"first","24":"instock","25":"taxable","26":"shipping-taxable","27":"purchasable","28":"product-type-simple"},"acf":[],"yoast_head":"<!-- This site is optimized with the Yoast SEO plugin v27.3 - https:\/\/yoast.com\/product\/yoast-seo-wordpress\/ -->\n<title>SIKA CLEANER-G 500ml - Saumaustarvike.fi<\/title>\n<meta name=\"robots\" content=\"index, follow, max-snippet:-1, max-image-preview:large, max-video-preview:-1\" \/>\n<link rel=\"canonical\" href=\"https:\/\/saumaustarvike.fi\/verkkokauppa\/kauppa\/tuotemerkit\/sika-tuotemerkit\/sika-cleanerit-primerit-puhdistus-ja-viimeistelyaineet\/sika-cleaner-g-500ml\/\" \/>\n<meta property=\"og:locale\" content=\"fi_FI\" \/>\n<meta property=\"og:type\" content=\"article\" \/>\n<meta property=\"og:title\" content=\"SIKA CLEANER-G 500ml - Saumaustarvike.fi\" \/>\n<meta property=\"og:description\" content=\"Puhdistusaine kovettumattoman vaahdon poistamiseen ja vaahtopistoolien puhdistamiseen. Sis\u00e4lt\u00e4\u00e4 asetonia.\" \/>\n<meta property=\"og:url\" content=\"https:\/\/saumaustarvike.fi\/verkkokauppa\/kauppa\/tuotemerkit\/sika-tuotemerkit\/sika-cleanerit-primerit-puhdistus-ja-viimeistelyaineet\/sika-cleaner-g-500ml\/\" \/>\n<meta property=\"og:site_name\" content=\"Saumaustarvike.fi\" \/>\n<meta property=\"article:publisher\" content=\"https:\/\/www.facebook.com\/Saumalaakso\" \/>\n<meta property=\"article:modified_time\" content=\"2026-03-13T12:35:52+00:00\" \/>\n<meta property=\"og:image\" content=\"https:\/\/saumaustarvike.fi\/verkkokauppa\/wp-content\/uploads\/2016\/04\/sika-cleaner-g.jpg\" \/>\n\t<meta property=\"og:image:width\" content=\"400\" \/>\n\t<meta property=\"og:image:height\" content=\"400\" \/>\n\t<meta property=\"og:image:type\" content=\"image\/jpeg\" \/>\n<script type=\"application\/ld+json\" class=\"yoast-schema-graph\">{\"@context\":\"https:\\\/\\\/schema.org\",\"@graph\":[{\"@type\":\"WebPage\",\"@id\":\"https:\\\/\\\/saumaustarvike.fi\\\/verkkokauppa\\\/kauppa\\\/tuotemerkit\\\/sika-tuotemerkit\\\/sika-cleanerit-primerit-puhdistus-ja-viimeistelyaineet\\\/sika-cleaner-g-500ml\\\/\",\"url\":\"https:\\\/\\\/saumaustarvike.fi\\\/verkkokauppa\\\/kauppa\\\/tuotemerkit\\\/sika-tuotemerkit\\\/sika-cleanerit-primerit-puhdistus-ja-viimeistelyaineet\\\/sika-cleaner-g-500ml\\\/\",\"name\":\"SIKA CLEANER-G 500ml - Saumaustarvike.fi\",\"isPartOf\":{\"@id\":\"https:\\\/\\\/saumaustarvike.fi\\\/verkkokauppa\\\/#website\"},\"primaryImageOfPage\":{\"@id\":\"https:\\\/\\\/saumaustarvike.fi\\\/verkkokauppa\\\/kauppa\\\/tuotemerkit\\\/sika-tuotemerkit\\\/sika-cleanerit-primerit-puhdistus-ja-viimeistelyaineet\\\/sika-cleaner-g-500ml\\\/#primaryimage\"},\"image\":{\"@id\":\"https:\\\/\\\/saumaustarvike.fi\\\/verkkokauppa\\\/kauppa\\\/tuotemerkit\\\/sika-tuotemerkit\\\/sika-cleanerit-primerit-puhdistus-ja-viimeistelyaineet\\\/sika-cleaner-g-500ml\\\/#primaryimage\"},\"thumbnailUrl\":\"https:\\\/\\\/saumaustarvike.fi\\\/verkkokauppa\\\/wp-content\\\/uploads\\\/2016\\\/04\\\/sika-cleaner-g.jpg\",\"datePublished\":\"2016-04-18T16:29:04+00:00\",\"dateModified\":\"2026-03-13T12:35:52+00:00\",\"breadcrumb\":{\"@id\":\"https:\\\/\\\/saumaustarvike.fi\\\/verkkokauppa\\\/kauppa\\\/tuotemerkit\\\/sika-tuotemerkit\\\/sika-cleanerit-primerit-puhdistus-ja-viimeistelyaineet\\\/sika-cleaner-g-500ml\\\/#breadcrumb\"},\"inLanguage\":\"fi\",\"potentialAction\":[{\"@type\":\"ReadAction\",\"target\":[\"https:\\\/\\\/saumaustarvike.fi\\\/verkkokauppa\\\/kauppa\\\/tuotemerkit\\\/sika-tuotemerkit\\\/sika-cleanerit-primerit-puhdistus-ja-viimeistelyaineet\\\/sika-cleaner-g-500ml\\\/\"]}]},{\"@type\":\"ImageObject\",\"inLanguage\":\"fi\",\"@id\":\"https:\\\/\\\/saumaustarvike.fi\\\/verkkokauppa\\\/kauppa\\\/tuotemerkit\\\/sika-tuotemerkit\\\/sika-cleanerit-primerit-puhdistus-ja-viimeistelyaineet\\\/sika-cleaner-g-500ml\\\/#primaryimage\",\"url\":\"https:\\\/\\\/saumaustarvike.fi\\\/verkkokauppa\\\/wp-content\\\/uploads\\\/2016\\\/04\\\/sika-cleaner-g.jpg\",\"contentUrl\":\"https:\\\/\\\/saumaustarvike.fi\\\/verkkokauppa\\\/wp-content\\\/uploads\\\/2016\\\/04\\\/sika-cleaner-g.jpg\",\"width\":400,\"height\":400},{\"@type\":\"BreadcrumbList\",\"@id\":\"https:\\\/\\\/saumaustarvike.fi\\\/verkkokauppa\\\/kauppa\\\/tuotemerkit\\\/sika-tuotemerkit\\\/sika-cleanerit-primerit-puhdistus-ja-viimeistelyaineet\\\/sika-cleaner-g-500ml\\\/#breadcrumb\",\"itemListElement\":[{\"@type\":\"ListItem\",\"position\":1,\"name\":\"Home\",\"item\":\"https:\\\/\\\/saumaustarvike.fi\\\/verkkokauppa\\\/\"},{\"@type\":\"ListItem\",\"position\":2,\"name\":\"Saumausmassat, tarvikkeet ja ty\u00f6kalut\",\"item\":\"https:\\\/\\\/saumaustarvike.fi\\\/verkkokauppa\\\/kauppa\\\/\"},{\"@type\":\"ListItem\",\"position\":3,\"name\":\"SIKA CLEANER-G 500ml\"}]},{\"@type\":\"WebSite\",\"@id\":\"https:\\\/\\\/saumaustarvike.fi\\\/verkkokauppa\\\/#website\",\"url\":\"https:\\\/\\\/saumaustarvike.fi\\\/verkkokauppa\\\/\",\"name\":\"Saumaustarvike.fi\",\"description\":\"Saumausmassat, tarvikkeet ja ty&ouml;kalut\",\"publisher\":{\"@id\":\"https:\\\/\\\/saumaustarvike.fi\\\/verkkokauppa\\\/#organization\"},\"potentialAction\":[{\"@type\":\"SearchAction\",\"target\":{\"@type\":\"EntryPoint\",\"urlTemplate\":\"https:\\\/\\\/saumaustarvike.fi\\\/verkkokauppa\\\/?s={search_term_string}\"},\"query-input\":{\"@type\":\"PropertyValueSpecification\",\"valueRequired\":true,\"valueName\":\"search_term_string\"}}],\"inLanguage\":\"fi\"},{\"@type\":\"Organization\",\"@id\":\"https:\\\/\\\/saumaustarvike.fi\\\/verkkokauppa\\\/#organization\",\"name\":\"Saumaustarvike.fi\",\"url\":\"https:\\\/\\\/saumaustarvike.fi\\\/verkkokauppa\\\/\",\"logo\":{\"@type\":\"ImageObject\",\"inLanguage\":\"fi\",\"@id\":\"https:\\\/\\\/saumaustarvike.fi\\\/verkkokauppa\\\/#\\\/schema\\\/logo\\\/image\\\/\",\"url\":\"https:\\\/\\\/saumaustarvike.fi\\\/verkkokauppa\\\/wp-content\\\/uploads\\\/2019\\\/02\\\/logo.png\",\"contentUrl\":\"https:\\\/\\\/saumaustarvike.fi\\\/verkkokauppa\\\/wp-content\\\/uploads\\\/2019\\\/02\\\/logo.png\",\"width\":806,\"height\":150,\"caption\":\"Saumaustarvike.fi\"},\"image\":{\"@id\":\"https:\\\/\\\/saumaustarvike.fi\\\/verkkokauppa\\\/#\\\/schema\\\/logo\\\/image\\\/\"},\"sameAs\":[\"https:\\\/\\\/www.facebook.com\\\/Saumalaakso\"]}]}<\/script>\n<!-- \/ Yoast SEO plugin. -->","yoast_head_json":{"title":"SIKA CLEANER-G 500ml - Saumaustarvike.fi","robots":{"index":"index","follow":"follow","max-snippet":"max-snippet:-1","max-image-preview":"max-image-preview:large","max-video-preview":"max-video-preview:-1"},"canonical":"https:\/\/saumaustarvike.fi\/verkkokauppa\/kauppa\/tuotemerkit\/sika-tuotemerkit\/sika-cleanerit-primerit-puhdistus-ja-viimeistelyaineet\/sika-cleaner-g-500ml\/","og_locale":"fi_FI","og_type":"article","og_title":"SIKA CLEANER-G 500ml - Saumaustarvike.fi","og_description":"Puhdistusaine kovettumattoman vaahdon poistamiseen ja vaahtopistoolien puhdistamiseen. Sis\u00e4lt\u00e4\u00e4 asetonia.","og_url":"https:\/\/saumaustarvike.fi\/verkkokauppa\/kauppa\/tuotemerkit\/sika-tuotemerkit\/sika-cleanerit-primerit-puhdistus-ja-viimeistelyaineet\/sika-cleaner-g-500ml\/","og_site_name":"Saumaustarvike.fi","article_publisher":"https:\/\/www.facebook.com\/Saumalaakso","article_modified_time":"2026-03-13T12:35:52+00:00","og_image":[{"width":400,"height":400,"url":"https:\/\/saumaustarvike.fi\/verkkokauppa\/wp-content\/uploads\/2016\/04\/sika-cleaner-g.jpg","type":"image\/jpeg"}],"schema":{"@context":"https:\/\/schema.org","@graph":[{"@type":"WebPage","@id":"https:\/\/saumaustarvike.fi\/verkkokauppa\/kauppa\/tuotemerkit\/sika-tuotemerkit\/sika-cleanerit-primerit-puhdistus-ja-viimeistelyaineet\/sika-cleaner-g-500ml\/","url":"https:\/\/saumaustarvike.fi\/verkkokauppa\/kauppa\/tuotemerkit\/sika-tuotemerkit\/sika-cleanerit-primerit-puhdistus-ja-viimeistelyaineet\/sika-cleaner-g-500ml\/","name":"SIKA CLEANER-G 500ml - Saumaustarvike.fi","isPartOf":{"@id":"https:\/\/saumaustarvike.fi\/verkkokauppa\/#website"},"primaryImageOfPage":{"@id":"https:\/\/saumaustarvike.fi\/verkkokauppa\/kauppa\/tuotemerkit\/sika-tuotemerkit\/sika-cleanerit-primerit-puhdistus-ja-viimeistelyaineet\/sika-cleaner-g-500ml\/#primaryimage"},"image":{"@id":"https:\/\/saumaustarvike.fi\/verkkokauppa\/kauppa\/tuotemerkit\/sika-tuotemerkit\/sika-cleanerit-primerit-puhdistus-ja-viimeistelyaineet\/sika-cleaner-g-500ml\/#primaryimage"},"thumbnailUrl":"https:\/\/saumaustarvike.fi\/verkkokauppa\/wp-content\/uploads\/2016\/04\/sika-cleaner-g.jpg","datePublished":"2016-04-18T16:29:04+00:00","dateModified":"2026-03-13T12:35:52+00:00","breadcrumb":{"@id":"https:\/\/saumaustarvike.fi\/verkkokauppa\/kauppa\/tuotemerkit\/sika-tuotemerkit\/sika-cleanerit-primerit-puhdistus-ja-viimeistelyaineet\/sika-cleaner-g-500ml\/#breadcrumb"},"inLanguage":"fi","potentialAction":[{"@type":"ReadAction","target":["https:\/\/saumaustarvike.fi\/verkkokauppa\/kauppa\/tuotemerkit\/sika-tuotemerkit\/sika-cleanerit-primerit-puhdistus-ja-viimeistelyaineet\/sika-cleaner-g-500ml\/"]}]},{"@type":"ImageObject","inLanguage":"fi","@id":"https:\/\/saumaustarvike.fi\/verkkokauppa\/kauppa\/tuotemerkit\/sika-tuotemerkit\/sika-cleanerit-primerit-puhdistus-ja-viimeistelyaineet\/sika-cleaner-g-500ml\/#primaryimage","url":"https:\/\/saumaustarvike.fi\/verkkokauppa\/wp-content\/uploads\/2016\/04\/sika-cleaner-g.jpg","contentUrl":"https:\/\/saumaustarvike.fi\/verkkokauppa\/wp-content\/uploads\/2016\/04\/sika-cleaner-g.jpg","width":400,"height":400},{"@type":"BreadcrumbList","@id":"https:\/\/saumaustarvike.fi\/verkkokauppa\/kauppa\/tuotemerkit\/sika-tuotemerkit\/sika-cleanerit-primerit-puhdistus-ja-viimeistelyaineet\/sika-cleaner-g-500ml\/#breadcrumb","itemListElement":[{"@type":"ListItem","position":1,"name":"Home","item":"https:\/\/saumaustarvike.fi\/verkkokauppa\/"},{"@type":"ListItem","position":2,"name":"Saumausmassat, tarvikkeet ja ty\u00f6kalut","item":"https:\/\/saumaustarvike.fi\/verkkokauppa\/kauppa\/"},{"@type":"ListItem","position":3,"name":"SIKA CLEANER-G 500ml"}]},{"@type":"WebSite","@id":"https:\/\/saumaustarvike.fi\/verkkokauppa\/#website","url":"https:\/\/saumaustarvike.fi\/verkkokauppa\/","name":"Saumaustarvike.fi","description":"Saumausmassat, tarvikkeet ja ty&ouml;kalut","publisher":{"@id":"https:\/\/saumaustarvike.fi\/verkkokauppa\/#organization"},"potentialAction":[{"@type":"SearchAction","target":{"@type":"EntryPoint","urlTemplate":"https:\/\/saumaustarvike.fi\/verkkokauppa\/?s={search_term_string}"},"query-input":{"@type":"PropertyValueSpecification","valueRequired":true,"valueName":"search_term_string"}}],"inLanguage":"fi"},{"@type":"Organization","@id":"https:\/\/saumaustarvike.fi\/verkkokauppa\/#organization","name":"Saumaustarvike.fi","url":"https:\/\/saumaustarvike.fi\/verkkokauppa\/","logo":{"@type":"ImageObject","inLanguage":"fi","@id":"https:\/\/saumaustarvike.fi\/verkkokauppa\/#\/schema\/logo\/image\/","url":"https:\/\/saumaustarvike.fi\/verkkokauppa\/wp-content\/uploads\/2019\/02\/logo.png","contentUrl":"https:\/\/saumaustarvike.fi\/verkkokauppa\/wp-content\/uploads\/2019\/02\/logo.png","width":806,"height":150,"caption":"Saumaustarvike.fi"},"image":{"@id":"https:\/\/saumaustarvike.fi\/verkkokauppa\/#\/schema\/logo\/image\/"},"sameAs":["https:\/\/www.facebook.com\/Saumalaakso"]}]}},"jetpack_sharing_enabled":true,"_links":{"self":[{"href":"https:\/\/saumaustarvike.fi\/verkkokauppa\/wp-json\/wp\/v2\/product\/8719","targetHints":{"allow":["GET"]}}],"collection":[{"href":"https:\/\/saumaustarvike.fi\/verkkokauppa\/wp-json\/wp\/v2\/product"}],"about":[{"href":"https:\/\/saumaustarvike.fi\/verkkokauppa\/wp-json\/wp\/v2\/types\/product"}],"replies":[{"embeddable":true,"href":"https:\/\/saumaustarvike.fi\/verkkokauppa\/wp-json\/wp\/v2\/comments?post=8719"}],"wp:featuredmedia":[{"embeddable":true,"href":"https:\/\/saumaustarvike.fi\/verkkokauppa\/wp-json\/wp\/v2\/media\/8728"}],"wp:attachment":[{"href":"https:\/\/saumaustarvike.fi\/verkkokauppa\/wp-json\/wp\/v2\/media?parent=8719"}],"wp:term":[{"taxonomy":"product_cat","embeddable":true,"href":"https:\/\/saumaustarvike.fi\/verkkokauppa\/wp-json\/wp\/v2\/product_cat?post=8719"},{"taxonomy":"product_tag","embeddable":true,"href":"https:\/\/saumaustarvike.fi\/verkkokauppa\/wp-json\/wp\/v2\/product_tag?post=8719"}],"curies":[{"name":"wp","href":"https:\/\/api.w.org\/{rel}","templated":true}]}}