{"id":8757,"date":"2016-04-23T08:08:04","date_gmt":"2016-04-23T05:08:04","guid":{"rendered":"https:\/\/saumaustarvike.fi\/verkkokauppa\/kauppa\/sika\/sikasil-670-fire-valkoinen\/"},"modified":"2024-09-02T10:21:23","modified_gmt":"2024-09-02T07:21:23","slug":"sikasil-670-fire-valkoinen","status":"publish","type":"product","link":"https:\/\/saumaustarvike.fi\/verkkokauppa\/kauppa\/tuotemerkit\/sika-tuotemerkit\/sika-palokatkotuotteet-sika-tuotemerkit\/sikasil-670-fire-valkoinen\/","title":{"rendered":"Sikasil-670 Fire, valkoinen"},"content":{"rendered":"<h1>SIKASIL-670 FIRE<\/h1>\n<p>Sikasil\u00ae -670 on paloluokitettu, kosteuskovettuva, joustava saumantiivistysaine, joka sopii liikkuviin ja kiinteisiin saumoihin.<\/p>\n<div class=\"details\">\n<h3 class=\"headline-element\">K\u00c4YTT\u00d6<\/h3>\n<p>Sikasil\u00ae -670 on paloluokitettu, kosteuskovettuva, mataliin moduuleihin tarkoitettu, joustava saumantiivistysaine, joka sopii liikkuviin ja kiinteisiin saumoihin.<\/p>\n<h3 class=\"headline-element\">EDUT\/OMINAISUUDET<\/h3>\n<ul>\n<li>EN 1366-4 -standardin mukainen enint\u00e4\u00e4n 4 tunnin palonkest\u00e4vyys ja erinomainen s\u00e4\u00e4n- ja ik\u00e4\u00e4ntymisenkest\u00e4vyys<\/li>\n<li>liikkuvuus \u00b135 % (ASTM C 719)<\/li>\n<li>helposti tasoitettavaa ja eritt\u00e4in hyvin ty\u00f6stett\u00e4v\u00e4\u00e4<\/li>\n<li>hyv\u00e4 tarttuvuus hyvin erilaisiin alustoihin<\/li>\n<li>tasainen kovettuvuus<\/li>\n<\/ul>\n<h3 class=\"headline-element\">V\u00c4RI<\/h3>\n<p>Valkoinen<\/p>\n<\/div>\n","protected":false},"excerpt":{"rendered":"<p>Sikasil\u00ae -670 on paloluokitettu, kosteuskovettuva, joustava saumantiivistysaine, joka sopii liikkuviin ja kiinteisiin saumoihin.<\/p>\n","protected":false},"featured_media":8764,"comment_status":"open","ping_status":"closed","template":"","meta":{"_acf_changed":false},"product_cat":[1762,1763,1764,1765,1766,1767,1768,1769,1556,1594,1770,1771,1627,1772,1602,1773,1549,1774,1775,1553],"product_tag":[205,317,318,261,76,81,116,143,79,80],"class_list":{"0":"post-8757","1":"product","2":"type-product","3":"status-publish","4":"has-post-thumbnail","6":"product_brand-sika","7":"product_cat-plls-alumiini","8":"product_cat-plls-betoni","9":"product_cat-plls-harkko","10":"product_cat-plls-kevytbetoni","11":"product_cat-plls-laatta","12":"product_cat-plls-lasi","13":"product_cat-plls-luonnonkivi","14":"product_cat-plls-marmori","15":"product_cat-palokatkotuotteet-tuotteet","16":"product_cat-sika-palokatkotuotteet-sika-tuotemerkit","17":"product_cat-plls-pelti","18":"product_cat-plls-puu","19":"product_cat-saumaus","20":"product_cat-plls-sementtirappaus","21":"product_cat-sikasil-silikonimassat","22":"product_cat-plls-silikaattirappaus","23":"product_cat-silikonipohjaiset","24":"product_cat-plls-teras","25":"product_cat-plls-tiili","26":"product_cat-tiivistys-tuotteet","27":"product_tag-palokatko","28":"product_tag-paloluokka","29":"product_tag-palosilikoni","30":"product_tag-rakennussilikoni","31":"product_tag-saumaus","32":"product_tag-sika-2","33":"product_tag-silikoni","34":"product_tag-sisakayttoon","35":"product_tag-tiiviste","36":"product_tag-tiivistys-2","37":"product_shipping_class-vak","38":"pa_vari-antrasiitti","39":"pa_vari-beige","40":"pa_vari-harmaa","41":"pa_vari-marmorinvalkoinen","42":"pa_vari-valkoinen","43":"pa_vari-variton","45":"first","46":"instock","47":"taxable","48":"shipping-taxable","49":"purchasable","50":"product-type-simple"},"acf":[],"yoast_head":"<!-- This site is optimized with the Yoast SEO plugin v27.5 - https:\/\/yoast.com\/product\/yoast-seo-wordpress\/ -->\n<title>Sikasil-670 Fire, valkoinen - Saumaustarvike.fi<\/title>\n<meta name=\"robots\" content=\"index, follow, max-snippet:-1, max-image-preview:large, max-video-preview:-1\" \/>\n<link rel=\"canonical\" href=\"https:\/\/saumaustarvike.fi\/verkkokauppa\/kauppa\/tuotemerkit\/sika-tuotemerkit\/sika-palokatkotuotteet-sika-tuotemerkit\/sikasil-670-fire-valkoinen\/\" \/>\n<meta property=\"og:locale\" content=\"fi_FI\" \/>\n<meta property=\"og:type\" content=\"article\" \/>\n<meta property=\"og:title\" content=\"Sikasil-670 Fire, valkoinen - Saumaustarvike.fi\" \/>\n<meta property=\"og:description\" content=\"Sikasil\u00ae -670 on paloluokitettu, kosteuskovettuva, joustava saumantiivistysaine, joka sopii liikkuviin ja kiinteisiin saumoihin.\" \/>\n<meta property=\"og:url\" content=\"https:\/\/saumaustarvike.fi\/verkkokauppa\/kauppa\/tuotemerkit\/sika-tuotemerkit\/sika-palokatkotuotteet-sika-tuotemerkit\/sikasil-670-fire-valkoinen\/\" \/>\n<meta property=\"og:site_name\" content=\"Saumaustarvike.fi\" \/>\n<meta property=\"article:publisher\" content=\"https:\/\/www.facebook.com\/Saumalaakso\" \/>\n<meta property=\"article:modified_time\" content=\"2024-09-02T07:21:23+00:00\" \/>\n<meta property=\"og:image\" content=\"https:\/\/saumaustarvike.fi\/verkkokauppa\/content\/uploads\/2016\/04\/sikasil-670-fire.gif\" \/>\n\t<meta property=\"og:image:width\" content=\"1000\" \/>\n\t<meta property=\"og:image:height\" content=\"1000\" \/>\n\t<meta property=\"og:image:type\" content=\"image\/gif\" \/>\n<script type=\"application\/ld+json\" class=\"yoast-schema-graph\">{\"@context\":\"https:\\\/\\\/schema.org\",\"@graph\":[{\"@type\":\"WebPage\",\"@id\":\"https:\\\/\\\/saumaustarvike.fi\\\/verkkokauppa\\\/kauppa\\\/tuotemerkit\\\/sika-tuotemerkit\\\/sika-palokatkotuotteet-sika-tuotemerkit\\\/sikasil-670-fire-valkoinen\\\/\",\"url\":\"https:\\\/\\\/saumaustarvike.fi\\\/verkkokauppa\\\/kauppa\\\/tuotemerkit\\\/sika-tuotemerkit\\\/sika-palokatkotuotteet-sika-tuotemerkit\\\/sikasil-670-fire-valkoinen\\\/\",\"name\":\"Sikasil-670 Fire, valkoinen - Saumaustarvike.fi\",\"isPartOf\":{\"@id\":\"https:\\\/\\\/saumaustarvike.fi\\\/verkkokauppa\\\/#website\"},\"primaryImageOfPage\":{\"@id\":\"https:\\\/\\\/saumaustarvike.fi\\\/verkkokauppa\\\/kauppa\\\/tuotemerkit\\\/sika-tuotemerkit\\\/sika-palokatkotuotteet-sika-tuotemerkit\\\/sikasil-670-fire-valkoinen\\\/#primaryimage\"},\"image\":{\"@id\":\"https:\\\/\\\/saumaustarvike.fi\\\/verkkokauppa\\\/kauppa\\\/tuotemerkit\\\/sika-tuotemerkit\\\/sika-palokatkotuotteet-sika-tuotemerkit\\\/sikasil-670-fire-valkoinen\\\/#primaryimage\"},\"thumbnailUrl\":\"https:\\\/\\\/saumaustarvike.fi\\\/verkkokauppa\\\/wp-content\\\/uploads\\\/2016\\\/04\\\/sikasil-670-fire.gif\",\"datePublished\":\"2016-04-23T05:08:04+00:00\",\"dateModified\":\"2024-09-02T07:21:23+00:00\",\"breadcrumb\":{\"@id\":\"https:\\\/\\\/saumaustarvike.fi\\\/verkkokauppa\\\/kauppa\\\/tuotemerkit\\\/sika-tuotemerkit\\\/sika-palokatkotuotteet-sika-tuotemerkit\\\/sikasil-670-fire-valkoinen\\\/#breadcrumb\"},\"inLanguage\":\"fi\",\"potentialAction\":[{\"@type\":\"ReadAction\",\"target\":[\"https:\\\/\\\/saumaustarvike.fi\\\/verkkokauppa\\\/kauppa\\\/tuotemerkit\\\/sika-tuotemerkit\\\/sika-palokatkotuotteet-sika-tuotemerkit\\\/sikasil-670-fire-valkoinen\\\/\"]}]},{\"@type\":\"ImageObject\",\"inLanguage\":\"fi\",\"@id\":\"https:\\\/\\\/saumaustarvike.fi\\\/verkkokauppa\\\/kauppa\\\/tuotemerkit\\\/sika-tuotemerkit\\\/sika-palokatkotuotteet-sika-tuotemerkit\\\/sikasil-670-fire-valkoinen\\\/#primaryimage\",\"url\":\"https:\\\/\\\/saumaustarvike.fi\\\/verkkokauppa\\\/wp-content\\\/uploads\\\/2016\\\/04\\\/sikasil-670-fire.gif\",\"contentUrl\":\"https:\\\/\\\/saumaustarvike.fi\\\/verkkokauppa\\\/wp-content\\\/uploads\\\/2016\\\/04\\\/sikasil-670-fire.gif\",\"width\":1000,\"height\":1000},{\"@type\":\"BreadcrumbList\",\"@id\":\"https:\\\/\\\/saumaustarvike.fi\\\/verkkokauppa\\\/kauppa\\\/tuotemerkit\\\/sika-tuotemerkit\\\/sika-palokatkotuotteet-sika-tuotemerkit\\\/sikasil-670-fire-valkoinen\\\/#breadcrumb\",\"itemListElement\":[{\"@type\":\"ListItem\",\"position\":1,\"name\":\"Home\",\"item\":\"https:\\\/\\\/saumaustarvike.fi\\\/verkkokauppa\\\/\"},{\"@type\":\"ListItem\",\"position\":2,\"name\":\"Saumausmassat, tarvikkeet ja ty\u00f6kalut\",\"item\":\"https:\\\/\\\/saumaustarvike.fi\\\/verkkokauppa\\\/kauppa\\\/\"},{\"@type\":\"ListItem\",\"position\":3,\"name\":\"Sikasil-670 Fire, valkoinen\"}]},{\"@type\":\"WebSite\",\"@id\":\"https:\\\/\\\/saumaustarvike.fi\\\/verkkokauppa\\\/#website\",\"url\":\"https:\\\/\\\/saumaustarvike.fi\\\/verkkokauppa\\\/\",\"name\":\"Saumaustarvike.fi\",\"description\":\"Saumausmassat, tarvikkeet ja ty&ouml;kalut\",\"publisher\":{\"@id\":\"https:\\\/\\\/saumaustarvike.fi\\\/verkkokauppa\\\/#organization\"},\"potentialAction\":[{\"@type\":\"SearchAction\",\"target\":{\"@type\":\"EntryPoint\",\"urlTemplate\":\"https:\\\/\\\/saumaustarvike.fi\\\/verkkokauppa\\\/?s={search_term_string}\"},\"query-input\":{\"@type\":\"PropertyValueSpecification\",\"valueRequired\":true,\"valueName\":\"search_term_string\"}}],\"inLanguage\":\"fi\"},{\"@type\":\"Organization\",\"@id\":\"https:\\\/\\\/saumaustarvike.fi\\\/verkkokauppa\\\/#organization\",\"name\":\"Saumaustarvike.fi\",\"url\":\"https:\\\/\\\/saumaustarvike.fi\\\/verkkokauppa\\\/\",\"logo\":{\"@type\":\"ImageObject\",\"inLanguage\":\"fi\",\"@id\":\"https:\\\/\\\/saumaustarvike.fi\\\/verkkokauppa\\\/#\\\/schema\\\/logo\\\/image\\\/\",\"url\":\"https:\\\/\\\/saumaustarvike.fi\\\/verkkokauppa\\\/wp-content\\\/uploads\\\/2019\\\/02\\\/logo.png\",\"contentUrl\":\"https:\\\/\\\/saumaustarvike.fi\\\/verkkokauppa\\\/wp-content\\\/uploads\\\/2019\\\/02\\\/logo.png\",\"width\":806,\"height\":150,\"caption\":\"Saumaustarvike.fi\"},\"image\":{\"@id\":\"https:\\\/\\\/saumaustarvike.fi\\\/verkkokauppa\\\/#\\\/schema\\\/logo\\\/image\\\/\"},\"sameAs\":[\"https:\\\/\\\/www.facebook.com\\\/Saumalaakso\"]}]}<\/script>\n<!-- \/ Yoast SEO plugin. -->","yoast_head_json":{"title":"Sikasil-670 Fire, valkoinen - Saumaustarvike.fi","robots":{"index":"index","follow":"follow","max-snippet":"max-snippet:-1","max-image-preview":"max-image-preview:large","max-video-preview":"max-video-preview:-1"},"canonical":"https:\/\/saumaustarvike.fi\/verkkokauppa\/kauppa\/tuotemerkit\/sika-tuotemerkit\/sika-palokatkotuotteet-sika-tuotemerkit\/sikasil-670-fire-valkoinen\/","og_locale":"fi_FI","og_type":"article","og_title":"Sikasil-670 Fire, valkoinen - Saumaustarvike.fi","og_description":"Sikasil\u00ae -670 on paloluokitettu, kosteuskovettuva, joustava saumantiivistysaine, joka sopii liikkuviin ja kiinteisiin saumoihin.","og_url":"https:\/\/saumaustarvike.fi\/verkkokauppa\/kauppa\/tuotemerkit\/sika-tuotemerkit\/sika-palokatkotuotteet-sika-tuotemerkit\/sikasil-670-fire-valkoinen\/","og_site_name":"Saumaustarvike.fi","article_publisher":"https:\/\/www.facebook.com\/Saumalaakso","article_modified_time":"2024-09-02T07:21:23+00:00","og_image":[{"width":1000,"height":1000,"url":"https:\/\/saumaustarvike.fi\/verkkokauppa\/content\/uploads\/2016\/04\/sikasil-670-fire.gif","type":"image\/gif"}],"schema":{"@context":"https:\/\/schema.org","@graph":[{"@type":"WebPage","@id":"https:\/\/saumaustarvike.fi\/verkkokauppa\/kauppa\/tuotemerkit\/sika-tuotemerkit\/sika-palokatkotuotteet-sika-tuotemerkit\/sikasil-670-fire-valkoinen\/","url":"https:\/\/saumaustarvike.fi\/verkkokauppa\/kauppa\/tuotemerkit\/sika-tuotemerkit\/sika-palokatkotuotteet-sika-tuotemerkit\/sikasil-670-fire-valkoinen\/","name":"Sikasil-670 Fire, valkoinen - Saumaustarvike.fi","isPartOf":{"@id":"https:\/\/saumaustarvike.fi\/verkkokauppa\/#website"},"primaryImageOfPage":{"@id":"https:\/\/saumaustarvike.fi\/verkkokauppa\/kauppa\/tuotemerkit\/sika-tuotemerkit\/sika-palokatkotuotteet-sika-tuotemerkit\/sikasil-670-fire-valkoinen\/#primaryimage"},"image":{"@id":"https:\/\/saumaustarvike.fi\/verkkokauppa\/kauppa\/tuotemerkit\/sika-tuotemerkit\/sika-palokatkotuotteet-sika-tuotemerkit\/sikasil-670-fire-valkoinen\/#primaryimage"},"thumbnailUrl":"https:\/\/saumaustarvike.fi\/verkkokauppa\/wp-content\/uploads\/2016\/04\/sikasil-670-fire.gif","datePublished":"2016-04-23T05:08:04+00:00","dateModified":"2024-09-02T07:21:23+00:00","breadcrumb":{"@id":"https:\/\/saumaustarvike.fi\/verkkokauppa\/kauppa\/tuotemerkit\/sika-tuotemerkit\/sika-palokatkotuotteet-sika-tuotemerkit\/sikasil-670-fire-valkoinen\/#breadcrumb"},"inLanguage":"fi","potentialAction":[{"@type":"ReadAction","target":["https:\/\/saumaustarvike.fi\/verkkokauppa\/kauppa\/tuotemerkit\/sika-tuotemerkit\/sika-palokatkotuotteet-sika-tuotemerkit\/sikasil-670-fire-valkoinen\/"]}]},{"@type":"ImageObject","inLanguage":"fi","@id":"https:\/\/saumaustarvike.fi\/verkkokauppa\/kauppa\/tuotemerkit\/sika-tuotemerkit\/sika-palokatkotuotteet-sika-tuotemerkit\/sikasil-670-fire-valkoinen\/#primaryimage","url":"https:\/\/saumaustarvike.fi\/verkkokauppa\/wp-content\/uploads\/2016\/04\/sikasil-670-fire.gif","contentUrl":"https:\/\/saumaustarvike.fi\/verkkokauppa\/wp-content\/uploads\/2016\/04\/sikasil-670-fire.gif","width":1000,"height":1000},{"@type":"BreadcrumbList","@id":"https:\/\/saumaustarvike.fi\/verkkokauppa\/kauppa\/tuotemerkit\/sika-tuotemerkit\/sika-palokatkotuotteet-sika-tuotemerkit\/sikasil-670-fire-valkoinen\/#breadcrumb","itemListElement":[{"@type":"ListItem","position":1,"name":"Home","item":"https:\/\/saumaustarvike.fi\/verkkokauppa\/"},{"@type":"ListItem","position":2,"name":"Saumausmassat, tarvikkeet ja ty\u00f6kalut","item":"https:\/\/saumaustarvike.fi\/verkkokauppa\/kauppa\/"},{"@type":"ListItem","position":3,"name":"Sikasil-670 Fire, valkoinen"}]},{"@type":"WebSite","@id":"https:\/\/saumaustarvike.fi\/verkkokauppa\/#website","url":"https:\/\/saumaustarvike.fi\/verkkokauppa\/","name":"Saumaustarvike.fi","description":"Saumausmassat, tarvikkeet ja ty&ouml;kalut","publisher":{"@id":"https:\/\/saumaustarvike.fi\/verkkokauppa\/#organization"},"potentialAction":[{"@type":"SearchAction","target":{"@type":"EntryPoint","urlTemplate":"https:\/\/saumaustarvike.fi\/verkkokauppa\/?s={search_term_string}"},"query-input":{"@type":"PropertyValueSpecification","valueRequired":true,"valueName":"search_term_string"}}],"inLanguage":"fi"},{"@type":"Organization","@id":"https:\/\/saumaustarvike.fi\/verkkokauppa\/#organization","name":"Saumaustarvike.fi","url":"https:\/\/saumaustarvike.fi\/verkkokauppa\/","logo":{"@type":"ImageObject","inLanguage":"fi","@id":"https:\/\/saumaustarvike.fi\/verkkokauppa\/#\/schema\/logo\/image\/","url":"https:\/\/saumaustarvike.fi\/verkkokauppa\/wp-content\/uploads\/2019\/02\/logo.png","contentUrl":"https:\/\/saumaustarvike.fi\/verkkokauppa\/wp-content\/uploads\/2019\/02\/logo.png","width":806,"height":150,"caption":"Saumaustarvike.fi"},"image":{"@id":"https:\/\/saumaustarvike.fi\/verkkokauppa\/#\/schema\/logo\/image\/"},"sameAs":["https:\/\/www.facebook.com\/Saumalaakso"]}]}},"jetpack_sharing_enabled":true,"_links":{"self":[{"href":"https:\/\/saumaustarvike.fi\/verkkokauppa\/wp-json\/wp\/v2\/product\/8757","targetHints":{"allow":["GET"]}}],"collection":[{"href":"https:\/\/saumaustarvike.fi\/verkkokauppa\/wp-json\/wp\/v2\/product"}],"about":[{"href":"https:\/\/saumaustarvike.fi\/verkkokauppa\/wp-json\/wp\/v2\/types\/product"}],"replies":[{"embeddable":true,"href":"https:\/\/saumaustarvike.fi\/verkkokauppa\/wp-json\/wp\/v2\/comments?post=8757"}],"wp:featuredmedia":[{"embeddable":true,"href":"https:\/\/saumaustarvike.fi\/verkkokauppa\/wp-json\/wp\/v2\/media\/8764"}],"wp:attachment":[{"href":"https:\/\/saumaustarvike.fi\/verkkokauppa\/wp-json\/wp\/v2\/media?parent=8757"}],"wp:term":[{"taxonomy":"product_cat","embeddable":true,"href":"https:\/\/saumaustarvike.fi\/verkkokauppa\/wp-json\/wp\/v2\/product_cat?post=8757"},{"taxonomy":"product_tag","embeddable":true,"href":"https:\/\/saumaustarvike.fi\/verkkokauppa\/wp-json\/wp\/v2\/product_tag?post=8757"}],"curies":[{"name":"wp","href":"https:\/\/api.w.org\/{rel}","templated":true}]}}