{"id":8925,"date":"2016-06-01T22:24:05","date_gmt":"2016-06-01T19:24:05","guid":{"rendered":"https:\/\/saumaustarvike.fi\/verkkokauppa\/kauppa\/tarvikkeet\/paroc-xsi-003-lasivilla-22x90mm\/"},"modified":"2025-12-11T07:14:57","modified_gmt":"2025-12-11T05:14:57","slug":"paroc-xsi-003-lasivilla-22x90mm","status":"publish","type":"product","link":"https:\/\/saumaustarvike.fi\/verkkokauppa\/kauppa\/tuotemerkit\/paroc-tuotemerkit\/paroc-lasivilla\/paroc-xsi-003-lasivilla-22x90mm\/","title":{"rendered":"PAROC XSI 003 lasivilla 22x90mm"},"content":{"rendered":"<h1>PAROC XSI 003 lasivilla 22x90x15000mm<\/h1>\n<p>PAROC XSI 003 -p\u00e4\u00e4llyst\u00e4m\u00e4t\u00f6nt\u00e4 lasivillakaistaa k\u00e4ytet\u00e4\u00e4n saumojen ja liittymien tiivist\u00e4miseen.<\/p>\n<div class=\"basic-table\">\n<div class=\"header\"><strong>Palo-ominaisuudet<\/strong><\/div>\n<table id=\"producttable\" cellspacing=\"0\" cellpadding=\"0\">\n<tbody>\n<tr>\n<th><span style=\"color: #000000;\">Ominaisuus<\/span><\/th>\n<th><span style=\"color: #000000;\">Arvo<\/span><\/th>\n<th><span style=\"color: #000000;\">Standardi<\/span><\/th>\n<\/tr>\n<tr class=\"even\">\n<td class=\"dopfirst\"><span style=\"color: #000000;\">Palo-ominaisuudet, Euroluokka<\/span><\/td>\n<td><span style=\"color: #000000;\">A1<\/span><\/td>\n<td><span style=\"color: #000000;\">EN 13501-1<\/span><\/td>\n<\/tr>\n<\/tbody>\n<\/table>\n<\/div>\n<div class=\"basic-table\">\n<div class=\"header\"><span style=\"color: #000000;\"><strong>Muut palo-ominaisuudet<\/strong><\/span><\/div>\n<table id=\"producttable\" cellspacing=\"0\" cellpadding=\"0\">\n<tbody>\n<tr>\n<th><span style=\"color: #000000;\">Ominaisuus<\/span><\/th>\n<th><span style=\"color: #000000;\">Arvo<\/span><\/th>\n<th><span style=\"color: #000000;\">Standardi<\/span><\/th>\n<\/tr>\n<tr class=\"even\">\n<td class=\"dopfirst\"><span style=\"color: #000000;\">Palamattomuus<\/span><\/td>\n<td><span style=\"color: #000000;\">Palamaton<\/span><\/td>\n<td><span style=\"color: #000000;\">EN ISO 1182<\/span><\/td>\n<\/tr>\n<\/tbody>\n<\/table>\n<\/div>\n<h2>Pakkaus<\/h2>\n<p>Paksuus: 22mm<br \/>\nLeveys: 90mm<br \/>\nPituus: 15m (rulla)<\/p>\n<p>S\u00e4kki: 7 x 15m rulla = 105m<\/p>\n","protected":false},"excerpt":{"rendered":"<p>PAROC XSI 003 -p\u00e4\u00e4llyst\u00e4m\u00e4t\u00f6nt\u00e4 lasivillakaistaa k\u00e4ytet\u00e4\u00e4n saumojen ja liittymien tiivist\u00e4miseen.<\/p>\n","protected":false},"featured_media":8928,"comment_status":"open","ping_status":"closed","template":"","meta":{"_acf_changed":false},"product_cat":[1555,1559,2198,1556,1577],"product_tag":[184,309,983,981,962,959,997,80,961,958],"class_list":{"0":"post-8925","1":"product","2":"type-product","3":"status-publish","4":"has-post-thumbnail","6":"product_brand-paroc","7":"product_cat-eristys","8":"product_cat-julkisivu-ja-seinien-huolto-puhdistus-ja-kunnostus","9":"product_cat-paroc-lasivilla","10":"product_cat-palokatkotuotteet-tuotteet","11":"product_cat-saumaustarvikkeet","12":"product_tag-eriste","13":"product_tag-eristys","14":"product_tag-hirsi","15":"product_tag-lasivilla","16":"product_tag-lasivillakaista","17":"product_tag-mineraalivilla","18":"product_tag-paroc","19":"product_tag-tiivistys-2","20":"product_tag-vettahylkiva","21":"product_tag-villa","22":"pa_maara-105m","23":"pa_maara-150m","24":"pa_maara-15m","26":"first","27":"onbackorder","28":"taxable","29":"shipping-taxable","30":"purchasable","31":"product-type-variable"},"acf":[],"yoast_head":"<!-- This site is optimized with the Yoast SEO plugin v27.3 - https:\/\/yoast.com\/product\/yoast-seo-wordpress\/ -->\n<title>PAROC XSI 003 lasivilla 22x90mm - Saumaustarvike.fi<\/title>\n<meta name=\"robots\" content=\"index, follow, max-snippet:-1, max-image-preview:large, max-video-preview:-1\" \/>\n<link rel=\"canonical\" href=\"https:\/\/saumaustarvike.fi\/verkkokauppa\/kauppa\/tuotemerkit\/paroc-tuotemerkit\/paroc-lasivilla\/paroc-xsi-003-lasivilla-22x90mm\/\" \/>\n<meta property=\"og:locale\" content=\"fi_FI\" \/>\n<meta property=\"og:type\" content=\"article\" \/>\n<meta property=\"og:title\" content=\"PAROC XSI 003 lasivilla 22x90mm - Saumaustarvike.fi\" \/>\n<meta property=\"og:description\" content=\"PAROC XSI 003 -p\u00e4\u00e4llyst\u00e4m\u00e4t\u00f6nt\u00e4 lasivillakaistaa k\u00e4ytet\u00e4\u00e4n saumojen ja liittymien tiivist\u00e4miseen.\" \/>\n<meta property=\"og:url\" content=\"https:\/\/saumaustarvike.fi\/verkkokauppa\/kauppa\/tuotemerkit\/paroc-tuotemerkit\/paroc-lasivilla\/paroc-xsi-003-lasivilla-22x90mm\/\" \/>\n<meta property=\"og:site_name\" content=\"Saumaustarvike.fi\" \/>\n<meta property=\"article:publisher\" content=\"https:\/\/www.facebook.com\/Saumalaakso\" \/>\n<meta property=\"article:modified_time\" content=\"2025-12-11T05:14:57+00:00\" \/>\n<meta property=\"og:image\" content=\"https:\/\/saumaustarvike.fi\/verkkokauppa\/content\/uploads\/2016\/06\/PAROC-XSI-003.jpg\" \/>\n\t<meta property=\"og:image:width\" content=\"600\" \/>\n\t<meta property=\"og:image:height\" content=\"600\" \/>\n\t<meta property=\"og:image:type\" content=\"image\/jpeg\" \/>\n<meta name=\"twitter:label1\" content=\"Arvioitu lukuaika\" \/>\n\t<meta name=\"twitter:data1\" content=\"1 minuutti\" \/>\n<script type=\"application\/ld+json\" class=\"yoast-schema-graph\">{\"@context\":\"https:\\\/\\\/schema.org\",\"@graph\":[{\"@type\":\"WebPage\",\"@id\":\"https:\\\/\\\/saumaustarvike.fi\\\/verkkokauppa\\\/kauppa\\\/tuotemerkit\\\/paroc-tuotemerkit\\\/paroc-lasivilla\\\/paroc-xsi-003-lasivilla-22x90mm\\\/\",\"url\":\"https:\\\/\\\/saumaustarvike.fi\\\/verkkokauppa\\\/kauppa\\\/tuotemerkit\\\/paroc-tuotemerkit\\\/paroc-lasivilla\\\/paroc-xsi-003-lasivilla-22x90mm\\\/\",\"name\":\"PAROC XSI 003 lasivilla 22x90mm - Saumaustarvike.fi\",\"isPartOf\":{\"@id\":\"https:\\\/\\\/saumaustarvike.fi\\\/verkkokauppa\\\/#website\"},\"primaryImageOfPage\":{\"@id\":\"https:\\\/\\\/saumaustarvike.fi\\\/verkkokauppa\\\/kauppa\\\/tuotemerkit\\\/paroc-tuotemerkit\\\/paroc-lasivilla\\\/paroc-xsi-003-lasivilla-22x90mm\\\/#primaryimage\"},\"image\":{\"@id\":\"https:\\\/\\\/saumaustarvike.fi\\\/verkkokauppa\\\/kauppa\\\/tuotemerkit\\\/paroc-tuotemerkit\\\/paroc-lasivilla\\\/paroc-xsi-003-lasivilla-22x90mm\\\/#primaryimage\"},\"thumbnailUrl\":\"https:\\\/\\\/saumaustarvike.fi\\\/verkkokauppa\\\/wp-content\\\/uploads\\\/2016\\\/06\\\/PAROC-XSI-003.jpg\",\"datePublished\":\"2016-06-01T19:24:05+00:00\",\"dateModified\":\"2025-12-11T05:14:57+00:00\",\"breadcrumb\":{\"@id\":\"https:\\\/\\\/saumaustarvike.fi\\\/verkkokauppa\\\/kauppa\\\/tuotemerkit\\\/paroc-tuotemerkit\\\/paroc-lasivilla\\\/paroc-xsi-003-lasivilla-22x90mm\\\/#breadcrumb\"},\"inLanguage\":\"fi\",\"potentialAction\":[{\"@type\":\"ReadAction\",\"target\":[\"https:\\\/\\\/saumaustarvike.fi\\\/verkkokauppa\\\/kauppa\\\/tuotemerkit\\\/paroc-tuotemerkit\\\/paroc-lasivilla\\\/paroc-xsi-003-lasivilla-22x90mm\\\/\"]}]},{\"@type\":\"ImageObject\",\"inLanguage\":\"fi\",\"@id\":\"https:\\\/\\\/saumaustarvike.fi\\\/verkkokauppa\\\/kauppa\\\/tuotemerkit\\\/paroc-tuotemerkit\\\/paroc-lasivilla\\\/paroc-xsi-003-lasivilla-22x90mm\\\/#primaryimage\",\"url\":\"https:\\\/\\\/saumaustarvike.fi\\\/verkkokauppa\\\/wp-content\\\/uploads\\\/2016\\\/06\\\/PAROC-XSI-003.jpg\",\"contentUrl\":\"https:\\\/\\\/saumaustarvike.fi\\\/verkkokauppa\\\/wp-content\\\/uploads\\\/2016\\\/06\\\/PAROC-XSI-003.jpg\",\"width\":600,\"height\":600},{\"@type\":\"BreadcrumbList\",\"@id\":\"https:\\\/\\\/saumaustarvike.fi\\\/verkkokauppa\\\/kauppa\\\/tuotemerkit\\\/paroc-tuotemerkit\\\/paroc-lasivilla\\\/paroc-xsi-003-lasivilla-22x90mm\\\/#breadcrumb\",\"itemListElement\":[{\"@type\":\"ListItem\",\"position\":1,\"name\":\"Home\",\"item\":\"https:\\\/\\\/saumaustarvike.fi\\\/verkkokauppa\\\/\"},{\"@type\":\"ListItem\",\"position\":2,\"name\":\"Saumausmassat, tarvikkeet ja ty\u00f6kalut\",\"item\":\"https:\\\/\\\/saumaustarvike.fi\\\/verkkokauppa\\\/kauppa\\\/\"},{\"@type\":\"ListItem\",\"position\":3,\"name\":\"PAROC XSI 003 lasivilla 22x90mm\"}]},{\"@type\":\"WebSite\",\"@id\":\"https:\\\/\\\/saumaustarvike.fi\\\/verkkokauppa\\\/#website\",\"url\":\"https:\\\/\\\/saumaustarvike.fi\\\/verkkokauppa\\\/\",\"name\":\"Saumaustarvike.fi\",\"description\":\"Saumausmassat, tarvikkeet ja ty&ouml;kalut\",\"publisher\":{\"@id\":\"https:\\\/\\\/saumaustarvike.fi\\\/verkkokauppa\\\/#organization\"},\"potentialAction\":[{\"@type\":\"SearchAction\",\"target\":{\"@type\":\"EntryPoint\",\"urlTemplate\":\"https:\\\/\\\/saumaustarvike.fi\\\/verkkokauppa\\\/?s={search_term_string}\"},\"query-input\":{\"@type\":\"PropertyValueSpecification\",\"valueRequired\":true,\"valueName\":\"search_term_string\"}}],\"inLanguage\":\"fi\"},{\"@type\":\"Organization\",\"@id\":\"https:\\\/\\\/saumaustarvike.fi\\\/verkkokauppa\\\/#organization\",\"name\":\"Saumaustarvike.fi\",\"url\":\"https:\\\/\\\/saumaustarvike.fi\\\/verkkokauppa\\\/\",\"logo\":{\"@type\":\"ImageObject\",\"inLanguage\":\"fi\",\"@id\":\"https:\\\/\\\/saumaustarvike.fi\\\/verkkokauppa\\\/#\\\/schema\\\/logo\\\/image\\\/\",\"url\":\"https:\\\/\\\/saumaustarvike.fi\\\/verkkokauppa\\\/wp-content\\\/uploads\\\/2019\\\/02\\\/logo.png\",\"contentUrl\":\"https:\\\/\\\/saumaustarvike.fi\\\/verkkokauppa\\\/wp-content\\\/uploads\\\/2019\\\/02\\\/logo.png\",\"width\":806,\"height\":150,\"caption\":\"Saumaustarvike.fi\"},\"image\":{\"@id\":\"https:\\\/\\\/saumaustarvike.fi\\\/verkkokauppa\\\/#\\\/schema\\\/logo\\\/image\\\/\"},\"sameAs\":[\"https:\\\/\\\/www.facebook.com\\\/Saumalaakso\"]}]}<\/script>\n<!-- \/ Yoast SEO plugin. -->","yoast_head_json":{"title":"PAROC XSI 003 lasivilla 22x90mm - Saumaustarvike.fi","robots":{"index":"index","follow":"follow","max-snippet":"max-snippet:-1","max-image-preview":"max-image-preview:large","max-video-preview":"max-video-preview:-1"},"canonical":"https:\/\/saumaustarvike.fi\/verkkokauppa\/kauppa\/tuotemerkit\/paroc-tuotemerkit\/paroc-lasivilla\/paroc-xsi-003-lasivilla-22x90mm\/","og_locale":"fi_FI","og_type":"article","og_title":"PAROC XSI 003 lasivilla 22x90mm - Saumaustarvike.fi","og_description":"PAROC XSI 003 -p\u00e4\u00e4llyst\u00e4m\u00e4t\u00f6nt\u00e4 lasivillakaistaa k\u00e4ytet\u00e4\u00e4n saumojen ja liittymien tiivist\u00e4miseen.","og_url":"https:\/\/saumaustarvike.fi\/verkkokauppa\/kauppa\/tuotemerkit\/paroc-tuotemerkit\/paroc-lasivilla\/paroc-xsi-003-lasivilla-22x90mm\/","og_site_name":"Saumaustarvike.fi","article_publisher":"https:\/\/www.facebook.com\/Saumalaakso","article_modified_time":"2025-12-11T05:14:57+00:00","og_image":[{"width":600,"height":600,"url":"https:\/\/saumaustarvike.fi\/verkkokauppa\/content\/uploads\/2016\/06\/PAROC-XSI-003.jpg","type":"image\/jpeg"}],"twitter_misc":{"Arvioitu lukuaika":"1 minuutti"},"schema":{"@context":"https:\/\/schema.org","@graph":[{"@type":"WebPage","@id":"https:\/\/saumaustarvike.fi\/verkkokauppa\/kauppa\/tuotemerkit\/paroc-tuotemerkit\/paroc-lasivilla\/paroc-xsi-003-lasivilla-22x90mm\/","url":"https:\/\/saumaustarvike.fi\/verkkokauppa\/kauppa\/tuotemerkit\/paroc-tuotemerkit\/paroc-lasivilla\/paroc-xsi-003-lasivilla-22x90mm\/","name":"PAROC XSI 003 lasivilla 22x90mm - Saumaustarvike.fi","isPartOf":{"@id":"https:\/\/saumaustarvike.fi\/verkkokauppa\/#website"},"primaryImageOfPage":{"@id":"https:\/\/saumaustarvike.fi\/verkkokauppa\/kauppa\/tuotemerkit\/paroc-tuotemerkit\/paroc-lasivilla\/paroc-xsi-003-lasivilla-22x90mm\/#primaryimage"},"image":{"@id":"https:\/\/saumaustarvike.fi\/verkkokauppa\/kauppa\/tuotemerkit\/paroc-tuotemerkit\/paroc-lasivilla\/paroc-xsi-003-lasivilla-22x90mm\/#primaryimage"},"thumbnailUrl":"https:\/\/saumaustarvike.fi\/verkkokauppa\/wp-content\/uploads\/2016\/06\/PAROC-XSI-003.jpg","datePublished":"2016-06-01T19:24:05+00:00","dateModified":"2025-12-11T05:14:57+00:00","breadcrumb":{"@id":"https:\/\/saumaustarvike.fi\/verkkokauppa\/kauppa\/tuotemerkit\/paroc-tuotemerkit\/paroc-lasivilla\/paroc-xsi-003-lasivilla-22x90mm\/#breadcrumb"},"inLanguage":"fi","potentialAction":[{"@type":"ReadAction","target":["https:\/\/saumaustarvike.fi\/verkkokauppa\/kauppa\/tuotemerkit\/paroc-tuotemerkit\/paroc-lasivilla\/paroc-xsi-003-lasivilla-22x90mm\/"]}]},{"@type":"ImageObject","inLanguage":"fi","@id":"https:\/\/saumaustarvike.fi\/verkkokauppa\/kauppa\/tuotemerkit\/paroc-tuotemerkit\/paroc-lasivilla\/paroc-xsi-003-lasivilla-22x90mm\/#primaryimage","url":"https:\/\/saumaustarvike.fi\/verkkokauppa\/wp-content\/uploads\/2016\/06\/PAROC-XSI-003.jpg","contentUrl":"https:\/\/saumaustarvike.fi\/verkkokauppa\/wp-content\/uploads\/2016\/06\/PAROC-XSI-003.jpg","width":600,"height":600},{"@type":"BreadcrumbList","@id":"https:\/\/saumaustarvike.fi\/verkkokauppa\/kauppa\/tuotemerkit\/paroc-tuotemerkit\/paroc-lasivilla\/paroc-xsi-003-lasivilla-22x90mm\/#breadcrumb","itemListElement":[{"@type":"ListItem","position":1,"name":"Home","item":"https:\/\/saumaustarvike.fi\/verkkokauppa\/"},{"@type":"ListItem","position":2,"name":"Saumausmassat, tarvikkeet ja ty\u00f6kalut","item":"https:\/\/saumaustarvike.fi\/verkkokauppa\/kauppa\/"},{"@type":"ListItem","position":3,"name":"PAROC XSI 003 lasivilla 22x90mm"}]},{"@type":"WebSite","@id":"https:\/\/saumaustarvike.fi\/verkkokauppa\/#website","url":"https:\/\/saumaustarvike.fi\/verkkokauppa\/","name":"Saumaustarvike.fi","description":"Saumausmassat, tarvikkeet ja ty&ouml;kalut","publisher":{"@id":"https:\/\/saumaustarvike.fi\/verkkokauppa\/#organization"},"potentialAction":[{"@type":"SearchAction","target":{"@type":"EntryPoint","urlTemplate":"https:\/\/saumaustarvike.fi\/verkkokauppa\/?s={search_term_string}"},"query-input":{"@type":"PropertyValueSpecification","valueRequired":true,"valueName":"search_term_string"}}],"inLanguage":"fi"},{"@type":"Organization","@id":"https:\/\/saumaustarvike.fi\/verkkokauppa\/#organization","name":"Saumaustarvike.fi","url":"https:\/\/saumaustarvike.fi\/verkkokauppa\/","logo":{"@type":"ImageObject","inLanguage":"fi","@id":"https:\/\/saumaustarvike.fi\/verkkokauppa\/#\/schema\/logo\/image\/","url":"https:\/\/saumaustarvike.fi\/verkkokauppa\/wp-content\/uploads\/2019\/02\/logo.png","contentUrl":"https:\/\/saumaustarvike.fi\/verkkokauppa\/wp-content\/uploads\/2019\/02\/logo.png","width":806,"height":150,"caption":"Saumaustarvike.fi"},"image":{"@id":"https:\/\/saumaustarvike.fi\/verkkokauppa\/#\/schema\/logo\/image\/"},"sameAs":["https:\/\/www.facebook.com\/Saumalaakso"]}]}},"jetpack_sharing_enabled":true,"_links":{"self":[{"href":"https:\/\/saumaustarvike.fi\/verkkokauppa\/wp-json\/wp\/v2\/product\/8925","targetHints":{"allow":["GET"]}}],"collection":[{"href":"https:\/\/saumaustarvike.fi\/verkkokauppa\/wp-json\/wp\/v2\/product"}],"about":[{"href":"https:\/\/saumaustarvike.fi\/verkkokauppa\/wp-json\/wp\/v2\/types\/product"}],"replies":[{"embeddable":true,"href":"https:\/\/saumaustarvike.fi\/verkkokauppa\/wp-json\/wp\/v2\/comments?post=8925"}],"wp:featuredmedia":[{"embeddable":true,"href":"https:\/\/saumaustarvike.fi\/verkkokauppa\/wp-json\/wp\/v2\/media\/8928"}],"wp:attachment":[{"href":"https:\/\/saumaustarvike.fi\/verkkokauppa\/wp-json\/wp\/v2\/media?parent=8925"}],"wp:term":[{"taxonomy":"product_cat","embeddable":true,"href":"https:\/\/saumaustarvike.fi\/verkkokauppa\/wp-json\/wp\/v2\/product_cat?post=8925"},{"taxonomy":"product_tag","embeddable":true,"href":"https:\/\/saumaustarvike.fi\/verkkokauppa\/wp-json\/wp\/v2\/product_tag?post=8925"}],"curies":[{"name":"wp","href":"https:\/\/api.w.org\/{rel}","templated":true}]}}