{"id":8993,"date":"2016-06-05T20:55:15","date_gmt":"2016-06-05T17:55:15","guid":{"rendered":"https:\/\/saumaustarvike.fi\/verkkokauppa\/kauppa\/tyokalut\/fein-akku-multimaster-afmm-18qsl-select\/"},"modified":"2024-09-02T10:43:22","modified_gmt":"2024-09-02T07:43:22","slug":"fein-akkumultimaster-700-max-top","status":"publish","type":"product","link":"https:\/\/saumaustarvike.fi\/verkkokauppa\/kauppa\/tuotemerkit\/fein-tuotemerkit\/fein-leikkurit\/fein-akkumultimaster-700-max-top\/","title":{"rendered":"Fein AKKUMULTIMASTER 700 MAX TOP"},"content":{"rendered":"<h1>Fein AKKUMULTIMASTER 700 MAX TOP<\/h1>\n<p>Tehokas akkuk\u00e4ytt\u00f6inen monity\u00f6kalu rakentamiseen ja remontointiin muovisalkussa sis\u00e4lt\u00e4en akku-peruspaketin ja 60 tarviketta puun, metallin ja muovien sahaukseen, laattojen irrotukseen, silikonisaumojen poistoon, liimaj\u00e4\u00e4mien poistamiseen jne.\u00a0<\/p>\n<ul>\n<li>T\u00e4rin\u00e4nvaimennusj\u00e4rjestelm\u00e4: ty\u00f6skentely on jatkuvasti turvallista ja miellytt\u00e4v\u00e4\u00e4 eritt\u00e4in v\u00e4h\u00e4isen t\u00e4rin\u00e4n ja erinomaisen \u00e4\u00e4nenvaimennuksen ansiosta. <\/li>\n<li>StarlockMax -ty\u00f6kalukiinnitys: ty\u00f6n nopeampi edistyminen ja suurempi tarkkuus 100 % h\u00e4vi\u00f6tt\u00f6m\u00e4n voimansiirron ansiosta. <\/li>\n<li>QuickIN: ty\u00f6kalunvaihto alle 3 sekunnissa FEINin patentoidulla ty\u00f6kaluttomalla pikakiinnitysj\u00e4rjestelm\u00e4ll\u00e4. <\/li>\n<li>StarlockMax-ty\u00f6kalukiinnityksen ansiosta voit k\u00e4ytt\u00e4\u00e4 noin 180 FEIN-tarviketta Starlock-, Starlock Plus- ja Starlock Max -teholuokissa.\n<\/li>\n<li>18 V:n FEIN PowerDrive -moottori: Erityisen tehokas ja l\u00e4hes kulumaton, harjaton moottori, jossa on eritt\u00e4in suuri hy\u00f6tysuhde, \u00e4\u00e4rimm\u00e4inen kuormitettavuus ja k\u00e4ytt\u00f6ik\u00e4. <\/li>\n<li>Metallinen voimansiirtokoneisto: Suuri kuormitettavuus ja maksimaalinen k\u00e4ytt\u00f6ik\u00e4, koska kaikki voimansiirron osat on valmistettu metallista. <\/li>\n<li>Mekaaninen liit\u00e4nt\u00e4: kiinte\u00e4\u00e4n k\u00e4ytt\u00f6\u00f6n p\u00f6yt\u00e4- tai poratelinepidikkeess\u00e4 tai syvyysrajoittimen kiinnitt\u00e4miseen. <\/li>\n<li>SafetyCell-teknologia: t\u00e4ydellinen suojaus ylikuormitusta, ylikuumenemista ja syv\u00e4purkautumista vastaan kennojen erillisvalvonnalla varustetuilla litiumioniakuilla.  <\/li>\n<li>Akun lataustila voidaan lukea suoraan akusta. <\/li>\n<\/ul>\n<h3 class=\"fein800\">Sis\u00e4ltyy hintaan<\/h3>\n<ul class=\"product-id-347273\">\n<li>2 E-Cut Standard -sahanter\u00e4\u00e4, kaareva (35 mm)<br \/>\n \t2 E-Cut Standard -sahanter\u00e4\u00e4, kaareva (65 mm)<br \/>\n \t1 E-Cut Precision -sahanter\u00e4 (35 mm)<br \/>\n \t1 E-Cut Precision -sahanter\u00e4 (65 mm)<br \/>\n \t1 E-Cut Long-Life -sahanter\u00e4 (10 mm)<br \/>\n \t2 E-Cut Long-Life -sahanter\u00e4\u00e4 (35 mm)<br \/>\n \t1 E-Cut Long-Life -sahanter\u00e4 (32 mm)<br \/>\n \t1 E-Cut Long-Life -sahanter\u00e4 (42 mm)<br \/>\n \t1 E-Cut Carbide Pro -sahanter\u00e4 (32 mm)<br \/>\n \t1 sahanter\u00e4, segmentoitu (\u00d8 85 mm)<br \/>\n \t1 HM-segmenttisahanter\u00e4<br \/>\n \t1 kovametalli-raspi (kolmionmuotoinen)<br \/>\n \t1 lasta<br \/>\n \t1 sienenmuotoinen leikkuuter\u00e4<br \/>\n \t1 moniter\u00e4<br \/>\n \t1 hiomalevy rei&#8217;itetty<br \/>\n \t10 rei&#8217;itetty\u00e4 hiomapaperia kutakin karkeutta (K 60, 80, 120, 180)<br \/>\n \t1 imulaitteisto<br \/>\n \t1 pikalatauslaite ALG 80<br \/>\n \t2 litiumioniakkupakkausta (18 V \/ 3 Ah)<br \/>\n \t1 muovinen ty\u00f6kalulaukku<\/li>\n<\/ul>\n<p>Tuotenumero: 7 129 34 61 00 0<\/p>\n","protected":false},"excerpt":{"rendered":"<p>Tehokas akkuk\u00e4ytt\u00f6inen monity\u00f6kalu rakentamiseen ja remontointiin muovisalkussa sis\u00e4lt\u00e4en akku-peruspaketin ja 60 tarviketta puun, metallin ja muovien sahaukseen, laattojen irrotukseen, silikonisaumojen poistoon, liimaj\u00e4\u00e4mien poistamiseen jne.\u00a0<\/p>\n","protected":false},"featured_media":16439,"comment_status":"open","ping_status":"closed","template":"","meta":{"_acf_changed":false},"product_cat":[1568,2139],"product_tag":[1004,486,1010,1009,1017,1012,1011],"class_list":{"0":"post-8993","1":"product","2":"type-product","3":"status-publish","4":"has-post-thumbnail","6":"product_brand-fein","7":"product_cat-leikkurit","8":"product_cat-fein-leikkurit","9":"product_tag-fein","10":"product_tag-leikkaus","11":"product_tag-leikkuri","12":"product_tag-monitoimikone","13":"product_tag-multimaster","14":"product_tag-pikakiinnitys","15":"product_tag-sauman-poisto","17":"first","18":"instock","19":"taxable","20":"shipping-taxable","21":"purchasable","22":"product-type-simple"},"acf":[],"yoast_head":"<!-- This site is optimized with the Yoast SEO plugin v27.3 - https:\/\/yoast.com\/product\/yoast-seo-wordpress\/ -->\n<title>Fein AKKUMULTIMASTER 700 MAX TOP - Saumaustarvike.fi<\/title>\n<meta name=\"robots\" content=\"index, follow, max-snippet:-1, max-image-preview:large, max-video-preview:-1\" \/>\n<link rel=\"canonical\" href=\"https:\/\/saumaustarvike.fi\/verkkokauppa\/kauppa\/tuotemerkit\/fein-tuotemerkit\/fein-leikkurit\/fein-akkumultimaster-700-max-top\/\" \/>\n<meta property=\"og:locale\" content=\"fi_FI\" \/>\n<meta property=\"og:type\" content=\"article\" \/>\n<meta property=\"og:title\" content=\"Fein AKKUMULTIMASTER 700 MAX TOP - Saumaustarvike.fi\" \/>\n<meta property=\"og:description\" content=\"Tehokas akkuk\u00e4ytt\u00f6inen monity\u00f6kalu rakentamiseen ja remontointiin muovisalkussa sis\u00e4lt\u00e4en akku-peruspaketin ja 60 tarviketta puun, metallin ja muovien sahaukseen, laattojen irrotukseen, silikonisaumojen poistoon, liimaj\u00e4\u00e4mien poistamiseen jne.\u00a0\" \/>\n<meta property=\"og:url\" content=\"https:\/\/saumaustarvike.fi\/verkkokauppa\/kauppa\/tuotemerkit\/fein-tuotemerkit\/fein-leikkurit\/fein-akkumultimaster-700-max-top\/\" \/>\n<meta property=\"og:site_name\" content=\"Saumaustarvike.fi\" \/>\n<meta property=\"article:publisher\" content=\"https:\/\/www.facebook.com\/Saumalaakso\" \/>\n<meta property=\"article:modified_time\" content=\"2024-09-02T07:43:22+00:00\" \/>\n<meta property=\"og:image\" content=\"https:\/\/saumaustarvike.fi\/verkkokauppa\/content\/uploads\/2016\/06\/Qz4cK5Aw-1.jpeg\" \/>\n\t<meta property=\"og:image:width\" content=\"530\" \/>\n\t<meta property=\"og:image:height\" content=\"371\" \/>\n\t<meta property=\"og:image:type\" content=\"image\/jpeg\" \/>\n<meta name=\"twitter:label1\" content=\"Arvioitu lukuaika\" \/>\n\t<meta name=\"twitter:data1\" content=\"1 minuutti\" \/>\n<script type=\"application\/ld+json\" class=\"yoast-schema-graph\">{\"@context\":\"https:\\\/\\\/schema.org\",\"@graph\":[{\"@type\":\"WebPage\",\"@id\":\"https:\\\/\\\/saumaustarvike.fi\\\/verkkokauppa\\\/kauppa\\\/tuotemerkit\\\/fein-tuotemerkit\\\/fein-leikkurit\\\/fein-akkumultimaster-700-max-top\\\/\",\"url\":\"https:\\\/\\\/saumaustarvike.fi\\\/verkkokauppa\\\/kauppa\\\/tuotemerkit\\\/fein-tuotemerkit\\\/fein-leikkurit\\\/fein-akkumultimaster-700-max-top\\\/\",\"name\":\"Fein AKKUMULTIMASTER 700 MAX TOP - Saumaustarvike.fi\",\"isPartOf\":{\"@id\":\"https:\\\/\\\/saumaustarvike.fi\\\/verkkokauppa\\\/#website\"},\"primaryImageOfPage\":{\"@id\":\"https:\\\/\\\/saumaustarvike.fi\\\/verkkokauppa\\\/kauppa\\\/tuotemerkit\\\/fein-tuotemerkit\\\/fein-leikkurit\\\/fein-akkumultimaster-700-max-top\\\/#primaryimage\"},\"image\":{\"@id\":\"https:\\\/\\\/saumaustarvike.fi\\\/verkkokauppa\\\/kauppa\\\/tuotemerkit\\\/fein-tuotemerkit\\\/fein-leikkurit\\\/fein-akkumultimaster-700-max-top\\\/#primaryimage\"},\"thumbnailUrl\":\"https:\\\/\\\/saumaustarvike.fi\\\/verkkokauppa\\\/wp-content\\\/uploads\\\/2016\\\/06\\\/Qz4cK5Aw-1.jpeg\",\"datePublished\":\"2016-06-05T17:55:15+00:00\",\"dateModified\":\"2024-09-02T07:43:22+00:00\",\"breadcrumb\":{\"@id\":\"https:\\\/\\\/saumaustarvike.fi\\\/verkkokauppa\\\/kauppa\\\/tuotemerkit\\\/fein-tuotemerkit\\\/fein-leikkurit\\\/fein-akkumultimaster-700-max-top\\\/#breadcrumb\"},\"inLanguage\":\"fi\",\"potentialAction\":[{\"@type\":\"ReadAction\",\"target\":[\"https:\\\/\\\/saumaustarvike.fi\\\/verkkokauppa\\\/kauppa\\\/tuotemerkit\\\/fein-tuotemerkit\\\/fein-leikkurit\\\/fein-akkumultimaster-700-max-top\\\/\"]}]},{\"@type\":\"ImageObject\",\"inLanguage\":\"fi\",\"@id\":\"https:\\\/\\\/saumaustarvike.fi\\\/verkkokauppa\\\/kauppa\\\/tuotemerkit\\\/fein-tuotemerkit\\\/fein-leikkurit\\\/fein-akkumultimaster-700-max-top\\\/#primaryimage\",\"url\":\"https:\\\/\\\/saumaustarvike.fi\\\/verkkokauppa\\\/wp-content\\\/uploads\\\/2016\\\/06\\\/Qz4cK5Aw-1.jpeg\",\"contentUrl\":\"https:\\\/\\\/saumaustarvike.fi\\\/verkkokauppa\\\/wp-content\\\/uploads\\\/2016\\\/06\\\/Qz4cK5Aw-1.jpeg\",\"width\":530,\"height\":371},{\"@type\":\"BreadcrumbList\",\"@id\":\"https:\\\/\\\/saumaustarvike.fi\\\/verkkokauppa\\\/kauppa\\\/tuotemerkit\\\/fein-tuotemerkit\\\/fein-leikkurit\\\/fein-akkumultimaster-700-max-top\\\/#breadcrumb\",\"itemListElement\":[{\"@type\":\"ListItem\",\"position\":1,\"name\":\"Home\",\"item\":\"https:\\\/\\\/saumaustarvike.fi\\\/verkkokauppa\\\/\"},{\"@type\":\"ListItem\",\"position\":2,\"name\":\"Saumausmassat, tarvikkeet ja ty\u00f6kalut\",\"item\":\"https:\\\/\\\/saumaustarvike.fi\\\/verkkokauppa\\\/kauppa\\\/\"},{\"@type\":\"ListItem\",\"position\":3,\"name\":\"Fein AKKUMULTIMASTER 700 MAX TOP\"}]},{\"@type\":\"WebSite\",\"@id\":\"https:\\\/\\\/saumaustarvike.fi\\\/verkkokauppa\\\/#website\",\"url\":\"https:\\\/\\\/saumaustarvike.fi\\\/verkkokauppa\\\/\",\"name\":\"Saumaustarvike.fi\",\"description\":\"Saumausmassat, tarvikkeet ja ty&ouml;kalut\",\"publisher\":{\"@id\":\"https:\\\/\\\/saumaustarvike.fi\\\/verkkokauppa\\\/#organization\"},\"potentialAction\":[{\"@type\":\"SearchAction\",\"target\":{\"@type\":\"EntryPoint\",\"urlTemplate\":\"https:\\\/\\\/saumaustarvike.fi\\\/verkkokauppa\\\/?s={search_term_string}\"},\"query-input\":{\"@type\":\"PropertyValueSpecification\",\"valueRequired\":true,\"valueName\":\"search_term_string\"}}],\"inLanguage\":\"fi\"},{\"@type\":\"Organization\",\"@id\":\"https:\\\/\\\/saumaustarvike.fi\\\/verkkokauppa\\\/#organization\",\"name\":\"Saumaustarvike.fi\",\"url\":\"https:\\\/\\\/saumaustarvike.fi\\\/verkkokauppa\\\/\",\"logo\":{\"@type\":\"ImageObject\",\"inLanguage\":\"fi\",\"@id\":\"https:\\\/\\\/saumaustarvike.fi\\\/verkkokauppa\\\/#\\\/schema\\\/logo\\\/image\\\/\",\"url\":\"https:\\\/\\\/saumaustarvike.fi\\\/verkkokauppa\\\/wp-content\\\/uploads\\\/2019\\\/02\\\/logo.png\",\"contentUrl\":\"https:\\\/\\\/saumaustarvike.fi\\\/verkkokauppa\\\/wp-content\\\/uploads\\\/2019\\\/02\\\/logo.png\",\"width\":806,\"height\":150,\"caption\":\"Saumaustarvike.fi\"},\"image\":{\"@id\":\"https:\\\/\\\/saumaustarvike.fi\\\/verkkokauppa\\\/#\\\/schema\\\/logo\\\/image\\\/\"},\"sameAs\":[\"https:\\\/\\\/www.facebook.com\\\/Saumalaakso\"]}]}<\/script>\n<!-- \/ Yoast SEO plugin. -->","yoast_head_json":{"title":"Fein AKKUMULTIMASTER 700 MAX TOP - Saumaustarvike.fi","robots":{"index":"index","follow":"follow","max-snippet":"max-snippet:-1","max-image-preview":"max-image-preview:large","max-video-preview":"max-video-preview:-1"},"canonical":"https:\/\/saumaustarvike.fi\/verkkokauppa\/kauppa\/tuotemerkit\/fein-tuotemerkit\/fein-leikkurit\/fein-akkumultimaster-700-max-top\/","og_locale":"fi_FI","og_type":"article","og_title":"Fein AKKUMULTIMASTER 700 MAX TOP - Saumaustarvike.fi","og_description":"Tehokas akkuk\u00e4ytt\u00f6inen monity\u00f6kalu rakentamiseen ja remontointiin muovisalkussa sis\u00e4lt\u00e4en akku-peruspaketin ja 60 tarviketta puun, metallin ja muovien sahaukseen, laattojen irrotukseen, silikonisaumojen poistoon, liimaj\u00e4\u00e4mien poistamiseen jne.\u00a0","og_url":"https:\/\/saumaustarvike.fi\/verkkokauppa\/kauppa\/tuotemerkit\/fein-tuotemerkit\/fein-leikkurit\/fein-akkumultimaster-700-max-top\/","og_site_name":"Saumaustarvike.fi","article_publisher":"https:\/\/www.facebook.com\/Saumalaakso","article_modified_time":"2024-09-02T07:43:22+00:00","og_image":[{"width":530,"height":371,"url":"https:\/\/saumaustarvike.fi\/verkkokauppa\/content\/uploads\/2016\/06\/Qz4cK5Aw-1.jpeg","type":"image\/jpeg"}],"twitter_misc":{"Arvioitu lukuaika":"1 minuutti"},"schema":{"@context":"https:\/\/schema.org","@graph":[{"@type":"WebPage","@id":"https:\/\/saumaustarvike.fi\/verkkokauppa\/kauppa\/tuotemerkit\/fein-tuotemerkit\/fein-leikkurit\/fein-akkumultimaster-700-max-top\/","url":"https:\/\/saumaustarvike.fi\/verkkokauppa\/kauppa\/tuotemerkit\/fein-tuotemerkit\/fein-leikkurit\/fein-akkumultimaster-700-max-top\/","name":"Fein AKKUMULTIMASTER 700 MAX TOP - Saumaustarvike.fi","isPartOf":{"@id":"https:\/\/saumaustarvike.fi\/verkkokauppa\/#website"},"primaryImageOfPage":{"@id":"https:\/\/saumaustarvike.fi\/verkkokauppa\/kauppa\/tuotemerkit\/fein-tuotemerkit\/fein-leikkurit\/fein-akkumultimaster-700-max-top\/#primaryimage"},"image":{"@id":"https:\/\/saumaustarvike.fi\/verkkokauppa\/kauppa\/tuotemerkit\/fein-tuotemerkit\/fein-leikkurit\/fein-akkumultimaster-700-max-top\/#primaryimage"},"thumbnailUrl":"https:\/\/saumaustarvike.fi\/verkkokauppa\/wp-content\/uploads\/2016\/06\/Qz4cK5Aw-1.jpeg","datePublished":"2016-06-05T17:55:15+00:00","dateModified":"2024-09-02T07:43:22+00:00","breadcrumb":{"@id":"https:\/\/saumaustarvike.fi\/verkkokauppa\/kauppa\/tuotemerkit\/fein-tuotemerkit\/fein-leikkurit\/fein-akkumultimaster-700-max-top\/#breadcrumb"},"inLanguage":"fi","potentialAction":[{"@type":"ReadAction","target":["https:\/\/saumaustarvike.fi\/verkkokauppa\/kauppa\/tuotemerkit\/fein-tuotemerkit\/fein-leikkurit\/fein-akkumultimaster-700-max-top\/"]}]},{"@type":"ImageObject","inLanguage":"fi","@id":"https:\/\/saumaustarvike.fi\/verkkokauppa\/kauppa\/tuotemerkit\/fein-tuotemerkit\/fein-leikkurit\/fein-akkumultimaster-700-max-top\/#primaryimage","url":"https:\/\/saumaustarvike.fi\/verkkokauppa\/wp-content\/uploads\/2016\/06\/Qz4cK5Aw-1.jpeg","contentUrl":"https:\/\/saumaustarvike.fi\/verkkokauppa\/wp-content\/uploads\/2016\/06\/Qz4cK5Aw-1.jpeg","width":530,"height":371},{"@type":"BreadcrumbList","@id":"https:\/\/saumaustarvike.fi\/verkkokauppa\/kauppa\/tuotemerkit\/fein-tuotemerkit\/fein-leikkurit\/fein-akkumultimaster-700-max-top\/#breadcrumb","itemListElement":[{"@type":"ListItem","position":1,"name":"Home","item":"https:\/\/saumaustarvike.fi\/verkkokauppa\/"},{"@type":"ListItem","position":2,"name":"Saumausmassat, tarvikkeet ja ty\u00f6kalut","item":"https:\/\/saumaustarvike.fi\/verkkokauppa\/kauppa\/"},{"@type":"ListItem","position":3,"name":"Fein AKKUMULTIMASTER 700 MAX TOP"}]},{"@type":"WebSite","@id":"https:\/\/saumaustarvike.fi\/verkkokauppa\/#website","url":"https:\/\/saumaustarvike.fi\/verkkokauppa\/","name":"Saumaustarvike.fi","description":"Saumausmassat, tarvikkeet ja ty&ouml;kalut","publisher":{"@id":"https:\/\/saumaustarvike.fi\/verkkokauppa\/#organization"},"potentialAction":[{"@type":"SearchAction","target":{"@type":"EntryPoint","urlTemplate":"https:\/\/saumaustarvike.fi\/verkkokauppa\/?s={search_term_string}"},"query-input":{"@type":"PropertyValueSpecification","valueRequired":true,"valueName":"search_term_string"}}],"inLanguage":"fi"},{"@type":"Organization","@id":"https:\/\/saumaustarvike.fi\/verkkokauppa\/#organization","name":"Saumaustarvike.fi","url":"https:\/\/saumaustarvike.fi\/verkkokauppa\/","logo":{"@type":"ImageObject","inLanguage":"fi","@id":"https:\/\/saumaustarvike.fi\/verkkokauppa\/#\/schema\/logo\/image\/","url":"https:\/\/saumaustarvike.fi\/verkkokauppa\/wp-content\/uploads\/2019\/02\/logo.png","contentUrl":"https:\/\/saumaustarvike.fi\/verkkokauppa\/wp-content\/uploads\/2019\/02\/logo.png","width":806,"height":150,"caption":"Saumaustarvike.fi"},"image":{"@id":"https:\/\/saumaustarvike.fi\/verkkokauppa\/#\/schema\/logo\/image\/"},"sameAs":["https:\/\/www.facebook.com\/Saumalaakso"]}]}},"jetpack_sharing_enabled":true,"_links":{"self":[{"href":"https:\/\/saumaustarvike.fi\/verkkokauppa\/wp-json\/wp\/v2\/product\/8993","targetHints":{"allow":["GET"]}}],"collection":[{"href":"https:\/\/saumaustarvike.fi\/verkkokauppa\/wp-json\/wp\/v2\/product"}],"about":[{"href":"https:\/\/saumaustarvike.fi\/verkkokauppa\/wp-json\/wp\/v2\/types\/product"}],"replies":[{"embeddable":true,"href":"https:\/\/saumaustarvike.fi\/verkkokauppa\/wp-json\/wp\/v2\/comments?post=8993"}],"wp:featuredmedia":[{"embeddable":true,"href":"https:\/\/saumaustarvike.fi\/verkkokauppa\/wp-json\/wp\/v2\/media\/16439"}],"wp:attachment":[{"href":"https:\/\/saumaustarvike.fi\/verkkokauppa\/wp-json\/wp\/v2\/media?parent=8993"}],"wp:term":[{"taxonomy":"product_cat","embeddable":true,"href":"https:\/\/saumaustarvike.fi\/verkkokauppa\/wp-json\/wp\/v2\/product_cat?post=8993"},{"taxonomy":"product_tag","embeddable":true,"href":"https:\/\/saumaustarvike.fi\/verkkokauppa\/wp-json\/wp\/v2\/product_tag?post=8993"}],"curies":[{"name":"wp","href":"https:\/\/api.w.org\/{rel}","templated":true}]}}