{"id":9043,"date":"2016-06-10T14:14:15","date_gmt":"2016-06-10T11:14:15","guid":{"rendered":"https:\/\/saumaustarvike.fi\/verkkokauppa\/kauppa\/tarvikkeet\/builders-25mm-varaterat-10-kpl\/"},"modified":"2024-09-12T20:23:15","modified_gmt":"2024-09-12T17:23:15","slug":"builders-25mm-varaterat-10-kpl","status":"publish","type":"product","link":"https:\/\/saumaustarvike.fi\/verkkokauppa\/kauppa\/tuotemerkit\/st-tool-tuotemerkit\/st-tool-tyokalut-ja-tarvikkeet\/builders-25mm-varaterat-10-kpl\/","title":{"rendered":"ST-Tool Katkoter\u00e4sarja Builders 25mm varater\u00e4t  10 kpl"},"content":{"rendered":"<h1>ST-Tool Katkoter\u00e4sarja Builders 25mm varater\u00e4t 10 kpl<\/h1>\n<p>Builders 25mm varater\u00e4t 10 kpl \/pkt<\/p>\n<p>Koko: 25mm<\/p>\n","protected":false},"excerpt":{"rendered":"<p>ST-Tool Katkoter\u00e4sarja Builders 25mm varater\u00e4t 10 kpl. ST-Tool Builders 25mm varater\u00e4t 10 kpl \/pkt Koko: 25mm<\/p>\n","protected":false},"featured_media":9044,"comment_status":"open","ping_status":"closed","template":"","meta":{"_acf_changed":false},"product_cat":[1577,2185,1570],"product_tag":[194,196,595,596,1029,193,1091],"class_list":{"0":"post-9043","1":"product","2":"type-product","3":"status-publish","4":"has-post-thumbnail","6":"product_brand-st-tool","7":"product_cat-saumaustarvikkeet","8":"product_cat-st-tool-tyokalut-ja-tarvikkeet","9":"product_cat-varasosat-ja-tarvikkeet","10":"product_tag-katkotera","11":"product_tag-katkoteraveitsi","12":"product_tag-ruuvi","13":"product_tag-ruuvilukitus","14":"product_tag-tera","15":"product_tag-vaihtotera","16":"product_tag-varatera","18":"first","19":"instock","20":"taxable","21":"shipping-taxable","22":"purchasable","23":"product-type-simple"},"acf":[],"yoast_head":"<!-- This site is optimized with the Yoast SEO plugin v27.5 - https:\/\/yoast.com\/product\/yoast-seo-wordpress\/ -->\n<title>ST-Tool Katkoter\u00e4sarja Builders 25mm varater\u00e4t 10 kpl - Saumaustarvike.fi<\/title>\n<meta name=\"description\" content=\"Katkoter\u00e4veitsi ruuvilukituksella.\" \/>\n<meta name=\"robots\" content=\"index, follow, max-snippet:-1, max-image-preview:large, max-video-preview:-1\" \/>\n<link rel=\"canonical\" href=\"https:\/\/saumaustarvike.fi\/verkkokauppa\/kauppa\/tuotemerkit\/st-tool-tuotemerkit\/st-tool-tyokalut-ja-tarvikkeet\/builders-25mm-varaterat-10-kpl\/\" \/>\n<meta property=\"og:locale\" content=\"fi_FI\" \/>\n<meta property=\"og:type\" content=\"article\" \/>\n<meta property=\"og:title\" content=\"ST-Tool Katkoter\u00e4sarja Builders 25mm varater\u00e4t 10 kpl - Saumaustarvike.fi\" \/>\n<meta property=\"og:description\" content=\"Katkoter\u00e4veitsi ruuvilukituksella.\" \/>\n<meta property=\"og:url\" content=\"https:\/\/saumaustarvike.fi\/verkkokauppa\/kauppa\/tuotemerkit\/st-tool-tuotemerkit\/st-tool-tyokalut-ja-tarvikkeet\/builders-25mm-varaterat-10-kpl\/\" \/>\n<meta property=\"og:site_name\" content=\"Saumaustarvike.fi\" \/>\n<meta property=\"article:publisher\" content=\"https:\/\/www.facebook.com\/Saumalaakso\" \/>\n<meta property=\"article:modified_time\" content=\"2024-09-12T17:23:15+00:00\" \/>\n<meta property=\"og:image\" content=\"https:\/\/saumaustarvike.fi\/verkkokauppa\/content\/uploads\/2016\/06\/Builders-25mm-varater\u00e4t-10-kpl.jpg\" \/>\n\t<meta property=\"og:image:width\" content=\"400\" \/>\n\t<meta property=\"og:image:height\" content=\"400\" \/>\n\t<meta property=\"og:image:type\" content=\"image\/jpeg\" \/>\n<script type=\"application\/ld+json\" class=\"yoast-schema-graph\">{\"@context\":\"https:\\\/\\\/schema.org\",\"@graph\":[{\"@type\":\"WebPage\",\"@id\":\"https:\\\/\\\/saumaustarvike.fi\\\/verkkokauppa\\\/kauppa\\\/tuotemerkit\\\/st-tool-tuotemerkit\\\/st-tool-tyokalut-ja-tarvikkeet\\\/builders-25mm-varaterat-10-kpl\\\/\",\"url\":\"https:\\\/\\\/saumaustarvike.fi\\\/verkkokauppa\\\/kauppa\\\/tuotemerkit\\\/st-tool-tuotemerkit\\\/st-tool-tyokalut-ja-tarvikkeet\\\/builders-25mm-varaterat-10-kpl\\\/\",\"name\":\"ST-Tool Katkoter\u00e4sarja Builders 25mm varater\u00e4t 10 kpl - Saumaustarvike.fi\",\"isPartOf\":{\"@id\":\"https:\\\/\\\/saumaustarvike.fi\\\/verkkokauppa\\\/#website\"},\"primaryImageOfPage\":{\"@id\":\"https:\\\/\\\/saumaustarvike.fi\\\/verkkokauppa\\\/kauppa\\\/tuotemerkit\\\/st-tool-tuotemerkit\\\/st-tool-tyokalut-ja-tarvikkeet\\\/builders-25mm-varaterat-10-kpl\\\/#primaryimage\"},\"image\":{\"@id\":\"https:\\\/\\\/saumaustarvike.fi\\\/verkkokauppa\\\/kauppa\\\/tuotemerkit\\\/st-tool-tuotemerkit\\\/st-tool-tyokalut-ja-tarvikkeet\\\/builders-25mm-varaterat-10-kpl\\\/#primaryimage\"},\"thumbnailUrl\":\"https:\\\/\\\/saumaustarvike.fi\\\/verkkokauppa\\\/wp-content\\\/uploads\\\/2016\\\/06\\\/Builders-25mm-varater\u00e4t-10-kpl.jpg\",\"datePublished\":\"2016-06-10T11:14:15+00:00\",\"dateModified\":\"2024-09-12T17:23:15+00:00\",\"description\":\"Katkoter\u00e4veitsi ruuvilukituksella.\",\"breadcrumb\":{\"@id\":\"https:\\\/\\\/saumaustarvike.fi\\\/verkkokauppa\\\/kauppa\\\/tuotemerkit\\\/st-tool-tuotemerkit\\\/st-tool-tyokalut-ja-tarvikkeet\\\/builders-25mm-varaterat-10-kpl\\\/#breadcrumb\"},\"inLanguage\":\"fi\",\"potentialAction\":[{\"@type\":\"ReadAction\",\"target\":[\"https:\\\/\\\/saumaustarvike.fi\\\/verkkokauppa\\\/kauppa\\\/tuotemerkit\\\/st-tool-tuotemerkit\\\/st-tool-tyokalut-ja-tarvikkeet\\\/builders-25mm-varaterat-10-kpl\\\/\"]}]},{\"@type\":\"ImageObject\",\"inLanguage\":\"fi\",\"@id\":\"https:\\\/\\\/saumaustarvike.fi\\\/verkkokauppa\\\/kauppa\\\/tuotemerkit\\\/st-tool-tuotemerkit\\\/st-tool-tyokalut-ja-tarvikkeet\\\/builders-25mm-varaterat-10-kpl\\\/#primaryimage\",\"url\":\"https:\\\/\\\/saumaustarvike.fi\\\/verkkokauppa\\\/wp-content\\\/uploads\\\/2016\\\/06\\\/Builders-25mm-varater\u00e4t-10-kpl.jpg\",\"contentUrl\":\"https:\\\/\\\/saumaustarvike.fi\\\/verkkokauppa\\\/wp-content\\\/uploads\\\/2016\\\/06\\\/Builders-25mm-varater\u00e4t-10-kpl.jpg\",\"width\":400,\"height\":400},{\"@type\":\"BreadcrumbList\",\"@id\":\"https:\\\/\\\/saumaustarvike.fi\\\/verkkokauppa\\\/kauppa\\\/tuotemerkit\\\/st-tool-tuotemerkit\\\/st-tool-tyokalut-ja-tarvikkeet\\\/builders-25mm-varaterat-10-kpl\\\/#breadcrumb\",\"itemListElement\":[{\"@type\":\"ListItem\",\"position\":1,\"name\":\"Home\",\"item\":\"https:\\\/\\\/saumaustarvike.fi\\\/verkkokauppa\\\/\"},{\"@type\":\"ListItem\",\"position\":2,\"name\":\"Saumausmassat, tarvikkeet ja ty\u00f6kalut\",\"item\":\"https:\\\/\\\/saumaustarvike.fi\\\/verkkokauppa\\\/kauppa\\\/\"},{\"@type\":\"ListItem\",\"position\":3,\"name\":\"ST-Tool Katkoter\u00e4sarja Builders 25mm varater\u00e4t 10 kpl\"}]},{\"@type\":\"WebSite\",\"@id\":\"https:\\\/\\\/saumaustarvike.fi\\\/verkkokauppa\\\/#website\",\"url\":\"https:\\\/\\\/saumaustarvike.fi\\\/verkkokauppa\\\/\",\"name\":\"Saumaustarvike.fi\",\"description\":\"Saumausmassat, tarvikkeet ja ty&ouml;kalut\",\"publisher\":{\"@id\":\"https:\\\/\\\/saumaustarvike.fi\\\/verkkokauppa\\\/#organization\"},\"potentialAction\":[{\"@type\":\"SearchAction\",\"target\":{\"@type\":\"EntryPoint\",\"urlTemplate\":\"https:\\\/\\\/saumaustarvike.fi\\\/verkkokauppa\\\/?s={search_term_string}\"},\"query-input\":{\"@type\":\"PropertyValueSpecification\",\"valueRequired\":true,\"valueName\":\"search_term_string\"}}],\"inLanguage\":\"fi\"},{\"@type\":\"Organization\",\"@id\":\"https:\\\/\\\/saumaustarvike.fi\\\/verkkokauppa\\\/#organization\",\"name\":\"Saumaustarvike.fi\",\"url\":\"https:\\\/\\\/saumaustarvike.fi\\\/verkkokauppa\\\/\",\"logo\":{\"@type\":\"ImageObject\",\"inLanguage\":\"fi\",\"@id\":\"https:\\\/\\\/saumaustarvike.fi\\\/verkkokauppa\\\/#\\\/schema\\\/logo\\\/image\\\/\",\"url\":\"https:\\\/\\\/saumaustarvike.fi\\\/verkkokauppa\\\/wp-content\\\/uploads\\\/2019\\\/02\\\/logo.png\",\"contentUrl\":\"https:\\\/\\\/saumaustarvike.fi\\\/verkkokauppa\\\/wp-content\\\/uploads\\\/2019\\\/02\\\/logo.png\",\"width\":806,\"height\":150,\"caption\":\"Saumaustarvike.fi\"},\"image\":{\"@id\":\"https:\\\/\\\/saumaustarvike.fi\\\/verkkokauppa\\\/#\\\/schema\\\/logo\\\/image\\\/\"},\"sameAs\":[\"https:\\\/\\\/www.facebook.com\\\/Saumalaakso\"]}]}<\/script>\n<!-- \/ Yoast SEO plugin. -->","yoast_head_json":{"title":"ST-Tool Katkoter\u00e4sarja Builders 25mm varater\u00e4t 10 kpl - Saumaustarvike.fi","description":"Katkoter\u00e4veitsi ruuvilukituksella.","robots":{"index":"index","follow":"follow","max-snippet":"max-snippet:-1","max-image-preview":"max-image-preview:large","max-video-preview":"max-video-preview:-1"},"canonical":"https:\/\/saumaustarvike.fi\/verkkokauppa\/kauppa\/tuotemerkit\/st-tool-tuotemerkit\/st-tool-tyokalut-ja-tarvikkeet\/builders-25mm-varaterat-10-kpl\/","og_locale":"fi_FI","og_type":"article","og_title":"ST-Tool Katkoter\u00e4sarja Builders 25mm varater\u00e4t 10 kpl - Saumaustarvike.fi","og_description":"Katkoter\u00e4veitsi ruuvilukituksella.","og_url":"https:\/\/saumaustarvike.fi\/verkkokauppa\/kauppa\/tuotemerkit\/st-tool-tuotemerkit\/st-tool-tyokalut-ja-tarvikkeet\/builders-25mm-varaterat-10-kpl\/","og_site_name":"Saumaustarvike.fi","article_publisher":"https:\/\/www.facebook.com\/Saumalaakso","article_modified_time":"2024-09-12T17:23:15+00:00","og_image":[{"width":400,"height":400,"url":"https:\/\/saumaustarvike.fi\/verkkokauppa\/content\/uploads\/2016\/06\/Builders-25mm-varater\u00e4t-10-kpl.jpg","type":"image\/jpeg"}],"schema":{"@context":"https:\/\/schema.org","@graph":[{"@type":"WebPage","@id":"https:\/\/saumaustarvike.fi\/verkkokauppa\/kauppa\/tuotemerkit\/st-tool-tuotemerkit\/st-tool-tyokalut-ja-tarvikkeet\/builders-25mm-varaterat-10-kpl\/","url":"https:\/\/saumaustarvike.fi\/verkkokauppa\/kauppa\/tuotemerkit\/st-tool-tuotemerkit\/st-tool-tyokalut-ja-tarvikkeet\/builders-25mm-varaterat-10-kpl\/","name":"ST-Tool Katkoter\u00e4sarja Builders 25mm varater\u00e4t 10 kpl - Saumaustarvike.fi","isPartOf":{"@id":"https:\/\/saumaustarvike.fi\/verkkokauppa\/#website"},"primaryImageOfPage":{"@id":"https:\/\/saumaustarvike.fi\/verkkokauppa\/kauppa\/tuotemerkit\/st-tool-tuotemerkit\/st-tool-tyokalut-ja-tarvikkeet\/builders-25mm-varaterat-10-kpl\/#primaryimage"},"image":{"@id":"https:\/\/saumaustarvike.fi\/verkkokauppa\/kauppa\/tuotemerkit\/st-tool-tuotemerkit\/st-tool-tyokalut-ja-tarvikkeet\/builders-25mm-varaterat-10-kpl\/#primaryimage"},"thumbnailUrl":"https:\/\/saumaustarvike.fi\/verkkokauppa\/wp-content\/uploads\/2016\/06\/Builders-25mm-varater\u00e4t-10-kpl.jpg","datePublished":"2016-06-10T11:14:15+00:00","dateModified":"2024-09-12T17:23:15+00:00","description":"Katkoter\u00e4veitsi ruuvilukituksella.","breadcrumb":{"@id":"https:\/\/saumaustarvike.fi\/verkkokauppa\/kauppa\/tuotemerkit\/st-tool-tuotemerkit\/st-tool-tyokalut-ja-tarvikkeet\/builders-25mm-varaterat-10-kpl\/#breadcrumb"},"inLanguage":"fi","potentialAction":[{"@type":"ReadAction","target":["https:\/\/saumaustarvike.fi\/verkkokauppa\/kauppa\/tuotemerkit\/st-tool-tuotemerkit\/st-tool-tyokalut-ja-tarvikkeet\/builders-25mm-varaterat-10-kpl\/"]}]},{"@type":"ImageObject","inLanguage":"fi","@id":"https:\/\/saumaustarvike.fi\/verkkokauppa\/kauppa\/tuotemerkit\/st-tool-tuotemerkit\/st-tool-tyokalut-ja-tarvikkeet\/builders-25mm-varaterat-10-kpl\/#primaryimage","url":"https:\/\/saumaustarvike.fi\/verkkokauppa\/wp-content\/uploads\/2016\/06\/Builders-25mm-varater\u00e4t-10-kpl.jpg","contentUrl":"https:\/\/saumaustarvike.fi\/verkkokauppa\/wp-content\/uploads\/2016\/06\/Builders-25mm-varater\u00e4t-10-kpl.jpg","width":400,"height":400},{"@type":"BreadcrumbList","@id":"https:\/\/saumaustarvike.fi\/verkkokauppa\/kauppa\/tuotemerkit\/st-tool-tuotemerkit\/st-tool-tyokalut-ja-tarvikkeet\/builders-25mm-varaterat-10-kpl\/#breadcrumb","itemListElement":[{"@type":"ListItem","position":1,"name":"Home","item":"https:\/\/saumaustarvike.fi\/verkkokauppa\/"},{"@type":"ListItem","position":2,"name":"Saumausmassat, tarvikkeet ja ty\u00f6kalut","item":"https:\/\/saumaustarvike.fi\/verkkokauppa\/kauppa\/"},{"@type":"ListItem","position":3,"name":"ST-Tool Katkoter\u00e4sarja Builders 25mm varater\u00e4t 10 kpl"}]},{"@type":"WebSite","@id":"https:\/\/saumaustarvike.fi\/verkkokauppa\/#website","url":"https:\/\/saumaustarvike.fi\/verkkokauppa\/","name":"Saumaustarvike.fi","description":"Saumausmassat, tarvikkeet ja ty&ouml;kalut","publisher":{"@id":"https:\/\/saumaustarvike.fi\/verkkokauppa\/#organization"},"potentialAction":[{"@type":"SearchAction","target":{"@type":"EntryPoint","urlTemplate":"https:\/\/saumaustarvike.fi\/verkkokauppa\/?s={search_term_string}"},"query-input":{"@type":"PropertyValueSpecification","valueRequired":true,"valueName":"search_term_string"}}],"inLanguage":"fi"},{"@type":"Organization","@id":"https:\/\/saumaustarvike.fi\/verkkokauppa\/#organization","name":"Saumaustarvike.fi","url":"https:\/\/saumaustarvike.fi\/verkkokauppa\/","logo":{"@type":"ImageObject","inLanguage":"fi","@id":"https:\/\/saumaustarvike.fi\/verkkokauppa\/#\/schema\/logo\/image\/","url":"https:\/\/saumaustarvike.fi\/verkkokauppa\/wp-content\/uploads\/2019\/02\/logo.png","contentUrl":"https:\/\/saumaustarvike.fi\/verkkokauppa\/wp-content\/uploads\/2019\/02\/logo.png","width":806,"height":150,"caption":"Saumaustarvike.fi"},"image":{"@id":"https:\/\/saumaustarvike.fi\/verkkokauppa\/#\/schema\/logo\/image\/"},"sameAs":["https:\/\/www.facebook.com\/Saumalaakso"]}]}},"jetpack_sharing_enabled":true,"_links":{"self":[{"href":"https:\/\/saumaustarvike.fi\/verkkokauppa\/wp-json\/wp\/v2\/product\/9043","targetHints":{"allow":["GET"]}}],"collection":[{"href":"https:\/\/saumaustarvike.fi\/verkkokauppa\/wp-json\/wp\/v2\/product"}],"about":[{"href":"https:\/\/saumaustarvike.fi\/verkkokauppa\/wp-json\/wp\/v2\/types\/product"}],"replies":[{"embeddable":true,"href":"https:\/\/saumaustarvike.fi\/verkkokauppa\/wp-json\/wp\/v2\/comments?post=9043"}],"wp:featuredmedia":[{"embeddable":true,"href":"https:\/\/saumaustarvike.fi\/verkkokauppa\/wp-json\/wp\/v2\/media\/9044"}],"wp:attachment":[{"href":"https:\/\/saumaustarvike.fi\/verkkokauppa\/wp-json\/wp\/v2\/media?parent=9043"}],"wp:term":[{"taxonomy":"product_cat","embeddable":true,"href":"https:\/\/saumaustarvike.fi\/verkkokauppa\/wp-json\/wp\/v2\/product_cat?post=9043"},{"taxonomy":"product_tag","embeddable":true,"href":"https:\/\/saumaustarvike.fi\/verkkokauppa\/wp-json\/wp\/v2\/product_tag?post=9043"}],"curies":[{"name":"wp","href":"https:\/\/api.w.org\/{rel}","templated":true}]}}