{"id":9098,"date":"2016-06-27T20:55:25","date_gmt":"2016-06-27T17:55:25","guid":{"rendered":"https:\/\/saumaustarvike.fi\/verkkokauppa\/kauppa\/suojavalineet\/scott-promask-fm3-halobutyylikumi-kokonaamari\/"},"modified":"2024-09-06T13:34:43","modified_gmt":"2024-09-06T10:34:43","slug":"scott-promask-fm3-halobutyylikumi-kokonaamari","status":"publish","type":"product","link":"https:\/\/saumaustarvike.fi\/verkkokauppa\/kauppa\/tuotemerkit\/scott-safety-tuotemerkit\/scott-maskit-ja-naamarit\/scott-promask-fm3-halobutyylikumi-kokonaamari\/","title":{"rendered":"Scott Promask FM3 halobutyylikumi, kokonaamari"},"content":{"rendered":"<h1>Scott Promask FM3 halobutyylikumi, kokonaamari<\/h1>\n<h3 class=\"western\">Tuotekuvaus<\/h3>\n<p class=\"western\">Scott Safetyn Promask on monitoiminen kokonaamari, joka tarjoaa ennen n\u00e4kem\u00e4tt\u00f6m\u00e4n k\u00e4ytt\u00f6mukavuuden ja suojaa monenlaisilta hengitysteiden vaaroilta. Se on kevyt ja ergonomisesti suunniteltu k\u00e4ytett\u00e4v\u00e4ksi monenlaisiin teollisuuden sovelluksiin.<\/p>\n<h3 class=\"western\">Edut<\/h3>\n<ul>\n<li>Ainutlaatuinen kasvotiivisteen reuna takaa erinomaisen k\u00e4ytt\u00f6mukavuuden ja istuvuuden<\/li>\n<li>Leve\u00e4 visiiri ja sivulle kiinnitett\u00e4v\u00e4 suodatin takaavat esteett\u00f6m\u00e4n n\u00e4k\u00f6kent\u00e4n<\/li>\n<li>Helppo pukea ja riisua<\/li>\n<li>Valinnainen kovapinnoitettu visiiri naarmuuntumista vastaan.<\/li>\n<\/ul>\n","protected":false},"excerpt":{"rendered":"<p>Scott Safetyn Promask on monitoiminen kokonaamari, joka tarjoaa ennen n\u00e4kem\u00e4tt\u00f6m\u00e4n k\u00e4ytt\u00f6mukavuuden ja suojaa monenlaisilta hengitysteiden vaaroilta. Se on kevyt ja ergonomisesti suunniteltu k\u00e4ytett\u00e4v\u00e4ksi monenlaisiin teollisuuden sovelluksiin.<\/p>\n","protected":false},"featured_media":9099,"comment_status":"open","ping_status":"closed","template":"","meta":{"_acf_changed":false},"product_cat":[1574,2149],"product_tag":[610,663,660,496,659,495,1103,491,494],"class_list":{"0":"post-9098","1":"product","2":"type-product","3":"status-publish","4":"has-post-thumbnail","6":"product_brand-scott-safety","7":"product_cat-kuulo-hengitys-silma-ym-suojaimet-ja-kyparat","8":"product_cat-scott-maskit-ja-naamarit","9":"product_tag-hiukkassuodatin","10":"product_tag-kaasut","11":"product_tag-kokonaamari","12":"product_tag-lyijy","13":"product_tag-naamari","14":"product_tag-pcb","15":"product_tag-promask","16":"product_tag-scott","17":"product_tag-suodatin","19":"first","20":"instock","21":"taxable","22":"shipping-taxable","23":"purchasable","24":"product-type-simple"},"acf":[],"yoast_head":"<!-- This site is optimized with the Yoast SEO plugin v27.3 - https:\/\/yoast.com\/product\/yoast-seo-wordpress\/ -->\n<title>Scott Promask FM3 halobutyylikumi, kokonaamari - Saumaustarvike.fi<\/title>\n<meta name=\"robots\" content=\"index, follow, max-snippet:-1, max-image-preview:large, max-video-preview:-1\" \/>\n<link rel=\"canonical\" href=\"https:\/\/saumaustarvike.fi\/verkkokauppa\/kauppa\/tuotemerkit\/scott-safety-tuotemerkit\/scott-maskit-ja-naamarit\/scott-promask-fm3-halobutyylikumi-kokonaamari\/\" \/>\n<meta property=\"og:locale\" content=\"fi_FI\" \/>\n<meta property=\"og:type\" content=\"article\" \/>\n<meta property=\"og:title\" content=\"Scott Promask FM3 halobutyylikumi, kokonaamari - Saumaustarvike.fi\" \/>\n<meta property=\"og:description\" content=\"Scott Safetyn Promask on monitoiminen kokonaamari, joka tarjoaa ennen n\u00e4kem\u00e4tt\u00f6m\u00e4n k\u00e4ytt\u00f6mukavuuden ja suojaa monenlaisilta hengitysteiden vaaroilta. Se on kevyt ja ergonomisesti suunniteltu k\u00e4ytett\u00e4v\u00e4ksi monenlaisiin teollisuuden sovelluksiin.\" \/>\n<meta property=\"og:url\" content=\"https:\/\/saumaustarvike.fi\/verkkokauppa\/kauppa\/tuotemerkit\/scott-safety-tuotemerkit\/scott-maskit-ja-naamarit\/scott-promask-fm3-halobutyylikumi-kokonaamari\/\" \/>\n<meta property=\"og:site_name\" content=\"Saumaustarvike.fi\" \/>\n<meta property=\"article:publisher\" content=\"https:\/\/www.facebook.com\/Saumalaakso\" \/>\n<meta property=\"article:modified_time\" content=\"2024-09-06T10:34:43+00:00\" \/>\n<meta property=\"og:image\" content=\"https:\/\/saumaustarvike.fi\/verkkokauppa\/content\/uploads\/2016\/06\/Scott-FM3-halobutyylikumi-Kokonaamari.jpg\" \/>\n\t<meta property=\"og:image:width\" content=\"600\" \/>\n\t<meta property=\"og:image:height\" content=\"600\" \/>\n\t<meta property=\"og:image:type\" content=\"image\/jpeg\" \/>\n<script type=\"application\/ld+json\" class=\"yoast-schema-graph\">{\"@context\":\"https:\\\/\\\/schema.org\",\"@graph\":[{\"@type\":\"WebPage\",\"@id\":\"https:\\\/\\\/saumaustarvike.fi\\\/verkkokauppa\\\/kauppa\\\/tuotemerkit\\\/scott-safety-tuotemerkit\\\/scott-maskit-ja-naamarit\\\/scott-promask-fm3-halobutyylikumi-kokonaamari\\\/\",\"url\":\"https:\\\/\\\/saumaustarvike.fi\\\/verkkokauppa\\\/kauppa\\\/tuotemerkit\\\/scott-safety-tuotemerkit\\\/scott-maskit-ja-naamarit\\\/scott-promask-fm3-halobutyylikumi-kokonaamari\\\/\",\"name\":\"Scott Promask FM3 halobutyylikumi, kokonaamari - Saumaustarvike.fi\",\"isPartOf\":{\"@id\":\"https:\\\/\\\/saumaustarvike.fi\\\/verkkokauppa\\\/#website\"},\"primaryImageOfPage\":{\"@id\":\"https:\\\/\\\/saumaustarvike.fi\\\/verkkokauppa\\\/kauppa\\\/tuotemerkit\\\/scott-safety-tuotemerkit\\\/scott-maskit-ja-naamarit\\\/scott-promask-fm3-halobutyylikumi-kokonaamari\\\/#primaryimage\"},\"image\":{\"@id\":\"https:\\\/\\\/saumaustarvike.fi\\\/verkkokauppa\\\/kauppa\\\/tuotemerkit\\\/scott-safety-tuotemerkit\\\/scott-maskit-ja-naamarit\\\/scott-promask-fm3-halobutyylikumi-kokonaamari\\\/#primaryimage\"},\"thumbnailUrl\":\"https:\\\/\\\/saumaustarvike.fi\\\/verkkokauppa\\\/wp-content\\\/uploads\\\/2016\\\/06\\\/Scott-FM3-halobutyylikumi-Kokonaamari.jpg\",\"datePublished\":\"2016-06-27T17:55:25+00:00\",\"dateModified\":\"2024-09-06T10:34:43+00:00\",\"breadcrumb\":{\"@id\":\"https:\\\/\\\/saumaustarvike.fi\\\/verkkokauppa\\\/kauppa\\\/tuotemerkit\\\/scott-safety-tuotemerkit\\\/scott-maskit-ja-naamarit\\\/scott-promask-fm3-halobutyylikumi-kokonaamari\\\/#breadcrumb\"},\"inLanguage\":\"fi\",\"potentialAction\":[{\"@type\":\"ReadAction\",\"target\":[\"https:\\\/\\\/saumaustarvike.fi\\\/verkkokauppa\\\/kauppa\\\/tuotemerkit\\\/scott-safety-tuotemerkit\\\/scott-maskit-ja-naamarit\\\/scott-promask-fm3-halobutyylikumi-kokonaamari\\\/\"]}]},{\"@type\":\"ImageObject\",\"inLanguage\":\"fi\",\"@id\":\"https:\\\/\\\/saumaustarvike.fi\\\/verkkokauppa\\\/kauppa\\\/tuotemerkit\\\/scott-safety-tuotemerkit\\\/scott-maskit-ja-naamarit\\\/scott-promask-fm3-halobutyylikumi-kokonaamari\\\/#primaryimage\",\"url\":\"https:\\\/\\\/saumaustarvike.fi\\\/verkkokauppa\\\/wp-content\\\/uploads\\\/2016\\\/06\\\/Scott-FM3-halobutyylikumi-Kokonaamari.jpg\",\"contentUrl\":\"https:\\\/\\\/saumaustarvike.fi\\\/verkkokauppa\\\/wp-content\\\/uploads\\\/2016\\\/06\\\/Scott-FM3-halobutyylikumi-Kokonaamari.jpg\",\"width\":600,\"height\":600},{\"@type\":\"BreadcrumbList\",\"@id\":\"https:\\\/\\\/saumaustarvike.fi\\\/verkkokauppa\\\/kauppa\\\/tuotemerkit\\\/scott-safety-tuotemerkit\\\/scott-maskit-ja-naamarit\\\/scott-promask-fm3-halobutyylikumi-kokonaamari\\\/#breadcrumb\",\"itemListElement\":[{\"@type\":\"ListItem\",\"position\":1,\"name\":\"Home\",\"item\":\"https:\\\/\\\/saumaustarvike.fi\\\/verkkokauppa\\\/\"},{\"@type\":\"ListItem\",\"position\":2,\"name\":\"Saumausmassat, tarvikkeet ja ty\u00f6kalut\",\"item\":\"https:\\\/\\\/saumaustarvike.fi\\\/verkkokauppa\\\/kauppa\\\/\"},{\"@type\":\"ListItem\",\"position\":3,\"name\":\"Scott Promask FM3 halobutyylikumi, kokonaamari\"}]},{\"@type\":\"WebSite\",\"@id\":\"https:\\\/\\\/saumaustarvike.fi\\\/verkkokauppa\\\/#website\",\"url\":\"https:\\\/\\\/saumaustarvike.fi\\\/verkkokauppa\\\/\",\"name\":\"Saumaustarvike.fi\",\"description\":\"Saumausmassat, tarvikkeet ja ty&ouml;kalut\",\"publisher\":{\"@id\":\"https:\\\/\\\/saumaustarvike.fi\\\/verkkokauppa\\\/#organization\"},\"potentialAction\":[{\"@type\":\"SearchAction\",\"target\":{\"@type\":\"EntryPoint\",\"urlTemplate\":\"https:\\\/\\\/saumaustarvike.fi\\\/verkkokauppa\\\/?s={search_term_string}\"},\"query-input\":{\"@type\":\"PropertyValueSpecification\",\"valueRequired\":true,\"valueName\":\"search_term_string\"}}],\"inLanguage\":\"fi\"},{\"@type\":\"Organization\",\"@id\":\"https:\\\/\\\/saumaustarvike.fi\\\/verkkokauppa\\\/#organization\",\"name\":\"Saumaustarvike.fi\",\"url\":\"https:\\\/\\\/saumaustarvike.fi\\\/verkkokauppa\\\/\",\"logo\":{\"@type\":\"ImageObject\",\"inLanguage\":\"fi\",\"@id\":\"https:\\\/\\\/saumaustarvike.fi\\\/verkkokauppa\\\/#\\\/schema\\\/logo\\\/image\\\/\",\"url\":\"https:\\\/\\\/saumaustarvike.fi\\\/verkkokauppa\\\/wp-content\\\/uploads\\\/2019\\\/02\\\/logo.png\",\"contentUrl\":\"https:\\\/\\\/saumaustarvike.fi\\\/verkkokauppa\\\/wp-content\\\/uploads\\\/2019\\\/02\\\/logo.png\",\"width\":806,\"height\":150,\"caption\":\"Saumaustarvike.fi\"},\"image\":{\"@id\":\"https:\\\/\\\/saumaustarvike.fi\\\/verkkokauppa\\\/#\\\/schema\\\/logo\\\/image\\\/\"},\"sameAs\":[\"https:\\\/\\\/www.facebook.com\\\/Saumalaakso\"]}]}<\/script>\n<!-- \/ Yoast SEO plugin. -->","yoast_head_json":{"title":"Scott Promask FM3 halobutyylikumi, kokonaamari - Saumaustarvike.fi","robots":{"index":"index","follow":"follow","max-snippet":"max-snippet:-1","max-image-preview":"max-image-preview:large","max-video-preview":"max-video-preview:-1"},"canonical":"https:\/\/saumaustarvike.fi\/verkkokauppa\/kauppa\/tuotemerkit\/scott-safety-tuotemerkit\/scott-maskit-ja-naamarit\/scott-promask-fm3-halobutyylikumi-kokonaamari\/","og_locale":"fi_FI","og_type":"article","og_title":"Scott Promask FM3 halobutyylikumi, kokonaamari - Saumaustarvike.fi","og_description":"Scott Safetyn Promask on monitoiminen kokonaamari, joka tarjoaa ennen n\u00e4kem\u00e4tt\u00f6m\u00e4n k\u00e4ytt\u00f6mukavuuden ja suojaa monenlaisilta hengitysteiden vaaroilta. Se on kevyt ja ergonomisesti suunniteltu k\u00e4ytett\u00e4v\u00e4ksi monenlaisiin teollisuuden sovelluksiin.","og_url":"https:\/\/saumaustarvike.fi\/verkkokauppa\/kauppa\/tuotemerkit\/scott-safety-tuotemerkit\/scott-maskit-ja-naamarit\/scott-promask-fm3-halobutyylikumi-kokonaamari\/","og_site_name":"Saumaustarvike.fi","article_publisher":"https:\/\/www.facebook.com\/Saumalaakso","article_modified_time":"2024-09-06T10:34:43+00:00","og_image":[{"width":600,"height":600,"url":"https:\/\/saumaustarvike.fi\/verkkokauppa\/content\/uploads\/2016\/06\/Scott-FM3-halobutyylikumi-Kokonaamari.jpg","type":"image\/jpeg"}],"schema":{"@context":"https:\/\/schema.org","@graph":[{"@type":"WebPage","@id":"https:\/\/saumaustarvike.fi\/verkkokauppa\/kauppa\/tuotemerkit\/scott-safety-tuotemerkit\/scott-maskit-ja-naamarit\/scott-promask-fm3-halobutyylikumi-kokonaamari\/","url":"https:\/\/saumaustarvike.fi\/verkkokauppa\/kauppa\/tuotemerkit\/scott-safety-tuotemerkit\/scott-maskit-ja-naamarit\/scott-promask-fm3-halobutyylikumi-kokonaamari\/","name":"Scott Promask FM3 halobutyylikumi, kokonaamari - Saumaustarvike.fi","isPartOf":{"@id":"https:\/\/saumaustarvike.fi\/verkkokauppa\/#website"},"primaryImageOfPage":{"@id":"https:\/\/saumaustarvike.fi\/verkkokauppa\/kauppa\/tuotemerkit\/scott-safety-tuotemerkit\/scott-maskit-ja-naamarit\/scott-promask-fm3-halobutyylikumi-kokonaamari\/#primaryimage"},"image":{"@id":"https:\/\/saumaustarvike.fi\/verkkokauppa\/kauppa\/tuotemerkit\/scott-safety-tuotemerkit\/scott-maskit-ja-naamarit\/scott-promask-fm3-halobutyylikumi-kokonaamari\/#primaryimage"},"thumbnailUrl":"https:\/\/saumaustarvike.fi\/verkkokauppa\/wp-content\/uploads\/2016\/06\/Scott-FM3-halobutyylikumi-Kokonaamari.jpg","datePublished":"2016-06-27T17:55:25+00:00","dateModified":"2024-09-06T10:34:43+00:00","breadcrumb":{"@id":"https:\/\/saumaustarvike.fi\/verkkokauppa\/kauppa\/tuotemerkit\/scott-safety-tuotemerkit\/scott-maskit-ja-naamarit\/scott-promask-fm3-halobutyylikumi-kokonaamari\/#breadcrumb"},"inLanguage":"fi","potentialAction":[{"@type":"ReadAction","target":["https:\/\/saumaustarvike.fi\/verkkokauppa\/kauppa\/tuotemerkit\/scott-safety-tuotemerkit\/scott-maskit-ja-naamarit\/scott-promask-fm3-halobutyylikumi-kokonaamari\/"]}]},{"@type":"ImageObject","inLanguage":"fi","@id":"https:\/\/saumaustarvike.fi\/verkkokauppa\/kauppa\/tuotemerkit\/scott-safety-tuotemerkit\/scott-maskit-ja-naamarit\/scott-promask-fm3-halobutyylikumi-kokonaamari\/#primaryimage","url":"https:\/\/saumaustarvike.fi\/verkkokauppa\/wp-content\/uploads\/2016\/06\/Scott-FM3-halobutyylikumi-Kokonaamari.jpg","contentUrl":"https:\/\/saumaustarvike.fi\/verkkokauppa\/wp-content\/uploads\/2016\/06\/Scott-FM3-halobutyylikumi-Kokonaamari.jpg","width":600,"height":600},{"@type":"BreadcrumbList","@id":"https:\/\/saumaustarvike.fi\/verkkokauppa\/kauppa\/tuotemerkit\/scott-safety-tuotemerkit\/scott-maskit-ja-naamarit\/scott-promask-fm3-halobutyylikumi-kokonaamari\/#breadcrumb","itemListElement":[{"@type":"ListItem","position":1,"name":"Home","item":"https:\/\/saumaustarvike.fi\/verkkokauppa\/"},{"@type":"ListItem","position":2,"name":"Saumausmassat, tarvikkeet ja ty\u00f6kalut","item":"https:\/\/saumaustarvike.fi\/verkkokauppa\/kauppa\/"},{"@type":"ListItem","position":3,"name":"Scott Promask FM3 halobutyylikumi, kokonaamari"}]},{"@type":"WebSite","@id":"https:\/\/saumaustarvike.fi\/verkkokauppa\/#website","url":"https:\/\/saumaustarvike.fi\/verkkokauppa\/","name":"Saumaustarvike.fi","description":"Saumausmassat, tarvikkeet ja ty&ouml;kalut","publisher":{"@id":"https:\/\/saumaustarvike.fi\/verkkokauppa\/#organization"},"potentialAction":[{"@type":"SearchAction","target":{"@type":"EntryPoint","urlTemplate":"https:\/\/saumaustarvike.fi\/verkkokauppa\/?s={search_term_string}"},"query-input":{"@type":"PropertyValueSpecification","valueRequired":true,"valueName":"search_term_string"}}],"inLanguage":"fi"},{"@type":"Organization","@id":"https:\/\/saumaustarvike.fi\/verkkokauppa\/#organization","name":"Saumaustarvike.fi","url":"https:\/\/saumaustarvike.fi\/verkkokauppa\/","logo":{"@type":"ImageObject","inLanguage":"fi","@id":"https:\/\/saumaustarvike.fi\/verkkokauppa\/#\/schema\/logo\/image\/","url":"https:\/\/saumaustarvike.fi\/verkkokauppa\/wp-content\/uploads\/2019\/02\/logo.png","contentUrl":"https:\/\/saumaustarvike.fi\/verkkokauppa\/wp-content\/uploads\/2019\/02\/logo.png","width":806,"height":150,"caption":"Saumaustarvike.fi"},"image":{"@id":"https:\/\/saumaustarvike.fi\/verkkokauppa\/#\/schema\/logo\/image\/"},"sameAs":["https:\/\/www.facebook.com\/Saumalaakso"]}]}},"jetpack_sharing_enabled":true,"_links":{"self":[{"href":"https:\/\/saumaustarvike.fi\/verkkokauppa\/wp-json\/wp\/v2\/product\/9098","targetHints":{"allow":["GET"]}}],"collection":[{"href":"https:\/\/saumaustarvike.fi\/verkkokauppa\/wp-json\/wp\/v2\/product"}],"about":[{"href":"https:\/\/saumaustarvike.fi\/verkkokauppa\/wp-json\/wp\/v2\/types\/product"}],"replies":[{"embeddable":true,"href":"https:\/\/saumaustarvike.fi\/verkkokauppa\/wp-json\/wp\/v2\/comments?post=9098"}],"wp:featuredmedia":[{"embeddable":true,"href":"https:\/\/saumaustarvike.fi\/verkkokauppa\/wp-json\/wp\/v2\/media\/9099"}],"wp:attachment":[{"href":"https:\/\/saumaustarvike.fi\/verkkokauppa\/wp-json\/wp\/v2\/media?parent=9098"}],"wp:term":[{"taxonomy":"product_cat","embeddable":true,"href":"https:\/\/saumaustarvike.fi\/verkkokauppa\/wp-json\/wp\/v2\/product_cat?post=9098"},{"taxonomy":"product_tag","embeddable":true,"href":"https:\/\/saumaustarvike.fi\/verkkokauppa\/wp-json\/wp\/v2\/product_tag?post=9098"}],"curies":[{"name":"wp","href":"https:\/\/api.w.org\/{rel}","templated":true}]}}