{"id":9205,"date":"2016-07-22T15:44:11","date_gmt":"2016-07-22T12:44:11","guid":{"rendered":"https:\/\/saumaustarvike.fi\/verkkokauppa\/kauppa\/cleanerit-primerit\/sokeva-benac-50-pintasuoja\/"},"modified":"2025-07-12T19:55:53","modified_gmt":"2025-07-12T16:55:53","slug":"sokeva-benac-50-pintasuoja","status":"publish","type":"product","link":"https:\/\/saumaustarvike.fi\/verkkokauppa\/kauppa\/tuotemerkit\/sokeva-tuotemerkit\/sokeva-biocomb-ja-benac\/sokeva-benac-50-pintasuoja\/","title":{"rendered":"Sokeva Benac 50"},"content":{"rendered":"<h1>Sokeva Benac 50<\/h1>\n<p>Benac 50 on pinnalla toimiva tuho- ja torjunta-aine lev\u00e4\u00e4, s\u00e4de-, lattiasienikasvustoa ja muita mikrobikasvustoja vastaan.<\/p>\n<p>Teollisuus- ja ammattik\u00e4ytt\u00f6\u00f6n.<\/p>\n<h2>K\u00e4ytt\u00f6kohteet<\/h2>\n<p>Benac 50 poistaa tehokkaasti kasvustoja ja antaa pitk\u00e4aikaisen suojan uutta kasvustoa vastaan, pintamateriaaleja vahingoittamatta. Benac 50 on laimennettava geelim\u00e4inen liuos, joka koostuu kvart\u00e4\u00e4riammonium-yhdisteist\u00e4 ja toimii eritt\u00e4in tehokkaasti mikro-organismeja vastaan. Benac 50 k\u00e4ytet\u00e4\u00e4n kasvustojen torjuntaan rakennuksille ja rakennusmateriaaleille. Se sopii muuraustuotteiden, komposiittimateriaalien ja muiden rakennusmateriaalien, puuta lukuun ottamatta, s\u00e4ilytt\u00e4miseen torjumalla mikrobiologista tai levien aiheuttamaa pilaantumista.<\/p>\n<h2>K\u00e4ytt\u00f6<\/h2>\n<p>Benac 50 laimennetaan rakennusten suojak\u00e4sittelyyn kattopinnoilla 1:24, sein\u00e4pinnoilla 1:15. Kosteusvauriokohdek\u00e4sittelyiss\u00e4 (home, s\u00e4de ja lattiasieni) Benac 50 laimennetaan veteen 1:2 Benac 50 matalapaineruiskuk\u00e4sittely vaatii kokokasvosuojan k\u00e4ytt\u00f6\u00e4, sek\u00e4 ymp\u00e4r\u00f6ivien pintojen ja huonekalujen suojaamisen muovilla. Kaikissa k\u00e4sittelyvaiheessa tulisi k\u00e4ytt\u00e4\u00e4 asianmukaista suojavaatetusta, suojak\u00e4sineit\u00e4 ja suojalaseja. Benac 50 aine poistetaan vaatteista ja ty\u00f6v\u00e4lineist\u00e4 saippualla ja vedell\u00e4. Kovat materiaalit, kuten laatat tai maalatut pinnat, huuhdellaan puhtaalla vedell\u00e4.<\/p>\n<p>Benac50 k\u00e4ytt\u00f6turvallisuustiedote antaa yksityiskohtaiset tiedot turvallisuustoimenpiteist\u00e4.<\/p>\n<h2>Pakkaus ja mennekki<\/h2>\n<p>Benac 50 &#8211; 5L: (1 purkilla k\u00e4sittelee n.570m\u00b2)<br \/>\nBenac 50 &#8211; 25L: (1 purkilla k\u00e4sittelee n. 3000-3600 m\u00b2)<\/p>\n","protected":false},"excerpt":{"rendered":"<p>Benac 50 on pinnalla toimiva tuho- ja torjunta-aine lev\u00e4\u00e4, s\u00e4de-, lattiasienikasvustoa ja muita mikrobikasvustoja vastaan.<\/p>\n","protected":false},"featured_media":12575,"comment_status":"open","ping_status":"closed","template":"","meta":{"_acf_changed":false},"product_cat":[2154,1546,1559,1560],"product_tag":[1140,1136,1139,848,851,849,850,1137,847,852,1138,845,853],"class_list":{"0":"post-9205","1":"product","2":"type-product","3":"status-publish","4":"has-post-thumbnail","6":"product_brand-sokeva","7":"product_cat-sokeva-biocomb-ja-benac","8":"product_cat-cleanerit-primerit-puhdistusaineet-viimeistelyaineet","9":"product_cat-julkisivu-ja-seinien-huolto-puhdistus-ja-kunnostus","10":"product_cat-kattotuotteet","11":"product_tag-bakteeri","12":"product_tag-benac","13":"product_tag-benac-50","14":"product_tag-home","15":"product_tag-jakala","16":"product_tag-leva","17":"product_tag-mikrobi","18":"product_tag-mustuma","19":"product_tag-puhdas-katto","20":"product_tag-sieni","21":"product_tag-sinistyma","22":"product_tag-sokeva","23":"product_tag-suoja-aine","24":"product_shipping_class-vak","25":"pa_maara-25l","26":"pa_maara-5l","28":"first","29":"onbackorder","30":"taxable","31":"shipping-taxable","32":"purchasable","33":"product-type-variable"},"acf":[],"yoast_head":"<!-- This site is optimized with the Yoast SEO plugin v27.5 - https:\/\/yoast.com\/product\/yoast-seo-wordpress\/ -->\n<title>Sokeva Benac 50 - Saumaustarvike.fi<\/title>\n<meta name=\"robots\" content=\"index, follow, max-snippet:-1, max-image-preview:large, max-video-preview:-1\" \/>\n<link rel=\"canonical\" href=\"https:\/\/saumaustarvike.fi\/verkkokauppa\/kauppa\/tuotemerkit\/sokeva-tuotemerkit\/sokeva-biocomb-ja-benac\/sokeva-benac-50-pintasuoja\/\" \/>\n<meta property=\"og:locale\" content=\"fi_FI\" \/>\n<meta property=\"og:type\" content=\"article\" \/>\n<meta property=\"og:title\" content=\"Sokeva Benac 50 - Saumaustarvike.fi\" \/>\n<meta property=\"og:description\" content=\"Benac 50 on pinnalla toimiva tuho- ja torjunta-aine lev\u00e4\u00e4, s\u00e4de-, lattiasienikasvustoa ja muita mikrobikasvustoja vastaan.\" \/>\n<meta property=\"og:url\" content=\"https:\/\/saumaustarvike.fi\/verkkokauppa\/kauppa\/tuotemerkit\/sokeva-tuotemerkit\/sokeva-biocomb-ja-benac\/sokeva-benac-50-pintasuoja\/\" \/>\n<meta property=\"og:site_name\" content=\"Saumaustarvike.fi\" \/>\n<meta property=\"article:publisher\" content=\"https:\/\/www.facebook.com\/Saumalaakso\" \/>\n<meta property=\"article:modified_time\" content=\"2025-07-12T16:55:53+00:00\" \/>\n<meta property=\"og:image\" content=\"https:\/\/saumaustarvike.fi\/verkkokauppa\/content\/uploads\/2016\/07\/Benac-50_25L-1000x1000.jpg\" \/>\n\t<meta property=\"og:image:width\" content=\"1000\" \/>\n\t<meta property=\"og:image:height\" content=\"1000\" \/>\n\t<meta property=\"og:image:type\" content=\"image\/jpeg\" \/>\n<meta name=\"twitter:label1\" content=\"Arvioitu lukuaika\" \/>\n\t<meta name=\"twitter:data1\" content=\"2 minuuttia\" \/>\n<script type=\"application\/ld+json\" class=\"yoast-schema-graph\">{\"@context\":\"https:\\\/\\\/schema.org\",\"@graph\":[{\"@type\":\"WebPage\",\"@id\":\"https:\\\/\\\/saumaustarvike.fi\\\/verkkokauppa\\\/kauppa\\\/tuotemerkit\\\/sokeva-tuotemerkit\\\/sokeva-biocomb-ja-benac\\\/sokeva-benac-50-pintasuoja\\\/\",\"url\":\"https:\\\/\\\/saumaustarvike.fi\\\/verkkokauppa\\\/kauppa\\\/tuotemerkit\\\/sokeva-tuotemerkit\\\/sokeva-biocomb-ja-benac\\\/sokeva-benac-50-pintasuoja\\\/\",\"name\":\"Sokeva Benac 50 - Saumaustarvike.fi\",\"isPartOf\":{\"@id\":\"https:\\\/\\\/saumaustarvike.fi\\\/verkkokauppa\\\/#website\"},\"primaryImageOfPage\":{\"@id\":\"https:\\\/\\\/saumaustarvike.fi\\\/verkkokauppa\\\/kauppa\\\/tuotemerkit\\\/sokeva-tuotemerkit\\\/sokeva-biocomb-ja-benac\\\/sokeva-benac-50-pintasuoja\\\/#primaryimage\"},\"image\":{\"@id\":\"https:\\\/\\\/saumaustarvike.fi\\\/verkkokauppa\\\/kauppa\\\/tuotemerkit\\\/sokeva-tuotemerkit\\\/sokeva-biocomb-ja-benac\\\/sokeva-benac-50-pintasuoja\\\/#primaryimage\"},\"thumbnailUrl\":\"https:\\\/\\\/saumaustarvike.fi\\\/verkkokauppa\\\/wp-content\\\/uploads\\\/2016\\\/07\\\/Benac-50_25L-1000x1000.jpg\",\"datePublished\":\"2016-07-22T12:44:11+00:00\",\"dateModified\":\"2025-07-12T16:55:53+00:00\",\"breadcrumb\":{\"@id\":\"https:\\\/\\\/saumaustarvike.fi\\\/verkkokauppa\\\/kauppa\\\/tuotemerkit\\\/sokeva-tuotemerkit\\\/sokeva-biocomb-ja-benac\\\/sokeva-benac-50-pintasuoja\\\/#breadcrumb\"},\"inLanguage\":\"fi\",\"potentialAction\":[{\"@type\":\"ReadAction\",\"target\":[\"https:\\\/\\\/saumaustarvike.fi\\\/verkkokauppa\\\/kauppa\\\/tuotemerkit\\\/sokeva-tuotemerkit\\\/sokeva-biocomb-ja-benac\\\/sokeva-benac-50-pintasuoja\\\/\"]}]},{\"@type\":\"ImageObject\",\"inLanguage\":\"fi\",\"@id\":\"https:\\\/\\\/saumaustarvike.fi\\\/verkkokauppa\\\/kauppa\\\/tuotemerkit\\\/sokeva-tuotemerkit\\\/sokeva-biocomb-ja-benac\\\/sokeva-benac-50-pintasuoja\\\/#primaryimage\",\"url\":\"https:\\\/\\\/saumaustarvike.fi\\\/verkkokauppa\\\/wp-content\\\/uploads\\\/2016\\\/07\\\/Benac-50_25L-1000x1000.jpg\",\"contentUrl\":\"https:\\\/\\\/saumaustarvike.fi\\\/verkkokauppa\\\/wp-content\\\/uploads\\\/2016\\\/07\\\/Benac-50_25L-1000x1000.jpg\",\"width\":1000,\"height\":1000},{\"@type\":\"BreadcrumbList\",\"@id\":\"https:\\\/\\\/saumaustarvike.fi\\\/verkkokauppa\\\/kauppa\\\/tuotemerkit\\\/sokeva-tuotemerkit\\\/sokeva-biocomb-ja-benac\\\/sokeva-benac-50-pintasuoja\\\/#breadcrumb\",\"itemListElement\":[{\"@type\":\"ListItem\",\"position\":1,\"name\":\"Home\",\"item\":\"https:\\\/\\\/saumaustarvike.fi\\\/verkkokauppa\\\/\"},{\"@type\":\"ListItem\",\"position\":2,\"name\":\"Saumausmassat, tarvikkeet ja ty\u00f6kalut\",\"item\":\"https:\\\/\\\/saumaustarvike.fi\\\/verkkokauppa\\\/kauppa\\\/\"},{\"@type\":\"ListItem\",\"position\":3,\"name\":\"Sokeva Benac 50\"}]},{\"@type\":\"WebSite\",\"@id\":\"https:\\\/\\\/saumaustarvike.fi\\\/verkkokauppa\\\/#website\",\"url\":\"https:\\\/\\\/saumaustarvike.fi\\\/verkkokauppa\\\/\",\"name\":\"Saumaustarvike.fi\",\"description\":\"Saumausmassat, tarvikkeet ja ty&ouml;kalut\",\"publisher\":{\"@id\":\"https:\\\/\\\/saumaustarvike.fi\\\/verkkokauppa\\\/#organization\"},\"potentialAction\":[{\"@type\":\"SearchAction\",\"target\":{\"@type\":\"EntryPoint\",\"urlTemplate\":\"https:\\\/\\\/saumaustarvike.fi\\\/verkkokauppa\\\/?s={search_term_string}\"},\"query-input\":{\"@type\":\"PropertyValueSpecification\",\"valueRequired\":true,\"valueName\":\"search_term_string\"}}],\"inLanguage\":\"fi\"},{\"@type\":\"Organization\",\"@id\":\"https:\\\/\\\/saumaustarvike.fi\\\/verkkokauppa\\\/#organization\",\"name\":\"Saumaustarvike.fi\",\"url\":\"https:\\\/\\\/saumaustarvike.fi\\\/verkkokauppa\\\/\",\"logo\":{\"@type\":\"ImageObject\",\"inLanguage\":\"fi\",\"@id\":\"https:\\\/\\\/saumaustarvike.fi\\\/verkkokauppa\\\/#\\\/schema\\\/logo\\\/image\\\/\",\"url\":\"https:\\\/\\\/saumaustarvike.fi\\\/verkkokauppa\\\/wp-content\\\/uploads\\\/2019\\\/02\\\/logo.png\",\"contentUrl\":\"https:\\\/\\\/saumaustarvike.fi\\\/verkkokauppa\\\/wp-content\\\/uploads\\\/2019\\\/02\\\/logo.png\",\"width\":806,\"height\":150,\"caption\":\"Saumaustarvike.fi\"},\"image\":{\"@id\":\"https:\\\/\\\/saumaustarvike.fi\\\/verkkokauppa\\\/#\\\/schema\\\/logo\\\/image\\\/\"},\"sameAs\":[\"https:\\\/\\\/www.facebook.com\\\/Saumalaakso\"]}]}<\/script>\n<!-- \/ Yoast SEO plugin. -->","yoast_head_json":{"title":"Sokeva Benac 50 - Saumaustarvike.fi","robots":{"index":"index","follow":"follow","max-snippet":"max-snippet:-1","max-image-preview":"max-image-preview:large","max-video-preview":"max-video-preview:-1"},"canonical":"https:\/\/saumaustarvike.fi\/verkkokauppa\/kauppa\/tuotemerkit\/sokeva-tuotemerkit\/sokeva-biocomb-ja-benac\/sokeva-benac-50-pintasuoja\/","og_locale":"fi_FI","og_type":"article","og_title":"Sokeva Benac 50 - Saumaustarvike.fi","og_description":"Benac 50 on pinnalla toimiva tuho- ja torjunta-aine lev\u00e4\u00e4, s\u00e4de-, lattiasienikasvustoa ja muita mikrobikasvustoja vastaan.","og_url":"https:\/\/saumaustarvike.fi\/verkkokauppa\/kauppa\/tuotemerkit\/sokeva-tuotemerkit\/sokeva-biocomb-ja-benac\/sokeva-benac-50-pintasuoja\/","og_site_name":"Saumaustarvike.fi","article_publisher":"https:\/\/www.facebook.com\/Saumalaakso","article_modified_time":"2025-07-12T16:55:53+00:00","og_image":[{"width":1000,"height":1000,"url":"https:\/\/saumaustarvike.fi\/verkkokauppa\/content\/uploads\/2016\/07\/Benac-50_25L-1000x1000.jpg","type":"image\/jpeg"}],"twitter_misc":{"Arvioitu lukuaika":"2 minuuttia"},"schema":{"@context":"https:\/\/schema.org","@graph":[{"@type":"WebPage","@id":"https:\/\/saumaustarvike.fi\/verkkokauppa\/kauppa\/tuotemerkit\/sokeva-tuotemerkit\/sokeva-biocomb-ja-benac\/sokeva-benac-50-pintasuoja\/","url":"https:\/\/saumaustarvike.fi\/verkkokauppa\/kauppa\/tuotemerkit\/sokeva-tuotemerkit\/sokeva-biocomb-ja-benac\/sokeva-benac-50-pintasuoja\/","name":"Sokeva Benac 50 - Saumaustarvike.fi","isPartOf":{"@id":"https:\/\/saumaustarvike.fi\/verkkokauppa\/#website"},"primaryImageOfPage":{"@id":"https:\/\/saumaustarvike.fi\/verkkokauppa\/kauppa\/tuotemerkit\/sokeva-tuotemerkit\/sokeva-biocomb-ja-benac\/sokeva-benac-50-pintasuoja\/#primaryimage"},"image":{"@id":"https:\/\/saumaustarvike.fi\/verkkokauppa\/kauppa\/tuotemerkit\/sokeva-tuotemerkit\/sokeva-biocomb-ja-benac\/sokeva-benac-50-pintasuoja\/#primaryimage"},"thumbnailUrl":"https:\/\/saumaustarvike.fi\/verkkokauppa\/wp-content\/uploads\/2016\/07\/Benac-50_25L-1000x1000.jpg","datePublished":"2016-07-22T12:44:11+00:00","dateModified":"2025-07-12T16:55:53+00:00","breadcrumb":{"@id":"https:\/\/saumaustarvike.fi\/verkkokauppa\/kauppa\/tuotemerkit\/sokeva-tuotemerkit\/sokeva-biocomb-ja-benac\/sokeva-benac-50-pintasuoja\/#breadcrumb"},"inLanguage":"fi","potentialAction":[{"@type":"ReadAction","target":["https:\/\/saumaustarvike.fi\/verkkokauppa\/kauppa\/tuotemerkit\/sokeva-tuotemerkit\/sokeva-biocomb-ja-benac\/sokeva-benac-50-pintasuoja\/"]}]},{"@type":"ImageObject","inLanguage":"fi","@id":"https:\/\/saumaustarvike.fi\/verkkokauppa\/kauppa\/tuotemerkit\/sokeva-tuotemerkit\/sokeva-biocomb-ja-benac\/sokeva-benac-50-pintasuoja\/#primaryimage","url":"https:\/\/saumaustarvike.fi\/verkkokauppa\/wp-content\/uploads\/2016\/07\/Benac-50_25L-1000x1000.jpg","contentUrl":"https:\/\/saumaustarvike.fi\/verkkokauppa\/wp-content\/uploads\/2016\/07\/Benac-50_25L-1000x1000.jpg","width":1000,"height":1000},{"@type":"BreadcrumbList","@id":"https:\/\/saumaustarvike.fi\/verkkokauppa\/kauppa\/tuotemerkit\/sokeva-tuotemerkit\/sokeva-biocomb-ja-benac\/sokeva-benac-50-pintasuoja\/#breadcrumb","itemListElement":[{"@type":"ListItem","position":1,"name":"Home","item":"https:\/\/saumaustarvike.fi\/verkkokauppa\/"},{"@type":"ListItem","position":2,"name":"Saumausmassat, tarvikkeet ja ty\u00f6kalut","item":"https:\/\/saumaustarvike.fi\/verkkokauppa\/kauppa\/"},{"@type":"ListItem","position":3,"name":"Sokeva Benac 50"}]},{"@type":"WebSite","@id":"https:\/\/saumaustarvike.fi\/verkkokauppa\/#website","url":"https:\/\/saumaustarvike.fi\/verkkokauppa\/","name":"Saumaustarvike.fi","description":"Saumausmassat, tarvikkeet ja ty&ouml;kalut","publisher":{"@id":"https:\/\/saumaustarvike.fi\/verkkokauppa\/#organization"},"potentialAction":[{"@type":"SearchAction","target":{"@type":"EntryPoint","urlTemplate":"https:\/\/saumaustarvike.fi\/verkkokauppa\/?s={search_term_string}"},"query-input":{"@type":"PropertyValueSpecification","valueRequired":true,"valueName":"search_term_string"}}],"inLanguage":"fi"},{"@type":"Organization","@id":"https:\/\/saumaustarvike.fi\/verkkokauppa\/#organization","name":"Saumaustarvike.fi","url":"https:\/\/saumaustarvike.fi\/verkkokauppa\/","logo":{"@type":"ImageObject","inLanguage":"fi","@id":"https:\/\/saumaustarvike.fi\/verkkokauppa\/#\/schema\/logo\/image\/","url":"https:\/\/saumaustarvike.fi\/verkkokauppa\/wp-content\/uploads\/2019\/02\/logo.png","contentUrl":"https:\/\/saumaustarvike.fi\/verkkokauppa\/wp-content\/uploads\/2019\/02\/logo.png","width":806,"height":150,"caption":"Saumaustarvike.fi"},"image":{"@id":"https:\/\/saumaustarvike.fi\/verkkokauppa\/#\/schema\/logo\/image\/"},"sameAs":["https:\/\/www.facebook.com\/Saumalaakso"]}]}},"jetpack_sharing_enabled":true,"_links":{"self":[{"href":"https:\/\/saumaustarvike.fi\/verkkokauppa\/wp-json\/wp\/v2\/product\/9205","targetHints":{"allow":["GET"]}}],"collection":[{"href":"https:\/\/saumaustarvike.fi\/verkkokauppa\/wp-json\/wp\/v2\/product"}],"about":[{"href":"https:\/\/saumaustarvike.fi\/verkkokauppa\/wp-json\/wp\/v2\/types\/product"}],"replies":[{"embeddable":true,"href":"https:\/\/saumaustarvike.fi\/verkkokauppa\/wp-json\/wp\/v2\/comments?post=9205"}],"wp:featuredmedia":[{"embeddable":true,"href":"https:\/\/saumaustarvike.fi\/verkkokauppa\/wp-json\/wp\/v2\/media\/12575"}],"wp:attachment":[{"href":"https:\/\/saumaustarvike.fi\/verkkokauppa\/wp-json\/wp\/v2\/media?parent=9205"}],"wp:term":[{"taxonomy":"product_cat","embeddable":true,"href":"https:\/\/saumaustarvike.fi\/verkkokauppa\/wp-json\/wp\/v2\/product_cat?post=9205"},{"taxonomy":"product_tag","embeddable":true,"href":"https:\/\/saumaustarvike.fi\/verkkokauppa\/wp-json\/wp\/v2\/product_tag?post=9205"}],"curies":[{"name":"wp","href":"https:\/\/api.w.org\/{rel}","templated":true}]}}